{"id":4220,"date":"2026-04-30T15:06:31","date_gmt":"2026-04-30T19:06:31","guid":{"rendered":"https:\/\/secutron.com\/?post_type=product&#038;p=4220"},"modified":"2026-04-30T15:07:14","modified_gmt":"2026-04-30T19:07:14","slug":"mgc-4050-sync-module","status":"publish","type":"product","link":"https:\/\/secutron.com\/fr\/products\/mgc-4050-sync-module\/","title":{"rendered":"MODULE DE SYNCHRONISATION MGC-4050"},"content":{"rendered":"<p>Le module de synchronisation MGC-4050 est utilis\u00e9 pour synchroniser les flashs stroboscopiques avec le motif du signal audio. Le m\u00eame protocole est utilis\u00e9 pour faire taire la sir\u00e8ne tout en maintenant les flashs stroboscopiques.<\/p>\n<h4>CARACT\u00c9RISTIQUES<\/h4>\n<ul>\n<li>Le module de synchronisation MGC-4050 est con\u00e7u pour \u00eatre utilis\u00e9 avec les appareils MGC NAC<\/li>\n<li>Le module peut synchroniser une (1) ligne NAC de classe A ou deux (2) lignes NAC de classe B sans n\u00e9cessiter de programmation.<\/li>\n<li>Prend en charge la fonction d'alarme \u00e0 deux niveaux de \u201c Alerte \u201d et \u201c \u00c9vacuation \u201d<\/li>\n<li>Ce module de synchronisation est \u00e0 s\u00e9curit\u00e9 int\u00e9gr\u00e9e et alimente par d\u00e9faut la ligne NAC par l'interm\u00e9diaire d'un relais.<\/li>\n<li>Le MGC-4050 dispose d'une entr\u00e9e\/sortie de synchronisation isol\u00e9e qui permet de relier jusqu'\u00e0 20 modules ensemble.<\/li>\n<li>Se monte dans un bo\u00eetier \u00e9lectrique standard de 4\" carr\u00e9 ou double.<\/li>\n<li>Plage de temp\u00e9rature de 32\u00baF \u00e0 120\u00baF (0\u00baC \u00e0 49\u00baC)<\/li>\n<\/ul>\n<h4>B\u00c9N\u00c9FICES<\/h4>\n<ul>\n<li>Le module Sync ne consomme pas d'\u00e9nergie en veille.<\/li>\n<li>Ne n\u00e9cessite pas d'adressage<\/li>\n<li>Une LED int\u00e9gr\u00e9e indique l'activation et le statut ma\u00eetre\/esclave<\/li>\n<li>Le module Sync est compatible avec tous les panneaux et alimentations homologu\u00e9s UL\/ULC capables de fournir une tension r\u00e9gul\u00e9e de 24VDC ou FWR pour les CNA.<\/li>\n<li>Les appareils MGC-4050 interconnect\u00e9s se synchronisent automatiquement sans avoir besoin de programmation ou de r\u00e9glage par cavalier.<\/li>\n<\/ul>\n<h4>APPAREILS COMPATIBLES<\/h4>\n<ul>\n<li>S\u00e9rie MGC FH-400<br \/>\n- Cornes<br \/>\n- Stroboscopes<\/li>\n<li>Stroboscopes \u00e0 cornes de la s\u00e9rie FHS-400 de MGC<\/li>\n<li>S\u00e9rie MGC SPPS<br \/>\n- Intervenants<br \/>\n- Stroboscopes \u00e0 haut-parleur<\/li>\n<\/ul>\n<h4>LISTES D'AGENCES<\/h4>\n<p>&nbsp;<\/p>\n<p><img decoding=\"async\" src=\"https:\/\/mircom.com\/wp-content\/uploads\/products\/ul.jpg\" \/> <img decoding=\"async\" src=\"https:\/\/mircom.com\/wp-content\/uploads\/products\/ulc.jpg\" \/><img decoding=\"async\" class=\"alignnone wp-image-12557\" src=\"https:\/\/mircom.com\/wp-content\/uploads\/csfm-1.jpg\" alt=\"\" width=\"120\" height=\"90\" \/><\/p>","protected":false},"excerpt":{"rendered":"<p>Le module de synchronisation MGC-4050 est con\u00e7u pour synchroniser les appareils de notification MGC. Le module peut \u00eatre utilis\u00e9 pour synchroniser les flashs stroboscopiques avec le sch\u00e9ma du signal audio. Le m\u00eame protocole est utilis\u00e9 pour faire taire la sir\u00e8ne tout en maintenant les flashs stroboscopiques.<\/p>","protected":false},"featured_media":4225,"template":"","meta":{"_acf_changed":false,"om_disable_all_campaigns":false,"_monsterinsights_skip_tracking":false,"_monsterinsights_sitenote_active":false,"_monsterinsights_sitenote_note":"","_monsterinsights_sitenote_category":0,"footnotes":""},"product_brand":[],"product_cat":[44],"product_tag":[],"class_list":{"0":"post-4220","1":"product","2":"type-product","3":"status-publish","4":"has-post-thumbnail","6":"product_cat-notification-appliances","8":"first","9":"instock","10":"shipping-taxable","11":"product-type-simple"},"acf":[],"yoast_head":"<!-- This site is optimized with the Yoast SEO plugin v27.5 - https:\/\/yoast.com\/product\/yoast-seo-wordpress\/ -->\n<title>MGC-4050 SYNC MODULE - Secutron<\/title>\n<meta name=\"robots\" content=\"index, follow, max-snippet:-1, max-image-preview:large, max-video-preview:-1\" \/>\n<link rel=\"canonical\" href=\"https:\/\/secutron.com\/fr\/products\/mgc-4050-sync-module\/\" \/>\n<meta property=\"og:locale\" content=\"fr_CA\" \/>\n<meta property=\"og:type\" content=\"article\" \/>\n<meta property=\"og:title\" content=\"MGC-4050 SYNC MODULE - Secutron\" \/>\n<meta property=\"og:description\" content=\"The MGC-4050 Sync Module is designed to synchronize the MGC notification devices. The module can be used to synchronize the strobe flashes with the audio signal pattern. The same protocol is used to silence the horn while maintaining the strobe flashes.\" \/>\n<meta property=\"og:url\" content=\"https:\/\/secutron.com\/fr\/products\/mgc-4050-sync-module\/\" \/>\n<meta property=\"og:site_name\" content=\"Secutron\" \/>\n<meta property=\"article:modified_time\" content=\"2026-04-30T19:07:14+00:00\" \/>\n<meta property=\"og:image\" content=\"https:\/\/secutron.com\/wp-content\/uploads\/products\/MGC-4050.png\" \/>\n\t<meta property=\"og:image:width\" content=\"561\" \/>\n\t<meta property=\"og:image:height\" content=\"526\" \/>\n\t<meta property=\"og:image:type\" content=\"image\/png\" \/>\n<meta name=\"twitter:card\" content=\"summary_large_image\" \/>\n<meta name=\"twitter:label1\" content=\"Estimation du temps de lecture\" \/>\n\t<meta name=\"twitter:data1\" content=\"2 minutes\" \/>\n<script type=\"application\/ld+json\" class=\"yoast-schema-graph\">{\"@context\":\"https:\\\/\\\/schema.org\",\"@graph\":[{\"@type\":\"WebPage\",\"@id\":\"https:\\\/\\\/secutron.com\\\/products\\\/mgc-4050-sync-module\\\/\",\"url\":\"https:\\\/\\\/secutron.com\\\/products\\\/mgc-4050-sync-module\\\/\",\"name\":\"MGC-4050 SYNC MODULE - Secutron\",\"isPartOf\":{\"@id\":\"https:\\\/\\\/secutron.com\\\/#website\"},\"primaryImageOfPage\":{\"@id\":\"https:\\\/\\\/secutron.com\\\/products\\\/mgc-4050-sync-module\\\/#primaryimage\"},\"image\":{\"@id\":\"https:\\\/\\\/secutron.com\\\/products\\\/mgc-4050-sync-module\\\/#primaryimage\"},\"thumbnailUrl\":\"https:\\\/\\\/secutron.com\\\/wp-content\\\/uploads\\\/products\\\/MGC-4050.png\",\"datePublished\":\"2026-04-30T19:06:31+00:00\",\"dateModified\":\"2026-04-30T19:07:14+00:00\",\"breadcrumb\":{\"@id\":\"https:\\\/\\\/secutron.com\\\/products\\\/mgc-4050-sync-module\\\/#breadcrumb\"},\"inLanguage\":\"fr-CA\",\"potentialAction\":[{\"@type\":\"ReadAction\",\"target\":[\"https:\\\/\\\/secutron.com\\\/products\\\/mgc-4050-sync-module\\\/\"]}]},{\"@type\":\"ImageObject\",\"inLanguage\":\"fr-CA\",\"@id\":\"https:\\\/\\\/secutron.com\\\/products\\\/mgc-4050-sync-module\\\/#primaryimage\",\"url\":\"https:\\\/\\\/secutron.com\\\/wp-content\\\/uploads\\\/products\\\/MGC-4050.png\",\"contentUrl\":\"https:\\\/\\\/secutron.com\\\/wp-content\\\/uploads\\\/products\\\/MGC-4050.png\",\"width\":561,\"height\":526},{\"@type\":\"BreadcrumbList\",\"@id\":\"https:\\\/\\\/secutron.com\\\/products\\\/mgc-4050-sync-module\\\/#breadcrumb\",\"itemListElement\":[{\"@type\":\"ListItem\",\"position\":1,\"name\":\"Home\",\"item\":\"https:\\\/\\\/secutron.com\\\/\"},{\"@type\":\"ListItem\",\"position\":2,\"name\":\"Shop\",\"item\":\"https:\\\/\\\/secutron.com\\\/shop\\\/\"},{\"@type\":\"ListItem\",\"position\":3,\"name\":\"MGC-4050 SYNC MODULE\"}]},{\"@type\":\"WebSite\",\"@id\":\"https:\\\/\\\/secutron.com\\\/#website\",\"url\":\"https:\\\/\\\/secutron.com\\\/\",\"name\":\"Secutron\",\"description\":\"\",\"potentialAction\":[{\"@type\":\"SearchAction\",\"target\":{\"@type\":\"EntryPoint\",\"urlTemplate\":\"https:\\\/\\\/secutron.com\\\/?s={search_term_string}\"},\"query-input\":{\"@type\":\"PropertyValueSpecification\",\"valueRequired\":true,\"valueName\":\"search_term_string\"}}],\"inLanguage\":\"fr-CA\"}]}<\/script>\n<!-- \/ Yoast SEO plugin. -->","yoast_head_json":{"title":"MGC-4050 SYNC MODULE - Secutron","robots":{"index":"index","follow":"follow","max-snippet":"max-snippet:-1","max-image-preview":"max-image-preview:large","max-video-preview":"max-video-preview:-1"},"canonical":"https:\/\/secutron.com\/fr\/products\/mgc-4050-sync-module\/","og_locale":"fr_CA","og_type":"article","og_title":"MGC-4050 SYNC MODULE - Secutron","og_description":"The MGC-4050 Sync Module is designed to synchronize the MGC notification devices. The module can be used to synchronize the strobe flashes with the audio signal pattern. The same protocol is used to silence the horn while maintaining the strobe flashes.","og_url":"https:\/\/secutron.com\/fr\/products\/mgc-4050-sync-module\/","og_site_name":"Secutron","article_modified_time":"2026-04-30T19:07:14+00:00","og_image":[{"width":561,"height":526,"url":"https:\/\/secutron.com\/wp-content\/uploads\/products\/MGC-4050.png","type":"image\/png"}],"twitter_card":"summary_large_image","twitter_misc":{"Estimation du temps de lecture":"2 minutes"},"schema":{"@context":"https:\/\/schema.org","@graph":[{"@type":"WebPage","@id":"https:\/\/secutron.com\/products\/mgc-4050-sync-module\/","url":"https:\/\/secutron.com\/products\/mgc-4050-sync-module\/","name":"MGC-4050 SYNC MODULE - Secutron","isPartOf":{"@id":"https:\/\/secutron.com\/#website"},"primaryImageOfPage":{"@id":"https:\/\/secutron.com\/products\/mgc-4050-sync-module\/#primaryimage"},"image":{"@id":"https:\/\/secutron.com\/products\/mgc-4050-sync-module\/#primaryimage"},"thumbnailUrl":"https:\/\/secutron.com\/wp-content\/uploads\/products\/MGC-4050.png","datePublished":"2026-04-30T19:06:31+00:00","dateModified":"2026-04-30T19:07:14+00:00","breadcrumb":{"@id":"https:\/\/secutron.com\/products\/mgc-4050-sync-module\/#breadcrumb"},"inLanguage":"fr-CA","potentialAction":[{"@type":"ReadAction","target":["https:\/\/secutron.com\/products\/mgc-4050-sync-module\/"]}]},{"@type":"ImageObject","inLanguage":"fr-CA","@id":"https:\/\/secutron.com\/products\/mgc-4050-sync-module\/#primaryimage","url":"https:\/\/secutron.com\/wp-content\/uploads\/products\/MGC-4050.png","contentUrl":"https:\/\/secutron.com\/wp-content\/uploads\/products\/MGC-4050.png","width":561,"height":526},{"@type":"BreadcrumbList","@id":"https:\/\/secutron.com\/products\/mgc-4050-sync-module\/#breadcrumb","itemListElement":[{"@type":"ListItem","position":1,"name":"Home","item":"https:\/\/secutron.com\/"},{"@type":"ListItem","position":2,"name":"Shop","item":"https:\/\/secutron.com\/shop\/"},{"@type":"ListItem","position":3,"name":"MGC-4050 SYNC MODULE"}]},{"@type":"WebSite","@id":"https:\/\/secutron.com\/#website","url":"https:\/\/secutron.com\/","name":"Secutron","description":"","potentialAction":[{"@type":"SearchAction","target":{"@type":"EntryPoint","urlTemplate":"https:\/\/secutron.com\/?s={search_term_string}"},"query-input":{"@type":"PropertyValueSpecification","valueRequired":true,"valueName":"search_term_string"}}],"inLanguage":"fr-CA"}]}},"_links":{"self":[{"href":"https:\/\/secutron.com\/fr\/wp-json\/wp\/v2\/product\/4220","targetHints":{"allow":["GET"]}}],"collection":[{"href":"https:\/\/secutron.com\/fr\/wp-json\/wp\/v2\/product"}],"about":[{"href":"https:\/\/secutron.com\/fr\/wp-json\/wp\/v2\/types\/product"}],"version-history":[{"count":1,"href":"https:\/\/secutron.com\/fr\/wp-json\/wp\/v2\/product\/4220\/revisions"}],"predecessor-version":[{"id":4226,"href":"https:\/\/secutron.com\/fr\/wp-json\/wp\/v2\/product\/4220\/revisions\/4226"}],"wp:featuredmedia":[{"embeddable":true,"href":"https:\/\/secutron.com\/fr\/wp-json\/wp\/v2\/media\/4225"}],"wp:attachment":[{"href":"https:\/\/secutron.com\/fr\/wp-json\/wp\/v2\/media?parent=4220"}],"wp:term":[{"taxonomy":"product_brand","embeddable":true,"href":"https:\/\/secutron.com\/fr\/wp-json\/wp\/v2\/product_brand?post=4220"},{"taxonomy":"product_cat","embeddable":true,"href":"https:\/\/secutron.com\/fr\/wp-json\/wp\/v2\/product_cat?post=4220"},{"taxonomy":"product_tag","embeddable":true,"href":"https:\/\/secutron.com\/fr\/wp-json\/wp\/v2\/product_tag?post=4220"}],"curies":[{"name":"wp","href":"https:\/\/api.w.org\/{rel}","templated":true}]}}