{"id":416,"date":"2019-06-10T15:18:49","date_gmt":"2019-06-10T15:18:49","guid":{"rendered":"http:\/\/dev.secutron.com\/?post_type=product&#038;p=416"},"modified":"2024-08-06T13:56:45","modified_gmt":"2024-08-06T17:56:45","slug":"mr-2320-series-releasing-control-unit","status":"publish","type":"product","link":"https:\/\/secutron.com\/fr\/products\/mr-2320-series-releasing-control-unit\/","title":{"rendered":"Unit\u00e9 de contr\u00f4le de lib\u00e9ration de la s\u00e9rie MR-2320"},"content":{"rendered":"<p>Le MR-2320 de Secutron est un panneau de contr\u00f4le \u00e0 double d\u00e9clenchement qui peut \u00eatre configur\u00e9 sur le terrain pour \u00eatre utilis\u00e9 sur les syst\u00e8mes d'arrosage \u00e0 d\u00e9luge, les syst\u00e8mes d'arrosage \u00e0 pr\u00e9action et les syst\u00e8mes de d\u00e9clenchement d'agent.<\/p>\n<p>Le MR-2320-R est \u00e9quip\u00e9 de six circuits de dispositif d'initiation de classe \"B\" et de quatre circuits de sortie de classe \"B\" d'une intensit\u00e9 maximale de 1,7 amp\u00e8re. (Des modules de conversion de classe A sont disponibles en option pour les circuits de dispositifs de d\u00e9clenchement et les circuits d'appareils de notification. En outre, le MR-2320-R prend en charge les relais internes et externes. Les relais peuvent \u00eatre configur\u00e9s pour des applications \u00e0 risque simple ou double.<\/p>\n<p>Le MR-2320-R est configurable sur le terrain pour trois types de fonctions de d\u00e9clenchement : d\u00e9luge, arroseurs \u00e0 pr\u00e9action et d\u00e9clenchement par agent. Le mode de fonctionnement est facilement configur\u00e9 en s\u00e9lectionnant l'un des 14 modes de fonctionnement pr\u00e9configur\u00e9s. Le processus de configuration simple s'effectue sur le panneau avant \u00e0 l'aide de l'outil de configuration CFG-300, ce qui \u00e9limine le besoin d'un ordinateur portable ou d'une programmation compliqu\u00e9e.<\/p>\n<p>Le MR-2320 est livr\u00e9 avec une porte rouge ou blanche, un bo\u00eetier noir, une serrure CAT-30 durable et une cl\u00e9, ainsi qu'un espace pour monter jusqu'\u00e0 12 batteries AH. Un anneau de finition est disponible en option pour un montage semi-encastr\u00e9.<\/p>\n<h3>Livr\u00e9 avec<\/h3>\n<ul>\n<li>6 diodes d'alarme bicolores et 6 diodes de d\u00e9rangement ambres<\/li>\n<li>4 circuits d'indication (1,7 A) Classe B (Style Y)<\/li>\n<li>Livr\u00e9 avec des interrupteurs de d\u00e9rivation<\/li>\n<li>Prise en charge des fonctions de d\u00e9luge, de pr\u00e9-action ou de rel\u00e2chement<\/li>\n<li>Prise en charge des annonces multiplex\u00e9es et des relais intelligents<\/li>\n<li>14 Modes pr\u00e9-configur\u00e9s<\/li>\n<li>Journaux d'alarme et d'\u00e9v\u00e9nements<\/li>\n<li>Alimentation \u00e9lectrique de 5 amp\u00e8res (signal et alimentation auxiliaire)<\/li>\n<li>Panneau frontal configurable<\/li>\n<li>Porte rouge et bo\u00eetier noir<\/li>\n<\/ul>\n<p><strong>Important :<\/strong>\u00a0CFG-300 requis pour la programmation.<\/p>","protected":false},"excerpt":{"rendered":"<p>Le MR-2320 de Secutron est un panneau de contr\u00f4le \u00e0 double d\u00e9clenchement qui peut \u00eatre configur\u00e9 sur le terrain pour \u00eatre utilis\u00e9 sur les syst\u00e8mes d'arrosage \u00e0 d\u00e9luge, les syst\u00e8mes d'arrosage \u00e0 pr\u00e9action et les syst\u00e8mes de d\u00e9clenchement d'agent.<\/p>\n<div id=\"productSalesCTA\">\n<div class=\"row\"><\/div>\n<\/div>","protected":false},"featured_media":538,"template":"","meta":{"_acf_changed":false,"om_disable_all_campaigns":false,"_monsterinsights_skip_tracking":false,"_monsterinsights_sitenote_active":false,"_monsterinsights_sitenote_note":"","_monsterinsights_sitenote_category":0,"footnotes":""},"product_brand":[],"product_cat":[50],"product_tag":[],"class_list":{"0":"post-416","1":"product","2":"type-product","3":"status-publish","4":"has-post-thumbnail","6":"product_cat-releasing-special-hazard-systems","8":"first","9":"instock","10":"shipping-taxable","11":"product-type-simple"},"acf":[],"yoast_head":"<!-- This site is optimized with the Yoast SEO plugin v27.5 - https:\/\/yoast.com\/product\/yoast-seo-wordpress\/ -->\n<title>MR-2320 Series Releasing Control Unit - Secutron<\/title>\n<meta name=\"description\" content=\"Explore the MR-2320-R control panel, featuring 6 Bi-colored Alarm LEDs, 14 pre-configured modes, and support for Deluge, Pre-action, and Agent Release\" \/>\n<meta name=\"robots\" content=\"index, follow, max-snippet:-1, max-image-preview:large, max-video-preview:-1\" \/>\n<link rel=\"canonical\" href=\"https:\/\/secutron.com\/fr\/products\/mr-2320-series-releasing-control-unit\/\" \/>\n<meta property=\"og:locale\" content=\"fr_CA\" \/>\n<meta property=\"og:type\" content=\"article\" \/>\n<meta property=\"og:title\" content=\"MR-2320 Series Releasing Control Unit - Secutron\" \/>\n<meta property=\"og:description\" content=\"Explore the MR-2320-R control panel, featuring 6 Bi-colored Alarm LEDs, 14 pre-configured modes, and support for Deluge, Pre-action, and Agent Release\" \/>\n<meta property=\"og:url\" content=\"https:\/\/secutron.com\/fr\/products\/mr-2320-series-releasing-control-unit\/\" \/>\n<meta property=\"og:site_name\" content=\"Secutron\" \/>\n<meta property=\"article:modified_time\" content=\"2024-08-06T17:56:45+00:00\" \/>\n<meta property=\"og:image\" content=\"https:\/\/secutron.com\/wp-content\/uploads\/products\/MR-2320-Series-Releasing-Control-Unit-secutron.jpg\" \/>\n\t<meta property=\"og:image:width\" content=\"900\" \/>\n\t<meta property=\"og:image:height\" content=\"900\" \/>\n\t<meta property=\"og:image:type\" content=\"image\/jpeg\" \/>\n<meta name=\"twitter:card\" content=\"summary_large_image\" \/>\n<meta name=\"twitter:label1\" content=\"Estimation du temps de lecture\" \/>\n\t<meta name=\"twitter:data1\" content=\"2 minutes\" \/>\n<script type=\"application\/ld+json\" class=\"yoast-schema-graph\">{\"@context\":\"https:\\\/\\\/schema.org\",\"@graph\":[{\"@type\":\"WebPage\",\"@id\":\"https:\\\/\\\/secutron.com\\\/products\\\/mr-2320-series-releasing-control-unit\\\/\",\"url\":\"https:\\\/\\\/secutron.com\\\/products\\\/mr-2320-series-releasing-control-unit\\\/\",\"name\":\"MR-2320 Series Releasing Control Unit - Secutron\",\"isPartOf\":{\"@id\":\"https:\\\/\\\/secutron.com\\\/#website\"},\"primaryImageOfPage\":{\"@id\":\"https:\\\/\\\/secutron.com\\\/products\\\/mr-2320-series-releasing-control-unit\\\/#primaryimage\"},\"image\":{\"@id\":\"https:\\\/\\\/secutron.com\\\/products\\\/mr-2320-series-releasing-control-unit\\\/#primaryimage\"},\"thumbnailUrl\":\"https:\\\/\\\/secutron.com\\\/wp-content\\\/uploads\\\/products\\\/MR-2320-Series-Releasing-Control-Unit-secutron.jpg\",\"datePublished\":\"2019-06-10T15:18:49+00:00\",\"dateModified\":\"2024-08-06T17:56:45+00:00\",\"description\":\"Explore the MR-2320-R control panel, featuring 6 Bi-colored Alarm LEDs, 14 pre-configured modes, and support for Deluge, Pre-action, and Agent Release\",\"breadcrumb\":{\"@id\":\"https:\\\/\\\/secutron.com\\\/products\\\/mr-2320-series-releasing-control-unit\\\/#breadcrumb\"},\"inLanguage\":\"fr-CA\",\"potentialAction\":[{\"@type\":\"ReadAction\",\"target\":[\"https:\\\/\\\/secutron.com\\\/products\\\/mr-2320-series-releasing-control-unit\\\/\"]}]},{\"@type\":\"ImageObject\",\"inLanguage\":\"fr-CA\",\"@id\":\"https:\\\/\\\/secutron.com\\\/products\\\/mr-2320-series-releasing-control-unit\\\/#primaryimage\",\"url\":\"https:\\\/\\\/secutron.com\\\/wp-content\\\/uploads\\\/products\\\/MR-2320-Series-Releasing-Control-Unit-secutron.jpg\",\"contentUrl\":\"https:\\\/\\\/secutron.com\\\/wp-content\\\/uploads\\\/products\\\/MR-2320-Series-Releasing-Control-Unit-secutron.jpg\",\"width\":\"900\",\"height\":\"900\",\"caption\":\"MR-2320-Series-Releasing-Control-Unit-secutron\"},{\"@type\":\"BreadcrumbList\",\"@id\":\"https:\\\/\\\/secutron.com\\\/products\\\/mr-2320-series-releasing-control-unit\\\/#breadcrumb\",\"itemListElement\":[{\"@type\":\"ListItem\",\"position\":1,\"name\":\"Home\",\"item\":\"https:\\\/\\\/secutron.com\\\/\"},{\"@type\":\"ListItem\",\"position\":2,\"name\":\"Shop\",\"item\":\"https:\\\/\\\/secutron.com\\\/shop\\\/\"},{\"@type\":\"ListItem\",\"position\":3,\"name\":\"MR-2320 Series Releasing Control Unit\"}]},{\"@type\":\"WebSite\",\"@id\":\"https:\\\/\\\/secutron.com\\\/#website\",\"url\":\"https:\\\/\\\/secutron.com\\\/\",\"name\":\"Secutron\",\"description\":\"\",\"potentialAction\":[{\"@type\":\"SearchAction\",\"target\":{\"@type\":\"EntryPoint\",\"urlTemplate\":\"https:\\\/\\\/secutron.com\\\/?s={search_term_string}\"},\"query-input\":{\"@type\":\"PropertyValueSpecification\",\"valueRequired\":true,\"valueName\":\"search_term_string\"}}],\"inLanguage\":\"fr-CA\"}]}<\/script>\n<!-- \/ Yoast SEO plugin. -->","yoast_head_json":{"title":"Unit\u00e9 de contr\u00f4le de lib\u00e9ration de la s\u00e9rie MR-2320 - Secutron","description":"D\u00e9couvrez le panneau de contr\u00f4le MR-2320-R, qui comprend 6 LED d'alarme bicolores, 14 modes pr\u00e9-configur\u00e9s et la prise en charge des fonctions de d\u00e9luge, de pr\u00e9-action et de lib\u00e9ration d'agents.","robots":{"index":"index","follow":"follow","max-snippet":"max-snippet:-1","max-image-preview":"max-image-preview:large","max-video-preview":"max-video-preview:-1"},"canonical":"https:\/\/secutron.com\/fr\/products\/mr-2320-series-releasing-control-unit\/","og_locale":"fr_CA","og_type":"article","og_title":"MR-2320 Series Releasing Control Unit - Secutron","og_description":"Explore the MR-2320-R control panel, featuring 6 Bi-colored Alarm LEDs, 14 pre-configured modes, and support for Deluge, Pre-action, and Agent Release","og_url":"https:\/\/secutron.com\/fr\/products\/mr-2320-series-releasing-control-unit\/","og_site_name":"Secutron","article_modified_time":"2024-08-06T17:56:45+00:00","og_image":[{"width":900,"height":900,"url":"https:\/\/secutron.com\/wp-content\/uploads\/products\/MR-2320-Series-Releasing-Control-Unit-secutron.jpg","type":"image\/jpeg"}],"twitter_card":"summary_large_image","twitter_misc":{"Estimation du temps de lecture":"2 minutes"},"schema":{"@context":"https:\/\/schema.org","@graph":[{"@type":"WebPage","@id":"https:\/\/secutron.com\/products\/mr-2320-series-releasing-control-unit\/","url":"https:\/\/secutron.com\/products\/mr-2320-series-releasing-control-unit\/","name":"Unit\u00e9 de contr\u00f4le de lib\u00e9ration de la s\u00e9rie MR-2320 - Secutron","isPartOf":{"@id":"https:\/\/secutron.com\/#website"},"primaryImageOfPage":{"@id":"https:\/\/secutron.com\/products\/mr-2320-series-releasing-control-unit\/#primaryimage"},"image":{"@id":"https:\/\/secutron.com\/products\/mr-2320-series-releasing-control-unit\/#primaryimage"},"thumbnailUrl":"https:\/\/secutron.com\/wp-content\/uploads\/products\/MR-2320-Series-Releasing-Control-Unit-secutron.jpg","datePublished":"2019-06-10T15:18:49+00:00","dateModified":"2024-08-06T17:56:45+00:00","description":"D\u00e9couvrez le panneau de contr\u00f4le MR-2320-R, qui comprend 6 LED d'alarme bicolores, 14 modes pr\u00e9-configur\u00e9s et la prise en charge des fonctions de d\u00e9luge, de pr\u00e9-action et de lib\u00e9ration d'agents.","breadcrumb":{"@id":"https:\/\/secutron.com\/products\/mr-2320-series-releasing-control-unit\/#breadcrumb"},"inLanguage":"fr-CA","potentialAction":[{"@type":"ReadAction","target":["https:\/\/secutron.com\/products\/mr-2320-series-releasing-control-unit\/"]}]},{"@type":"ImageObject","inLanguage":"fr-CA","@id":"https:\/\/secutron.com\/products\/mr-2320-series-releasing-control-unit\/#primaryimage","url":"https:\/\/secutron.com\/wp-content\/uploads\/products\/MR-2320-Series-Releasing-Control-Unit-secutron.jpg","contentUrl":"https:\/\/secutron.com\/wp-content\/uploads\/products\/MR-2320-Series-Releasing-Control-Unit-secutron.jpg","width":"900","height":"900","caption":"MR-2320-Series-Releasing-Control-Unit-secutron"},{"@type":"BreadcrumbList","@id":"https:\/\/secutron.com\/products\/mr-2320-series-releasing-control-unit\/#breadcrumb","itemListElement":[{"@type":"ListItem","position":1,"name":"Home","item":"https:\/\/secutron.com\/"},{"@type":"ListItem","position":2,"name":"Shop","item":"https:\/\/secutron.com\/shop\/"},{"@type":"ListItem","position":3,"name":"MR-2320 Series Releasing Control Unit"}]},{"@type":"WebSite","@id":"https:\/\/secutron.com\/#website","url":"https:\/\/secutron.com\/","name":"Secutron","description":"","potentialAction":[{"@type":"SearchAction","target":{"@type":"EntryPoint","urlTemplate":"https:\/\/secutron.com\/?s={search_term_string}"},"query-input":{"@type":"PropertyValueSpecification","valueRequired":true,"valueName":"search_term_string"}}],"inLanguage":"fr-CA"}]}},"_links":{"self":[{"href":"https:\/\/secutron.com\/fr\/wp-json\/wp\/v2\/product\/416","targetHints":{"allow":["GET"]}}],"collection":[{"href":"https:\/\/secutron.com\/fr\/wp-json\/wp\/v2\/product"}],"about":[{"href":"https:\/\/secutron.com\/fr\/wp-json\/wp\/v2\/types\/product"}],"version-history":[{"count":5,"href":"https:\/\/secutron.com\/fr\/wp-json\/wp\/v2\/product\/416\/revisions"}],"predecessor-version":[{"id":3073,"href":"https:\/\/secutron.com\/fr\/wp-json\/wp\/v2\/product\/416\/revisions\/3073"}],"wp:featuredmedia":[{"embeddable":true,"href":"https:\/\/secutron.com\/fr\/wp-json\/wp\/v2\/media\/538"}],"wp:attachment":[{"href":"https:\/\/secutron.com\/fr\/wp-json\/wp\/v2\/media?parent=416"}],"wp:term":[{"taxonomy":"product_brand","embeddable":true,"href":"https:\/\/secutron.com\/fr\/wp-json\/wp\/v2\/product_brand?post=416"},{"taxonomy":"product_cat","embeddable":true,"href":"https:\/\/secutron.com\/fr\/wp-json\/wp\/v2\/product_cat?post=416"},{"taxonomy":"product_tag","embeddable":true,"href":"https:\/\/secutron.com\/fr\/wp-json\/wp\/v2\/product_tag?post=416"}],"curies":[{"name":"wp","href":"https:\/\/api.w.org\/{rel}","templated":true}]}}