{"id":412,"date":"2019-06-10T15:12:56","date_gmt":"2019-06-10T19:12:56","guid":{"rendered":"http:\/\/dev.secutron.com\/?post_type=product&#038;p=412"},"modified":"2025-05-13T10:04:12","modified_gmt":"2025-05-13T14:04:12","slug":"mr-3500-series-system","status":"publish","type":"product","link":"https:\/\/secutron.com\/fr\/products\/mr-3500-series-system\/","title":{"rendered":"Syst\u00e8me de la s\u00e9rie MR-3500"},"content":{"rendered":"<p>Les syst\u00e8mes de la s\u00e9rie MR-3500 de Secutron sont\u00a0<strong>Unit\u00e9s de contr\u00f4le intelligentes et puissantes pour la lutte contre l'incendie et la lib\u00e9ration d'agents<\/strong>\u00a0qui sont\u00a0<strong>Homologu\u00e9 UL\/ULC<\/strong>\u00a0pour les services d'alarme incendie, y compris le service de lib\u00e9ration.<\/p>\n<p>La s\u00e9rie MR-3500 fournit jusqu'\u00e0 trois liaisons de communication de donn\u00e9es (DCL) \/ circuits de ligne de signalisation (SLC) intelligents qui\u00a0<strong>prendre en charge un nouveau protocole AP, plus rapide<\/strong>\u00a0et peut accueillir jusqu'\u00e0 954 dispositifs intelligents.<\/p>\n<p>En outre, la s\u00e9rie MR-3500 poss\u00e8de\u00a0<strong>compatibilit\u00e9 ascendante pour les dispositifs CLIP<\/strong>. Les syst\u00e8mes de la s\u00e9rie MR-3500 sont recommand\u00e9s pour les applications de d\u00e9tection d'incendie et\/ou de suppression d'agents sp\u00e9ciaux ou d'infrastructures critiques, qu'il s'agisse de nouvelles installations ou de r\u00e9novations.<\/p>\n<p>Capable de lib\u00e9rer jusqu'\u00e0 six zones de danger physique distinctes, le MR-3500\u00a0<strong>offre une valeur exceptionnelle pour les installations complexes<\/strong>.<\/p>\n<p>Gr\u00e2ce \u00e0 ses options de configuration \u00e9l\u00e9gantes par ordinateur portable sur site ou, lorsque l'ing\u00e9nieur en charge du dossier le demande, par PC \u00e0 distance via modem, le MR-3500\u00a0<strong>peut \u00eatre op\u00e9rationnel avec un temps d'installation minimal<\/strong>.<\/p>\n<p>En g\u00e9n\u00e9ral, ces environnements n\u00e9cessitent des solutions de suppression bas\u00e9es sur des agents, facilement g\u00e9r\u00e9es par l'unit\u00e9 de contr\u00f4le de d\u00e9clenchement intelligente et adressable MR-3500.<\/p>\n<p>LISTES D'AGENCES<\/p>\n<p><img decoding=\"async\" class=\"alignnone size-full wp-image-6947\" src=\"https:\/\/mircom.com\/wp-content\/uploads\/products\/ul.jpg\" alt=\"\" width=\"120\" height=\"90\" \/><img decoding=\"async\" class=\"alignnone size-full wp-image-6949\" src=\"https:\/\/mircom.com\/wp-content\/uploads\/products\/ulc.png\" alt=\"\" width=\"120\" height=\"90\" \/><img decoding=\"async\" class=\"alignnone size-full wp-image-6944\" src=\"https:\/\/mircom.com\/wp-content\/uploads\/products\/fm.jpg\" alt=\"\" width=\"120\" height=\"90\" \/>\u00a0<img loading=\"lazy\" decoding=\"async\" class=\"alignnone size-full wp-image-6941\" src=\"https:\/\/mircom.com\/wp-content\/uploads\/products\/csfm-1.jpg\" alt=\"\" width=\"120\" height=\"90\" \/><\/p>","protected":false},"excerpt":{"rendered":"<p>Les syst\u00e8mes de la s\u00e9rie MR-3500 de Secutron sont des panneaux de contr\u00f4le intelligents et puissants pour le d\u00e9clenchement des incendies et des agents, qui sont r\u00e9pertori\u00e9s UL\/ULC et approuv\u00e9s FM.<\/p>\n<div id=\"productSalesCTA\">\n<div class=\"row\"><\/div>\n<\/div>","protected":false},"featured_media":493,"template":"","meta":{"_acf_changed":false,"om_disable_all_campaigns":false,"_monsterinsights_skip_tracking":false,"_monsterinsights_sitenote_active":false,"_monsterinsights_sitenote_note":"","_monsterinsights_sitenote_category":0,"footnotes":""},"product_brand":[],"product_cat":[39],"product_tag":[],"class_list":{"0":"post-412","1":"product","2":"type-product","3":"status-publish","4":"has-post-thumbnail","6":"product_cat-addressable-fire-alarm-systems","8":"first","9":"instock","10":"shipping-taxable","11":"product-type-simple"},"acf":[],"yoast_head":"<!-- This site is optimized with the Yoast SEO plugin v27.4 - https:\/\/yoast.com\/product\/yoast-seo-wordpress\/ -->\n<title>MR-3500 Series System - Secutron<\/title>\n<meta name=\"description\" content=\"Discover the powerful and intelligent MR-3500 Series System by Secutron. UL\/ULC listed and FM Approved, they provide fire alarm and agent release services.\" \/>\n<meta name=\"robots\" content=\"index, follow, max-snippet:-1, max-image-preview:large, max-video-preview:-1\" \/>\n<link rel=\"canonical\" href=\"https:\/\/secutron.com\/fr\/products\/mr-3500-series-system\/\" \/>\n<meta property=\"og:locale\" content=\"fr_CA\" \/>\n<meta property=\"og:type\" content=\"article\" \/>\n<meta property=\"og:title\" content=\"MR-3500 Series System - Secutron\" \/>\n<meta property=\"og:description\" content=\"Discover the powerful and intelligent MR-3500 Series System by Secutron. UL\/ULC listed and FM Approved, they provide fire alarm and agent release services.\" \/>\n<meta property=\"og:url\" content=\"https:\/\/secutron.com\/fr\/products\/mr-3500-series-system\/\" \/>\n<meta property=\"og:site_name\" content=\"Secutron\" \/>\n<meta property=\"article:modified_time\" content=\"2025-05-13T14:04:12+00:00\" \/>\n<meta property=\"og:image\" content=\"https:\/\/secutron.com\/wp-content\/uploads\/products\/MR-3500-secutron.jpg\" \/>\n\t<meta property=\"og:image:width\" content=\"900\" \/>\n\t<meta property=\"og:image:height\" content=\"900\" \/>\n\t<meta property=\"og:image:type\" content=\"image\/jpeg\" \/>\n<meta name=\"twitter:card\" content=\"summary_large_image\" \/>\n<meta name=\"twitter:label1\" content=\"Estimation du temps de lecture\" \/>\n\t<meta name=\"twitter:data1\" content=\"2 minutes\" \/>\n<script type=\"application\/ld+json\" class=\"yoast-schema-graph\">{\"@context\":\"https:\\\/\\\/schema.org\",\"@graph\":[{\"@type\":\"WebPage\",\"@id\":\"https:\\\/\\\/secutron.com\\\/products\\\/mr-3500-series-system\\\/\",\"url\":\"https:\\\/\\\/secutron.com\\\/products\\\/mr-3500-series-system\\\/\",\"name\":\"MR-3500 Series System - Secutron\",\"isPartOf\":{\"@id\":\"https:\\\/\\\/secutron.com\\\/#website\"},\"primaryImageOfPage\":{\"@id\":\"https:\\\/\\\/secutron.com\\\/products\\\/mr-3500-series-system\\\/#primaryimage\"},\"image\":{\"@id\":\"https:\\\/\\\/secutron.com\\\/products\\\/mr-3500-series-system\\\/#primaryimage\"},\"thumbnailUrl\":\"https:\\\/\\\/secutron.com\\\/wp-content\\\/uploads\\\/products\\\/MR-3500-secutron.jpg\",\"datePublished\":\"2019-06-10T19:12:56+00:00\",\"dateModified\":\"2025-05-13T14:04:12+00:00\",\"description\":\"Discover the powerful and intelligent MR-3500 Series System by Secutron. UL\\\/ULC listed and FM Approved, they provide fire alarm and agent release services.\",\"breadcrumb\":{\"@id\":\"https:\\\/\\\/secutron.com\\\/products\\\/mr-3500-series-system\\\/#breadcrumb\"},\"inLanguage\":\"fr-CA\",\"potentialAction\":[{\"@type\":\"ReadAction\",\"target\":[\"https:\\\/\\\/secutron.com\\\/products\\\/mr-3500-series-system\\\/\"]}]},{\"@type\":\"ImageObject\",\"inLanguage\":\"fr-CA\",\"@id\":\"https:\\\/\\\/secutron.com\\\/products\\\/mr-3500-series-system\\\/#primaryimage\",\"url\":\"https:\\\/\\\/secutron.com\\\/wp-content\\\/uploads\\\/products\\\/MR-3500-secutron.jpg\",\"contentUrl\":\"https:\\\/\\\/secutron.com\\\/wp-content\\\/uploads\\\/products\\\/MR-3500-secutron.jpg\",\"width\":\"900\",\"height\":\"900\",\"caption\":\"MR-3500 Series System\"},{\"@type\":\"BreadcrumbList\",\"@id\":\"https:\\\/\\\/secutron.com\\\/products\\\/mr-3500-series-system\\\/#breadcrumb\",\"itemListElement\":[{\"@type\":\"ListItem\",\"position\":1,\"name\":\"Home\",\"item\":\"https:\\\/\\\/secutron.com\\\/\"},{\"@type\":\"ListItem\",\"position\":2,\"name\":\"Shop\",\"item\":\"https:\\\/\\\/secutron.com\\\/shop\\\/\"},{\"@type\":\"ListItem\",\"position\":3,\"name\":\"MR-3500 Series System\"}]},{\"@type\":\"WebSite\",\"@id\":\"https:\\\/\\\/secutron.com\\\/#website\",\"url\":\"https:\\\/\\\/secutron.com\\\/\",\"name\":\"Secutron\",\"description\":\"\",\"potentialAction\":[{\"@type\":\"SearchAction\",\"target\":{\"@type\":\"EntryPoint\",\"urlTemplate\":\"https:\\\/\\\/secutron.com\\\/?s={search_term_string}\"},\"query-input\":{\"@type\":\"PropertyValueSpecification\",\"valueRequired\":true,\"valueName\":\"search_term_string\"}}],\"inLanguage\":\"fr-CA\"}]}<\/script>\n<!-- \/ Yoast SEO plugin. -->","yoast_head_json":{"title":"Syst\u00e8me de la s\u00e9rie MR-3500 - Secutron","description":"D\u00e9couvrez le syst\u00e8me puissant et intelligent de la s\u00e9rie MR-3500 de Secutron. R\u00e9pertori\u00e9s UL\/ULC et approuv\u00e9s FM, ils fournissent des services d'alarme incendie et de lib\u00e9ration d'agents.","robots":{"index":"index","follow":"follow","max-snippet":"max-snippet:-1","max-image-preview":"max-image-preview:large","max-video-preview":"max-video-preview:-1"},"canonical":"https:\/\/secutron.com\/fr\/products\/mr-3500-series-system\/","og_locale":"fr_CA","og_type":"article","og_title":"MR-3500 Series System - Secutron","og_description":"Discover the powerful and intelligent MR-3500 Series System by Secutron. UL\/ULC listed and FM Approved, they provide fire alarm and agent release services.","og_url":"https:\/\/secutron.com\/fr\/products\/mr-3500-series-system\/","og_site_name":"Secutron","article_modified_time":"2025-05-13T14:04:12+00:00","og_image":[{"width":900,"height":900,"url":"https:\/\/secutron.com\/wp-content\/uploads\/products\/MR-3500-secutron.jpg","type":"image\/jpeg"}],"twitter_card":"summary_large_image","twitter_misc":{"Estimation du temps de lecture":"2 minutes"},"schema":{"@context":"https:\/\/schema.org","@graph":[{"@type":"WebPage","@id":"https:\/\/secutron.com\/products\/mr-3500-series-system\/","url":"https:\/\/secutron.com\/products\/mr-3500-series-system\/","name":"Syst\u00e8me de la s\u00e9rie MR-3500 - Secutron","isPartOf":{"@id":"https:\/\/secutron.com\/#website"},"primaryImageOfPage":{"@id":"https:\/\/secutron.com\/products\/mr-3500-series-system\/#primaryimage"},"image":{"@id":"https:\/\/secutron.com\/products\/mr-3500-series-system\/#primaryimage"},"thumbnailUrl":"https:\/\/secutron.com\/wp-content\/uploads\/products\/MR-3500-secutron.jpg","datePublished":"2019-06-10T19:12:56+00:00","dateModified":"2025-05-13T14:04:12+00:00","description":"D\u00e9couvrez le syst\u00e8me puissant et intelligent de la s\u00e9rie MR-3500 de Secutron. R\u00e9pertori\u00e9s UL\/ULC et approuv\u00e9s FM, ils fournissent des services d'alarme incendie et de lib\u00e9ration d'agents.","breadcrumb":{"@id":"https:\/\/secutron.com\/products\/mr-3500-series-system\/#breadcrumb"},"inLanguage":"fr-CA","potentialAction":[{"@type":"ReadAction","target":["https:\/\/secutron.com\/products\/mr-3500-series-system\/"]}]},{"@type":"ImageObject","inLanguage":"fr-CA","@id":"https:\/\/secutron.com\/products\/mr-3500-series-system\/#primaryimage","url":"https:\/\/secutron.com\/wp-content\/uploads\/products\/MR-3500-secutron.jpg","contentUrl":"https:\/\/secutron.com\/wp-content\/uploads\/products\/MR-3500-secutron.jpg","width":"900","height":"900","caption":"MR-3500 Series System"},{"@type":"BreadcrumbList","@id":"https:\/\/secutron.com\/products\/mr-3500-series-system\/#breadcrumb","itemListElement":[{"@type":"ListItem","position":1,"name":"Home","item":"https:\/\/secutron.com\/"},{"@type":"ListItem","position":2,"name":"Shop","item":"https:\/\/secutron.com\/shop\/"},{"@type":"ListItem","position":3,"name":"MR-3500 Series System"}]},{"@type":"WebSite","@id":"https:\/\/secutron.com\/#website","url":"https:\/\/secutron.com\/","name":"Secutron","description":"","potentialAction":[{"@type":"SearchAction","target":{"@type":"EntryPoint","urlTemplate":"https:\/\/secutron.com\/?s={search_term_string}"},"query-input":{"@type":"PropertyValueSpecification","valueRequired":true,"valueName":"search_term_string"}}],"inLanguage":"fr-CA"}]}},"_links":{"self":[{"href":"https:\/\/secutron.com\/fr\/wp-json\/wp\/v2\/product\/412","targetHints":{"allow":["GET"]}}],"collection":[{"href":"https:\/\/secutron.com\/fr\/wp-json\/wp\/v2\/product"}],"about":[{"href":"https:\/\/secutron.com\/fr\/wp-json\/wp\/v2\/types\/product"}],"version-history":[{"count":3,"href":"https:\/\/secutron.com\/fr\/wp-json\/wp\/v2\/product\/412\/revisions"}],"predecessor-version":[{"id":4030,"href":"https:\/\/secutron.com\/fr\/wp-json\/wp\/v2\/product\/412\/revisions\/4030"}],"wp:featuredmedia":[{"embeddable":true,"href":"https:\/\/secutron.com\/fr\/wp-json\/wp\/v2\/media\/493"}],"wp:attachment":[{"href":"https:\/\/secutron.com\/fr\/wp-json\/wp\/v2\/media?parent=412"}],"wp:term":[{"taxonomy":"product_brand","embeddable":true,"href":"https:\/\/secutron.com\/fr\/wp-json\/wp\/v2\/product_brand?post=412"},{"taxonomy":"product_cat","embeddable":true,"href":"https:\/\/secutron.com\/fr\/wp-json\/wp\/v2\/product_cat?post=412"},{"taxonomy":"product_tag","embeddable":true,"href":"https:\/\/secutron.com\/fr\/wp-json\/wp\/v2\/product_tag?post=412"}],"curies":[{"name":"wp","href":"https:\/\/api.w.org\/{rel}","templated":true}]}}