{"id":407,"date":"2019-06-10T14:58:52","date_gmt":"2019-06-10T18:58:52","guid":{"rendered":"http:\/\/dev.secutron.com\/?post_type=product&#038;p=407"},"modified":"2024-10-04T15:00:10","modified_gmt":"2024-10-04T19:00:10","slug":"mmx-network-fire-detection-alarm-control-unit","status":"publish","type":"product","link":"https:\/\/secutron.com\/fr\/products\/mmx-network-fire-detection-alarm-control-unit\/","title":{"rendered":"MMX Network Fire Detection &amp; Alarm Control Unit (centrale de d\u00e9tection et d'alarme incendie en r\u00e9seau)"},"content":{"rendered":"<p>MMX de Secutron<sup>TM<\/sup>\u00a0Les centrales d'alarme incendie en r\u00e9seau de la s\u00e9rie MMX offrent des composants modulaires pour r\u00e9pondre \u00e0 une grande vari\u00e9t\u00e9 d'applications. Con\u00e7ue pour les communications en r\u00e9seau poste \u00e0 poste, la s\u00e9rie MMX permet de g\u00e9rer un maximum de 63 n\u0153uds, tout en offrant fiabilit\u00e9, flexibilit\u00e9 et \u00e9volutivit\u00e9.<\/p>\n<p>La s\u00e9rie MMX est un syst\u00e8me puissant capable d'assurer le contr\u00f4le du r\u00e9seau, l'\u00e9vacuation vocale multicanal et les communications bidirectionnelles des pompiers sur une seule paire de fils ou un c\u00e2ble \u00e0 fibre optique. Chaque unit\u00e9 de base se compose d'un circuit de ligne de signalisation intelligent (SLC) capable de prendre en charge 159 capteurs analogiques et 159 modules adressables. En outre, l'unit\u00e9 de base comprend \u00e9galement 4 circuits d'appareils de notification de style Z\/Y (classe A\/B) d'une capacit\u00e9 de 1,7 amp\u00e8re chacun et un grand \u00e9cran alphanum\u00e9rique \u00e0 cristaux liquides r\u00e9tro\u00e9clair\u00e9. La commande audio fournit un syst\u00e8me audio distribu\u00e9 multicanal qui permet de diffuser efficacement des messages d'urgence, des signaux d'\u00e9vacuation et des communications t\u00e9l\u00e9phoniques pour les pompiers. Chaque cage de carte audio supporte un maximum de 4 amplificateurs de type QAA pour un maximum de 180 watts par armoire.<\/p>\n<p>La s\u00e9rie MMX de Secutron offre un nouveau niveau d'expansion et de flexibilit\u00e9 en prenant en charge BACnet, la logique bool\u00e9enne, ainsi que la surveillance et le contr\u00f4le graphique 3D en temps r\u00e9el. En outre, le syst\u00e8me prend en charge trois fichiers de configuration, ce qui permet de configurer facilement le syst\u00e8me sans mettre les unit\u00e9s de contr\u00f4le hors ligne.<\/p>\n<p>La conception modulaire permet de personnaliser le site et de r\u00e9pondre aux exigences locales et nationales.<\/p>","protected":false},"excerpt":{"rendered":"<p>Les centrales d'alarme incendie en r\u00e9seau de la s\u00e9rie MMX \u00e0 63 n\u0153uds de Secutron offrent des composants modulaires pour r\u00e9pondre \u00e0 une grande vari\u00e9t\u00e9 d'applications.<\/p>\n<div id=\"productSalesCTA\">\n<div class=\"row\"><\/div>\n<\/div>","protected":false},"featured_media":642,"template":"","meta":{"_acf_changed":false,"om_disable_all_campaigns":false,"_monsterinsights_skip_tracking":false,"_monsterinsights_sitenote_active":false,"_monsterinsights_sitenote_note":"","_monsterinsights_sitenote_category":0,"footnotes":""},"product_brand":[],"product_cat":[79],"product_tag":[],"class_list":{"0":"post-407","1":"product","2":"type-product","3":"status-publish","4":"has-post-thumbnail","6":"product_cat-network-fire-alarm-systems","8":"first","9":"instock","10":"shipping-taxable","11":"product-type-simple"},"acf":[],"yoast_head":"<!-- This site is optimized with the Yoast SEO plugin v27.3 - https:\/\/yoast.com\/product\/yoast-seo-wordpress\/ -->\n<title>MMX Network Fire Detection &amp; Alarm Control Unit - Secutron<\/title>\n<meta name=\"description\" content=\"Secutron&#039;s MMXTM Series Network Fire Alarm Control Units, including BACnet support, Boolean logic, and real-time 3D graphic monitoring and control.\" \/>\n<meta name=\"robots\" content=\"index, follow, max-snippet:-1, max-image-preview:large, max-video-preview:-1\" \/>\n<link rel=\"canonical\" href=\"https:\/\/secutron.com\/fr\/products\/mmx-network-fire-detection-alarm-control-unit\/\" \/>\n<meta property=\"og:locale\" content=\"fr_CA\" \/>\n<meta property=\"og:type\" content=\"article\" \/>\n<meta property=\"og:title\" content=\"MMX Network Fire Detection &amp; Alarm Control Unit - Secutron\" \/>\n<meta property=\"og:description\" content=\"Secutron&#039;s MMXTM Series Network Fire Alarm Control Units, including BACnet support, Boolean logic, and real-time 3D graphic monitoring and control.\" \/>\n<meta property=\"og:url\" content=\"https:\/\/secutron.com\/fr\/products\/mmx-network-fire-detection-alarm-control-unit\/\" \/>\n<meta property=\"og:site_name\" content=\"Secutron\" \/>\n<meta property=\"article:modified_time\" content=\"2024-10-04T19:00:10+00:00\" \/>\n<meta property=\"og:image\" content=\"https:\/\/secutron.com\/wp-content\/uploads\/products\/MMX-Network-Fire-Detection-Alarm-Control-Unit-secutron-1.jpg\" \/>\n\t<meta property=\"og:image:width\" content=\"900\" \/>\n\t<meta property=\"og:image:height\" content=\"900\" \/>\n\t<meta property=\"og:image:type\" content=\"image\/jpeg\" \/>\n<meta name=\"twitter:card\" content=\"summary_large_image\" \/>\n<meta name=\"twitter:label1\" content=\"Estimation du temps de lecture\" \/>\n\t<meta name=\"twitter:data1\" content=\"2 minutes\" \/>\n<script type=\"application\/ld+json\" class=\"yoast-schema-graph\">{\"@context\":\"https:\\\/\\\/schema.org\",\"@graph\":[{\"@type\":\"WebPage\",\"@id\":\"https:\\\/\\\/secutron.com\\\/products\\\/mmx-network-fire-detection-alarm-control-unit\\\/\",\"url\":\"https:\\\/\\\/secutron.com\\\/products\\\/mmx-network-fire-detection-alarm-control-unit\\\/\",\"name\":\"MMX Network Fire Detection &amp; Alarm Control Unit - Secutron\",\"isPartOf\":{\"@id\":\"https:\\\/\\\/secutron.com\\\/#website\"},\"primaryImageOfPage\":{\"@id\":\"https:\\\/\\\/secutron.com\\\/products\\\/mmx-network-fire-detection-alarm-control-unit\\\/#primaryimage\"},\"image\":{\"@id\":\"https:\\\/\\\/secutron.com\\\/products\\\/mmx-network-fire-detection-alarm-control-unit\\\/#primaryimage\"},\"thumbnailUrl\":\"https:\\\/\\\/secutron.com\\\/wp-content\\\/uploads\\\/products\\\/MMX-Network-Fire-Detection-Alarm-Control-Unit-secutron-1.jpg\",\"datePublished\":\"2019-06-10T18:58:52+00:00\",\"dateModified\":\"2024-10-04T19:00:10+00:00\",\"description\":\"Secutron's MMXTM Series Network Fire Alarm Control Units, including BACnet support, Boolean logic, and real-time 3D graphic monitoring and control.\",\"breadcrumb\":{\"@id\":\"https:\\\/\\\/secutron.com\\\/products\\\/mmx-network-fire-detection-alarm-control-unit\\\/#breadcrumb\"},\"inLanguage\":\"fr-CA\",\"potentialAction\":[{\"@type\":\"ReadAction\",\"target\":[\"https:\\\/\\\/secutron.com\\\/products\\\/mmx-network-fire-detection-alarm-control-unit\\\/\"]}]},{\"@type\":\"ImageObject\",\"inLanguage\":\"fr-CA\",\"@id\":\"https:\\\/\\\/secutron.com\\\/products\\\/mmx-network-fire-detection-alarm-control-unit\\\/#primaryimage\",\"url\":\"https:\\\/\\\/secutron.com\\\/wp-content\\\/uploads\\\/products\\\/MMX-Network-Fire-Detection-Alarm-Control-Unit-secutron-1.jpg\",\"contentUrl\":\"https:\\\/\\\/secutron.com\\\/wp-content\\\/uploads\\\/products\\\/MMX-Network-Fire-Detection-Alarm-Control-Unit-secutron-1.jpg\",\"width\":900,\"height\":900,\"caption\":\"MMX-Network-Fire-Detection-Alarm-Control-Unit-secutron\"},{\"@type\":\"BreadcrumbList\",\"@id\":\"https:\\\/\\\/secutron.com\\\/products\\\/mmx-network-fire-detection-alarm-control-unit\\\/#breadcrumb\",\"itemListElement\":[{\"@type\":\"ListItem\",\"position\":1,\"name\":\"Home\",\"item\":\"https:\\\/\\\/secutron.com\\\/\"},{\"@type\":\"ListItem\",\"position\":2,\"name\":\"Shop\",\"item\":\"https:\\\/\\\/secutron.com\\\/shop\\\/\"},{\"@type\":\"ListItem\",\"position\":3,\"name\":\"MMX Network Fire Detection &amp; Alarm Control Unit\"}]},{\"@type\":\"WebSite\",\"@id\":\"https:\\\/\\\/secutron.com\\\/#website\",\"url\":\"https:\\\/\\\/secutron.com\\\/\",\"name\":\"Secutron\",\"description\":\"\",\"potentialAction\":[{\"@type\":\"SearchAction\",\"target\":{\"@type\":\"EntryPoint\",\"urlTemplate\":\"https:\\\/\\\/secutron.com\\\/?s={search_term_string}\"},\"query-input\":{\"@type\":\"PropertyValueSpecification\",\"valueRequired\":true,\"valueName\":\"search_term_string\"}}],\"inLanguage\":\"fr-CA\"}]}<\/script>\n<!-- \/ Yoast SEO plugin. -->","yoast_head_json":{"title":"MMX Network Fire Detection &amp; Alarm Control Unit - Secutron","description":"Les centrales d'alarme incendie en r\u00e9seau de la s\u00e9rie MMXTM de Secutron, y compris la prise en charge de BACnet, la logique bool\u00e9enne et la surveillance et le contr\u00f4le graphiques 3D en temps r\u00e9el.","robots":{"index":"index","follow":"follow","max-snippet":"max-snippet:-1","max-image-preview":"max-image-preview:large","max-video-preview":"max-video-preview:-1"},"canonical":"https:\/\/secutron.com\/fr\/products\/mmx-network-fire-detection-alarm-control-unit\/","og_locale":"fr_CA","og_type":"article","og_title":"MMX Network Fire Detection &amp; Alarm Control Unit - Secutron","og_description":"Secutron's MMXTM Series Network Fire Alarm Control Units, including BACnet support, Boolean logic, and real-time 3D graphic monitoring and control.","og_url":"https:\/\/secutron.com\/fr\/products\/mmx-network-fire-detection-alarm-control-unit\/","og_site_name":"Secutron","article_modified_time":"2024-10-04T19:00:10+00:00","og_image":[{"width":900,"height":900,"url":"https:\/\/secutron.com\/wp-content\/uploads\/products\/MMX-Network-Fire-Detection-Alarm-Control-Unit-secutron-1.jpg","type":"image\/jpeg"}],"twitter_card":"summary_large_image","twitter_misc":{"Estimation du temps de lecture":"2 minutes"},"schema":{"@context":"https:\/\/schema.org","@graph":[{"@type":"WebPage","@id":"https:\/\/secutron.com\/products\/mmx-network-fire-detection-alarm-control-unit\/","url":"https:\/\/secutron.com\/products\/mmx-network-fire-detection-alarm-control-unit\/","name":"MMX Network Fire Detection &amp; Alarm Control Unit - Secutron","isPartOf":{"@id":"https:\/\/secutron.com\/#website"},"primaryImageOfPage":{"@id":"https:\/\/secutron.com\/products\/mmx-network-fire-detection-alarm-control-unit\/#primaryimage"},"image":{"@id":"https:\/\/secutron.com\/products\/mmx-network-fire-detection-alarm-control-unit\/#primaryimage"},"thumbnailUrl":"https:\/\/secutron.com\/wp-content\/uploads\/products\/MMX-Network-Fire-Detection-Alarm-Control-Unit-secutron-1.jpg","datePublished":"2019-06-10T18:58:52+00:00","dateModified":"2024-10-04T19:00:10+00:00","description":"Les centrales d'alarme incendie en r\u00e9seau de la s\u00e9rie MMXTM de Secutron, y compris la prise en charge de BACnet, la logique bool\u00e9enne et la surveillance et le contr\u00f4le graphiques 3D en temps r\u00e9el.","breadcrumb":{"@id":"https:\/\/secutron.com\/products\/mmx-network-fire-detection-alarm-control-unit\/#breadcrumb"},"inLanguage":"fr-CA","potentialAction":[{"@type":"ReadAction","target":["https:\/\/secutron.com\/products\/mmx-network-fire-detection-alarm-control-unit\/"]}]},{"@type":"ImageObject","inLanguage":"fr-CA","@id":"https:\/\/secutron.com\/products\/mmx-network-fire-detection-alarm-control-unit\/#primaryimage","url":"https:\/\/secutron.com\/wp-content\/uploads\/products\/MMX-Network-Fire-Detection-Alarm-Control-Unit-secutron-1.jpg","contentUrl":"https:\/\/secutron.com\/wp-content\/uploads\/products\/MMX-Network-Fire-Detection-Alarm-Control-Unit-secutron-1.jpg","width":900,"height":900,"caption":"MMX-Network-Fire-Detection-Alarm-Control-Unit-secutron"},{"@type":"BreadcrumbList","@id":"https:\/\/secutron.com\/products\/mmx-network-fire-detection-alarm-control-unit\/#breadcrumb","itemListElement":[{"@type":"ListItem","position":1,"name":"Home","item":"https:\/\/secutron.com\/"},{"@type":"ListItem","position":2,"name":"Shop","item":"https:\/\/secutron.com\/shop\/"},{"@type":"ListItem","position":3,"name":"MMX Network Fire Detection &amp; Alarm Control Unit"}]},{"@type":"WebSite","@id":"https:\/\/secutron.com\/#website","url":"https:\/\/secutron.com\/","name":"Secutron","description":"","potentialAction":[{"@type":"SearchAction","target":{"@type":"EntryPoint","urlTemplate":"https:\/\/secutron.com\/?s={search_term_string}"},"query-input":{"@type":"PropertyValueSpecification","valueRequired":true,"valueName":"search_term_string"}}],"inLanguage":"fr-CA"}]}},"_links":{"self":[{"href":"https:\/\/secutron.com\/fr\/wp-json\/wp\/v2\/product\/407","targetHints":{"allow":["GET"]}}],"collection":[{"href":"https:\/\/secutron.com\/fr\/wp-json\/wp\/v2\/product"}],"about":[{"href":"https:\/\/secutron.com\/fr\/wp-json\/wp\/v2\/types\/product"}],"version-history":[{"count":3,"href":"https:\/\/secutron.com\/fr\/wp-json\/wp\/v2\/product\/407\/revisions"}],"predecessor-version":[{"id":3363,"href":"https:\/\/secutron.com\/fr\/wp-json\/wp\/v2\/product\/407\/revisions\/3363"}],"wp:featuredmedia":[{"embeddable":true,"href":"https:\/\/secutron.com\/fr\/wp-json\/wp\/v2\/media\/642"}],"wp:attachment":[{"href":"https:\/\/secutron.com\/fr\/wp-json\/wp\/v2\/media?parent=407"}],"wp:term":[{"taxonomy":"product_brand","embeddable":true,"href":"https:\/\/secutron.com\/fr\/wp-json\/wp\/v2\/product_brand?post=407"},{"taxonomy":"product_cat","embeddable":true,"href":"https:\/\/secutron.com\/fr\/wp-json\/wp\/v2\/product_cat?post=407"},{"taxonomy":"product_tag","embeddable":true,"href":"https:\/\/secutron.com\/fr\/wp-json\/wp\/v2\/product_tag?post=407"}],"curies":[{"name":"wp","href":"https:\/\/api.w.org\/{rel}","templated":true}]}}