{"id":405,"date":"2019-06-10T14:52:31","date_gmt":"2019-06-10T14:52:31","guid":{"rendered":"http:\/\/dev.secutron.com\/?post_type=product&#038;p=405"},"modified":"2025-05-21T15:27:11","modified_gmt":"2025-05-21T19:27:11","slug":"mmx-bb-1001r-semi-flush-backbox-for-series-1000-annunciators","status":"publish","type":"product","link":"https:\/\/secutron.com\/fr\/products\/mmx-bb-1001r-semi-flush-backbox-for-series-1000-annunciators\/","title":{"rendered":"MMX-BB-1001R Bo\u00eete d'encastrement semi-encastr\u00e9e pour les annonciateurs de la s\u00e9rie 1000"},"content":{"rendered":"<p>Bo\u00eetier pour annonciateurs de la s\u00e9rie RA-1000 avec porte rouge. Peut contenir 1 module.<\/p>\n<h4>Livr\u00e9 avec<\/h4>\n<ul>\n<li>Maisons 1 Module<\/li>\n<li>Porte rouge et bo\u00eete arri\u00e8re noire<\/li>\n<li>Montage sur bo\u00eete \u00e9lectrique standard par d'autres<\/li>\n<\/ul>\n<h4>Dimensions<\/h4>\n<p>9 \"H x 12.75 \"W x 1.2 \"D<\/p>","protected":false},"excerpt":{"rendered":"<p>Bo\u00eetier de la s\u00e9rie BB-1000 pour les syst\u00e8mes de d\u00e9tection et d'alarme incendie du r\u00e9seau MMX.<\/p>\n<div id=\"productSalesCTA\">\n<div class=\"row\"><\/div>\n<\/div>","protected":false},"featured_media":549,"template":"","meta":{"_acf_changed":false,"om_disable_all_campaigns":false,"_monsterinsights_skip_tracking":false,"_monsterinsights_sitenote_active":false,"_monsterinsights_sitenote_note":"","_monsterinsights_sitenote_category":0,"footnotes":""},"product_brand":[],"product_cat":[45],"product_tag":[],"class_list":{"0":"post-405","1":"product","2":"type-product","3":"status-publish","4":"has-post-thumbnail","6":"product_cat-remote-annunciators","8":"first","9":"instock","10":"shipping-taxable","11":"product-type-simple"},"acf":[],"yoast_head":"<!-- This site is optimized with the Yoast SEO plugin v27.5 - https:\/\/yoast.com\/product\/yoast-seo-wordpress\/ -->\n<title>MMX-BB-1001R Semi-Flush Backbox for Series 1000 Annunciators - Secutron<\/title>\n<meta name=\"description\" content=\"Discover the MMX-BB-1001R Semi-Flush Backbox for Series 1000 Annunciators. This enclosure for RA-1000 Series Annunciators\" \/>\n<meta name=\"robots\" content=\"index, follow, max-snippet:-1, max-image-preview:large, max-video-preview:-1\" \/>\n<link rel=\"canonical\" href=\"https:\/\/secutron.com\/fr\/products\/mmx-bb-1001r-semi-flush-backbox-for-series-1000-annunciators\/\" \/>\n<meta property=\"og:locale\" content=\"fr_CA\" \/>\n<meta property=\"og:type\" content=\"article\" \/>\n<meta property=\"og:title\" content=\"MMX-BB-1001R Semi-Flush Backbox for Series 1000 Annunciators - Secutron\" \/>\n<meta property=\"og:description\" content=\"Discover the MMX-BB-1001R Semi-Flush Backbox for Series 1000 Annunciators. This enclosure for RA-1000 Series Annunciators\" \/>\n<meta property=\"og:url\" content=\"https:\/\/secutron.com\/fr\/products\/mmx-bb-1001r-semi-flush-backbox-for-series-1000-annunciators\/\" \/>\n<meta property=\"og:site_name\" content=\"Secutron\" \/>\n<meta property=\"article:modified_time\" content=\"2025-05-21T19:27:11+00:00\" \/>\n<meta property=\"og:image\" content=\"https:\/\/secutron.com\/wp-content\/uploads\/products\/MMX-BB-1001R-Semi-Flush-Backbox-for-Series-1000-Annunciators-secutron.jpg\" \/>\n\t<meta property=\"og:image:width\" content=\"900\" \/>\n\t<meta property=\"og:image:height\" content=\"900\" \/>\n\t<meta property=\"og:image:type\" content=\"image\/jpeg\" \/>\n<meta name=\"twitter:card\" content=\"summary_large_image\" \/>\n<meta name=\"twitter:label1\" content=\"Estimation du temps de lecture\" \/>\n\t<meta name=\"twitter:data1\" content=\"1 minute\" \/>\n<script type=\"application\/ld+json\" class=\"yoast-schema-graph\">{\"@context\":\"https:\\\/\\\/schema.org\",\"@graph\":[{\"@type\":\"WebPage\",\"@id\":\"https:\\\/\\\/secutron.com\\\/products\\\/mmx-bb-1001r-semi-flush-backbox-for-series-1000-annunciators\\\/\",\"url\":\"https:\\\/\\\/secutron.com\\\/products\\\/mmx-bb-1001r-semi-flush-backbox-for-series-1000-annunciators\\\/\",\"name\":\"MMX-BB-1001R Semi-Flush Backbox for Series 1000 Annunciators - Secutron\",\"isPartOf\":{\"@id\":\"https:\\\/\\\/secutron.com\\\/#website\"},\"primaryImageOfPage\":{\"@id\":\"https:\\\/\\\/secutron.com\\\/products\\\/mmx-bb-1001r-semi-flush-backbox-for-series-1000-annunciators\\\/#primaryimage\"},\"image\":{\"@id\":\"https:\\\/\\\/secutron.com\\\/products\\\/mmx-bb-1001r-semi-flush-backbox-for-series-1000-annunciators\\\/#primaryimage\"},\"thumbnailUrl\":\"https:\\\/\\\/secutron.com\\\/wp-content\\\/uploads\\\/products\\\/MMX-BB-1001R-Semi-Flush-Backbox-for-Series-1000-Annunciators-secutron.jpg\",\"datePublished\":\"2019-06-10T14:52:31+00:00\",\"dateModified\":\"2025-05-21T19:27:11+00:00\",\"description\":\"Discover the MMX-BB-1001R Semi-Flush Backbox for Series 1000 Annunciators. This enclosure for RA-1000 Series Annunciators\",\"breadcrumb\":{\"@id\":\"https:\\\/\\\/secutron.com\\\/products\\\/mmx-bb-1001r-semi-flush-backbox-for-series-1000-annunciators\\\/#breadcrumb\"},\"inLanguage\":\"fr-CA\",\"potentialAction\":[{\"@type\":\"ReadAction\",\"target\":[\"https:\\\/\\\/secutron.com\\\/products\\\/mmx-bb-1001r-semi-flush-backbox-for-series-1000-annunciators\\\/\"]}]},{\"@type\":\"ImageObject\",\"inLanguage\":\"fr-CA\",\"@id\":\"https:\\\/\\\/secutron.com\\\/products\\\/mmx-bb-1001r-semi-flush-backbox-for-series-1000-annunciators\\\/#primaryimage\",\"url\":\"https:\\\/\\\/secutron.com\\\/wp-content\\\/uploads\\\/products\\\/MMX-BB-1001R-Semi-Flush-Backbox-for-Series-1000-Annunciators-secutron.jpg\",\"contentUrl\":\"https:\\\/\\\/secutron.com\\\/wp-content\\\/uploads\\\/products\\\/MMX-BB-1001R-Semi-Flush-Backbox-for-Series-1000-Annunciators-secutron.jpg\",\"width\":\"900\",\"height\":\"900\",\"caption\":\"MMX-BB-1001R-Semi-Flush-Backbox-for-Series-1000-Annunciators-secutron\"},{\"@type\":\"BreadcrumbList\",\"@id\":\"https:\\\/\\\/secutron.com\\\/products\\\/mmx-bb-1001r-semi-flush-backbox-for-series-1000-annunciators\\\/#breadcrumb\",\"itemListElement\":[{\"@type\":\"ListItem\",\"position\":1,\"name\":\"Home\",\"item\":\"https:\\\/\\\/secutron.com\\\/\"},{\"@type\":\"ListItem\",\"position\":2,\"name\":\"Shop\",\"item\":\"https:\\\/\\\/secutron.com\\\/shop\\\/\"},{\"@type\":\"ListItem\",\"position\":3,\"name\":\"MMX-BB-1001R Semi-Flush Backbox for Series 1000 Annunciators\"}]},{\"@type\":\"WebSite\",\"@id\":\"https:\\\/\\\/secutron.com\\\/#website\",\"url\":\"https:\\\/\\\/secutron.com\\\/\",\"name\":\"Secutron\",\"description\":\"\",\"potentialAction\":[{\"@type\":\"SearchAction\",\"target\":{\"@type\":\"EntryPoint\",\"urlTemplate\":\"https:\\\/\\\/secutron.com\\\/?s={search_term_string}\"},\"query-input\":{\"@type\":\"PropertyValueSpecification\",\"valueRequired\":true,\"valueName\":\"search_term_string\"}}],\"inLanguage\":\"fr-CA\"}]}<\/script>\n<!-- \/ Yoast SEO plugin. -->","yoast_head_json":{"title":"MMX-BB-1001R Bo\u00eete d'encastrement semi-encastr\u00e9e pour les annonciateurs de la s\u00e9rie 1000 - Secutron","description":"D\u00e9couvrez la bo\u00eete d'encastrement semi-encastr\u00e9e MMX-BB-1001R pour les annonciateurs de la s\u00e9rie 1000. Ce bo\u00eetier pour les annonciateurs de la s\u00e9rie RA-1000","robots":{"index":"index","follow":"follow","max-snippet":"max-snippet:-1","max-image-preview":"max-image-preview:large","max-video-preview":"max-video-preview:-1"},"canonical":"https:\/\/secutron.com\/fr\/products\/mmx-bb-1001r-semi-flush-backbox-for-series-1000-annunciators\/","og_locale":"fr_CA","og_type":"article","og_title":"MMX-BB-1001R Semi-Flush Backbox for Series 1000 Annunciators - Secutron","og_description":"Discover the MMX-BB-1001R Semi-Flush Backbox for Series 1000 Annunciators. This enclosure for RA-1000 Series Annunciators","og_url":"https:\/\/secutron.com\/fr\/products\/mmx-bb-1001r-semi-flush-backbox-for-series-1000-annunciators\/","og_site_name":"Secutron","article_modified_time":"2025-05-21T19:27:11+00:00","og_image":[{"width":900,"height":900,"url":"https:\/\/secutron.com\/wp-content\/uploads\/products\/MMX-BB-1001R-Semi-Flush-Backbox-for-Series-1000-Annunciators-secutron.jpg","type":"image\/jpeg"}],"twitter_card":"summary_large_image","twitter_misc":{"Estimation du temps de lecture":"1 minute"},"schema":{"@context":"https:\/\/schema.org","@graph":[{"@type":"WebPage","@id":"https:\/\/secutron.com\/products\/mmx-bb-1001r-semi-flush-backbox-for-series-1000-annunciators\/","url":"https:\/\/secutron.com\/products\/mmx-bb-1001r-semi-flush-backbox-for-series-1000-annunciators\/","name":"MMX-BB-1001R Bo\u00eete d'encastrement semi-encastr\u00e9e pour les annonciateurs de la s\u00e9rie 1000 - Secutron","isPartOf":{"@id":"https:\/\/secutron.com\/#website"},"primaryImageOfPage":{"@id":"https:\/\/secutron.com\/products\/mmx-bb-1001r-semi-flush-backbox-for-series-1000-annunciators\/#primaryimage"},"image":{"@id":"https:\/\/secutron.com\/products\/mmx-bb-1001r-semi-flush-backbox-for-series-1000-annunciators\/#primaryimage"},"thumbnailUrl":"https:\/\/secutron.com\/wp-content\/uploads\/products\/MMX-BB-1001R-Semi-Flush-Backbox-for-Series-1000-Annunciators-secutron.jpg","datePublished":"2019-06-10T14:52:31+00:00","dateModified":"2025-05-21T19:27:11+00:00","description":"D\u00e9couvrez la bo\u00eete d'encastrement semi-encastr\u00e9e MMX-BB-1001R pour les annonciateurs de la s\u00e9rie 1000. Ce bo\u00eetier pour les annonciateurs de la s\u00e9rie RA-1000","breadcrumb":{"@id":"https:\/\/secutron.com\/products\/mmx-bb-1001r-semi-flush-backbox-for-series-1000-annunciators\/#breadcrumb"},"inLanguage":"fr-CA","potentialAction":[{"@type":"ReadAction","target":["https:\/\/secutron.com\/products\/mmx-bb-1001r-semi-flush-backbox-for-series-1000-annunciators\/"]}]},{"@type":"ImageObject","inLanguage":"fr-CA","@id":"https:\/\/secutron.com\/products\/mmx-bb-1001r-semi-flush-backbox-for-series-1000-annunciators\/#primaryimage","url":"https:\/\/secutron.com\/wp-content\/uploads\/products\/MMX-BB-1001R-Semi-Flush-Backbox-for-Series-1000-Annunciators-secutron.jpg","contentUrl":"https:\/\/secutron.com\/wp-content\/uploads\/products\/MMX-BB-1001R-Semi-Flush-Backbox-for-Series-1000-Annunciators-secutron.jpg","width":"900","height":"900","caption":"MMX-BB-1001R-Semi-Flush-Backbox-for-Series-1000-Annunciators-secutron"},{"@type":"BreadcrumbList","@id":"https:\/\/secutron.com\/products\/mmx-bb-1001r-semi-flush-backbox-for-series-1000-annunciators\/#breadcrumb","itemListElement":[{"@type":"ListItem","position":1,"name":"Home","item":"https:\/\/secutron.com\/"},{"@type":"ListItem","position":2,"name":"Shop","item":"https:\/\/secutron.com\/shop\/"},{"@type":"ListItem","position":3,"name":"MMX-BB-1001R Semi-Flush Backbox for Series 1000 Annunciators"}]},{"@type":"WebSite","@id":"https:\/\/secutron.com\/#website","url":"https:\/\/secutron.com\/","name":"Secutron","description":"","potentialAction":[{"@type":"SearchAction","target":{"@type":"EntryPoint","urlTemplate":"https:\/\/secutron.com\/?s={search_term_string}"},"query-input":{"@type":"PropertyValueSpecification","valueRequired":true,"valueName":"search_term_string"}}],"inLanguage":"fr-CA"}]}},"_links":{"self":[{"href":"https:\/\/secutron.com\/fr\/wp-json\/wp\/v2\/product\/405","targetHints":{"allow":["GET"]}}],"collection":[{"href":"https:\/\/secutron.com\/fr\/wp-json\/wp\/v2\/product"}],"about":[{"href":"https:\/\/secutron.com\/fr\/wp-json\/wp\/v2\/types\/product"}],"version-history":[{"count":1,"href":"https:\/\/secutron.com\/fr\/wp-json\/wp\/v2\/product\/405\/revisions"}],"predecessor-version":[{"id":3519,"href":"https:\/\/secutron.com\/fr\/wp-json\/wp\/v2\/product\/405\/revisions\/3519"}],"wp:featuredmedia":[{"embeddable":true,"href":"https:\/\/secutron.com\/fr\/wp-json\/wp\/v2\/media\/549"}],"wp:attachment":[{"href":"https:\/\/secutron.com\/fr\/wp-json\/wp\/v2\/media?parent=405"}],"wp:term":[{"taxonomy":"product_brand","embeddable":true,"href":"https:\/\/secutron.com\/fr\/wp-json\/wp\/v2\/product_brand?post=405"},{"taxonomy":"product_cat","embeddable":true,"href":"https:\/\/secutron.com\/fr\/wp-json\/wp\/v2\/product_cat?post=405"},{"taxonomy":"product_tag","embeddable":true,"href":"https:\/\/secutron.com\/fr\/wp-json\/wp\/v2\/product_tag?post=405"}],"curies":[{"name":"wp","href":"https:\/\/api.w.org\/{rel}","templated":true}]}}