{"id":402,"date":"2019-06-10T14:48:22","date_gmt":"2019-06-10T14:48:22","guid":{"rendered":"http:\/\/dev.secutron.com\/?post_type=product&#038;p=402"},"modified":"2025-02-27T13:39:14","modified_gmt":"2025-02-27T18:39:14","slug":"mr-2306-atr-mr-2312-remote-multiplex-annunciators","status":"publish","type":"product","link":"https:\/\/secutron.com\/fr\/products\/mr-2306-atr-mr-2312-remote-multiplex-annunciators\/","title":{"rendered":"MR-2312-ATR Annonciateur multiplex \u00e0 distance"},"content":{"rendered":"<p>Les deux mod\u00e8les sont dot\u00e9s de LED bicolores qui sont auto-configurables pour l'alarme (rouge) ou la surveillance (orange). Les voyants DEL sont dot\u00e9s d'indicateurs pour C.A. activ\u00e9, Trouble commun et Silence du signal et d'interrupteurs de commande pour R\u00e9initialisation du syst\u00e8me, Silence du signal, Test de la lampe et Silence du buzzer.<\/p>\n<p>Le MR-2312-ATR est \u00e9quip\u00e9 d'un interrupteur \u00e0 cl\u00e9 qui permet d'activer et de d\u00e9sactiver les fonctions de contr\u00f4le communes. Les deux mod\u00e8les sont disponibles en finition rouge et se montent dans un bo\u00eetier \u00e9lectrique 4 gang.<\/p>\n<h3>Livr\u00e9 avec<\/h3>\n<ul>\n<li>16 LED bicolores<\/li>\n<li>Caract\u00e9ristiques communes de contr\u00f4le<\/li>\n<li>Silence du signal, Silence du buzzer, R\u00e9initialisation du syst\u00e8me, Test de la lampe<\/li>\n<li>Indicateurs<\/li>\n<li>A.C. On, Common Trouble &amp; Signal. Silence<\/li>\n<li>Se monte dans une bo\u00eete \u00e9lectrique 4 groupes<\/li>\n<li>Finition rouge<\/li>\n<li>A utiliser avec la s\u00e9rie MR-2300<\/li>\n<\/ul>","protected":false},"excerpt":{"rendered":"<p>Les MR-2306-ATR et MR-2312-ATR fournissent respectivement 8 ou 16 points de signalisation par LED.<\/p>","protected":false},"featured_media":2493,"template":"","meta":{"_acf_changed":false,"om_disable_all_campaigns":false,"_monsterinsights_skip_tracking":false,"_monsterinsights_sitenote_active":false,"_monsterinsights_sitenote_note":"","_monsterinsights_sitenote_category":0,"footnotes":""},"product_brand":[],"product_cat":[45],"product_tag":[],"class_list":{"0":"post-402","1":"product","2":"type-product","3":"status-publish","4":"has-post-thumbnail","6":"product_cat-remote-annunciators","8":"first","9":"instock","10":"shipping-taxable","11":"product-type-simple"},"acf":[],"yoast_head":"<!-- This site is optimized with the Yoast SEO plugin v27.5 - https:\/\/yoast.com\/product\/yoast-seo-wordpress\/ -->\n<title>MR-2312-ATR Remote Multiplex Annunciator - Secutron<\/title>\n<meta name=\"description\" content=\"The MR-2312-ATR Remote Multiplex Annunciator offers 16 bi-colored LEDs and common control features. Easily mountable in a 4-gang electrical box.\" \/>\n<meta name=\"robots\" content=\"index, follow, max-snippet:-1, max-image-preview:large, max-video-preview:-1\" \/>\n<link rel=\"canonical\" href=\"https:\/\/secutron.com\/fr\/products\/mr-2306-atr-mr-2312-remote-multiplex-annunciators\/\" \/>\n<meta property=\"og:locale\" content=\"fr_CA\" \/>\n<meta property=\"og:type\" content=\"article\" \/>\n<meta property=\"og:title\" content=\"MR-2312-ATR Remote Multiplex Annunciator - Secutron\" \/>\n<meta property=\"og:description\" content=\"The MR-2312-ATR Remote Multiplex Annunciator offers 16 bi-colored LEDs and common control features. Easily mountable in a 4-gang electrical box.\" \/>\n<meta property=\"og:url\" content=\"https:\/\/secutron.com\/fr\/products\/mr-2306-atr-mr-2312-remote-multiplex-annunciators\/\" \/>\n<meta property=\"og:site_name\" content=\"Secutron\" \/>\n<meta property=\"article:modified_time\" content=\"2025-02-27T18:39:14+00:00\" \/>\n<meta property=\"og:image\" content=\"https:\/\/secutron.com\/wp-content\/uploads\/products\/MR-2312-ATR.jpg\" \/>\n\t<meta property=\"og:image:width\" content=\"900\" \/>\n\t<meta property=\"og:image:height\" content=\"900\" \/>\n\t<meta property=\"og:image:type\" content=\"image\/jpeg\" \/>\n<meta name=\"twitter:card\" content=\"summary_large_image\" \/>\n<meta name=\"twitter:label1\" content=\"Estimation du temps de lecture\" \/>\n\t<meta name=\"twitter:data1\" content=\"1 minute\" \/>\n<script type=\"application\/ld+json\" class=\"yoast-schema-graph\">{\"@context\":\"https:\\\/\\\/schema.org\",\"@graph\":[{\"@type\":\"WebPage\",\"@id\":\"https:\\\/\\\/secutron.com\\\/products\\\/mr-2306-atr-mr-2312-remote-multiplex-annunciators\\\/\",\"url\":\"https:\\\/\\\/secutron.com\\\/products\\\/mr-2306-atr-mr-2312-remote-multiplex-annunciators\\\/\",\"name\":\"MR-2312-ATR Remote Multiplex Annunciator - Secutron\",\"isPartOf\":{\"@id\":\"https:\\\/\\\/secutron.com\\\/#website\"},\"primaryImageOfPage\":{\"@id\":\"https:\\\/\\\/secutron.com\\\/products\\\/mr-2306-atr-mr-2312-remote-multiplex-annunciators\\\/#primaryimage\"},\"image\":{\"@id\":\"https:\\\/\\\/secutron.com\\\/products\\\/mr-2306-atr-mr-2312-remote-multiplex-annunciators\\\/#primaryimage\"},\"thumbnailUrl\":\"https:\\\/\\\/secutron.com\\\/wp-content\\\/uploads\\\/products\\\/MR-2312-ATR.jpg\",\"datePublished\":\"2019-06-10T14:48:22+00:00\",\"dateModified\":\"2025-02-27T18:39:14+00:00\",\"description\":\"The MR-2312-ATR Remote Multiplex Annunciator offers 16 bi-colored LEDs and common control features. Easily mountable in a 4-gang electrical box.\",\"breadcrumb\":{\"@id\":\"https:\\\/\\\/secutron.com\\\/products\\\/mr-2306-atr-mr-2312-remote-multiplex-annunciators\\\/#breadcrumb\"},\"inLanguage\":\"fr-CA\",\"potentialAction\":[{\"@type\":\"ReadAction\",\"target\":[\"https:\\\/\\\/secutron.com\\\/products\\\/mr-2306-atr-mr-2312-remote-multiplex-annunciators\\\/\"]}]},{\"@type\":\"ImageObject\",\"inLanguage\":\"fr-CA\",\"@id\":\"https:\\\/\\\/secutron.com\\\/products\\\/mr-2306-atr-mr-2312-remote-multiplex-annunciators\\\/#primaryimage\",\"url\":\"https:\\\/\\\/secutron.com\\\/wp-content\\\/uploads\\\/products\\\/MR-2312-ATR.jpg\",\"contentUrl\":\"https:\\\/\\\/secutron.com\\\/wp-content\\\/uploads\\\/products\\\/MR-2312-ATR.jpg\",\"width\":900,\"height\":900},{\"@type\":\"BreadcrumbList\",\"@id\":\"https:\\\/\\\/secutron.com\\\/products\\\/mr-2306-atr-mr-2312-remote-multiplex-annunciators\\\/#breadcrumb\",\"itemListElement\":[{\"@type\":\"ListItem\",\"position\":1,\"name\":\"Home\",\"item\":\"https:\\\/\\\/secutron.com\\\/\"},{\"@type\":\"ListItem\",\"position\":2,\"name\":\"Shop\",\"item\":\"https:\\\/\\\/secutron.com\\\/shop\\\/\"},{\"@type\":\"ListItem\",\"position\":3,\"name\":\"MR-2312-ATR Remote Multiplex Annunciator\"}]},{\"@type\":\"WebSite\",\"@id\":\"https:\\\/\\\/secutron.com\\\/#website\",\"url\":\"https:\\\/\\\/secutron.com\\\/\",\"name\":\"Secutron\",\"description\":\"\",\"potentialAction\":[{\"@type\":\"SearchAction\",\"target\":{\"@type\":\"EntryPoint\",\"urlTemplate\":\"https:\\\/\\\/secutron.com\\\/?s={search_term_string}\"},\"query-input\":{\"@type\":\"PropertyValueSpecification\",\"valueRequired\":true,\"valueName\":\"search_term_string\"}}],\"inLanguage\":\"fr-CA\"}]}<\/script>\n<!-- \/ Yoast SEO plugin. -->","yoast_head_json":{"title":"MR-2312-ATR Annonciateur multiplex \u00e0 distance - Secutron","description":"L'annonciateur multiplex \u00e0 distance MR-2312-ATR offre 16 LED bicolores et des fonctions de contr\u00f4le communes. Il se monte facilement dans un coffret \u00e9lectrique 4 gang.","robots":{"index":"index","follow":"follow","max-snippet":"max-snippet:-1","max-image-preview":"max-image-preview:large","max-video-preview":"max-video-preview:-1"},"canonical":"https:\/\/secutron.com\/fr\/products\/mr-2306-atr-mr-2312-remote-multiplex-annunciators\/","og_locale":"fr_CA","og_type":"article","og_title":"MR-2312-ATR Remote Multiplex Annunciator - Secutron","og_description":"The MR-2312-ATR Remote Multiplex Annunciator offers 16 bi-colored LEDs and common control features. Easily mountable in a 4-gang electrical box.","og_url":"https:\/\/secutron.com\/fr\/products\/mr-2306-atr-mr-2312-remote-multiplex-annunciators\/","og_site_name":"Secutron","article_modified_time":"2025-02-27T18:39:14+00:00","og_image":[{"width":900,"height":900,"url":"https:\/\/secutron.com\/wp-content\/uploads\/products\/MR-2312-ATR.jpg","type":"image\/jpeg"}],"twitter_card":"summary_large_image","twitter_misc":{"Estimation du temps de lecture":"1 minute"},"schema":{"@context":"https:\/\/schema.org","@graph":[{"@type":"WebPage","@id":"https:\/\/secutron.com\/products\/mr-2306-atr-mr-2312-remote-multiplex-annunciators\/","url":"https:\/\/secutron.com\/products\/mr-2306-atr-mr-2312-remote-multiplex-annunciators\/","name":"MR-2312-ATR Annonciateur multiplex \u00e0 distance - Secutron","isPartOf":{"@id":"https:\/\/secutron.com\/#website"},"primaryImageOfPage":{"@id":"https:\/\/secutron.com\/products\/mr-2306-atr-mr-2312-remote-multiplex-annunciators\/#primaryimage"},"image":{"@id":"https:\/\/secutron.com\/products\/mr-2306-atr-mr-2312-remote-multiplex-annunciators\/#primaryimage"},"thumbnailUrl":"https:\/\/secutron.com\/wp-content\/uploads\/products\/MR-2312-ATR.jpg","datePublished":"2019-06-10T14:48:22+00:00","dateModified":"2025-02-27T18:39:14+00:00","description":"L'annonciateur multiplex \u00e0 distance MR-2312-ATR offre 16 LED bicolores et des fonctions de contr\u00f4le communes. Il se monte facilement dans un coffret \u00e9lectrique 4 gang.","breadcrumb":{"@id":"https:\/\/secutron.com\/products\/mr-2306-atr-mr-2312-remote-multiplex-annunciators\/#breadcrumb"},"inLanguage":"fr-CA","potentialAction":[{"@type":"ReadAction","target":["https:\/\/secutron.com\/products\/mr-2306-atr-mr-2312-remote-multiplex-annunciators\/"]}]},{"@type":"ImageObject","inLanguage":"fr-CA","@id":"https:\/\/secutron.com\/products\/mr-2306-atr-mr-2312-remote-multiplex-annunciators\/#primaryimage","url":"https:\/\/secutron.com\/wp-content\/uploads\/products\/MR-2312-ATR.jpg","contentUrl":"https:\/\/secutron.com\/wp-content\/uploads\/products\/MR-2312-ATR.jpg","width":900,"height":900},{"@type":"BreadcrumbList","@id":"https:\/\/secutron.com\/products\/mr-2306-atr-mr-2312-remote-multiplex-annunciators\/#breadcrumb","itemListElement":[{"@type":"ListItem","position":1,"name":"Home","item":"https:\/\/secutron.com\/"},{"@type":"ListItem","position":2,"name":"Shop","item":"https:\/\/secutron.com\/shop\/"},{"@type":"ListItem","position":3,"name":"MR-2312-ATR Remote Multiplex Annunciator"}]},{"@type":"WebSite","@id":"https:\/\/secutron.com\/#website","url":"https:\/\/secutron.com\/","name":"Secutron","description":"","potentialAction":[{"@type":"SearchAction","target":{"@type":"EntryPoint","urlTemplate":"https:\/\/secutron.com\/?s={search_term_string}"},"query-input":{"@type":"PropertyValueSpecification","valueRequired":true,"valueName":"search_term_string"}}],"inLanguage":"fr-CA"}]}},"_links":{"self":[{"href":"https:\/\/secutron.com\/fr\/wp-json\/wp\/v2\/product\/402","targetHints":{"allow":["GET"]}}],"collection":[{"href":"https:\/\/secutron.com\/fr\/wp-json\/wp\/v2\/product"}],"about":[{"href":"https:\/\/secutron.com\/fr\/wp-json\/wp\/v2\/types\/product"}],"version-history":[{"count":3,"href":"https:\/\/secutron.com\/fr\/wp-json\/wp\/v2\/product\/402\/revisions"}],"predecessor-version":[{"id":3303,"href":"https:\/\/secutron.com\/fr\/wp-json\/wp\/v2\/product\/402\/revisions\/3303"}],"wp:featuredmedia":[{"embeddable":true,"href":"https:\/\/secutron.com\/fr\/wp-json\/wp\/v2\/media\/2493"}],"wp:attachment":[{"href":"https:\/\/secutron.com\/fr\/wp-json\/wp\/v2\/media?parent=402"}],"wp:term":[{"taxonomy":"product_brand","embeddable":true,"href":"https:\/\/secutron.com\/fr\/wp-json\/wp\/v2\/product_brand?post=402"},{"taxonomy":"product_cat","embeddable":true,"href":"https:\/\/secutron.com\/fr\/wp-json\/wp\/v2\/product_cat?post=402"},{"taxonomy":"product_tag","embeddable":true,"href":"https:\/\/secutron.com\/fr\/wp-json\/wp\/v2\/product_tag?post=402"}],"curies":[{"name":"wp","href":"https:\/\/api.w.org\/{rel}","templated":true}]}}