{"id":401,"date":"2019-06-10T14:46:38","date_gmt":"2019-06-10T14:46:38","guid":{"rendered":"http:\/\/dev.secutron.com\/?post_type=product&#038;p=401"},"modified":"2025-02-27T13:31:50","modified_gmt":"2025-02-27T18:31:50","slug":"mr-2300-lcdr-remote-lcd-annunciator","status":"publish","type":"product","link":"https:\/\/secutron.com\/fr\/products\/mr-2300-lcdr-remote-lcd-annunciator\/","title":{"rendered":"MR-2300-LCDR Annonciateur LCD \u00e0 distance"},"content":{"rendered":"<p>Le MR-2300-LCDR est \u00e9quip\u00e9 d'interrupteurs de commande pour la r\u00e9initialisation du syst\u00e8me, le silence du signal, l'exercice d'incendie et l'acquittement, ainsi que d'un clavier num\u00e9rique pour acc\u00e9der aux fonctions du menu.<\/p>\n<p>Les fonctions de contr\u00f4le communes peuvent \u00eatre d\u00e9sactiv\u00e9es pour chaque fonction. Le MR-2300-LCDR est dot\u00e9 d'indicateurs LED pour A.C. On, Alarm, Supervisory, Trouble et CPU Fail. Le MR-2300-LCDR est livr\u00e9 avec un bo\u00eetier rouge, une serrure CAT-30 et une cl\u00e9. Note : ULC List\u00e9 en tant que dispositif auxiliaire.<\/p>\n<h4>Livr\u00e9 avec<\/h4>\n<p>Enceinte semi-affleurante rouge<\/p>","protected":false},"excerpt":{"rendered":"<p>Le MR-2300-LCDR permet une annonce \u00e0 distance par l'interm\u00e9diaire d'un \u00e9cran LCD de 2 lignes et 20 caract\u00e8res.<\/p>","protected":false},"featured_media":541,"template":"","meta":{"_acf_changed":false,"om_disable_all_campaigns":false,"_monsterinsights_skip_tracking":false,"_monsterinsights_sitenote_active":false,"_monsterinsights_sitenote_note":"","_monsterinsights_sitenote_category":0,"footnotes":""},"product_brand":[],"product_cat":[45],"product_tag":[],"class_list":{"0":"post-401","1":"product","2":"type-product","3":"status-publish","4":"has-post-thumbnail","6":"product_cat-remote-annunciators","8":"first","9":"instock","10":"shipping-taxable","11":"product-type-simple"},"acf":[],"yoast_head":"<!-- This site is optimized with the Yoast SEO plugin v27.5 - https:\/\/yoast.com\/product\/yoast-seo-wordpress\/ -->\n<title>MR-2300-LCDR Remote LCD Annunciator - Secutron<\/title>\n<meta name=\"description\" content=\"Experience control with the MR-2300-LCDR remote LCD annunciator. Access menu functions, control switches, and monitor system status with LED indicators\" \/>\n<meta name=\"robots\" content=\"index, follow, max-snippet:-1, max-image-preview:large, max-video-preview:-1\" \/>\n<link rel=\"canonical\" href=\"https:\/\/secutron.com\/fr\/products\/mr-2300-lcdr-remote-lcd-annunciator\/\" \/>\n<meta property=\"og:locale\" content=\"fr_CA\" \/>\n<meta property=\"og:type\" content=\"article\" \/>\n<meta property=\"og:title\" content=\"MR-2300-LCDR Remote LCD Annunciator - Secutron\" \/>\n<meta property=\"og:description\" content=\"Experience control with the MR-2300-LCDR remote LCD annunciator. Access menu functions, control switches, and monitor system status with LED indicators\" \/>\n<meta property=\"og:url\" content=\"https:\/\/secutron.com\/fr\/products\/mr-2300-lcdr-remote-lcd-annunciator\/\" \/>\n<meta property=\"og:site_name\" content=\"Secutron\" \/>\n<meta property=\"article:modified_time\" content=\"2025-02-27T18:31:50+00:00\" \/>\n<meta property=\"og:image\" content=\"https:\/\/secutron.com\/wp-content\/uploads\/products\/MR-2300-LCDR-Remote-LCD-Annunciator-secutron.jpg\" \/>\n\t<meta property=\"og:image:width\" content=\"900\" \/>\n\t<meta property=\"og:image:height\" content=\"900\" \/>\n\t<meta property=\"og:image:type\" content=\"image\/jpeg\" \/>\n<meta name=\"twitter:card\" content=\"summary_large_image\" \/>\n<meta name=\"twitter:label1\" content=\"Estimation du temps de lecture\" \/>\n\t<meta name=\"twitter:data1\" content=\"1 minute\" \/>\n<script type=\"application\/ld+json\" class=\"yoast-schema-graph\">{\"@context\":\"https:\\\/\\\/schema.org\",\"@graph\":[{\"@type\":\"WebPage\",\"@id\":\"https:\\\/\\\/secutron.com\\\/products\\\/mr-2300-lcdr-remote-lcd-annunciator\\\/\",\"url\":\"https:\\\/\\\/secutron.com\\\/products\\\/mr-2300-lcdr-remote-lcd-annunciator\\\/\",\"name\":\"MR-2300-LCDR Remote LCD Annunciator - Secutron\",\"isPartOf\":{\"@id\":\"https:\\\/\\\/secutron.com\\\/#website\"},\"primaryImageOfPage\":{\"@id\":\"https:\\\/\\\/secutron.com\\\/products\\\/mr-2300-lcdr-remote-lcd-annunciator\\\/#primaryimage\"},\"image\":{\"@id\":\"https:\\\/\\\/secutron.com\\\/products\\\/mr-2300-lcdr-remote-lcd-annunciator\\\/#primaryimage\"},\"thumbnailUrl\":\"https:\\\/\\\/secutron.com\\\/wp-content\\\/uploads\\\/products\\\/MR-2300-LCDR-Remote-LCD-Annunciator-secutron.jpg\",\"datePublished\":\"2019-06-10T14:46:38+00:00\",\"dateModified\":\"2025-02-27T18:31:50+00:00\",\"description\":\"Experience control with the MR-2300-LCDR remote LCD annunciator. Access menu functions, control switches, and monitor system status with LED indicators\",\"breadcrumb\":{\"@id\":\"https:\\\/\\\/secutron.com\\\/products\\\/mr-2300-lcdr-remote-lcd-annunciator\\\/#breadcrumb\"},\"inLanguage\":\"fr-CA\",\"potentialAction\":[{\"@type\":\"ReadAction\",\"target\":[\"https:\\\/\\\/secutron.com\\\/products\\\/mr-2300-lcdr-remote-lcd-annunciator\\\/\"]}]},{\"@type\":\"ImageObject\",\"inLanguage\":\"fr-CA\",\"@id\":\"https:\\\/\\\/secutron.com\\\/products\\\/mr-2300-lcdr-remote-lcd-annunciator\\\/#primaryimage\",\"url\":\"https:\\\/\\\/secutron.com\\\/wp-content\\\/uploads\\\/products\\\/MR-2300-LCDR-Remote-LCD-Annunciator-secutron.jpg\",\"contentUrl\":\"https:\\\/\\\/secutron.com\\\/wp-content\\\/uploads\\\/products\\\/MR-2300-LCDR-Remote-LCD-Annunciator-secutron.jpg\",\"width\":900,\"height\":900,\"caption\":\"MR-2300-LCDR-Remote-LCD-Annunciator-secutron\"},{\"@type\":\"BreadcrumbList\",\"@id\":\"https:\\\/\\\/secutron.com\\\/products\\\/mr-2300-lcdr-remote-lcd-annunciator\\\/#breadcrumb\",\"itemListElement\":[{\"@type\":\"ListItem\",\"position\":1,\"name\":\"Home\",\"item\":\"https:\\\/\\\/secutron.com\\\/\"},{\"@type\":\"ListItem\",\"position\":2,\"name\":\"Shop\",\"item\":\"https:\\\/\\\/secutron.com\\\/shop\\\/\"},{\"@type\":\"ListItem\",\"position\":3,\"name\":\"MR-2300-LCDR Remote LCD Annunciator\"}]},{\"@type\":\"WebSite\",\"@id\":\"https:\\\/\\\/secutron.com\\\/#website\",\"url\":\"https:\\\/\\\/secutron.com\\\/\",\"name\":\"Secutron\",\"description\":\"\",\"potentialAction\":[{\"@type\":\"SearchAction\",\"target\":{\"@type\":\"EntryPoint\",\"urlTemplate\":\"https:\\\/\\\/secutron.com\\\/?s={search_term_string}\"},\"query-input\":{\"@type\":\"PropertyValueSpecification\",\"valueRequired\":true,\"valueName\":\"search_term_string\"}}],\"inLanguage\":\"fr-CA\"}]}<\/script>\n<!-- \/ Yoast SEO plugin. -->","yoast_head_json":{"title":"MR-2300-LCDR Annonciateur LCD \u00e0 distance - Secutron","description":"Faites l'exp\u00e9rience du contr\u00f4le avec l'annonciateur LCD \u00e0 distance MR-2300-LCDR. Acc\u00e9dez aux fonctions du menu, contr\u00f4lez les interrupteurs et surveillez l'\u00e9tat du syst\u00e8me gr\u00e2ce aux indicateurs LED.","robots":{"index":"index","follow":"follow","max-snippet":"max-snippet:-1","max-image-preview":"max-image-preview:large","max-video-preview":"max-video-preview:-1"},"canonical":"https:\/\/secutron.com\/fr\/products\/mr-2300-lcdr-remote-lcd-annunciator\/","og_locale":"fr_CA","og_type":"article","og_title":"MR-2300-LCDR Remote LCD Annunciator - Secutron","og_description":"Experience control with the MR-2300-LCDR remote LCD annunciator. Access menu functions, control switches, and monitor system status with LED indicators","og_url":"https:\/\/secutron.com\/fr\/products\/mr-2300-lcdr-remote-lcd-annunciator\/","og_site_name":"Secutron","article_modified_time":"2025-02-27T18:31:50+00:00","og_image":[{"width":900,"height":900,"url":"https:\/\/secutron.com\/wp-content\/uploads\/products\/MR-2300-LCDR-Remote-LCD-Annunciator-secutron.jpg","type":"image\/jpeg"}],"twitter_card":"summary_large_image","twitter_misc":{"Estimation du temps de lecture":"1 minute"},"schema":{"@context":"https:\/\/schema.org","@graph":[{"@type":"WebPage","@id":"https:\/\/secutron.com\/products\/mr-2300-lcdr-remote-lcd-annunciator\/","url":"https:\/\/secutron.com\/products\/mr-2300-lcdr-remote-lcd-annunciator\/","name":"MR-2300-LCDR Annonciateur LCD \u00e0 distance - Secutron","isPartOf":{"@id":"https:\/\/secutron.com\/#website"},"primaryImageOfPage":{"@id":"https:\/\/secutron.com\/products\/mr-2300-lcdr-remote-lcd-annunciator\/#primaryimage"},"image":{"@id":"https:\/\/secutron.com\/products\/mr-2300-lcdr-remote-lcd-annunciator\/#primaryimage"},"thumbnailUrl":"https:\/\/secutron.com\/wp-content\/uploads\/products\/MR-2300-LCDR-Remote-LCD-Annunciator-secutron.jpg","datePublished":"2019-06-10T14:46:38+00:00","dateModified":"2025-02-27T18:31:50+00:00","description":"Faites l'exp\u00e9rience du contr\u00f4le avec l'annonciateur LCD \u00e0 distance MR-2300-LCDR. Acc\u00e9dez aux fonctions du menu, contr\u00f4lez les interrupteurs et surveillez l'\u00e9tat du syst\u00e8me gr\u00e2ce aux indicateurs LED.","breadcrumb":{"@id":"https:\/\/secutron.com\/products\/mr-2300-lcdr-remote-lcd-annunciator\/#breadcrumb"},"inLanguage":"fr-CA","potentialAction":[{"@type":"ReadAction","target":["https:\/\/secutron.com\/products\/mr-2300-lcdr-remote-lcd-annunciator\/"]}]},{"@type":"ImageObject","inLanguage":"fr-CA","@id":"https:\/\/secutron.com\/products\/mr-2300-lcdr-remote-lcd-annunciator\/#primaryimage","url":"https:\/\/secutron.com\/wp-content\/uploads\/products\/MR-2300-LCDR-Remote-LCD-Annunciator-secutron.jpg","contentUrl":"https:\/\/secutron.com\/wp-content\/uploads\/products\/MR-2300-LCDR-Remote-LCD-Annunciator-secutron.jpg","width":900,"height":900,"caption":"MR-2300-LCDR-Remote-LCD-Annunciator-secutron"},{"@type":"BreadcrumbList","@id":"https:\/\/secutron.com\/products\/mr-2300-lcdr-remote-lcd-annunciator\/#breadcrumb","itemListElement":[{"@type":"ListItem","position":1,"name":"Home","item":"https:\/\/secutron.com\/"},{"@type":"ListItem","position":2,"name":"Shop","item":"https:\/\/secutron.com\/shop\/"},{"@type":"ListItem","position":3,"name":"MR-2300-LCDR Remote LCD Annunciator"}]},{"@type":"WebSite","@id":"https:\/\/secutron.com\/#website","url":"https:\/\/secutron.com\/","name":"Secutron","description":"","potentialAction":[{"@type":"SearchAction","target":{"@type":"EntryPoint","urlTemplate":"https:\/\/secutron.com\/?s={search_term_string}"},"query-input":{"@type":"PropertyValueSpecification","valueRequired":true,"valueName":"search_term_string"}}],"inLanguage":"fr-CA"}]}},"_links":{"self":[{"href":"https:\/\/secutron.com\/fr\/wp-json\/wp\/v2\/product\/401","targetHints":{"allow":["GET"]}}],"collection":[{"href":"https:\/\/secutron.com\/fr\/wp-json\/wp\/v2\/product"}],"about":[{"href":"https:\/\/secutron.com\/fr\/wp-json\/wp\/v2\/types\/product"}],"version-history":[{"count":1,"href":"https:\/\/secutron.com\/fr\/wp-json\/wp\/v2\/product\/401\/revisions"}],"predecessor-version":[{"id":3019,"href":"https:\/\/secutron.com\/fr\/wp-json\/wp\/v2\/product\/401\/revisions\/3019"}],"wp:featuredmedia":[{"embeddable":true,"href":"https:\/\/secutron.com\/fr\/wp-json\/wp\/v2\/media\/541"}],"wp:attachment":[{"href":"https:\/\/secutron.com\/fr\/wp-json\/wp\/v2\/media?parent=401"}],"wp:term":[{"taxonomy":"product_brand","embeddable":true,"href":"https:\/\/secutron.com\/fr\/wp-json\/wp\/v2\/product_brand?post=401"},{"taxonomy":"product_cat","embeddable":true,"href":"https:\/\/secutron.com\/fr\/wp-json\/wp\/v2\/product_cat?post=401"},{"taxonomy":"product_tag","embeddable":true,"href":"https:\/\/secutron.com\/fr\/wp-json\/wp\/v2\/product_tag?post=401"}],"curies":[{"name":"wp","href":"https:\/\/api.w.org\/{rel}","templated":true}]}}