{"id":3954,"date":"2025-03-06T14:51:19","date_gmt":"2025-03-06T19:51:19","guid":{"rendered":"https:\/\/secutron.com\/?post_type=product&#038;p=3954"},"modified":"2025-08-12T13:19:29","modified_gmt":"2025-08-12T17:19:29","slug":"mrm-810mpu-en-addressable-pull-stations","status":"publish","type":"product","link":"https:\/\/secutron.com\/fr\/products\/mrm-810mpu-en-addressable-pull-stations\/","title":{"rendered":"MRM-810MPU-EN Station de traction manuelle adressable"},"content":{"rendered":"<p>La station manuelle d'alarme incendie MRM-810MPU-EN de Secutron permet l'activation manuelle de l'alarme incendie. Cette station de d\u00e9clenchement manuel combine un marquage en langue imprim\u00e9e et des symboles en relief pour la rendre facilement reconnaissable. Le MRM-810MPU-EN est compatible avec n'importe quel FACP ou dispositif adressable fonctionnant avec le protocole MGC.<\/p>\n<h3>Caract\u00e9ristiques :<\/h3>\n<ul>\n<li><strong>Construit pour durer<\/strong> - Fabriqu\u00e9 enti\u00e8rement \u00e0 partir de <strong>LEXAN\u00ae<\/strong>Un mat\u00e9riau r\u00e9sistant aux chocs et aux flammes qui assure une durabilit\u00e9 et une protection \u00e0 long terme.<\/li>\n<li><strong>Conforme aux normes ADA, activation facile<\/strong> - Caract\u00e9ristiques <strong>op\u00e9ration \u00e0 poing ferm\u00e9<\/strong>, ce qui en fait <strong>facile \u00e0 utiliser<\/strong> pour les personnes handicap\u00e9es, en veillant au respect de la <strong>Loi sur les Am\u00e9ricains handicap\u00e9s (ADA)<\/strong><\/li>\n<li>Combinaison de marquages imprim\u00e9s en langue avec des symboles et des ic\u00f4nes pour assurer une utilisation claire pour les utilisateurs.<\/li>\n<li><strong>Accessibilit\u00e9 tactile<\/strong> - <strong>Symboles en relief<\/strong> permettent une reconnaissance ais\u00e9e par le toucher, ce qui am\u00e9liore l'utilisation dans des conditions de faible visibilit\u00e9.<\/li>\n<li>Enti\u00e8rement compatible avec tout FACP ou appareil adressable fonctionnant avec le protocole MGC.<\/li>\n<li><strong>Une mise en place sans effort<\/strong> - Con\u00e7u pour <strong>installation facile<\/strong>et \u00e9conomiser du temps et des co\u00fbts de main-d'\u0153uvre.<\/li>\n<li><strong>Large gamme de temp\u00e9ratures<\/strong> - Fonctionne de mani\u00e8re fiable entre <strong>0\u00b0C et 49\u00b0C<\/strong>Les appareils de mesure de la temp\u00e9rature et de l'humidit\u00e9 peuvent \u00eatre utilis\u00e9s en int\u00e9rieur, ce qui garantit des performances constantes dans les environnements int\u00e9rieurs.<\/li>\n<li>Livr\u00e9 avec un <strong>touche de r\u00e9initialisation<\/strong>Il est donc facile de restaurer l'appareil apr\u00e8s l'avoir activ\u00e9.<\/li>\n<li>Conception pour l'int\u00e9rieur<\/li>\n<\/ul>\n<h3>Informations sur les commandes :<\/h3>\n<ul>\n<li>MRM-810MPU-EN : Station d'appel manuelle adressable MP 1 \u00e9tage \u00e0 double action, \"FIRE\", UL<\/li>\n<li>MRM-800 : Bo\u00eete d'encastrement de surface pour 800 stations de traction manuelle<\/li>\n<\/ul>\n<h4>LISTES D'AGENCES<\/h4>\n<p><img decoding=\"async\" src=\"https:\/\/mircom.com\/wp-content\/uploads\/products\/ul.jpg\" \/><a href=\"https:\/\/secutron.com\/wp-content\/uploads\/products\/download.jpg\"><img decoding=\"async\" class=\"alignnone wp-image-3944\" src=\"https:\/\/secutron.com\/wp-content\/uploads\/products\/download.jpg\" alt=\"\" width=\"89\" height=\"89\" \/><\/a><\/p>","protected":false},"excerpt":{"rendered":"<p>La station manuelle d'alarme incendie MRM-810MPU-EN de Secutron permet l'activation manuelle de l'alarme incendie. Cette station de d\u00e9clenchement manuel combine un marquage en langue imprim\u00e9e et des symboles en relief pour la rendre facilement reconnaissable.<\/p>","protected":false},"featured_media":3964,"template":"","meta":{"_acf_changed":false,"om_disable_all_campaigns":false,"_monsterinsights_skip_tracking":false,"_monsterinsights_sitenote_active":false,"_monsterinsights_sitenote_note":"","_monsterinsights_sitenote_category":0,"footnotes":""},"product_brand":[],"product_cat":[42],"product_tag":[],"class_list":{"0":"post-3954","1":"product","2":"type-product","3":"status-publish","4":"has-post-thumbnail","6":"product_cat-addressable-devices-detectors","8":"first","9":"instock","10":"downloadable","11":"shipping-taxable","12":"product-type-simple"},"acf":[],"yoast_head":"<!-- This site is optimized with the Yoast SEO plugin v27.4 - https:\/\/yoast.com\/product\/yoast-seo-wordpress\/ -->\n<title>MRM-810MPU-EN Addressable Manual Pull Station - Secutron<\/title>\n<meta name=\"description\" content=\"Secutron MRM-800(U) Series Conventional Pull Stations, featuring manual fire alarm activation with raised symbols and icons. Made of LEXAN material\" \/>\n<meta name=\"robots\" content=\"index, follow, max-snippet:-1, max-image-preview:large, max-video-preview:-1\" \/>\n<link rel=\"canonical\" href=\"https:\/\/secutron.com\/fr\/products\/mrm-810mpu-en-addressable-pull-stations\/\" \/>\n<meta property=\"og:locale\" content=\"fr_CA\" \/>\n<meta property=\"og:type\" content=\"article\" \/>\n<meta property=\"og:title\" content=\"MRM-810MPU-EN Addressable Manual Pull Station - Secutron\" \/>\n<meta property=\"og:description\" content=\"Secutron MRM-800(U) Series Conventional Pull Stations, featuring manual fire alarm activation with raised symbols and icons. Made of LEXAN material\" \/>\n<meta property=\"og:url\" content=\"https:\/\/secutron.com\/fr\/products\/mrm-810mpu-en-addressable-pull-stations\/\" \/>\n<meta property=\"og:site_name\" content=\"Secutron\" \/>\n<meta property=\"article:modified_time\" content=\"2025-08-12T17:19:29+00:00\" \/>\n<meta property=\"og:image\" content=\"https:\/\/secutron.com\/wp-content\/uploads\/products\/MRM-810U-EN_left_sm.jpg\" \/>\n\t<meta property=\"og:image:width\" content=\"900\" \/>\n\t<meta property=\"og:image:height\" content=\"900\" \/>\n\t<meta property=\"og:image:type\" content=\"image\/jpeg\" \/>\n<meta name=\"twitter:card\" content=\"summary_large_image\" \/>\n<meta name=\"twitter:label1\" content=\"Estimation du temps de lecture\" \/>\n\t<meta name=\"twitter:data1\" content=\"2 minutes\" \/>\n<script type=\"application\/ld+json\" class=\"yoast-schema-graph\">{\"@context\":\"https:\\\/\\\/schema.org\",\"@graph\":[{\"@type\":\"WebPage\",\"@id\":\"https:\\\/\\\/secutron.com\\\/products\\\/mrm-810mpu-en-addressable-pull-stations\\\/\",\"url\":\"https:\\\/\\\/secutron.com\\\/products\\\/mrm-810mpu-en-addressable-pull-stations\\\/\",\"name\":\"MRM-810MPU-EN Addressable Manual Pull Station - Secutron\",\"isPartOf\":{\"@id\":\"https:\\\/\\\/secutron.com\\\/#website\"},\"primaryImageOfPage\":{\"@id\":\"https:\\\/\\\/secutron.com\\\/products\\\/mrm-810mpu-en-addressable-pull-stations\\\/#primaryimage\"},\"image\":{\"@id\":\"https:\\\/\\\/secutron.com\\\/products\\\/mrm-810mpu-en-addressable-pull-stations\\\/#primaryimage\"},\"thumbnailUrl\":\"https:\\\/\\\/secutron.com\\\/wp-content\\\/uploads\\\/products\\\/MRM-810U-EN_left_sm.jpg\",\"datePublished\":\"2025-03-06T19:51:19+00:00\",\"dateModified\":\"2025-08-12T17:19:29+00:00\",\"description\":\"Secutron MRM-800(U) Series Conventional Pull Stations, featuring manual fire alarm activation with raised symbols and icons. Made of LEXAN material\",\"breadcrumb\":{\"@id\":\"https:\\\/\\\/secutron.com\\\/products\\\/mrm-810mpu-en-addressable-pull-stations\\\/#breadcrumb\"},\"inLanguage\":\"fr-CA\",\"potentialAction\":[{\"@type\":\"ReadAction\",\"target\":[\"https:\\\/\\\/secutron.com\\\/products\\\/mrm-810mpu-en-addressable-pull-stations\\\/\"]}]},{\"@type\":\"ImageObject\",\"inLanguage\":\"fr-CA\",\"@id\":\"https:\\\/\\\/secutron.com\\\/products\\\/mrm-810mpu-en-addressable-pull-stations\\\/#primaryimage\",\"url\":\"https:\\\/\\\/secutron.com\\\/wp-content\\\/uploads\\\/products\\\/MRM-810U-EN_left_sm.jpg\",\"contentUrl\":\"https:\\\/\\\/secutron.com\\\/wp-content\\\/uploads\\\/products\\\/MRM-810U-EN_left_sm.jpg\",\"width\":900,\"height\":900,\"caption\":\"MRM-810U-EN_left_sm\"},{\"@type\":\"BreadcrumbList\",\"@id\":\"https:\\\/\\\/secutron.com\\\/products\\\/mrm-810mpu-en-addressable-pull-stations\\\/#breadcrumb\",\"itemListElement\":[{\"@type\":\"ListItem\",\"position\":1,\"name\":\"Home\",\"item\":\"https:\\\/\\\/secutron.com\\\/\"},{\"@type\":\"ListItem\",\"position\":2,\"name\":\"Shop\",\"item\":\"https:\\\/\\\/secutron.com\\\/shop\\\/\"},{\"@type\":\"ListItem\",\"position\":3,\"name\":\"MRM-810MPU-EN Addressable Manual Pull Station\"}]},{\"@type\":\"WebSite\",\"@id\":\"https:\\\/\\\/secutron.com\\\/#website\",\"url\":\"https:\\\/\\\/secutron.com\\\/\",\"name\":\"Secutron\",\"description\":\"\",\"potentialAction\":[{\"@type\":\"SearchAction\",\"target\":{\"@type\":\"EntryPoint\",\"urlTemplate\":\"https:\\\/\\\/secutron.com\\\/?s={search_term_string}\"},\"query-input\":{\"@type\":\"PropertyValueSpecification\",\"valueRequired\":true,\"valueName\":\"search_term_string\"}}],\"inLanguage\":\"fr-CA\"}]}<\/script>\n<!-- \/ Yoast SEO plugin. -->","yoast_head_json":{"title":"MRM-810MPU-EN Station de tirage manuelle adressable - Secutron","description":"Secutron MRM-800(U) Series Conventional Pull Stations, avec activation manuelle de l'alarme incendie avec symboles et ic\u00f4nes en relief. Fabriqu\u00e9e en mat\u00e9riau LEXAN","robots":{"index":"index","follow":"follow","max-snippet":"max-snippet:-1","max-image-preview":"max-image-preview:large","max-video-preview":"max-video-preview:-1"},"canonical":"https:\/\/secutron.com\/fr\/products\/mrm-810mpu-en-addressable-pull-stations\/","og_locale":"fr_CA","og_type":"article","og_title":"MRM-810MPU-EN Addressable Manual Pull Station - Secutron","og_description":"Secutron MRM-800(U) Series Conventional Pull Stations, featuring manual fire alarm activation with raised symbols and icons. Made of LEXAN material","og_url":"https:\/\/secutron.com\/fr\/products\/mrm-810mpu-en-addressable-pull-stations\/","og_site_name":"Secutron","article_modified_time":"2025-08-12T17:19:29+00:00","og_image":[{"width":900,"height":900,"url":"https:\/\/secutron.com\/wp-content\/uploads\/products\/MRM-810U-EN_left_sm.jpg","type":"image\/jpeg"}],"twitter_card":"summary_large_image","twitter_misc":{"Estimation du temps de lecture":"2 minutes"},"schema":{"@context":"https:\/\/schema.org","@graph":[{"@type":"WebPage","@id":"https:\/\/secutron.com\/products\/mrm-810mpu-en-addressable-pull-stations\/","url":"https:\/\/secutron.com\/products\/mrm-810mpu-en-addressable-pull-stations\/","name":"MRM-810MPU-EN Station de tirage manuelle adressable - Secutron","isPartOf":{"@id":"https:\/\/secutron.com\/#website"},"primaryImageOfPage":{"@id":"https:\/\/secutron.com\/products\/mrm-810mpu-en-addressable-pull-stations\/#primaryimage"},"image":{"@id":"https:\/\/secutron.com\/products\/mrm-810mpu-en-addressable-pull-stations\/#primaryimage"},"thumbnailUrl":"https:\/\/secutron.com\/wp-content\/uploads\/products\/MRM-810U-EN_left_sm.jpg","datePublished":"2025-03-06T19:51:19+00:00","dateModified":"2025-08-12T17:19:29+00:00","description":"Secutron MRM-800(U) Series Conventional Pull Stations, avec activation manuelle de l'alarme incendie avec symboles et ic\u00f4nes en relief. Fabriqu\u00e9e en mat\u00e9riau LEXAN","breadcrumb":{"@id":"https:\/\/secutron.com\/products\/mrm-810mpu-en-addressable-pull-stations\/#breadcrumb"},"inLanguage":"fr-CA","potentialAction":[{"@type":"ReadAction","target":["https:\/\/secutron.com\/products\/mrm-810mpu-en-addressable-pull-stations\/"]}]},{"@type":"ImageObject","inLanguage":"fr-CA","@id":"https:\/\/secutron.com\/products\/mrm-810mpu-en-addressable-pull-stations\/#primaryimage","url":"https:\/\/secutron.com\/wp-content\/uploads\/products\/MRM-810U-EN_left_sm.jpg","contentUrl":"https:\/\/secutron.com\/wp-content\/uploads\/products\/MRM-810U-EN_left_sm.jpg","width":900,"height":900,"caption":"MRM-810U-EN_left_sm"},{"@type":"BreadcrumbList","@id":"https:\/\/secutron.com\/products\/mrm-810mpu-en-addressable-pull-stations\/#breadcrumb","itemListElement":[{"@type":"ListItem","position":1,"name":"Home","item":"https:\/\/secutron.com\/"},{"@type":"ListItem","position":2,"name":"Shop","item":"https:\/\/secutron.com\/shop\/"},{"@type":"ListItem","position":3,"name":"MRM-810MPU-EN Addressable Manual Pull Station"}]},{"@type":"WebSite","@id":"https:\/\/secutron.com\/#website","url":"https:\/\/secutron.com\/","name":"Secutron","description":"","potentialAction":[{"@type":"SearchAction","target":{"@type":"EntryPoint","urlTemplate":"https:\/\/secutron.com\/?s={search_term_string}"},"query-input":{"@type":"PropertyValueSpecification","valueRequired":true,"valueName":"search_term_string"}}],"inLanguage":"fr-CA"}]}},"_links":{"self":[{"href":"https:\/\/secutron.com\/fr\/wp-json\/wp\/v2\/product\/3954","targetHints":{"allow":["GET"]}}],"collection":[{"href":"https:\/\/secutron.com\/fr\/wp-json\/wp\/v2\/product"}],"about":[{"href":"https:\/\/secutron.com\/fr\/wp-json\/wp\/v2\/types\/product"}],"version-history":[{"count":3,"href":"https:\/\/secutron.com\/fr\/wp-json\/wp\/v2\/product\/3954\/revisions"}],"predecessor-version":[{"id":4075,"href":"https:\/\/secutron.com\/fr\/wp-json\/wp\/v2\/product\/3954\/revisions\/4075"}],"wp:featuredmedia":[{"embeddable":true,"href":"https:\/\/secutron.com\/fr\/wp-json\/wp\/v2\/media\/3964"}],"wp:attachment":[{"href":"https:\/\/secutron.com\/fr\/wp-json\/wp\/v2\/media?parent=3954"}],"wp:term":[{"taxonomy":"product_brand","embeddable":true,"href":"https:\/\/secutron.com\/fr\/wp-json\/wp\/v2\/product_brand?post=3954"},{"taxonomy":"product_cat","embeddable":true,"href":"https:\/\/secutron.com\/fr\/wp-json\/wp\/v2\/product_cat?post=3954"},{"taxonomy":"product_tag","embeddable":true,"href":"https:\/\/secutron.com\/fr\/wp-json\/wp\/v2\/product_tag?post=3954"}],"curies":[{"name":"wp","href":"https:\/\/api.w.org\/{rel}","templated":true}]}}