{"id":386,"date":"2019-06-10T14:36:03","date_gmt":"2019-06-10T14:36:03","guid":{"rendered":"http:\/\/dev.secutron.com\/?post_type=product&#038;p=386"},"modified":"2024-07-17T16:17:03","modified_gmt":"2024-07-17T20:17:03","slug":"mrm-700u-series-single-action-emergency-station","status":"publish","type":"product","link":"https:\/\/secutron.com\/fr\/products\/mrm-700u-series-single-action-emergency-station\/","title":{"rendered":"Poste d'urgence simple action de la s\u00e9rie MRM-700(U)"},"content":{"rendered":"<p>Les postes manuels d'urgence MRM-700(U) de Secutron sont des postes manuels en m\u00e9tal moul\u00e9 de haute qualit\u00e9, con\u00e7us pour r\u00e9pondre \u00e0 des exigences d'utilisation particuli\u00e8res. Les MRM-700(U) sont con\u00e7ues pour<br \/>\npour l'int\u00e9rieur et l'ext\u00e9rieur.<\/p>\n<p>Les postes manuels d'urgence MRM-700(U) de Secutron se composent du MRM-703(U), qui est un poste manuel \u00e0 simple action fini en \u00e9mail bleu, et du MRM-704(U), qui est \u00e9galement un poste manuel \u00e0 simple action mais fini en \u00e9mail jaune.<\/p>\n<p>Le suffixe \"U\" indique la version USA.<\/p>\n<p>Tous les mod\u00e8les sont disponibles avec r\u00e9armement par cl\u00e9, serrure CAT-30 et cl\u00e9s, contacts SPDT et connexions par bornier. Les contacts sont plaqu\u00e9s or pour \u00e9viter tout risque de corrosion. Les postes manuels d'urgence MRM-700(U) se montent sur une bo\u00eete \u00e0 boutons standard simple.<\/p>\n<h4>Fonctionnement<\/h4>\n<p>Les postes manuels d'urgence MRM-700(U) \u00e0 simple action sont actionn\u00e9s en tirant vers le bas la poign\u00e9e marqu\u00e9e \"PULL HANDLE\" \u00e0 l'avant du poste.<\/p>\n<p>Les postes manuels d'urgence de la s\u00e9rie MRM-700(U) sont r\u00e9initialis\u00e9s en ouvrant le poste \u00e0 l'aide de la cl\u00e9, en pla\u00e7ant la poign\u00e9e en position verticale normale et en verrouillant \u00e0 nouveau le poste.<\/p>\n<p>&nbsp;<\/p>","protected":false},"excerpt":{"rendered":"<p>Les postes manuels d'urgence de la s\u00e9rie MRM-700(U) de Secutron sont des postes manuels en m\u00e9tal moul\u00e9 de haute qualit\u00e9, con\u00e7us pour r\u00e9pondre \u00e0 des exigences d'utilisation particuli\u00e8res.<\/p>\n<div id=\"productSalesCTA\">\n<div class=\"row\"><\/div>\n<\/div>","protected":false},"featured_media":521,"template":"","meta":{"_acf_changed":false,"om_disable_all_campaigns":false,"_monsterinsights_skip_tracking":false,"_monsterinsights_sitenote_active":false,"_monsterinsights_sitenote_note":"","_monsterinsights_sitenote_category":0,"footnotes":""},"product_brand":[],"product_cat":[71],"product_tag":[],"class_list":{"0":"post-386","1":"product","2":"type-product","3":"status-publish","4":"has-post-thumbnail","6":"product_cat-manual-pull-stations","8":"first","9":"instock","10":"shipping-taxable","11":"product-type-simple"},"acf":[],"yoast_head":"<!-- This site is optimized with the Yoast SEO plugin v27.4 - https:\/\/yoast.com\/product\/yoast-seo-wordpress\/ -->\n<title>MRM-700(U) Series Single Action Emergency Station - Secutron<\/title>\n<meta name=\"description\" content=\"Introducing Secutron&#039;s MRM-700(U) Emergency Manual Stations, crafted from durable die-cast metal and designed to meet special use requirements.Single Action\" \/>\n<meta name=\"robots\" content=\"index, follow, max-snippet:-1, max-image-preview:large, max-video-preview:-1\" \/>\n<link rel=\"canonical\" href=\"https:\/\/secutron.com\/fr\/products\/mrm-700u-series-single-action-emergency-station\/\" \/>\n<meta property=\"og:locale\" content=\"fr_CA\" \/>\n<meta property=\"og:type\" content=\"article\" \/>\n<meta property=\"og:title\" content=\"MRM-700(U) Series Single Action Emergency Station - Secutron\" \/>\n<meta property=\"og:description\" content=\"Introducing Secutron&#039;s MRM-700(U) Emergency Manual Stations, crafted from durable die-cast metal and designed to meet special use requirements.Single Action\" \/>\n<meta property=\"og:url\" content=\"https:\/\/secutron.com\/fr\/products\/mrm-700u-series-single-action-emergency-station\/\" \/>\n<meta property=\"og:site_name\" content=\"Secutron\" \/>\n<meta property=\"article:modified_time\" content=\"2024-07-17T20:17:03+00:00\" \/>\n<meta property=\"og:image\" content=\"https:\/\/secutron.com\/wp-content\/uploads\/products\/MS-703U-Series-Single-Action-Emergency-Station-secutron.jpg\" \/>\n\t<meta property=\"og:image:width\" content=\"900\" \/>\n\t<meta property=\"og:image:height\" content=\"900\" \/>\n\t<meta property=\"og:image:type\" content=\"image\/jpeg\" \/>\n<meta name=\"twitter:card\" content=\"summary_large_image\" \/>\n<meta name=\"twitter:label1\" content=\"Estimation du temps de lecture\" \/>\n\t<meta name=\"twitter:data1\" content=\"1 minute\" \/>\n<script type=\"application\/ld+json\" class=\"yoast-schema-graph\">{\"@context\":\"https:\\\/\\\/schema.org\",\"@graph\":[{\"@type\":\"WebPage\",\"@id\":\"https:\\\/\\\/secutron.com\\\/products\\\/mrm-700u-series-single-action-emergency-station\\\/\",\"url\":\"https:\\\/\\\/secutron.com\\\/products\\\/mrm-700u-series-single-action-emergency-station\\\/\",\"name\":\"MRM-700(U) Series Single Action Emergency Station - Secutron\",\"isPartOf\":{\"@id\":\"https:\\\/\\\/secutron.com\\\/#website\"},\"primaryImageOfPage\":{\"@id\":\"https:\\\/\\\/secutron.com\\\/products\\\/mrm-700u-series-single-action-emergency-station\\\/#primaryimage\"},\"image\":{\"@id\":\"https:\\\/\\\/secutron.com\\\/products\\\/mrm-700u-series-single-action-emergency-station\\\/#primaryimage\"},\"thumbnailUrl\":\"https:\\\/\\\/secutron.com\\\/wp-content\\\/uploads\\\/products\\\/MS-703U-Series-Single-Action-Emergency-Station-secutron.jpg\",\"datePublished\":\"2019-06-10T14:36:03+00:00\",\"dateModified\":\"2024-07-17T20:17:03+00:00\",\"description\":\"Introducing Secutron's MRM-700(U) Emergency Manual Stations, crafted from durable die-cast metal and designed to meet special use requirements.Single Action\",\"breadcrumb\":{\"@id\":\"https:\\\/\\\/secutron.com\\\/products\\\/mrm-700u-series-single-action-emergency-station\\\/#breadcrumb\"},\"inLanguage\":\"fr-CA\",\"potentialAction\":[{\"@type\":\"ReadAction\",\"target\":[\"https:\\\/\\\/secutron.com\\\/products\\\/mrm-700u-series-single-action-emergency-station\\\/\"]}]},{\"@type\":\"ImageObject\",\"inLanguage\":\"fr-CA\",\"@id\":\"https:\\\/\\\/secutron.com\\\/products\\\/mrm-700u-series-single-action-emergency-station\\\/#primaryimage\",\"url\":\"https:\\\/\\\/secutron.com\\\/wp-content\\\/uploads\\\/products\\\/MS-703U-Series-Single-Action-Emergency-Station-secutron.jpg\",\"contentUrl\":\"https:\\\/\\\/secutron.com\\\/wp-content\\\/uploads\\\/products\\\/MS-703U-Series-Single-Action-Emergency-Station-secutron.jpg\",\"width\":\"900\",\"height\":\"900\",\"caption\":\"MS-703U-Series-Single-Action-Emergency-Station-secutron\"},{\"@type\":\"BreadcrumbList\",\"@id\":\"https:\\\/\\\/secutron.com\\\/products\\\/mrm-700u-series-single-action-emergency-station\\\/#breadcrumb\",\"itemListElement\":[{\"@type\":\"ListItem\",\"position\":1,\"name\":\"Home\",\"item\":\"https:\\\/\\\/secutron.com\\\/\"},{\"@type\":\"ListItem\",\"position\":2,\"name\":\"Shop\",\"item\":\"https:\\\/\\\/secutron.com\\\/shop\\\/\"},{\"@type\":\"ListItem\",\"position\":3,\"name\":\"MRM-700(U) Series Single Action Emergency Station\"}]},{\"@type\":\"WebSite\",\"@id\":\"https:\\\/\\\/secutron.com\\\/#website\",\"url\":\"https:\\\/\\\/secutron.com\\\/\",\"name\":\"Secutron\",\"description\":\"\",\"potentialAction\":[{\"@type\":\"SearchAction\",\"target\":{\"@type\":\"EntryPoint\",\"urlTemplate\":\"https:\\\/\\\/secutron.com\\\/?s={search_term_string}\"},\"query-input\":{\"@type\":\"PropertyValueSpecification\",\"valueRequired\":true,\"valueName\":\"search_term_string\"}}],\"inLanguage\":\"fr-CA\"}]}<\/script>\n<!-- \/ Yoast SEO plugin. -->","yoast_head_json":{"title":"Poste d'urgence simple action de la s\u00e9rie MRM-700(U) - Secutron","description":"Voici les postes manuels d'urgence MRM-700(U) de Secutron, fabriqu\u00e9s en m\u00e9tal moul\u00e9 sous pression durable et con\u00e7us pour r\u00e9pondre \u00e0 des exigences d'utilisation particuli\u00e8res.","robots":{"index":"index","follow":"follow","max-snippet":"max-snippet:-1","max-image-preview":"max-image-preview:large","max-video-preview":"max-video-preview:-1"},"canonical":"https:\/\/secutron.com\/fr\/products\/mrm-700u-series-single-action-emergency-station\/","og_locale":"fr_CA","og_type":"article","og_title":"MRM-700(U) Series Single Action Emergency Station - Secutron","og_description":"Introducing Secutron's MRM-700(U) Emergency Manual Stations, crafted from durable die-cast metal and designed to meet special use requirements.Single Action","og_url":"https:\/\/secutron.com\/fr\/products\/mrm-700u-series-single-action-emergency-station\/","og_site_name":"Secutron","article_modified_time":"2024-07-17T20:17:03+00:00","og_image":[{"width":900,"height":900,"url":"https:\/\/secutron.com\/wp-content\/uploads\/products\/MS-703U-Series-Single-Action-Emergency-Station-secutron.jpg","type":"image\/jpeg"}],"twitter_card":"summary_large_image","twitter_misc":{"Estimation du temps de lecture":"1 minute"},"schema":{"@context":"https:\/\/schema.org","@graph":[{"@type":"WebPage","@id":"https:\/\/secutron.com\/products\/mrm-700u-series-single-action-emergency-station\/","url":"https:\/\/secutron.com\/products\/mrm-700u-series-single-action-emergency-station\/","name":"Poste d'urgence simple action de la s\u00e9rie MRM-700(U) - Secutron","isPartOf":{"@id":"https:\/\/secutron.com\/#website"},"primaryImageOfPage":{"@id":"https:\/\/secutron.com\/products\/mrm-700u-series-single-action-emergency-station\/#primaryimage"},"image":{"@id":"https:\/\/secutron.com\/products\/mrm-700u-series-single-action-emergency-station\/#primaryimage"},"thumbnailUrl":"https:\/\/secutron.com\/wp-content\/uploads\/products\/MS-703U-Series-Single-Action-Emergency-Station-secutron.jpg","datePublished":"2019-06-10T14:36:03+00:00","dateModified":"2024-07-17T20:17:03+00:00","description":"Voici les postes manuels d'urgence MRM-700(U) de Secutron, fabriqu\u00e9s en m\u00e9tal moul\u00e9 sous pression durable et con\u00e7us pour r\u00e9pondre \u00e0 des exigences d'utilisation particuli\u00e8res.","breadcrumb":{"@id":"https:\/\/secutron.com\/products\/mrm-700u-series-single-action-emergency-station\/#breadcrumb"},"inLanguage":"fr-CA","potentialAction":[{"@type":"ReadAction","target":["https:\/\/secutron.com\/products\/mrm-700u-series-single-action-emergency-station\/"]}]},{"@type":"ImageObject","inLanguage":"fr-CA","@id":"https:\/\/secutron.com\/products\/mrm-700u-series-single-action-emergency-station\/#primaryimage","url":"https:\/\/secutron.com\/wp-content\/uploads\/products\/MS-703U-Series-Single-Action-Emergency-Station-secutron.jpg","contentUrl":"https:\/\/secutron.com\/wp-content\/uploads\/products\/MS-703U-Series-Single-Action-Emergency-Station-secutron.jpg","width":"900","height":"900","caption":"MS-703U-Series-Single-Action-Emergency-Station-secutron"},{"@type":"BreadcrumbList","@id":"https:\/\/secutron.com\/products\/mrm-700u-series-single-action-emergency-station\/#breadcrumb","itemListElement":[{"@type":"ListItem","position":1,"name":"Home","item":"https:\/\/secutron.com\/"},{"@type":"ListItem","position":2,"name":"Shop","item":"https:\/\/secutron.com\/shop\/"},{"@type":"ListItem","position":3,"name":"MRM-700(U) Series Single Action Emergency Station"}]},{"@type":"WebSite","@id":"https:\/\/secutron.com\/#website","url":"https:\/\/secutron.com\/","name":"Secutron","description":"","potentialAction":[{"@type":"SearchAction","target":{"@type":"EntryPoint","urlTemplate":"https:\/\/secutron.com\/?s={search_term_string}"},"query-input":{"@type":"PropertyValueSpecification","valueRequired":true,"valueName":"search_term_string"}}],"inLanguage":"fr-CA"}]}},"_links":{"self":[{"href":"https:\/\/secutron.com\/fr\/wp-json\/wp\/v2\/product\/386","targetHints":{"allow":["GET"]}}],"collection":[{"href":"https:\/\/secutron.com\/fr\/wp-json\/wp\/v2\/product"}],"about":[{"href":"https:\/\/secutron.com\/fr\/wp-json\/wp\/v2\/types\/product"}],"version-history":[{"count":4,"href":"https:\/\/secutron.com\/fr\/wp-json\/wp\/v2\/product\/386\/revisions"}],"predecessor-version":[{"id":3508,"href":"https:\/\/secutron.com\/fr\/wp-json\/wp\/v2\/product\/386\/revisions\/3508"}],"wp:featuredmedia":[{"embeddable":true,"href":"https:\/\/secutron.com\/fr\/wp-json\/wp\/v2\/media\/521"}],"wp:attachment":[{"href":"https:\/\/secutron.com\/fr\/wp-json\/wp\/v2\/media?parent=386"}],"wp:term":[{"taxonomy":"product_brand","embeddable":true,"href":"https:\/\/secutron.com\/fr\/wp-json\/wp\/v2\/product_brand?post=386"},{"taxonomy":"product_cat","embeddable":true,"href":"https:\/\/secutron.com\/fr\/wp-json\/wp\/v2\/product_cat?post=386"},{"taxonomy":"product_tag","embeddable":true,"href":"https:\/\/secutron.com\/fr\/wp-json\/wp\/v2\/product_tag?post=386"}],"curies":[{"name":"wp","href":"https:\/\/api.w.org\/{rel}","templated":true}]}}