{"id":3729,"date":"2024-10-28T10:04:15","date_gmt":"2024-10-28T14:04:15","guid":{"rendered":"https:\/\/secutron.com\/?post_type=product&#038;p=3729"},"modified":"2025-01-27T11:24:50","modified_gmt":"2025-01-27T16:24:50","slug":"mri-4003-lf","status":"publish","type":"product","link":"https:\/\/secutron.com\/fr\/products\/mri-4003-lf\/","title":{"rendered":"MRI-4003-LF Base du sondeur basse fr\u00e9quence"},"content":{"rendered":"<p>La base de la sir\u00e8ne basse fr\u00e9quence MRI-4003-LF est con\u00e7ue pour r\u00e9pondre aux exigences de la norme NFPA 72 pour les zones de sommeil, fonctionnant dans une gamme de fr\u00e9quences de 520 Hz \u00b1 10%, garantissant l'alarme la plus efficace pour les personnes \u00e9veill\u00e9es en cas d'urgence.<\/p>\n<h2><strong>Caract\u00e9ristiques :<\/strong><\/h2>\n<ul>\n<li><strong>Conformit\u00e9 globale :<\/strong> Enti\u00e8rement conforme \u00e0 la norme NFPA 72 pour les codes relatifs aux \u00e9metteurs de basse fr\u00e9quence<\/li>\n<li><strong>Tonalit\u00e9 optimale de l'alarme<\/strong>: Emet une tonalit\u00e9 carr\u00e9e de 520 Hz \u00b1 10%<\/li>\n<li><strong>Alarme localis\u00e9e :<\/strong> Possibilit\u00e9 de d\u00e9clencher une alarme int\u00e9gr\u00e9e pour tous les d\u00e9tecteurs IRM-4000<\/li>\n<li><strong>Co\u00fbt et efficacit\u00e9 de l'espace :<\/strong> Supprime la n\u00e9cessit\u00e9 d'une sir\u00e8ne externe, ce qui r\u00e9duit les co\u00fbts d'installation et \u00e9conomise de l'espace.<\/li>\n<li><strong>Fonctionnement configurable<\/strong>: Les mod\u00e8les de tonalit\u00e9 et les niveaux sonores sont s\u00e9lectionnables via l'outil configurable MGC MP au FACP.\n<ul>\n<li>Temporel<\/li>\n<li>En continu<\/li>\n<li>20 BPM<\/li>\n<li>Mars<\/li>\n<\/ul>\n<\/li>\n<li><strong>Compatibilit\u00e9 avanc\u00e9e :<\/strong> Compatible avec les c\u00e2blages de classe A, de classe X et de classe B, il peut \u00eatre associ\u00e9 \u00e0 n'importe quel dispositif connect\u00e9 au FACP.<\/li>\n<li><strong>Fonctionnement efficace :<\/strong> Ne n\u00e9cessite pas d'adresse de boucle SLC, utilisant l'adressage de sous-points de capteurs MRI-4000 pour une int\u00e9gration transparente.<\/li>\n<li><strong>Options de montage polyvalentes :<\/strong> Peut \u00eatre mont\u00e9 sur divers bo\u00eetiers \u00e9lectriques, simples ou doubles, carr\u00e9s de 4\u2033 et octogonaux de 4\u2033.<\/li>\n<li>Plaque de montage incluse pour simplifier le c\u00e2blage et permettre une installation plus facile et plus rapide<\/li>\n<li>Homologu\u00e9 pour un montage mural ou au plafond<\/li>\n<\/ul>\n<h4><strong>Informations sur les commandes :<\/strong><\/h4>\n<ul>\n<li><strong>MRI-4003-LF :<\/strong> Base du sondeur basse fr\u00e9quence de la s\u00e9rie 4000<\/li>\n<\/ul>\n<h4><strong>Liste des agences :<\/strong><\/h4>\n<ul>\n<li>UL 268<\/li>\n<li>UL 464<\/li>\n<li>ULC S529<\/li>\n<li>ULC S525<\/li>\n<\/ul>\n<p><img decoding=\"async\" src=\"https:\/\/mircom.com\/wp-content\/uploads\/products\/ul.jpg\" \/> <img decoding=\"async\" src=\"https:\/\/mircom.com\/wp-content\/uploads\/products\/ulc.jpg\" \/><a href=\"https:\/\/secutron.com\/wp-content\/uploads\/csfm.jpg\"><img decoding=\"async\" class=\"alignnone size-full wp-image-1632\" src=\"https:\/\/secutron.com\/wp-content\/uploads\/csfm.jpg\" alt=\"\" width=\"120\" height=\"90\" \/><\/a><\/p>\n<p>*Veuillez contacter le repr\u00e9sentant local de Mircom pour conna\u00eetre les disponibilit\u00e9s r\u00e9gionales.<\/p>","protected":false},"excerpt":{"rendered":"<p>La base de la sir\u00e8ne basse fr\u00e9quence MRI-4003-LF est con\u00e7ue pour r\u00e9pondre aux exigences de la norme NFPA 72 pour les zones de sommeil, fonctionnant dans une gamme de fr\u00e9quences de 520 Hz \u00b1 10%, garantissant l'alarme la plus efficace pour les personnes \u00e9veill\u00e9es en cas d'urgence.<\/p>","protected":false},"featured_media":3737,"template":"","meta":{"_acf_changed":false,"om_disable_all_campaigns":false,"_monsterinsights_skip_tracking":false,"_monsterinsights_sitenote_active":false,"_monsterinsights_sitenote_note":"","_monsterinsights_sitenote_category":0,"footnotes":""},"product_brand":[],"product_cat":[77],"product_tag":[],"class_list":{"0":"post-3729","1":"product","2":"type-product","3":"status-publish","4":"has-post-thumbnail","6":"product_cat-4000-series-devices","8":"first","9":"instock","10":"shipping-taxable","11":"product-type-simple"},"acf":[],"yoast_head":"<!-- This site is optimized with the Yoast SEO plugin v27.4 - https:\/\/yoast.com\/product\/yoast-seo-wordpress\/ -->\n<title>MRI-4003-LF Low Frequency Sounder Base - Secutron<\/title>\n<meta name=\"description\" content=\"Discover the MRI-4003-R Relay Base with one form C (SPDT) contact, ideal for isolated and non-isolated detectors. Easy wiring and multiple mounting options.\" \/>\n<meta name=\"robots\" content=\"index, follow, max-snippet:-1, max-image-preview:large, max-video-preview:-1\" \/>\n<link rel=\"canonical\" href=\"https:\/\/secutron.com\/fr\/products\/mri-4003-lf\/\" \/>\n<meta property=\"og:locale\" content=\"fr_CA\" \/>\n<meta property=\"og:type\" content=\"article\" \/>\n<meta property=\"og:title\" content=\"MRI-4003-LF Low Frequency Sounder Base - Secutron\" \/>\n<meta property=\"og:description\" content=\"Discover the MRI-4003-R Relay Base with one form C (SPDT) contact, ideal for isolated and non-isolated detectors. Easy wiring and multiple mounting options.\" \/>\n<meta property=\"og:url\" content=\"https:\/\/secutron.com\/fr\/products\/mri-4003-lf\/\" \/>\n<meta property=\"og:site_name\" content=\"Secutron\" \/>\n<meta property=\"article:modified_time\" content=\"2025-01-27T16:24:50+00:00\" \/>\n<meta property=\"og:image\" content=\"https:\/\/secutron.com\/wp-content\/uploads\/products\/MIX-4003-S-R-with-MIX-4020-ISO.jpg\" \/>\n\t<meta property=\"og:image:width\" content=\"800\" \/>\n\t<meta property=\"og:image:height\" content=\"600\" \/>\n\t<meta property=\"og:image:type\" content=\"image\/jpeg\" \/>\n<meta name=\"twitter:card\" content=\"summary_large_image\" \/>\n<meta name=\"twitter:label1\" content=\"Estimation du temps de lecture\" \/>\n\t<meta name=\"twitter:data1\" content=\"2 minutes\" \/>\n<script type=\"application\/ld+json\" class=\"yoast-schema-graph\">{\"@context\":\"https:\\\/\\\/schema.org\",\"@graph\":[{\"@type\":\"WebPage\",\"@id\":\"https:\\\/\\\/secutron.com\\\/products\\\/mri-4003-lf\\\/\",\"url\":\"https:\\\/\\\/secutron.com\\\/products\\\/mri-4003-lf\\\/\",\"name\":\"MRI-4003-LF Low Frequency Sounder Base - Secutron\",\"isPartOf\":{\"@id\":\"https:\\\/\\\/secutron.com\\\/#website\"},\"primaryImageOfPage\":{\"@id\":\"https:\\\/\\\/secutron.com\\\/products\\\/mri-4003-lf\\\/#primaryimage\"},\"image\":{\"@id\":\"https:\\\/\\\/secutron.com\\\/products\\\/mri-4003-lf\\\/#primaryimage\"},\"thumbnailUrl\":\"https:\\\/\\\/secutron.com\\\/wp-content\\\/uploads\\\/products\\\/MIX-4003-S-R-with-MIX-4020-ISO-scaled.jpg\",\"datePublished\":\"2024-10-28T14:04:15+00:00\",\"dateModified\":\"2025-01-27T16:24:50+00:00\",\"description\":\"Discover the MRI-4003-R Relay Base with one form C (SPDT) contact, ideal for isolated and non-isolated detectors. Easy wiring and multiple mounting options.\",\"breadcrumb\":{\"@id\":\"https:\\\/\\\/secutron.com\\\/products\\\/mri-4003-lf\\\/#breadcrumb\"},\"inLanguage\":\"fr-CA\",\"potentialAction\":[{\"@type\":\"ReadAction\",\"target\":[\"https:\\\/\\\/secutron.com\\\/products\\\/mri-4003-lf\\\/\"]}]},{\"@type\":\"ImageObject\",\"inLanguage\":\"fr-CA\",\"@id\":\"https:\\\/\\\/secutron.com\\\/products\\\/mri-4003-lf\\\/#primaryimage\",\"url\":\"https:\\\/\\\/secutron.com\\\/wp-content\\\/uploads\\\/products\\\/MIX-4003-S-R-with-MIX-4020-ISO-scaled.jpg\",\"contentUrl\":\"https:\\\/\\\/secutron.com\\\/wp-content\\\/uploads\\\/products\\\/MIX-4003-S-R-with-MIX-4020-ISO-scaled.jpg\",\"width\":5038,\"height\":3779},{\"@type\":\"BreadcrumbList\",\"@id\":\"https:\\\/\\\/secutron.com\\\/products\\\/mri-4003-lf\\\/#breadcrumb\",\"itemListElement\":[{\"@type\":\"ListItem\",\"position\":1,\"name\":\"Home\",\"item\":\"https:\\\/\\\/secutron.com\\\/\"},{\"@type\":\"ListItem\",\"position\":2,\"name\":\"Shop\",\"item\":\"https:\\\/\\\/secutron.com\\\/shop\\\/\"},{\"@type\":\"ListItem\",\"position\":3,\"name\":\"MRI-4003-LF Low Frequency Sounder Base\"}]},{\"@type\":\"WebSite\",\"@id\":\"https:\\\/\\\/secutron.com\\\/#website\",\"url\":\"https:\\\/\\\/secutron.com\\\/\",\"name\":\"Secutron\",\"description\":\"\",\"potentialAction\":[{\"@type\":\"SearchAction\",\"target\":{\"@type\":\"EntryPoint\",\"urlTemplate\":\"https:\\\/\\\/secutron.com\\\/?s={search_term_string}\"},\"query-input\":{\"@type\":\"PropertyValueSpecification\",\"valueRequired\":true,\"valueName\":\"search_term_string\"}}],\"inLanguage\":\"fr-CA\"}]}<\/script>\n<!-- \/ Yoast SEO plugin. -->","yoast_head_json":{"title":"MRI-4003-LF Base du sondeur basse fr\u00e9quence - Secutron","description":"D\u00e9couvrez la base de relais MRI-4003-R avec un contact de forme C (SPDT), id\u00e9ale pour les d\u00e9tecteurs isol\u00e9s et non isol\u00e9s. C\u00e2blage facile et multiples options de montage.","robots":{"index":"index","follow":"follow","max-snippet":"max-snippet:-1","max-image-preview":"max-image-preview:large","max-video-preview":"max-video-preview:-1"},"canonical":"https:\/\/secutron.com\/fr\/products\/mri-4003-lf\/","og_locale":"fr_CA","og_type":"article","og_title":"MRI-4003-LF Low Frequency Sounder Base - Secutron","og_description":"Discover the MRI-4003-R Relay Base with one form C (SPDT) contact, ideal for isolated and non-isolated detectors. Easy wiring and multiple mounting options.","og_url":"https:\/\/secutron.com\/fr\/products\/mri-4003-lf\/","og_site_name":"Secutron","article_modified_time":"2025-01-27T16:24:50+00:00","og_image":[{"url":"https:\/\/secutron.com\/wp-content\/uploads\/products\/MIX-4003-S-R-with-MIX-4020-ISO.jpg","width":800,"height":600,"type":"image\/jpeg"}],"twitter_card":"summary_large_image","twitter_misc":{"Estimation du temps de lecture":"2 minutes"},"schema":{"@context":"https:\/\/schema.org","@graph":[{"@type":"WebPage","@id":"https:\/\/secutron.com\/products\/mri-4003-lf\/","url":"https:\/\/secutron.com\/products\/mri-4003-lf\/","name":"MRI-4003-LF Base du sondeur basse fr\u00e9quence - Secutron","isPartOf":{"@id":"https:\/\/secutron.com\/#website"},"primaryImageOfPage":{"@id":"https:\/\/secutron.com\/products\/mri-4003-lf\/#primaryimage"},"image":{"@id":"https:\/\/secutron.com\/products\/mri-4003-lf\/#primaryimage"},"thumbnailUrl":"https:\/\/secutron.com\/wp-content\/uploads\/products\/MIX-4003-S-R-with-MIX-4020-ISO-scaled.jpg","datePublished":"2024-10-28T14:04:15+00:00","dateModified":"2025-01-27T16:24:50+00:00","description":"D\u00e9couvrez la base de relais MRI-4003-R avec un contact de forme C (SPDT), id\u00e9ale pour les d\u00e9tecteurs isol\u00e9s et non isol\u00e9s. C\u00e2blage facile et multiples options de montage.","breadcrumb":{"@id":"https:\/\/secutron.com\/products\/mri-4003-lf\/#breadcrumb"},"inLanguage":"fr-CA","potentialAction":[{"@type":"ReadAction","target":["https:\/\/secutron.com\/products\/mri-4003-lf\/"]}]},{"@type":"ImageObject","inLanguage":"fr-CA","@id":"https:\/\/secutron.com\/products\/mri-4003-lf\/#primaryimage","url":"https:\/\/secutron.com\/wp-content\/uploads\/products\/MIX-4003-S-R-with-MIX-4020-ISO-scaled.jpg","contentUrl":"https:\/\/secutron.com\/wp-content\/uploads\/products\/MIX-4003-S-R-with-MIX-4020-ISO-scaled.jpg","width":5038,"height":3779},{"@type":"BreadcrumbList","@id":"https:\/\/secutron.com\/products\/mri-4003-lf\/#breadcrumb","itemListElement":[{"@type":"ListItem","position":1,"name":"Home","item":"https:\/\/secutron.com\/"},{"@type":"ListItem","position":2,"name":"Shop","item":"https:\/\/secutron.com\/shop\/"},{"@type":"ListItem","position":3,"name":"MRI-4003-LF Low Frequency Sounder Base"}]},{"@type":"WebSite","@id":"https:\/\/secutron.com\/#website","url":"https:\/\/secutron.com\/","name":"Secutron","description":"","potentialAction":[{"@type":"SearchAction","target":{"@type":"EntryPoint","urlTemplate":"https:\/\/secutron.com\/?s={search_term_string}"},"query-input":{"@type":"PropertyValueSpecification","valueRequired":true,"valueName":"search_term_string"}}],"inLanguage":"fr-CA"}]}},"_links":{"self":[{"href":"https:\/\/secutron.com\/fr\/wp-json\/wp\/v2\/product\/3729","targetHints":{"allow":["GET"]}}],"collection":[{"href":"https:\/\/secutron.com\/fr\/wp-json\/wp\/v2\/product"}],"about":[{"href":"https:\/\/secutron.com\/fr\/wp-json\/wp\/v2\/types\/product"}],"version-history":[{"count":4,"href":"https:\/\/secutron.com\/fr\/wp-json\/wp\/v2\/product\/3729\/revisions"}],"predecessor-version":[{"id":3807,"href":"https:\/\/secutron.com\/fr\/wp-json\/wp\/v2\/product\/3729\/revisions\/3807"}],"wp:featuredmedia":[{"embeddable":true,"href":"https:\/\/secutron.com\/fr\/wp-json\/wp\/v2\/media\/3737"}],"wp:attachment":[{"href":"https:\/\/secutron.com\/fr\/wp-json\/wp\/v2\/media?parent=3729"}],"wp:term":[{"taxonomy":"product_brand","embeddable":true,"href":"https:\/\/secutron.com\/fr\/wp-json\/wp\/v2\/product_brand?post=3729"},{"taxonomy":"product_cat","embeddable":true,"href":"https:\/\/secutron.com\/fr\/wp-json\/wp\/v2\/product_cat?post=3729"},{"taxonomy":"product_tag","embeddable":true,"href":"https:\/\/secutron.com\/fr\/wp-json\/wp\/v2\/product_tag?post=3729"}],"curies":[{"name":"wp","href":"https:\/\/api.w.org\/{rel}","templated":true}]}}