{"id":370,"date":"2019-06-06T20:54:24","date_gmt":"2019-06-07T00:54:24","guid":{"rendered":"http:\/\/dev.secutron.com\/?post_type=product&#038;p=370"},"modified":"2024-07-17T16:20:22","modified_gmt":"2024-07-17T20:20:22","slug":"mr-3318-single-loop-addressable-fire-panel","status":"publish","type":"product","link":"https:\/\/secutron.com\/fr\/products\/mr-3318-single-loop-addressable-fire-panel\/","title":{"rendered":"MR-3318 PANNEAU ADRESSABLE \u00c0 BOUCLE UNIQUE"},"content":{"rendered":"<div id=\"mainProductSection\">\n<form action=\"https:\/\/secutron.com\/product-listing\/cart\/add\" autocomplete=\"off\" enctype=\"multipart\/form-data\" method=\"post\" name=\"product\" data-trp-original-action=\"https:\/\/secutron.com\/product-listing\/cart\/add\">\n<div class=\"row\">\n<div class=\"col-xs-12 col-sm-12 col-md-12 col-lg-12\">\n<div class=\"row\">\n<div class=\"col-md-12\">\n<div class=\"tab-content\">\n<div id=\"overviewA\" class=\"tab-pane active\" role=\"tabpanel\">\n<div>MR-3318 Panneau d'incendie adressable \u00e0 boucle unique. Il est rentable, facile \u00e0 installer, \u00e0 programmer et \u00e0 utiliser.<\/div>\n<div><\/div>\n<div>Le MR-3318 a des caract\u00e9ristiques sans compromis et a l'aspect et la sensation des panneaux Secutron plus grands. Le menu suit les panneaux Secutron standard pour r\u00e9duire l'apprentissage.<\/div>\n<div><\/div>\n<div>Le MR-3318 est une excellente alternative pour remplacer les syst\u00e8mes conventionnels. L'anneau de finition habille le panneau pour faciliter les r\u00e9trofits ou les nouvelles installations. Le MR-3318 supporte une large gamme de dispositifs AP (318 dispositifs) et de dispositifs CLIP (198 dispositifs).<a href=\"https:\/\/secutron.com\/product-category\/addressable-devices-detectors\/\"> En savoir plus sur les dispositifs.<\/a><\/div>\n<\/div>\n<div id=\"overviewA\" class=\"tab-pane active\" role=\"tabpanel\">\n<div><\/div>\n<div>Ce panneau est destin\u00e9 aux r\u00e9gions UL uniquement.<\/div>\n<\/div>\n<\/div>\n<div><\/div>\n<\/div>\n<\/div>\n<\/div>\n<\/div>\n<input type=\"hidden\" name=\"trp-form-language\" value=\"fr\"\/><\/form>\n<\/div>","protected":false},"excerpt":{"rendered":"<p>Pour les travaux n\u00e9cessitant un panneau \u00e0 faible co\u00fbt pour les petites et moyennes installations, le NOUVEAU panneau d'alarme incendie intelligent MR-3318 \u00e0 boucle unique est la solution.<\/p>\n<div id=\"productSalesCTA\">\n<div class=\"row\"><\/div>\n<\/div>","protected":false},"featured_media":534,"template":"","meta":{"_acf_changed":false,"om_disable_all_campaigns":false,"_monsterinsights_skip_tracking":false,"_monsterinsights_sitenote_active":false,"_monsterinsights_sitenote_note":"","_monsterinsights_sitenote_category":0,"footnotes":""},"product_brand":[],"product_cat":[39],"product_tag":[],"class_list":{"0":"post-370","1":"product","2":"type-product","3":"status-publish","4":"has-post-thumbnail","6":"product_cat-addressable-fire-alarm-systems","8":"first","9":"instock","10":"shipping-taxable","11":"product-type-simple"},"acf":[],"yoast_head":"<!-- This site is optimized with the Yoast SEO plugin v27.6 - https:\/\/yoast.com\/product\/yoast-seo-wordpress\/ -->\n<title>MR-3318 SINGLE LOOP ADDRESSABLE PANEL - Secutron<\/title>\n<meta name=\"description\" content=\"Discover the cost-effective MR-3318 Single Loop Addressable Fire Panel. Easy to install, program, and use. Perfect for retrofits or new installs. UL Listed\" \/>\n<meta name=\"robots\" content=\"index, follow, max-snippet:-1, max-image-preview:large, max-video-preview:-1\" \/>\n<link rel=\"canonical\" href=\"https:\/\/secutron.com\/fr\/products\/mr-3318-single-loop-addressable-fire-panel\/\" \/>\n<meta property=\"og:locale\" content=\"fr_CA\" \/>\n<meta property=\"og:type\" content=\"article\" \/>\n<meta property=\"og:title\" content=\"MR-3318 SINGLE LOOP ADDRESSABLE PANEL - Secutron\" \/>\n<meta property=\"og:description\" content=\"Discover the cost-effective MR-3318 Single Loop Addressable Fire Panel. Easy to install, program, and use. Perfect for retrofits or new installs. UL Listed\" \/>\n<meta property=\"og:url\" content=\"https:\/\/secutron.com\/fr\/products\/mr-3318-single-loop-addressable-fire-panel\/\" \/>\n<meta property=\"og:site_name\" content=\"Secutron\" \/>\n<meta property=\"article:modified_time\" content=\"2024-07-17T20:20:22+00:00\" \/>\n<meta property=\"og:image\" content=\"https:\/\/secutron.com\/wp-content\/uploads\/products\/MR_3318-secutron.jpg\" \/>\n\t<meta property=\"og:image:width\" content=\"900\" \/>\n\t<meta property=\"og:image:height\" content=\"900\" \/>\n\t<meta property=\"og:image:type\" content=\"image\/jpeg\" \/>\n<meta name=\"twitter:card\" content=\"summary_large_image\" \/>\n<meta name=\"twitter:label1\" content=\"Estimation du temps de lecture\" \/>\n\t<meta name=\"twitter:data1\" content=\"1 minute\" \/>\n<script type=\"application\/ld+json\" class=\"yoast-schema-graph\">{\"@context\":\"https:\\\/\\\/schema.org\",\"@graph\":[{\"@type\":\"WebPage\",\"@id\":\"https:\\\/\\\/secutron.com\\\/products\\\/mr-3318-single-loop-addressable-fire-panel\\\/\",\"url\":\"https:\\\/\\\/secutron.com\\\/products\\\/mr-3318-single-loop-addressable-fire-panel\\\/\",\"name\":\"MR-3318 SINGLE LOOP ADDRESSABLE PANEL - Secutron\",\"isPartOf\":{\"@id\":\"https:\\\/\\\/secutron.com\\\/#website\"},\"primaryImageOfPage\":{\"@id\":\"https:\\\/\\\/secutron.com\\\/products\\\/mr-3318-single-loop-addressable-fire-panel\\\/#primaryimage\"},\"image\":{\"@id\":\"https:\\\/\\\/secutron.com\\\/products\\\/mr-3318-single-loop-addressable-fire-panel\\\/#primaryimage\"},\"thumbnailUrl\":\"https:\\\/\\\/secutron.com\\\/wp-content\\\/uploads\\\/products\\\/MR_3318-secutron.jpg\",\"datePublished\":\"2019-06-07T00:54:24+00:00\",\"dateModified\":\"2024-07-17T20:20:22+00:00\",\"description\":\"Discover the cost-effective MR-3318 Single Loop Addressable Fire Panel. Easy to install, program, and use. Perfect for retrofits or new installs. UL Listed\",\"breadcrumb\":{\"@id\":\"https:\\\/\\\/secutron.com\\\/products\\\/mr-3318-single-loop-addressable-fire-panel\\\/#breadcrumb\"},\"inLanguage\":\"fr-CA\",\"potentialAction\":[{\"@type\":\"ReadAction\",\"target\":[\"https:\\\/\\\/secutron.com\\\/products\\\/mr-3318-single-loop-addressable-fire-panel\\\/\"]}]},{\"@type\":\"ImageObject\",\"inLanguage\":\"fr-CA\",\"@id\":\"https:\\\/\\\/secutron.com\\\/products\\\/mr-3318-single-loop-addressable-fire-panel\\\/#primaryimage\",\"url\":\"https:\\\/\\\/secutron.com\\\/wp-content\\\/uploads\\\/products\\\/MR_3318-secutron.jpg\",\"contentUrl\":\"https:\\\/\\\/secutron.com\\\/wp-content\\\/uploads\\\/products\\\/MR_3318-secutron.jpg\",\"width\":\"900\",\"height\":\"900\",\"caption\":\"MR-3318 Single Loop Addressable Fire Panel\"},{\"@type\":\"BreadcrumbList\",\"@id\":\"https:\\\/\\\/secutron.com\\\/products\\\/mr-3318-single-loop-addressable-fire-panel\\\/#breadcrumb\",\"itemListElement\":[{\"@type\":\"ListItem\",\"position\":1,\"name\":\"Home\",\"item\":\"https:\\\/\\\/secutron.com\\\/\"},{\"@type\":\"ListItem\",\"position\":2,\"name\":\"Shop\",\"item\":\"https:\\\/\\\/secutron.com\\\/shop\\\/\"},{\"@type\":\"ListItem\",\"position\":3,\"name\":\"MR-3318 SINGLE LOOP ADDRESSABLE PANEL\"}]},{\"@type\":\"WebSite\",\"@id\":\"https:\\\/\\\/secutron.com\\\/#website\",\"url\":\"https:\\\/\\\/secutron.com\\\/\",\"name\":\"Secutron\",\"description\":\"\",\"potentialAction\":[{\"@type\":\"SearchAction\",\"target\":{\"@type\":\"EntryPoint\",\"urlTemplate\":\"https:\\\/\\\/secutron.com\\\/?s={search_term_string}\"},\"query-input\":{\"@type\":\"PropertyValueSpecification\",\"valueRequired\":true,\"valueName\":\"search_term_string\"}}],\"inLanguage\":\"fr-CA\"}]}<\/script>\n<!-- \/ Yoast SEO plugin. -->","yoast_head_json":{"title":"MR-3318 PANNEAU ADRESSABLE EN BOUCLE SIMPLE - Secutron","description":"D\u00e9couvrez le panneau d'incendie adressable MR-3318 \u00e0 boucle unique, d'un excellent rapport qualit\u00e9-prix. Facile \u00e0 installer, \u00e0 programmer et \u00e0 utiliser. Parfait pour les r\u00e9novations ou les nouvelles installations. Homologu\u00e9 UL","robots":{"index":"index","follow":"follow","max-snippet":"max-snippet:-1","max-image-preview":"max-image-preview:large","max-video-preview":"max-video-preview:-1"},"canonical":"https:\/\/secutron.com\/fr\/products\/mr-3318-single-loop-addressable-fire-panel\/","og_locale":"fr_CA","og_type":"article","og_title":"MR-3318 SINGLE LOOP ADDRESSABLE PANEL - Secutron","og_description":"Discover the cost-effective MR-3318 Single Loop Addressable Fire Panel. Easy to install, program, and use. Perfect for retrofits or new installs. UL Listed","og_url":"https:\/\/secutron.com\/fr\/products\/mr-3318-single-loop-addressable-fire-panel\/","og_site_name":"Secutron","article_modified_time":"2024-07-17T20:20:22+00:00","og_image":[{"width":900,"height":900,"url":"https:\/\/secutron.com\/wp-content\/uploads\/products\/MR_3318-secutron.jpg","type":"image\/jpeg"}],"twitter_card":"summary_large_image","twitter_misc":{"Estimation du temps de lecture":"1 minute"},"schema":{"@context":"https:\/\/schema.org","@graph":[{"@type":"WebPage","@id":"https:\/\/secutron.com\/products\/mr-3318-single-loop-addressable-fire-panel\/","url":"https:\/\/secutron.com\/products\/mr-3318-single-loop-addressable-fire-panel\/","name":"MR-3318 PANNEAU ADRESSABLE EN BOUCLE SIMPLE - Secutron","isPartOf":{"@id":"https:\/\/secutron.com\/#website"},"primaryImageOfPage":{"@id":"https:\/\/secutron.com\/products\/mr-3318-single-loop-addressable-fire-panel\/#primaryimage"},"image":{"@id":"https:\/\/secutron.com\/products\/mr-3318-single-loop-addressable-fire-panel\/#primaryimage"},"thumbnailUrl":"https:\/\/secutron.com\/wp-content\/uploads\/products\/MR_3318-secutron.jpg","datePublished":"2019-06-07T00:54:24+00:00","dateModified":"2024-07-17T20:20:22+00:00","description":"D\u00e9couvrez le panneau d'incendie adressable MR-3318 \u00e0 boucle unique, d'un excellent rapport qualit\u00e9-prix. Facile \u00e0 installer, \u00e0 programmer et \u00e0 utiliser. Parfait pour les r\u00e9novations ou les nouvelles installations. Homologu\u00e9 UL","breadcrumb":{"@id":"https:\/\/secutron.com\/products\/mr-3318-single-loop-addressable-fire-panel\/#breadcrumb"},"inLanguage":"fr-CA","potentialAction":[{"@type":"ReadAction","target":["https:\/\/secutron.com\/products\/mr-3318-single-loop-addressable-fire-panel\/"]}]},{"@type":"ImageObject","inLanguage":"fr-CA","@id":"https:\/\/secutron.com\/products\/mr-3318-single-loop-addressable-fire-panel\/#primaryimage","url":"https:\/\/secutron.com\/wp-content\/uploads\/products\/MR_3318-secutron.jpg","contentUrl":"https:\/\/secutron.com\/wp-content\/uploads\/products\/MR_3318-secutron.jpg","width":"900","height":"900","caption":"MR-3318 Single Loop Addressable Fire Panel"},{"@type":"BreadcrumbList","@id":"https:\/\/secutron.com\/products\/mr-3318-single-loop-addressable-fire-panel\/#breadcrumb","itemListElement":[{"@type":"ListItem","position":1,"name":"Home","item":"https:\/\/secutron.com\/"},{"@type":"ListItem","position":2,"name":"Shop","item":"https:\/\/secutron.com\/shop\/"},{"@type":"ListItem","position":3,"name":"MR-3318 SINGLE LOOP ADDRESSABLE PANEL"}]},{"@type":"WebSite","@id":"https:\/\/secutron.com\/#website","url":"https:\/\/secutron.com\/","name":"Secutron","description":"","potentialAction":[{"@type":"SearchAction","target":{"@type":"EntryPoint","urlTemplate":"https:\/\/secutron.com\/?s={search_term_string}"},"query-input":{"@type":"PropertyValueSpecification","valueRequired":true,"valueName":"search_term_string"}}],"inLanguage":"fr-CA"}]}},"_links":{"self":[{"href":"https:\/\/secutron.com\/fr\/wp-json\/wp\/v2\/product\/370","targetHints":{"allow":["GET"]}}],"collection":[{"href":"https:\/\/secutron.com\/fr\/wp-json\/wp\/v2\/product"}],"about":[{"href":"https:\/\/secutron.com\/fr\/wp-json\/wp\/v2\/types\/product"}],"version-history":[{"count":3,"href":"https:\/\/secutron.com\/fr\/wp-json\/wp\/v2\/product\/370\/revisions"}],"predecessor-version":[{"id":3509,"href":"https:\/\/secutron.com\/fr\/wp-json\/wp\/v2\/product\/370\/revisions\/3509"}],"wp:featuredmedia":[{"embeddable":true,"href":"https:\/\/secutron.com\/fr\/wp-json\/wp\/v2\/media\/534"}],"wp:attachment":[{"href":"https:\/\/secutron.com\/fr\/wp-json\/wp\/v2\/media?parent=370"}],"wp:term":[{"taxonomy":"product_brand","embeddable":true,"href":"https:\/\/secutron.com\/fr\/wp-json\/wp\/v2\/product_brand?post=370"},{"taxonomy":"product_cat","embeddable":true,"href":"https:\/\/secutron.com\/fr\/wp-json\/wp\/v2\/product_cat?post=370"},{"taxonomy":"product_tag","embeddable":true,"href":"https:\/\/secutron.com\/fr\/wp-json\/wp\/v2\/product_tag?post=370"}],"curies":[{"name":"wp","href":"https:\/\/api.w.org\/{rel}","templated":true}]}}