{"id":3650,"date":"2024-08-08T15:50:24","date_gmt":"2024-08-08T19:50:24","guid":{"rendered":"https:\/\/secutron.com\/?post_type=product&#038;p=3650"},"modified":"2025-06-19T15:50:28","modified_gmt":"2025-06-19T19:50:28","slug":"fhs-400-lf-low-frequency-sounder-strobe","status":"publish","type":"product","link":"https:\/\/secutron.com\/fr\/products\/fhs-400-lf-low-frequency-sounder-strobe\/","title":{"rendered":"FHS-400-LF Sondeur basse fr\u00e9quence stroboscopique"},"content":{"rendered":"<p>La sir\u00e8ne stroboscopique basse fr\u00e9quence FHS-400-LF de MGC est con\u00e7ue pour r\u00e9pondre aux exigences de la norme NFPA 72 pour les zones de sommeil. Elle fonctionne dans une gamme de fr\u00e9quences de 520 Hz \u00b1 10% (onde carr\u00e9e), ce qui garantit l'alarme la plus efficace pour les personnes r\u00e9veill\u00e9es en cas d'urgence.<\/p>\n<h2><strong>Caract\u00e9ristiques :<\/strong><\/h2>\n<ul>\n<li>Enti\u00e8rement conforme aux codes NFPA 72 et CO sur les \u00e9metteurs de basses fr\u00e9quences<\/li>\n<li>Emet une tonalit\u00e9 carr\u00e9e de 520 Hz \u00b1 10%<\/li>\n<li>Mod\u00e8les sonores personnalisables, avec interrupteurs DIP pour un r\u00e9glage facile de la tonalit\u00e9 :\n<ul>\n<li>Temporal 3, Temporal 4, Continuous et 20 BPM tone<\/li>\n<li>R\u00e9glages du volume haut et bas<\/li>\n<\/ul>\n<\/li>\n<li>Technologie LED avanc\u00e9e<\/li>\n<li>R\u00e9glages Candela standard et \u00e9lev\u00e9 dans une seule unit\u00e9 pour r\u00e9pondre \u00e0 pratiquement toutes les applications.\n<ul>\n<li>15, 30, 75, 15\/75, 110, 185 cd.<\/li>\n<\/ul>\n<\/li>\n<li>Homologu\u00e9 pour le montage mural.<\/li>\n<li>S'installe sur des bo\u00eetes doubles ou des bo\u00eetes carr\u00e9es de 4\u2033.<\/li>\n<li>Compatibilit\u00e9 double alimentation : con\u00e7u pour fonctionner sans probl\u00e8me sur VDC ou VFWR.<\/li>\n<li>Synchronisation disponible avec le protocole MGC ou par l'interm\u00e9diaire de notre syst\u00e8me de synchronisation. <a href=\"https:\/\/secutron.com\/products\/mri-4050-sync-module\/\">MRI-4050<\/a> module de synchronisation.<\/li>\n<li>Prise en charge des fils de 12 \u00e0 22 AWG<\/li>\n<li>Utilisation \u00e0 l'int\u00e9rieur uniquement<\/li>\n<\/ul>\n<h4><strong>Informations sur les commandes :<\/strong><\/h4>\n<ul>\n<li><strong>FHS-400-LF-RR :<\/strong>\u00a0 Sonde murale basse fr\u00e9quence stroboscopique, rouge<\/li>\n<li><strong>FHS-400-LF-WW :<\/strong>\u00a0 Sonde murale basse fr\u00e9quence stroboscopique, blanche<\/li>\n<\/ul>\n<h4><strong>Liste des agences :<\/strong><\/h4>\n<ul>\n<li>UL 1971<\/li>\n<li>UL 1638<\/li>\n<li>UL 464<\/li>\n<li>ULC S525<\/li>\n<li>ULC S526<\/li>\n<li>NFPA 72<\/li>\n<\/ul>\n<p>&nbsp;<\/p>\n<p><img decoding=\"async\" src=\"https:\/\/mircom.com\/wp-content\/uploads\/products\/ul.jpg\" \/> <img decoding=\"async\" src=\"https:\/\/mircom.com\/wp-content\/uploads\/products\/ulc.jpg\" \/><a href=\"https:\/\/secutron.com\/wp-content\/uploads\/products\/download.jpg\"><img decoding=\"async\" class=\"alignnone  wp-image-3944\" src=\"https:\/\/secutron.com\/wp-content\/uploads\/products\/download.jpg\" alt=\"\" width=\"98\" height=\"98\" \/><\/a><\/p>\n<p>*Veuillez contacter le repr\u00e9sentant local de Mircom pour conna\u00eetre les disponibilit\u00e9s r\u00e9gionales.<\/p>\n<p>&nbsp;<\/p>","protected":false},"excerpt":{"rendered":"<p>La sir\u00e8ne stroboscopique basse fr\u00e9quence FHS-400-LF de MGC est con\u00e7ue pour r\u00e9pondre aux exigences de la norme NFPA 72 pour les zones de sommeil, fonctionnant dans une gamme de fr\u00e9quences de 520 Hz \u00b1 10% \u00e0 ondes carr\u00e9es.<\/p>","protected":false},"featured_media":3653,"template":"","meta":{"_acf_changed":false,"om_disable_all_campaigns":false,"_monsterinsights_skip_tracking":false,"_monsterinsights_sitenote_active":false,"_monsterinsights_sitenote_note":"","_monsterinsights_sitenote_category":0,"footnotes":""},"product_brand":[],"product_cat":[74,44],"product_tag":[],"class_list":{"0":"post-3650","1":"product","2":"type-product","3":"status-publish","4":"has-post-thumbnail","6":"product_cat-400-series","7":"product_cat-notification-appliances","9":"first","10":"instock","11":"shipping-taxable","12":"product-type-simple"},"acf":[],"yoast_head":"<!-- This site is optimized with the Yoast SEO plugin v27.6 - https:\/\/yoast.com\/product\/yoast-seo-wordpress\/ -->\n<title>FHS-400-LF Low Frequency Sounder Strobe - Secutron<\/title>\n<meta name=\"description\" content=\"Explore the MGC FHS-400-LF Low Frequency Sounder Strobe, engineered for compliance with NFPA 72. It features advanced LED technology and low current draw.\" \/>\n<meta name=\"robots\" content=\"index, follow, max-snippet:-1, max-image-preview:large, max-video-preview:-1\" \/>\n<link rel=\"canonical\" href=\"https:\/\/secutron.com\/fr\/products\/fhs-400-lf-low-frequency-sounder-strobe\/\" \/>\n<meta property=\"og:locale\" content=\"fr_CA\" \/>\n<meta property=\"og:type\" content=\"article\" \/>\n<meta property=\"og:title\" content=\"FHS-400-LF Low Frequency Sounder Strobe - Secutron\" \/>\n<meta property=\"og:description\" content=\"Explore the MGC FHS-400-LF Low Frequency Sounder Strobe, engineered for compliance with NFPA 72. It features advanced LED technology and low current draw.\" \/>\n<meta property=\"og:url\" content=\"https:\/\/secutron.com\/fr\/products\/fhs-400-lf-low-frequency-sounder-strobe\/\" \/>\n<meta property=\"og:site_name\" content=\"Secutron\" \/>\n<meta property=\"article:modified_time\" content=\"2025-06-19T19:50:28+00:00\" \/>\n<meta property=\"og:image\" content=\"https:\/\/secutron.com\/wp-content\/uploads\/products\/FHS-400-LF-WW-front_sm.jpg\" \/>\n\t<meta property=\"og:image:width\" content=\"900\" \/>\n\t<meta property=\"og:image:height\" content=\"900\" \/>\n\t<meta property=\"og:image:type\" content=\"image\/jpeg\" \/>\n<meta name=\"twitter:card\" content=\"summary_large_image\" \/>\n<meta name=\"twitter:label1\" content=\"Estimation du temps de lecture\" \/>\n\t<meta name=\"twitter:data1\" content=\"2 minutes\" \/>\n<script type=\"application\/ld+json\" class=\"yoast-schema-graph\">{\"@context\":\"https:\\\/\\\/schema.org\",\"@graph\":[{\"@type\":\"WebPage\",\"@id\":\"https:\\\/\\\/secutron.com\\\/products\\\/fhs-400-lf-low-frequency-sounder-strobe\\\/\",\"url\":\"https:\\\/\\\/secutron.com\\\/products\\\/fhs-400-lf-low-frequency-sounder-strobe\\\/\",\"name\":\"FHS-400-LF Low Frequency Sounder Strobe - Secutron\",\"isPartOf\":{\"@id\":\"https:\\\/\\\/secutron.com\\\/#website\"},\"primaryImageOfPage\":{\"@id\":\"https:\\\/\\\/secutron.com\\\/products\\\/fhs-400-lf-low-frequency-sounder-strobe\\\/#primaryimage\"},\"image\":{\"@id\":\"https:\\\/\\\/secutron.com\\\/products\\\/fhs-400-lf-low-frequency-sounder-strobe\\\/#primaryimage\"},\"thumbnailUrl\":\"https:\\\/\\\/secutron.com\\\/wp-content\\\/uploads\\\/products\\\/FHS-400-LF-WW-front_sm.jpg\",\"datePublished\":\"2024-08-08T19:50:24+00:00\",\"dateModified\":\"2025-06-19T19:50:28+00:00\",\"description\":\"Explore the MGC FHS-400-LF Low Frequency Sounder Strobe, engineered for compliance with NFPA 72. It features advanced LED technology and low current draw.\",\"breadcrumb\":{\"@id\":\"https:\\\/\\\/secutron.com\\\/products\\\/fhs-400-lf-low-frequency-sounder-strobe\\\/#breadcrumb\"},\"inLanguage\":\"fr-CA\",\"potentialAction\":[{\"@type\":\"ReadAction\",\"target\":[\"https:\\\/\\\/secutron.com\\\/products\\\/fhs-400-lf-low-frequency-sounder-strobe\\\/\"]}]},{\"@type\":\"ImageObject\",\"inLanguage\":\"fr-CA\",\"@id\":\"https:\\\/\\\/secutron.com\\\/products\\\/fhs-400-lf-low-frequency-sounder-strobe\\\/#primaryimage\",\"url\":\"https:\\\/\\\/secutron.com\\\/wp-content\\\/uploads\\\/products\\\/FHS-400-LF-WW-front_sm.jpg\",\"contentUrl\":\"https:\\\/\\\/secutron.com\\\/wp-content\\\/uploads\\\/products\\\/FHS-400-LF-WW-front_sm.jpg\",\"width\":900,\"height\":900,\"caption\":\"FHS-400-LF White Front\"},{\"@type\":\"BreadcrumbList\",\"@id\":\"https:\\\/\\\/secutron.com\\\/products\\\/fhs-400-lf-low-frequency-sounder-strobe\\\/#breadcrumb\",\"itemListElement\":[{\"@type\":\"ListItem\",\"position\":1,\"name\":\"Home\",\"item\":\"https:\\\/\\\/secutron.com\\\/\"},{\"@type\":\"ListItem\",\"position\":2,\"name\":\"Shop\",\"item\":\"https:\\\/\\\/secutron.com\\\/shop\\\/\"},{\"@type\":\"ListItem\",\"position\":3,\"name\":\"FHS-400-LF Low Frequency Sounder Strobe\"}]},{\"@type\":\"WebSite\",\"@id\":\"https:\\\/\\\/secutron.com\\\/#website\",\"url\":\"https:\\\/\\\/secutron.com\\\/\",\"name\":\"Secutron\",\"description\":\"\",\"potentialAction\":[{\"@type\":\"SearchAction\",\"target\":{\"@type\":\"EntryPoint\",\"urlTemplate\":\"https:\\\/\\\/secutron.com\\\/?s={search_term_string}\"},\"query-input\":{\"@type\":\"PropertyValueSpecification\",\"valueRequired\":true,\"valueName\":\"search_term_string\"}}],\"inLanguage\":\"fr-CA\"}]}<\/script>\n<!-- \/ Yoast SEO plugin. -->","yoast_head_json":{"title":"FHS-400-LF Sondeur basse fr\u00e9quence stroboscopique - Secutron","description":"D\u00e9couvrez la sir\u00e8ne stroboscopique basse fr\u00e9quence FHS-400-LF de MGC, con\u00e7ue pour \u00eatre conforme \u00e0 la norme NFPA 72. Il est dot\u00e9 d'une technologie LED avanc\u00e9e et d'une faible consommation de courant.","robots":{"index":"index","follow":"follow","max-snippet":"max-snippet:-1","max-image-preview":"max-image-preview:large","max-video-preview":"max-video-preview:-1"},"canonical":"https:\/\/secutron.com\/fr\/products\/fhs-400-lf-low-frequency-sounder-strobe\/","og_locale":"fr_CA","og_type":"article","og_title":"FHS-400-LF Low Frequency Sounder Strobe - Secutron","og_description":"Explore the MGC FHS-400-LF Low Frequency Sounder Strobe, engineered for compliance with NFPA 72. It features advanced LED technology and low current draw.","og_url":"https:\/\/secutron.com\/fr\/products\/fhs-400-lf-low-frequency-sounder-strobe\/","og_site_name":"Secutron","article_modified_time":"2025-06-19T19:50:28+00:00","og_image":[{"width":900,"height":900,"url":"https:\/\/secutron.com\/wp-content\/uploads\/products\/FHS-400-LF-WW-front_sm.jpg","type":"image\/jpeg"}],"twitter_card":"summary_large_image","twitter_misc":{"Estimation du temps de lecture":"2 minutes"},"schema":{"@context":"https:\/\/schema.org","@graph":[{"@type":"WebPage","@id":"https:\/\/secutron.com\/products\/fhs-400-lf-low-frequency-sounder-strobe\/","url":"https:\/\/secutron.com\/products\/fhs-400-lf-low-frequency-sounder-strobe\/","name":"FHS-400-LF Sondeur basse fr\u00e9quence stroboscopique - Secutron","isPartOf":{"@id":"https:\/\/secutron.com\/#website"},"primaryImageOfPage":{"@id":"https:\/\/secutron.com\/products\/fhs-400-lf-low-frequency-sounder-strobe\/#primaryimage"},"image":{"@id":"https:\/\/secutron.com\/products\/fhs-400-lf-low-frequency-sounder-strobe\/#primaryimage"},"thumbnailUrl":"https:\/\/secutron.com\/wp-content\/uploads\/products\/FHS-400-LF-WW-front_sm.jpg","datePublished":"2024-08-08T19:50:24+00:00","dateModified":"2025-06-19T19:50:28+00:00","description":"D\u00e9couvrez la sir\u00e8ne stroboscopique basse fr\u00e9quence FHS-400-LF de MGC, con\u00e7ue pour \u00eatre conforme \u00e0 la norme NFPA 72. Il est dot\u00e9 d'une technologie LED avanc\u00e9e et d'une faible consommation de courant.","breadcrumb":{"@id":"https:\/\/secutron.com\/products\/fhs-400-lf-low-frequency-sounder-strobe\/#breadcrumb"},"inLanguage":"fr-CA","potentialAction":[{"@type":"ReadAction","target":["https:\/\/secutron.com\/products\/fhs-400-lf-low-frequency-sounder-strobe\/"]}]},{"@type":"ImageObject","inLanguage":"fr-CA","@id":"https:\/\/secutron.com\/products\/fhs-400-lf-low-frequency-sounder-strobe\/#primaryimage","url":"https:\/\/secutron.com\/wp-content\/uploads\/products\/FHS-400-LF-WW-front_sm.jpg","contentUrl":"https:\/\/secutron.com\/wp-content\/uploads\/products\/FHS-400-LF-WW-front_sm.jpg","width":900,"height":900,"caption":"FHS-400-LF White Front"},{"@type":"BreadcrumbList","@id":"https:\/\/secutron.com\/products\/fhs-400-lf-low-frequency-sounder-strobe\/#breadcrumb","itemListElement":[{"@type":"ListItem","position":1,"name":"Home","item":"https:\/\/secutron.com\/"},{"@type":"ListItem","position":2,"name":"Shop","item":"https:\/\/secutron.com\/shop\/"},{"@type":"ListItem","position":3,"name":"FHS-400-LF Low Frequency Sounder Strobe"}]},{"@type":"WebSite","@id":"https:\/\/secutron.com\/#website","url":"https:\/\/secutron.com\/","name":"Secutron","description":"","potentialAction":[{"@type":"SearchAction","target":{"@type":"EntryPoint","urlTemplate":"https:\/\/secutron.com\/?s={search_term_string}"},"query-input":{"@type":"PropertyValueSpecification","valueRequired":true,"valueName":"search_term_string"}}],"inLanguage":"fr-CA"}]}},"_links":{"self":[{"href":"https:\/\/secutron.com\/fr\/wp-json\/wp\/v2\/product\/3650","targetHints":{"allow":["GET"]}}],"collection":[{"href":"https:\/\/secutron.com\/fr\/wp-json\/wp\/v2\/product"}],"about":[{"href":"https:\/\/secutron.com\/fr\/wp-json\/wp\/v2\/types\/product"}],"version-history":[{"count":6,"href":"https:\/\/secutron.com\/fr\/wp-json\/wp\/v2\/product\/3650\/revisions"}],"predecessor-version":[{"id":4052,"href":"https:\/\/secutron.com\/fr\/wp-json\/wp\/v2\/product\/3650\/revisions\/4052"}],"wp:featuredmedia":[{"embeddable":true,"href":"https:\/\/secutron.com\/fr\/wp-json\/wp\/v2\/media\/3653"}],"wp:attachment":[{"href":"https:\/\/secutron.com\/fr\/wp-json\/wp\/v2\/media?parent=3650"}],"wp:term":[{"taxonomy":"product_brand","embeddable":true,"href":"https:\/\/secutron.com\/fr\/wp-json\/wp\/v2\/product_brand?post=3650"},{"taxonomy":"product_cat","embeddable":true,"href":"https:\/\/secutron.com\/fr\/wp-json\/wp\/v2\/product_cat?post=3650"},{"taxonomy":"product_tag","embeddable":true,"href":"https:\/\/secutron.com\/fr\/wp-json\/wp\/v2\/product_tag?post=3650"}],"curies":[{"name":"wp","href":"https:\/\/api.w.org\/{rel}","templated":true}]}}