{"id":3372,"date":"2024-04-25T11:21:30","date_gmt":"2024-04-25T15:21:30","guid":{"rendered":"https:\/\/secutron.com\/?post_type=product&#038;p=3372"},"modified":"2024-07-17T11:05:04","modified_gmt":"2024-07-17T15:05:04","slug":"mri-4011-mri-4011-iso-photoelectric-smoke-sensors-r7","status":"publish","type":"product","link":"https:\/\/secutron.com\/fr\/products\/mri-4011-mri-4011-iso-photoelectric-smoke-sensors-r7\/","title":{"rendered":"MRI-4011 \/ MRI-4011-ISO D\u00e9tecteurs photo\u00e9lectriques de fum\u00e9e"},"content":{"rendered":"<p>Le nouveau MRI-4011 \/ MRI-4011-ISO est un capteur de fum\u00e9e photo\u00e9lectrique c\u00e2bl\u00e9 con\u00e7u pour fournir un avertissement pr\u00e9coce des conditions d'incendie tout en minimisant les fausses alarmes. Tous les capteurs de fum\u00e9e de la s\u00e9rie MRI-4000 communiquent avec les panneaux \u00e0 l'aide d'un protocole enti\u00e8rement num\u00e9rique.<\/p>\n<h4>CARACT\u00c9RISTIQUES<\/h4>\n<ul>\n<li>Con\u00e7u pour r\u00e9pondre aux normes UL 268th 7\u00e8me \u00e9dition et CAN\/ULC S529Rev 4<\/li>\n<li>Utiliser des algorithmes logiciels avanc\u00e9s pour diff\u00e9rencier les v\u00e9ritables alarmes incendie des fausses alarmes.<\/li>\n<li>Protection contre les alarmes intempestives caus\u00e9es par la poussi\u00e8re, les insectes ou d'autres d\u00e9bris<\/li>\n<li>Plusieurs r\u00e9glages de sensibilit\u00e9 peuvent \u00eatre s\u00e9lectionn\u00e9s par l'interm\u00e9diaire de la FACU.<\/li>\n<li>Deux indicateurs LED, offrant une visibilit\u00e9 \u00e0 360\u00b0 avec des couleurs distinctes pour les alarmes et les probl\u00e8mes.<\/li>\n<li>Relier jusqu'\u00e0 240 appareils de la s\u00e9rie MRI-4000 sur une seule boucle SLC<\/li>\n<li>Compatible avec toute la s\u00e9rie de bases, modules d'entr\u00e9e et de contr\u00f4le standard\/sp\u00e9cialis\u00e9s MRI-4000<\/li>\n<li>Le capteur est facilement accessible gr\u00e2ce au programmateur d'appareils portatifs (MIX-4090).<\/li>\n<li>R\u00e9pertori\u00e9 pour un montage mural ou au plafond \u00e0 l'aide de socles compatibles.<\/li>\n<li>La sortie \u00e0 distance peut \u00eatre contr\u00f4l\u00e9e par le FACU<\/li>\n<\/ul>\n<h4>B\u00c9N\u00c9FICES<\/h4>\n<ul>\n<li>Les bases de montage ouvertes permettent un c\u00e2blage facile et un verrouillage \u00e0 basse pression.<\/li>\n<li>En outre, tous les socles sont dot\u00e9s d'une languette d\u00e9tachable qui facilite l'\u00e9tiquetage de l'adresse de l'appareil.<\/li>\n<li>Le MRI-4011-ISO dispose d'un isolateur de court-circuit bidirectionnel afin de prot\u00e9ger contre les d\u00e9fauts de c\u00e2blage et les d\u00e9faillances de boucle.<\/li>\n<li>Faible courant de veille<\/li>\n<li>L'option de test magn\u00e9tique facilite la mise en service et la maintenance<\/li>\n<li>Prend en charge des tailles de fils allant de 12 \u00e0 22 AWG<\/li>\n<\/ul>\n<h4>INFORMATIONS SUR LES COMMANDES<\/h4>\n<table style=\"height: 90px;\" width=\"565\">\n<tbody>\n<tr>\n<td width=\"109\">MIX-4011<\/td>\n<td width=\"329\">D\u00c9TECTEUR PHOTO\u00c9LECTRIQUE SANS ISOLATION<\/td>\n<\/tr>\n<tr>\n<td>MIX-4011-ISO<\/td>\n<td>D\u00c9TECTEUR PHOTO\u00c9LECTRIQUE AVEC ISOLATION<\/td>\n<\/tr>\n<\/tbody>\n<\/table>\n<h4>LISTES D'AGENCES<\/h4>\n<p>&nbsp;<\/p>\n<p><img decoding=\"async\" src=\"https:\/\/mircom.com\/wp-content\/uploads\/products\/ul.jpg\" \/> <img decoding=\"async\" src=\"https:\/\/mircom.com\/wp-content\/uploads\/products\/ulc.jpg\" \/><img decoding=\"async\" class=\"alignnone wp-image-12557\" src=\"https:\/\/mircom.com\/wp-content\/uploads\/csfm-1.jpg\" alt=\"\" width=\"128\" height=\"96\" \/><\/p>\n<p>*Veuillez contacter le repr\u00e9sentant local de Mircom pour conna\u00eetre les disponibilit\u00e9s r\u00e9gionales.<\/p>","protected":false},"excerpt":{"rendered":"<p>Le nouveau MRI-4011 \/ MRI-4011-ISO est un capteur de fum\u00e9e photo\u00e9lectrique c\u00e2bl\u00e9 con\u00e7u pour fournir un avertissement pr\u00e9coce des conditions d'incendie tout en minimisant les fausses alarmes. Il est con\u00e7u pour r\u00e9pondre aux derni\u00e8res normes UL 268th 7th edition et CAN\/ULC S529 Rev 4.<\/p>","protected":false},"featured_media":1362,"template":"","meta":{"_acf_changed":false,"om_disable_all_campaigns":false,"_monsterinsights_skip_tracking":false,"_monsterinsights_sitenote_active":false,"_monsterinsights_sitenote_note":"","_monsterinsights_sitenote_category":0,"footnotes":""},"product_brand":[],"product_cat":[77],"product_tag":[],"class_list":{"0":"post-3372","1":"product","2":"type-product","3":"status-publish","4":"has-post-thumbnail","6":"product_cat-4000-series-devices","8":"first","9":"instock","10":"shipping-taxable","11":"product-type-simple"},"acf":[],"yoast_head":"<!-- This site is optimized with the Yoast SEO plugin v27.4 - https:\/\/yoast.com\/product\/yoast-seo-wordpress\/ -->\n<title>MRI-4011 \/ MRI-4011-ISO Photoelectric Smoke Sensors - Secutron<\/title>\n<meta name=\"description\" content=\"Enhance fire safety with MRI-4010 \/ MRI-4010-ISO sensors that offer multiple sensitivity settings, anti-tamper features, and a magnet test option.\" \/>\n<meta name=\"robots\" content=\"index, follow, max-snippet:-1, max-image-preview:large, max-video-preview:-1\" \/>\n<link rel=\"canonical\" href=\"https:\/\/secutron.com\/fr\/products\/mri-4011-mri-4011-iso-photoelectric-smoke-sensors-r7\/\" \/>\n<meta property=\"og:locale\" content=\"fr_CA\" \/>\n<meta property=\"og:type\" content=\"article\" \/>\n<meta property=\"og:title\" content=\"MRI-4011 \/ MRI-4011-ISO Photoelectric Smoke Sensors - Secutron\" \/>\n<meta property=\"og:description\" content=\"Enhance fire safety with MRI-4010 \/ MRI-4010-ISO sensors that offer multiple sensitivity settings, anti-tamper features, and a magnet test option.\" \/>\n<meta property=\"og:url\" content=\"https:\/\/secutron.com\/fr\/products\/mri-4011-mri-4011-iso-photoelectric-smoke-sensors-r7\/\" \/>\n<meta property=\"og:site_name\" content=\"Secutron\" \/>\n<meta property=\"article:modified_time\" content=\"2024-07-17T15:05:04+00:00\" \/>\n<meta property=\"og:image\" content=\"https:\/\/secutron.com\/wp-content\/uploads\/products\/MIX-4010MIX-4020-tilt_lg.jpg\" \/>\n\t<meta property=\"og:image:width\" content=\"1356\" \/>\n\t<meta property=\"og:image:height\" content=\"1356\" \/>\n\t<meta property=\"og:image:type\" content=\"image\/jpeg\" \/>\n<meta name=\"twitter:card\" content=\"summary_large_image\" \/>\n<meta name=\"twitter:label1\" content=\"Estimation du temps de lecture\" \/>\n\t<meta name=\"twitter:data1\" content=\"2 minutes\" \/>\n<script type=\"application\/ld+json\" class=\"yoast-schema-graph\">{\"@context\":\"https:\\\/\\\/schema.org\",\"@graph\":[{\"@type\":\"WebPage\",\"@id\":\"https:\\\/\\\/secutron.com\\\/products\\\/mri-4011-mri-4011-iso-photoelectric-smoke-sensors-r7\\\/\",\"url\":\"https:\\\/\\\/secutron.com\\\/products\\\/mri-4011-mri-4011-iso-photoelectric-smoke-sensors-r7\\\/\",\"name\":\"MRI-4011 \\\/ MRI-4011-ISO Photoelectric Smoke Sensors - Secutron\",\"isPartOf\":{\"@id\":\"https:\\\/\\\/secutron.com\\\/#website\"},\"primaryImageOfPage\":{\"@id\":\"https:\\\/\\\/secutron.com\\\/products\\\/mri-4011-mri-4011-iso-photoelectric-smoke-sensors-r7\\\/#primaryimage\"},\"image\":{\"@id\":\"https:\\\/\\\/secutron.com\\\/products\\\/mri-4011-mri-4011-iso-photoelectric-smoke-sensors-r7\\\/#primaryimage\"},\"thumbnailUrl\":\"https:\\\/\\\/secutron.com\\\/wp-content\\\/uploads\\\/products\\\/MIX-4010^MIX-4020-tilt_lg.jpg\",\"datePublished\":\"2024-04-25T15:21:30+00:00\",\"dateModified\":\"2024-07-17T15:05:04+00:00\",\"description\":\"Enhance fire safety with MRI-4010 \\\/ MRI-4010-ISO sensors that offer multiple sensitivity settings, anti-tamper features, and a magnet test option.\",\"breadcrumb\":{\"@id\":\"https:\\\/\\\/secutron.com\\\/products\\\/mri-4011-mri-4011-iso-photoelectric-smoke-sensors-r7\\\/#breadcrumb\"},\"inLanguage\":\"fr-CA\",\"potentialAction\":[{\"@type\":\"ReadAction\",\"target\":[\"https:\\\/\\\/secutron.com\\\/products\\\/mri-4011-mri-4011-iso-photoelectric-smoke-sensors-r7\\\/\"]}]},{\"@type\":\"ImageObject\",\"inLanguage\":\"fr-CA\",\"@id\":\"https:\\\/\\\/secutron.com\\\/products\\\/mri-4011-mri-4011-iso-photoelectric-smoke-sensors-r7\\\/#primaryimage\",\"url\":\"https:\\\/\\\/secutron.com\\\/wp-content\\\/uploads\\\/products\\\/MIX-4010^MIX-4020-tilt_lg.jpg\",\"contentUrl\":\"https:\\\/\\\/secutron.com\\\/wp-content\\\/uploads\\\/products\\\/MIX-4010^MIX-4020-tilt_lg.jpg\",\"width\":1356,\"height\":1356},{\"@type\":\"BreadcrumbList\",\"@id\":\"https:\\\/\\\/secutron.com\\\/products\\\/mri-4011-mri-4011-iso-photoelectric-smoke-sensors-r7\\\/#breadcrumb\",\"itemListElement\":[{\"@type\":\"ListItem\",\"position\":1,\"name\":\"Home\",\"item\":\"https:\\\/\\\/secutron.com\\\/\"},{\"@type\":\"ListItem\",\"position\":2,\"name\":\"Shop\",\"item\":\"https:\\\/\\\/secutron.com\\\/shop\\\/\"},{\"@type\":\"ListItem\",\"position\":3,\"name\":\"MRI-4011 \\\/ MRI-4011-ISO Photoelectric Smoke Sensors\"}]},{\"@type\":\"WebSite\",\"@id\":\"https:\\\/\\\/secutron.com\\\/#website\",\"url\":\"https:\\\/\\\/secutron.com\\\/\",\"name\":\"Secutron\",\"description\":\"\",\"potentialAction\":[{\"@type\":\"SearchAction\",\"target\":{\"@type\":\"EntryPoint\",\"urlTemplate\":\"https:\\\/\\\/secutron.com\\\/?s={search_term_string}\"},\"query-input\":{\"@type\":\"PropertyValueSpecification\",\"valueRequired\":true,\"valueName\":\"search_term_string\"}}],\"inLanguage\":\"fr-CA\"}]}<\/script>\n<!-- \/ Yoast SEO plugin. -->","yoast_head_json":{"title":"MRI-4011 \/ MRI-4011-ISO D\u00e9tecteurs photo\u00e9lectriques de fum\u00e9e - Secutron","description":"Renforcez la s\u00e9curit\u00e9 incendie avec les d\u00e9tecteurs MRI-4010 \/ MRI-4010-ISO qui offrent de multiples r\u00e9glages de sensibilit\u00e9, des fonctions anti-sabotage et une option de test \u00e0 l'aimant.","robots":{"index":"index","follow":"follow","max-snippet":"max-snippet:-1","max-image-preview":"max-image-preview:large","max-video-preview":"max-video-preview:-1"},"canonical":"https:\/\/secutron.com\/fr\/products\/mri-4011-mri-4011-iso-photoelectric-smoke-sensors-r7\/","og_locale":"fr_CA","og_type":"article","og_title":"MRI-4011 \/ MRI-4011-ISO Photoelectric Smoke Sensors - Secutron","og_description":"Enhance fire safety with MRI-4010 \/ MRI-4010-ISO sensors that offer multiple sensitivity settings, anti-tamper features, and a magnet test option.","og_url":"https:\/\/secutron.com\/fr\/products\/mri-4011-mri-4011-iso-photoelectric-smoke-sensors-r7\/","og_site_name":"Secutron","article_modified_time":"2024-07-17T15:05:04+00:00","og_image":[{"width":1356,"height":1356,"url":"https:\/\/secutron.com\/wp-content\/uploads\/products\/MIX-4010^MIX-4020-tilt_lg.jpg","type":"image\/jpeg"}],"twitter_card":"summary_large_image","twitter_misc":{"Estimation du temps de lecture":"2 minutes"},"schema":{"@context":"https:\/\/schema.org","@graph":[{"@type":"WebPage","@id":"https:\/\/secutron.com\/products\/mri-4011-mri-4011-iso-photoelectric-smoke-sensors-r7\/","url":"https:\/\/secutron.com\/products\/mri-4011-mri-4011-iso-photoelectric-smoke-sensors-r7\/","name":"MRI-4011 \/ MRI-4011-ISO D\u00e9tecteurs photo\u00e9lectriques de fum\u00e9e - Secutron","isPartOf":{"@id":"https:\/\/secutron.com\/#website"},"primaryImageOfPage":{"@id":"https:\/\/secutron.com\/products\/mri-4011-mri-4011-iso-photoelectric-smoke-sensors-r7\/#primaryimage"},"image":{"@id":"https:\/\/secutron.com\/products\/mri-4011-mri-4011-iso-photoelectric-smoke-sensors-r7\/#primaryimage"},"thumbnailUrl":"https:\/\/secutron.com\/wp-content\/uploads\/products\/MIX-4010^MIX-4020-tilt_lg.jpg","datePublished":"2024-04-25T15:21:30+00:00","dateModified":"2024-07-17T15:05:04+00:00","description":"Renforcez la s\u00e9curit\u00e9 incendie avec les d\u00e9tecteurs MRI-4010 \/ MRI-4010-ISO qui offrent de multiples r\u00e9glages de sensibilit\u00e9, des fonctions anti-sabotage et une option de test \u00e0 l'aimant.","breadcrumb":{"@id":"https:\/\/secutron.com\/products\/mri-4011-mri-4011-iso-photoelectric-smoke-sensors-r7\/#breadcrumb"},"inLanguage":"fr-CA","potentialAction":[{"@type":"ReadAction","target":["https:\/\/secutron.com\/products\/mri-4011-mri-4011-iso-photoelectric-smoke-sensors-r7\/"]}]},{"@type":"ImageObject","inLanguage":"fr-CA","@id":"https:\/\/secutron.com\/products\/mri-4011-mri-4011-iso-photoelectric-smoke-sensors-r7\/#primaryimage","url":"https:\/\/secutron.com\/wp-content\/uploads\/products\/MIX-4010^MIX-4020-tilt_lg.jpg","contentUrl":"https:\/\/secutron.com\/wp-content\/uploads\/products\/MIX-4010^MIX-4020-tilt_lg.jpg","width":1356,"height":1356},{"@type":"BreadcrumbList","@id":"https:\/\/secutron.com\/products\/mri-4011-mri-4011-iso-photoelectric-smoke-sensors-r7\/#breadcrumb","itemListElement":[{"@type":"ListItem","position":1,"name":"Home","item":"https:\/\/secutron.com\/"},{"@type":"ListItem","position":2,"name":"Shop","item":"https:\/\/secutron.com\/shop\/"},{"@type":"ListItem","position":3,"name":"MRI-4011 \/ MRI-4011-ISO Photoelectric Smoke Sensors"}]},{"@type":"WebSite","@id":"https:\/\/secutron.com\/#website","url":"https:\/\/secutron.com\/","name":"Secutron","description":"","potentialAction":[{"@type":"SearchAction","target":{"@type":"EntryPoint","urlTemplate":"https:\/\/secutron.com\/?s={search_term_string}"},"query-input":{"@type":"PropertyValueSpecification","valueRequired":true,"valueName":"search_term_string"}}],"inLanguage":"fr-CA"}]}},"_links":{"self":[{"href":"https:\/\/secutron.com\/fr\/wp-json\/wp\/v2\/product\/3372","targetHints":{"allow":["GET"]}}],"collection":[{"href":"https:\/\/secutron.com\/fr\/wp-json\/wp\/v2\/product"}],"about":[{"href":"https:\/\/secutron.com\/fr\/wp-json\/wp\/v2\/types\/product"}],"version-history":[{"count":4,"href":"https:\/\/secutron.com\/fr\/wp-json\/wp\/v2\/product\/3372\/revisions"}],"predecessor-version":[{"id":3387,"href":"https:\/\/secutron.com\/fr\/wp-json\/wp\/v2\/product\/3372\/revisions\/3387"}],"wp:featuredmedia":[{"embeddable":true,"href":"https:\/\/secutron.com\/fr\/wp-json\/wp\/v2\/media\/1362"}],"wp:attachment":[{"href":"https:\/\/secutron.com\/fr\/wp-json\/wp\/v2\/media?parent=3372"}],"wp:term":[{"taxonomy":"product_brand","embeddable":true,"href":"https:\/\/secutron.com\/fr\/wp-json\/wp\/v2\/product_brand?post=3372"},{"taxonomy":"product_cat","embeddable":true,"href":"https:\/\/secutron.com\/fr\/wp-json\/wp\/v2\/product_cat?post=3372"},{"taxonomy":"product_tag","embeddable":true,"href":"https:\/\/secutron.com\/fr\/wp-json\/wp\/v2\/product_tag?post=3372"}],"curies":[{"name":"wp","href":"https:\/\/api.w.org\/{rel}","templated":true}]}}