{"id":3173,"date":"2024-02-16T14:05:37","date_gmt":"2024-02-16T19:05:37","guid":{"rendered":"https:\/\/secutron.com\/?post_type=product&#038;p=3173"},"modified":"2025-05-12T11:03:56","modified_gmt":"2025-05-12T15:03:56","slug":"spp-204-weather-protected-speakers","status":"publish","type":"product","link":"https:\/\/secutron.com\/fr\/products\/spp-204-weather-protected-speakers\/","title":{"rendered":"SPP-204-WP Haut-parleurs ext\u00e9rieurs prot\u00e9g\u00e9s contre les intemp\u00e9ries"},"content":{"rendered":"<p>Les haut-parleurs ext\u00e9rieurs SPP-204-WP, prot\u00e9g\u00e9s contre les intemp\u00e9ries, constituent une solution robuste et fiable, con\u00e7ue pour fonctionner dans des environnements difficiles. Con\u00e7ues pour les solutions d'ext\u00e9rieur, les enceintes SPP-204-WP sont renforc\u00e9es contre divers facteurs environnementaux, garantissant des performances in\u00e9branlables dans toutes les conditions.<\/p>\n<h2><strong>Caract\u00e9ristiques :<\/strong><\/h2>\n<ul>\n<li>Conception adapt\u00e9e \u00e0 l'ext\u00e9rieur et protection contre les facteurs environnementaux<\/li>\n<li>Des performances fiables dans des conditions m\u00e9t\u00e9orologiques extr\u00eames.<\/li>\n<li>Plage de temp\u00e9rature de fonctionnement de -40\u00b0C \u00e0 66\u00b0C (-40\u00b0F \u00e0 151\u00b0F)<\/li>\n<li>R\u00e9glages de la puissance des enceintes multiples (Watts)\n<ul>\n<li>1\/4 W, 1\/2 W, 1 W et 2 W.<\/li>\n<\/ul>\n<\/li>\n<li>Convient aussi bien pour un montage mural que pour un montage au plafond.<\/li>\n<li>Languettes lat\u00e9rales amovibles pour diff\u00e9rents types d'installations<\/li>\n<li>Con\u00e7u pour une installation facile avec un impact minimal sur le bo\u00eetier.<\/li>\n<li>Des options rouge et blanche sont disponibles pour garantir la visibilit\u00e9 et l'int\u00e9gration transparente dans tout environnement.<\/li>\n<li>Prise en charge des fils de 12 \u00e0 22 AWG<\/li>\n<\/ul>\n<h4><strong>Informations sur les commandes :<\/strong><\/h4>\n<ul>\n<li><strong>SPP-204-25R-WP :<\/strong> Enceinte murale\/plafond prot\u00e9g\u00e9e contre les intemp\u00e9ries 25V, rouge (comprend l'appareil et le bo\u00eetier)<\/li>\n<li><strong>SPP-204-25-WP :<\/strong> Enceinte murale\/plafond prot\u00e9g\u00e9e contre les intemp\u00e9ries 25V, blanc (comprend l'appareil et le bo\u00eetier)<\/li>\n<li><strong>SPP-204-70R-WP :<\/strong> Enceinte murale\/plafond prot\u00e9g\u00e9e contre les intemp\u00e9ries 70V, rouge (comprend l'appareil et le bo\u00eetier)<\/li>\n<li><strong>SPP-204-70-WP :<\/strong> Enceinte murale\/plafond prot\u00e9g\u00e9e contre les intemp\u00e9ries 70V, blanc (comprend l'appareil et le bo\u00eetier)<\/li>\n<\/ul>\n<h4><strong>Liste des agences :<\/strong><\/h4>\n<ul>\n<li>UL 1480<\/li>\n<li>ULC S541<\/li>\n<li>NFPA 72<\/li>\n<\/ul>\n<p><a href=\"https:\/\/secutron.com\/wp-content\/uploads\/products\/UL-ULC-CSFM-logo.png\"><img decoding=\"async\" class=\"alignnone wp-image-3926\" src=\"https:\/\/secutron.com\/wp-content\/uploads\/products\/UL-ULC-CSFM-logo.png\" alt=\"\" width=\"318\" height=\"116\" \/><\/a><a href=\"https:\/\/secutron.com\/wp-content\/uploads\/products\/fm.jpg\"><img decoding=\"async\" class=\"alignnone size-full wp-image-3084\" src=\"https:\/\/secutron.com\/wp-content\/uploads\/products\/fm.jpg\" alt=\"\" width=\"120\" height=\"90\" \/><\/a><\/p>\n<p>*Veuillez contacter votre repr\u00e9sentant Secutron pour conna\u00eetre la disponibilit\u00e9 du produit.<\/p>","protected":false},"excerpt":{"rendered":"<p>Les haut-parleurs ext\u00e9rieurs SPP-204-WP de MGC, prot\u00e9g\u00e9s contre les intemp\u00e9ries, constituent une solution robuste et fiable, con\u00e7ue pour fonctionner dans des environnements difficiles.<\/p>","protected":false},"featured_media":3881,"template":"","meta":{"_acf_changed":false,"om_disable_all_campaigns":false,"_monsterinsights_skip_tracking":false,"_monsterinsights_sitenote_active":false,"_monsterinsights_sitenote_note":"","_monsterinsights_sitenote_category":0,"footnotes":""},"product_brand":[],"product_cat":[44,80],"product_tag":[],"class_list":{"0":"post-3173","1":"product","2":"type-product","3":"status-publish","4":"has-post-thumbnail","6":"product_cat-notification-appliances","7":"product_cat-spps-series","9":"first","10":"instock","11":"shipping-taxable","12":"product-type-simple"},"acf":[],"yoast_head":"<!-- This site is optimized with the Yoast SEO plugin v27.4 - https:\/\/yoast.com\/product\/yoast-seo-wordpress\/ -->\n<title>SPP-204-WP Outdoor Weather Protected Speakers - Secutron<\/title>\n<meta name=\"description\" content=\"Enhance your outdoor audio experience with SPP-204 outdoor weather protected speakers. Designed to withstand environmental factors and deliver performance.\" \/>\n<meta name=\"robots\" content=\"index, follow, max-snippet:-1, max-image-preview:large, max-video-preview:-1\" \/>\n<link rel=\"canonical\" href=\"https:\/\/secutron.com\/fr\/products\/spp-204-weather-protected-speakers\/\" \/>\n<meta property=\"og:locale\" content=\"fr_CA\" \/>\n<meta property=\"og:type\" content=\"article\" \/>\n<meta property=\"og:title\" content=\"SPP-204-WP Outdoor Weather Protected Speakers - Secutron\" \/>\n<meta property=\"og:description\" content=\"Enhance your outdoor audio experience with SPP-204 outdoor weather protected speakers. Designed to withstand environmental factors and deliver performance.\" \/>\n<meta property=\"og:url\" content=\"https:\/\/secutron.com\/fr\/products\/spp-204-weather-protected-speakers\/\" \/>\n<meta property=\"og:site_name\" content=\"Secutron\" \/>\n<meta property=\"article:modified_time\" content=\"2025-05-12T15:03:56+00:00\" \/>\n<meta property=\"og:image\" content=\"https:\/\/secutron.com\/wp-content\/uploads\/products\/Red-White-SPP-204-WP.png\" \/>\n\t<meta property=\"og:image:width\" content=\"1553\" \/>\n\t<meta property=\"og:image:height\" content=\"900\" \/>\n\t<meta property=\"og:image:type\" content=\"image\/png\" \/>\n<meta name=\"twitter:card\" content=\"summary_large_image\" \/>\n<meta name=\"twitter:label1\" content=\"Estimation du temps de lecture\" \/>\n\t<meta name=\"twitter:data1\" content=\"2 minutes\" \/>\n<script type=\"application\/ld+json\" class=\"yoast-schema-graph\">{\"@context\":\"https:\\\/\\\/schema.org\",\"@graph\":[{\"@type\":\"WebPage\",\"@id\":\"https:\\\/\\\/secutron.com\\\/products\\\/spp-204-weather-protected-speakers\\\/\",\"url\":\"https:\\\/\\\/secutron.com\\\/products\\\/spp-204-weather-protected-speakers\\\/\",\"name\":\"SPP-204-WP Outdoor Weather Protected Speakers - Secutron\",\"isPartOf\":{\"@id\":\"https:\\\/\\\/secutron.com\\\/#website\"},\"primaryImageOfPage\":{\"@id\":\"https:\\\/\\\/secutron.com\\\/products\\\/spp-204-weather-protected-speakers\\\/#primaryimage\"},\"image\":{\"@id\":\"https:\\\/\\\/secutron.com\\\/products\\\/spp-204-weather-protected-speakers\\\/#primaryimage\"},\"thumbnailUrl\":\"https:\\\/\\\/secutron.com\\\/wp-content\\\/uploads\\\/products\\\/Red-White-SPP-204-WP.png\",\"datePublished\":\"2024-02-16T19:05:37+00:00\",\"dateModified\":\"2025-05-12T15:03:56+00:00\",\"description\":\"Enhance your outdoor audio experience with SPP-204 outdoor weather protected speakers. Designed to withstand environmental factors and deliver performance.\",\"breadcrumb\":{\"@id\":\"https:\\\/\\\/secutron.com\\\/products\\\/spp-204-weather-protected-speakers\\\/#breadcrumb\"},\"inLanguage\":\"fr-CA\",\"potentialAction\":[{\"@type\":\"ReadAction\",\"target\":[\"https:\\\/\\\/secutron.com\\\/products\\\/spp-204-weather-protected-speakers\\\/\"]}]},{\"@type\":\"ImageObject\",\"inLanguage\":\"fr-CA\",\"@id\":\"https:\\\/\\\/secutron.com\\\/products\\\/spp-204-weather-protected-speakers\\\/#primaryimage\",\"url\":\"https:\\\/\\\/secutron.com\\\/wp-content\\\/uploads\\\/products\\\/Red-White-SPP-204-WP.png\",\"contentUrl\":\"https:\\\/\\\/secutron.com\\\/wp-content\\\/uploads\\\/products\\\/Red-White-SPP-204-WP.png\",\"width\":1553,\"height\":900,\"caption\":\"Red & White SPP-204-WP\"},{\"@type\":\"BreadcrumbList\",\"@id\":\"https:\\\/\\\/secutron.com\\\/products\\\/spp-204-weather-protected-speakers\\\/#breadcrumb\",\"itemListElement\":[{\"@type\":\"ListItem\",\"position\":1,\"name\":\"Home\",\"item\":\"https:\\\/\\\/secutron.com\\\/\"},{\"@type\":\"ListItem\",\"position\":2,\"name\":\"Shop\",\"item\":\"https:\\\/\\\/secutron.com\\\/shop\\\/\"},{\"@type\":\"ListItem\",\"position\":3,\"name\":\"SPP-204-WP Outdoor Weather Protected Speakers\"}]},{\"@type\":\"WebSite\",\"@id\":\"https:\\\/\\\/secutron.com\\\/#website\",\"url\":\"https:\\\/\\\/secutron.com\\\/\",\"name\":\"Secutron\",\"description\":\"\",\"potentialAction\":[{\"@type\":\"SearchAction\",\"target\":{\"@type\":\"EntryPoint\",\"urlTemplate\":\"https:\\\/\\\/secutron.com\\\/?s={search_term_string}\"},\"query-input\":{\"@type\":\"PropertyValueSpecification\",\"valueRequired\":true,\"valueName\":\"search_term_string\"}}],\"inLanguage\":\"fr-CA\"}]}<\/script>\n<!-- \/ Yoast SEO plugin. -->","yoast_head_json":{"title":"SPP-204-WP Haut-parleurs ext\u00e9rieurs prot\u00e9g\u00e9s contre les intemp\u00e9ries - Secutron","description":"Am\u00e9liorez votre exp\u00e9rience audio en ext\u00e9rieur avec les haut-parleurs SPP-204 prot\u00e9g\u00e9s contre les intemp\u00e9ries. Con\u00e7ues pour r\u00e9sister aux facteurs environnementaux et offrir des performances.","robots":{"index":"index","follow":"follow","max-snippet":"max-snippet:-1","max-image-preview":"max-image-preview:large","max-video-preview":"max-video-preview:-1"},"canonical":"https:\/\/secutron.com\/fr\/products\/spp-204-weather-protected-speakers\/","og_locale":"fr_CA","og_type":"article","og_title":"SPP-204-WP Outdoor Weather Protected Speakers - Secutron","og_description":"Enhance your outdoor audio experience with SPP-204 outdoor weather protected speakers. Designed to withstand environmental factors and deliver performance.","og_url":"https:\/\/secutron.com\/fr\/products\/spp-204-weather-protected-speakers\/","og_site_name":"Secutron","article_modified_time":"2025-05-12T15:03:56+00:00","og_image":[{"width":1553,"height":900,"url":"https:\/\/secutron.com\/wp-content\/uploads\/products\/Red-White-SPP-204-WP.png","type":"image\/png"}],"twitter_card":"summary_large_image","twitter_misc":{"Estimation du temps de lecture":"2 minutes"},"schema":{"@context":"https:\/\/schema.org","@graph":[{"@type":"WebPage","@id":"https:\/\/secutron.com\/products\/spp-204-weather-protected-speakers\/","url":"https:\/\/secutron.com\/products\/spp-204-weather-protected-speakers\/","name":"SPP-204-WP Haut-parleurs ext\u00e9rieurs prot\u00e9g\u00e9s contre les intemp\u00e9ries - Secutron","isPartOf":{"@id":"https:\/\/secutron.com\/#website"},"primaryImageOfPage":{"@id":"https:\/\/secutron.com\/products\/spp-204-weather-protected-speakers\/#primaryimage"},"image":{"@id":"https:\/\/secutron.com\/products\/spp-204-weather-protected-speakers\/#primaryimage"},"thumbnailUrl":"https:\/\/secutron.com\/wp-content\/uploads\/products\/Red-White-SPP-204-WP.png","datePublished":"2024-02-16T19:05:37+00:00","dateModified":"2025-05-12T15:03:56+00:00","description":"Am\u00e9liorez votre exp\u00e9rience audio en ext\u00e9rieur avec les haut-parleurs SPP-204 prot\u00e9g\u00e9s contre les intemp\u00e9ries. Con\u00e7ues pour r\u00e9sister aux facteurs environnementaux et offrir des performances.","breadcrumb":{"@id":"https:\/\/secutron.com\/products\/spp-204-weather-protected-speakers\/#breadcrumb"},"inLanguage":"fr-CA","potentialAction":[{"@type":"ReadAction","target":["https:\/\/secutron.com\/products\/spp-204-weather-protected-speakers\/"]}]},{"@type":"ImageObject","inLanguage":"fr-CA","@id":"https:\/\/secutron.com\/products\/spp-204-weather-protected-speakers\/#primaryimage","url":"https:\/\/secutron.com\/wp-content\/uploads\/products\/Red-White-SPP-204-WP.png","contentUrl":"https:\/\/secutron.com\/wp-content\/uploads\/products\/Red-White-SPP-204-WP.png","width":1553,"height":900,"caption":"Red & White SPP-204-WP"},{"@type":"BreadcrumbList","@id":"https:\/\/secutron.com\/products\/spp-204-weather-protected-speakers\/#breadcrumb","itemListElement":[{"@type":"ListItem","position":1,"name":"Home","item":"https:\/\/secutron.com\/"},{"@type":"ListItem","position":2,"name":"Shop","item":"https:\/\/secutron.com\/shop\/"},{"@type":"ListItem","position":3,"name":"SPP-204-WP Outdoor Weather Protected Speakers"}]},{"@type":"WebSite","@id":"https:\/\/secutron.com\/#website","url":"https:\/\/secutron.com\/","name":"Secutron","description":"","potentialAction":[{"@type":"SearchAction","target":{"@type":"EntryPoint","urlTemplate":"https:\/\/secutron.com\/?s={search_term_string}"},"query-input":{"@type":"PropertyValueSpecification","valueRequired":true,"valueName":"search_term_string"}}],"inLanguage":"fr-CA"}]}},"_links":{"self":[{"href":"https:\/\/secutron.com\/fr\/wp-json\/wp\/v2\/product\/3173","targetHints":{"allow":["GET"]}}],"collection":[{"href":"https:\/\/secutron.com\/fr\/wp-json\/wp\/v2\/product"}],"about":[{"href":"https:\/\/secutron.com\/fr\/wp-json\/wp\/v2\/types\/product"}],"version-history":[{"count":11,"href":"https:\/\/secutron.com\/fr\/wp-json\/wp\/v2\/product\/3173\/revisions"}],"predecessor-version":[{"id":3987,"href":"https:\/\/secutron.com\/fr\/wp-json\/wp\/v2\/product\/3173\/revisions\/3987"}],"wp:featuredmedia":[{"embeddable":true,"href":"https:\/\/secutron.com\/fr\/wp-json\/wp\/v2\/media\/3881"}],"wp:attachment":[{"href":"https:\/\/secutron.com\/fr\/wp-json\/wp\/v2\/media?parent=3173"}],"wp:term":[{"taxonomy":"product_brand","embeddable":true,"href":"https:\/\/secutron.com\/fr\/wp-json\/wp\/v2\/product_brand?post=3173"},{"taxonomy":"product_cat","embeddable":true,"href":"https:\/\/secutron.com\/fr\/wp-json\/wp\/v2\/product_cat?post=3173"},{"taxonomy":"product_tag","embeddable":true,"href":"https:\/\/secutron.com\/fr\/wp-json\/wp\/v2\/product_tag?post=3173"}],"curies":[{"name":"wp","href":"https:\/\/api.w.org\/{rel}","templated":true}]}}