{"id":3160,"date":"2024-02-16T14:08:32","date_gmt":"2024-02-16T19:08:32","guid":{"rendered":"https:\/\/secutron.com\/?post_type=product&#038;p=3160"},"modified":"2025-04-01T16:54:43","modified_gmt":"2025-04-01T20:54:43","slug":"fs-400-rr-wp-weather-protected-strobe","status":"publish","type":"product","link":"https:\/\/secutron.com\/fr\/products\/fs-400-rr-wp-weather-protected-strobe\/","title":{"rendered":"FS-400-WP Stroboscope ext\u00e9rieur prot\u00e9g\u00e9 contre les intemp\u00e9ries"},"content":{"rendered":"<p>Le stroboscope prot\u00e9g\u00e9 contre les intemp\u00e9ries FS-400-WP rehausse vos mesures de s\u00e9curit\u00e9 en ext\u00e9rieur gr\u00e2ce \u00e0 son design. Con\u00e7u pour r\u00e9sister aux conditions environnementales les plus difficiles, le stroboscope prot\u00e9g\u00e9 contre les intemp\u00e9ries garantit des performances fiables lorsque c'est le plus important.<\/p>\n<h2><strong>Caract\u00e9ristiques :<\/strong><\/h2>\n<ul>\n<li>Conception adapt\u00e9e \u00e0 l'ext\u00e9rieur avec des protections contre les facteurs environnementaux.<\/li>\n<li>Des performances fiables dans des conditions m\u00e9t\u00e9orologiques extr\u00eames<\/li>\n<li>Plage de temp\u00e9rature de fonctionnement de -40\u00b0C \u00e0 66\u00b0C (-40\u00b0F \u00e0 151\u00b0F)<\/li>\n<li>La technologie LED avanc\u00e9e permet une consommation de courant sup\u00e9rieure<\/li>\n<li>R\u00e9glages standard et \u00e9lev\u00e9 de la candela dans une seule unit\u00e9 pour r\u00e9pondre \u00e0 pratiquement toutes les applications.\n<ul>\n<li>15, 15\/75, 30, 75, 110 cd<\/li>\n<\/ul>\n<\/li>\n<li>Synchronisation disponible avec le protocole MGC ou par l'interm\u00e9diaire d'un module de synchronisation externe pour une compatibilit\u00e9 avec n'importe quel FACU ou PSU UL\/ULC.<\/li>\n<li>Homologu\u00e9 pour le montage mural<\/li>\n<li>Languettes lat\u00e9rales amovibles pour diff\u00e9rents types d'installations<\/li>\n<li>Con\u00e7u pour une installation facile avec un impact minimal sur le bo\u00eetier<\/li>\n<li>Des options rouge et blanche sont disponibles pour garantir la visibilit\u00e9 et l'int\u00e9gration transparente dans tout environnement.<\/li>\n<li>Am\u00e9liorez les communications d'urgence avec les mod\u00e8les blancs portant l'\u00e9tiquette \"ALERT\".<\/li>\n<li>Prise en charge des fils de 12 \u00e0 22 AWG<\/li>\n<\/ul>\n<h4><strong>Informations sur les commandes :<\/strong><\/h4>\n<ul>\n<li><strong>FS-400-RR-WP :<\/strong> Stroboscope mural prot\u00e9g\u00e9 contre les intemp\u00e9ries, rouge (comprend le dispositif et le bo\u00eetier)<\/li>\n<li><strong>FS-400-WW-WP :<\/strong> Stroboscope mural prot\u00e9g\u00e9 contre les intemp\u00e9ries, blanc (dispositif et bo\u00eetier inclus)<\/li>\n<li><strong>MRI-4050 :<\/strong> Module de synchronisation<\/li>\n<\/ul>\n<h4><strong>Liste des agences :<\/strong><\/h4>\n<ul>\n<li>UL 1971<\/li>\n<li>UL 1638<\/li>\n<li>ULC S526<\/li>\n<li>NFPA 72<\/li>\n<\/ul>\n<h4><img decoding=\"async\" src=\"https:\/\/mircom.com\/wp-content\/uploads\/products\/ul.jpg\" \/> <img decoding=\"async\" src=\"https:\/\/mircom.com\/wp-content\/uploads\/products\/ulc.jpg\" \/><img decoding=\"async\" class=\"alignnone wp-image-12557\" src=\"https:\/\/mircom.com\/wp-content\/uploads\/csfm-1.jpg\" alt=\"\" width=\"128\" height=\"96\" \/><img decoding=\"async\" class=\"size-full wp-image-12553\" src=\"https:\/\/mircom.com\/wp-content\/uploads\/fm.jpg\" alt=\"fm\" width=\"120\" height=\"90\" \/><\/h4>\n<p>*Veuillez contacter votre repr\u00e9sentant Secutron pour conna\u00eetre la disponibilit\u00e9 du produit.<\/p>","protected":false},"excerpt":{"rendered":"<p>Le stroboscope ext\u00e9rieur FS-400-WP de MGC, prot\u00e9g\u00e9 contre les intemp\u00e9ries, est une solution robuste et fiable con\u00e7ue pour fonctionner dans des environnements difficiles.<\/p>","protected":false},"featured_media":3863,"template":"","meta":{"_acf_changed":false,"om_disable_all_campaigns":false,"_monsterinsights_skip_tracking":false,"_monsterinsights_sitenote_active":false,"_monsterinsights_sitenote_note":"","_monsterinsights_sitenote_category":0,"footnotes":""},"product_brand":[],"product_cat":[74,44],"product_tag":[],"class_list":{"0":"post-3160","1":"product","2":"type-product","3":"status-publish","4":"has-post-thumbnail","6":"product_cat-400-series","7":"product_cat-notification-appliances","9":"first","10":"instock","11":"shipping-taxable","12":"product-type-simple"},"acf":[],"yoast_head":"<!-- This site is optimized with the Yoast SEO plugin v27.4 - https:\/\/yoast.com\/product\/yoast-seo-wordpress\/ -->\n<title>FS-400-WP Outdoor Weather Protected Strobe - Secutron<\/title>\n<meta name=\"description\" content=\"Elevate your outdoor safety measures with its robust construction and superior current draw performance, it&#039;s the perfect solution with UL and ULC listings.\" \/>\n<meta name=\"robots\" content=\"index, follow, max-snippet:-1, max-image-preview:large, max-video-preview:-1\" \/>\n<link rel=\"canonical\" href=\"https:\/\/secutron.com\/fr\/products\/fs-400-rr-wp-weather-protected-strobe\/\" \/>\n<meta property=\"og:locale\" content=\"fr_CA\" \/>\n<meta property=\"og:type\" content=\"article\" \/>\n<meta property=\"og:title\" content=\"FS-400-WP Outdoor Weather Protected Strobe - Secutron\" \/>\n<meta property=\"og:description\" content=\"Elevate your outdoor safety measures with its robust construction and superior current draw performance, it&#039;s the perfect solution with UL and ULC listings.\" \/>\n<meta property=\"og:url\" content=\"https:\/\/secutron.com\/fr\/products\/fs-400-rr-wp-weather-protected-strobe\/\" \/>\n<meta property=\"og:site_name\" content=\"Secutron\" \/>\n<meta property=\"article:modified_time\" content=\"2025-04-01T20:54:43+00:00\" \/>\n<meta property=\"og:image\" content=\"https:\/\/secutron.com\/wp-content\/uploads\/products\/Red-White-FS-400-WP-1.png\" \/>\n\t<meta property=\"og:image:width\" content=\"1735\" \/>\n\t<meta property=\"og:image:height\" content=\"900\" \/>\n\t<meta property=\"og:image:type\" content=\"image\/png\" \/>\n<meta name=\"twitter:card\" content=\"summary_large_image\" \/>\n<meta name=\"twitter:label1\" content=\"Estimation du temps de lecture\" \/>\n\t<meta name=\"twitter:data1\" content=\"2 minutes\" \/>\n<script type=\"application\/ld+json\" class=\"yoast-schema-graph\">{\"@context\":\"https:\\\/\\\/schema.org\",\"@graph\":[{\"@type\":\"WebPage\",\"@id\":\"https:\\\/\\\/secutron.com\\\/products\\\/fs-400-rr-wp-weather-protected-strobe\\\/\",\"url\":\"https:\\\/\\\/secutron.com\\\/products\\\/fs-400-rr-wp-weather-protected-strobe\\\/\",\"name\":\"FS-400-WP Outdoor Weather Protected Strobe - Secutron\",\"isPartOf\":{\"@id\":\"https:\\\/\\\/secutron.com\\\/#website\"},\"primaryImageOfPage\":{\"@id\":\"https:\\\/\\\/secutron.com\\\/products\\\/fs-400-rr-wp-weather-protected-strobe\\\/#primaryimage\"},\"image\":{\"@id\":\"https:\\\/\\\/secutron.com\\\/products\\\/fs-400-rr-wp-weather-protected-strobe\\\/#primaryimage\"},\"thumbnailUrl\":\"https:\\\/\\\/secutron.com\\\/wp-content\\\/uploads\\\/products\\\/Red-White-FS-400-WP-1.png\",\"datePublished\":\"2024-02-16T19:08:32+00:00\",\"dateModified\":\"2025-04-01T20:54:43+00:00\",\"description\":\"Elevate your outdoor safety measures with its robust construction and superior current draw performance, it's the perfect solution with UL and ULC listings.\",\"breadcrumb\":{\"@id\":\"https:\\\/\\\/secutron.com\\\/products\\\/fs-400-rr-wp-weather-protected-strobe\\\/#breadcrumb\"},\"inLanguage\":\"fr-CA\",\"potentialAction\":[{\"@type\":\"ReadAction\",\"target\":[\"https:\\\/\\\/secutron.com\\\/products\\\/fs-400-rr-wp-weather-protected-strobe\\\/\"]}]},{\"@type\":\"ImageObject\",\"inLanguage\":\"fr-CA\",\"@id\":\"https:\\\/\\\/secutron.com\\\/products\\\/fs-400-rr-wp-weather-protected-strobe\\\/#primaryimage\",\"url\":\"https:\\\/\\\/secutron.com\\\/wp-content\\\/uploads\\\/products\\\/Red-White-FS-400-WP-1.png\",\"contentUrl\":\"https:\\\/\\\/secutron.com\\\/wp-content\\\/uploads\\\/products\\\/Red-White-FS-400-WP-1.png\",\"width\":1735,\"height\":900,\"caption\":\"Red & White FS-400-WP 1\"},{\"@type\":\"BreadcrumbList\",\"@id\":\"https:\\\/\\\/secutron.com\\\/products\\\/fs-400-rr-wp-weather-protected-strobe\\\/#breadcrumb\",\"itemListElement\":[{\"@type\":\"ListItem\",\"position\":1,\"name\":\"Home\",\"item\":\"https:\\\/\\\/secutron.com\\\/\"},{\"@type\":\"ListItem\",\"position\":2,\"name\":\"Shop\",\"item\":\"https:\\\/\\\/secutron.com\\\/shop\\\/\"},{\"@type\":\"ListItem\",\"position\":3,\"name\":\"FS-400-WP Outdoor Weather Protected Strobe\"}]},{\"@type\":\"WebSite\",\"@id\":\"https:\\\/\\\/secutron.com\\\/#website\",\"url\":\"https:\\\/\\\/secutron.com\\\/\",\"name\":\"Secutron\",\"description\":\"\",\"potentialAction\":[{\"@type\":\"SearchAction\",\"target\":{\"@type\":\"EntryPoint\",\"urlTemplate\":\"https:\\\/\\\/secutron.com\\\/?s={search_term_string}\"},\"query-input\":{\"@type\":\"PropertyValueSpecification\",\"valueRequired\":true,\"valueName\":\"search_term_string\"}}],\"inLanguage\":\"fr-CA\"}]}<\/script>\n<!-- \/ Yoast SEO plugin. -->","yoast_head_json":{"title":"FS-400-WP Stroboscope ext\u00e9rieur prot\u00e9g\u00e9 contre les intemp\u00e9ries - Secutron","description":"Am\u00e9liorez vos mesures de s\u00e9curit\u00e9 \u00e0 l'ext\u00e9rieur gr\u00e2ce \u00e0 sa construction robuste et \u00e0 ses performances sup\u00e9rieures en mati\u00e8re de consommation de courant. C'est la solution parfaite avec les homologations UL et ULC.","robots":{"index":"index","follow":"follow","max-snippet":"max-snippet:-1","max-image-preview":"max-image-preview:large","max-video-preview":"max-video-preview:-1"},"canonical":"https:\/\/secutron.com\/fr\/products\/fs-400-rr-wp-weather-protected-strobe\/","og_locale":"fr_CA","og_type":"article","og_title":"FS-400-WP Outdoor Weather Protected Strobe - Secutron","og_description":"Elevate your outdoor safety measures with its robust construction and superior current draw performance, it's the perfect solution with UL and ULC listings.","og_url":"https:\/\/secutron.com\/fr\/products\/fs-400-rr-wp-weather-protected-strobe\/","og_site_name":"Secutron","article_modified_time":"2025-04-01T20:54:43+00:00","og_image":[{"width":1735,"height":900,"url":"https:\/\/secutron.com\/wp-content\/uploads\/products\/Red-White-FS-400-WP-1.png","type":"image\/png"}],"twitter_card":"summary_large_image","twitter_misc":{"Estimation du temps de lecture":"2 minutes"},"schema":{"@context":"https:\/\/schema.org","@graph":[{"@type":"WebPage","@id":"https:\/\/secutron.com\/products\/fs-400-rr-wp-weather-protected-strobe\/","url":"https:\/\/secutron.com\/products\/fs-400-rr-wp-weather-protected-strobe\/","name":"FS-400-WP Stroboscope ext\u00e9rieur prot\u00e9g\u00e9 contre les intemp\u00e9ries - Secutron","isPartOf":{"@id":"https:\/\/secutron.com\/#website"},"primaryImageOfPage":{"@id":"https:\/\/secutron.com\/products\/fs-400-rr-wp-weather-protected-strobe\/#primaryimage"},"image":{"@id":"https:\/\/secutron.com\/products\/fs-400-rr-wp-weather-protected-strobe\/#primaryimage"},"thumbnailUrl":"https:\/\/secutron.com\/wp-content\/uploads\/products\/Red-White-FS-400-WP-1.png","datePublished":"2024-02-16T19:08:32+00:00","dateModified":"2025-04-01T20:54:43+00:00","description":"Am\u00e9liorez vos mesures de s\u00e9curit\u00e9 \u00e0 l'ext\u00e9rieur gr\u00e2ce \u00e0 sa construction robuste et \u00e0 ses performances sup\u00e9rieures en mati\u00e8re de consommation de courant. C'est la solution parfaite avec les homologations UL et ULC.","breadcrumb":{"@id":"https:\/\/secutron.com\/products\/fs-400-rr-wp-weather-protected-strobe\/#breadcrumb"},"inLanguage":"fr-CA","potentialAction":[{"@type":"ReadAction","target":["https:\/\/secutron.com\/products\/fs-400-rr-wp-weather-protected-strobe\/"]}]},{"@type":"ImageObject","inLanguage":"fr-CA","@id":"https:\/\/secutron.com\/products\/fs-400-rr-wp-weather-protected-strobe\/#primaryimage","url":"https:\/\/secutron.com\/wp-content\/uploads\/products\/Red-White-FS-400-WP-1.png","contentUrl":"https:\/\/secutron.com\/wp-content\/uploads\/products\/Red-White-FS-400-WP-1.png","width":1735,"height":900,"caption":"Red & White FS-400-WP 1"},{"@type":"BreadcrumbList","@id":"https:\/\/secutron.com\/products\/fs-400-rr-wp-weather-protected-strobe\/#breadcrumb","itemListElement":[{"@type":"ListItem","position":1,"name":"Home","item":"https:\/\/secutron.com\/"},{"@type":"ListItem","position":2,"name":"Shop","item":"https:\/\/secutron.com\/shop\/"},{"@type":"ListItem","position":3,"name":"FS-400-WP Outdoor Weather Protected Strobe"}]},{"@type":"WebSite","@id":"https:\/\/secutron.com\/#website","url":"https:\/\/secutron.com\/","name":"Secutron","description":"","potentialAction":[{"@type":"SearchAction","target":{"@type":"EntryPoint","urlTemplate":"https:\/\/secutron.com\/?s={search_term_string}"},"query-input":{"@type":"PropertyValueSpecification","valueRequired":true,"valueName":"search_term_string"}}],"inLanguage":"fr-CA"}]}},"_links":{"self":[{"href":"https:\/\/secutron.com\/fr\/wp-json\/wp\/v2\/product\/3160","targetHints":{"allow":["GET"]}}],"collection":[{"href":"https:\/\/secutron.com\/fr\/wp-json\/wp\/v2\/product"}],"about":[{"href":"https:\/\/secutron.com\/fr\/wp-json\/wp\/v2\/types\/product"}],"version-history":[{"count":8,"href":"https:\/\/secutron.com\/fr\/wp-json\/wp\/v2\/product\/3160\/revisions"}],"predecessor-version":[{"id":3868,"href":"https:\/\/secutron.com\/fr\/wp-json\/wp\/v2\/product\/3160\/revisions\/3868"}],"wp:featuredmedia":[{"embeddable":true,"href":"https:\/\/secutron.com\/fr\/wp-json\/wp\/v2\/media\/3863"}],"wp:attachment":[{"href":"https:\/\/secutron.com\/fr\/wp-json\/wp\/v2\/media?parent=3160"}],"wp:term":[{"taxonomy":"product_brand","embeddable":true,"href":"https:\/\/secutron.com\/fr\/wp-json\/wp\/v2\/product_brand?post=3160"},{"taxonomy":"product_cat","embeddable":true,"href":"https:\/\/secutron.com\/fr\/wp-json\/wp\/v2\/product_cat?post=3160"},{"taxonomy":"product_tag","embeddable":true,"href":"https:\/\/secutron.com\/fr\/wp-json\/wp\/v2\/product_tag?post=3160"}],"curies":[{"name":"wp","href":"https:\/\/api.w.org\/{rel}","templated":true}]}}