{"id":3150,"date":"2024-02-16T14:09:24","date_gmt":"2024-02-16T19:09:24","guid":{"rendered":"https:\/\/secutron.com\/?post_type=product&#038;p=3150"},"modified":"2025-04-01T16:54:19","modified_gmt":"2025-04-01T20:54:19","slug":"fh-400-rr-wp-weather-protected-horn","status":"publish","type":"product","link":"https:\/\/secutron.com\/fr\/products\/fh-400-rr-wp-weather-protected-horn\/","title":{"rendered":"FH-400-WP Klaxon ext\u00e9rieur prot\u00e9g\u00e9 contre les intemp\u00e9ries"},"content":{"rendered":"<p>L'avertisseur ext\u00e9rieur prot\u00e9g\u00e9 contre les intemp\u00e9ries FH-400-WP est une solution robuste et fiable con\u00e7ue pour fonctionner dans des environnements difficiles. Con\u00e7u pour les solutions d'ext\u00e9rieur, le FH-400-WP est renforc\u00e9 contre divers facteurs environnementaux, garantissant des performances in\u00e9branlables dans toutes les conditions.<\/p>\n<h2><strong>Caract\u00e9ristiques :<\/strong><\/h2>\n<ul>\n<li>Conception adapt\u00e9e \u00e0 l'ext\u00e9rieur et protection contre les facteurs environnementaux<\/li>\n<li>Des performances fiables dans des conditions m\u00e9t\u00e9orologiques extr\u00eames.<\/li>\n<li>Plage de temp\u00e9rature de fonctionnement de -40\u00b0C \u00e0 66\u00b0C (-40\u00b0F \u00e0 151\u00b0F)<\/li>\n<li>Plusieurs param\u00e8tres sonores s\u00e9lectionnables sur le terrain\n<ul>\n<li>Temporel, continu, temps de marche et tonalit\u00e9 de 20 BPM<\/li>\n<li>R\u00e9glages du volume haut et bas<\/li>\n<\/ul>\n<\/li>\n<li>Convient aussi bien pour un montage mural que pour un montage au plafond.<\/li>\n<li>Languettes lat\u00e9rales amovibles pour diff\u00e9rents types d'installations<\/li>\n<li>Con\u00e7u pour une installation facile avec un impact minimal sur le bo\u00eetier.<\/li>\n<li>Des options rouge et blanche sont disponibles pour garantir la visibilit\u00e9 et l'int\u00e9gration transparente dans tout environnement.<\/li>\n<li>Am\u00e9liorez les communications d'urgence avec les mod\u00e8les blancs portant l'\u00e9tiquette \"ALERT\".<\/li>\n<li>Prise en charge des fils de 12 \u00e0 22 AWG<\/li>\n<\/ul>\n<h4><strong>Informations sur les commandes :<\/strong><\/h4>\n<ul>\n<li><strong>FH-400-RR-WP :<\/strong> Avertisseur sonore pour montage mural\/au plafond, rouge, prot\u00e9g\u00e9 contre les intemp\u00e9ries (comprend le dispositif et le bo\u00eetier)<\/li>\n<li><strong>FH-400-WW-WP :<\/strong> Avertisseur mural\/de plafond prot\u00e9g\u00e9 contre les intemp\u00e9ries, blanc (comprend l'appareil et le bo\u00eetier)<\/li>\n<\/ul>\n<h4>Liste des agences :<\/h4>\n<ul>\n<li>UL 464<\/li>\n<li>ULC S525<\/li>\n<li>NFPA 72<\/li>\n<\/ul>\n<p>&nbsp;<\/p>\n<h4><img decoding=\"async\" src=\"https:\/\/mircom.com\/wp-content\/uploads\/products\/ul.jpg\" \/> <img decoding=\"async\" src=\"https:\/\/mircom.com\/wp-content\/uploads\/products\/ulc.jpg\" \/><img decoding=\"async\" class=\"alignnone wp-image-12557\" src=\"https:\/\/mircom.com\/wp-content\/uploads\/csfm-1.jpg\" alt=\"\" width=\"128\" height=\"96\" \/><img decoding=\"async\" class=\"size-full wp-image-12553\" src=\"https:\/\/mircom.com\/wp-content\/uploads\/fm.jpg\" alt=\"fm\" width=\"120\" height=\"90\" \/><\/h4>\n<p>*Veuillez contacter votre repr\u00e9sentant Secutron pour conna\u00eetre la disponibilit\u00e9 du produit.<\/p>","protected":false},"excerpt":{"rendered":"<p>L'avertisseur ext\u00e9rieur FH-400-WP de MGC, prot\u00e9g\u00e9 contre les intemp\u00e9ries, est une solution robuste et fiable con\u00e7ue pour fonctionner dans des environnements difficiles.<\/p>","protected":false},"featured_media":3854,"template":"","meta":{"_acf_changed":false,"om_disable_all_campaigns":false,"_monsterinsights_skip_tracking":false,"_monsterinsights_sitenote_active":false,"_monsterinsights_sitenote_note":"","_monsterinsights_sitenote_category":0,"footnotes":""},"product_brand":[],"product_cat":[74,44],"product_tag":[],"class_list":{"0":"post-3150","1":"product","2":"type-product","3":"status-publish","4":"has-post-thumbnail","6":"product_cat-400-series","7":"product_cat-notification-appliances","9":"first","10":"instock","11":"shipping-taxable","12":"product-type-simple"},"acf":[],"yoast_head":"<!-- This site is optimized with the Yoast SEO plugin v27.4 - https:\/\/yoast.com\/product\/yoast-seo-wordpress\/ -->\n<title>FH-400-WP Outdoor Weather Protected Horn - Secutron<\/title>\n<meta name=\"description\" content=\"Experience the FH-400-RR-WP, a durable solution crafted for outdoor environments. With a wide operating temperature range and UL 464, ULC S525 listings.\" \/>\n<meta name=\"robots\" content=\"index, follow, max-snippet:-1, max-image-preview:large, max-video-preview:-1\" \/>\n<link rel=\"canonical\" href=\"https:\/\/secutron.com\/fr\/products\/fh-400-rr-wp-weather-protected-horn\/\" \/>\n<meta property=\"og:locale\" content=\"fr_CA\" \/>\n<meta property=\"og:type\" content=\"article\" \/>\n<meta property=\"og:title\" content=\"FH-400-WP Outdoor Weather Protected Horn - Secutron\" \/>\n<meta property=\"og:description\" content=\"Experience the FH-400-RR-WP, a durable solution crafted for outdoor environments. With a wide operating temperature range and UL 464, ULC S525 listings.\" \/>\n<meta property=\"og:url\" content=\"https:\/\/secutron.com\/fr\/products\/fh-400-rr-wp-weather-protected-horn\/\" \/>\n<meta property=\"og:site_name\" content=\"Secutron\" \/>\n<meta property=\"article:modified_time\" content=\"2025-04-01T20:54:19+00:00\" \/>\n<meta property=\"og:image\" content=\"https:\/\/secutron.com\/wp-content\/uploads\/products\/Red-White-FH-400-WP-1.png\" \/>\n\t<meta property=\"og:image:width\" content=\"800\" \/>\n\t<meta property=\"og:image:height\" content=\"474\" \/>\n\t<meta property=\"og:image:type\" content=\"image\/png\" \/>\n<meta name=\"twitter:card\" content=\"summary_large_image\" \/>\n<meta name=\"twitter:label1\" content=\"Estimation du temps de lecture\" \/>\n\t<meta name=\"twitter:data1\" content=\"2 minutes\" \/>\n<script type=\"application\/ld+json\" class=\"yoast-schema-graph\">{\"@context\":\"https:\\\/\\\/schema.org\",\"@graph\":[{\"@type\":\"WebPage\",\"@id\":\"https:\\\/\\\/secutron.com\\\/products\\\/fh-400-rr-wp-weather-protected-horn\\\/\",\"url\":\"https:\\\/\\\/secutron.com\\\/products\\\/fh-400-rr-wp-weather-protected-horn\\\/\",\"name\":\"FH-400-WP Outdoor Weather Protected Horn - Secutron\",\"isPartOf\":{\"@id\":\"https:\\\/\\\/secutron.com\\\/#website\"},\"primaryImageOfPage\":{\"@id\":\"https:\\\/\\\/secutron.com\\\/products\\\/fh-400-rr-wp-weather-protected-horn\\\/#primaryimage\"},\"image\":{\"@id\":\"https:\\\/\\\/secutron.com\\\/products\\\/fh-400-rr-wp-weather-protected-horn\\\/#primaryimage\"},\"thumbnailUrl\":\"https:\\\/\\\/secutron.com\\\/wp-content\\\/uploads\\\/products\\\/Red-White-FH-400-WP-1.png\",\"datePublished\":\"2024-02-16T19:09:24+00:00\",\"dateModified\":\"2025-04-01T20:54:19+00:00\",\"description\":\"Experience the FH-400-RR-WP, a durable solution crafted for outdoor environments. With a wide operating temperature range and UL 464, ULC S525 listings.\",\"breadcrumb\":{\"@id\":\"https:\\\/\\\/secutron.com\\\/products\\\/fh-400-rr-wp-weather-protected-horn\\\/#breadcrumb\"},\"inLanguage\":\"fr-CA\",\"potentialAction\":[{\"@type\":\"ReadAction\",\"target\":[\"https:\\\/\\\/secutron.com\\\/products\\\/fh-400-rr-wp-weather-protected-horn\\\/\"]}]},{\"@type\":\"ImageObject\",\"inLanguage\":\"fr-CA\",\"@id\":\"https:\\\/\\\/secutron.com\\\/products\\\/fh-400-rr-wp-weather-protected-horn\\\/#primaryimage\",\"url\":\"https:\\\/\\\/secutron.com\\\/wp-content\\\/uploads\\\/products\\\/Red-White-FH-400-WP-1.png\",\"contentUrl\":\"https:\\\/\\\/secutron.com\\\/wp-content\\\/uploads\\\/products\\\/Red-White-FH-400-WP-1.png\",\"width\":2203,\"height\":1306,\"caption\":\"Red & White FH-400-WP 1\"},{\"@type\":\"BreadcrumbList\",\"@id\":\"https:\\\/\\\/secutron.com\\\/products\\\/fh-400-rr-wp-weather-protected-horn\\\/#breadcrumb\",\"itemListElement\":[{\"@type\":\"ListItem\",\"position\":1,\"name\":\"Home\",\"item\":\"https:\\\/\\\/secutron.com\\\/\"},{\"@type\":\"ListItem\",\"position\":2,\"name\":\"Shop\",\"item\":\"https:\\\/\\\/secutron.com\\\/shop\\\/\"},{\"@type\":\"ListItem\",\"position\":3,\"name\":\"FH-400-WP Outdoor Weather Protected Horn\"}]},{\"@type\":\"WebSite\",\"@id\":\"https:\\\/\\\/secutron.com\\\/#website\",\"url\":\"https:\\\/\\\/secutron.com\\\/\",\"name\":\"Secutron\",\"description\":\"\",\"potentialAction\":[{\"@type\":\"SearchAction\",\"target\":{\"@type\":\"EntryPoint\",\"urlTemplate\":\"https:\\\/\\\/secutron.com\\\/?s={search_term_string}\"},\"query-input\":{\"@type\":\"PropertyValueSpecification\",\"valueRequired\":true,\"valueName\":\"search_term_string\"}}],\"inLanguage\":\"fr-CA\"}]}<\/script>\n<!-- \/ Yoast SEO plugin. -->","yoast_head_json":{"title":"Avertisseur ext\u00e9rieur prot\u00e9g\u00e9 contre les intemp\u00e9ries FH-400-WP - Secutron","description":"D\u00e9couvrez le FH-400-RR-WP, une solution durable con\u00e7ue pour les environnements ext\u00e9rieurs. Avec une large plage de temp\u00e9ratures de fonctionnement et les certifications UL 464 et ULC S525.","robots":{"index":"index","follow":"follow","max-snippet":"max-snippet:-1","max-image-preview":"max-image-preview:large","max-video-preview":"max-video-preview:-1"},"canonical":"https:\/\/secutron.com\/fr\/products\/fh-400-rr-wp-weather-protected-horn\/","og_locale":"fr_CA","og_type":"article","og_title":"FH-400-WP Outdoor Weather Protected Horn - Secutron","og_description":"Experience the FH-400-RR-WP, a durable solution crafted for outdoor environments. With a wide operating temperature range and UL 464, ULC S525 listings.","og_url":"https:\/\/secutron.com\/fr\/products\/fh-400-rr-wp-weather-protected-horn\/","og_site_name":"Secutron","article_modified_time":"2025-04-01T20:54:19+00:00","og_image":[{"url":"https:\/\/secutron.com\/wp-content\/uploads\/products\/Red-White-FH-400-WP-1.png","width":800,"height":474,"type":"image\/png"}],"twitter_card":"summary_large_image","twitter_misc":{"Estimation du temps de lecture":"2 minutes"},"schema":{"@context":"https:\/\/schema.org","@graph":[{"@type":"WebPage","@id":"https:\/\/secutron.com\/products\/fh-400-rr-wp-weather-protected-horn\/","url":"https:\/\/secutron.com\/products\/fh-400-rr-wp-weather-protected-horn\/","name":"Avertisseur ext\u00e9rieur prot\u00e9g\u00e9 contre les intemp\u00e9ries FH-400-WP - Secutron","isPartOf":{"@id":"https:\/\/secutron.com\/#website"},"primaryImageOfPage":{"@id":"https:\/\/secutron.com\/products\/fh-400-rr-wp-weather-protected-horn\/#primaryimage"},"image":{"@id":"https:\/\/secutron.com\/products\/fh-400-rr-wp-weather-protected-horn\/#primaryimage"},"thumbnailUrl":"https:\/\/secutron.com\/wp-content\/uploads\/products\/Red-White-FH-400-WP-1.png","datePublished":"2024-02-16T19:09:24+00:00","dateModified":"2025-04-01T20:54:19+00:00","description":"D\u00e9couvrez le FH-400-RR-WP, une solution durable con\u00e7ue pour les environnements ext\u00e9rieurs. Avec une large plage de temp\u00e9ratures de fonctionnement et les certifications UL 464 et ULC S525.","breadcrumb":{"@id":"https:\/\/secutron.com\/products\/fh-400-rr-wp-weather-protected-horn\/#breadcrumb"},"inLanguage":"fr-CA","potentialAction":[{"@type":"ReadAction","target":["https:\/\/secutron.com\/products\/fh-400-rr-wp-weather-protected-horn\/"]}]},{"@type":"ImageObject","inLanguage":"fr-CA","@id":"https:\/\/secutron.com\/products\/fh-400-rr-wp-weather-protected-horn\/#primaryimage","url":"https:\/\/secutron.com\/wp-content\/uploads\/products\/Red-White-FH-400-WP-1.png","contentUrl":"https:\/\/secutron.com\/wp-content\/uploads\/products\/Red-White-FH-400-WP-1.png","width":2203,"height":1306,"caption":"Red & White FH-400-WP 1"},{"@type":"BreadcrumbList","@id":"https:\/\/secutron.com\/products\/fh-400-rr-wp-weather-protected-horn\/#breadcrumb","itemListElement":[{"@type":"ListItem","position":1,"name":"Home","item":"https:\/\/secutron.com\/"},{"@type":"ListItem","position":2,"name":"Shop","item":"https:\/\/secutron.com\/shop\/"},{"@type":"ListItem","position":3,"name":"FH-400-WP Outdoor Weather Protected Horn"}]},{"@type":"WebSite","@id":"https:\/\/secutron.com\/#website","url":"https:\/\/secutron.com\/","name":"Secutron","description":"","potentialAction":[{"@type":"SearchAction","target":{"@type":"EntryPoint","urlTemplate":"https:\/\/secutron.com\/?s={search_term_string}"},"query-input":{"@type":"PropertyValueSpecification","valueRequired":true,"valueName":"search_term_string"}}],"inLanguage":"fr-CA"}]}},"_links":{"self":[{"href":"https:\/\/secutron.com\/fr\/wp-json\/wp\/v2\/product\/3150","targetHints":{"allow":["GET"]}}],"collection":[{"href":"https:\/\/secutron.com\/fr\/wp-json\/wp\/v2\/product"}],"about":[{"href":"https:\/\/secutron.com\/fr\/wp-json\/wp\/v2\/types\/product"}],"version-history":[{"count":10,"href":"https:\/\/secutron.com\/fr\/wp-json\/wp\/v2\/product\/3150\/revisions"}],"predecessor-version":[{"id":3867,"href":"https:\/\/secutron.com\/fr\/wp-json\/wp\/v2\/product\/3150\/revisions\/3867"}],"wp:featuredmedia":[{"embeddable":true,"href":"https:\/\/secutron.com\/fr\/wp-json\/wp\/v2\/media\/3854"}],"wp:attachment":[{"href":"https:\/\/secutron.com\/fr\/wp-json\/wp\/v2\/media?parent=3150"}],"wp:term":[{"taxonomy":"product_brand","embeddable":true,"href":"https:\/\/secutron.com\/fr\/wp-json\/wp\/v2\/product_brand?post=3150"},{"taxonomy":"product_cat","embeddable":true,"href":"https:\/\/secutron.com\/fr\/wp-json\/wp\/v2\/product_cat?post=3150"},{"taxonomy":"product_tag","embeddable":true,"href":"https:\/\/secutron.com\/fr\/wp-json\/wp\/v2\/product_tag?post=3150"}],"curies":[{"name":"wp","href":"https:\/\/api.w.org\/{rel}","templated":true}]}}