{"id":2944,"date":"2024-01-29T15:41:33","date_gmt":"2024-01-29T20:41:33","guid":{"rendered":"https:\/\/secutron.com\/?post_type=product&#038;p=2944"},"modified":"2025-05-13T10:03:11","modified_gmt":"2025-05-13T14:03:11","slug":"audio-max","status":"publish","type":"product","link":"https:\/\/secutron.com\/fr\/products\/audio-max\/","title":{"rendered":"AUDMAX-MASTER"},"content":{"rendered":"<p>L'AUDMAX-MASTER de Secutron fournit 30W pour la sortie audio et 5A pour les circuits d'appareils de notification (NAC). Le module d'amplification de 30 watts en option augmente la sortie audio \u00e0 60 watts.<\/p>\n<p>Les notifications peuvent \u00eatre envoy\u00e9es \u00e0 l'aide des enregistrements de messages num\u00e9riques stock\u00e9s, du microphone principal ou des microphones distants. L'AUDMAX-MASTER est livr\u00e9 avec des notifications standard et peut stocker jusqu'\u00e0 14 messages pour un total de 12 minutes d'enregistrements de messages num\u00e9riques. Il est possible de connecter jusqu'\u00e0 six microphones distants et\/ou LOC \u00e0 l'AUDMAX-MASTER.<\/p>\n<p>L'AUDMAX-MASTER fonctionne soit comme un syst\u00e8me audio autonome, soit comme un \u00e9l\u00e9ment d'un syst\u00e8me d'alarme incendie. Il peut \u00eatre connect\u00e9 \u00e0 n'importe quel panneau d'alarme incendie homologu\u00e9 UL864 par l'interm\u00e9diaire de deux relais supervis\u00e9s et\/ou de deux NAC. Les centrales d'alarme incendie compatibles Secutron peuvent contr\u00f4ler l'AUDMAX-MASTER \u00e0 l'aide d'un circuit de ligne de signalisation (SLC).<\/p>\n<p>Les panneaux d'extension optionnels permettent de prendre en charge un syst\u00e8me distribu\u00e9. Ces Booster Panels ont la m\u00eame sortie que l'AUDMAX mais n'ont pas de microphones ni de panneaux d'interface utilisateur. Il est possible de connecter jusqu'\u00e0 cinq Booster Panels \u00e0 un AUDMAX-MASTER.<\/p>\n<p>Caract\u00e9ristiques :<\/p>\n<ul>\n<li>Jusqu'\u00e0 60W de sortie audio (2 amplificateurs de 30W)<\/li>\n<li>2 X 2,5A sortie 24V r\u00e9gul\u00e9e pour klaxons et stroboscopes (NAC). Syst\u00e8me extensible \u00e0 12 X 2.5A<\/li>\n<li>Classe A ou classe B C\u00e2blage du haut-parleur et du CNA<\/li>\n<li>Sortie audio 25V ou 70,7V s\u00e9lectionnable sur le terrain<\/li>\n<li>Comprend des messages num\u00e9riques standard pour l'incendie, l'urgence, l'\u00e9vacuation, la m\u00e9t\u00e9o et le d\u00e9gagement total.<\/li>\n<li>S\u00e9lectionnez jusqu'\u00e0 14 messages num\u00e9riques sur le panneau.<\/li>\n<li>T\u00e9l\u00e9chargement de messages personnalis\u00e9s \u00e0 l'aide du configurateur logiciel<\/li>\n<li>Enregistre jusqu'\u00e0 12 minutes de messages audio<\/li>\n<li>Entr\u00e9e du microphone principal avec bouton-poussoir (PTT)<\/li>\n<li>Prise en charge d'un maximum de 6 microphones et\/ou LOC distants<\/li>\n<li>Utilisation comme syst\u00e8me audio s\u00e9par\u00e9 ou comme partie int\u00e9grante d'un syst\u00e8me d'alarme incendie<\/li>\n<li>Deux entr\u00e9es pour l'activation par des syst\u00e8mes d'alarme incendie conventionnels utilisant des relais<\/li>\n<li>Deux entr\u00e9es stroboscopiques pour la synchronisation et l'activation<\/li>\n<li>Entr\u00e9e de circuit de ligne de signalisation (SLC) pour l'activation et la communication avec les centrales d'alarme incendie compatibles avec Secutron.<\/li>\n<li>Batterie de secours (capacit\u00e9 de charge jusqu'\u00e0 75AH)<\/li>\n<li>Sorties de relais d\u00e9di\u00e9es aux probl\u00e8mes, aux pannes de courant alternatif et aux alarmes<\/li>\n<li>Le syst\u00e8me audio prend en charge jusqu'\u00e0 6 panneaux au total (un panneau principal et 5 panneaux d'appoint).<\/li>\n<li>12 extensibles jusqu'\u00e0 36 interrupteurs programmables<\/li>\n<li>Alimentation auxiliaire 24V (jusqu'\u00e0 0,2A)<\/li>\n<li>Homologu\u00e9 ULC, UL, en attente de CSFM<\/li>\n<\/ul>\n<h4 style=\"font-weight: 500; color: #65666a;\">Accessoires<\/h4>\n<ul>\n<li>Module d'amplification<\/li>\n<li>24 S\u00e9lecteur de zone<\/li>\n<\/ul>\n<h4 style=\"font-weight: 500; color: #65666a;\">Modules d'extension<\/h4>\n<ul>\n<li>Panneau d'amplificateur<\/li>\n<li>Microphone \u00e0 distance<\/li>\n<li>LOC<\/li>\n<\/ul>","protected":false},"excerpt":{"rendered":"<p>La s\u00e9rie AUDIO MAX de Secutron est un syst\u00e8me d'\u00e9vacuation vocale et de communication d'urgence (ECS) extensible qui utilise \u00e0 la fois un microphone de radiomessagerie et des tonalit\u00e9s ou messages personnalis\u00e9s pr\u00e9enregistr\u00e9s en cas d'urgence.<\/p>","protected":false},"featured_media":531,"template":"","meta":{"_acf_changed":false,"om_disable_all_campaigns":false,"_monsterinsights_skip_tracking":false,"_monsterinsights_sitenote_active":false,"_monsterinsights_sitenote_note":"","_monsterinsights_sitenote_category":0,"footnotes":""},"product_brand":[],"product_cat":[41],"product_tag":[],"class_list":{"0":"post-2944","1":"product","2":"type-product","3":"status-publish","4":"has-post-thumbnail","6":"product_cat-voice-evacuation-systems","8":"first","9":"instock","10":"shipping-taxable","11":"product-type-simple"},"acf":[],"yoast_head":"<!-- This site is optimized with the Yoast SEO plugin v27.4 - https:\/\/yoast.com\/product\/yoast-seo-wordpress\/ -->\n<title>AUDMAX-MASTER - Secutron<\/title>\n<meta name=\"description\" content=\"AUDMAX-MASTER offers 30W audio output and 5A NAC, with the option to increase output to 60W. Send notifications using digital recordings\/microphones\" \/>\n<meta name=\"robots\" content=\"index, follow, max-snippet:-1, max-image-preview:large, max-video-preview:-1\" \/>\n<link rel=\"canonical\" href=\"https:\/\/secutron.com\/fr\/products\/audio-max\/\" \/>\n<meta property=\"og:locale\" content=\"fr_CA\" \/>\n<meta property=\"og:type\" content=\"article\" \/>\n<meta property=\"og:title\" content=\"AUDMAX-MASTER - Secutron\" \/>\n<meta property=\"og:description\" content=\"AUDMAX-MASTER offers 30W audio output and 5A NAC, with the option to increase output to 60W. Send notifications using digital recordings\/microphones\" \/>\n<meta property=\"og:url\" content=\"https:\/\/secutron.com\/fr\/products\/audio-max\/\" \/>\n<meta property=\"og:site_name\" content=\"Secutron\" \/>\n<meta property=\"article:modified_time\" content=\"2025-05-13T14:03:11+00:00\" \/>\n<meta property=\"og:image\" content=\"https:\/\/secutron.com\/wp-content\/uploads\/products\/AUDIO-MAX-secutron.jpg\" \/>\n\t<meta property=\"og:image:width\" content=\"900\" \/>\n\t<meta property=\"og:image:height\" content=\"900\" \/>\n\t<meta property=\"og:image:type\" content=\"image\/jpeg\" \/>\n<meta name=\"twitter:card\" content=\"summary_large_image\" \/>\n<meta name=\"twitter:label1\" content=\"Estimation du temps de lecture\" \/>\n\t<meta name=\"twitter:data1\" content=\"2 minutes\" \/>\n<script type=\"application\/ld+json\" class=\"yoast-schema-graph\">{\"@context\":\"https:\\\/\\\/schema.org\",\"@graph\":[{\"@type\":\"WebPage\",\"@id\":\"https:\\\/\\\/secutron.com\\\/products\\\/audio-max\\\/\",\"url\":\"https:\\\/\\\/secutron.com\\\/products\\\/audio-max\\\/\",\"name\":\"AUDMAX-MASTER - Secutron\",\"isPartOf\":{\"@id\":\"https:\\\/\\\/secutron.com\\\/#website\"},\"primaryImageOfPage\":{\"@id\":\"https:\\\/\\\/secutron.com\\\/products\\\/audio-max\\\/#primaryimage\"},\"image\":{\"@id\":\"https:\\\/\\\/secutron.com\\\/products\\\/audio-max\\\/#primaryimage\"},\"thumbnailUrl\":\"https:\\\/\\\/secutron.com\\\/wp-content\\\/uploads\\\/products\\\/AUDIO-MAX-secutron.jpg\",\"datePublished\":\"2024-01-29T20:41:33+00:00\",\"dateModified\":\"2025-05-13T14:03:11+00:00\",\"description\":\"AUDMAX-MASTER offers 30W audio output and 5A NAC, with the option to increase output to 60W. Send notifications using digital recordings\\\/microphones\",\"breadcrumb\":{\"@id\":\"https:\\\/\\\/secutron.com\\\/products\\\/audio-max\\\/#breadcrumb\"},\"inLanguage\":\"fr-CA\",\"potentialAction\":[{\"@type\":\"ReadAction\",\"target\":[\"https:\\\/\\\/secutron.com\\\/products\\\/audio-max\\\/\"]}]},{\"@type\":\"ImageObject\",\"inLanguage\":\"fr-CA\",\"@id\":\"https:\\\/\\\/secutron.com\\\/products\\\/audio-max\\\/#primaryimage\",\"url\":\"https:\\\/\\\/secutron.com\\\/wp-content\\\/uploads\\\/products\\\/AUDIO-MAX-secutron.jpg\",\"contentUrl\":\"https:\\\/\\\/secutron.com\\\/wp-content\\\/uploads\\\/products\\\/AUDIO-MAX-secutron.jpg\",\"width\":900,\"height\":900,\"caption\":\"AUDIO-MAX-secutron\"},{\"@type\":\"BreadcrumbList\",\"@id\":\"https:\\\/\\\/secutron.com\\\/products\\\/audio-max\\\/#breadcrumb\",\"itemListElement\":[{\"@type\":\"ListItem\",\"position\":1,\"name\":\"Home\",\"item\":\"https:\\\/\\\/secutron.com\\\/\"},{\"@type\":\"ListItem\",\"position\":2,\"name\":\"Shop\",\"item\":\"https:\\\/\\\/secutron.com\\\/shop\\\/\"},{\"@type\":\"ListItem\",\"position\":3,\"name\":\"AUDMAX-MASTER\"}]},{\"@type\":\"WebSite\",\"@id\":\"https:\\\/\\\/secutron.com\\\/#website\",\"url\":\"https:\\\/\\\/secutron.com\\\/\",\"name\":\"Secutron\",\"description\":\"\",\"potentialAction\":[{\"@type\":\"SearchAction\",\"target\":{\"@type\":\"EntryPoint\",\"urlTemplate\":\"https:\\\/\\\/secutron.com\\\/?s={search_term_string}\"},\"query-input\":{\"@type\":\"PropertyValueSpecification\",\"valueRequired\":true,\"valueName\":\"search_term_string\"}}],\"inLanguage\":\"fr-CA\"}]}<\/script>\n<!-- \/ Yoast SEO plugin. -->","yoast_head_json":{"title":"AUDMAX-MASTER - Secutron","description":"L'AUDMAX-MASTER offre une sortie audio de 30W et un NAC de 5A, avec la possibilit\u00e9 d'augmenter la sortie \u00e0 60W. Envoi de notifications \u00e0 l'aide d'enregistrements num\u00e9riques\/microphones","robots":{"index":"index","follow":"follow","max-snippet":"max-snippet:-1","max-image-preview":"max-image-preview:large","max-video-preview":"max-video-preview:-1"},"canonical":"https:\/\/secutron.com\/fr\/products\/audio-max\/","og_locale":"fr_CA","og_type":"article","og_title":"AUDMAX-MASTER - Secutron","og_description":"AUDMAX-MASTER offers 30W audio output and 5A NAC, with the option to increase output to 60W. Send notifications using digital recordings\/microphones","og_url":"https:\/\/secutron.com\/fr\/products\/audio-max\/","og_site_name":"Secutron","article_modified_time":"2025-05-13T14:03:11+00:00","og_image":[{"width":900,"height":900,"url":"https:\/\/secutron.com\/wp-content\/uploads\/products\/AUDIO-MAX-secutron.jpg","type":"image\/jpeg"}],"twitter_card":"summary_large_image","twitter_misc":{"Estimation du temps de lecture":"2 minutes"},"schema":{"@context":"https:\/\/schema.org","@graph":[{"@type":"WebPage","@id":"https:\/\/secutron.com\/products\/audio-max\/","url":"https:\/\/secutron.com\/products\/audio-max\/","name":"AUDMAX-MASTER - Secutron","isPartOf":{"@id":"https:\/\/secutron.com\/#website"},"primaryImageOfPage":{"@id":"https:\/\/secutron.com\/products\/audio-max\/#primaryimage"},"image":{"@id":"https:\/\/secutron.com\/products\/audio-max\/#primaryimage"},"thumbnailUrl":"https:\/\/secutron.com\/wp-content\/uploads\/products\/AUDIO-MAX-secutron.jpg","datePublished":"2024-01-29T20:41:33+00:00","dateModified":"2025-05-13T14:03:11+00:00","description":"L'AUDMAX-MASTER offre une sortie audio de 30W et un NAC de 5A, avec la possibilit\u00e9 d'augmenter la sortie \u00e0 60W. Envoi de notifications \u00e0 l'aide d'enregistrements num\u00e9riques\/microphones","breadcrumb":{"@id":"https:\/\/secutron.com\/products\/audio-max\/#breadcrumb"},"inLanguage":"fr-CA","potentialAction":[{"@type":"ReadAction","target":["https:\/\/secutron.com\/products\/audio-max\/"]}]},{"@type":"ImageObject","inLanguage":"fr-CA","@id":"https:\/\/secutron.com\/products\/audio-max\/#primaryimage","url":"https:\/\/secutron.com\/wp-content\/uploads\/products\/AUDIO-MAX-secutron.jpg","contentUrl":"https:\/\/secutron.com\/wp-content\/uploads\/products\/AUDIO-MAX-secutron.jpg","width":900,"height":900,"caption":"AUDIO-MAX-secutron"},{"@type":"BreadcrumbList","@id":"https:\/\/secutron.com\/products\/audio-max\/#breadcrumb","itemListElement":[{"@type":"ListItem","position":1,"name":"Home","item":"https:\/\/secutron.com\/"},{"@type":"ListItem","position":2,"name":"Shop","item":"https:\/\/secutron.com\/shop\/"},{"@type":"ListItem","position":3,"name":"AUDMAX-MASTER"}]},{"@type":"WebSite","@id":"https:\/\/secutron.com\/#website","url":"https:\/\/secutron.com\/","name":"Secutron","description":"","potentialAction":[{"@type":"SearchAction","target":{"@type":"EntryPoint","urlTemplate":"https:\/\/secutron.com\/?s={search_term_string}"},"query-input":{"@type":"PropertyValueSpecification","valueRequired":true,"valueName":"search_term_string"}}],"inLanguage":"fr-CA"}]}},"_links":{"self":[{"href":"https:\/\/secutron.com\/fr\/wp-json\/wp\/v2\/product\/2944","targetHints":{"allow":["GET"]}}],"collection":[{"href":"https:\/\/secutron.com\/fr\/wp-json\/wp\/v2\/product"}],"about":[{"href":"https:\/\/secutron.com\/fr\/wp-json\/wp\/v2\/types\/product"}],"version-history":[{"count":4,"href":"https:\/\/secutron.com\/fr\/wp-json\/wp\/v2\/product\/2944\/revisions"}],"predecessor-version":[{"id":4028,"href":"https:\/\/secutron.com\/fr\/wp-json\/wp\/v2\/product\/2944\/revisions\/4028"}],"wp:featuredmedia":[{"embeddable":true,"href":"https:\/\/secutron.com\/fr\/wp-json\/wp\/v2\/media\/531"}],"wp:attachment":[{"href":"https:\/\/secutron.com\/fr\/wp-json\/wp\/v2\/media?parent=2944"}],"wp:term":[{"taxonomy":"product_brand","embeddable":true,"href":"https:\/\/secutron.com\/fr\/wp-json\/wp\/v2\/product_brand?post=2944"},{"taxonomy":"product_cat","embeddable":true,"href":"https:\/\/secutron.com\/fr\/wp-json\/wp\/v2\/product_cat?post=2944"},{"taxonomy":"product_tag","embeddable":true,"href":"https:\/\/secutron.com\/fr\/wp-json\/wp\/v2\/product_tag?post=2944"}],"curies":[{"name":"wp","href":"https:\/\/api.w.org\/{rel}","templated":true}]}}