{"id":2712,"date":"2023-08-21T14:37:51","date_gmt":"2023-08-21T18:37:51","guid":{"rendered":"https:\/\/secutron.com\/?post_type=product&#038;p=2712"},"modified":"2024-07-29T17:16:56","modified_gmt":"2024-07-29T21:16:56","slug":"mri-4070-m-multi-isolator-module","status":"publish","type":"product","link":"https:\/\/secutron.com\/fr\/products\/mri-4070-m-multi-isolator-module\/","title":{"rendered":"MRI-4070-M MULTI ISOLATOR MODULE"},"content":{"rendered":"<p>Le module multi-isolateur MRI-4070-M est un dispositif qui permet \u00e0 la boucle de communication SLC de continuer \u00e0 fonctionner lorsqu'un court-circuit se produit sur une section de la boucle. Il est con\u00e7u pour \u00eatre utilis\u00e9 avec les centrales d'alarme incendie compatibles Secutron.<\/p>\n<p>&nbsp;<\/p>\n<h4>CARACT\u00c9RISTIQUES<\/h4>\n<ul>\n<li>Fournit 8 sections d'isolateurs qui sont \u00e9lectriquement isol\u00e9es les unes des autres<\/li>\n<li>Permet \u00e0 la boucle SLC de continuer \u00e0 fonctionner lorsqu'un court-circuit se produit sur une section de la boucle.<\/li>\n<li>Chaque section d'isolation est dot\u00e9e d'un indicateur LED qui signale l'\u00e9tat normal (clignotant) ou l'\u00e9tat de court-circuit (fixe), ce qui permet d'identifier facilement une section SLC d\u00e9fectueuse.<\/li>\n<li>Capacit\u00e9 d'autor\u00e9tablissement de chaque section une fois qu'un court-circuit est supprim\u00e9<\/li>\n<li>Abordable et peu encombrant<\/li>\n<li>Clip de montage pour rail DIN et borniers enfichables pour une installation rapide et facile<\/li>\n<li>Aucune adresse de module n'est requise<\/li>\n<li>Toute section inutilis\u00e9e peut \u00eatre laiss\u00e9e sans connexion sans affecter les autres sections.<\/li>\n<li>Compatible avec les centrales d'alarme incendie MR-400, MR-401 et MMX-4000<\/li>\n<li>Jusqu'\u00e0 2 modules peuvent \u00eatre mont\u00e9s sur un bo\u00eetier arri\u00e8re homologu\u00e9 UL\/ULC, MMX-BB-4002R<\/li>\n<li>Jusqu'\u00e0 6 modules peuvent \u00eatre mont\u00e9s sur un bo\u00eetier arri\u00e8re homologu\u00e9 UL\/UL, MMX-BB-4006R<\/li>\n<li>Le kit de support de montage permet de le monter sur n'importe quel autre bo\u00eetier \u00e9quivalent r\u00e9pertori\u00e9 UL\/ULC.<\/li>\n<\/ul>\n<p>&nbsp;<\/p>\n<h4>INFORMATIONS SUR LES COMMANDES<\/h4>\n<ul>\n<li><strong>MRI-4070-M :<\/strong> Module multi-isolateur de la s\u00e9rie 4000 (8 sections d'isolateur)<\/li>\n<li><strong>MMX-BB-4002R :<\/strong> Bo\u00eete pour 2 modules MRI-4000 Multi, porte rouge<\/li>\n<li><strong>MMX-BB-4006R :<\/strong> Bo\u00eete pour 6 modules MRI-4000 Multi, porte rouge<\/li>\n<li><strong>MGC-4000-BR :<\/strong> Kit de support de montage pour modules multiples<\/li>\n<\/ul>\n<p>&nbsp;<\/p>\n<h4>LISTES D'AGENCES<\/h4>\n<p><img decoding=\"async\" src=\"https:\/\/mircom.com\/wp-content\/uploads\/products\/ul.jpg\" \/> <img decoding=\"async\" src=\"https:\/\/mircom.com\/wp-content\/uploads\/products\/ulc.jpg\" \/><a href=\"https:\/\/secutron.com\/wp-content\/uploads\/csfm.jpg\"><img decoding=\"async\" class=\"alignnone size-full wp-image-1632\" src=\"https:\/\/secutron.com\/wp-content\/uploads\/csfm.jpg\" alt=\"\" width=\"120\" height=\"90\" \/><\/a><a href=\"https:\/\/secutron.com\/wp-content\/uploads\/products\/fm.jpg\"><img decoding=\"async\" class=\"alignnone size-full wp-image-3084\" src=\"https:\/\/secutron.com\/wp-content\/uploads\/products\/fm.jpg\" alt=\"\" width=\"120\" height=\"90\" \/><\/a><\/p>\n<p>*Veuillez contacter le repr\u00e9sentant local de Secutron pour conna\u00eetre les disponibilit\u00e9s r\u00e9gionales.<\/p>","protected":false},"excerpt":{"rendered":"<p>Le module multi-isolateur MRI-4070-M est un dispositif qui permet \u00e0 la boucle de communication SLC de continuer \u00e0 fonctionner lorsqu'un court-circuit se produit sur une section de la boucle. Il est con\u00e7u pour \u00eatre utilis\u00e9 avec les centrales d'alarme incendie compatibles Secutron.<\/p>","protected":false},"featured_media":2714,"template":"","meta":{"_acf_changed":false,"om_disable_all_campaigns":false,"_monsterinsights_skip_tracking":false,"_monsterinsights_sitenote_active":false,"_monsterinsights_sitenote_note":"","_monsterinsights_sitenote_category":0,"footnotes":""},"product_brand":[],"product_cat":[77],"product_tag":[],"class_list":{"0":"post-2712","1":"product","2":"type-product","3":"status-publish","4":"has-post-thumbnail","6":"product_cat-4000-series-devices","8":"first","9":"instock","10":"shipping-taxable","11":"product-type-simple"},"acf":[],"yoast_head":"<!-- This site is optimized with the Yoast SEO plugin v27.4 - https:\/\/yoast.com\/product\/yoast-seo-wordpress\/ -->\n<title>MRI-4070-M MULTI ISOLATOR MODULE - Secutron<\/title>\n<meta name=\"description\" content=\"The MRI-4070-M Multi Isolator Module ensures uninterrupted SLC communication loop operation during short circuits. UL-ULC Listed solution for your system.\" \/>\n<meta name=\"robots\" content=\"index, follow, max-snippet:-1, max-image-preview:large, max-video-preview:-1\" \/>\n<link rel=\"canonical\" href=\"https:\/\/secutron.com\/fr\/products\/mri-4070-m-multi-isolator-module\/\" \/>\n<meta property=\"og:locale\" content=\"fr_CA\" \/>\n<meta property=\"og:type\" content=\"article\" \/>\n<meta property=\"og:title\" content=\"MRI-4070-M MULTI ISOLATOR MODULE - Secutron\" \/>\n<meta property=\"og:description\" content=\"The MRI-4070-M Multi Isolator Module ensures uninterrupted SLC communication loop operation during short circuits. UL-ULC Listed solution for your system.\" \/>\n<meta property=\"og:url\" content=\"https:\/\/secutron.com\/fr\/products\/mri-4070-m-multi-isolator-module\/\" \/>\n<meta property=\"og:site_name\" content=\"Secutron\" \/>\n<meta property=\"article:modified_time\" content=\"2024-07-29T21:16:56+00:00\" \/>\n<meta property=\"og:image\" content=\"https:\/\/secutron.com\/wp-content\/uploads\/products\/MRI-4070-M-Secutron-with-UL-logo.png\" \/>\n\t<meta property=\"og:image:width\" content=\"1920\" \/>\n\t<meta property=\"og:image:height\" content=\"1080\" \/>\n\t<meta property=\"og:image:type\" content=\"image\/png\" \/>\n<meta name=\"twitter:card\" content=\"summary_large_image\" \/>\n<meta name=\"twitter:label1\" content=\"Estimation du temps de lecture\" \/>\n\t<meta name=\"twitter:data1\" content=\"3 minutes\" \/>\n<script type=\"application\/ld+json\" class=\"yoast-schema-graph\">{\"@context\":\"https:\\\/\\\/schema.org\",\"@graph\":[{\"@type\":\"WebPage\",\"@id\":\"https:\\\/\\\/secutron.com\\\/products\\\/mri-4070-m-multi-isolator-module\\\/\",\"url\":\"https:\\\/\\\/secutron.com\\\/products\\\/mri-4070-m-multi-isolator-module\\\/\",\"name\":\"MRI-4070-M MULTI ISOLATOR MODULE - Secutron\",\"isPartOf\":{\"@id\":\"https:\\\/\\\/secutron.com\\\/#website\"},\"primaryImageOfPage\":{\"@id\":\"https:\\\/\\\/secutron.com\\\/products\\\/mri-4070-m-multi-isolator-module\\\/#primaryimage\"},\"image\":{\"@id\":\"https:\\\/\\\/secutron.com\\\/products\\\/mri-4070-m-multi-isolator-module\\\/#primaryimage\"},\"thumbnailUrl\":\"https:\\\/\\\/secutron.com\\\/wp-content\\\/uploads\\\/products\\\/MRI-4070-M-Secutron-with-UL-logo.png\",\"datePublished\":\"2023-08-21T18:37:51+00:00\",\"dateModified\":\"2024-07-29T21:16:56+00:00\",\"description\":\"The MRI-4070-M Multi Isolator Module ensures uninterrupted SLC communication loop operation during short circuits. UL-ULC Listed solution for your system.\",\"breadcrumb\":{\"@id\":\"https:\\\/\\\/secutron.com\\\/products\\\/mri-4070-m-multi-isolator-module\\\/#breadcrumb\"},\"inLanguage\":\"fr-CA\",\"potentialAction\":[{\"@type\":\"ReadAction\",\"target\":[\"https:\\\/\\\/secutron.com\\\/products\\\/mri-4070-m-multi-isolator-module\\\/\"]}]},{\"@type\":\"ImageObject\",\"inLanguage\":\"fr-CA\",\"@id\":\"https:\\\/\\\/secutron.com\\\/products\\\/mri-4070-m-multi-isolator-module\\\/#primaryimage\",\"url\":\"https:\\\/\\\/secutron.com\\\/wp-content\\\/uploads\\\/products\\\/MRI-4070-M-Secutron-with-UL-logo.png\",\"contentUrl\":\"https:\\\/\\\/secutron.com\\\/wp-content\\\/uploads\\\/products\\\/MRI-4070-M-Secutron-with-UL-logo.png\",\"width\":1920,\"height\":1080},{\"@type\":\"BreadcrumbList\",\"@id\":\"https:\\\/\\\/secutron.com\\\/products\\\/mri-4070-m-multi-isolator-module\\\/#breadcrumb\",\"itemListElement\":[{\"@type\":\"ListItem\",\"position\":1,\"name\":\"Home\",\"item\":\"https:\\\/\\\/secutron.com\\\/\"},{\"@type\":\"ListItem\",\"position\":2,\"name\":\"Shop\",\"item\":\"https:\\\/\\\/secutron.com\\\/shop\\\/\"},{\"@type\":\"ListItem\",\"position\":3,\"name\":\"MRI-4070-M MULTI ISOLATOR MODULE\"}]},{\"@type\":\"WebSite\",\"@id\":\"https:\\\/\\\/secutron.com\\\/#website\",\"url\":\"https:\\\/\\\/secutron.com\\\/\",\"name\":\"Secutron\",\"description\":\"\",\"potentialAction\":[{\"@type\":\"SearchAction\",\"target\":{\"@type\":\"EntryPoint\",\"urlTemplate\":\"https:\\\/\\\/secutron.com\\\/?s={search_term_string}\"},\"query-input\":{\"@type\":\"PropertyValueSpecification\",\"valueRequired\":true,\"valueName\":\"search_term_string\"}}],\"inLanguage\":\"fr-CA\"}]}<\/script>\n<!-- \/ Yoast SEO plugin. -->","yoast_head_json":{"title":"MRI-4070-M MODULE D'ISOLATEUR MULTIPLE - Secutron","description":"Le module isolateur multiple MRI-4070-M assure un fonctionnement ininterrompu de la boucle de communication SLC en cas de court-circuit. Solution homologu\u00e9e UL-ULC pour votre syst\u00e8me.","robots":{"index":"index","follow":"follow","max-snippet":"max-snippet:-1","max-image-preview":"max-image-preview:large","max-video-preview":"max-video-preview:-1"},"canonical":"https:\/\/secutron.com\/fr\/products\/mri-4070-m-multi-isolator-module\/","og_locale":"fr_CA","og_type":"article","og_title":"MRI-4070-M MULTI ISOLATOR MODULE - Secutron","og_description":"The MRI-4070-M Multi Isolator Module ensures uninterrupted SLC communication loop operation during short circuits. UL-ULC Listed solution for your system.","og_url":"https:\/\/secutron.com\/fr\/products\/mri-4070-m-multi-isolator-module\/","og_site_name":"Secutron","article_modified_time":"2024-07-29T21:16:56+00:00","og_image":[{"width":1920,"height":1080,"url":"https:\/\/secutron.com\/wp-content\/uploads\/products\/MRI-4070-M-Secutron-with-UL-logo.png","type":"image\/png"}],"twitter_card":"summary_large_image","twitter_misc":{"Estimation du temps de lecture":"3 minutes"},"schema":{"@context":"https:\/\/schema.org","@graph":[{"@type":"WebPage","@id":"https:\/\/secutron.com\/products\/mri-4070-m-multi-isolator-module\/","url":"https:\/\/secutron.com\/products\/mri-4070-m-multi-isolator-module\/","name":"MRI-4070-M MODULE D'ISOLATEUR MULTIPLE - Secutron","isPartOf":{"@id":"https:\/\/secutron.com\/#website"},"primaryImageOfPage":{"@id":"https:\/\/secutron.com\/products\/mri-4070-m-multi-isolator-module\/#primaryimage"},"image":{"@id":"https:\/\/secutron.com\/products\/mri-4070-m-multi-isolator-module\/#primaryimage"},"thumbnailUrl":"https:\/\/secutron.com\/wp-content\/uploads\/products\/MRI-4070-M-Secutron-with-UL-logo.png","datePublished":"2023-08-21T18:37:51+00:00","dateModified":"2024-07-29T21:16:56+00:00","description":"Le module isolateur multiple MRI-4070-M assure un fonctionnement ininterrompu de la boucle de communication SLC en cas de court-circuit. Solution homologu\u00e9e UL-ULC pour votre syst\u00e8me.","breadcrumb":{"@id":"https:\/\/secutron.com\/products\/mri-4070-m-multi-isolator-module\/#breadcrumb"},"inLanguage":"fr-CA","potentialAction":[{"@type":"ReadAction","target":["https:\/\/secutron.com\/products\/mri-4070-m-multi-isolator-module\/"]}]},{"@type":"ImageObject","inLanguage":"fr-CA","@id":"https:\/\/secutron.com\/products\/mri-4070-m-multi-isolator-module\/#primaryimage","url":"https:\/\/secutron.com\/wp-content\/uploads\/products\/MRI-4070-M-Secutron-with-UL-logo.png","contentUrl":"https:\/\/secutron.com\/wp-content\/uploads\/products\/MRI-4070-M-Secutron-with-UL-logo.png","width":1920,"height":1080},{"@type":"BreadcrumbList","@id":"https:\/\/secutron.com\/products\/mri-4070-m-multi-isolator-module\/#breadcrumb","itemListElement":[{"@type":"ListItem","position":1,"name":"Home","item":"https:\/\/secutron.com\/"},{"@type":"ListItem","position":2,"name":"Shop","item":"https:\/\/secutron.com\/shop\/"},{"@type":"ListItem","position":3,"name":"MRI-4070-M MULTI ISOLATOR MODULE"}]},{"@type":"WebSite","@id":"https:\/\/secutron.com\/#website","url":"https:\/\/secutron.com\/","name":"Secutron","description":"","potentialAction":[{"@type":"SearchAction","target":{"@type":"EntryPoint","urlTemplate":"https:\/\/secutron.com\/?s={search_term_string}"},"query-input":{"@type":"PropertyValueSpecification","valueRequired":true,"valueName":"search_term_string"}}],"inLanguage":"fr-CA"}]}},"_links":{"self":[{"href":"https:\/\/secutron.com\/fr\/wp-json\/wp\/v2\/product\/2712","targetHints":{"allow":["GET"]}}],"collection":[{"href":"https:\/\/secutron.com\/fr\/wp-json\/wp\/v2\/product"}],"about":[{"href":"https:\/\/secutron.com\/fr\/wp-json\/wp\/v2\/types\/product"}],"version-history":[{"count":8,"href":"https:\/\/secutron.com\/fr\/wp-json\/wp\/v2\/product\/2712\/revisions"}],"predecessor-version":[{"id":3578,"href":"https:\/\/secutron.com\/fr\/wp-json\/wp\/v2\/product\/2712\/revisions\/3578"}],"wp:featuredmedia":[{"embeddable":true,"href":"https:\/\/secutron.com\/fr\/wp-json\/wp\/v2\/media\/2714"}],"wp:attachment":[{"href":"https:\/\/secutron.com\/fr\/wp-json\/wp\/v2\/media?parent=2712"}],"wp:term":[{"taxonomy":"product_brand","embeddable":true,"href":"https:\/\/secutron.com\/fr\/wp-json\/wp\/v2\/product_brand?post=2712"},{"taxonomy":"product_cat","embeddable":true,"href":"https:\/\/secutron.com\/fr\/wp-json\/wp\/v2\/product_cat?post=2712"},{"taxonomy":"product_tag","embeddable":true,"href":"https:\/\/secutron.com\/fr\/wp-json\/wp\/v2\/product_tag?post=2712"}],"curies":[{"name":"wp","href":"https:\/\/api.w.org\/{rel}","templated":true}]}}