{"id":2703,"date":"2023-08-21T13:49:28","date_gmt":"2023-08-21T17:49:28","guid":{"rendered":"https:\/\/secutron.com\/?post_type=product&#038;p=2703"},"modified":"2024-07-29T17:18:16","modified_gmt":"2024-07-29T21:18:16","slug":"mri-4040-m-multi-input-module","status":"publish","type":"product","link":"https:\/\/secutron.com\/fr\/products\/mri-4040-m-multi-input-module\/","title":{"rendered":"MODULE D'ENTR\u00c9E MULTIPLE MRI-4040-M"},"content":{"rendered":"<p>Le module d'entr\u00e9es multiples MRI-4040-M est un dispositif adressable intelligent qui peut \u00eatre utilis\u00e9 pour des applications d'alarme, de surveillance ou de supervision. Il est con\u00e7u pour \u00eatre utilis\u00e9 avec une centrale d'alarme incendie compatible Secutron.<\/p>\n<p>&nbsp;<\/p>\n<h4>CARACT\u00c9RISTIQUES<\/h4>\n<ul>\n<li>Prend en charge 6 entr\u00e9es de classe A ou 12 entr\u00e9es de classe B.<\/li>\n<li>Aucune r\u00e9sistance EOL n'est n\u00e9cessaire lorsque l'entr\u00e9e est en fonctionnement de classe A.<\/li>\n<li>Surveille 12 circuits d'entr\u00e9e ind\u00e9pendants avec une seule adresse lorsqu'il est configur\u00e9 en classe B.<\/li>\n<li>Contr\u00f4le rapide et fiable des contacts.<\/li>\n<li>Abordable et peu encombrant.<\/li>\n<li>Clip de montage pour rail DIN et blocs de jonction enfichables pour une installation rapide et facile.<\/li>\n<li>Chaque entr\u00e9e a des indicateurs LED pour signaler l'alarme (ROUGE) ou le probl\u00e8me (JAUNE).<\/li>\n<li>DEL suppl\u00e9mentaires indiquant l'\u00e9tat de la communication SLC et la pr\u00e9sence d'un court-circuit<\/li>\n<li>Compatible avec les centrales d'alarme incendie MR-400, MR-401 et MMX-4000<\/li>\n<li>Jusqu'\u00e0 2 modules peuvent \u00eatre mont\u00e9s sur un bo\u00eetier arri\u00e8re homologu\u00e9 UL\/ULC, MMX-BB-4002R<\/li>\n<li>Jusqu'\u00e0 6 modules peuvent \u00eatre mont\u00e9s sur un bo\u00eetier arri\u00e8re homologu\u00e9 UL\/UL, MMX-BB-4006R<\/li>\n<li>Le kit de support de montage permet de le monter sur n'importe quel autre bo\u00eetier \u00e9quivalent r\u00e9pertori\u00e9 UL\/ULC.<\/li>\n<\/ul>\n<p>&nbsp;<\/p>\n<h4>INFORMATIONS SUR LES COMMANDES<\/h4>\n<ul>\n<li><strong>MRI-4040-M :<\/strong> Module multi-entr\u00e9es de la s\u00e9rie 4000 (6 classe A \/ 12 classe B)<\/li>\n<li><strong>MMX-BB-4002R :<\/strong> Bo\u00eete pour 2 modules MRI-4000 Multi, porte rouge<\/li>\n<li><strong>MMX-BB-4006R :<\/strong> Bo\u00eete pour 6 modules MRI-4000 Multi, porte rouge<\/li>\n<li><strong>MGC-4000-BR :<\/strong> Kit de support de montage pour modules multiples<\/li>\n<li><strong>MIX-4090 :<\/strong> Programmateur d'adresses de la s\u00e9rie 4000<\/li>\n<li><strong>MP-302 EOL :<\/strong> R\u00e9sistance de 22k\u03a9 sur la plaque de montage<\/li>\n<\/ul>\n<p>&nbsp;<\/p>\n<h4>LISTES D'AGENCES<\/h4>\n<p><img decoding=\"async\" src=\"https:\/\/mircom.com\/wp-content\/uploads\/products\/ul.jpg\" \/> <img decoding=\"async\" src=\"https:\/\/mircom.com\/wp-content\/uploads\/products\/ulc.jpg\" \/><a href=\"https:\/\/secutron.com\/wp-content\/uploads\/csfm.jpg\"><img decoding=\"async\" class=\"alignnone size-full wp-image-1632\" src=\"https:\/\/secutron.com\/wp-content\/uploads\/csfm.jpg\" alt=\"\" width=\"120\" height=\"90\" \/><\/a><a href=\"https:\/\/secutron.com\/wp-content\/uploads\/products\/fm.jpg\"><img decoding=\"async\" class=\"alignnone size-full wp-image-3084\" src=\"https:\/\/secutron.com\/wp-content\/uploads\/products\/fm.jpg\" alt=\"\" width=\"120\" height=\"90\" \/><\/a><\/p>\n<p>*Veuillez contacter le repr\u00e9sentant local de Secutron pour conna\u00eetre les disponibilit\u00e9s r\u00e9gionales.<\/p>","protected":false},"excerpt":{"rendered":"<p>Le module d'entr\u00e9es multiples MRI-4040-M est un dispositif adressable intelligent qui peut \u00eatre utilis\u00e9 pour des applications d'alarme, de surveillance ou de supervision. Il est con\u00e7u pour \u00eatre utilis\u00e9 avec une centrale d'alarme incendie compatible Secutron.<\/p>","protected":false},"featured_media":2704,"template":"","meta":{"_acf_changed":false,"om_disable_all_campaigns":false,"_monsterinsights_skip_tracking":false,"_monsterinsights_sitenote_active":false,"_monsterinsights_sitenote_note":"","_monsterinsights_sitenote_category":0,"footnotes":""},"product_brand":[],"product_cat":[77],"product_tag":[],"class_list":{"0":"post-2703","1":"product","2":"type-product","3":"status-publish","4":"has-post-thumbnail","6":"product_cat-4000-series-devices","8":"first","9":"instock","10":"shipping-taxable","11":"product-type-simple"},"acf":[],"yoast_head":"<!-- This site is optimized with the Yoast SEO plugin v27.4 - https:\/\/yoast.com\/product\/yoast-seo-wordpress\/ -->\n<title>MRI-4040-M MULTI INPUT MODULE - Secutron<\/title>\n<meta name=\"description\" content=\"Designed for easy installation, the MRI-4040-M Multi Input Module features LED indicators for alarm and trouble signals. Works with MR-400, MR-401,MMX-4000.\" \/>\n<meta name=\"robots\" content=\"index, follow, max-snippet:-1, max-image-preview:large, max-video-preview:-1\" \/>\n<link rel=\"canonical\" href=\"https:\/\/secutron.com\/fr\/products\/mri-4040-m-multi-input-module\/\" \/>\n<meta property=\"og:locale\" content=\"fr_CA\" \/>\n<meta property=\"og:type\" content=\"article\" \/>\n<meta property=\"og:title\" content=\"MRI-4040-M MULTI INPUT MODULE - Secutron\" \/>\n<meta property=\"og:description\" content=\"Designed for easy installation, the MRI-4040-M Multi Input Module features LED indicators for alarm and trouble signals. Works with MR-400, MR-401,MMX-4000.\" \/>\n<meta property=\"og:url\" content=\"https:\/\/secutron.com\/fr\/products\/mri-4040-m-multi-input-module\/\" \/>\n<meta property=\"og:site_name\" content=\"Secutron\" \/>\n<meta property=\"article:modified_time\" content=\"2024-07-29T21:18:16+00:00\" \/>\n<meta property=\"og:image\" content=\"https:\/\/secutron.com\/wp-content\/uploads\/products\/MRI-4040-M-Secutron-with-UL-logo.png\" \/>\n\t<meta property=\"og:image:width\" content=\"1920\" \/>\n\t<meta property=\"og:image:height\" content=\"1080\" \/>\n\t<meta property=\"og:image:type\" content=\"image\/png\" \/>\n<meta name=\"twitter:card\" content=\"summary_large_image\" \/>\n<meta name=\"twitter:label1\" content=\"Estimation du temps de lecture\" \/>\n\t<meta name=\"twitter:data1\" content=\"3 minutes\" \/>\n<script type=\"application\/ld+json\" class=\"yoast-schema-graph\">{\"@context\":\"https:\\\/\\\/schema.org\",\"@graph\":[{\"@type\":\"WebPage\",\"@id\":\"https:\\\/\\\/secutron.com\\\/products\\\/mri-4040-m-multi-input-module\\\/\",\"url\":\"https:\\\/\\\/secutron.com\\\/products\\\/mri-4040-m-multi-input-module\\\/\",\"name\":\"MRI-4040-M MULTI INPUT MODULE - Secutron\",\"isPartOf\":{\"@id\":\"https:\\\/\\\/secutron.com\\\/#website\"},\"primaryImageOfPage\":{\"@id\":\"https:\\\/\\\/secutron.com\\\/products\\\/mri-4040-m-multi-input-module\\\/#primaryimage\"},\"image\":{\"@id\":\"https:\\\/\\\/secutron.com\\\/products\\\/mri-4040-m-multi-input-module\\\/#primaryimage\"},\"thumbnailUrl\":\"https:\\\/\\\/secutron.com\\\/wp-content\\\/uploads\\\/products\\\/MRI-4040-M-Secutron-with-UL-logo.png\",\"datePublished\":\"2023-08-21T17:49:28+00:00\",\"dateModified\":\"2024-07-29T21:18:16+00:00\",\"description\":\"Designed for easy installation, the MRI-4040-M Multi Input Module features LED indicators for alarm and trouble signals. Works with MR-400, MR-401,MMX-4000.\",\"breadcrumb\":{\"@id\":\"https:\\\/\\\/secutron.com\\\/products\\\/mri-4040-m-multi-input-module\\\/#breadcrumb\"},\"inLanguage\":\"fr-CA\",\"potentialAction\":[{\"@type\":\"ReadAction\",\"target\":[\"https:\\\/\\\/secutron.com\\\/products\\\/mri-4040-m-multi-input-module\\\/\"]}]},{\"@type\":\"ImageObject\",\"inLanguage\":\"fr-CA\",\"@id\":\"https:\\\/\\\/secutron.com\\\/products\\\/mri-4040-m-multi-input-module\\\/#primaryimage\",\"url\":\"https:\\\/\\\/secutron.com\\\/wp-content\\\/uploads\\\/products\\\/MRI-4040-M-Secutron-with-UL-logo.png\",\"contentUrl\":\"https:\\\/\\\/secutron.com\\\/wp-content\\\/uploads\\\/products\\\/MRI-4040-M-Secutron-with-UL-logo.png\",\"width\":1920,\"height\":1080},{\"@type\":\"BreadcrumbList\",\"@id\":\"https:\\\/\\\/secutron.com\\\/products\\\/mri-4040-m-multi-input-module\\\/#breadcrumb\",\"itemListElement\":[{\"@type\":\"ListItem\",\"position\":1,\"name\":\"Home\",\"item\":\"https:\\\/\\\/secutron.com\\\/\"},{\"@type\":\"ListItem\",\"position\":2,\"name\":\"Shop\",\"item\":\"https:\\\/\\\/secutron.com\\\/shop\\\/\"},{\"@type\":\"ListItem\",\"position\":3,\"name\":\"MRI-4040-M MULTI INPUT MODULE\"}]},{\"@type\":\"WebSite\",\"@id\":\"https:\\\/\\\/secutron.com\\\/#website\",\"url\":\"https:\\\/\\\/secutron.com\\\/\",\"name\":\"Secutron\",\"description\":\"\",\"potentialAction\":[{\"@type\":\"SearchAction\",\"target\":{\"@type\":\"EntryPoint\",\"urlTemplate\":\"https:\\\/\\\/secutron.com\\\/?s={search_term_string}\"},\"query-input\":{\"@type\":\"PropertyValueSpecification\",\"valueRequired\":true,\"valueName\":\"search_term_string\"}}],\"inLanguage\":\"fr-CA\"}]}<\/script>\n<!-- \/ Yoast SEO plugin. -->","yoast_head_json":{"title":"MRI-4040-M MODULE D'ENTR\u00c9E MULTIPLE - Secutron","description":"Con\u00e7u pour une installation facile, le module d'entr\u00e9es multiples MRI-4040-M est dot\u00e9 d'indicateurs LED pour les signaux d'alarme et de panne. Fonctionne avec MR-400, MR-401, MMX-4000.","robots":{"index":"index","follow":"follow","max-snippet":"max-snippet:-1","max-image-preview":"max-image-preview:large","max-video-preview":"max-video-preview:-1"},"canonical":"https:\/\/secutron.com\/fr\/products\/mri-4040-m-multi-input-module\/","og_locale":"fr_CA","og_type":"article","og_title":"MRI-4040-M MULTI INPUT MODULE - Secutron","og_description":"Designed for easy installation, the MRI-4040-M Multi Input Module features LED indicators for alarm and trouble signals. Works with MR-400, MR-401,MMX-4000.","og_url":"https:\/\/secutron.com\/fr\/products\/mri-4040-m-multi-input-module\/","og_site_name":"Secutron","article_modified_time":"2024-07-29T21:18:16+00:00","og_image":[{"width":1920,"height":1080,"url":"https:\/\/secutron.com\/wp-content\/uploads\/products\/MRI-4040-M-Secutron-with-UL-logo.png","type":"image\/png"}],"twitter_card":"summary_large_image","twitter_misc":{"Estimation du temps de lecture":"3 minutes"},"schema":{"@context":"https:\/\/schema.org","@graph":[{"@type":"WebPage","@id":"https:\/\/secutron.com\/products\/mri-4040-m-multi-input-module\/","url":"https:\/\/secutron.com\/products\/mri-4040-m-multi-input-module\/","name":"MRI-4040-M MODULE D'ENTR\u00c9E MULTIPLE - Secutron","isPartOf":{"@id":"https:\/\/secutron.com\/#website"},"primaryImageOfPage":{"@id":"https:\/\/secutron.com\/products\/mri-4040-m-multi-input-module\/#primaryimage"},"image":{"@id":"https:\/\/secutron.com\/products\/mri-4040-m-multi-input-module\/#primaryimage"},"thumbnailUrl":"https:\/\/secutron.com\/wp-content\/uploads\/products\/MRI-4040-M-Secutron-with-UL-logo.png","datePublished":"2023-08-21T17:49:28+00:00","dateModified":"2024-07-29T21:18:16+00:00","description":"Con\u00e7u pour une installation facile, le module d'entr\u00e9es multiples MRI-4040-M est dot\u00e9 d'indicateurs LED pour les signaux d'alarme et de panne. Fonctionne avec MR-400, MR-401, MMX-4000.","breadcrumb":{"@id":"https:\/\/secutron.com\/products\/mri-4040-m-multi-input-module\/#breadcrumb"},"inLanguage":"fr-CA","potentialAction":[{"@type":"ReadAction","target":["https:\/\/secutron.com\/products\/mri-4040-m-multi-input-module\/"]}]},{"@type":"ImageObject","inLanguage":"fr-CA","@id":"https:\/\/secutron.com\/products\/mri-4040-m-multi-input-module\/#primaryimage","url":"https:\/\/secutron.com\/wp-content\/uploads\/products\/MRI-4040-M-Secutron-with-UL-logo.png","contentUrl":"https:\/\/secutron.com\/wp-content\/uploads\/products\/MRI-4040-M-Secutron-with-UL-logo.png","width":1920,"height":1080},{"@type":"BreadcrumbList","@id":"https:\/\/secutron.com\/products\/mri-4040-m-multi-input-module\/#breadcrumb","itemListElement":[{"@type":"ListItem","position":1,"name":"Home","item":"https:\/\/secutron.com\/"},{"@type":"ListItem","position":2,"name":"Shop","item":"https:\/\/secutron.com\/shop\/"},{"@type":"ListItem","position":3,"name":"MRI-4040-M MULTI INPUT MODULE"}]},{"@type":"WebSite","@id":"https:\/\/secutron.com\/#website","url":"https:\/\/secutron.com\/","name":"Secutron","description":"","potentialAction":[{"@type":"SearchAction","target":{"@type":"EntryPoint","urlTemplate":"https:\/\/secutron.com\/?s={search_term_string}"},"query-input":{"@type":"PropertyValueSpecification","valueRequired":true,"valueName":"search_term_string"}}],"inLanguage":"fr-CA"}]}},"_links":{"self":[{"href":"https:\/\/secutron.com\/fr\/wp-json\/wp\/v2\/product\/2703","targetHints":{"allow":["GET"]}}],"collection":[{"href":"https:\/\/secutron.com\/fr\/wp-json\/wp\/v2\/product"}],"about":[{"href":"https:\/\/secutron.com\/fr\/wp-json\/wp\/v2\/types\/product"}],"version-history":[{"count":5,"href":"https:\/\/secutron.com\/fr\/wp-json\/wp\/v2\/product\/2703\/revisions"}],"predecessor-version":[{"id":3580,"href":"https:\/\/secutron.com\/fr\/wp-json\/wp\/v2\/product\/2703\/revisions\/3580"}],"wp:featuredmedia":[{"embeddable":true,"href":"https:\/\/secutron.com\/fr\/wp-json\/wp\/v2\/media\/2704"}],"wp:attachment":[{"href":"https:\/\/secutron.com\/fr\/wp-json\/wp\/v2\/media?parent=2703"}],"wp:term":[{"taxonomy":"product_brand","embeddable":true,"href":"https:\/\/secutron.com\/fr\/wp-json\/wp\/v2\/product_brand?post=2703"},{"taxonomy":"product_cat","embeddable":true,"href":"https:\/\/secutron.com\/fr\/wp-json\/wp\/v2\/product_cat?post=2703"},{"taxonomy":"product_tag","embeddable":true,"href":"https:\/\/secutron.com\/fr\/wp-json\/wp\/v2\/product_tag?post=2703"}],"curies":[{"name":"wp","href":"https:\/\/api.w.org\/{rel}","templated":true}]}}