{"id":2569,"date":"2023-05-26T08:46:59","date_gmt":"2023-05-26T12:46:59","guid":{"rendered":"https:\/\/secutron.com\/?post_type=product&#038;p=2569"},"modified":"2024-07-17T11:54:07","modified_gmt":"2024-07-17T15:54:07","slug":"mix-4010-duct-photoelectric-duct-smoke-detector","status":"publish","type":"product","link":"https:\/\/secutron.com\/fr\/products\/mix-4010-duct-photoelectric-duct-smoke-detector\/","title":{"rendered":"MIX-4010-DUCT D\u00e9tecteur de fum\u00e9e photo\u00e9lectrique pour gaine"},"content":{"rendered":"<p>Le MIX-4010-DUCT est un d\u00e9tecteur de fum\u00e9e photo\u00e9lectrique adressable et riche en fonctionnalit\u00e9s, con\u00e7u pour d\u00e9tecter la fum\u00e9e dans le syst\u00e8me de conduits d'air. Il est \u00e9quip\u00e9 d'une t\u00eate de d\u00e9tection de fum\u00e9e intelligente (MIX-4010-D) qui v\u00e9rifie en permanence l'obscurcissement de l'air et le signale \u00e0 la FACU en utilisant le protocole MGC MP.<\/p>\n<h3><strong>Caract\u00e9ristiques :<\/strong><\/h3>\n<ul>\n<li>T\u00eate de d\u00e9tecteur de fum\u00e9e (MIX-4010-D) incluse.<\/li>\n<li>Vitesse de l'air de 300 ft.\/min \u00e0 4,000 ft.\/min<\/li>\n<li>Couvercle transparent permettant une inspection visuelle.<\/li>\n<li>Le bo\u00eetier du d\u00e9tecteur de fum\u00e9e \u00e0 conduit est con\u00e7u pour optimiser le flux d'air sur le d\u00e9tecteur de fum\u00e9e.<\/li>\n<li>L'effet Venturi sur les tubes d'\u00e9chantillonnage permet de d\u00e9tecter la fum\u00e9e \u00e0 des vitesses d'air tr\u00e8s faibles.<\/li>\n<li>La conception unique \u00e0 tuyau unique, facile \u00e0 installer, garantit un fonctionnement correct pour l'entr\u00e9e et la sortie de l'\u00e9chantillonnage de l'air.<\/li>\n<li>Plusieurs options de tubes d'\u00e9chantillonnage qui s'adaptent \u00e0 une large gamme de largeurs de conduits.<\/li>\n<li>S'adapte \u00e0 de multiples configurations de montage \u00e0 l'aide d'un support de montage flexible.<\/li>\n<li>Installation simple et facile<\/li>\n<li>Compatible avec les FACUs des s\u00e9ries 4000N et 400<\/li>\n<li>Le capteur est facilement accessible gr\u00e2ce au programmateur d'appareils portatifs (MIX-4090).<\/li>\n<li>Indicateurs LED d'\u00e9tat multifonctionnels pour les conditions d'alarme et d'anomalie.<\/li>\n<li>Fonction d'indicateur LED \u00e0 distance<\/li>\n<li>Fonction avanc\u00e9e de test \u00e0 distance personnalisable.<\/li>\n<li>L'orifice d'essai permet de tester le fonctionnement de la fum\u00e9e lorsque le couvercle est en place.<\/li>\n<\/ul>\n<h3><strong>Informations sur les commandes :<\/strong><\/h3>\n<p><strong>MIX-4010-DUCT<\/strong>: D\u00e9tecteur de fum\u00e9e photo\u00e9lectrique intelligent pour conduits de la s\u00e9rie 4000 UL, ULC (t\u00eate de d\u00e9tection incluse)<br \/>\n<strong>DUCT-ST1 :<\/strong> Largeur du tube d'\u00e9chantillonnage jusqu'\u00e0 0,3 m pour MIX-4010-DUCT<br \/>\n<strong>DUCT-ST2 :<\/strong> Largeurs des tubes d'\u00e9chantillonnage de 0,6 m \u00e0 2 m pour MIX-4010-DUCT<br \/>\n<strong>DUCT-ST5 :<\/strong> Largeurs des tubes d'\u00e9chantillonnage de 2 \u00e0 5 pieds (1,5 m) pour MIX-4010-DUCT<br \/>\n<strong>DUCT-EXTEND :<\/strong> Rallonge de tube de pr\u00e9l\u00e8vement (3.5 ft) pour MIX-4010-DUCT<br \/>\n<strong>DUCT-MB :<\/strong> Support de montage pour MIX-4010-DUCT<br \/>\n<strong>DUCT-RG :<\/strong> Joint en caoutchouc pour MIX-4010-DUCT (paquet de 10 unit\u00e9s)<br \/>\n<strong>MIX-4010-D :<\/strong> T\u00eate de capteur du d\u00e9tecteur photo\u00e9lectrique de conduit non isol\u00e9 de la s\u00e9rie 4000 (vendue pour remplacement uniquement)<br \/>\n<strong>MIX-4090 :<\/strong> Programmateur adressable de la s\u00e9rie 4000<\/p>\n<p><strong>Remarque :<\/strong> Ce d\u00e9tecteur n'est pas destin\u00e9 \u00e0 remplacer la protection des zones ouvertes. MIX-4010-DUCT est destin\u00e9 \u00e0 \u00eatre utilis\u00e9 uniquement et exclusivement avec la t\u00eate de d\u00e9tection MIX-4010-D.<\/p>\n<p><img decoding=\"async\" class=\"alignnone size-full wp-image-21324\" src=\"https:\/\/mircom.com\/wp-content\/uploads\/products\/UL-ULC.png\" alt=\"\" width=\"193\" height=\"90\" \/><a href=\"https:\/\/secutron.com\/wp-content\/uploads\/csfm.jpg\"><img decoding=\"async\" class=\"alignnone size-full wp-image-1632\" src=\"https:\/\/secutron.com\/wp-content\/uploads\/csfm.jpg\" alt=\"\" width=\"120\" height=\"90\" \/><\/a><\/p>","protected":false},"excerpt":{"rendered":"<p>Le MIX-4010-DUCT est un d\u00e9tecteur photo\u00e9lectrique de fum\u00e9e pour gaine, adressable et riche en fonctionnalit\u00e9s, con\u00e7u pour d\u00e9tecter la fum\u00e9e dans le syst\u00e8me de gaines d'air.<\/p>","protected":false},"featured_media":2573,"template":"","meta":{"_acf_changed":false,"om_disable_all_campaigns":false,"_monsterinsights_skip_tracking":false,"_monsterinsights_sitenote_active":false,"_monsterinsights_sitenote_note":"","_monsterinsights_sitenote_category":0,"footnotes":""},"product_brand":[],"product_cat":[77],"product_tag":[],"class_list":{"0":"post-2569","1":"product","2":"type-product","3":"status-publish","4":"has-post-thumbnail","6":"product_cat-4000-series-devices","8":"first","9":"instock","10":"shipping-taxable","11":"product-type-simple"},"acf":[],"yoast_head":"<!-- This site is optimized with the Yoast SEO plugin v27.4 - https:\/\/yoast.com\/product\/yoast-seo-wordpress\/ -->\n<title>MIX-4010-DUCT Photoelectric Duct Smoke Detector - Secutron<\/title>\n<meta name=\"description\" content=\"Discover the MIX-4010-DUCT, a high-performance photoelectric smoke duct detector. With intelligent smoke detector head and adjustable mounting,UL-ULC listed\" \/>\n<meta name=\"robots\" content=\"index, follow, max-snippet:-1, max-image-preview:large, max-video-preview:-1\" \/>\n<link rel=\"canonical\" href=\"https:\/\/secutron.com\/fr\/products\/mix-4010-duct-photoelectric-duct-smoke-detector\/\" \/>\n<meta property=\"og:locale\" content=\"fr_CA\" \/>\n<meta property=\"og:type\" content=\"article\" \/>\n<meta property=\"og:title\" content=\"MIX-4010-DUCT Photoelectric Duct Smoke Detector - Secutron\" \/>\n<meta property=\"og:description\" content=\"Discover the MIX-4010-DUCT, a high-performance photoelectric smoke duct detector. With intelligent smoke detector head and adjustable mounting,UL-ULC listed\" \/>\n<meta property=\"og:url\" content=\"https:\/\/secutron.com\/fr\/products\/mix-4010-duct-photoelectric-duct-smoke-detector\/\" \/>\n<meta property=\"og:site_name\" content=\"Secutron\" \/>\n<meta property=\"article:modified_time\" content=\"2024-07-17T15:54:07+00:00\" \/>\n<meta property=\"og:image\" content=\"https:\/\/secutron.com\/wp-content\/uploads\/products\/1-WEB.jpg\" \/>\n\t<meta property=\"og:image:width\" content=\"1536\" \/>\n\t<meta property=\"og:image:height\" content=\"1536\" \/>\n\t<meta property=\"og:image:type\" content=\"image\/jpeg\" \/>\n<meta name=\"twitter:card\" content=\"summary_large_image\" \/>\n<meta name=\"twitter:label1\" content=\"Estimation du temps de lecture\" \/>\n\t<meta name=\"twitter:data1\" content=\"2 minutes\" \/>\n<script type=\"application\/ld+json\" class=\"yoast-schema-graph\">{\"@context\":\"https:\\\/\\\/schema.org\",\"@graph\":[{\"@type\":\"WebPage\",\"@id\":\"https:\\\/\\\/secutron.com\\\/products\\\/mix-4010-duct-photoelectric-duct-smoke-detector\\\/\",\"url\":\"https:\\\/\\\/secutron.com\\\/products\\\/mix-4010-duct-photoelectric-duct-smoke-detector\\\/\",\"name\":\"MIX-4010-DUCT Photoelectric Duct Smoke Detector - Secutron\",\"isPartOf\":{\"@id\":\"https:\\\/\\\/secutron.com\\\/#website\"},\"primaryImageOfPage\":{\"@id\":\"https:\\\/\\\/secutron.com\\\/products\\\/mix-4010-duct-photoelectric-duct-smoke-detector\\\/#primaryimage\"},\"image\":{\"@id\":\"https:\\\/\\\/secutron.com\\\/products\\\/mix-4010-duct-photoelectric-duct-smoke-detector\\\/#primaryimage\"},\"thumbnailUrl\":\"https:\\\/\\\/secutron.com\\\/wp-content\\\/uploads\\\/products\\\/1-WEB.jpg\",\"datePublished\":\"2023-05-26T12:46:59+00:00\",\"dateModified\":\"2024-07-17T15:54:07+00:00\",\"description\":\"Discover the MIX-4010-DUCT, a high-performance photoelectric smoke duct detector. With intelligent smoke detector head and adjustable mounting,UL-ULC listed\",\"breadcrumb\":{\"@id\":\"https:\\\/\\\/secutron.com\\\/products\\\/mix-4010-duct-photoelectric-duct-smoke-detector\\\/#breadcrumb\"},\"inLanguage\":\"fr-CA\",\"potentialAction\":[{\"@type\":\"ReadAction\",\"target\":[\"https:\\\/\\\/secutron.com\\\/products\\\/mix-4010-duct-photoelectric-duct-smoke-detector\\\/\"]}]},{\"@type\":\"ImageObject\",\"inLanguage\":\"fr-CA\",\"@id\":\"https:\\\/\\\/secutron.com\\\/products\\\/mix-4010-duct-photoelectric-duct-smoke-detector\\\/#primaryimage\",\"url\":\"https:\\\/\\\/secutron.com\\\/wp-content\\\/uploads\\\/products\\\/1-WEB.jpg\",\"contentUrl\":\"https:\\\/\\\/secutron.com\\\/wp-content\\\/uploads\\\/products\\\/1-WEB.jpg\",\"width\":1536,\"height\":1536,\"caption\":\"MIX-4010-DUCT\"},{\"@type\":\"BreadcrumbList\",\"@id\":\"https:\\\/\\\/secutron.com\\\/products\\\/mix-4010-duct-photoelectric-duct-smoke-detector\\\/#breadcrumb\",\"itemListElement\":[{\"@type\":\"ListItem\",\"position\":1,\"name\":\"Home\",\"item\":\"https:\\\/\\\/secutron.com\\\/\"},{\"@type\":\"ListItem\",\"position\":2,\"name\":\"Shop\",\"item\":\"https:\\\/\\\/secutron.com\\\/shop\\\/\"},{\"@type\":\"ListItem\",\"position\":3,\"name\":\"MIX-4010-DUCT Photoelectric Duct Smoke Detector\"}]},{\"@type\":\"WebSite\",\"@id\":\"https:\\\/\\\/secutron.com\\\/#website\",\"url\":\"https:\\\/\\\/secutron.com\\\/\",\"name\":\"Secutron\",\"description\":\"\",\"potentialAction\":[{\"@type\":\"SearchAction\",\"target\":{\"@type\":\"EntryPoint\",\"urlTemplate\":\"https:\\\/\\\/secutron.com\\\/?s={search_term_string}\"},\"query-input\":{\"@type\":\"PropertyValueSpecification\",\"valueRequired\":true,\"valueName\":\"search_term_string\"}}],\"inLanguage\":\"fr-CA\"}]}<\/script>\n<!-- \/ Yoast SEO plugin. -->","yoast_head_json":{"title":"MIX-4010-DUCT D\u00e9tecteur de fum\u00e9e photo\u00e9lectrique pour gaine - Secutron","description":"D\u00e9couvrez le MIX-4010-DUCT, un d\u00e9tecteur photo\u00e9lectrique de fum\u00e9e de haute performance pour gaine. Avec une t\u00eate de d\u00e9tection de fum\u00e9e intelligente et un montage r\u00e9glable, il est homologu\u00e9 UL-ULC.","robots":{"index":"index","follow":"follow","max-snippet":"max-snippet:-1","max-image-preview":"max-image-preview:large","max-video-preview":"max-video-preview:-1"},"canonical":"https:\/\/secutron.com\/fr\/products\/mix-4010-duct-photoelectric-duct-smoke-detector\/","og_locale":"fr_CA","og_type":"article","og_title":"MIX-4010-DUCT Photoelectric Duct Smoke Detector - Secutron","og_description":"Discover the MIX-4010-DUCT, a high-performance photoelectric smoke duct detector. With intelligent smoke detector head and adjustable mounting,UL-ULC listed","og_url":"https:\/\/secutron.com\/fr\/products\/mix-4010-duct-photoelectric-duct-smoke-detector\/","og_site_name":"Secutron","article_modified_time":"2024-07-17T15:54:07+00:00","og_image":[{"width":1536,"height":1536,"url":"https:\/\/secutron.com\/wp-content\/uploads\/products\/1-WEB.jpg","type":"image\/jpeg"}],"twitter_card":"summary_large_image","twitter_misc":{"Estimation du temps de lecture":"2 minutes"},"schema":{"@context":"https:\/\/schema.org","@graph":[{"@type":"WebPage","@id":"https:\/\/secutron.com\/products\/mix-4010-duct-photoelectric-duct-smoke-detector\/","url":"https:\/\/secutron.com\/products\/mix-4010-duct-photoelectric-duct-smoke-detector\/","name":"MIX-4010-DUCT D\u00e9tecteur de fum\u00e9e photo\u00e9lectrique pour gaine - Secutron","isPartOf":{"@id":"https:\/\/secutron.com\/#website"},"primaryImageOfPage":{"@id":"https:\/\/secutron.com\/products\/mix-4010-duct-photoelectric-duct-smoke-detector\/#primaryimage"},"image":{"@id":"https:\/\/secutron.com\/products\/mix-4010-duct-photoelectric-duct-smoke-detector\/#primaryimage"},"thumbnailUrl":"https:\/\/secutron.com\/wp-content\/uploads\/products\/1-WEB.jpg","datePublished":"2023-05-26T12:46:59+00:00","dateModified":"2024-07-17T15:54:07+00:00","description":"D\u00e9couvrez le MIX-4010-DUCT, un d\u00e9tecteur photo\u00e9lectrique de fum\u00e9e de haute performance pour gaine. Avec une t\u00eate de d\u00e9tection de fum\u00e9e intelligente et un montage r\u00e9glable, il est homologu\u00e9 UL-ULC.","breadcrumb":{"@id":"https:\/\/secutron.com\/products\/mix-4010-duct-photoelectric-duct-smoke-detector\/#breadcrumb"},"inLanguage":"fr-CA","potentialAction":[{"@type":"ReadAction","target":["https:\/\/secutron.com\/products\/mix-4010-duct-photoelectric-duct-smoke-detector\/"]}]},{"@type":"ImageObject","inLanguage":"fr-CA","@id":"https:\/\/secutron.com\/products\/mix-4010-duct-photoelectric-duct-smoke-detector\/#primaryimage","url":"https:\/\/secutron.com\/wp-content\/uploads\/products\/1-WEB.jpg","contentUrl":"https:\/\/secutron.com\/wp-content\/uploads\/products\/1-WEB.jpg","width":1536,"height":1536,"caption":"MIX-4010-DUCT"},{"@type":"BreadcrumbList","@id":"https:\/\/secutron.com\/products\/mix-4010-duct-photoelectric-duct-smoke-detector\/#breadcrumb","itemListElement":[{"@type":"ListItem","position":1,"name":"Home","item":"https:\/\/secutron.com\/"},{"@type":"ListItem","position":2,"name":"Shop","item":"https:\/\/secutron.com\/shop\/"},{"@type":"ListItem","position":3,"name":"MIX-4010-DUCT Photoelectric Duct Smoke Detector"}]},{"@type":"WebSite","@id":"https:\/\/secutron.com\/#website","url":"https:\/\/secutron.com\/","name":"Secutron","description":"","potentialAction":[{"@type":"SearchAction","target":{"@type":"EntryPoint","urlTemplate":"https:\/\/secutron.com\/?s={search_term_string}"},"query-input":{"@type":"PropertyValueSpecification","valueRequired":true,"valueName":"search_term_string"}}],"inLanguage":"fr-CA"}]}},"_links":{"self":[{"href":"https:\/\/secutron.com\/fr\/wp-json\/wp\/v2\/product\/2569","targetHints":{"allow":["GET"]}}],"collection":[{"href":"https:\/\/secutron.com\/fr\/wp-json\/wp\/v2\/product"}],"about":[{"href":"https:\/\/secutron.com\/fr\/wp-json\/wp\/v2\/types\/product"}],"version-history":[{"count":3,"href":"https:\/\/secutron.com\/fr\/wp-json\/wp\/v2\/product\/2569\/revisions"}],"predecessor-version":[{"id":2988,"href":"https:\/\/secutron.com\/fr\/wp-json\/wp\/v2\/product\/2569\/revisions\/2988"}],"wp:featuredmedia":[{"embeddable":true,"href":"https:\/\/secutron.com\/fr\/wp-json\/wp\/v2\/media\/2573"}],"wp:attachment":[{"href":"https:\/\/secutron.com\/fr\/wp-json\/wp\/v2\/media?parent=2569"}],"wp:term":[{"taxonomy":"product_brand","embeddable":true,"href":"https:\/\/secutron.com\/fr\/wp-json\/wp\/v2\/product_brand?post=2569"},{"taxonomy":"product_cat","embeddable":true,"href":"https:\/\/secutron.com\/fr\/wp-json\/wp\/v2\/product_cat?post=2569"},{"taxonomy":"product_tag","embeddable":true,"href":"https:\/\/secutron.com\/fr\/wp-json\/wp\/v2\/product_tag?post=2569"}],"curies":[{"name":"wp","href":"https:\/\/api.w.org\/{rel}","templated":true}]}}