{"id":2497,"date":"2023-04-11T16:28:32","date_gmt":"2023-04-11T20:28:32","guid":{"rendered":"https:\/\/secutron.com\/?post_type=product&#038;p=2497"},"modified":"2024-07-17T12:00:09","modified_gmt":"2024-07-17T16:00:09","slug":"mmx-bb-1002wpra-outdoor-weather-protected-enclosure","status":"publish","type":"product","link":"https:\/\/secutron.com\/fr\/products\/mmx-bb-1002wpra-outdoor-weather-protected-enclosure\/","title":{"rendered":"MMX-BB-1002WP(R)A - Bo\u00eetier ext\u00e9rieur prot\u00e9g\u00e9 contre les intemp\u00e9ries"},"content":{"rendered":"<p>Pour les projets n\u00e9cessitant un annonciateur \u00e0 distance, le MMX-BB-1002WP(R)A - Outdoor Weather Protected UL Enclosure est une solution compl\u00e8te. Il est livr\u00e9 avec une porte ROUGE ou BLANCHE, un bo\u00eetier arri\u00e8re noir, deux cl\u00e9s et une serrure durable en haut de la porte.<\/p>\n<p>La porte est articul\u00e9e sur le c\u00f4t\u00e9 inf\u00e9rieur de la bo\u00eete et dot\u00e9e d'une solide fen\u00eatre en Lexan pour une meilleure protection contre les intemp\u00e9ries.<\/p>\n<p>Le bo\u00eetier peut accueillir un ch\u00e2ssis d'annonciateur principal RAM-1032TZDS-CC qui fournit jusqu'\u00e0 32 points d'annonce et un annonciateur suppl\u00e9mentaire RAX-1048TZDS-CC, qui fournit jusqu'\u00e0 48 points d'annonce. Le RAM-1032TZDS-CC et le RAX-1048TZDS sont command\u00e9s s\u00e9par\u00e9ment pour r\u00e9pondre aux exigences d'installation UL.<\/p>\n<p><strong>Abordable, robuste et facile \u00e0 installer<\/strong><\/p>\n<p>Il n'y a pas besoin de thermostat ou de chauffage, cette solution peut supporter des temp\u00e9ratures allant de -40C (-40F) \u00e0 +50C (+122F).<\/p>\n<p><strong>Caract\u00e9ristiques<\/strong><\/p>\n<p>- Prot\u00e9g\u00e9 contre les intemp\u00e9ries, pour les applications int\u00e9rieures et ext\u00e9rieures<br \/>\n- Finition blanche ou rouge semi-brillante et bo\u00eete arri\u00e8re noire<br \/>\n- Fen\u00eatre scell\u00e9e en Lexan, pour prot\u00e9ger contre les d\u00e9fis d'une application ext\u00e9rieure<br \/>\n- Facile \u00e0 installer avec 2 trous pour le c\u00e2blage, avec un diam\u00e8tre de 7\/8\".<br \/>\n- Pour les applications de montage en surface<\/p>\n<p>&nbsp;<\/p>\n<p>&nbsp;<\/p>","protected":false},"excerpt":{"rendered":"<p>Le MMX-BB-1002WP(R)A est un bo\u00eetier ext\u00e9rieur complet homologu\u00e9 UL qui comprend une porte ROUGE ou BLANCHE, un bo\u00eetier arri\u00e8re noir, deux cl\u00e9s et une serrure durable en haut de la porte. Le chauffage et le thermostat ne sont pas n\u00e9cessaires lorsque ce bo\u00eetier est utilis\u00e9 avec l'annonciateur \u00e0 distance RAM-1032TZDS-CC et RAX-1048TZDS-CC.<\/p>","protected":false},"featured_media":2498,"template":"","meta":{"_acf_changed":false,"om_disable_all_campaigns":false,"_monsterinsights_skip_tracking":false,"_monsterinsights_sitenote_active":false,"_monsterinsights_sitenote_note":"","_monsterinsights_sitenote_category":0,"footnotes":""},"product_brand":[],"product_cat":[45],"product_tag":[],"class_list":{"0":"post-2497","1":"product","2":"type-product","3":"status-publish","4":"has-post-thumbnail","6":"product_cat-remote-annunciators","8":"first","9":"instock","10":"shipping-taxable","11":"product-type-simple"},"acf":[],"yoast_head":"<!-- This site is optimized with the Yoast SEO plugin v27.5 - https:\/\/yoast.com\/product\/yoast-seo-wordpress\/ -->\n<title>MMX-BB-1002WP(R)A - Outdoor Weather Protected Enclosure - Secutron<\/title>\n<meta name=\"description\" content=\"Secutron&#039;s MMX-BB-1002WP(R)A - Outdoor Weather Protected UL Enclosure. It&#039;s affordable, robust, and easy to install, with no need for a thermostat or heater\" \/>\n<meta name=\"robots\" content=\"index, follow, max-snippet:-1, max-image-preview:large, max-video-preview:-1\" \/>\n<link rel=\"canonical\" href=\"https:\/\/secutron.com\/fr\/products\/mmx-bb-1002wpra-outdoor-weather-protected-enclosure\/\" \/>\n<meta property=\"og:locale\" content=\"fr_CA\" \/>\n<meta property=\"og:type\" content=\"article\" \/>\n<meta property=\"og:title\" content=\"MMX-BB-1002WP(R)A - Outdoor Weather Protected Enclosure - Secutron\" \/>\n<meta property=\"og:description\" content=\"Secutron&#039;s MMX-BB-1002WP(R)A - Outdoor Weather Protected UL Enclosure. It&#039;s affordable, robust, and easy to install, with no need for a thermostat or heater\" \/>\n<meta property=\"og:url\" content=\"https:\/\/secutron.com\/fr\/products\/mmx-bb-1002wpra-outdoor-weather-protected-enclosure\/\" \/>\n<meta property=\"og:site_name\" content=\"Secutron\" \/>\n<meta property=\"article:modified_time\" content=\"2024-07-17T16:00:09+00:00\" \/>\n<meta property=\"og:image\" content=\"https:\/\/secutron.com\/wp-content\/uploads\/products\/MMX-BB-1002WPRA.jpg\" \/>\n\t<meta property=\"og:image:width\" content=\"900\" \/>\n\t<meta property=\"og:image:height\" content=\"900\" \/>\n\t<meta property=\"og:image:type\" content=\"image\/jpeg\" \/>\n<meta name=\"twitter:card\" content=\"summary_large_image\" \/>\n<meta name=\"twitter:label1\" content=\"Estimation du temps de lecture\" \/>\n\t<meta name=\"twitter:data1\" content=\"2 minutes\" \/>\n<script type=\"application\/ld+json\" class=\"yoast-schema-graph\">{\"@context\":\"https:\\\/\\\/schema.org\",\"@graph\":[{\"@type\":\"WebPage\",\"@id\":\"https:\\\/\\\/secutron.com\\\/products\\\/mmx-bb-1002wpra-outdoor-weather-protected-enclosure\\\/\",\"url\":\"https:\\\/\\\/secutron.com\\\/products\\\/mmx-bb-1002wpra-outdoor-weather-protected-enclosure\\\/\",\"name\":\"MMX-BB-1002WP(R)A - Outdoor Weather Protected Enclosure - Secutron\",\"isPartOf\":{\"@id\":\"https:\\\/\\\/secutron.com\\\/#website\"},\"primaryImageOfPage\":{\"@id\":\"https:\\\/\\\/secutron.com\\\/products\\\/mmx-bb-1002wpra-outdoor-weather-protected-enclosure\\\/#primaryimage\"},\"image\":{\"@id\":\"https:\\\/\\\/secutron.com\\\/products\\\/mmx-bb-1002wpra-outdoor-weather-protected-enclosure\\\/#primaryimage\"},\"thumbnailUrl\":\"https:\\\/\\\/secutron.com\\\/wp-content\\\/uploads\\\/products\\\/MMX-BB-1002WPRA.jpg\",\"datePublished\":\"2023-04-11T20:28:32+00:00\",\"dateModified\":\"2024-07-17T16:00:09+00:00\",\"description\":\"Secutron's MMX-BB-1002WP(R)A - Outdoor Weather Protected UL Enclosure. It's affordable, robust, and easy to install, with no need for a thermostat or heater\",\"breadcrumb\":{\"@id\":\"https:\\\/\\\/secutron.com\\\/products\\\/mmx-bb-1002wpra-outdoor-weather-protected-enclosure\\\/#breadcrumb\"},\"inLanguage\":\"fr-CA\",\"potentialAction\":[{\"@type\":\"ReadAction\",\"target\":[\"https:\\\/\\\/secutron.com\\\/products\\\/mmx-bb-1002wpra-outdoor-weather-protected-enclosure\\\/\"]}]},{\"@type\":\"ImageObject\",\"inLanguage\":\"fr-CA\",\"@id\":\"https:\\\/\\\/secutron.com\\\/products\\\/mmx-bb-1002wpra-outdoor-weather-protected-enclosure\\\/#primaryimage\",\"url\":\"https:\\\/\\\/secutron.com\\\/wp-content\\\/uploads\\\/products\\\/MMX-BB-1002WPRA.jpg\",\"contentUrl\":\"https:\\\/\\\/secutron.com\\\/wp-content\\\/uploads\\\/products\\\/MMX-BB-1002WPRA.jpg\",\"width\":900,\"height\":900},{\"@type\":\"BreadcrumbList\",\"@id\":\"https:\\\/\\\/secutron.com\\\/products\\\/mmx-bb-1002wpra-outdoor-weather-protected-enclosure\\\/#breadcrumb\",\"itemListElement\":[{\"@type\":\"ListItem\",\"position\":1,\"name\":\"Home\",\"item\":\"https:\\\/\\\/secutron.com\\\/\"},{\"@type\":\"ListItem\",\"position\":2,\"name\":\"Shop\",\"item\":\"https:\\\/\\\/secutron.com\\\/shop\\\/\"},{\"@type\":\"ListItem\",\"position\":3,\"name\":\"MMX-BB-1002WP(R)A &#8211; Outdoor Weather Protected Enclosure\"}]},{\"@type\":\"WebSite\",\"@id\":\"https:\\\/\\\/secutron.com\\\/#website\",\"url\":\"https:\\\/\\\/secutron.com\\\/\",\"name\":\"Secutron\",\"description\":\"\",\"potentialAction\":[{\"@type\":\"SearchAction\",\"target\":{\"@type\":\"EntryPoint\",\"urlTemplate\":\"https:\\\/\\\/secutron.com\\\/?s={search_term_string}\"},\"query-input\":{\"@type\":\"PropertyValueSpecification\",\"valueRequired\":true,\"valueName\":\"search_term_string\"}}],\"inLanguage\":\"fr-CA\"}]}<\/script>\n<!-- \/ Yoast SEO plugin. -->","yoast_head_json":{"title":"MMX-BB-1002WP(R)A - Bo\u00eetier ext\u00e9rieur prot\u00e9g\u00e9 contre les intemp\u00e9ries - Secutron","description":"MMX-BB-1002WP(R)A de Secutron - Bo\u00eetier UL ext\u00e9rieur prot\u00e9g\u00e9 contre les intemp\u00e9ries. Il est abordable, robuste et facile \u00e0 installer, sans besoin de thermostat ou de chauffage.","robots":{"index":"index","follow":"follow","max-snippet":"max-snippet:-1","max-image-preview":"max-image-preview:large","max-video-preview":"max-video-preview:-1"},"canonical":"https:\/\/secutron.com\/fr\/products\/mmx-bb-1002wpra-outdoor-weather-protected-enclosure\/","og_locale":"fr_CA","og_type":"article","og_title":"MMX-BB-1002WP(R)A - Outdoor Weather Protected Enclosure - Secutron","og_description":"Secutron's MMX-BB-1002WP(R)A - Outdoor Weather Protected UL Enclosure. It's affordable, robust, and easy to install, with no need for a thermostat or heater","og_url":"https:\/\/secutron.com\/fr\/products\/mmx-bb-1002wpra-outdoor-weather-protected-enclosure\/","og_site_name":"Secutron","article_modified_time":"2024-07-17T16:00:09+00:00","og_image":[{"width":900,"height":900,"url":"https:\/\/secutron.com\/wp-content\/uploads\/products\/MMX-BB-1002WPRA.jpg","type":"image\/jpeg"}],"twitter_card":"summary_large_image","twitter_misc":{"Estimation du temps de lecture":"2 minutes"},"schema":{"@context":"https:\/\/schema.org","@graph":[{"@type":"WebPage","@id":"https:\/\/secutron.com\/products\/mmx-bb-1002wpra-outdoor-weather-protected-enclosure\/","url":"https:\/\/secutron.com\/products\/mmx-bb-1002wpra-outdoor-weather-protected-enclosure\/","name":"MMX-BB-1002WP(R)A - Bo\u00eetier ext\u00e9rieur prot\u00e9g\u00e9 contre les intemp\u00e9ries - Secutron","isPartOf":{"@id":"https:\/\/secutron.com\/#website"},"primaryImageOfPage":{"@id":"https:\/\/secutron.com\/products\/mmx-bb-1002wpra-outdoor-weather-protected-enclosure\/#primaryimage"},"image":{"@id":"https:\/\/secutron.com\/products\/mmx-bb-1002wpra-outdoor-weather-protected-enclosure\/#primaryimage"},"thumbnailUrl":"https:\/\/secutron.com\/wp-content\/uploads\/products\/MMX-BB-1002WPRA.jpg","datePublished":"2023-04-11T20:28:32+00:00","dateModified":"2024-07-17T16:00:09+00:00","description":"MMX-BB-1002WP(R)A de Secutron - Bo\u00eetier UL ext\u00e9rieur prot\u00e9g\u00e9 contre les intemp\u00e9ries. Il est abordable, robuste et facile \u00e0 installer, sans besoin de thermostat ou de chauffage.","breadcrumb":{"@id":"https:\/\/secutron.com\/products\/mmx-bb-1002wpra-outdoor-weather-protected-enclosure\/#breadcrumb"},"inLanguage":"fr-CA","potentialAction":[{"@type":"ReadAction","target":["https:\/\/secutron.com\/products\/mmx-bb-1002wpra-outdoor-weather-protected-enclosure\/"]}]},{"@type":"ImageObject","inLanguage":"fr-CA","@id":"https:\/\/secutron.com\/products\/mmx-bb-1002wpra-outdoor-weather-protected-enclosure\/#primaryimage","url":"https:\/\/secutron.com\/wp-content\/uploads\/products\/MMX-BB-1002WPRA.jpg","contentUrl":"https:\/\/secutron.com\/wp-content\/uploads\/products\/MMX-BB-1002WPRA.jpg","width":900,"height":900},{"@type":"BreadcrumbList","@id":"https:\/\/secutron.com\/products\/mmx-bb-1002wpra-outdoor-weather-protected-enclosure\/#breadcrumb","itemListElement":[{"@type":"ListItem","position":1,"name":"Home","item":"https:\/\/secutron.com\/"},{"@type":"ListItem","position":2,"name":"Shop","item":"https:\/\/secutron.com\/shop\/"},{"@type":"ListItem","position":3,"name":"MMX-BB-1002WP(R)A &#8211; Outdoor Weather Protected Enclosure"}]},{"@type":"WebSite","@id":"https:\/\/secutron.com\/#website","url":"https:\/\/secutron.com\/","name":"Secutron","description":"","potentialAction":[{"@type":"SearchAction","target":{"@type":"EntryPoint","urlTemplate":"https:\/\/secutron.com\/?s={search_term_string}"},"query-input":{"@type":"PropertyValueSpecification","valueRequired":true,"valueName":"search_term_string"}}],"inLanguage":"fr-CA"}]}},"_links":{"self":[{"href":"https:\/\/secutron.com\/fr\/wp-json\/wp\/v2\/product\/2497","targetHints":{"allow":["GET"]}}],"collection":[{"href":"https:\/\/secutron.com\/fr\/wp-json\/wp\/v2\/product"}],"about":[{"href":"https:\/\/secutron.com\/fr\/wp-json\/wp\/v2\/types\/product"}],"version-history":[{"count":2,"href":"https:\/\/secutron.com\/fr\/wp-json\/wp\/v2\/product\/2497\/revisions"}],"predecessor-version":[{"id":3004,"href":"https:\/\/secutron.com\/fr\/wp-json\/wp\/v2\/product\/2497\/revisions\/3004"}],"wp:featuredmedia":[{"embeddable":true,"href":"https:\/\/secutron.com\/fr\/wp-json\/wp\/v2\/media\/2498"}],"wp:attachment":[{"href":"https:\/\/secutron.com\/fr\/wp-json\/wp\/v2\/media?parent=2497"}],"wp:term":[{"taxonomy":"product_brand","embeddable":true,"href":"https:\/\/secutron.com\/fr\/wp-json\/wp\/v2\/product_brand?post=2497"},{"taxonomy":"product_cat","embeddable":true,"href":"https:\/\/secutron.com\/fr\/wp-json\/wp\/v2\/product_cat?post=2497"},{"taxonomy":"product_tag","embeddable":true,"href":"https:\/\/secutron.com\/fr\/wp-json\/wp\/v2\/product_tag?post=2497"}],"curies":[{"name":"wp","href":"https:\/\/api.w.org\/{rel}","templated":true}]}}