{"id":2465,"date":"2023-03-29T11:06:08","date_gmt":"2023-03-29T15:06:08","guid":{"rendered":"https:\/\/secutron.com\/?post_type=product&#038;p=2465"},"modified":"2025-05-20T18:09:20","modified_gmt":"2025-05-20T22:09:20","slug":"mrm-800mpu-series-addressable-pull-stations","status":"publish","type":"product","link":"https:\/\/secutron.com\/fr\/products\/mrm-800mpu-series-addressable-pull-stations\/","title":{"rendered":"STATIONS DE TIRAGE ADRESSABLES DE LA SERIE MRM-800MP(U)"},"content":{"rendered":"<p>La s\u00e9rie MRM-800MP(U) de Secutron permet d'activer manuellement les alarmes incendie. La s\u00e9rie MRM-800MP utilise des symboles et des ic\u00f4nes en relief au lieu d'un texte imprim\u00e9, ce qui les rend universellement reconnaissables.<\/p>\n<h3>Caract\u00e9ristiques<\/h3>\n<ul>\n<li>Enti\u00e8rement fabriqu\u00e9 en mat\u00e9riau LEXAN<\/li>\n<li>Fonctionnement \u00e0 poing ferm\u00e9 (ADA - Americans with Disability Act)<\/li>\n<li>Pas de texte imprim\u00e9 sur les appareils, des symboles et des ic\u00f4nes sont utilis\u00e9s \u00e0 la place.<\/li>\n<li>Les symboles sont sur\u00e9lev\u00e9s pour \u00eatre facilement reconnaissables au toucher.<\/li>\n<li>Compatible avec les panneaux d'alarme incendie de la s\u00e9rie MR-400 et MMX-4000<\/li>\n<li>Installation facile<\/li>\n<li>Accessible par l'avant pour le c\u00e2blage lorsqu'il est mont\u00e9<\/li>\n<li>S'installe sur une bo\u00eete d'encastrement simple<\/li>\n<li>Plage de temp\u00e9rature de 0\u00baC \u00e0 49\u00baC<\/li>\n<li>L'appareil est livr\u00e9 avec une cl\u00e9 de r\u00e9initialisation<\/li>\n<li>Utilisation en int\u00e9rieur uniquement<\/li>\n<li>La LED d'alarme est visible de l'avant - utile pour le d\u00e9pannage<\/li>\n<\/ul>\n<p>L'adressage se fait \u00e0 l'aide du programmateur d'appareils MIX-4090. Pour r\u00e9gler l'adresse sur cet appareil, d\u00e9connectez-le de la boucle ou assurez-vous que la boucle \u00e0 laquelle il est connect\u00e9 est \u00e0 la fois d\u00e9connect\u00e9e du panneau et court-circuit\u00e9e sur les entr\u00e9es SCL+ et SLC- de l'appareil. Si l'une de ces \u00e9tapes n'est pas respect\u00e9e, la programmation de l'adresse des capteurs pr\u00e9c\u00e9demment configur\u00e9s sur la boucle risque d'\u00eatre modifi\u00e9e.<\/p>\n<h3>Informations sur les commandes<\/h3>\n<ul>\n<li><strong>MRM-810MP :<\/strong> MP 1 Stage Addressable Double Action Pull Station, ULC<\/li>\n<li><strong>MRM-810MPU :<\/strong> MP 1 Stage Addressable Double Action Pull Station, UL<\/li>\n<li><strong>MRM-802MP :<\/strong> MP 2 Stage Addressable Pull Station, ULC<\/li>\n<li><strong>MRM-822MP :<\/strong> MP Maglock 2 Stage Double Action Pull Station, ULC<\/li>\n<li><strong>MIX-4090 :<\/strong> Outil de programmation des dispositifs adressables<\/li>\n<li><strong>MRM-800 :<\/strong> Bo\u00eete d'encastrement en saillie pour les stations de traction de la s\u00e9rie 800<\/li>\n<\/ul>\n<h3>Liste des agences<\/h3>\n<p><img decoding=\"async\" src=\"https:\/\/mircom.com\/wp-content\/uploads\/products\/ul.jpg\" \/><img decoding=\"async\" src=\"https:\/\/mircom.com\/wp-content\/uploads\/products\/ulc.jpg\" \/><a href=\"https:\/\/secutron.com\/wp-content\/uploads\/products\/fm.jpg\"><img decoding=\"async\" class=\"alignnone size-full wp-image-3084\" src=\"https:\/\/secutron.com\/wp-content\/uploads\/products\/fm.jpg\" alt=\"\" width=\"120\" height=\"90\" \/><\/a><a href=\"https:\/\/secutron.com\/wp-content\/uploads\/csfm.jpg\"><img decoding=\"async\" class=\"alignnone size-full wp-image-1632\" src=\"https:\/\/secutron.com\/wp-content\/uploads\/csfm.jpg\" alt=\"\" width=\"120\" height=\"90\" \/><\/a><\/p>","protected":false},"excerpt":{"rendered":"<p>La s\u00e9rie MRM-800MP(U) de Secutron permet d'activer manuellement les alarmes incendie. La nouvelle s\u00e9rie MRM-800MP(U) utilise des symboles et des ic\u00f4nes en relief au lieu d'un texte imprim\u00e9, ce qui les rend universellement reconnaissables.<\/p>","protected":false},"featured_media":2476,"template":"","meta":{"_acf_changed":false,"om_disable_all_campaigns":false,"_monsterinsights_skip_tracking":false,"_monsterinsights_sitenote_active":false,"_monsterinsights_sitenote_note":"","_monsterinsights_sitenote_category":0,"footnotes":""},"product_brand":[],"product_cat":[42],"product_tag":[],"class_list":{"0":"post-2465","1":"product","2":"type-product","3":"status-publish","4":"has-post-thumbnail","6":"product_cat-addressable-devices-detectors","8":"first","9":"instock","10":"downloadable","11":"shipping-taxable","12":"product-type-simple"},"acf":[],"yoast_head":"<!-- This site is optimized with the Yoast SEO plugin v27.4 - https:\/\/yoast.com\/product\/yoast-seo-wordpress\/ -->\n<title>MRM-800MP(U) SERIES ADDRESSABLE PULL STATIONS - Secutron<\/title>\n<meta name=\"description\" content=\"Secutron MRM-800(U) Series Conventional Pull Stations, featuring manual fire alarm activation with raised symbols and icons. Made of LEXAN material\" \/>\n<meta name=\"robots\" content=\"index, follow, max-snippet:-1, max-image-preview:large, max-video-preview:-1\" \/>\n<link rel=\"canonical\" href=\"https:\/\/secutron.com\/fr\/products\/mrm-800mpu-series-addressable-pull-stations\/\" \/>\n<meta property=\"og:locale\" content=\"fr_CA\" \/>\n<meta property=\"og:type\" content=\"article\" \/>\n<meta property=\"og:title\" content=\"MRM-800MP(U) SERIES ADDRESSABLE PULL STATIONS - Secutron\" \/>\n<meta property=\"og:description\" content=\"Secutron MRM-800(U) Series Conventional Pull Stations, featuring manual fire alarm activation with raised symbols and icons. Made of LEXAN material\" \/>\n<meta property=\"og:url\" content=\"https:\/\/secutron.com\/fr\/products\/mrm-800mpu-series-addressable-pull-stations\/\" \/>\n<meta property=\"og:site_name\" content=\"Secutron\" \/>\n<meta property=\"article:modified_time\" content=\"2025-05-20T22:09:20+00:00\" \/>\n<meta property=\"og:image\" content=\"https:\/\/secutron.com\/wp-content\/uploads\/products\/MRM-810MPU-left_sm.jpg\" \/>\n\t<meta property=\"og:image:width\" content=\"900\" \/>\n\t<meta property=\"og:image:height\" content=\"900\" \/>\n\t<meta property=\"og:image:type\" content=\"image\/jpeg\" \/>\n<meta name=\"twitter:card\" content=\"summary_large_image\" \/>\n<meta name=\"twitter:label1\" content=\"Estimation du temps de lecture\" \/>\n\t<meta name=\"twitter:data1\" content=\"3 minutes\" \/>\n<script type=\"application\/ld+json\" class=\"yoast-schema-graph\">{\"@context\":\"https:\\\/\\\/schema.org\",\"@graph\":[{\"@type\":\"WebPage\",\"@id\":\"https:\\\/\\\/secutron.com\\\/products\\\/mrm-800mpu-series-addressable-pull-stations\\\/\",\"url\":\"https:\\\/\\\/secutron.com\\\/products\\\/mrm-800mpu-series-addressable-pull-stations\\\/\",\"name\":\"MRM-800MP(U) SERIES ADDRESSABLE PULL STATIONS - Secutron\",\"isPartOf\":{\"@id\":\"https:\\\/\\\/secutron.com\\\/#website\"},\"primaryImageOfPage\":{\"@id\":\"https:\\\/\\\/secutron.com\\\/products\\\/mrm-800mpu-series-addressable-pull-stations\\\/#primaryimage\"},\"image\":{\"@id\":\"https:\\\/\\\/secutron.com\\\/products\\\/mrm-800mpu-series-addressable-pull-stations\\\/#primaryimage\"},\"thumbnailUrl\":\"https:\\\/\\\/secutron.com\\\/wp-content\\\/uploads\\\/products\\\/MRM-810MPU-left_sm.jpg\",\"datePublished\":\"2023-03-29T15:06:08+00:00\",\"dateModified\":\"2025-05-20T22:09:20+00:00\",\"description\":\"Secutron MRM-800(U) Series Conventional Pull Stations, featuring manual fire alarm activation with raised symbols and icons. Made of LEXAN material\",\"breadcrumb\":{\"@id\":\"https:\\\/\\\/secutron.com\\\/products\\\/mrm-800mpu-series-addressable-pull-stations\\\/#breadcrumb\"},\"inLanguage\":\"fr-CA\",\"potentialAction\":[{\"@type\":\"ReadAction\",\"target\":[\"https:\\\/\\\/secutron.com\\\/products\\\/mrm-800mpu-series-addressable-pull-stations\\\/\"]}]},{\"@type\":\"ImageObject\",\"inLanguage\":\"fr-CA\",\"@id\":\"https:\\\/\\\/secutron.com\\\/products\\\/mrm-800mpu-series-addressable-pull-stations\\\/#primaryimage\",\"url\":\"https:\\\/\\\/secutron.com\\\/wp-content\\\/uploads\\\/products\\\/MRM-810MPU-left_sm.jpg\",\"contentUrl\":\"https:\\\/\\\/secutron.com\\\/wp-content\\\/uploads\\\/products\\\/MRM-810MPU-left_sm.jpg\",\"width\":900,\"height\":900},{\"@type\":\"BreadcrumbList\",\"@id\":\"https:\\\/\\\/secutron.com\\\/products\\\/mrm-800mpu-series-addressable-pull-stations\\\/#breadcrumb\",\"itemListElement\":[{\"@type\":\"ListItem\",\"position\":1,\"name\":\"Home\",\"item\":\"https:\\\/\\\/secutron.com\\\/\"},{\"@type\":\"ListItem\",\"position\":2,\"name\":\"Shop\",\"item\":\"https:\\\/\\\/secutron.com\\\/shop\\\/\"},{\"@type\":\"ListItem\",\"position\":3,\"name\":\"MRM-800MP(U) SERIES ADDRESSABLE PULL STATIONS\"}]},{\"@type\":\"WebSite\",\"@id\":\"https:\\\/\\\/secutron.com\\\/#website\",\"url\":\"https:\\\/\\\/secutron.com\\\/\",\"name\":\"Secutron\",\"description\":\"\",\"potentialAction\":[{\"@type\":\"SearchAction\",\"target\":{\"@type\":\"EntryPoint\",\"urlTemplate\":\"https:\\\/\\\/secutron.com\\\/?s={search_term_string}\"},\"query-input\":{\"@type\":\"PropertyValueSpecification\",\"valueRequired\":true,\"valueName\":\"search_term_string\"}}],\"inLanguage\":\"fr-CA\"}]}<\/script>\n<!-- \/ Yoast SEO plugin. -->","yoast_head_json":{"title":"S\u00c9RIE MRM-800MP(U) STATIONS DE TIRAGE ADRESSABLES - Secutron","description":"Secutron MRM-800(U) Series Conventional Pull Stations, avec activation manuelle de l'alarme incendie avec symboles et ic\u00f4nes en relief. Fabriqu\u00e9e en mat\u00e9riau LEXAN","robots":{"index":"index","follow":"follow","max-snippet":"max-snippet:-1","max-image-preview":"max-image-preview:large","max-video-preview":"max-video-preview:-1"},"canonical":"https:\/\/secutron.com\/fr\/products\/mrm-800mpu-series-addressable-pull-stations\/","og_locale":"fr_CA","og_type":"article","og_title":"MRM-800MP(U) SERIES ADDRESSABLE PULL STATIONS - Secutron","og_description":"Secutron MRM-800(U) Series Conventional Pull Stations, featuring manual fire alarm activation with raised symbols and icons. Made of LEXAN material","og_url":"https:\/\/secutron.com\/fr\/products\/mrm-800mpu-series-addressable-pull-stations\/","og_site_name":"Secutron","article_modified_time":"2025-05-20T22:09:20+00:00","og_image":[{"width":900,"height":900,"url":"https:\/\/secutron.com\/wp-content\/uploads\/products\/MRM-810MPU-left_sm.jpg","type":"image\/jpeg"}],"twitter_card":"summary_large_image","twitter_misc":{"Estimation du temps de lecture":"3 minutes"},"schema":{"@context":"https:\/\/schema.org","@graph":[{"@type":"WebPage","@id":"https:\/\/secutron.com\/products\/mrm-800mpu-series-addressable-pull-stations\/","url":"https:\/\/secutron.com\/products\/mrm-800mpu-series-addressable-pull-stations\/","name":"S\u00c9RIE MRM-800MP(U) STATIONS DE TIRAGE ADRESSABLES - Secutron","isPartOf":{"@id":"https:\/\/secutron.com\/#website"},"primaryImageOfPage":{"@id":"https:\/\/secutron.com\/products\/mrm-800mpu-series-addressable-pull-stations\/#primaryimage"},"image":{"@id":"https:\/\/secutron.com\/products\/mrm-800mpu-series-addressable-pull-stations\/#primaryimage"},"thumbnailUrl":"https:\/\/secutron.com\/wp-content\/uploads\/products\/MRM-810MPU-left_sm.jpg","datePublished":"2023-03-29T15:06:08+00:00","dateModified":"2025-05-20T22:09:20+00:00","description":"Secutron MRM-800(U) Series Conventional Pull Stations, avec activation manuelle de l'alarme incendie avec symboles et ic\u00f4nes en relief. Fabriqu\u00e9e en mat\u00e9riau LEXAN","breadcrumb":{"@id":"https:\/\/secutron.com\/products\/mrm-800mpu-series-addressable-pull-stations\/#breadcrumb"},"inLanguage":"fr-CA","potentialAction":[{"@type":"ReadAction","target":["https:\/\/secutron.com\/products\/mrm-800mpu-series-addressable-pull-stations\/"]}]},{"@type":"ImageObject","inLanguage":"fr-CA","@id":"https:\/\/secutron.com\/products\/mrm-800mpu-series-addressable-pull-stations\/#primaryimage","url":"https:\/\/secutron.com\/wp-content\/uploads\/products\/MRM-810MPU-left_sm.jpg","contentUrl":"https:\/\/secutron.com\/wp-content\/uploads\/products\/MRM-810MPU-left_sm.jpg","width":900,"height":900},{"@type":"BreadcrumbList","@id":"https:\/\/secutron.com\/products\/mrm-800mpu-series-addressable-pull-stations\/#breadcrumb","itemListElement":[{"@type":"ListItem","position":1,"name":"Home","item":"https:\/\/secutron.com\/"},{"@type":"ListItem","position":2,"name":"Shop","item":"https:\/\/secutron.com\/shop\/"},{"@type":"ListItem","position":3,"name":"MRM-800MP(U) SERIES ADDRESSABLE PULL STATIONS"}]},{"@type":"WebSite","@id":"https:\/\/secutron.com\/#website","url":"https:\/\/secutron.com\/","name":"Secutron","description":"","potentialAction":[{"@type":"SearchAction","target":{"@type":"EntryPoint","urlTemplate":"https:\/\/secutron.com\/?s={search_term_string}"},"query-input":{"@type":"PropertyValueSpecification","valueRequired":true,"valueName":"search_term_string"}}],"inLanguage":"fr-CA"}]}},"_links":{"self":[{"href":"https:\/\/secutron.com\/fr\/wp-json\/wp\/v2\/product\/2465","targetHints":{"allow":["GET"]}}],"collection":[{"href":"https:\/\/secutron.com\/fr\/wp-json\/wp\/v2\/product"}],"about":[{"href":"https:\/\/secutron.com\/fr\/wp-json\/wp\/v2\/types\/product"}],"version-history":[{"count":9,"href":"https:\/\/secutron.com\/fr\/wp-json\/wp\/v2\/product\/2465\/revisions"}],"predecessor-version":[{"id":4034,"href":"https:\/\/secutron.com\/fr\/wp-json\/wp\/v2\/product\/2465\/revisions\/4034"}],"wp:featuredmedia":[{"embeddable":true,"href":"https:\/\/secutron.com\/fr\/wp-json\/wp\/v2\/media\/2476"}],"wp:attachment":[{"href":"https:\/\/secutron.com\/fr\/wp-json\/wp\/v2\/media?parent=2465"}],"wp:term":[{"taxonomy":"product_brand","embeddable":true,"href":"https:\/\/secutron.com\/fr\/wp-json\/wp\/v2\/product_brand?post=2465"},{"taxonomy":"product_cat","embeddable":true,"href":"https:\/\/secutron.com\/fr\/wp-json\/wp\/v2\/product_cat?post=2465"},{"taxonomy":"product_tag","embeddable":true,"href":"https:\/\/secutron.com\/fr\/wp-json\/wp\/v2\/product_tag?post=2465"}],"curies":[{"name":"wp","href":"https:\/\/api.w.org\/{rel}","templated":true}]}}