{"id":2416,"date":"2023-03-23T14:44:17","date_gmt":"2023-03-23T18:44:17","guid":{"rendered":"https:\/\/secutron.com\/?post_type=product&#038;p=2416"},"modified":"2024-08-13T19:27:55","modified_gmt":"2024-08-13T23:27:55","slug":"bb-400-series-surface-mount-back-boxes","status":"publish","type":"product","link":"https:\/\/secutron.com\/fr\/products\/bb-400-series-surface-mount-back-boxes\/","title":{"rendered":"BO\u00ceTES D'ENCASTREMENT POUR MONTAGE EN SURFACE S\u00c9RIE BB-400"},"content":{"rendered":"<p>Les bo\u00eetes d'encastrement de la s\u00e9rie BB-400 de Secutron sont con\u00e7ues pour les applications int\u00e9rieures en surface. Disponibles en rouge et en blanc, les bo\u00eetes d'encastrement de la s\u00e9rie BB-400 sont compatibles avec les appareils de notification \u00e0 LED de la s\u00e9rie 400 de Secutron. Les bo\u00eetes d'encastrement en plastique durable sont dot\u00e9es d'entr\u00e9es de conduit sur tous les c\u00f4t\u00e9s ainsi que d'une ouverture \u00e0 l'arri\u00e8re.<\/p>\n<h4>INFORMATIONS SUR LES COMMANDES<\/h4>\n<table class=\"table\">\n<tbody>\n<tr>\n<td>BB-400R<\/td>\n<td>Bo\u00eete d'encastrement rouge pour montage en surface<\/td>\n<\/tr>\n<tr>\n<td>BB-400W<\/td>\n<td>Bo\u00eete d'encastrement blanche pour montage en surface<\/td>\n<\/tr>\n<\/tbody>\n<\/table>\n<h4>LISTES D'AGENCES<\/h4>\n<ul>\n<li>UL<\/li>\n<li>ULC<\/li>\n<li>CSFM<\/li>\n<\/ul>","protected":false},"excerpt":{"rendered":"<p>Les bo\u00eetes d'encastrement de la s\u00e9rie BB-400 de MGC sont con\u00e7ues pour les applications int\u00e9rieures de montage en surface.<\/p>","protected":false},"featured_media":2422,"template":"","meta":{"_acf_changed":false,"om_disable_all_campaigns":false,"_monsterinsights_skip_tracking":false,"_monsterinsights_sitenote_active":false,"_monsterinsights_sitenote_note":"","_monsterinsights_sitenote_category":0,"footnotes":""},"product_brand":[],"product_cat":[74],"product_tag":[],"class_list":{"0":"post-2416","1":"product","2":"type-product","3":"status-publish","4":"has-post-thumbnail","6":"product_cat-400-series","8":"first","9":"instock","10":"downloadable","11":"shipping-taxable","12":"product-type-simple"},"acf":[],"yoast_head":"<!-- This site is optimized with the Yoast SEO plugin v27.4 - https:\/\/yoast.com\/product\/yoast-seo-wordpress\/ -->\n<title>BB-400 SERIES SURFACE MOUNT BACK BOXES - Secutron<\/title>\n<meta name=\"description\" content=\"Secutron\u2019s BB-400 Series back boxes for indoor surface mount applications. Choose from red or white models, with conduit entries on all sides and backdoor\" \/>\n<meta name=\"robots\" content=\"index, follow, max-snippet:-1, max-image-preview:large, max-video-preview:-1\" \/>\n<link rel=\"canonical\" href=\"https:\/\/secutron.com\/fr\/products\/bb-400-series-surface-mount-back-boxes\/\" \/>\n<meta property=\"og:locale\" content=\"fr_CA\" \/>\n<meta property=\"og:type\" content=\"article\" \/>\n<meta property=\"og:title\" content=\"BB-400 SERIES SURFACE MOUNT BACK BOXES - Secutron\" \/>\n<meta property=\"og:description\" content=\"Secutron\u2019s BB-400 Series back boxes for indoor surface mount applications. Choose from red or white models, with conduit entries on all sides and backdoor\" \/>\n<meta property=\"og:url\" content=\"https:\/\/secutron.com\/fr\/products\/bb-400-series-surface-mount-back-boxes\/\" \/>\n<meta property=\"og:site_name\" content=\"Secutron\" \/>\n<meta property=\"article:modified_time\" content=\"2024-08-13T23:27:55+00:00\" \/>\n<meta property=\"og:image\" content=\"https:\/\/secutron.com\/wp-content\/uploads\/products\/products-bb-400-surface-mount-back-boxes.jpg\" \/>\n\t<meta property=\"og:image:width\" content=\"2189\" \/>\n\t<meta property=\"og:image:height\" content=\"2048\" \/>\n\t<meta property=\"og:image:type\" content=\"image\/jpeg\" \/>\n<meta name=\"twitter:card\" content=\"summary_large_image\" \/>\n<meta name=\"twitter:label1\" content=\"Estimation du temps de lecture\" \/>\n\t<meta name=\"twitter:data1\" content=\"1 minute\" \/>\n<script type=\"application\/ld+json\" class=\"yoast-schema-graph\">{\"@context\":\"https:\\\/\\\/schema.org\",\"@graph\":[{\"@type\":\"WebPage\",\"@id\":\"https:\\\/\\\/secutron.com\\\/products\\\/bb-400-series-surface-mount-back-boxes\\\/\",\"url\":\"https:\\\/\\\/secutron.com\\\/products\\\/bb-400-series-surface-mount-back-boxes\\\/\",\"name\":\"BB-400 SERIES SURFACE MOUNT BACK BOXES - Secutron\",\"isPartOf\":{\"@id\":\"https:\\\/\\\/secutron.com\\\/#website\"},\"primaryImageOfPage\":{\"@id\":\"https:\\\/\\\/secutron.com\\\/products\\\/bb-400-series-surface-mount-back-boxes\\\/#primaryimage\"},\"image\":{\"@id\":\"https:\\\/\\\/secutron.com\\\/products\\\/bb-400-series-surface-mount-back-boxes\\\/#primaryimage\"},\"thumbnailUrl\":\"https:\\\/\\\/secutron.com\\\/wp-content\\\/uploads\\\/products\\\/products-bb-400-surface-mount-back-boxes.jpg\",\"datePublished\":\"2023-03-23T18:44:17+00:00\",\"dateModified\":\"2024-08-13T23:27:55+00:00\",\"description\":\"Secutron\u2019s BB-400 Series back boxes for indoor surface mount applications. Choose from red or white models, with conduit entries on all sides and backdoor\",\"breadcrumb\":{\"@id\":\"https:\\\/\\\/secutron.com\\\/products\\\/bb-400-series-surface-mount-back-boxes\\\/#breadcrumb\"},\"inLanguage\":\"fr-CA\",\"potentialAction\":[{\"@type\":\"ReadAction\",\"target\":[\"https:\\\/\\\/secutron.com\\\/products\\\/bb-400-series-surface-mount-back-boxes\\\/\"]}]},{\"@type\":\"ImageObject\",\"inLanguage\":\"fr-CA\",\"@id\":\"https:\\\/\\\/secutron.com\\\/products\\\/bb-400-series-surface-mount-back-boxes\\\/#primaryimage\",\"url\":\"https:\\\/\\\/secutron.com\\\/wp-content\\\/uploads\\\/products\\\/products-bb-400-surface-mount-back-boxes.jpg\",\"contentUrl\":\"https:\\\/\\\/secutron.com\\\/wp-content\\\/uploads\\\/products\\\/products-bb-400-surface-mount-back-boxes.jpg\",\"width\":2189,\"height\":2048},{\"@type\":\"BreadcrumbList\",\"@id\":\"https:\\\/\\\/secutron.com\\\/products\\\/bb-400-series-surface-mount-back-boxes\\\/#breadcrumb\",\"itemListElement\":[{\"@type\":\"ListItem\",\"position\":1,\"name\":\"Home\",\"item\":\"https:\\\/\\\/secutron.com\\\/\"},{\"@type\":\"ListItem\",\"position\":2,\"name\":\"Shop\",\"item\":\"https:\\\/\\\/secutron.com\\\/shop\\\/\"},{\"@type\":\"ListItem\",\"position\":3,\"name\":\"BB-400 SERIES SURFACE MOUNT BACK BOXES\"}]},{\"@type\":\"WebSite\",\"@id\":\"https:\\\/\\\/secutron.com\\\/#website\",\"url\":\"https:\\\/\\\/secutron.com\\\/\",\"name\":\"Secutron\",\"description\":\"\",\"potentialAction\":[{\"@type\":\"SearchAction\",\"target\":{\"@type\":\"EntryPoint\",\"urlTemplate\":\"https:\\\/\\\/secutron.com\\\/?s={search_term_string}\"},\"query-input\":{\"@type\":\"PropertyValueSpecification\",\"valueRequired\":true,\"valueName\":\"search_term_string\"}}],\"inLanguage\":\"fr-CA\"}]}<\/script>\n<!-- \/ Yoast SEO plugin. -->","yoast_head_json":{"title":"S\u00c9RIE BB-400 BO\u00ceTES ARRI\u00c8RE \u00c0 MONTAGE EN SURFACE - Secutron","description":"Bo\u00eetes d'encastrement de la s\u00e9rie BB-400 de Secutron pour les applications int\u00e9rieures en surface. Choisissez parmi les mod\u00e8les rouges ou blancs, avec des entr\u00e9es de conduits sur tous les c\u00f4t\u00e9s et une porte arri\u00e8re.","robots":{"index":"index","follow":"follow","max-snippet":"max-snippet:-1","max-image-preview":"max-image-preview:large","max-video-preview":"max-video-preview:-1"},"canonical":"https:\/\/secutron.com\/fr\/products\/bb-400-series-surface-mount-back-boxes\/","og_locale":"fr_CA","og_type":"article","og_title":"BB-400 SERIES SURFACE MOUNT BACK BOXES - Secutron","og_description":"Secutron\u2019s BB-400 Series back boxes for indoor surface mount applications. Choose from red or white models, with conduit entries on all sides and backdoor","og_url":"https:\/\/secutron.com\/fr\/products\/bb-400-series-surface-mount-back-boxes\/","og_site_name":"Secutron","article_modified_time":"2024-08-13T23:27:55+00:00","og_image":[{"width":2189,"height":2048,"url":"https:\/\/secutron.com\/wp-content\/uploads\/products\/products-bb-400-surface-mount-back-boxes.jpg","type":"image\/jpeg"}],"twitter_card":"summary_large_image","twitter_misc":{"Estimation du temps de lecture":"1 minute"},"schema":{"@context":"https:\/\/schema.org","@graph":[{"@type":"WebPage","@id":"https:\/\/secutron.com\/products\/bb-400-series-surface-mount-back-boxes\/","url":"https:\/\/secutron.com\/products\/bb-400-series-surface-mount-back-boxes\/","name":"S\u00c9RIE BB-400 BO\u00ceTES ARRI\u00c8RE \u00c0 MONTAGE EN SURFACE - Secutron","isPartOf":{"@id":"https:\/\/secutron.com\/#website"},"primaryImageOfPage":{"@id":"https:\/\/secutron.com\/products\/bb-400-series-surface-mount-back-boxes\/#primaryimage"},"image":{"@id":"https:\/\/secutron.com\/products\/bb-400-series-surface-mount-back-boxes\/#primaryimage"},"thumbnailUrl":"https:\/\/secutron.com\/wp-content\/uploads\/products\/products-bb-400-surface-mount-back-boxes.jpg","datePublished":"2023-03-23T18:44:17+00:00","dateModified":"2024-08-13T23:27:55+00:00","description":"Bo\u00eetes d'encastrement de la s\u00e9rie BB-400 de Secutron pour les applications int\u00e9rieures en surface. Choisissez parmi les mod\u00e8les rouges ou blancs, avec des entr\u00e9es de conduits sur tous les c\u00f4t\u00e9s et une porte arri\u00e8re.","breadcrumb":{"@id":"https:\/\/secutron.com\/products\/bb-400-series-surface-mount-back-boxes\/#breadcrumb"},"inLanguage":"fr-CA","potentialAction":[{"@type":"ReadAction","target":["https:\/\/secutron.com\/products\/bb-400-series-surface-mount-back-boxes\/"]}]},{"@type":"ImageObject","inLanguage":"fr-CA","@id":"https:\/\/secutron.com\/products\/bb-400-series-surface-mount-back-boxes\/#primaryimage","url":"https:\/\/secutron.com\/wp-content\/uploads\/products\/products-bb-400-surface-mount-back-boxes.jpg","contentUrl":"https:\/\/secutron.com\/wp-content\/uploads\/products\/products-bb-400-surface-mount-back-boxes.jpg","width":2189,"height":2048},{"@type":"BreadcrumbList","@id":"https:\/\/secutron.com\/products\/bb-400-series-surface-mount-back-boxes\/#breadcrumb","itemListElement":[{"@type":"ListItem","position":1,"name":"Home","item":"https:\/\/secutron.com\/"},{"@type":"ListItem","position":2,"name":"Shop","item":"https:\/\/secutron.com\/shop\/"},{"@type":"ListItem","position":3,"name":"BB-400 SERIES SURFACE MOUNT BACK BOXES"}]},{"@type":"WebSite","@id":"https:\/\/secutron.com\/#website","url":"https:\/\/secutron.com\/","name":"Secutron","description":"","potentialAction":[{"@type":"SearchAction","target":{"@type":"EntryPoint","urlTemplate":"https:\/\/secutron.com\/?s={search_term_string}"},"query-input":{"@type":"PropertyValueSpecification","valueRequired":true,"valueName":"search_term_string"}}],"inLanguage":"fr-CA"}]}},"_links":{"self":[{"href":"https:\/\/secutron.com\/fr\/wp-json\/wp\/v2\/product\/2416","targetHints":{"allow":["GET"]}}],"collection":[{"href":"https:\/\/secutron.com\/fr\/wp-json\/wp\/v2\/product"}],"about":[{"href":"https:\/\/secutron.com\/fr\/wp-json\/wp\/v2\/types\/product"}],"version-history":[{"count":3,"href":"https:\/\/secutron.com\/fr\/wp-json\/wp\/v2\/product\/2416\/revisions"}],"predecessor-version":[{"id":3450,"href":"https:\/\/secutron.com\/fr\/wp-json\/wp\/v2\/product\/2416\/revisions\/3450"}],"wp:featuredmedia":[{"embeddable":true,"href":"https:\/\/secutron.com\/fr\/wp-json\/wp\/v2\/media\/2422"}],"wp:attachment":[{"href":"https:\/\/secutron.com\/fr\/wp-json\/wp\/v2\/media?parent=2416"}],"wp:term":[{"taxonomy":"product_brand","embeddable":true,"href":"https:\/\/secutron.com\/fr\/wp-json\/wp\/v2\/product_brand?post=2416"},{"taxonomy":"product_cat","embeddable":true,"href":"https:\/\/secutron.com\/fr\/wp-json\/wp\/v2\/product_cat?post=2416"},{"taxonomy":"product_tag","embeddable":true,"href":"https:\/\/secutron.com\/fr\/wp-json\/wp\/v2\/product_tag?post=2416"}],"curies":[{"name":"wp","href":"https:\/\/api.w.org\/{rel}","templated":true}]}}