{"id":2071,"date":"2023-03-13T16:41:57","date_gmt":"2023-03-13T20:41:57","guid":{"rendered":"https:\/\/secutron.com\/?post_type=product&#038;p=2071"},"modified":"2026-03-26T09:42:03","modified_gmt":"2026-03-26T13:42:03","slug":"sd-100-series-photoelectric-smoke-detectors","status":"publish","type":"product","link":"https:\/\/secutron.com\/fr\/products\/sd-100-series-photoelectric-smoke-detectors\/","title":{"rendered":"S\u00c9RIE SD-100 D\u00c9TECTEURS DE FUM\u00c9E PHOTO\u00c9LECTRIQUES"},"content":{"rendered":"<p>Les d\u00e9tecteurs de fum\u00e9e de la s\u00e9rie SD-100 peuvent \u00eatre utilis\u00e9s dans les locaux commerciaux, industriels, institutionnels et r\u00e9sidentiels. La conception \u00e9l\u00e9gante et discr\u00e8te des d\u00e9tecteurs met l'accent sur la facilit\u00e9 d'installation et de maintenance sur le terrain.<br \/>\nLa s\u00e9rie SD-100 se compose de deux mod\u00e8les :<\/p>\n<p><strong>SD-100-2WT\/SD-100-2WP<\/strong><\/p>\n<p>Le SD-100-2WP est un d\u00e9tecteur de fum\u00e9e \u00e0 deux fils qui utilise une technologie photo\u00e9lectrique et le SD-100-2WT est \u00e9galement un d\u00e9tecteur de fum\u00e9e photo\u00e9lectrique mais avec un capteur de chaleur fixe de 135\u00b0F suppl\u00e9mentaire pour \u00e9tendre les capacit\u00e9s de d\u00e9tection.<\/p>\n<p><strong>SD-100-4WT\/SD-100-4WP<\/strong><\/p>\n<p>Le SD-100-4WP est un d\u00e9tecteur de fum\u00e9e \u00e0 quatre fils qui utilise une technologie photo\u00e9lectrique et le SD-100-4WT est \u00e9galement un d\u00e9tecteur de fum\u00e9e photo\u00e9lectrique mais avec un capteur de chaleur fixe de 135\u00b0F suppl\u00e9mentaire pour \u00e9tendre les capacit\u00e9s de d\u00e9tection.<\/p>\n<p><strong>RSR-100 Lecteur de sensibilit\u00e9 \u00e0 distance<\/strong><\/p>\n<p>Le lecteur de sensibilit\u00e9 \u00e0 distance RSR-100 est con\u00e7u pour mesurer la sensibilit\u00e9 des d\u00e9tecteurs de fum\u00e9e de la s\u00e9rie SD-100. Cet appareil aliment\u00e9 par une batterie est \u00e9quip\u00e9 d'une interface optique infrarouge pour lire les donn\u00e9es envoy\u00e9es par le d\u00e9tecteur de fum\u00e9e. Le SD-100 d\u00e9code les donn\u00e9es de sensibilit\u00e9 et d'\u00e9tat et affiche les informations sur son \u00e9cran LCD. Le RSR-100 peut \u00eatre utilis\u00e9 soit comme appareil portatif, soit avec une perche d'extension filet\u00e9e standard.<\/p>\n<p><strong>Informations sur les commandes :\u00a0<\/strong><\/p>\n<ul>\n<li>SD-100-2WP-4K : D\u00e9tecteur de fum\u00e9e conventionnel \u00e0 2 fils avec base 4<\/li>\n<li>SD-100-2WP-6K : D\u00e9tecteur de fum\u00e9e conventionnel 2 fils avec base 6<\/li>\n<li>SD-100-4WP-4K : D\u00e9tecteur de fum\u00e9e conventionnel \u00e0 4 fils avec base 4\u2033.<\/li>\n<li>SD-100-4WP-6K : D\u00e9tecteur de fum\u00e9e conventionnel \u00e0 4 fils avec base 6<\/li>\n<li>SD-100-2WT-4K : D\u00e9tecteur de fum\u00e9e et de chaleur conventionnel \u00e0 2 fils avec base 4\u2033.<\/li>\n<li>SD-100-2WT-6K : D\u00e9tecteur de fum\u00e9e et de chaleur conventionnel \u00e0 2 fils avec base 6\u2033.<\/li>\n<li>SD-100-4WT-4K : D\u00e9tecteur de fum\u00e9e et de chaleur conventionnel \u00e0 4 fils avec base 4\u2033.<\/li>\n<li>SD-100-4WT-6K : D\u00e9tecteur de fum\u00e9e et de chaleur conventionnel \u00e0 4 fils avec base 6\u2033.<\/li>\n<li>RSR-100 : Lecteur de sensibilit\u00e9 \u00e0 distance<\/li>\n<\/ul>\n<p>&nbsp;<\/p>\n<p><a href=\"https:\/\/secutron.com\/wp-content\/uploads\/products\/UL_Solutions_of_Canada_certification_logo.png\"><img decoding=\"async\" class=\"alignnone wp-image-3943\" src=\"https:\/\/secutron.com\/wp-content\/uploads\/products\/UL_Solutions_of_Canada_certification_logo.png\" alt=\"\" width=\"70\" height=\"71\" \/><\/a><\/p>","protected":false},"excerpt":{"rendered":"<p>Les d\u00e9tecteurs de fum\u00e9e de la s\u00e9rie SD-100 peuvent \u00eatre utilis\u00e9s dans les locaux commerciaux, industriels, institutionnels et r\u00e9sidentiels. La conception \u00e9l\u00e9gante et discr\u00e8te des d\u00e9tecteurs met l'accent sur la facilit\u00e9 d'installation et de maintenance sur le terrain.<\/p>","protected":false},"featured_media":2072,"template":"","meta":{"_acf_changed":false,"om_disable_all_campaigns":false,"_monsterinsights_skip_tracking":false,"_monsterinsights_sitenote_active":false,"_monsterinsights_sitenote_note":"","_monsterinsights_sitenote_category":0,"footnotes":""},"product_brand":[],"product_cat":[73],"product_tag":[],"class_list":{"0":"post-2071","1":"product","2":"type-product","3":"status-publish","4":"has-post-thumbnail","6":"product_cat-smoke-detectors","8":"first","9":"instock","10":"shipping-taxable","11":"product-type-simple"},"acf":[],"yoast_head":"<!-- This site is optimized with the Yoast SEO plugin v27.5 - https:\/\/yoast.com\/product\/yoast-seo-wordpress\/ -->\n<title>SD-100 SERIES PHOTOELECTRIC SMOKE DETECTORS - Secutron<\/title>\n<meta name=\"description\" content=\"For safety in commercial, industrial, institutional, and residential buildings with SD-100 detectors and prioritize easy installation and field maintenance.\" \/>\n<meta name=\"robots\" content=\"index, follow, max-snippet:-1, max-image-preview:large, max-video-preview:-1\" \/>\n<link rel=\"canonical\" href=\"https:\/\/secutron.com\/fr\/products\/sd-100-series-photoelectric-smoke-detectors\/\" \/>\n<meta property=\"og:locale\" content=\"fr_CA\" \/>\n<meta property=\"og:type\" content=\"article\" \/>\n<meta property=\"og:title\" content=\"SD-100 SERIES PHOTOELECTRIC SMOKE DETECTORS - Secutron\" \/>\n<meta property=\"og:description\" content=\"For safety in commercial, industrial, institutional, and residential buildings with SD-100 detectors and prioritize easy installation and field maintenance.\" \/>\n<meta property=\"og:url\" content=\"https:\/\/secutron.com\/fr\/products\/sd-100-series-photoelectric-smoke-detectors\/\" \/>\n<meta property=\"og:site_name\" content=\"Secutron\" \/>\n<meta property=\"article:modified_time\" content=\"2026-03-26T13:42:03+00:00\" \/>\n<meta property=\"og:image\" content=\"https:\/\/secutron.com\/wp-content\/uploads\/products\/SD-100-2WT-6K-profile_lg-scaled.jpg\" \/>\n\t<meta property=\"og:image:width\" content=\"2560\" \/>\n\t<meta property=\"og:image:height\" content=\"1852\" \/>\n\t<meta property=\"og:image:type\" content=\"image\/jpeg\" \/>\n<meta name=\"twitter:card\" content=\"summary_large_image\" \/>\n<meta name=\"twitter:label1\" content=\"Estimation du temps de lecture\" \/>\n\t<meta name=\"twitter:data1\" content=\"2 minutes\" \/>\n<script type=\"application\/ld+json\" class=\"yoast-schema-graph\">{\"@context\":\"https:\\\/\\\/schema.org\",\"@graph\":[{\"@type\":\"WebPage\",\"@id\":\"https:\\\/\\\/secutron.com\\\/products\\\/sd-100-series-photoelectric-smoke-detectors\\\/\",\"url\":\"https:\\\/\\\/secutron.com\\\/products\\\/sd-100-series-photoelectric-smoke-detectors\\\/\",\"name\":\"SD-100 SERIES PHOTOELECTRIC SMOKE DETECTORS - Secutron\",\"isPartOf\":{\"@id\":\"https:\\\/\\\/secutron.com\\\/#website\"},\"primaryImageOfPage\":{\"@id\":\"https:\\\/\\\/secutron.com\\\/products\\\/sd-100-series-photoelectric-smoke-detectors\\\/#primaryimage\"},\"image\":{\"@id\":\"https:\\\/\\\/secutron.com\\\/products\\\/sd-100-series-photoelectric-smoke-detectors\\\/#primaryimage\"},\"thumbnailUrl\":\"https:\\\/\\\/secutron.com\\\/wp-content\\\/uploads\\\/products\\\/SD-100-2WT-6K-profile_lg-scaled.jpg\",\"datePublished\":\"2023-03-13T20:41:57+00:00\",\"dateModified\":\"2026-03-26T13:42:03+00:00\",\"description\":\"For safety in commercial, industrial, institutional, and residential buildings with SD-100 detectors and prioritize easy installation and field maintenance.\",\"breadcrumb\":{\"@id\":\"https:\\\/\\\/secutron.com\\\/products\\\/sd-100-series-photoelectric-smoke-detectors\\\/#breadcrumb\"},\"inLanguage\":\"fr-CA\",\"potentialAction\":[{\"@type\":\"ReadAction\",\"target\":[\"https:\\\/\\\/secutron.com\\\/products\\\/sd-100-series-photoelectric-smoke-detectors\\\/\"]}]},{\"@type\":\"ImageObject\",\"inLanguage\":\"fr-CA\",\"@id\":\"https:\\\/\\\/secutron.com\\\/products\\\/sd-100-series-photoelectric-smoke-detectors\\\/#primaryimage\",\"url\":\"https:\\\/\\\/secutron.com\\\/wp-content\\\/uploads\\\/products\\\/SD-100-2WT-6K-profile_lg-scaled.jpg\",\"contentUrl\":\"https:\\\/\\\/secutron.com\\\/wp-content\\\/uploads\\\/products\\\/SD-100-2WT-6K-profile_lg-scaled.jpg\",\"width\":2560,\"height\":1852},{\"@type\":\"BreadcrumbList\",\"@id\":\"https:\\\/\\\/secutron.com\\\/products\\\/sd-100-series-photoelectric-smoke-detectors\\\/#breadcrumb\",\"itemListElement\":[{\"@type\":\"ListItem\",\"position\":1,\"name\":\"Home\",\"item\":\"https:\\\/\\\/secutron.com\\\/\"},{\"@type\":\"ListItem\",\"position\":2,\"name\":\"Shop\",\"item\":\"https:\\\/\\\/secutron.com\\\/shop\\\/\"},{\"@type\":\"ListItem\",\"position\":3,\"name\":\"SD-100 SERIES PHOTOELECTRIC SMOKE DETECTORS\"}]},{\"@type\":\"WebSite\",\"@id\":\"https:\\\/\\\/secutron.com\\\/#website\",\"url\":\"https:\\\/\\\/secutron.com\\\/\",\"name\":\"Secutron\",\"description\":\"\",\"potentialAction\":[{\"@type\":\"SearchAction\",\"target\":{\"@type\":\"EntryPoint\",\"urlTemplate\":\"https:\\\/\\\/secutron.com\\\/?s={search_term_string}\"},\"query-input\":{\"@type\":\"PropertyValueSpecification\",\"valueRequired\":true,\"valueName\":\"search_term_string\"}}],\"inLanguage\":\"fr-CA\"}]}<\/script>\n<!-- \/ Yoast SEO plugin. -->","yoast_head_json":{"title":"S\u00c9RIE SD-100 D\u00c9TECTEURS DE FUM\u00c9E PHOTO\u00c9LECTRIQUES - Secutron","description":"Pour la s\u00e9curit\u00e9 dans les b\u00e2timents commerciaux, industriels, institutionnels et r\u00e9sidentiels, les d\u00e9tecteurs SD-100 donnent la priorit\u00e9 \u00e0 la facilit\u00e9 d'installation et de maintenance sur le terrain.","robots":{"index":"index","follow":"follow","max-snippet":"max-snippet:-1","max-image-preview":"max-image-preview:large","max-video-preview":"max-video-preview:-1"},"canonical":"https:\/\/secutron.com\/fr\/products\/sd-100-series-photoelectric-smoke-detectors\/","og_locale":"fr_CA","og_type":"article","og_title":"SD-100 SERIES PHOTOELECTRIC SMOKE DETECTORS - Secutron","og_description":"For safety in commercial, industrial, institutional, and residential buildings with SD-100 detectors and prioritize easy installation and field maintenance.","og_url":"https:\/\/secutron.com\/fr\/products\/sd-100-series-photoelectric-smoke-detectors\/","og_site_name":"Secutron","article_modified_time":"2026-03-26T13:42:03+00:00","og_image":[{"width":2560,"height":1852,"url":"https:\/\/secutron.com\/wp-content\/uploads\/products\/SD-100-2WT-6K-profile_lg-scaled.jpg","type":"image\/jpeg"}],"twitter_card":"summary_large_image","twitter_misc":{"Estimation du temps de lecture":"2 minutes"},"schema":{"@context":"https:\/\/schema.org","@graph":[{"@type":"WebPage","@id":"https:\/\/secutron.com\/products\/sd-100-series-photoelectric-smoke-detectors\/","url":"https:\/\/secutron.com\/products\/sd-100-series-photoelectric-smoke-detectors\/","name":"S\u00c9RIE SD-100 D\u00c9TECTEURS DE FUM\u00c9E PHOTO\u00c9LECTRIQUES - Secutron","isPartOf":{"@id":"https:\/\/secutron.com\/#website"},"primaryImageOfPage":{"@id":"https:\/\/secutron.com\/products\/sd-100-series-photoelectric-smoke-detectors\/#primaryimage"},"image":{"@id":"https:\/\/secutron.com\/products\/sd-100-series-photoelectric-smoke-detectors\/#primaryimage"},"thumbnailUrl":"https:\/\/secutron.com\/wp-content\/uploads\/products\/SD-100-2WT-6K-profile_lg-scaled.jpg","datePublished":"2023-03-13T20:41:57+00:00","dateModified":"2026-03-26T13:42:03+00:00","description":"Pour la s\u00e9curit\u00e9 dans les b\u00e2timents commerciaux, industriels, institutionnels et r\u00e9sidentiels, les d\u00e9tecteurs SD-100 donnent la priorit\u00e9 \u00e0 la facilit\u00e9 d'installation et de maintenance sur le terrain.","breadcrumb":{"@id":"https:\/\/secutron.com\/products\/sd-100-series-photoelectric-smoke-detectors\/#breadcrumb"},"inLanguage":"fr-CA","potentialAction":[{"@type":"ReadAction","target":["https:\/\/secutron.com\/products\/sd-100-series-photoelectric-smoke-detectors\/"]}]},{"@type":"ImageObject","inLanguage":"fr-CA","@id":"https:\/\/secutron.com\/products\/sd-100-series-photoelectric-smoke-detectors\/#primaryimage","url":"https:\/\/secutron.com\/wp-content\/uploads\/products\/SD-100-2WT-6K-profile_lg-scaled.jpg","contentUrl":"https:\/\/secutron.com\/wp-content\/uploads\/products\/SD-100-2WT-6K-profile_lg-scaled.jpg","width":2560,"height":1852},{"@type":"BreadcrumbList","@id":"https:\/\/secutron.com\/products\/sd-100-series-photoelectric-smoke-detectors\/#breadcrumb","itemListElement":[{"@type":"ListItem","position":1,"name":"Home","item":"https:\/\/secutron.com\/"},{"@type":"ListItem","position":2,"name":"Shop","item":"https:\/\/secutron.com\/shop\/"},{"@type":"ListItem","position":3,"name":"SD-100 SERIES PHOTOELECTRIC SMOKE DETECTORS"}]},{"@type":"WebSite","@id":"https:\/\/secutron.com\/#website","url":"https:\/\/secutron.com\/","name":"Secutron","description":"","potentialAction":[{"@type":"SearchAction","target":{"@type":"EntryPoint","urlTemplate":"https:\/\/secutron.com\/?s={search_term_string}"},"query-input":{"@type":"PropertyValueSpecification","valueRequired":true,"valueName":"search_term_string"}}],"inLanguage":"fr-CA"}]}},"_links":{"self":[{"href":"https:\/\/secutron.com\/fr\/wp-json\/wp\/v2\/product\/2071","targetHints":{"allow":["GET"]}}],"collection":[{"href":"https:\/\/secutron.com\/fr\/wp-json\/wp\/v2\/product"}],"about":[{"href":"https:\/\/secutron.com\/fr\/wp-json\/wp\/v2\/types\/product"}],"version-history":[{"count":6,"href":"https:\/\/secutron.com\/fr\/wp-json\/wp\/v2\/product\/2071\/revisions"}],"predecessor-version":[{"id":4205,"href":"https:\/\/secutron.com\/fr\/wp-json\/wp\/v2\/product\/2071\/revisions\/4205"}],"wp:featuredmedia":[{"embeddable":true,"href":"https:\/\/secutron.com\/fr\/wp-json\/wp\/v2\/media\/2072"}],"wp:attachment":[{"href":"https:\/\/secutron.com\/fr\/wp-json\/wp\/v2\/media?parent=2071"}],"wp:term":[{"taxonomy":"product_brand","embeddable":true,"href":"https:\/\/secutron.com\/fr\/wp-json\/wp\/v2\/product_brand?post=2071"},{"taxonomy":"product_cat","embeddable":true,"href":"https:\/\/secutron.com\/fr\/wp-json\/wp\/v2\/product_cat?post=2071"},{"taxonomy":"product_tag","embeddable":true,"href":"https:\/\/secutron.com\/fr\/wp-json\/wp\/v2\/product_tag?post=2071"}],"curies":[{"name":"wp","href":"https:\/\/api.w.org\/{rel}","templated":true}]}}