{"id":2017,"date":"2023-02-09T13:57:53","date_gmt":"2023-02-09T18:57:53","guid":{"rendered":"https:\/\/secutron.com\/?post_type=product&#038;p=2017"},"modified":"2026-04-20T13:00:11","modified_gmt":"2026-04-20T17:00:11","slug":"mr-2300-series-lcd-display-fire-alarm-control-panels","status":"publish","type":"product","link":"https:\/\/secutron.com\/fr\/products\/mr-2300-series-lcd-display-fire-alarm-control-panels\/","title":{"rendered":"Panneaux de contr\u00f4le d'alarme incendie \u00e0 affichage LCD de la s\u00e9rie MR-2300"},"content":{"rendered":"<p>Les centrales d'alarme incendie de la s\u00e9rie MR-2300 se composent de mod\u00e8les \u00e0 six et douze zones \u00e9quip\u00e9s d'un \u00e9cran LCD et d'un communicateur num\u00e9rique UDACT int\u00e9gr\u00e9 sur certains mod\u00e8les. La gamme MR-2300 comprend \u00e9galement des annonciateurs DEL et LCD \u00e0 distance, ainsi que des modules de relais \u00e0 distance.<\/p>\n<p>Les panneaux sont configurables par le clavier (\u00e0 l'aide de l'outil de configuration CFG-300) pour une programmation sur site ou par un PC pour une programmation \u00e0 la fois sur site et \u00e0 distance. Faciles \u00e0 installer, \u00e0 utiliser et \u00e0 configurer, les panneaux de la s\u00e9rie MR-2300 permettent \u00e0 l'installateur de configurer le syst\u00e8me en fonction de ses besoins sp\u00e9cifiques.<\/p>\n<p>Tous les panneaux de la s\u00e9rie MR-2300 sont \u00e9quip\u00e9s d'une alimentation \u00e9lectrique de 5 amp\u00e8res, d'une alimentation de fum\u00e9e r\u00e9initialisable \u00e0 4 fils (300mA max.), d'une alimentation auxiliaire non r\u00e9initialisable (500mA), d'une interface pour un indicateur de panne \u00e0 distance (RTI) et d'une interface RS-485 pour les annonciateurs LCD, les annonciateurs LED et les modules de relais \u00e0 distance.<\/p>\n<p>Les panneaux de la s\u00e9rie MR-2300 sont \u00e9quip\u00e9s d'une porte rouge, d'une bo\u00eete arri\u00e8re noire, d'une serrure CAT-30 durable et d'une cl\u00e9, ainsi que d'un espace pour monter jusqu'\u00e0 12 batteries AH. Un anneau de finition noir est disponible en option pour un montage semi-encastr\u00e9.<\/p>\n<p><strong>Liste des agences<\/strong><\/p>\n<h4><a href=\"https:\/\/secutron.com\/wp-content\/uploads\/products\/UL-ULC-CSFM-logo.png\"><img fetchpriority=\"high\" decoding=\"async\" class=\"alignnone wp-image-3926\" src=\"https:\/\/secutron.com\/wp-content\/uploads\/products\/UL-ULC-CSFM-logo.png\" alt=\"\" width=\"400\" height=\"146\" \/><\/a><\/h4>","protected":false},"excerpt":{"rendered":"<p>Les panneaux de la s\u00e9rie MR-2300 sont id\u00e9aux pour les applications nouvelles ou de modernisation. Con\u00e7us pour les locaux commerciaux, institutionnels et industriels de petite et moyenne taille, ces panneaux sont puissants et r\u00e9pondent aux exigences actuelles en mati\u00e8re d'installation.<\/p>","protected":false},"featured_media":2039,"template":"","meta":{"_acf_changed":false,"om_disable_all_campaigns":false,"_monsterinsights_skip_tracking":false,"_monsterinsights_sitenote_active":false,"_monsterinsights_sitenote_note":"","_monsterinsights_sitenote_category":0,"footnotes":""},"product_brand":[],"product_cat":[40],"product_tag":[],"class_list":{"0":"post-2017","1":"product","2":"type-product","3":"status-publish","4":"has-post-thumbnail","6":"product_cat-conventional-fire-alarm-systems","8":"first","9":"instock","10":"shipping-taxable","11":"product-type-simple"},"acf":[],"yoast_head":"<!-- This site is optimized with the Yoast SEO plugin v27.4 - https:\/\/yoast.com\/product\/yoast-seo-wordpress\/ -->\n<title>MR-2300 Series LCD Display Fire Alarm Control Panels - Secutron<\/title>\n<meta name=\"description\" content=\"The MR-2320 by Secutron is a dual releasing control panel that offers easy configuration for different releasing functions. With multiple features\" \/>\n<meta name=\"robots\" content=\"index, follow, max-snippet:-1, max-image-preview:large, max-video-preview:-1\" \/>\n<link rel=\"canonical\" href=\"https:\/\/secutron.com\/fr\/products\/mr-2300-series-lcd-display-fire-alarm-control-panels\/\" \/>\n<meta property=\"og:locale\" content=\"fr_CA\" \/>\n<meta property=\"og:type\" content=\"article\" \/>\n<meta property=\"og:title\" content=\"MR-2300 Series LCD Display Fire Alarm Control Panels - Secutron\" \/>\n<meta property=\"og:description\" content=\"The MR-2320 by Secutron is a dual releasing control panel that offers easy configuration for different releasing functions. With multiple features\" \/>\n<meta property=\"og:url\" content=\"https:\/\/secutron.com\/fr\/products\/mr-2300-series-lcd-display-fire-alarm-control-panels\/\" \/>\n<meta property=\"og:site_name\" content=\"Secutron\" \/>\n<meta property=\"article:modified_time\" content=\"2026-04-20T17:00:11+00:00\" \/>\n<meta property=\"og:image\" content=\"https:\/\/secutron.com\/wp-content\/uploads\/products\/MR-2300-Series-LCD.jpg\" \/>\n\t<meta property=\"og:image:width\" content=\"900\" \/>\n\t<meta property=\"og:image:height\" content=\"900\" \/>\n\t<meta property=\"og:image:type\" content=\"image\/jpeg\" \/>\n<meta name=\"twitter:card\" content=\"summary_large_image\" \/>\n<meta name=\"twitter:label1\" content=\"Estimation du temps de lecture\" \/>\n\t<meta name=\"twitter:data1\" content=\"2 minutes\" \/>\n<script type=\"application\/ld+json\" class=\"yoast-schema-graph\">{\"@context\":\"https:\\\/\\\/schema.org\",\"@graph\":[{\"@type\":\"WebPage\",\"@id\":\"https:\\\/\\\/secutron.com\\\/products\\\/mr-2300-series-lcd-display-fire-alarm-control-panels\\\/\",\"url\":\"https:\\\/\\\/secutron.com\\\/products\\\/mr-2300-series-lcd-display-fire-alarm-control-panels\\\/\",\"name\":\"MR-2300 Series LCD Display Fire Alarm Control Panels - Secutron\",\"isPartOf\":{\"@id\":\"https:\\\/\\\/secutron.com\\\/#website\"},\"primaryImageOfPage\":{\"@id\":\"https:\\\/\\\/secutron.com\\\/products\\\/mr-2300-series-lcd-display-fire-alarm-control-panels\\\/#primaryimage\"},\"image\":{\"@id\":\"https:\\\/\\\/secutron.com\\\/products\\\/mr-2300-series-lcd-display-fire-alarm-control-panels\\\/#primaryimage\"},\"thumbnailUrl\":\"https:\\\/\\\/secutron.com\\\/wp-content\\\/uploads\\\/products\\\/MR-2300-Series-LCD.jpg\",\"datePublished\":\"2023-02-09T18:57:53+00:00\",\"dateModified\":\"2026-04-20T17:00:11+00:00\",\"description\":\"The MR-2320 by Secutron is a dual releasing control panel that offers easy configuration for different releasing functions. With multiple features\",\"breadcrumb\":{\"@id\":\"https:\\\/\\\/secutron.com\\\/products\\\/mr-2300-series-lcd-display-fire-alarm-control-panels\\\/#breadcrumb\"},\"inLanguage\":\"fr-CA\",\"potentialAction\":[{\"@type\":\"ReadAction\",\"target\":[\"https:\\\/\\\/secutron.com\\\/products\\\/mr-2300-series-lcd-display-fire-alarm-control-panels\\\/\"]}]},{\"@type\":\"ImageObject\",\"inLanguage\":\"fr-CA\",\"@id\":\"https:\\\/\\\/secutron.com\\\/products\\\/mr-2300-series-lcd-display-fire-alarm-control-panels\\\/#primaryimage\",\"url\":\"https:\\\/\\\/secutron.com\\\/wp-content\\\/uploads\\\/products\\\/MR-2300-Series-LCD.jpg\",\"contentUrl\":\"https:\\\/\\\/secutron.com\\\/wp-content\\\/uploads\\\/products\\\/MR-2300-Series-LCD.jpg\",\"width\":900,\"height\":900,\"caption\":\"MR-2300 Series LCD\"},{\"@type\":\"BreadcrumbList\",\"@id\":\"https:\\\/\\\/secutron.com\\\/products\\\/mr-2300-series-lcd-display-fire-alarm-control-panels\\\/#breadcrumb\",\"itemListElement\":[{\"@type\":\"ListItem\",\"position\":1,\"name\":\"Home\",\"item\":\"https:\\\/\\\/secutron.com\\\/\"},{\"@type\":\"ListItem\",\"position\":2,\"name\":\"Shop\",\"item\":\"https:\\\/\\\/secutron.com\\\/shop\\\/\"},{\"@type\":\"ListItem\",\"position\":3,\"name\":\"MR-2300 Series LCD Display Fire Alarm Control Panels\"}]},{\"@type\":\"WebSite\",\"@id\":\"https:\\\/\\\/secutron.com\\\/#website\",\"url\":\"https:\\\/\\\/secutron.com\\\/\",\"name\":\"Secutron\",\"description\":\"\",\"potentialAction\":[{\"@type\":\"SearchAction\",\"target\":{\"@type\":\"EntryPoint\",\"urlTemplate\":\"https:\\\/\\\/secutron.com\\\/?s={search_term_string}\"},\"query-input\":{\"@type\":\"PropertyValueSpecification\",\"valueRequired\":true,\"valueName\":\"search_term_string\"}}],\"inLanguage\":\"fr-CA\"}]}<\/script>\n<!-- \/ Yoast SEO plugin. -->","yoast_head_json":{"title":"Panneaux de contr\u00f4le d'alarme incendie \u00e0 affichage LCD de la s\u00e9rie MR-2300 - Secutron","description":"Le MR-2320 de Secutron est un panneau de contr\u00f4le de d\u00e9verrouillage double qui offre une configuration facile pour diff\u00e9rentes fonctions de d\u00e9verrouillage. Avec de multiples caract\u00e9ristiques","robots":{"index":"index","follow":"follow","max-snippet":"max-snippet:-1","max-image-preview":"max-image-preview:large","max-video-preview":"max-video-preview:-1"},"canonical":"https:\/\/secutron.com\/fr\/products\/mr-2300-series-lcd-display-fire-alarm-control-panels\/","og_locale":"fr_CA","og_type":"article","og_title":"MR-2300 Series LCD Display Fire Alarm Control Panels - Secutron","og_description":"The MR-2320 by Secutron is a dual releasing control panel that offers easy configuration for different releasing functions. With multiple features","og_url":"https:\/\/secutron.com\/fr\/products\/mr-2300-series-lcd-display-fire-alarm-control-panels\/","og_site_name":"Secutron","article_modified_time":"2026-04-20T17:00:11+00:00","og_image":[{"width":900,"height":900,"url":"https:\/\/secutron.com\/wp-content\/uploads\/products\/MR-2300-Series-LCD.jpg","type":"image\/jpeg"}],"twitter_card":"summary_large_image","twitter_misc":{"Estimation du temps de lecture":"2 minutes"},"schema":{"@context":"https:\/\/schema.org","@graph":[{"@type":"WebPage","@id":"https:\/\/secutron.com\/products\/mr-2300-series-lcd-display-fire-alarm-control-panels\/","url":"https:\/\/secutron.com\/products\/mr-2300-series-lcd-display-fire-alarm-control-panels\/","name":"Panneaux de contr\u00f4le d'alarme incendie \u00e0 affichage LCD de la s\u00e9rie MR-2300 - Secutron","isPartOf":{"@id":"https:\/\/secutron.com\/#website"},"primaryImageOfPage":{"@id":"https:\/\/secutron.com\/products\/mr-2300-series-lcd-display-fire-alarm-control-panels\/#primaryimage"},"image":{"@id":"https:\/\/secutron.com\/products\/mr-2300-series-lcd-display-fire-alarm-control-panels\/#primaryimage"},"thumbnailUrl":"https:\/\/secutron.com\/wp-content\/uploads\/products\/MR-2300-Series-LCD.jpg","datePublished":"2023-02-09T18:57:53+00:00","dateModified":"2026-04-20T17:00:11+00:00","description":"Le MR-2320 de Secutron est un panneau de contr\u00f4le de d\u00e9verrouillage double qui offre une configuration facile pour diff\u00e9rentes fonctions de d\u00e9verrouillage. Avec de multiples caract\u00e9ristiques","breadcrumb":{"@id":"https:\/\/secutron.com\/products\/mr-2300-series-lcd-display-fire-alarm-control-panels\/#breadcrumb"},"inLanguage":"fr-CA","potentialAction":[{"@type":"ReadAction","target":["https:\/\/secutron.com\/products\/mr-2300-series-lcd-display-fire-alarm-control-panels\/"]}]},{"@type":"ImageObject","inLanguage":"fr-CA","@id":"https:\/\/secutron.com\/products\/mr-2300-series-lcd-display-fire-alarm-control-panels\/#primaryimage","url":"https:\/\/secutron.com\/wp-content\/uploads\/products\/MR-2300-Series-LCD.jpg","contentUrl":"https:\/\/secutron.com\/wp-content\/uploads\/products\/MR-2300-Series-LCD.jpg","width":900,"height":900,"caption":"MR-2300 Series LCD"},{"@type":"BreadcrumbList","@id":"https:\/\/secutron.com\/products\/mr-2300-series-lcd-display-fire-alarm-control-panels\/#breadcrumb","itemListElement":[{"@type":"ListItem","position":1,"name":"Home","item":"https:\/\/secutron.com\/"},{"@type":"ListItem","position":2,"name":"Shop","item":"https:\/\/secutron.com\/shop\/"},{"@type":"ListItem","position":3,"name":"MR-2300 Series LCD Display Fire Alarm Control Panels"}]},{"@type":"WebSite","@id":"https:\/\/secutron.com\/#website","url":"https:\/\/secutron.com\/","name":"Secutron","description":"","potentialAction":[{"@type":"SearchAction","target":{"@type":"EntryPoint","urlTemplate":"https:\/\/secutron.com\/?s={search_term_string}"},"query-input":{"@type":"PropertyValueSpecification","valueRequired":true,"valueName":"search_term_string"}}],"inLanguage":"fr-CA"}]}},"_links":{"self":[{"href":"https:\/\/secutron.com\/fr\/wp-json\/wp\/v2\/product\/2017","targetHints":{"allow":["GET"]}}],"collection":[{"href":"https:\/\/secutron.com\/fr\/wp-json\/wp\/v2\/product"}],"about":[{"href":"https:\/\/secutron.com\/fr\/wp-json\/wp\/v2\/types\/product"}],"version-history":[{"count":5,"href":"https:\/\/secutron.com\/fr\/wp-json\/wp\/v2\/product\/2017\/revisions"}],"predecessor-version":[{"id":4216,"href":"https:\/\/secutron.com\/fr\/wp-json\/wp\/v2\/product\/2017\/revisions\/4216"}],"wp:featuredmedia":[{"embeddable":true,"href":"https:\/\/secutron.com\/fr\/wp-json\/wp\/v2\/media\/2039"}],"wp:attachment":[{"href":"https:\/\/secutron.com\/fr\/wp-json\/wp\/v2\/media?parent=2017"}],"wp:term":[{"taxonomy":"product_brand","embeddable":true,"href":"https:\/\/secutron.com\/fr\/wp-json\/wp\/v2\/product_brand?post=2017"},{"taxonomy":"product_cat","embeddable":true,"href":"https:\/\/secutron.com\/fr\/wp-json\/wp\/v2\/product_cat?post=2017"},{"taxonomy":"product_tag","embeddable":true,"href":"https:\/\/secutron.com\/fr\/wp-json\/wp\/v2\/product_tag?post=2017"}],"curies":[{"name":"wp","href":"https:\/\/api.w.org\/{rel}","templated":true}]}}