{"id":2015,"date":"2023-02-09T13:44:11","date_gmt":"2023-02-09T18:44:11","guid":{"rendered":"https:\/\/secutron.com\/?post_type=product&#038;p=2015"},"modified":"2026-04-20T13:02:34","modified_gmt":"2026-04-20T17:02:34","slug":"mr-2300-series-twelve-zone-led-display-fire-alarm-control-panels","status":"publish","type":"product","link":"https:\/\/secutron.com\/fr\/products\/mr-2300-series-twelve-zone-led-display-fire-alarm-control-panels\/","title":{"rendered":"Panneaux de contr\u00f4le d'alarme incendie \u00e0 affichage LED de la s\u00e9rie MR-2300"},"content":{"rendered":"<p>Les centrales d'alarme incendie de la s\u00e9rie MR-2300 se composent de mod\u00e8les \u00e0 huit et douze zones et sont \u00e9quip\u00e9es d'un \u00e9cran LED et d'un communicateur num\u00e9rique UDACT int\u00e9gr\u00e9 sur certains mod\u00e8les. La gamme MR-2300 comprend \u00e9galement des annonciateurs DEL et LCD \u00e0 distance, ainsi que des modules de relais \u00e0 distance.<\/p>\n<p>Les panneaux de la s\u00e9rie sont configurables par le clavier (\u00e0 l'aide de l'outil de configuration CFG-300) pour une programmation sur site ou par un PC pour une programmation sur site et \u00e0 distance. Faciles \u00e0 installer et simples \u00e0 utiliser et \u00e0 configurer, les panneaux de la s\u00e9rie MR-2300 permettent \u00e0 l'installateur de configurer le syst\u00e8me pour qu'il r\u00e9ponde \u00e0 ses besoins sp\u00e9cifiques.<\/p>\n<p>Tous les panneaux de la s\u00e9rie MR-2300 sont \u00e9quip\u00e9s d'une alimentation \u00e9lectrique de 5 amp\u00e8res, d'une alimentation en fum\u00e9e r\u00e9initialisable \u00e0 4 fils (300mA max.), d'une interface pour un indicateur de panne \u00e0 distance (RTI) et d'une interface RS-485 pour les annonciateurs LCD, les annonciateurs LED et les modules de relais \u00e0 distance.<\/p>\n<p>Les panneaux de la s\u00e9rie MR-2300 sont \u00e9quip\u00e9s d'une porte rouge, d'un bo\u00eetier noir, d'une serrure CAT-30 durable et d'une cl\u00e9, ainsi que d'un espace pour monter jusqu'\u00e0 12 batteries AH. Un anneau de finition est disponible en option pour un montage semi-encastr\u00e9.<\/p>\n<p><strong>Liste des agences<\/strong><\/p>\n<h4><img decoding=\"async\" class=\"alignnone wp-image-6901 ls-is-cached lazyloaded\" src=\"https:\/\/mircom.com\/wp-content\/uploads\/products\/ul.jpg\" alt=\"\" width=\"92\" height=\"92\" data-src=\"\/wp-content\/uploads\/products\/ul.jpg\" \/> <a href=\"https:\/\/secutron.com\/wp-content\/uploads\/products\/ulc-1.png\"><img decoding=\"async\" class=\"alignnone wp-image-3327\" src=\"https:\/\/secutron.com\/wp-content\/uploads\/products\/ulc-1.png\" alt=\"\" width=\"94\" height=\"73\" \/><\/a><img decoding=\"async\" class=\"wp-image-6946\" src=\"https:\/\/mircom.com\/wp-content\/uploads\/products\/mea-approved-logo.jpg\" alt=\"\" width=\"97\" height=\"73\" \/><img loading=\"lazy\" decoding=\"async\" class=\"alignnone size-full wp-image-1632\" src=\"https:\/\/secutron.com\/wp-content\/uploads\/csfm.jpg\" alt=\"\" width=\"120\" height=\"90\" \/><\/h4>","protected":false},"excerpt":{"rendered":"<p>Les panneaux de la s\u00e9rie MR-2300 sont id\u00e9aux pour les applications nouvelles ou de modernisation. Con\u00e7us pour les locaux commerciaux, institutionnels et industriels de petite et moyenne taille, ces panneaux sont puissants et r\u00e9pondent aux exigences actuelles en mati\u00e8re d'installation.<\/p>","protected":false},"featured_media":2044,"template":"","meta":{"_acf_changed":false,"om_disable_all_campaigns":false,"_monsterinsights_skip_tracking":false,"_monsterinsights_sitenote_active":false,"_monsterinsights_sitenote_note":"","_monsterinsights_sitenote_category":0,"footnotes":""},"product_brand":[],"product_cat":[40],"product_tag":[],"class_list":{"0":"post-2015","1":"product","2":"type-product","3":"status-publish","4":"has-post-thumbnail","6":"product_cat-conventional-fire-alarm-systems","8":"first","9":"instock","10":"shipping-taxable","11":"product-type-simple"},"acf":[],"yoast_head":"<!-- This site is optimized with the Yoast SEO plugin v27.5 - https:\/\/yoast.com\/product\/yoast-seo-wordpress\/ -->\n<title>MR-2300 Series LED Display Fire Alarm Control Panels - Secutron<\/title>\n<meta name=\"description\" content=\"MR-2300 Series LED Display Fire Alarm Control Panels, ideal for small to medium commercial, institutional, and industrial buildings. UL - Listed\" \/>\n<meta name=\"robots\" content=\"index, follow, max-snippet:-1, max-image-preview:large, max-video-preview:-1\" \/>\n<link rel=\"canonical\" href=\"https:\/\/secutron.com\/fr\/products\/mr-2300-series-twelve-zone-led-display-fire-alarm-control-panels\/\" \/>\n<meta property=\"og:locale\" content=\"fr_CA\" \/>\n<meta property=\"og:type\" content=\"article\" \/>\n<meta property=\"og:title\" content=\"MR-2300 Series LED Display Fire Alarm Control Panels - Secutron\" \/>\n<meta property=\"og:description\" content=\"MR-2300 Series LED Display Fire Alarm Control Panels, ideal for small to medium commercial, institutional, and industrial buildings. UL - Listed\" \/>\n<meta property=\"og:url\" content=\"https:\/\/secutron.com\/fr\/products\/mr-2300-series-twelve-zone-led-display-fire-alarm-control-panels\/\" \/>\n<meta property=\"og:site_name\" content=\"Secutron\" \/>\n<meta property=\"article:modified_time\" content=\"2026-04-20T17:02:34+00:00\" \/>\n<meta property=\"og:image\" content=\"https:\/\/secutron.com\/wp-content\/uploads\/products\/MR-2300-Series-LED.jpg\" \/>\n\t<meta property=\"og:image:width\" content=\"1416\" \/>\n\t<meta property=\"og:image:height\" content=\"1314\" \/>\n\t<meta property=\"og:image:type\" content=\"image\/jpeg\" \/>\n<meta name=\"twitter:card\" content=\"summary_large_image\" \/>\n<meta name=\"twitter:label1\" content=\"Estimation du temps de lecture\" \/>\n\t<meta name=\"twitter:data1\" content=\"2 minutes\" \/>\n<script type=\"application\/ld+json\" class=\"yoast-schema-graph\">{\"@context\":\"https:\\\/\\\/schema.org\",\"@graph\":[{\"@type\":\"WebPage\",\"@id\":\"https:\\\/\\\/secutron.com\\\/products\\\/mr-2300-series-twelve-zone-led-display-fire-alarm-control-panels\\\/\",\"url\":\"https:\\\/\\\/secutron.com\\\/products\\\/mr-2300-series-twelve-zone-led-display-fire-alarm-control-panels\\\/\",\"name\":\"MR-2300 Series LED Display Fire Alarm Control Panels - Secutron\",\"isPartOf\":{\"@id\":\"https:\\\/\\\/secutron.com\\\/#website\"},\"primaryImageOfPage\":{\"@id\":\"https:\\\/\\\/secutron.com\\\/products\\\/mr-2300-series-twelve-zone-led-display-fire-alarm-control-panels\\\/#primaryimage\"},\"image\":{\"@id\":\"https:\\\/\\\/secutron.com\\\/products\\\/mr-2300-series-twelve-zone-led-display-fire-alarm-control-panels\\\/#primaryimage\"},\"thumbnailUrl\":\"https:\\\/\\\/secutron.com\\\/wp-content\\\/uploads\\\/products\\\/MR-2300-Series-LED.jpg\",\"datePublished\":\"2023-02-09T18:44:11+00:00\",\"dateModified\":\"2026-04-20T17:02:34+00:00\",\"description\":\"MR-2300 Series LED Display Fire Alarm Control Panels, ideal for small to medium commercial, institutional, and industrial buildings. UL - Listed\",\"breadcrumb\":{\"@id\":\"https:\\\/\\\/secutron.com\\\/products\\\/mr-2300-series-twelve-zone-led-display-fire-alarm-control-panels\\\/#breadcrumb\"},\"inLanguage\":\"fr-CA\",\"potentialAction\":[{\"@type\":\"ReadAction\",\"target\":[\"https:\\\/\\\/secutron.com\\\/products\\\/mr-2300-series-twelve-zone-led-display-fire-alarm-control-panels\\\/\"]}]},{\"@type\":\"ImageObject\",\"inLanguage\":\"fr-CA\",\"@id\":\"https:\\\/\\\/secutron.com\\\/products\\\/mr-2300-series-twelve-zone-led-display-fire-alarm-control-panels\\\/#primaryimage\",\"url\":\"https:\\\/\\\/secutron.com\\\/wp-content\\\/uploads\\\/products\\\/MR-2300-Series-LED.jpg\",\"contentUrl\":\"https:\\\/\\\/secutron.com\\\/wp-content\\\/uploads\\\/products\\\/MR-2300-Series-LED.jpg\",\"width\":1416,\"height\":1314,\"caption\":\"MR-2300 Series LED\"},{\"@type\":\"BreadcrumbList\",\"@id\":\"https:\\\/\\\/secutron.com\\\/products\\\/mr-2300-series-twelve-zone-led-display-fire-alarm-control-panels\\\/#breadcrumb\",\"itemListElement\":[{\"@type\":\"ListItem\",\"position\":1,\"name\":\"Home\",\"item\":\"https:\\\/\\\/secutron.com\\\/\"},{\"@type\":\"ListItem\",\"position\":2,\"name\":\"Shop\",\"item\":\"https:\\\/\\\/secutron.com\\\/shop\\\/\"},{\"@type\":\"ListItem\",\"position\":3,\"name\":\"MR-2300 Series LED Display Fire Alarm Control Panels\"}]},{\"@type\":\"WebSite\",\"@id\":\"https:\\\/\\\/secutron.com\\\/#website\",\"url\":\"https:\\\/\\\/secutron.com\\\/\",\"name\":\"Secutron\",\"description\":\"\",\"potentialAction\":[{\"@type\":\"SearchAction\",\"target\":{\"@type\":\"EntryPoint\",\"urlTemplate\":\"https:\\\/\\\/secutron.com\\\/?s={search_term_string}\"},\"query-input\":{\"@type\":\"PropertyValueSpecification\",\"valueRequired\":true,\"valueName\":\"search_term_string\"}}],\"inLanguage\":\"fr-CA\"}]}<\/script>\n<!-- \/ Yoast SEO plugin. -->","yoast_head_json":{"title":"Panneaux de contr\u00f4le d'alarme incendie \u00e0 affichage LED de la s\u00e9rie MR-2300 - Secutron","description":"Les centrales d'alarme incendie \u00e0 affichage LED de la s\u00e9rie MR-2300 sont id\u00e9ales pour les b\u00e2timents commerciaux, institutionnels et industriels de petite et moyenne taille. Homologu\u00e9 UL","robots":{"index":"index","follow":"follow","max-snippet":"max-snippet:-1","max-image-preview":"max-image-preview:large","max-video-preview":"max-video-preview:-1"},"canonical":"https:\/\/secutron.com\/fr\/products\/mr-2300-series-twelve-zone-led-display-fire-alarm-control-panels\/","og_locale":"fr_CA","og_type":"article","og_title":"MR-2300 Series LED Display Fire Alarm Control Panels - Secutron","og_description":"MR-2300 Series LED Display Fire Alarm Control Panels, ideal for small to medium commercial, institutional, and industrial buildings. UL - Listed","og_url":"https:\/\/secutron.com\/fr\/products\/mr-2300-series-twelve-zone-led-display-fire-alarm-control-panels\/","og_site_name":"Secutron","article_modified_time":"2026-04-20T17:02:34+00:00","og_image":[{"width":1416,"height":1314,"url":"https:\/\/secutron.com\/wp-content\/uploads\/products\/MR-2300-Series-LED.jpg","type":"image\/jpeg"}],"twitter_card":"summary_large_image","twitter_misc":{"Estimation du temps de lecture":"2 minutes"},"schema":{"@context":"https:\/\/schema.org","@graph":[{"@type":"WebPage","@id":"https:\/\/secutron.com\/products\/mr-2300-series-twelve-zone-led-display-fire-alarm-control-panels\/","url":"https:\/\/secutron.com\/products\/mr-2300-series-twelve-zone-led-display-fire-alarm-control-panels\/","name":"Panneaux de contr\u00f4le d'alarme incendie \u00e0 affichage LED de la s\u00e9rie MR-2300 - Secutron","isPartOf":{"@id":"https:\/\/secutron.com\/#website"},"primaryImageOfPage":{"@id":"https:\/\/secutron.com\/products\/mr-2300-series-twelve-zone-led-display-fire-alarm-control-panels\/#primaryimage"},"image":{"@id":"https:\/\/secutron.com\/products\/mr-2300-series-twelve-zone-led-display-fire-alarm-control-panels\/#primaryimage"},"thumbnailUrl":"https:\/\/secutron.com\/wp-content\/uploads\/products\/MR-2300-Series-LED.jpg","datePublished":"2023-02-09T18:44:11+00:00","dateModified":"2026-04-20T17:02:34+00:00","description":"Les centrales d'alarme incendie \u00e0 affichage LED de la s\u00e9rie MR-2300 sont id\u00e9ales pour les b\u00e2timents commerciaux, institutionnels et industriels de petite et moyenne taille. Homologu\u00e9 UL","breadcrumb":{"@id":"https:\/\/secutron.com\/products\/mr-2300-series-twelve-zone-led-display-fire-alarm-control-panels\/#breadcrumb"},"inLanguage":"fr-CA","potentialAction":[{"@type":"ReadAction","target":["https:\/\/secutron.com\/products\/mr-2300-series-twelve-zone-led-display-fire-alarm-control-panels\/"]}]},{"@type":"ImageObject","inLanguage":"fr-CA","@id":"https:\/\/secutron.com\/products\/mr-2300-series-twelve-zone-led-display-fire-alarm-control-panels\/#primaryimage","url":"https:\/\/secutron.com\/wp-content\/uploads\/products\/MR-2300-Series-LED.jpg","contentUrl":"https:\/\/secutron.com\/wp-content\/uploads\/products\/MR-2300-Series-LED.jpg","width":1416,"height":1314,"caption":"MR-2300 Series LED"},{"@type":"BreadcrumbList","@id":"https:\/\/secutron.com\/products\/mr-2300-series-twelve-zone-led-display-fire-alarm-control-panels\/#breadcrumb","itemListElement":[{"@type":"ListItem","position":1,"name":"Home","item":"https:\/\/secutron.com\/"},{"@type":"ListItem","position":2,"name":"Shop","item":"https:\/\/secutron.com\/shop\/"},{"@type":"ListItem","position":3,"name":"MR-2300 Series LED Display Fire Alarm Control Panels"}]},{"@type":"WebSite","@id":"https:\/\/secutron.com\/#website","url":"https:\/\/secutron.com\/","name":"Secutron","description":"","potentialAction":[{"@type":"SearchAction","target":{"@type":"EntryPoint","urlTemplate":"https:\/\/secutron.com\/?s={search_term_string}"},"query-input":{"@type":"PropertyValueSpecification","valueRequired":true,"valueName":"search_term_string"}}],"inLanguage":"fr-CA"}]}},"_links":{"self":[{"href":"https:\/\/secutron.com\/fr\/wp-json\/wp\/v2\/product\/2015","targetHints":{"allow":["GET"]}}],"collection":[{"href":"https:\/\/secutron.com\/fr\/wp-json\/wp\/v2\/product"}],"about":[{"href":"https:\/\/secutron.com\/fr\/wp-json\/wp\/v2\/types\/product"}],"version-history":[{"count":6,"href":"https:\/\/secutron.com\/fr\/wp-json\/wp\/v2\/product\/2015\/revisions"}],"predecessor-version":[{"id":4218,"href":"https:\/\/secutron.com\/fr\/wp-json\/wp\/v2\/product\/2015\/revisions\/4218"}],"wp:featuredmedia":[{"embeddable":true,"href":"https:\/\/secutron.com\/fr\/wp-json\/wp\/v2\/media\/2044"}],"wp:attachment":[{"href":"https:\/\/secutron.com\/fr\/wp-json\/wp\/v2\/media?parent=2015"}],"wp:term":[{"taxonomy":"product_brand","embeddable":true,"href":"https:\/\/secutron.com\/fr\/wp-json\/wp\/v2\/product_brand?post=2015"},{"taxonomy":"product_cat","embeddable":true,"href":"https:\/\/secutron.com\/fr\/wp-json\/wp\/v2\/product_cat?post=2015"},{"taxonomy":"product_tag","embeddable":true,"href":"https:\/\/secutron.com\/fr\/wp-json\/wp\/v2\/product_tag?post=2015"}],"curies":[{"name":"wp","href":"https:\/\/api.w.org\/{rel}","templated":true}]}}