{"id":1614,"date":"2022-10-20T17:04:13","date_gmt":"2022-10-20T21:04:13","guid":{"rendered":"https:\/\/secutron.com\/?post_type=product&#038;p=1614"},"modified":"2025-04-01T17:02:26","modified_gmt":"2025-04-01T21:02:26","slug":"spkc-w-trim-plate-adapter-kit","status":"publish","type":"product","link":"https:\/\/secutron.com\/fr\/products\/spkc-w-trim-plate-adapter-kit\/","title":{"rendered":"SPKC-W Kit plaque d'habillage\/adaptateur"},"content":{"rendered":"<p><span class=\"TextRun BCX0 SCXP5566878\" lang=\"EN-US\" xml:lang=\"EN-US\" data-usefontface=\"false\" data-contrast=\"none\"><span class=\"NormalTextRun BCX0 SCXP5566878\">SPKC-W <\/span><\/span>Le kit de plaque de finition\/adaptateur est con\u00e7u pour une utilisation \u00e0 l'int\u00e9rieur et permet l'utilisation d'une bo\u00eete d'encastrement standard de 4\u2033 dans les applications de modernisation.<\/p>\n<h2>Caract\u00e9ristiques<\/h2>\n<ul style=\"font-weight: 400;\">\n<li data-charcodes=\"252\" data-font=\"Wingdings,Sans-Serif\" data-buautonum=\"8\" data-margin=\"450\" data-aria-posinset=\"3\" data-aria-level=\"1\"><span data-usefontface=\"false\" data-contrast=\"none\">Conception esth\u00e9tique\u00a0<\/span><\/li>\n<li data-charcodes=\"252\" data-font=\"Wingdings,Sans-Serif\" data-buautonum=\"8\" data-margin=\"450\" data-aria-posinset=\"5\" data-aria-level=\"1\"><span data-usefontface=\"false\" data-contrast=\"none\">Le <span class=\"TextRun BCX0 SCXP5566878\" lang=\"EN-US\" xml:lang=\"EN-US\" data-usefontface=\"false\" data-contrast=\"none\"><span class=\"NormalTextRun BCX0 SCXP5566878\">SPKC-W <\/span><\/span>La plaque d'habillage \/ kit d'adaptation n'est propos\u00e9e qu'en blanc.\u00a0<\/span><\/li>\n<li data-charcodes=\"252\" data-font=\"Wingdings,Sans-Serif\" data-buautonum=\"8\" data-margin=\"450\" data-aria-posinset=\"8\" data-aria-level=\"1\"><span data-usefontface=\"false\" data-contrast=\"none\">Con\u00e7u pour les applications int\u00e9rieures de montage au plafond.<\/span><\/li>\n<li data-charcodes=\"252\" data-font=\"Wingdings,Sans-Serif\" data-buautonum=\"8\" data-margin=\"450\" data-aria-posinset=\"8\" data-aria-level=\"1\">Compatible avec tous les haut-parleurs et haut-parleurs\/stroboscopes SPP mont\u00e9s au plafond. Voir aussi <a href=\"https:\/\/secutron.com\/product-category\/notification-appliances\/audible-visual-devices\/spps-series\/\">Toutes les s\u00e9ries SPP<\/a> des appareils.<\/li>\n<li data-charcodes=\"252\" data-font=\"Wingdings,Sans-Serif\" data-buautonum=\"8\" data-margin=\"450\" data-aria-posinset=\"11\" data-aria-level=\"1\">Respecter toutes les exigences de l'agence, y compris la <span data-usefontface=\"false\" data-contrast=\"none\">de la norme NFPA 72.<\/span>\u200b<\/li>\n<li data-charcodes=\"252\" data-font=\"Wingdings,Sans-Serif\" data-buautonum=\"8\" data-margin=\"450\" data-aria-posinset=\"11\" data-aria-level=\"1\">Con\u00e7u pour r\u00e9pondre aux normes UL1480, UL1638 \/ ULC S541, ULC S526 <span data-usefontface=\"false\" data-contrast=\"none\">exigences relatives aux dispositifs de notification visuelle et sonore.<\/span><\/li>\n<\/ul>\n<h3><strong>Informations sur les commandes<\/strong><\/h3>\n<ul style=\"font-weight: 400;\">\n<li data-charcodes=\"252\" data-font=\"Wingdings,Sans-Serif\" data-buautonum=\"8\" data-margin=\"450\" data-aria-posinset=\"11\" data-aria-level=\"1\">SPKC-W : Plaque de finition \/ Kit d'adaptation<\/li>\n<\/ul>\n<h3><strong>Liste des agences :<\/strong><\/h3>\n<ul>\n<li>UL 1480<\/li>\n<li>UL 1638<\/li>\n<li>ULC S541<\/li>\n<li>ULC S526<\/li>\n<li>NFPA 72<\/li>\n<\/ul>\n<p><a href=\"https:\/\/secutron.com\/wp-content\/uploads\/products\/UL-ULC-CSFM-logo.png\"><img decoding=\"async\" class=\"alignnone wp-image-3926\" src=\"https:\/\/secutron.com\/wp-content\/uploads\/products\/UL-ULC-CSFM-logo.png\" alt=\"\" width=\"318\" height=\"116\" \/><\/a><\/p>","protected":false},"excerpt":{"rendered":"<p><span class=\"TextRun BCX0 SCXP5566878\" lang=\"EN-US\" xml:lang=\"EN-US\" data-usefontface=\"false\" data-contrast=\"none\"><span class=\"NormalTextRun BCX0 SCXP5566878\">SPKC-W <\/span><\/span>Le kit de plaque de finition\/adaptateur est con\u00e7u pour une utilisation \u00e0 l'int\u00e9rieur et permet l'utilisation d'une bo\u00eete d'encastrement standard de 4\u2033 dans les applications de modernisation.<\/p>","protected":false},"featured_media":1615,"template":"","meta":{"_acf_changed":false,"om_disable_all_campaigns":false,"_monsterinsights_skip_tracking":false,"_monsterinsights_sitenote_active":false,"_monsterinsights_sitenote_note":"","_monsterinsights_sitenote_category":0,"footnotes":""},"product_brand":[],"product_cat":[44,80],"product_tag":[],"class_list":{"0":"post-1614","1":"product","2":"type-product","3":"status-publish","4":"has-post-thumbnail","6":"product_cat-notification-appliances","7":"product_cat-spps-series","9":"first","10":"instock","11":"downloadable","12":"shipping-taxable","13":"product-type-simple"},"acf":[],"yoast_head":"<!-- This site is optimized with the Yoast SEO plugin v27.4 - https:\/\/yoast.com\/product\/yoast-seo-wordpress\/ -->\n<title>SPKC-W Trim Plate\/Adapter Kit - Secutron<\/title>\n<meta name=\"description\" content=\"Enhance the aesthetics of your indoor space with the SPKC-W Trim Plate\/Adapter Kit. Designed for ceiling mount applications, compatible with SPP series.\" \/>\n<meta name=\"robots\" content=\"index, follow, max-snippet:-1, max-image-preview:large, max-video-preview:-1\" \/>\n<link rel=\"canonical\" href=\"https:\/\/secutron.com\/fr\/products\/spkc-w-trim-plate-adapter-kit\/\" \/>\n<meta property=\"og:locale\" content=\"fr_CA\" \/>\n<meta property=\"og:type\" content=\"article\" \/>\n<meta property=\"og:title\" content=\"SPKC-W Trim Plate\/Adapter Kit - Secutron\" \/>\n<meta property=\"og:description\" content=\"Enhance the aesthetics of your indoor space with the SPKC-W Trim Plate\/Adapter Kit. Designed for ceiling mount applications, compatible with SPP series.\" \/>\n<meta property=\"og:url\" content=\"https:\/\/secutron.com\/fr\/products\/spkc-w-trim-plate-adapter-kit\/\" \/>\n<meta property=\"og:site_name\" content=\"Secutron\" \/>\n<meta property=\"article:modified_time\" content=\"2025-04-01T21:02:26+00:00\" \/>\n<meta property=\"og:image\" content=\"https:\/\/secutron.com\/wp-content\/uploads\/products\/SPKC-W.png\" \/>\n\t<meta property=\"og:image:width\" content=\"318\" \/>\n\t<meta property=\"og:image:height\" content=\"252\" \/>\n\t<meta property=\"og:image:type\" content=\"image\/png\" \/>\n<meta name=\"twitter:card\" content=\"summary_large_image\" \/>\n<meta name=\"twitter:label1\" content=\"Estimation du temps de lecture\" \/>\n\t<meta name=\"twitter:data1\" content=\"1 minute\" \/>\n<script type=\"application\/ld+json\" class=\"yoast-schema-graph\">{\"@context\":\"https:\\\/\\\/schema.org\",\"@graph\":[{\"@type\":\"WebPage\",\"@id\":\"https:\\\/\\\/secutron.com\\\/products\\\/spkc-w-trim-plate-adapter-kit\\\/\",\"url\":\"https:\\\/\\\/secutron.com\\\/products\\\/spkc-w-trim-plate-adapter-kit\\\/\",\"name\":\"SPKC-W Trim Plate\\\/Adapter Kit - Secutron\",\"isPartOf\":{\"@id\":\"https:\\\/\\\/secutron.com\\\/#website\"},\"primaryImageOfPage\":{\"@id\":\"https:\\\/\\\/secutron.com\\\/products\\\/spkc-w-trim-plate-adapter-kit\\\/#primaryimage\"},\"image\":{\"@id\":\"https:\\\/\\\/secutron.com\\\/products\\\/spkc-w-trim-plate-adapter-kit\\\/#primaryimage\"},\"thumbnailUrl\":\"https:\\\/\\\/secutron.com\\\/wp-content\\\/uploads\\\/products\\\/SPKC-W.png\",\"datePublished\":\"2022-10-20T21:04:13+00:00\",\"dateModified\":\"2025-04-01T21:02:26+00:00\",\"description\":\"Enhance the aesthetics of your indoor space with the SPKC-W Trim Plate\\\/Adapter Kit. Designed for ceiling mount applications, compatible with SPP series.\",\"breadcrumb\":{\"@id\":\"https:\\\/\\\/secutron.com\\\/products\\\/spkc-w-trim-plate-adapter-kit\\\/#breadcrumb\"},\"inLanguage\":\"fr-CA\",\"potentialAction\":[{\"@type\":\"ReadAction\",\"target\":[\"https:\\\/\\\/secutron.com\\\/products\\\/spkc-w-trim-plate-adapter-kit\\\/\"]}]},{\"@type\":\"ImageObject\",\"inLanguage\":\"fr-CA\",\"@id\":\"https:\\\/\\\/secutron.com\\\/products\\\/spkc-w-trim-plate-adapter-kit\\\/#primaryimage\",\"url\":\"https:\\\/\\\/secutron.com\\\/wp-content\\\/uploads\\\/products\\\/SPKC-W.png\",\"contentUrl\":\"https:\\\/\\\/secutron.com\\\/wp-content\\\/uploads\\\/products\\\/SPKC-W.png\",\"width\":318,\"height\":252},{\"@type\":\"BreadcrumbList\",\"@id\":\"https:\\\/\\\/secutron.com\\\/products\\\/spkc-w-trim-plate-adapter-kit\\\/#breadcrumb\",\"itemListElement\":[{\"@type\":\"ListItem\",\"position\":1,\"name\":\"Home\",\"item\":\"https:\\\/\\\/secutron.com\\\/\"},{\"@type\":\"ListItem\",\"position\":2,\"name\":\"Shop\",\"item\":\"https:\\\/\\\/secutron.com\\\/shop\\\/\"},{\"@type\":\"ListItem\",\"position\":3,\"name\":\"SPKC-W Trim Plate\\\/Adapter Kit\"}]},{\"@type\":\"WebSite\",\"@id\":\"https:\\\/\\\/secutron.com\\\/#website\",\"url\":\"https:\\\/\\\/secutron.com\\\/\",\"name\":\"Secutron\",\"description\":\"\",\"potentialAction\":[{\"@type\":\"SearchAction\",\"target\":{\"@type\":\"EntryPoint\",\"urlTemplate\":\"https:\\\/\\\/secutron.com\\\/?s={search_term_string}\"},\"query-input\":{\"@type\":\"PropertyValueSpecification\",\"valueRequired\":true,\"valueName\":\"search_term_string\"}}],\"inLanguage\":\"fr-CA\"}]}<\/script>\n<!-- \/ Yoast SEO plugin. -->","yoast_head_json":{"title":"SPKC-W Kit plaque d'habillage\/adaptateur - Secutron","description":"Am\u00e9liorez l'esth\u00e9tique de votre espace int\u00e9rieur avec le kit d'adaptateur\/plaque d'habillage SPKC-W. Con\u00e7u pour les applications de montage au plafond, compatible avec la s\u00e9rie SPP.","robots":{"index":"index","follow":"follow","max-snippet":"max-snippet:-1","max-image-preview":"max-image-preview:large","max-video-preview":"max-video-preview:-1"},"canonical":"https:\/\/secutron.com\/fr\/products\/spkc-w-trim-plate-adapter-kit\/","og_locale":"fr_CA","og_type":"article","og_title":"SPKC-W Trim Plate\/Adapter Kit - Secutron","og_description":"Enhance the aesthetics of your indoor space with the SPKC-W Trim Plate\/Adapter Kit. Designed for ceiling mount applications, compatible with SPP series.","og_url":"https:\/\/secutron.com\/fr\/products\/spkc-w-trim-plate-adapter-kit\/","og_site_name":"Secutron","article_modified_time":"2025-04-01T21:02:26+00:00","og_image":[{"width":318,"height":252,"url":"https:\/\/secutron.com\/wp-content\/uploads\/products\/SPKC-W.png","type":"image\/png"}],"twitter_card":"summary_large_image","twitter_misc":{"Estimation du temps de lecture":"1 minute"},"schema":{"@context":"https:\/\/schema.org","@graph":[{"@type":"WebPage","@id":"https:\/\/secutron.com\/products\/spkc-w-trim-plate-adapter-kit\/","url":"https:\/\/secutron.com\/products\/spkc-w-trim-plate-adapter-kit\/","name":"SPKC-W Kit plaque d'habillage\/adaptateur - Secutron","isPartOf":{"@id":"https:\/\/secutron.com\/#website"},"primaryImageOfPage":{"@id":"https:\/\/secutron.com\/products\/spkc-w-trim-plate-adapter-kit\/#primaryimage"},"image":{"@id":"https:\/\/secutron.com\/products\/spkc-w-trim-plate-adapter-kit\/#primaryimage"},"thumbnailUrl":"https:\/\/secutron.com\/wp-content\/uploads\/products\/SPKC-W.png","datePublished":"2022-10-20T21:04:13+00:00","dateModified":"2025-04-01T21:02:26+00:00","description":"Am\u00e9liorez l'esth\u00e9tique de votre espace int\u00e9rieur avec le kit d'adaptateur\/plaque d'habillage SPKC-W. Con\u00e7u pour les applications de montage au plafond, compatible avec la s\u00e9rie SPP.","breadcrumb":{"@id":"https:\/\/secutron.com\/products\/spkc-w-trim-plate-adapter-kit\/#breadcrumb"},"inLanguage":"fr-CA","potentialAction":[{"@type":"ReadAction","target":["https:\/\/secutron.com\/products\/spkc-w-trim-plate-adapter-kit\/"]}]},{"@type":"ImageObject","inLanguage":"fr-CA","@id":"https:\/\/secutron.com\/products\/spkc-w-trim-plate-adapter-kit\/#primaryimage","url":"https:\/\/secutron.com\/wp-content\/uploads\/products\/SPKC-W.png","contentUrl":"https:\/\/secutron.com\/wp-content\/uploads\/products\/SPKC-W.png","width":318,"height":252},{"@type":"BreadcrumbList","@id":"https:\/\/secutron.com\/products\/spkc-w-trim-plate-adapter-kit\/#breadcrumb","itemListElement":[{"@type":"ListItem","position":1,"name":"Home","item":"https:\/\/secutron.com\/"},{"@type":"ListItem","position":2,"name":"Shop","item":"https:\/\/secutron.com\/shop\/"},{"@type":"ListItem","position":3,"name":"SPKC-W Trim Plate\/Adapter Kit"}]},{"@type":"WebSite","@id":"https:\/\/secutron.com\/#website","url":"https:\/\/secutron.com\/","name":"Secutron","description":"","potentialAction":[{"@type":"SearchAction","target":{"@type":"EntryPoint","urlTemplate":"https:\/\/secutron.com\/?s={search_term_string}"},"query-input":{"@type":"PropertyValueSpecification","valueRequired":true,"valueName":"search_term_string"}}],"inLanguage":"fr-CA"}]}},"_links":{"self":[{"href":"https:\/\/secutron.com\/fr\/wp-json\/wp\/v2\/product\/1614","targetHints":{"allow":["GET"]}}],"collection":[{"href":"https:\/\/secutron.com\/fr\/wp-json\/wp\/v2\/product"}],"about":[{"href":"https:\/\/secutron.com\/fr\/wp-json\/wp\/v2\/types\/product"}],"version-history":[{"count":8,"href":"https:\/\/secutron.com\/fr\/wp-json\/wp\/v2\/product\/1614\/revisions"}],"predecessor-version":[{"id":3932,"href":"https:\/\/secutron.com\/fr\/wp-json\/wp\/v2\/product\/1614\/revisions\/3932"}],"wp:featuredmedia":[{"embeddable":true,"href":"https:\/\/secutron.com\/fr\/wp-json\/wp\/v2\/media\/1615"}],"wp:attachment":[{"href":"https:\/\/secutron.com\/fr\/wp-json\/wp\/v2\/media?parent=1614"}],"wp:term":[{"taxonomy":"product_brand","embeddable":true,"href":"https:\/\/secutron.com\/fr\/wp-json\/wp\/v2\/product_brand?post=1614"},{"taxonomy":"product_cat","embeddable":true,"href":"https:\/\/secutron.com\/fr\/wp-json\/wp\/v2\/product_cat?post=1614"},{"taxonomy":"product_tag","embeddable":true,"href":"https:\/\/secutron.com\/fr\/wp-json\/wp\/v2\/product_tag?post=1614"}],"curies":[{"name":"wp","href":"https:\/\/api.w.org\/{rel}","templated":true}]}}