{"id":1612,"date":"2022-10-20T16:57:15","date_gmt":"2022-10-20T20:57:15","guid":{"rendered":"https:\/\/secutron.com\/?post_type=product&#038;p=1612"},"modified":"2025-04-28T15:29:49","modified_gmt":"2025-04-28T19:29:49","slug":"spp-204-wall-speakers-strobes","status":"publish","type":"product","link":"https:\/\/secutron.com\/fr\/products\/spp-204-wall-speakers-strobes\/","title":{"rendered":"SPPS-204 Stroboscopes \u00e0 haut-parleur mural"},"content":{"rendered":"<p><span class=\"TextRun BCX0 SCXP5566878\" lang=\"EN-US\" xml:lang=\"EN-US\" data-usefontface=\"false\" data-contrast=\"none\"><span class=\"NormalTextRun BCX0 SCXP5566878\">Les haut-parleurs\/stroboscopes muraux SPPS-204 sont<span class=\"TextRun BCX0 SCXP32782145\" lang=\"EN-US\" xml:lang=\"EN-US\" data-usefontface=\"false\" data-contrast=\"none\"><span class=\"NormalTextRun BCX0 SCXP32782145\"> la meilleure solution audiovisuelle qui offre une efficacit\u00e9 exceptionnelle dans un environnement <\/span><\/span><span class=\"TextRun BCX0 SCXP32782145\" lang=\"EN-US\" xml:lang=\"EN-US\" data-usefontface=\"false\" data-contrast=\"none\"><span class=\"NormalTextRun BCX0 SCXP32782145\">conception compacte.<\/span><\/span><\/span><\/span><\/p>\n<h4>CARACT\u00c9RISTIQUES DU SPPS-204<\/h4>\n<ul style=\"font-weight: 400;\">\n<li data-charcodes=\"252\" data-font=\"Wingdings,Sans-Serif\" data-buautonum=\"8\" data-margin=\"450\" data-aria-posinset=\"3\" data-aria-level=\"1\"><span data-usefontface=\"false\" data-contrast=\"none\">Design esth\u00e9tique et discret 6\u2033L x 6\u2033W x 3.45\u2033D<\/span>\u200b<\/li>\n<li data-charcodes=\"252\" data-font=\"Wingdings,Sans-Serif\" data-buautonum=\"8\" data-margin=\"450\" data-aria-posinset=\"5\" data-aria-level=\"1\"><span data-usefontface=\"false\" data-contrast=\"none\">Les haut-parleurs\/stroboscopes muraux SPPS-204 sont propos\u00e9s en rouge ou en blanc, <\/span><span data-usefontface=\"false\" data-contrast=\"none\">avec des options 25V et 70V pour une flexibilit\u00e9 maximale des projets<\/span>\u200b<\/li>\n<li data-charcodes=\"252\" data-font=\"Wingdings,Sans-Serif\" data-buautonum=\"8\" data-margin=\"450\" data-aria-posinset=\"5\" data-aria-level=\"1\">La technologie LED avanc\u00e9e permet une consommation de courant sup\u00e9rieure<\/li>\n<li data-charcodes=\"252\" data-font=\"Wingdings,Sans-Serif\" data-buautonum=\"8\" data-margin=\"450\" data-aria-posinset=\"5\" data-aria-level=\"1\">R\u00e9glages de la candela s\u00e9lectionnables sur le terrain : 15, 30, 75, 110, 185, 15\/75 cd<\/li>\n<li data-charcodes=\"252\" data-font=\"Wingdings,Sans-Serif\" data-buautonum=\"8\" data-margin=\"450\" data-aria-posinset=\"6\" data-aria-level=\"1\"><span data-usefontface=\"false\" data-contrast=\"none\">Aspect similaire des mod\u00e8les de haut-parleurs et de haut-parleurs\/stroboscopes pour une apparence architecturale coh\u00e9rente<\/span>\u200b<\/li>\n<li data-charcodes=\"252\" data-font=\"Wingdings,Sans-Serif\" data-buautonum=\"8\" data-margin=\"450\" data-aria-posinset=\"8\" data-aria-level=\"1\"><span data-usefontface=\"false\" data-contrast=\"none\">Con\u00e7u pour les applications int\u00e9rieures de montage mural.<\/span>\u200b<\/li>\n<li data-charcodes=\"252\" data-font=\"Wingdings,Sans-Serif\" data-buautonum=\"8\" data-margin=\"450\" data-aria-posinset=\"1\" data-aria-level=\"1\"><span data-usefontface=\"false\" data-contrast=\"none\">R\u00e9glage de la puissance des haut-parleurs :<\/span>\u200b <span data-usefontface=\"false\" data-contrast=\"none\">\u00bc, \u00bd, 1, 2 W<\/span><\/li>\n<li data-charcodes=\"252\" data-font=\"Wingdings,Sans-Serif\" data-buautonum=\"8\" data-margin=\"450\" data-aria-posinset=\"1\" data-aria-level=\"1\">Temp\u00e9rature de fonctionnement de 0\u00b0C \u00e0 50\u00b0 (32\u00b0F \u00e0 122\u00b0F)<\/li>\n<li data-charcodes=\"252\" data-font=\"Wingdings,Sans-Serif\" data-buautonum=\"8\" data-margin=\"450\" data-aria-posinset=\"1\" data-aria-level=\"1\">Courant efficace de fonctionnement de la stroboscopie de 33mA \u00e0 15 Candela<\/li>\n<li data-charcodes=\"252\" data-font=\"Wingdings,Sans-Serif\" data-buautonum=\"8\" data-margin=\"450\" data-aria-posinset=\"11\" data-aria-level=\"1\"><span data-usefontface=\"false\" data-contrast=\"none\">Permet une plus grande capacit\u00e9 de dispositifs de notification par circuit<\/span><\/li>\n<li><span data-usefontface=\"false\" data-contrast=\"none\">Facilite les exigences en mati\u00e8re d'alimentation \u00e9lectrique externe.<\/span>\u200b<\/li>\n<li><span data-usefontface=\"false\" data-contrast=\"none\">Insertions en plastique en plusieurs langues incluses avec les enceintes <\/span><span data-usefontface=\"false\" data-contrast=\"none\">(anglais\/fran\u00e7ais\/espagnol)<\/span><\/li>\n<li>Am\u00e9liorez la communication en cas d'urgence avec les mod\u00e8les blancs dot\u00e9s d'un encart \"ALERT\".<\/li>\n<li data-charcodes=\"252\" data-font=\"Wingdings,Sans-Serif\" data-buautonum=\"8\" data-margin=\"450\" data-aria-posinset=\"11\" data-aria-level=\"1\">Module de synchronisation disponible en option pour une compatibilit\u00e9 avec n'importe quel FACU ou PSU UL\/ULC<\/li>\n<\/ul>\n<h4>INFORMATIONS SUR LES COMMANDES<\/h4>\n<ul>\n<li><strong>SPPS-204-25 :<\/strong> Haut-parleur\/stroboscope blanc pour montage mural, 25V<\/li>\n<li><strong>SPPS-204-25R :<\/strong> Haut-parleur\/stroboscope rouge pour montage mural, 25V<\/li>\n<li><strong>SPPS-204-70 :<\/strong> Haut-parleur\/stroboscope blanc pour montage mural, 70V<\/li>\n<li><strong>SPPS-204-70R :<\/strong> Haut-parleur\/stroboscope rouge pour montage mural, 70V<\/li>\n<\/ul>\n<h4>LISTES D'AGENCES<\/h4>\n<ul>\n<li>UL 1971<\/li>\n<li>UL 1638<\/li>\n<li>UL 1480<\/li>\n<li>ULC S541<\/li>\n<li>ULC S526<\/li>\n<li>NFPA 72<\/li>\n<\/ul>\n<h4><a href=\"https:\/\/secutron.com\/wp-content\/uploads\/products\/UL-ULC-CSFM-logo.png\"><img decoding=\"async\" class=\"alignnone wp-image-3926\" src=\"https:\/\/secutron.com\/wp-content\/uploads\/products\/UL-ULC-CSFM-logo.png\" alt=\"\" width=\"318\" height=\"116\" \/><\/a><a href=\"https:\/\/secutron.com\/wp-content\/uploads\/products\/fm.jpg\"><img decoding=\"async\" class=\"alignnone size-full wp-image-3084\" src=\"https:\/\/secutron.com\/wp-content\/uploads\/products\/fm.jpg\" alt=\"\" width=\"120\" height=\"90\" \/><\/a><\/h4>","protected":false},"excerpt":{"rendered":"<p><span class=\"TextRun BCX0 SCXP5566878\" lang=\"EN-US\" xml:lang=\"EN-US\" data-usefontface=\"false\" data-contrast=\"none\"><span class=\"NormalTextRun BCX0 SCXP5566878\">Les haut-parleurs\/stroboscopes muraux SPPS-204 sont<span class=\"TextRun BCX0 SCXP32782145\" lang=\"EN-US\" xml:lang=\"EN-US\" data-usefontface=\"false\" data-contrast=\"none\"><span class=\"NormalTextRun BCX0 SCXP32782145\"> la meilleure solution audio qui offre une efficacit\u00e9 exceptionnelle dans une <\/span><\/span><span class=\"TextRun BCX0 SCXP32782145\" lang=\"EN-US\" xml:lang=\"EN-US\" data-usefontface=\"false\" data-contrast=\"none\"><span class=\"NormalTextRun BCX0 SCXP32782145\">conception compacte.<\/span><\/span><\/span><\/span><\/p>","protected":false},"featured_media":1613,"template":"","meta":{"_acf_changed":false,"om_disable_all_campaigns":false,"_monsterinsights_skip_tracking":false,"_monsterinsights_sitenote_active":false,"_monsterinsights_sitenote_note":"","_monsterinsights_sitenote_category":0,"footnotes":""},"product_brand":[],"product_cat":[44,80],"product_tag":[],"class_list":{"0":"post-1612","1":"product","2":"type-product","3":"status-publish","4":"has-post-thumbnail","6":"product_cat-notification-appliances","7":"product_cat-spps-series","9":"first","10":"instock","11":"downloadable","12":"shipping-taxable","13":"product-type-simple"},"acf":[],"yoast_head":"<!-- This site is optimized with the Yoast SEO plugin v27.4 - https:\/\/yoast.com\/product\/yoast-seo-wordpress\/ -->\n<title>SPPS-204 Wall Speaker Strobes - Secutron<\/title>\n<meta name=\"description\" content=\"SPPS-204 Wall Speaker\/Strobes. These aesthetically pleasing, low-profile devices offer maximum project flexibility with 25V and 70V options. UL-ULC Listed\" \/>\n<meta name=\"robots\" content=\"index, follow, max-snippet:-1, max-image-preview:large, max-video-preview:-1\" \/>\n<link rel=\"canonical\" href=\"https:\/\/secutron.com\/fr\/products\/spp-204-wall-speakers-strobes\/\" \/>\n<meta property=\"og:locale\" content=\"fr_CA\" \/>\n<meta property=\"og:type\" content=\"article\" \/>\n<meta property=\"og:title\" content=\"SPPS-204 Wall Speaker Strobes - Secutron\" \/>\n<meta property=\"og:description\" content=\"SPPS-204 Wall Speaker\/Strobes. These aesthetically pleasing, low-profile devices offer maximum project flexibility with 25V and 70V options. UL-ULC Listed\" \/>\n<meta property=\"og:url\" content=\"https:\/\/secutron.com\/fr\/products\/spp-204-wall-speakers-strobes\/\" \/>\n<meta property=\"og:site_name\" content=\"Secutron\" \/>\n<meta property=\"article:modified_time\" content=\"2025-04-28T19:29:49+00:00\" \/>\n<meta property=\"og:image\" content=\"https:\/\/secutron.com\/wp-content\/uploads\/products\/SPPS-204.png\" \/>\n\t<meta property=\"og:image:width\" content=\"443\" \/>\n\t<meta property=\"og:image:height\" content=\"384\" \/>\n\t<meta property=\"og:image:type\" content=\"image\/png\" \/>\n<meta name=\"twitter:card\" content=\"summary_large_image\" \/>\n<meta name=\"twitter:label1\" content=\"Estimation du temps de lecture\" \/>\n\t<meta name=\"twitter:data1\" content=\"2 minutes\" \/>\n<script type=\"application\/ld+json\" class=\"yoast-schema-graph\">{\"@context\":\"https:\\\/\\\/schema.org\",\"@graph\":[{\"@type\":\"WebPage\",\"@id\":\"https:\\\/\\\/secutron.com\\\/products\\\/spp-204-wall-speakers-strobes\\\/\",\"url\":\"https:\\\/\\\/secutron.com\\\/products\\\/spp-204-wall-speakers-strobes\\\/\",\"name\":\"SPPS-204 Wall Speaker Strobes - Secutron\",\"isPartOf\":{\"@id\":\"https:\\\/\\\/secutron.com\\\/#website\"},\"primaryImageOfPage\":{\"@id\":\"https:\\\/\\\/secutron.com\\\/products\\\/spp-204-wall-speakers-strobes\\\/#primaryimage\"},\"image\":{\"@id\":\"https:\\\/\\\/secutron.com\\\/products\\\/spp-204-wall-speakers-strobes\\\/#primaryimage\"},\"thumbnailUrl\":\"https:\\\/\\\/secutron.com\\\/wp-content\\\/uploads\\\/products\\\/SPPS-204.png\",\"datePublished\":\"2022-10-20T20:57:15+00:00\",\"dateModified\":\"2025-04-28T19:29:49+00:00\",\"description\":\"SPPS-204 Wall Speaker\\\/Strobes. These aesthetically pleasing, low-profile devices offer maximum project flexibility with 25V and 70V options. UL-ULC Listed\",\"breadcrumb\":{\"@id\":\"https:\\\/\\\/secutron.com\\\/products\\\/spp-204-wall-speakers-strobes\\\/#breadcrumb\"},\"inLanguage\":\"fr-CA\",\"potentialAction\":[{\"@type\":\"ReadAction\",\"target\":[\"https:\\\/\\\/secutron.com\\\/products\\\/spp-204-wall-speakers-strobes\\\/\"]}]},{\"@type\":\"ImageObject\",\"inLanguage\":\"fr-CA\",\"@id\":\"https:\\\/\\\/secutron.com\\\/products\\\/spp-204-wall-speakers-strobes\\\/#primaryimage\",\"url\":\"https:\\\/\\\/secutron.com\\\/wp-content\\\/uploads\\\/products\\\/SPPS-204.png\",\"contentUrl\":\"https:\\\/\\\/secutron.com\\\/wp-content\\\/uploads\\\/products\\\/SPPS-204.png\",\"width\":443,\"height\":384},{\"@type\":\"BreadcrumbList\",\"@id\":\"https:\\\/\\\/secutron.com\\\/products\\\/spp-204-wall-speakers-strobes\\\/#breadcrumb\",\"itemListElement\":[{\"@type\":\"ListItem\",\"position\":1,\"name\":\"Home\",\"item\":\"https:\\\/\\\/secutron.com\\\/\"},{\"@type\":\"ListItem\",\"position\":2,\"name\":\"Shop\",\"item\":\"https:\\\/\\\/secutron.com\\\/shop\\\/\"},{\"@type\":\"ListItem\",\"position\":3,\"name\":\"SPPS-204 Wall Speaker Strobes\"}]},{\"@type\":\"WebSite\",\"@id\":\"https:\\\/\\\/secutron.com\\\/#website\",\"url\":\"https:\\\/\\\/secutron.com\\\/\",\"name\":\"Secutron\",\"description\":\"\",\"potentialAction\":[{\"@type\":\"SearchAction\",\"target\":{\"@type\":\"EntryPoint\",\"urlTemplate\":\"https:\\\/\\\/secutron.com\\\/?s={search_term_string}\"},\"query-input\":{\"@type\":\"PropertyValueSpecification\",\"valueRequired\":true,\"valueName\":\"search_term_string\"}}],\"inLanguage\":\"fr-CA\"}]}<\/script>\n<!-- \/ Yoast SEO plugin. -->","yoast_head_json":{"title":"SPPS-204 Stroboscopes \u00e0 haut-parleur mural - Secutron","description":"Haut-parleurs\/stroboscopes muraux SPPS-204. Ces appareils esth\u00e9tiques et discrets offrent une flexibilit\u00e9 maximale pour les projets gr\u00e2ce aux options 25V et 70V. Homologu\u00e9 UL-ULC","robots":{"index":"index","follow":"follow","max-snippet":"max-snippet:-1","max-image-preview":"max-image-preview:large","max-video-preview":"max-video-preview:-1"},"canonical":"https:\/\/secutron.com\/fr\/products\/spp-204-wall-speakers-strobes\/","og_locale":"fr_CA","og_type":"article","og_title":"SPPS-204 Wall Speaker Strobes - Secutron","og_description":"SPPS-204 Wall Speaker\/Strobes. These aesthetically pleasing, low-profile devices offer maximum project flexibility with 25V and 70V options. UL-ULC Listed","og_url":"https:\/\/secutron.com\/fr\/products\/spp-204-wall-speakers-strobes\/","og_site_name":"Secutron","article_modified_time":"2025-04-28T19:29:49+00:00","og_image":[{"width":443,"height":384,"url":"https:\/\/secutron.com\/wp-content\/uploads\/products\/SPPS-204.png","type":"image\/png"}],"twitter_card":"summary_large_image","twitter_misc":{"Estimation du temps de lecture":"2 minutes"},"schema":{"@context":"https:\/\/schema.org","@graph":[{"@type":"WebPage","@id":"https:\/\/secutron.com\/products\/spp-204-wall-speakers-strobes\/","url":"https:\/\/secutron.com\/products\/spp-204-wall-speakers-strobes\/","name":"SPPS-204 Stroboscopes \u00e0 haut-parleur mural - Secutron","isPartOf":{"@id":"https:\/\/secutron.com\/#website"},"primaryImageOfPage":{"@id":"https:\/\/secutron.com\/products\/spp-204-wall-speakers-strobes\/#primaryimage"},"image":{"@id":"https:\/\/secutron.com\/products\/spp-204-wall-speakers-strobes\/#primaryimage"},"thumbnailUrl":"https:\/\/secutron.com\/wp-content\/uploads\/products\/SPPS-204.png","datePublished":"2022-10-20T20:57:15+00:00","dateModified":"2025-04-28T19:29:49+00:00","description":"Haut-parleurs\/stroboscopes muraux SPPS-204. Ces appareils esth\u00e9tiques et discrets offrent une flexibilit\u00e9 maximale pour les projets gr\u00e2ce aux options 25V et 70V. Homologu\u00e9 UL-ULC","breadcrumb":{"@id":"https:\/\/secutron.com\/products\/spp-204-wall-speakers-strobes\/#breadcrumb"},"inLanguage":"fr-CA","potentialAction":[{"@type":"ReadAction","target":["https:\/\/secutron.com\/products\/spp-204-wall-speakers-strobes\/"]}]},{"@type":"ImageObject","inLanguage":"fr-CA","@id":"https:\/\/secutron.com\/products\/spp-204-wall-speakers-strobes\/#primaryimage","url":"https:\/\/secutron.com\/wp-content\/uploads\/products\/SPPS-204.png","contentUrl":"https:\/\/secutron.com\/wp-content\/uploads\/products\/SPPS-204.png","width":443,"height":384},{"@type":"BreadcrumbList","@id":"https:\/\/secutron.com\/products\/spp-204-wall-speakers-strobes\/#breadcrumb","itemListElement":[{"@type":"ListItem","position":1,"name":"Home","item":"https:\/\/secutron.com\/"},{"@type":"ListItem","position":2,"name":"Shop","item":"https:\/\/secutron.com\/shop\/"},{"@type":"ListItem","position":3,"name":"SPPS-204 Wall Speaker Strobes"}]},{"@type":"WebSite","@id":"https:\/\/secutron.com\/#website","url":"https:\/\/secutron.com\/","name":"Secutron","description":"","potentialAction":[{"@type":"SearchAction","target":{"@type":"EntryPoint","urlTemplate":"https:\/\/secutron.com\/?s={search_term_string}"},"query-input":{"@type":"PropertyValueSpecification","valueRequired":true,"valueName":"search_term_string"}}],"inLanguage":"fr-CA"}]}},"_links":{"self":[{"href":"https:\/\/secutron.com\/fr\/wp-json\/wp\/v2\/product\/1612","targetHints":{"allow":["GET"]}}],"collection":[{"href":"https:\/\/secutron.com\/fr\/wp-json\/wp\/v2\/product"}],"about":[{"href":"https:\/\/secutron.com\/fr\/wp-json\/wp\/v2\/types\/product"}],"version-history":[{"count":11,"href":"https:\/\/secutron.com\/fr\/wp-json\/wp\/v2\/product\/1612\/revisions"}],"predecessor-version":[{"id":3994,"href":"https:\/\/secutron.com\/fr\/wp-json\/wp\/v2\/product\/1612\/revisions\/3994"}],"wp:featuredmedia":[{"embeddable":true,"href":"https:\/\/secutron.com\/fr\/wp-json\/wp\/v2\/media\/1613"}],"wp:attachment":[{"href":"https:\/\/secutron.com\/fr\/wp-json\/wp\/v2\/media?parent=1612"}],"wp:term":[{"taxonomy":"product_brand","embeddable":true,"href":"https:\/\/secutron.com\/fr\/wp-json\/wp\/v2\/product_brand?post=1612"},{"taxonomy":"product_cat","embeddable":true,"href":"https:\/\/secutron.com\/fr\/wp-json\/wp\/v2\/product_cat?post=1612"},{"taxonomy":"product_tag","embeddable":true,"href":"https:\/\/secutron.com\/fr\/wp-json\/wp\/v2\/product_tag?post=1612"}],"curies":[{"name":"wp","href":"https:\/\/api.w.org\/{rel}","templated":true}]}}