{"id":1596,"date":"2022-10-20T16:09:20","date_gmt":"2022-10-20T20:09:20","guid":{"rendered":"https:\/\/secutron.com\/?post_type=product&#038;p=1596"},"modified":"2025-04-28T15:32:33","modified_gmt":"2025-04-28T19:32:33","slug":"spp-104-ceiling-speakers","status":"publish","type":"product","link":"https:\/\/secutron.com\/fr\/products\/spp-104-ceiling-speakers\/","title":{"rendered":"SPP-104 Haut-parleurs de plafond"},"content":{"rendered":"<p><span class=\"TextRun BCX0 SCXP5566878\" lang=\"EN-US\" xml:lang=\"EN-US\" data-usefontface=\"false\" data-contrast=\"none\"><span class=\"NormalTextRun BCX0 SCXP5566878\">Les haut-parleurs de plafond SPP-104 sont<span class=\"TextRun BCX0 SCXP32782145\" lang=\"EN-US\" xml:lang=\"EN-US\" data-usefontface=\"false\" data-contrast=\"none\"><span class=\"NormalTextRun BCX0 SCXP32782145\"> la meilleure solution audio qui offre une efficacit\u00e9 exceptionnelle dans une <\/span><\/span><span class=\"TextRun BCX0 SCXP32782145\" lang=\"EN-US\" xml:lang=\"EN-US\" data-usefontface=\"false\" data-contrast=\"none\"><span class=\"NormalTextRun BCX0 SCXP32782145\">conception compacte.<\/span><\/span><\/span><\/span><\/p>\n<h4>CARACT\u00c9RISTIQUES DU SPP-104<\/h4>\n<ul style=\"font-weight: 400;\">\n<li data-charcodes=\"252\" data-font=\"Wingdings,Sans-Serif\" data-buautonum=\"8\" data-margin=\"450\" data-aria-posinset=\"3\" data-aria-level=\"1\"><span data-usefontface=\"false\" data-contrast=\"none\">Design esth\u00e9tique et discret de 7\u2033 de diam\u00e8tre x 3\u2033 de profondeur (max)<\/span>\u200b<\/li>\n<li data-charcodes=\"252\" data-font=\"Wingdings,Sans-Serif\" data-buautonum=\"8\" data-margin=\"450\" data-aria-posinset=\"5\" data-aria-level=\"1\"><span data-usefontface=\"false\" data-contrast=\"none\">Les haut-parleurs de plafond SPP-104 sont propos\u00e9s en rouge ou en blanc, <\/span><span data-usefontface=\"false\" data-contrast=\"none\">avec des options 25V et 70V pour une flexibilit\u00e9 maximale des projets<\/span>\u200b<\/li>\n<li data-charcodes=\"252\" data-font=\"Wingdings,Sans-Serif\" data-buautonum=\"8\" data-margin=\"450\" data-aria-posinset=\"6\" data-aria-level=\"1\"><span data-usefontface=\"false\" data-contrast=\"none\">Aspect similaire des mod\u00e8les de haut-parleurs et de haut-parleurs\/stroboscopes pour une apparence architecturale coh\u00e9rente<\/span><\/li>\n<li data-charcodes=\"252\" data-font=\"Wingdings,Sans-Serif\" data-buautonum=\"8\" data-margin=\"450\" data-aria-posinset=\"8\" data-aria-level=\"1\"><span data-usefontface=\"false\" data-contrast=\"none\">Con\u00e7u pour les applications int\u00e9rieures de montage au plafond.<\/span>\u200b<\/li>\n<li data-charcodes=\"252\" data-font=\"Wingdings,Sans-Serif\" data-buautonum=\"8\" data-margin=\"450\" data-aria-posinset=\"1\" data-aria-level=\"1\"><span data-usefontface=\"false\" data-contrast=\"none\">R\u00e9glage de la puissance des haut-parleurs :<\/span>\u200b <span data-usefontface=\"false\" data-contrast=\"none\">\u00bc, \u00bd, 1, 2 W<\/span><\/li>\n<li data-charcodes=\"252\" data-font=\"Wingdings,Sans-Serif\" data-buautonum=\"8\" data-margin=\"450\" data-aria-posinset=\"1\" data-aria-level=\"1\">Temp\u00e9rature de fonctionnement de 0\u00b0C \u00e0 50\u00b0 (32\u00b0F \u00e0 122\u00b0F)<\/li>\n<li data-charcodes=\"252\" data-font=\"Wingdings,Sans-Serif\" data-buautonum=\"8\" data-margin=\"450\" data-aria-posinset=\"11\" data-aria-level=\"1\"><span data-usefontface=\"false\" data-contrast=\"none\">Insertions en plastique en plusieurs langues incluses avec les enceintes <\/span><span data-usefontface=\"false\" data-contrast=\"none\">(anglais\/fran\u00e7ais\/espagnol)<\/span>\u200b<\/li>\n<li data-charcodes=\"252\" data-font=\"Wingdings,Sans-Serif\" data-buautonum=\"8\" data-margin=\"450\" data-aria-posinset=\"11\" data-aria-level=\"1\"><span data-usefontface=\"false\" data-contrast=\"none\">Permet une plus grande capacit\u00e9 de dispositifs de notification par circuit<\/span>\u200b<\/li>\n<li data-charcodes=\"252\" data-font=\"Wingdings,Sans-Serif\" data-buautonum=\"8\" data-margin=\"450\" data-aria-posinset=\"11\" data-aria-level=\"1\"><span data-usefontface=\"false\" data-contrast=\"none\">Facilite les exigences en mati\u00e8re d'alimentation \u00e9lectrique externe.<\/span>\u200b<\/li>\n<li data-charcodes=\"252\" data-font=\"Wingdings,Sans-Serif\" data-buautonum=\"8\" data-margin=\"450\" data-aria-posinset=\"11\" data-aria-level=\"1\">Module de synchronisation disponible en option pour une compatibilit\u00e9 avec tout FACU ou PSU UL\/ULC.<\/li>\n<\/ul>\n<h4>INFORMATIONS SUR LES COMMANDES<\/h4>\n<ul>\n<li><strong>SPP-104-25 :<\/strong> Haut-parleur blanc pour montage au plafond, 25V<\/li>\n<li><strong>SPP-104-25R<\/strong>: Haut-parleur rouge pour montage au plafond, 25V<\/li>\n<li><strong>SPP-104-70 :<\/strong> Haut-parleur blanc pour montage au plafond, 70V<\/li>\n<li><strong>SPP-104-70R :<\/strong> Haut-parleur rouge pour montage au plafond, 70V<\/li>\n<\/ul>\n<h4>LISTES D'AGENCES<\/h4>\n<ul>\n<li>UL 1480<\/li>\n<li>ULC S541<\/li>\n<li>NFPA 72<\/li>\n<\/ul>\n<h4><a href=\"https:\/\/secutron.com\/wp-content\/uploads\/products\/UL-ULC-CSFM-logo.png\"><img decoding=\"async\" class=\"alignnone wp-image-3926\" src=\"https:\/\/secutron.com\/wp-content\/uploads\/products\/UL-ULC-CSFM-logo.png\" alt=\"\" width=\"318\" height=\"116\" \/><\/a><a href=\"https:\/\/secutron.com\/wp-content\/uploads\/products\/fm.jpg\"><img decoding=\"async\" class=\"alignnone size-full wp-image-3084\" src=\"https:\/\/secutron.com\/wp-content\/uploads\/products\/fm.jpg\" alt=\"\" width=\"120\" height=\"90\" \/><\/a><\/h4>","protected":false},"excerpt":{"rendered":"<p>Les haut-parleurs de plafond SPP-104 sont<span class=\"TextRun BCX0 SCXP32782145\" lang=\"EN-US\" xml:lang=\"EN-US\" data-usefontface=\"false\" data-contrast=\"none\"><span class=\"NormalTextRun BCX0 SCXP32782145\">\u00a0la meilleure solution audio qui offre une efficacit\u00e9 exceptionnelle dans une\u00a0<\/span><\/span><span class=\"TextRun BCX0 SCXP32782145\" lang=\"EN-US\" xml:lang=\"EN-US\" data-usefontface=\"false\" data-contrast=\"none\"><span class=\"NormalTextRun BCX0 SCXP32782145\">conception compacte.<\/span><\/span><\/p>","protected":false},"featured_media":1602,"template":"","meta":{"_acf_changed":false,"om_disable_all_campaigns":false,"_monsterinsights_skip_tracking":false,"_monsterinsights_sitenote_active":false,"_monsterinsights_sitenote_note":"","_monsterinsights_sitenote_category":0,"footnotes":""},"product_brand":[],"product_cat":[44,80],"product_tag":[],"class_list":{"0":"post-1596","1":"product","2":"type-product","3":"status-publish","4":"has-post-thumbnail","6":"product_cat-notification-appliances","7":"product_cat-spps-series","9":"first","10":"instock","11":"downloadable","12":"shipping-taxable","13":"product-type-simple"},"acf":[],"yoast_head":"<!-- This site is optimized with the Yoast SEO plugin v27.4 - https:\/\/yoast.com\/product\/yoast-seo-wordpress\/ -->\n<title>SPP-104 Ceiling Speakers - Secutron<\/title>\n<meta name=\"description\" content=\"Secutron&#039;s SPP-104 Ceiling Speakers, available in red or white with various power options. Designed for indoors &amp; offers synchronization with Secutron FACU.\" \/>\n<meta name=\"robots\" content=\"index, follow, max-snippet:-1, max-image-preview:large, max-video-preview:-1\" \/>\n<link rel=\"canonical\" href=\"https:\/\/secutron.com\/fr\/products\/spp-104-ceiling-speakers\/\" \/>\n<meta property=\"og:locale\" content=\"fr_CA\" \/>\n<meta property=\"og:type\" content=\"article\" \/>\n<meta property=\"og:title\" content=\"SPP-104 Ceiling Speakers - Secutron\" \/>\n<meta property=\"og:description\" content=\"Secutron&#039;s SPP-104 Ceiling Speakers, available in red or white with various power options. Designed for indoors &amp; offers synchronization with Secutron FACU.\" \/>\n<meta property=\"og:url\" content=\"https:\/\/secutron.com\/fr\/products\/spp-104-ceiling-speakers\/\" \/>\n<meta property=\"og:site_name\" content=\"Secutron\" \/>\n<meta property=\"article:modified_time\" content=\"2025-04-28T19:32:33+00:00\" \/>\n<meta property=\"og:image\" content=\"https:\/\/secutron.com\/wp-content\/uploads\/products\/SPP-104.png\" \/>\n\t<meta property=\"og:image:width\" content=\"431\" \/>\n\t<meta property=\"og:image:height\" content=\"363\" \/>\n\t<meta property=\"og:image:type\" content=\"image\/png\" \/>\n<meta name=\"twitter:card\" content=\"summary_large_image\" \/>\n<meta name=\"twitter:label1\" content=\"Estimation du temps de lecture\" \/>\n\t<meta name=\"twitter:data1\" content=\"2 minutes\" \/>\n<script type=\"application\/ld+json\" class=\"yoast-schema-graph\">{\"@context\":\"https:\\\/\\\/schema.org\",\"@graph\":[{\"@type\":\"WebPage\",\"@id\":\"https:\\\/\\\/secutron.com\\\/products\\\/spp-104-ceiling-speakers\\\/\",\"url\":\"https:\\\/\\\/secutron.com\\\/products\\\/spp-104-ceiling-speakers\\\/\",\"name\":\"SPP-104 Ceiling Speakers - Secutron\",\"isPartOf\":{\"@id\":\"https:\\\/\\\/secutron.com\\\/#website\"},\"primaryImageOfPage\":{\"@id\":\"https:\\\/\\\/secutron.com\\\/products\\\/spp-104-ceiling-speakers\\\/#primaryimage\"},\"image\":{\"@id\":\"https:\\\/\\\/secutron.com\\\/products\\\/spp-104-ceiling-speakers\\\/#primaryimage\"},\"thumbnailUrl\":\"https:\\\/\\\/secutron.com\\\/wp-content\\\/uploads\\\/products\\\/SPP-104.png\",\"datePublished\":\"2022-10-20T20:09:20+00:00\",\"dateModified\":\"2025-04-28T19:32:33+00:00\",\"description\":\"Secutron's SPP-104 Ceiling Speakers, available in red or white with various power options. Designed for indoors & offers synchronization with Secutron FACU.\",\"breadcrumb\":{\"@id\":\"https:\\\/\\\/secutron.com\\\/products\\\/spp-104-ceiling-speakers\\\/#breadcrumb\"},\"inLanguage\":\"fr-CA\",\"potentialAction\":[{\"@type\":\"ReadAction\",\"target\":[\"https:\\\/\\\/secutron.com\\\/products\\\/spp-104-ceiling-speakers\\\/\"]}]},{\"@type\":\"ImageObject\",\"inLanguage\":\"fr-CA\",\"@id\":\"https:\\\/\\\/secutron.com\\\/products\\\/spp-104-ceiling-speakers\\\/#primaryimage\",\"url\":\"https:\\\/\\\/secutron.com\\\/wp-content\\\/uploads\\\/products\\\/SPP-104.png\",\"contentUrl\":\"https:\\\/\\\/secutron.com\\\/wp-content\\\/uploads\\\/products\\\/SPP-104.png\",\"width\":431,\"height\":363},{\"@type\":\"BreadcrumbList\",\"@id\":\"https:\\\/\\\/secutron.com\\\/products\\\/spp-104-ceiling-speakers\\\/#breadcrumb\",\"itemListElement\":[{\"@type\":\"ListItem\",\"position\":1,\"name\":\"Home\",\"item\":\"https:\\\/\\\/secutron.com\\\/\"},{\"@type\":\"ListItem\",\"position\":2,\"name\":\"Shop\",\"item\":\"https:\\\/\\\/secutron.com\\\/shop\\\/\"},{\"@type\":\"ListItem\",\"position\":3,\"name\":\"SPP-104 Ceiling Speakers\"}]},{\"@type\":\"WebSite\",\"@id\":\"https:\\\/\\\/secutron.com\\\/#website\",\"url\":\"https:\\\/\\\/secutron.com\\\/\",\"name\":\"Secutron\",\"description\":\"\",\"potentialAction\":[{\"@type\":\"SearchAction\",\"target\":{\"@type\":\"EntryPoint\",\"urlTemplate\":\"https:\\\/\\\/secutron.com\\\/?s={search_term_string}\"},\"query-input\":{\"@type\":\"PropertyValueSpecification\",\"valueRequired\":true,\"valueName\":\"search_term_string\"}}],\"inLanguage\":\"fr-CA\"}]}<\/script>\n<!-- \/ Yoast SEO plugin. -->","yoast_head_json":{"title":"SPP-104 Haut-parleurs de plafond - Secutron","description":"Haut-parleurs de plafond SPP-104 de Secutron, disponibles en rouge ou en blanc avec diff\u00e9rentes options d'alimentation. Con\u00e7us pour l'int\u00e9rieur, ils permettent la synchronisation avec Secutron FACU.","robots":{"index":"index","follow":"follow","max-snippet":"max-snippet:-1","max-image-preview":"max-image-preview:large","max-video-preview":"max-video-preview:-1"},"canonical":"https:\/\/secutron.com\/fr\/products\/spp-104-ceiling-speakers\/","og_locale":"fr_CA","og_type":"article","og_title":"SPP-104 Ceiling Speakers - Secutron","og_description":"Secutron's SPP-104 Ceiling Speakers, available in red or white with various power options. Designed for indoors & offers synchronization with Secutron FACU.","og_url":"https:\/\/secutron.com\/fr\/products\/spp-104-ceiling-speakers\/","og_site_name":"Secutron","article_modified_time":"2025-04-28T19:32:33+00:00","og_image":[{"width":431,"height":363,"url":"https:\/\/secutron.com\/wp-content\/uploads\/products\/SPP-104.png","type":"image\/png"}],"twitter_card":"summary_large_image","twitter_misc":{"Estimation du temps de lecture":"2 minutes"},"schema":{"@context":"https:\/\/schema.org","@graph":[{"@type":"WebPage","@id":"https:\/\/secutron.com\/products\/spp-104-ceiling-speakers\/","url":"https:\/\/secutron.com\/products\/spp-104-ceiling-speakers\/","name":"SPP-104 Haut-parleurs de plafond - Secutron","isPartOf":{"@id":"https:\/\/secutron.com\/#website"},"primaryImageOfPage":{"@id":"https:\/\/secutron.com\/products\/spp-104-ceiling-speakers\/#primaryimage"},"image":{"@id":"https:\/\/secutron.com\/products\/spp-104-ceiling-speakers\/#primaryimage"},"thumbnailUrl":"https:\/\/secutron.com\/wp-content\/uploads\/products\/SPP-104.png","datePublished":"2022-10-20T20:09:20+00:00","dateModified":"2025-04-28T19:32:33+00:00","description":"Haut-parleurs de plafond SPP-104 de Secutron, disponibles en rouge ou en blanc avec diff\u00e9rentes options d'alimentation. Con\u00e7us pour l'int\u00e9rieur, ils permettent la synchronisation avec Secutron FACU.","breadcrumb":{"@id":"https:\/\/secutron.com\/products\/spp-104-ceiling-speakers\/#breadcrumb"},"inLanguage":"fr-CA","potentialAction":[{"@type":"ReadAction","target":["https:\/\/secutron.com\/products\/spp-104-ceiling-speakers\/"]}]},{"@type":"ImageObject","inLanguage":"fr-CA","@id":"https:\/\/secutron.com\/products\/spp-104-ceiling-speakers\/#primaryimage","url":"https:\/\/secutron.com\/wp-content\/uploads\/products\/SPP-104.png","contentUrl":"https:\/\/secutron.com\/wp-content\/uploads\/products\/SPP-104.png","width":431,"height":363},{"@type":"BreadcrumbList","@id":"https:\/\/secutron.com\/products\/spp-104-ceiling-speakers\/#breadcrumb","itemListElement":[{"@type":"ListItem","position":1,"name":"Home","item":"https:\/\/secutron.com\/"},{"@type":"ListItem","position":2,"name":"Shop","item":"https:\/\/secutron.com\/shop\/"},{"@type":"ListItem","position":3,"name":"SPP-104 Ceiling Speakers"}]},{"@type":"WebSite","@id":"https:\/\/secutron.com\/#website","url":"https:\/\/secutron.com\/","name":"Secutron","description":"","potentialAction":[{"@type":"SearchAction","target":{"@type":"EntryPoint","urlTemplate":"https:\/\/secutron.com\/?s={search_term_string}"},"query-input":{"@type":"PropertyValueSpecification","valueRequired":true,"valueName":"search_term_string"}}],"inLanguage":"fr-CA"}]}},"_links":{"self":[{"href":"https:\/\/secutron.com\/fr\/wp-json\/wp\/v2\/product\/1596","targetHints":{"allow":["GET"]}}],"collection":[{"href":"https:\/\/secutron.com\/fr\/wp-json\/wp\/v2\/product"}],"about":[{"href":"https:\/\/secutron.com\/fr\/wp-json\/wp\/v2\/types\/product"}],"version-history":[{"count":9,"href":"https:\/\/secutron.com\/fr\/wp-json\/wp\/v2\/product\/1596\/revisions"}],"predecessor-version":[{"id":4000,"href":"https:\/\/secutron.com\/fr\/wp-json\/wp\/v2\/product\/1596\/revisions\/4000"}],"wp:featuredmedia":[{"embeddable":true,"href":"https:\/\/secutron.com\/fr\/wp-json\/wp\/v2\/media\/1602"}],"wp:attachment":[{"href":"https:\/\/secutron.com\/fr\/wp-json\/wp\/v2\/media?parent=1596"}],"wp:term":[{"taxonomy":"product_brand","embeddable":true,"href":"https:\/\/secutron.com\/fr\/wp-json\/wp\/v2\/product_brand?post=1596"},{"taxonomy":"product_cat","embeddable":true,"href":"https:\/\/secutron.com\/fr\/wp-json\/wp\/v2\/product_cat?post=1596"},{"taxonomy":"product_tag","embeddable":true,"href":"https:\/\/secutron.com\/fr\/wp-json\/wp\/v2\/product_tag?post=1596"}],"curies":[{"name":"wp","href":"https:\/\/api.w.org\/{rel}","templated":true}]}}