{"id":1565,"date":"2022-09-30T16:11:05","date_gmt":"2022-09-30T20:11:05","guid":{"rendered":"https:\/\/secutron.com\/?post_type=product&#038;p=1565"},"modified":"2025-10-27T14:55:58","modified_gmt":"2025-10-27T18:55:58","slug":"mmx-4000-network-fire-detection-alarm-control-unit","status":"publish","type":"product","link":"https:\/\/secutron.com\/fr\/products\/mmx-4000-network-fire-detection-alarm-control-unit\/","title":{"rendered":"MMX-4000 Centrale de d\u00e9tection et d'alarme incendie en r\u00e9seau"},"content":{"rendered":"<p>La s\u00e9rie MMX-4000 de Secutron est con\u00e7ue pour r\u00e9pondre \u00e0 pratiquement toutes les applications de d\u00e9tection, de contr\u00f4le, de notification et de communication d'urgence. Des caract\u00e9ristiques telles que la d\u00e9tection et l'alarme incendie, l'\u00e9vacuation audio\/vocale, BACnet, la logique bool\u00e9enne, la mise en r\u00e9seau et la prise en charge de postes de travail graphiques permettent \u00e0 cette solution modulaire de s'adapter aux projets des syst\u00e8mes les plus simples aux solutions les plus complexes.<\/p>\n<p>- La s\u00e9rie MMX-4000 prend en charge plusieurs protocoles intelligents :<\/p>\n<p>- Appareils MIX-4000<br \/>\n- Protocole avanc\u00e9 (AP)<br \/>\n- Protocole d'interface de boucle classique (CLIP)<\/p>\n<p>- Plusieurs options d'interface utilisateur, y compris :<br \/>\n- \u00c9cran LCD r\u00e9tro\u00e9clair\u00e9 de 80 caract\u00e8res ou 960 caract\u00e8res avec menu convivial ;<br \/>\n- Afficheurs LED adders<br \/>\n- Jusqu'\u00e0 7 annonciateurs \u00e0 distance par n\u0153ud.<\/p>\n<p>- Plusieurs langues sont prises en charge, notamment l'anglais, le fran\u00e7ais, l'italien, l'espagnol, le portugais, l'arabe, l'h\u00e9breu, le chinois, le japonais, le cor\u00e9en et le russe.<\/p>\n<p><strong>Dispositifs de contr\u00f4le des alarmes incendie<\/strong><\/p>\n<ul>\n<li>Extensible jusqu'\u00e0 28 SLC<\/li>\n<li>Quatre circuits d'appareils de notification de style Z\/Y (classe A\/B) d'une capacit\u00e9 de 1,7 amp\u00e8re chacun avec protocole de synchronisation int\u00e9gr\u00e9.<\/li>\n<li>Prend en charge les \u00e9crans LCD r\u00e9tro\u00e9clair\u00e9s de 80 caract\u00e8res et de 960 caract\u00e8res avec un menu convivial.<\/li>\n<li>\u00c9tiquettes de l'interface utilisateur en anglais, fran\u00e7ais, italien, espagnol, portugais, arabe*, h\u00e9breu*, chinois*, japonais*, cor\u00e9en* et russe* (*n\u00e9cessite le DSPL-2440DS ou le RAXN-4000LCDG)<\/li>\n<li>Tags uniquement : il accepte toutes les langues prises en charge par Windows 10 (n\u00e9cessite un annonciateur graphique).<\/li>\n<li>Entr\u00e9es de commutation corr\u00e9lables permettant des sorties multifonctionnelles<\/li>\n<li>Sous-adressage pour optimiser le nombre d'appareils dans chaque boucle<\/li>\n<li>Quatre files d'attente d'alarme avec s\u00e9lecteurs et voyants pour l'alarme, la surveillance, le contr\u00f4le et le d\u00e9rangement<\/li>\n<li>Sortie RS-232 pour imprimante ou terminal du syst\u00e8me \u00e0 distance<\/li>\n<li>Port RS-485 pour l'extension du syst\u00e8me<\/li>\n<li>Port Ethernet pour station de travail OpenGN ou interface BACNet<\/li>\n<li>Deux journaux d'historique des \u00e9v\u00e9nements avec une capacit\u00e9 de 5000 \u00e9v\u00e9nements d'alarme et 5000 \u00e9v\u00e9nements g\u00e9n\u00e9raux<\/li>\n<li>Le syst\u00e8me peut \u00eatre configur\u00e9 sans mettre le panneau hors ligne<\/li>\n<li>Prise en charge de trois fichiers de configuration (configuration actuelle, pr\u00e9c\u00e9dente et suivante) avec prise en charge de la \"permutation \u00e0 chaud\".<\/li>\n<li>Prise en charge des fonctions logiques bool\u00e9ennes<\/li>\n<li>Diagnostic \u00e0 distance via un serveur web int\u00e9gr\u00e9<\/li>\n<li>Homologu\u00e9 UL pour le contr\u00f4le des fum\u00e9es (UUKL).<\/li>\n<\/ul>\n<p><strong><br \/>\nCaract\u00e9ristiques de la mise en r\u00e9seau<\/strong><\/p>\n<p>La configuration du r\u00e9seau permet de connecter plusieurs panneaux de contr\u00f4le de la s\u00e9rie MMX-4000 \u00e0 l'aide de circuits supervis\u00e9s de classe A\/B afin d'augmenter le nombre de SLC, de circuits d'entr\u00e9e, de zones d'indication visuelle, de circuits d'appareils de notification programmables, de sorties de relais et de points de contr\u00f4le disponibles dans l'application. Le module d'interface r\u00e9seau cr\u00e9e un r\u00e9seau pair-\u00e0-pair robuste via un protocole propri\u00e9taire qui garantit que les segments du r\u00e9seau fonctionnent de mani\u00e8re ind\u00e9pendante en cas de d\u00e9faillance du r\u00e9seau. La vitesse de transmission \u00e9lev\u00e9e du r\u00e9seau permet le multiplexage des communications de contr\u00f4le, audio et t\u00e9l\u00e9phoniques sur une seule interface en cuivre ou en fibre optique \u00e0 l'aide d'algorithmes de compression avanc\u00e9s. Les r\u00e9seaux en cuivre \u00e0 paires torsad\u00e9es, en fibre monomode et en fibre multimode sont pris en charge.<\/p>\n<ul>\n<li>Jusqu'\u00e0 63 n\u0153uds<\/li>\n<li>Communications en r\u00e9seau poste \u00e0 poste<\/li>\n<li>R\u00e9seau num\u00e9rique audio et de contr\u00f4le enti\u00e8rement int\u00e9gr\u00e9 sur une seule paire de fils de cuivre ou de c\u00e2bles \u00e0 fibres optiques (monomode ou multimode).<\/li>\n<li>Diagnostic \u00e0 distance via un serveur web int\u00e9gr\u00e9 et un port Ethernet standard dans chaque n\u0153ud<\/li>\n<li>Configuration de c\u00e2blage Style 4 (classe B) ou Style 6 ou 7 (classe A)<\/li>\n<li>Protocole propri\u00e9taire de communication en r\u00e9seau ARCnet<\/li>\n<\/ul>\n<p><strong><br \/>\nCaract\u00e9ristiques du protocole MGC<\/strong><\/p>\n<p>Pour les nouvelles applications ou l'extension d'applications existantes, le protocole MGC prend en charge jusqu'\u00e0 240 dispositifs par support SLC :<\/p>\n<ul>\n<li>Capteurs photo, thermiques et multicrit\u00e8res<\/li>\n<li>Isolation int\u00e9gr\u00e9e en option sur les capteurs<\/li>\n<li>Modules \u00e0 entr\u00e9es et sorties multiples<\/li>\n<\/ul>\n<p><strong><br \/>\nCaract\u00e9ristiques du protocole AP<\/strong><\/p>\n<p>Le protocole avanc\u00e9 (AP) prend en charge jusqu'\u00e0 318 dispositifs par SLC (159 capteurs et 159 modules). Prend en charge :<\/p>\n<ul>\n<li>D\u00e9tection de fum\u00e9e, de chaleur et d'incendie\/CO<\/li>\n<li>\u00a0La base de la sir\u00e8ne basse fr\u00e9quence 520 Hz est prise en charge \u00e0 la fois par la boucle adressable et par le syst\u00e8me d'\u00e9vacuation audio\/voix.<\/li>\n<li>Fonctionnement de l'interruption du c\u00f4t\u00e9 de l'entr\u00e9e pour acc\u00e9l\u00e9rer la d\u00e9tection d'un \u00e9v\u00e9nement communication vers le panneau<\/li>\n<li>Activation group\u00e9e sur la sortie pour acc\u00e9l\u00e9rer les actions sur les sorties<\/li>\n<\/ul>\n<p><b><br \/>\nCaract\u00e9ristiques du protocole CLIP<\/b><\/p>\n<ul>\n<li>Plage d'adresses pour les capteurs S1-S99 - plage d'adresses pour les modules M1-M99.<\/li>\n<li>Large gamme de dispositifs adressables disponibles.<\/li>\n<\/ul>\n<p><strong><br \/>\nListe des agences<\/strong><\/p>\n<h4><img decoding=\"async\" class=\"alignnone wp-image-6901 ls-is-cached lazyloaded\" src=\"https:\/\/mircom.com\/wp-content\/uploads\/products\/ul.jpg\" alt=\"\" width=\"92\" height=\"92\" data-src=\"\/wp-content\/uploads\/products\/ul.jpg\" \/><a href=\"https:\/\/secutron.com\/wp-content\/uploads\/products\/fm.jpg\"><img decoding=\"async\" class=\"alignnone size-full wp-image-3084\" src=\"https:\/\/secutron.com\/wp-content\/uploads\/products\/fm.jpg\" alt=\"\" width=\"120\" height=\"90\" \/><\/a><\/h4>","protected":false},"excerpt":{"rendered":"<p>Les centrales d'alarme incendie en r\u00e9seau de la s\u00e9rie MMX-4000 \u00e0 63 n\u0153uds de Secutron offrent des composants modulaires pour r\u00e9pondre \u00e0 une grande vari\u00e9t\u00e9 d'applications.<\/p>","protected":false},"featured_media":642,"template":"","meta":{"_acf_changed":false,"om_disable_all_campaigns":false,"_monsterinsights_skip_tracking":false,"_monsterinsights_sitenote_active":false,"_monsterinsights_sitenote_note":"","_monsterinsights_sitenote_category":0,"footnotes":""},"product_brand":[],"product_cat":[79],"product_tag":[],"class_list":{"0":"post-1565","1":"product","2":"type-product","3":"status-publish","4":"has-post-thumbnail","6":"product_cat-network-fire-alarm-systems","8":"first","9":"instock","10":"shipping-taxable","11":"product-type-simple"},"acf":[],"yoast_head":"<!-- This site is optimized with the Yoast SEO plugin v27.3 - https:\/\/yoast.com\/product\/yoast-seo-wordpress\/ -->\n<title>MMX-4000 Network Fire Detection &amp; Alarm Control Unit - Secutron<\/title>\n<meta name=\"description\" content=\"MMX-4000 by Secutron, a comprehensive solution for fire detection &amp; alarm systems. With support for multiple protocols and user interface options UL-listed.\" \/>\n<meta name=\"robots\" content=\"index, follow, max-snippet:-1, max-image-preview:large, max-video-preview:-1\" \/>\n<link rel=\"canonical\" href=\"https:\/\/secutron.com\/fr\/products\/mmx-4000-network-fire-detection-alarm-control-unit\/\" \/>\n<meta property=\"og:locale\" content=\"fr_CA\" \/>\n<meta property=\"og:type\" content=\"article\" \/>\n<meta property=\"og:title\" content=\"MMX-4000 Network Fire Detection &amp; Alarm Control Unit - Secutron\" \/>\n<meta property=\"og:description\" content=\"MMX-4000 by Secutron, a comprehensive solution for fire detection &amp; alarm systems. With support for multiple protocols and user interface options UL-listed.\" \/>\n<meta property=\"og:url\" content=\"https:\/\/secutron.com\/fr\/products\/mmx-4000-network-fire-detection-alarm-control-unit\/\" \/>\n<meta property=\"og:site_name\" content=\"Secutron\" \/>\n<meta property=\"article:modified_time\" content=\"2025-10-27T18:55:58+00:00\" \/>\n<meta property=\"og:image\" content=\"https:\/\/secutron.com\/wp-content\/uploads\/products\/MMX-Network-Fire-Detection-Alarm-Control-Unit-secutron-1.jpg\" \/>\n\t<meta property=\"og:image:width\" content=\"900\" \/>\n\t<meta property=\"og:image:height\" content=\"900\" \/>\n\t<meta property=\"og:image:type\" content=\"image\/jpeg\" \/>\n<meta name=\"twitter:card\" content=\"summary_large_image\" \/>\n<meta name=\"twitter:label1\" content=\"Estimation du temps de lecture\" \/>\n\t<meta name=\"twitter:data1\" content=\"4 minutes\" \/>\n<script type=\"application\/ld+json\" class=\"yoast-schema-graph\">{\"@context\":\"https:\\\/\\\/schema.org\",\"@graph\":[{\"@type\":\"WebPage\",\"@id\":\"https:\\\/\\\/secutron.com\\\/products\\\/mmx-4000-network-fire-detection-alarm-control-unit\\\/\",\"url\":\"https:\\\/\\\/secutron.com\\\/products\\\/mmx-4000-network-fire-detection-alarm-control-unit\\\/\",\"name\":\"MMX-4000 Network Fire Detection & Alarm Control Unit - Secutron\",\"isPartOf\":{\"@id\":\"https:\\\/\\\/secutron.com\\\/#website\"},\"primaryImageOfPage\":{\"@id\":\"https:\\\/\\\/secutron.com\\\/products\\\/mmx-4000-network-fire-detection-alarm-control-unit\\\/#primaryimage\"},\"image\":{\"@id\":\"https:\\\/\\\/secutron.com\\\/products\\\/mmx-4000-network-fire-detection-alarm-control-unit\\\/#primaryimage\"},\"thumbnailUrl\":\"https:\\\/\\\/secutron.com\\\/wp-content\\\/uploads\\\/products\\\/MMX-Network-Fire-Detection-Alarm-Control-Unit-secutron-1.jpg\",\"datePublished\":\"2022-09-30T20:11:05+00:00\",\"dateModified\":\"2025-10-27T18:55:58+00:00\",\"description\":\"MMX-4000 by Secutron, a comprehensive solution for fire detection & alarm systems. With support for multiple protocols and user interface options UL-listed.\",\"breadcrumb\":{\"@id\":\"https:\\\/\\\/secutron.com\\\/products\\\/mmx-4000-network-fire-detection-alarm-control-unit\\\/#breadcrumb\"},\"inLanguage\":\"fr-CA\",\"potentialAction\":[{\"@type\":\"ReadAction\",\"target\":[\"https:\\\/\\\/secutron.com\\\/products\\\/mmx-4000-network-fire-detection-alarm-control-unit\\\/\"]}]},{\"@type\":\"ImageObject\",\"inLanguage\":\"fr-CA\",\"@id\":\"https:\\\/\\\/secutron.com\\\/products\\\/mmx-4000-network-fire-detection-alarm-control-unit\\\/#primaryimage\",\"url\":\"https:\\\/\\\/secutron.com\\\/wp-content\\\/uploads\\\/products\\\/MMX-Network-Fire-Detection-Alarm-Control-Unit-secutron-1.jpg\",\"contentUrl\":\"https:\\\/\\\/secutron.com\\\/wp-content\\\/uploads\\\/products\\\/MMX-Network-Fire-Detection-Alarm-Control-Unit-secutron-1.jpg\",\"width\":900,\"height\":900,\"caption\":\"MMX-Network-Fire-Detection-Alarm-Control-Unit-secutron\"},{\"@type\":\"BreadcrumbList\",\"@id\":\"https:\\\/\\\/secutron.com\\\/products\\\/mmx-4000-network-fire-detection-alarm-control-unit\\\/#breadcrumb\",\"itemListElement\":[{\"@type\":\"ListItem\",\"position\":1,\"name\":\"Home\",\"item\":\"https:\\\/\\\/secutron.com\\\/\"},{\"@type\":\"ListItem\",\"position\":2,\"name\":\"Shop\",\"item\":\"https:\\\/\\\/secutron.com\\\/shop\\\/\"},{\"@type\":\"ListItem\",\"position\":3,\"name\":\"MMX-4000 Network Fire Detection &#038; Alarm Control Unit\"}]},{\"@type\":\"WebSite\",\"@id\":\"https:\\\/\\\/secutron.com\\\/#website\",\"url\":\"https:\\\/\\\/secutron.com\\\/\",\"name\":\"Secutron\",\"description\":\"\",\"potentialAction\":[{\"@type\":\"SearchAction\",\"target\":{\"@type\":\"EntryPoint\",\"urlTemplate\":\"https:\\\/\\\/secutron.com\\\/?s={search_term_string}\"},\"query-input\":{\"@type\":\"PropertyValueSpecification\",\"valueRequired\":true,\"valueName\":\"search_term_string\"}}],\"inLanguage\":\"fr-CA\"}]}<\/script>\n<!-- \/ Yoast SEO plugin. -->","yoast_head_json":{"title":"MMX-4000 Centrale de d\u00e9tection et d'alarme incendie en r\u00e9seau - Secutron","description":"MMX-4000 de Secutron, une solution compl\u00e8te pour les syst\u00e8mes de d\u00e9tection et d'alarme incendie. Avec la prise en charge de multiples protocoles et options d'interface utilisateur, il est homologu\u00e9 UL.","robots":{"index":"index","follow":"follow","max-snippet":"max-snippet:-1","max-image-preview":"max-image-preview:large","max-video-preview":"max-video-preview:-1"},"canonical":"https:\/\/secutron.com\/fr\/products\/mmx-4000-network-fire-detection-alarm-control-unit\/","og_locale":"fr_CA","og_type":"article","og_title":"MMX-4000 Network Fire Detection & Alarm Control Unit - Secutron","og_description":"MMX-4000 by Secutron, a comprehensive solution for fire detection & alarm systems. With support for multiple protocols and user interface options UL-listed.","og_url":"https:\/\/secutron.com\/fr\/products\/mmx-4000-network-fire-detection-alarm-control-unit\/","og_site_name":"Secutron","article_modified_time":"2025-10-27T18:55:58+00:00","og_image":[{"width":900,"height":900,"url":"https:\/\/secutron.com\/wp-content\/uploads\/products\/MMX-Network-Fire-Detection-Alarm-Control-Unit-secutron-1.jpg","type":"image\/jpeg"}],"twitter_card":"summary_large_image","twitter_misc":{"Estimation du temps de lecture":"4 minutes"},"schema":{"@context":"https:\/\/schema.org","@graph":[{"@type":"WebPage","@id":"https:\/\/secutron.com\/products\/mmx-4000-network-fire-detection-alarm-control-unit\/","url":"https:\/\/secutron.com\/products\/mmx-4000-network-fire-detection-alarm-control-unit\/","name":"MMX-4000 Centrale de d\u00e9tection et d'alarme incendie en r\u00e9seau - Secutron","isPartOf":{"@id":"https:\/\/secutron.com\/#website"},"primaryImageOfPage":{"@id":"https:\/\/secutron.com\/products\/mmx-4000-network-fire-detection-alarm-control-unit\/#primaryimage"},"image":{"@id":"https:\/\/secutron.com\/products\/mmx-4000-network-fire-detection-alarm-control-unit\/#primaryimage"},"thumbnailUrl":"https:\/\/secutron.com\/wp-content\/uploads\/products\/MMX-Network-Fire-Detection-Alarm-Control-Unit-secutron-1.jpg","datePublished":"2022-09-30T20:11:05+00:00","dateModified":"2025-10-27T18:55:58+00:00","description":"MMX-4000 de Secutron, une solution compl\u00e8te pour les syst\u00e8mes de d\u00e9tection et d'alarme incendie. Avec la prise en charge de multiples protocoles et options d'interface utilisateur, il est homologu\u00e9 UL.","breadcrumb":{"@id":"https:\/\/secutron.com\/products\/mmx-4000-network-fire-detection-alarm-control-unit\/#breadcrumb"},"inLanguage":"fr-CA","potentialAction":[{"@type":"ReadAction","target":["https:\/\/secutron.com\/products\/mmx-4000-network-fire-detection-alarm-control-unit\/"]}]},{"@type":"ImageObject","inLanguage":"fr-CA","@id":"https:\/\/secutron.com\/products\/mmx-4000-network-fire-detection-alarm-control-unit\/#primaryimage","url":"https:\/\/secutron.com\/wp-content\/uploads\/products\/MMX-Network-Fire-Detection-Alarm-Control-Unit-secutron-1.jpg","contentUrl":"https:\/\/secutron.com\/wp-content\/uploads\/products\/MMX-Network-Fire-Detection-Alarm-Control-Unit-secutron-1.jpg","width":900,"height":900,"caption":"MMX-Network-Fire-Detection-Alarm-Control-Unit-secutron"},{"@type":"BreadcrumbList","@id":"https:\/\/secutron.com\/products\/mmx-4000-network-fire-detection-alarm-control-unit\/#breadcrumb","itemListElement":[{"@type":"ListItem","position":1,"name":"Home","item":"https:\/\/secutron.com\/"},{"@type":"ListItem","position":2,"name":"Shop","item":"https:\/\/secutron.com\/shop\/"},{"@type":"ListItem","position":3,"name":"MMX-4000 Network Fire Detection &#038; Alarm Control Unit"}]},{"@type":"WebSite","@id":"https:\/\/secutron.com\/#website","url":"https:\/\/secutron.com\/","name":"Secutron","description":"","potentialAction":[{"@type":"SearchAction","target":{"@type":"EntryPoint","urlTemplate":"https:\/\/secutron.com\/?s={search_term_string}"},"query-input":{"@type":"PropertyValueSpecification","valueRequired":true,"valueName":"search_term_string"}}],"inLanguage":"fr-CA"}]}},"_links":{"self":[{"href":"https:\/\/secutron.com\/fr\/wp-json\/wp\/v2\/product\/1565","targetHints":{"allow":["GET"]}}],"collection":[{"href":"https:\/\/secutron.com\/fr\/wp-json\/wp\/v2\/product"}],"about":[{"href":"https:\/\/secutron.com\/fr\/wp-json\/wp\/v2\/types\/product"}],"version-history":[{"count":4,"href":"https:\/\/secutron.com\/fr\/wp-json\/wp\/v2\/product\/1565\/revisions"}],"predecessor-version":[{"id":4098,"href":"https:\/\/secutron.com\/fr\/wp-json\/wp\/v2\/product\/1565\/revisions\/4098"}],"wp:featuredmedia":[{"embeddable":true,"href":"https:\/\/secutron.com\/fr\/wp-json\/wp\/v2\/media\/642"}],"wp:attachment":[{"href":"https:\/\/secutron.com\/fr\/wp-json\/wp\/v2\/media?parent=1565"}],"wp:term":[{"taxonomy":"product_brand","embeddable":true,"href":"https:\/\/secutron.com\/fr\/wp-json\/wp\/v2\/product_brand?post=1565"},{"taxonomy":"product_cat","embeddable":true,"href":"https:\/\/secutron.com\/fr\/wp-json\/wp\/v2\/product_cat?post=1565"},{"taxonomy":"product_tag","embeddable":true,"href":"https:\/\/secutron.com\/fr\/wp-json\/wp\/v2\/product_tag?post=1565"}],"curies":[{"name":"wp","href":"https:\/\/api.w.org\/{rel}","templated":true}]}}