{"id":1509,"date":"2022-07-04T09:28:08","date_gmt":"2022-07-04T13:28:08","guid":{"rendered":"https:\/\/secutron.com\/?post_type=product&#038;p=1509"},"modified":"2025-02-25T12:05:12","modified_gmt":"2025-02-25T17:05:12","slug":"mr-401r","status":"publish","type":"product","link":"https:\/\/secutron.com\/fr\/products\/mr-401r\/","title":{"rendered":"MR-401R"},"content":{"rendered":"<p>La centrale d'alarme incendie adressable MR-401R est une centrale multi-zones adressable \u00e0 3 boucles (SLC) compatible avec le nouveau syst\u00e8me d'alarme incendie de l'Union europ\u00e9enne. <a href=\"https:\/\/secutron.com\/product-category\/addressable-devices-detectors\/4000-series-devices\/\">S\u00e9rie IRM-4000<\/a>.<\/p>\n<p><strong>4 raisons de choisir le MR-401R<\/strong>\u00a0Centrale d'alarme incendie adressable :<\/p>\n<ol>\n<li>Le panneau est id\u00e9al pour les petits et moyens travaux. <strong>Il est facile \u00e0 installer et \u00e0 configurer<\/strong>.<\/li>\n<li><strong>Le MR-401R est livr\u00e9 pr\u00e9-assembl\u00e9.<\/strong> Il est livr\u00e9 avec la carte m\u00e8re, l'alimentation, le transformateur, l'\u00e9cran principal, un bo\u00eetier noir et un bo\u00eetier \u00e0 porte rouge.<\/li>\n<li><strong>Le panneau est compatible avec le nouveau <a href=\"https:\/\/secutron.com\/product-category\/addressable-devices-detectors\/4000-series-devices\/\">S\u00e9rie MRI-4000.<\/a><\/strong>\u00a0Il est livr\u00e9 avec une boucle adressable (SLC) et peut comporter jusqu'\u00e0 3 boucles, avec un maximum de 240 <a href=\"https:\/\/secutron.com\/product-category\/addressable-devices-detectors\/4000-series-devices\/\">Appareils IRM-4000<\/a> par boucle. Connectez l'ALC-480 Dual Loop Adder au panneau pour disposer des 2 (SLC) <a href=\"https:\/\/secutron.com\/product-category\/addressable-devices-detectors\/4000-series-devices\/\">Appareils IRM-4000<\/a> et des boucles compatibles avec ce syst\u00e8me. L'ALC-480 est vendu s\u00e9par\u00e9ment.<\/li>\n<li><strong>Le MR-401R est \u00e9quip\u00e9 d'un composeur int\u00e9gr\u00e9.<\/strong> Le composeur permet de communiquer l'\u00e9tat du panneau \u00e0 la station centrale de surveillance \u00e0 distance \u00e0 l'aide de deux lignes t\u00e9l\u00e9phoniques d\u00e9di\u00e9es.<\/li>\n<\/ol>\n<p>La centrale d'alarme incendie adressable MR-401R de Secutron offre les avantages suivants :<\/p>\n<ul>\n<li>Carte principale, bloc d'alimentation et bo\u00eetier arri\u00e8re.<\/li>\n<li>Options flexibles de configuration des zones et des groupes.<\/li>\n<li>3500 Affichage principal avec \u00e9cran LCD 4 x 20.<\/li>\n<li>Boucle(s) analogique(s) de classe A (DCLA), de classe X (DCLC) ou de classe B (DCLB).<\/li>\n<li>Quatre circuits NAC \u00e0 puissance limit\u00e9e de classe B, classe A (max. 1,5 amp\u00e8re chacun - 6,0 amp\u00e8res au total).<\/li>\n<li>Jusqu'\u00e0 3 boucles compatibles MRI-4000 (SLC) avec un maximum de 720 appareils, 240 par boucle.<\/li>\n<li>Relais d'alarme commune, de supervision, de panne et d'alarme auxiliaire d\u00e9di\u00e9s.<\/li>\n<li>Un module additionnel d'affichage RAX-1048TZDS peut \u00eatre ajout\u00e9 pour fournir 96 points d'annonce par module additionnel.<\/li>\n<li>Les sorties suppl\u00e9mentaires comprennent des connexions pour un indicateur de panne \u00e0 distance MR-2300T, un module d'inversion de polarit\u00e9 MR-2300-PR, un bus RS-485 pour la connexion d'un maximum de sept RAX-LCD-LITE, RAM-3500-LCD, SRM-312 et annonciateurs de la s\u00e9rie RA-1000.<\/li>\n<li>L'alimentation auxiliaire est disponible sous forme de 24V FWR non filtr\u00e9e et non supervis\u00e9e, 24VDC filtr\u00e9e et r\u00e9gul\u00e9e, et alimentation auxiliaire r\u00e9initialisable.<\/li>\n<li>Le composeur POTs int\u00e9gr\u00e9 permet de signaler les \u00e9v\u00e9nements \u00e0 un centre de surveillance.<\/li>\n<\/ul>\n<p>&nbsp;<\/p>\n<p><a href=\"https:\/\/secutron.com\/wp-content\/uploads\/home_fm-approved.png\"><img decoding=\"async\" class=\"size-full wp-image-12552\" src=\"https:\/\/mircom.com\/wp-content\/uploads\/ul.jpg\" alt=\"ul\" width=\"120\" height=\"90\" \/><\/a><a href=\"https:\/\/secutron.com\/wp-content\/uploads\/products\/ulc-1.png\"><img decoding=\"async\" class=\"alignnone size-full wp-image-3327\" src=\"https:\/\/secutron.com\/wp-content\/uploads\/products\/ulc-1.png\" alt=\"\" width=\"120\" height=\"90\" \/><\/a><a href=\"https:\/\/secutron.com\/wp-content\/uploads\/csfm.jpg\"><img decoding=\"async\" class=\"alignnone size-full wp-image-1632\" src=\"https:\/\/secutron.com\/wp-content\/uploads\/csfm.jpg\" alt=\"\" width=\"120\" height=\"90\" \/><\/a><a href=\"https:\/\/secutron.com\/wp-content\/uploads\/products\/NYC_firedept.jpg\"><img loading=\"lazy\" decoding=\"async\" class=\"alignnone size-full wp-image-3326\" src=\"https:\/\/secutron.com\/wp-content\/uploads\/products\/NYC_firedept.jpg\" alt=\"\" width=\"120\" height=\"90\" \/><\/a><a href=\"https:\/\/secutron.com\/wp-content\/uploads\/home_fm-approved.png\"><img loading=\"lazy\" decoding=\"async\" class=\"alignnone wp-image-764\" src=\"https:\/\/secutron.com\/wp-content\/uploads\/home_fm-approved.png\" alt=\"Secutron FM Approved\" width=\"131\" height=\"131\" srcset=\"https:\/\/secutron.com\/wp-content\/uploads\/home_fm-approved.png 163w, https:\/\/secutron.com\/wp-content\/uploads\/home_fm-approved-150x150.png 150w, https:\/\/secutron.com\/wp-content\/uploads\/home_fm-approved-80x80.png 80w, https:\/\/secutron.com\/wp-content\/uploads\/home_fm-approved-100x100.png 100w\" sizes=\"(max-width: 131px) 100vw, 131px\" \/><\/a><\/p>","protected":false},"excerpt":{"rendered":"<p>La centrale d'alarme incendie adressable MR-401R est une centrale multi-zones adressable \u00e0 3 boucles (SLC) compatible avec le nouveau syst\u00e8me d'alarme incendie de l'Union europ\u00e9enne. <a href=\"https:\/\/secutron.com\/product-category\/addressable-devices-detectors\/4000-series-devices\/\">S\u00e9rie IRM-4000<\/a>.<\/p>","protected":false},"featured_media":1536,"template":"","meta":{"_acf_changed":false,"om_disable_all_campaigns":false,"_monsterinsights_skip_tracking":false,"_monsterinsights_sitenote_active":false,"_monsterinsights_sitenote_note":"","_monsterinsights_sitenote_category":0,"footnotes":""},"product_brand":[],"product_cat":[39],"product_tag":[],"class_list":{"0":"post-1509","1":"product","2":"type-product","3":"status-publish","4":"has-post-thumbnail","6":"product_cat-addressable-fire-alarm-systems","8":"first","9":"instock","10":"shipping-taxable","11":"product-type-simple"},"acf":[],"yoast_head":"<!-- This site is optimized with the Yoast SEO plugin v27.4 - https:\/\/yoast.com\/product\/yoast-seo-wordpress\/ -->\n<title>MR-401R - Secutron<\/title>\n<meta name=\"description\" content=\"Choose Secutron&#039;s MR-401R Addressable Fire Alarm Control Panel for its ease of installation and configuration, compatibility with the new MRI-4000 Series.\" \/>\n<meta name=\"robots\" content=\"index, follow, max-snippet:-1, max-image-preview:large, max-video-preview:-1\" \/>\n<link rel=\"canonical\" href=\"https:\/\/secutron.com\/fr\/products\/mr-401r\/\" \/>\n<meta property=\"og:locale\" content=\"fr_CA\" \/>\n<meta property=\"og:type\" content=\"article\" \/>\n<meta property=\"og:title\" content=\"MR-401R - Secutron\" \/>\n<meta property=\"og:description\" content=\"Choose Secutron&#039;s MR-401R Addressable Fire Alarm Control Panel for its ease of installation and configuration, compatibility with the new MRI-4000 Series.\" \/>\n<meta property=\"og:url\" content=\"https:\/\/secutron.com\/fr\/products\/mr-401r\/\" \/>\n<meta property=\"og:site_name\" content=\"Secutron\" \/>\n<meta property=\"article:modified_time\" content=\"2025-02-25T17:05:12+00:00\" \/>\n<meta property=\"og:image\" content=\"https:\/\/secutron.com\/wp-content\/uploads\/products\/MR-401R-front_sm.jpg\" \/>\n\t<meta property=\"og:image:width\" content=\"900\" \/>\n\t<meta property=\"og:image:height\" content=\"900\" \/>\n\t<meta property=\"og:image:type\" content=\"image\/jpeg\" \/>\n<meta name=\"twitter:card\" content=\"summary_large_image\" \/>\n<meta name=\"twitter:label1\" content=\"Estimation du temps de lecture\" \/>\n\t<meta name=\"twitter:data1\" content=\"3 minutes\" \/>\n<script type=\"application\/ld+json\" class=\"yoast-schema-graph\">{\"@context\":\"https:\\\/\\\/schema.org\",\"@graph\":[{\"@type\":\"WebPage\",\"@id\":\"https:\\\/\\\/secutron.com\\\/products\\\/mr-401r\\\/\",\"url\":\"https:\\\/\\\/secutron.com\\\/products\\\/mr-401r\\\/\",\"name\":\"MR-401R - Secutron\",\"isPartOf\":{\"@id\":\"https:\\\/\\\/secutron.com\\\/#website\"},\"primaryImageOfPage\":{\"@id\":\"https:\\\/\\\/secutron.com\\\/products\\\/mr-401r\\\/#primaryimage\"},\"image\":{\"@id\":\"https:\\\/\\\/secutron.com\\\/products\\\/mr-401r\\\/#primaryimage\"},\"thumbnailUrl\":\"https:\\\/\\\/secutron.com\\\/wp-content\\\/uploads\\\/products\\\/MR-401R-front_sm.jpg\",\"datePublished\":\"2022-07-04T13:28:08+00:00\",\"dateModified\":\"2025-02-25T17:05:12+00:00\",\"description\":\"Choose Secutron's MR-401R Addressable Fire Alarm Control Panel for its ease of installation and configuration, compatibility with the new MRI-4000 Series.\",\"breadcrumb\":{\"@id\":\"https:\\\/\\\/secutron.com\\\/products\\\/mr-401r\\\/#breadcrumb\"},\"inLanguage\":\"fr-CA\",\"potentialAction\":[{\"@type\":\"ReadAction\",\"target\":[\"https:\\\/\\\/secutron.com\\\/products\\\/mr-401r\\\/\"]}]},{\"@type\":\"ImageObject\",\"inLanguage\":\"fr-CA\",\"@id\":\"https:\\\/\\\/secutron.com\\\/products\\\/mr-401r\\\/#primaryimage\",\"url\":\"https:\\\/\\\/secutron.com\\\/wp-content\\\/uploads\\\/products\\\/MR-401R-front_sm.jpg\",\"contentUrl\":\"https:\\\/\\\/secutron.com\\\/wp-content\\\/uploads\\\/products\\\/MR-401R-front_sm.jpg\",\"width\":900,\"height\":900,\"caption\":\"MR-401R front_sm\"},{\"@type\":\"BreadcrumbList\",\"@id\":\"https:\\\/\\\/secutron.com\\\/products\\\/mr-401r\\\/#breadcrumb\",\"itemListElement\":[{\"@type\":\"ListItem\",\"position\":1,\"name\":\"Home\",\"item\":\"https:\\\/\\\/secutron.com\\\/\"},{\"@type\":\"ListItem\",\"position\":2,\"name\":\"Shop\",\"item\":\"https:\\\/\\\/secutron.com\\\/shop\\\/\"},{\"@type\":\"ListItem\",\"position\":3,\"name\":\"MR-401R\"}]},{\"@type\":\"WebSite\",\"@id\":\"https:\\\/\\\/secutron.com\\\/#website\",\"url\":\"https:\\\/\\\/secutron.com\\\/\",\"name\":\"Secutron\",\"description\":\"\",\"potentialAction\":[{\"@type\":\"SearchAction\",\"target\":{\"@type\":\"EntryPoint\",\"urlTemplate\":\"https:\\\/\\\/secutron.com\\\/?s={search_term_string}\"},\"query-input\":{\"@type\":\"PropertyValueSpecification\",\"valueRequired\":true,\"valueName\":\"search_term_string\"}}],\"inLanguage\":\"fr-CA\"}]}<\/script>\n<!-- \/ Yoast SEO plugin. -->","yoast_head_json":{"title":"MR-401R - Secutron","description":"Choisissez la centrale d'alarme incendie adressable MR-401R de Secutron pour sa facilit\u00e9 d'installation et de configuration, sa compatibilit\u00e9 avec la nouvelle s\u00e9rie MRI-4000.","robots":{"index":"index","follow":"follow","max-snippet":"max-snippet:-1","max-image-preview":"max-image-preview:large","max-video-preview":"max-video-preview:-1"},"canonical":"https:\/\/secutron.com\/fr\/products\/mr-401r\/","og_locale":"fr_CA","og_type":"article","og_title":"MR-401R - Secutron","og_description":"Choose Secutron's MR-401R Addressable Fire Alarm Control Panel for its ease of installation and configuration, compatibility with the new MRI-4000 Series.","og_url":"https:\/\/secutron.com\/fr\/products\/mr-401r\/","og_site_name":"Secutron","article_modified_time":"2025-02-25T17:05:12+00:00","og_image":[{"width":900,"height":900,"url":"https:\/\/secutron.com\/wp-content\/uploads\/products\/MR-401R-front_sm.jpg","type":"image\/jpeg"}],"twitter_card":"summary_large_image","twitter_misc":{"Estimation du temps de lecture":"3 minutes"},"schema":{"@context":"https:\/\/schema.org","@graph":[{"@type":"WebPage","@id":"https:\/\/secutron.com\/products\/mr-401r\/","url":"https:\/\/secutron.com\/products\/mr-401r\/","name":"MR-401R - Secutron","isPartOf":{"@id":"https:\/\/secutron.com\/#website"},"primaryImageOfPage":{"@id":"https:\/\/secutron.com\/products\/mr-401r\/#primaryimage"},"image":{"@id":"https:\/\/secutron.com\/products\/mr-401r\/#primaryimage"},"thumbnailUrl":"https:\/\/secutron.com\/wp-content\/uploads\/products\/MR-401R-front_sm.jpg","datePublished":"2022-07-04T13:28:08+00:00","dateModified":"2025-02-25T17:05:12+00:00","description":"Choisissez la centrale d'alarme incendie adressable MR-401R de Secutron pour sa facilit\u00e9 d'installation et de configuration, sa compatibilit\u00e9 avec la nouvelle s\u00e9rie MRI-4000.","breadcrumb":{"@id":"https:\/\/secutron.com\/products\/mr-401r\/#breadcrumb"},"inLanguage":"fr-CA","potentialAction":[{"@type":"ReadAction","target":["https:\/\/secutron.com\/products\/mr-401r\/"]}]},{"@type":"ImageObject","inLanguage":"fr-CA","@id":"https:\/\/secutron.com\/products\/mr-401r\/#primaryimage","url":"https:\/\/secutron.com\/wp-content\/uploads\/products\/MR-401R-front_sm.jpg","contentUrl":"https:\/\/secutron.com\/wp-content\/uploads\/products\/MR-401R-front_sm.jpg","width":900,"height":900,"caption":"MR-401R front_sm"},{"@type":"BreadcrumbList","@id":"https:\/\/secutron.com\/products\/mr-401r\/#breadcrumb","itemListElement":[{"@type":"ListItem","position":1,"name":"Home","item":"https:\/\/secutron.com\/"},{"@type":"ListItem","position":2,"name":"Shop","item":"https:\/\/secutron.com\/shop\/"},{"@type":"ListItem","position":3,"name":"MR-401R"}]},{"@type":"WebSite","@id":"https:\/\/secutron.com\/#website","url":"https:\/\/secutron.com\/","name":"Secutron","description":"","potentialAction":[{"@type":"SearchAction","target":{"@type":"EntryPoint","urlTemplate":"https:\/\/secutron.com\/?s={search_term_string}"},"query-input":{"@type":"PropertyValueSpecification","valueRequired":true,"valueName":"search_term_string"}}],"inLanguage":"fr-CA"}]}},"_links":{"self":[{"href":"https:\/\/secutron.com\/fr\/wp-json\/wp\/v2\/product\/1509","targetHints":{"allow":["GET"]}}],"collection":[{"href":"https:\/\/secutron.com\/fr\/wp-json\/wp\/v2\/product"}],"about":[{"href":"https:\/\/secutron.com\/fr\/wp-json\/wp\/v2\/types\/product"}],"version-history":[{"count":7,"href":"https:\/\/secutron.com\/fr\/wp-json\/wp\/v2\/product\/1509\/revisions"}],"predecessor-version":[{"id":2999,"href":"https:\/\/secutron.com\/fr\/wp-json\/wp\/v2\/product\/1509\/revisions\/2999"}],"wp:featuredmedia":[{"embeddable":true,"href":"https:\/\/secutron.com\/fr\/wp-json\/wp\/v2\/media\/1536"}],"wp:attachment":[{"href":"https:\/\/secutron.com\/fr\/wp-json\/wp\/v2\/media?parent=1509"}],"wp:term":[{"taxonomy":"product_brand","embeddable":true,"href":"https:\/\/secutron.com\/fr\/wp-json\/wp\/v2\/product_brand?post=1509"},{"taxonomy":"product_cat","embeddable":true,"href":"https:\/\/secutron.com\/fr\/wp-json\/wp\/v2\/product_cat?post=1509"},{"taxonomy":"product_tag","embeddable":true,"href":"https:\/\/secutron.com\/fr\/wp-json\/wp\/v2\/product_tag?post=1509"}],"curies":[{"name":"wp","href":"https:\/\/api.w.org\/{rel}","templated":true}]}}