{"id":1483,"date":"2022-04-21T15:13:38","date_gmt":"2022-04-21T19:13:38","guid":{"rendered":"https:\/\/secutron.com\/?post_type=product&#038;p=1483"},"modified":"2024-08-01T10:32:26","modified_gmt":"2024-08-01T14:32:26","slug":"mri-4003-r-relay-base","status":"publish","type":"product","link":"https:\/\/secutron.com\/fr\/products\/mri-4003-r-relay-base\/","title":{"rendered":"MRI-4003-R Base de relais"},"content":{"rendered":"<p>La base de relais MRI-4003-R fournit un contact de forme C (SPDT) \u00e9valu\u00e9 \u00e0 2A \u00e0 30Vdc, ou 0,5A \u00e0 125Vac et un panneau compatible peut commuter des contacts discrets par commande.<\/p>\n<h4>CARACT\u00c9RISTIQUES<\/h4>\n<ul>\n<li>Compatible avec les d\u00e9tecteurs isol\u00e9s et non isol\u00e9s.<\/li>\n<li>Con\u00e7u pour r\u00e9pondre aux exigences UL268\/ULCS529 pour les d\u00e9tecteurs de fum\u00e9e<\/li>\n<li>Con\u00e7u pour r\u00e9pondre aux exigences UL521\/ULC S530 pour les d\u00e9tecteurs de chaleur.<\/li>\n<\/ul>\n<h4>B\u00c9N\u00c9FICES<\/h4>\n<ul>\n<li>Les bases de montage ouvertes facilitent le c\u00e2blage et l'arrimage \u00e0 basse pression.<\/li>\n<li>Gagnez du temps gr\u00e2ce aux multiples options de montage<\/li>\n<li>Compatible avec tous les d\u00e9tecteurs MRI-4000<\/li>\n<\/ul>\n<h4>DESCRIPTION<\/h4>\n<p>Les connexions de circuit aux contacts de relais ne sont pas supervis\u00e9es par la base. L'IRM-4003-R permet une activation group\u00e9e pour un temps de r\u00e9action rapide.<\/p>\n<p>Le MRI-4003-R doit \u00eatre utilis\u00e9 avec une centrale d'alarme incendie compatible. L'appareil peut contr\u00f4ler un circuit ind\u00e9pendant en utilisant une seule adresse.<\/p>\n<h4>LISTES D'AGENCES<\/h4>\n<p>&nbsp;<\/p>\n<p><img decoding=\"async\" src=\"https:\/\/mircom.com\/wp-content\/uploads\/products\/ul.jpg\" \/> <img decoding=\"async\" src=\"https:\/\/mircom.com\/wp-content\/uploads\/products\/ulc.jpg\" \/><a href=\"https:\/\/secutron.com\/wp-content\/uploads\/csfm.jpg\"><img decoding=\"async\" class=\"alignnone size-full wp-image-1632\" src=\"https:\/\/secutron.com\/wp-content\/uploads\/csfm.jpg\" alt=\"\" width=\"120\" height=\"90\" \/><\/a><\/p>","protected":false},"excerpt":{"rendered":"<p>La base de relais MRI-4003-R fournit un contact de forme C (SPDT) \u00e9valu\u00e9 \u00e0 2A \u00e0 30Vdc, ou 0,5A \u00e0 125Vac et un panneau compatible peut commuter des contacts discrets par commande.<\/p>","protected":false},"featured_media":1482,"template":"","meta":{"_acf_changed":false,"om_disable_all_campaigns":false,"_monsterinsights_skip_tracking":false,"_monsterinsights_sitenote_active":false,"_monsterinsights_sitenote_note":"","_monsterinsights_sitenote_category":0,"footnotes":""},"product_brand":[],"product_cat":[77],"product_tag":[],"class_list":{"0":"post-1483","1":"product","2":"type-product","3":"status-publish","4":"has-post-thumbnail","6":"product_cat-4000-series-devices","8":"first","9":"instock","10":"shipping-taxable","11":"product-type-simple"},"acf":[],"yoast_head":"<!-- This site is optimized with the Yoast SEO plugin v27.4 - https:\/\/yoast.com\/product\/yoast-seo-wordpress\/ -->\n<title>MRI-4003-R Relay Base - Secutron<\/title>\n<meta name=\"description\" content=\"Discover the MRI-4003-R Relay Base with one form C (SPDT) contact, ideal for isolated and non-isolated detectors. Easy wiring and multiple mounting options.\" \/>\n<meta name=\"robots\" content=\"index, follow, max-snippet:-1, max-image-preview:large, max-video-preview:-1\" \/>\n<link rel=\"canonical\" href=\"https:\/\/secutron.com\/fr\/products\/mri-4003-r-relay-base\/\" \/>\n<meta property=\"og:locale\" content=\"fr_CA\" \/>\n<meta property=\"og:type\" content=\"article\" \/>\n<meta property=\"og:title\" content=\"MRI-4003-R Relay Base - Secutron\" \/>\n<meta property=\"og:description\" content=\"Discover the MRI-4003-R Relay Base with one form C (SPDT) contact, ideal for isolated and non-isolated detectors. Easy wiring and multiple mounting options.\" \/>\n<meta property=\"og:url\" content=\"https:\/\/secutron.com\/fr\/products\/mri-4003-r-relay-base\/\" \/>\n<meta property=\"og:site_name\" content=\"Secutron\" \/>\n<meta property=\"article:modified_time\" content=\"2024-08-01T14:32:26+00:00\" \/>\n<meta property=\"og:image\" content=\"https:\/\/secutron.com\/wp-content\/uploads\/products\/mix-4003-r-scaled.jpg\" \/>\n\t<meta property=\"og:image:width\" content=\"2560\" \/>\n\t<meta property=\"og:image:height\" content=\"1920\" \/>\n\t<meta property=\"og:image:type\" content=\"image\/jpeg\" \/>\n<meta name=\"twitter:card\" content=\"summary_large_image\" \/>\n<meta name=\"twitter:label1\" content=\"Estimation du temps de lecture\" \/>\n\t<meta name=\"twitter:data1\" content=\"2 minutes\" \/>\n<script type=\"application\/ld+json\" class=\"yoast-schema-graph\">{\"@context\":\"https:\\\/\\\/schema.org\",\"@graph\":[{\"@type\":\"WebPage\",\"@id\":\"https:\\\/\\\/secutron.com\\\/products\\\/mri-4003-r-relay-base\\\/\",\"url\":\"https:\\\/\\\/secutron.com\\\/products\\\/mri-4003-r-relay-base\\\/\",\"name\":\"MRI-4003-R Relay Base - Secutron\",\"isPartOf\":{\"@id\":\"https:\\\/\\\/secutron.com\\\/#website\"},\"primaryImageOfPage\":{\"@id\":\"https:\\\/\\\/secutron.com\\\/products\\\/mri-4003-r-relay-base\\\/#primaryimage\"},\"image\":{\"@id\":\"https:\\\/\\\/secutron.com\\\/products\\\/mri-4003-r-relay-base\\\/#primaryimage\"},\"thumbnailUrl\":\"https:\\\/\\\/secutron.com\\\/wp-content\\\/uploads\\\/products\\\/mix-4003-r-scaled.jpg\",\"datePublished\":\"2022-04-21T19:13:38+00:00\",\"dateModified\":\"2024-08-01T14:32:26+00:00\",\"description\":\"Discover the MRI-4003-R Relay Base with one form C (SPDT) contact, ideal for isolated and non-isolated detectors. Easy wiring and multiple mounting options.\",\"breadcrumb\":{\"@id\":\"https:\\\/\\\/secutron.com\\\/products\\\/mri-4003-r-relay-base\\\/#breadcrumb\"},\"inLanguage\":\"fr-CA\",\"potentialAction\":[{\"@type\":\"ReadAction\",\"target\":[\"https:\\\/\\\/secutron.com\\\/products\\\/mri-4003-r-relay-base\\\/\"]}]},{\"@type\":\"ImageObject\",\"inLanguage\":\"fr-CA\",\"@id\":\"https:\\\/\\\/secutron.com\\\/products\\\/mri-4003-r-relay-base\\\/#primaryimage\",\"url\":\"https:\\\/\\\/secutron.com\\\/wp-content\\\/uploads\\\/products\\\/mix-4003-r-scaled.jpg\",\"contentUrl\":\"https:\\\/\\\/secutron.com\\\/wp-content\\\/uploads\\\/products\\\/mix-4003-r-scaled.jpg\",\"width\":2560,\"height\":1920,\"caption\":\"MIX-4003-S sounder base\"},{\"@type\":\"BreadcrumbList\",\"@id\":\"https:\\\/\\\/secutron.com\\\/products\\\/mri-4003-r-relay-base\\\/#breadcrumb\",\"itemListElement\":[{\"@type\":\"ListItem\",\"position\":1,\"name\":\"Home\",\"item\":\"https:\\\/\\\/secutron.com\\\/\"},{\"@type\":\"ListItem\",\"position\":2,\"name\":\"Shop\",\"item\":\"https:\\\/\\\/secutron.com\\\/shop\\\/\"},{\"@type\":\"ListItem\",\"position\":3,\"name\":\"MRI-4003-R Relay Base\"}]},{\"@type\":\"WebSite\",\"@id\":\"https:\\\/\\\/secutron.com\\\/#website\",\"url\":\"https:\\\/\\\/secutron.com\\\/\",\"name\":\"Secutron\",\"description\":\"\",\"potentialAction\":[{\"@type\":\"SearchAction\",\"target\":{\"@type\":\"EntryPoint\",\"urlTemplate\":\"https:\\\/\\\/secutron.com\\\/?s={search_term_string}\"},\"query-input\":{\"@type\":\"PropertyValueSpecification\",\"valueRequired\":true,\"valueName\":\"search_term_string\"}}],\"inLanguage\":\"fr-CA\"}]}<\/script>\n<!-- \/ Yoast SEO plugin. -->","yoast_head_json":{"title":"MRI-4003-R Base de relais - Secutron","description":"D\u00e9couvrez la base de relais MRI-4003-R avec un contact de forme C (SPDT), id\u00e9ale pour les d\u00e9tecteurs isol\u00e9s et non isol\u00e9s. C\u00e2blage facile et multiples options de montage.","robots":{"index":"index","follow":"follow","max-snippet":"max-snippet:-1","max-image-preview":"max-image-preview:large","max-video-preview":"max-video-preview:-1"},"canonical":"https:\/\/secutron.com\/fr\/products\/mri-4003-r-relay-base\/","og_locale":"fr_CA","og_type":"article","og_title":"MRI-4003-R Relay Base - Secutron","og_description":"Discover the MRI-4003-R Relay Base with one form C (SPDT) contact, ideal for isolated and non-isolated detectors. Easy wiring and multiple mounting options.","og_url":"https:\/\/secutron.com\/fr\/products\/mri-4003-r-relay-base\/","og_site_name":"Secutron","article_modified_time":"2024-08-01T14:32:26+00:00","og_image":[{"width":2560,"height":1920,"url":"https:\/\/secutron.com\/wp-content\/uploads\/products\/mix-4003-r-scaled.jpg","type":"image\/jpeg"}],"twitter_card":"summary_large_image","twitter_misc":{"Estimation du temps de lecture":"2 minutes"},"schema":{"@context":"https:\/\/schema.org","@graph":[{"@type":"WebPage","@id":"https:\/\/secutron.com\/products\/mri-4003-r-relay-base\/","url":"https:\/\/secutron.com\/products\/mri-4003-r-relay-base\/","name":"MRI-4003-R Base de relais - Secutron","isPartOf":{"@id":"https:\/\/secutron.com\/#website"},"primaryImageOfPage":{"@id":"https:\/\/secutron.com\/products\/mri-4003-r-relay-base\/#primaryimage"},"image":{"@id":"https:\/\/secutron.com\/products\/mri-4003-r-relay-base\/#primaryimage"},"thumbnailUrl":"https:\/\/secutron.com\/wp-content\/uploads\/products\/mix-4003-r-scaled.jpg","datePublished":"2022-04-21T19:13:38+00:00","dateModified":"2024-08-01T14:32:26+00:00","description":"D\u00e9couvrez la base de relais MRI-4003-R avec un contact de forme C (SPDT), id\u00e9ale pour les d\u00e9tecteurs isol\u00e9s et non isol\u00e9s. C\u00e2blage facile et multiples options de montage.","breadcrumb":{"@id":"https:\/\/secutron.com\/products\/mri-4003-r-relay-base\/#breadcrumb"},"inLanguage":"fr-CA","potentialAction":[{"@type":"ReadAction","target":["https:\/\/secutron.com\/products\/mri-4003-r-relay-base\/"]}]},{"@type":"ImageObject","inLanguage":"fr-CA","@id":"https:\/\/secutron.com\/products\/mri-4003-r-relay-base\/#primaryimage","url":"https:\/\/secutron.com\/wp-content\/uploads\/products\/mix-4003-r-scaled.jpg","contentUrl":"https:\/\/secutron.com\/wp-content\/uploads\/products\/mix-4003-r-scaled.jpg","width":2560,"height":1920,"caption":"MIX-4003-S sounder base"},{"@type":"BreadcrumbList","@id":"https:\/\/secutron.com\/products\/mri-4003-r-relay-base\/#breadcrumb","itemListElement":[{"@type":"ListItem","position":1,"name":"Home","item":"https:\/\/secutron.com\/"},{"@type":"ListItem","position":2,"name":"Shop","item":"https:\/\/secutron.com\/shop\/"},{"@type":"ListItem","position":3,"name":"MRI-4003-R Relay Base"}]},{"@type":"WebSite","@id":"https:\/\/secutron.com\/#website","url":"https:\/\/secutron.com\/","name":"Secutron","description":"","potentialAction":[{"@type":"SearchAction","target":{"@type":"EntryPoint","urlTemplate":"https:\/\/secutron.com\/?s={search_term_string}"},"query-input":{"@type":"PropertyValueSpecification","valueRequired":true,"valueName":"search_term_string"}}],"inLanguage":"fr-CA"}]}},"_links":{"self":[{"href":"https:\/\/secutron.com\/fr\/wp-json\/wp\/v2\/product\/1483","targetHints":{"allow":["GET"]}}],"collection":[{"href":"https:\/\/secutron.com\/fr\/wp-json\/wp\/v2\/product"}],"about":[{"href":"https:\/\/secutron.com\/fr\/wp-json\/wp\/v2\/types\/product"}],"version-history":[{"count":4,"href":"https:\/\/secutron.com\/fr\/wp-json\/wp\/v2\/product\/1483\/revisions"}],"predecessor-version":[{"id":3460,"href":"https:\/\/secutron.com\/fr\/wp-json\/wp\/v2\/product\/1483\/revisions\/3460"}],"wp:featuredmedia":[{"embeddable":true,"href":"https:\/\/secutron.com\/fr\/wp-json\/wp\/v2\/media\/1482"}],"wp:attachment":[{"href":"https:\/\/secutron.com\/fr\/wp-json\/wp\/v2\/media?parent=1483"}],"wp:term":[{"taxonomy":"product_brand","embeddable":true,"href":"https:\/\/secutron.com\/fr\/wp-json\/wp\/v2\/product_brand?post=1483"},{"taxonomy":"product_cat","embeddable":true,"href":"https:\/\/secutron.com\/fr\/wp-json\/wp\/v2\/product_cat?post=1483"},{"taxonomy":"product_tag","embeddable":true,"href":"https:\/\/secutron.com\/fr\/wp-json\/wp\/v2\/product_tag?post=1483"}],"curies":[{"name":"wp","href":"https:\/\/api.w.org\/{rel}","templated":true}]}}