{"id":1478,"date":"2022-04-21T15:03:04","date_gmt":"2022-04-21T19:03:04","guid":{"rendered":"https:\/\/secutron.com\/?post_type=product&#038;p=1478"},"modified":"2024-08-01T10:32:34","modified_gmt":"2024-08-01T14:32:34","slug":"mri-4003-s-sounder-base","status":"publish","type":"product","link":"https:\/\/secutron.com\/fr\/products\/mri-4003-s-sounder-base\/","title":{"rendered":"MRI-4003-S Base du sondeur"},"content":{"rendered":"<p>La base de la sir\u00e8ne MRI-4003-S permet de d\u00e9clencher des alarmes localis\u00e9es pour les dispositifs de d\u00e9tection d'incendie de la famille MRI-4000.<\/p>\n<h4>CARACT\u00c9RISTIQUES<\/h4>\n<ul>\n<li>Plusieurs options de tonalit\u00e9s.<\/li>\n<li>Signal d'alarme incendie \u00e0 trois impulsions temporelles exig\u00e9 par la norme NFPA 72.<\/li>\n<li>Deux niveaux de volume : bas et haut<\/li>\n<\/ul>\n<h4>B\u00c9N\u00c9FICES<\/h4>\n<ul>\n<li>Les bases de montage ouvertes facilitent le c\u00e2blage et l'arrimage \u00e0 basse pression.<\/li>\n<li>Gagnez du temps gr\u00e2ce aux multiples options de montage<\/li>\n<li>Compatible avec tous les d\u00e9tecteurs MRI-4000<\/li>\n<\/ul>\n<h4>DESCRIPTION<\/h4>\n<p>Il peut \u00eatre utilis\u00e9 \u00e0 la place des avertisseurs sonores externes pour minimiser les co\u00fbts d'installation et l'encombrement, tout en permettant un contr\u00f4le individuel du taux de signal et de l'\u00e9tat marche-arr\u00eat pour chaque dispositif.<br \/>\nLe MRI-4003-S doit \u00eatre utilis\u00e9 avec un panneau de contr\u00f4le Secutron compatible.<br \/>\nLe mode op\u00e9rationnel et les niveaux sont s\u00e9lectionn\u00e9s au niveau du panneau d'alarme incendie par l'interm\u00e9diaire de l'outil de configuration MGC MP.<\/p>\n<h4>LISTES D'AGENCES<\/h4>\n<p>&nbsp;<\/p>\n<p><img decoding=\"async\" src=\"https:\/\/mircom.com\/wp-content\/uploads\/products\/ul.jpg\" \/> <img decoding=\"async\" src=\"https:\/\/mircom.com\/wp-content\/uploads\/products\/ulc.jpg\" \/><a href=\"https:\/\/secutron.com\/wp-content\/uploads\/csfm.jpg\"><img decoding=\"async\" class=\"alignnone size-full wp-image-1632\" src=\"https:\/\/secutron.com\/wp-content\/uploads\/csfm.jpg\" alt=\"\" width=\"120\" height=\"90\" \/><\/a><\/p>","protected":false},"excerpt":{"rendered":"<p>La base de la sir\u00e8ne MRI-4003-S permet de d\u00e9clencher des alarmes localis\u00e9es pour les dispositifs de d\u00e9tection d'incendie de la famille MRI-4000.<\/p>","protected":false},"featured_media":1482,"template":"","meta":{"_acf_changed":false,"om_disable_all_campaigns":false,"_monsterinsights_skip_tracking":false,"_monsterinsights_sitenote_active":false,"_monsterinsights_sitenote_note":"","_monsterinsights_sitenote_category":0,"footnotes":""},"product_brand":[],"product_cat":[77],"product_tag":[],"class_list":{"0":"post-1478","1":"product","2":"type-product","3":"status-publish","4":"has-post-thumbnail","6":"product_cat-4000-series-devices","8":"first","9":"instock","10":"shipping-taxable","11":"product-type-simple"},"acf":[],"yoast_head":"<!-- This site is optimized with the Yoast SEO plugin v27.5 - https:\/\/yoast.com\/product\/yoast-seo-wordpress\/ -->\n<title>MRI-4003-S Sounder Base - Secutron<\/title>\n<meta name=\"description\" content=\"This cost-effective solution provides localized alarm sounding, easy wiring with open style mounting bases, and compatibility with all MRI-4000 Detectors.\" \/>\n<meta name=\"robots\" content=\"index, follow, max-snippet:-1, max-image-preview:large, max-video-preview:-1\" \/>\n<link rel=\"canonical\" href=\"https:\/\/secutron.com\/fr\/products\/mri-4003-s-sounder-base\/\" \/>\n<meta property=\"og:locale\" content=\"fr_CA\" \/>\n<meta property=\"og:type\" content=\"article\" \/>\n<meta property=\"og:title\" content=\"MRI-4003-S Sounder Base - Secutron\" \/>\n<meta property=\"og:description\" content=\"This cost-effective solution provides localized alarm sounding, easy wiring with open style mounting bases, and compatibility with all MRI-4000 Detectors.\" \/>\n<meta property=\"og:url\" content=\"https:\/\/secutron.com\/fr\/products\/mri-4003-s-sounder-base\/\" \/>\n<meta property=\"og:site_name\" content=\"Secutron\" \/>\n<meta property=\"article:modified_time\" content=\"2024-08-01T14:32:34+00:00\" \/>\n<meta property=\"og:image\" content=\"https:\/\/secutron.com\/wp-content\/uploads\/products\/mix-4003-r-scaled.jpg\" \/>\n\t<meta property=\"og:image:width\" content=\"2560\" \/>\n\t<meta property=\"og:image:height\" content=\"1920\" \/>\n\t<meta property=\"og:image:type\" content=\"image\/jpeg\" \/>\n<meta name=\"twitter:card\" content=\"summary_large_image\" \/>\n<meta name=\"twitter:label1\" content=\"Estimation du temps de lecture\" \/>\n\t<meta name=\"twitter:data1\" content=\"2 minutes\" \/>\n<script type=\"application\/ld+json\" class=\"yoast-schema-graph\">{\"@context\":\"https:\\\/\\\/schema.org\",\"@graph\":[{\"@type\":\"WebPage\",\"@id\":\"https:\\\/\\\/secutron.com\\\/products\\\/mri-4003-s-sounder-base\\\/\",\"url\":\"https:\\\/\\\/secutron.com\\\/products\\\/mri-4003-s-sounder-base\\\/\",\"name\":\"MRI-4003-S Sounder Base - Secutron\",\"isPartOf\":{\"@id\":\"https:\\\/\\\/secutron.com\\\/#website\"},\"primaryImageOfPage\":{\"@id\":\"https:\\\/\\\/secutron.com\\\/products\\\/mri-4003-s-sounder-base\\\/#primaryimage\"},\"image\":{\"@id\":\"https:\\\/\\\/secutron.com\\\/products\\\/mri-4003-s-sounder-base\\\/#primaryimage\"},\"thumbnailUrl\":\"https:\\\/\\\/secutron.com\\\/wp-content\\\/uploads\\\/products\\\/mix-4003-r-scaled.jpg\",\"datePublished\":\"2022-04-21T19:03:04+00:00\",\"dateModified\":\"2024-08-01T14:32:34+00:00\",\"description\":\"This cost-effective solution provides localized alarm sounding, easy wiring with open style mounting bases, and compatibility with all MRI-4000 Detectors.\",\"breadcrumb\":{\"@id\":\"https:\\\/\\\/secutron.com\\\/products\\\/mri-4003-s-sounder-base\\\/#breadcrumb\"},\"inLanguage\":\"fr-CA\",\"potentialAction\":[{\"@type\":\"ReadAction\",\"target\":[\"https:\\\/\\\/secutron.com\\\/products\\\/mri-4003-s-sounder-base\\\/\"]}]},{\"@type\":\"ImageObject\",\"inLanguage\":\"fr-CA\",\"@id\":\"https:\\\/\\\/secutron.com\\\/products\\\/mri-4003-s-sounder-base\\\/#primaryimage\",\"url\":\"https:\\\/\\\/secutron.com\\\/wp-content\\\/uploads\\\/products\\\/mix-4003-r-scaled.jpg\",\"contentUrl\":\"https:\\\/\\\/secutron.com\\\/wp-content\\\/uploads\\\/products\\\/mix-4003-r-scaled.jpg\",\"width\":2560,\"height\":1920,\"caption\":\"MIX-4003-S sounder base\"},{\"@type\":\"BreadcrumbList\",\"@id\":\"https:\\\/\\\/secutron.com\\\/products\\\/mri-4003-s-sounder-base\\\/#breadcrumb\",\"itemListElement\":[{\"@type\":\"ListItem\",\"position\":1,\"name\":\"Home\",\"item\":\"https:\\\/\\\/secutron.com\\\/\"},{\"@type\":\"ListItem\",\"position\":2,\"name\":\"Shop\",\"item\":\"https:\\\/\\\/secutron.com\\\/shop\\\/\"},{\"@type\":\"ListItem\",\"position\":3,\"name\":\"MRI-4003-S Sounder Base\"}]},{\"@type\":\"WebSite\",\"@id\":\"https:\\\/\\\/secutron.com\\\/#website\",\"url\":\"https:\\\/\\\/secutron.com\\\/\",\"name\":\"Secutron\",\"description\":\"\",\"potentialAction\":[{\"@type\":\"SearchAction\",\"target\":{\"@type\":\"EntryPoint\",\"urlTemplate\":\"https:\\\/\\\/secutron.com\\\/?s={search_term_string}\"},\"query-input\":{\"@type\":\"PropertyValueSpecification\",\"valueRequired\":true,\"valueName\":\"search_term_string\"}}],\"inLanguage\":\"fr-CA\"}]}<\/script>\n<!-- \/ Yoast SEO plugin. -->","yoast_head_json":{"title":"MRI-4003-S Base du sondeur - Secutron","description":"Cette solution \u00e9conomique permet de d\u00e9clencher des alarmes localis\u00e9es, de faciliter le c\u00e2blage gr\u00e2ce \u00e0 des socles de montage ouverts et d'assurer la compatibilit\u00e9 avec tous les d\u00e9tecteurs IRM-4000.","robots":{"index":"index","follow":"follow","max-snippet":"max-snippet:-1","max-image-preview":"max-image-preview:large","max-video-preview":"max-video-preview:-1"},"canonical":"https:\/\/secutron.com\/fr\/products\/mri-4003-s-sounder-base\/","og_locale":"fr_CA","og_type":"article","og_title":"MRI-4003-S Sounder Base - Secutron","og_description":"This cost-effective solution provides localized alarm sounding, easy wiring with open style mounting bases, and compatibility with all MRI-4000 Detectors.","og_url":"https:\/\/secutron.com\/fr\/products\/mri-4003-s-sounder-base\/","og_site_name":"Secutron","article_modified_time":"2024-08-01T14:32:34+00:00","og_image":[{"width":2560,"height":1920,"url":"https:\/\/secutron.com\/wp-content\/uploads\/products\/mix-4003-r-scaled.jpg","type":"image\/jpeg"}],"twitter_card":"summary_large_image","twitter_misc":{"Estimation du temps de lecture":"2 minutes"},"schema":{"@context":"https:\/\/schema.org","@graph":[{"@type":"WebPage","@id":"https:\/\/secutron.com\/products\/mri-4003-s-sounder-base\/","url":"https:\/\/secutron.com\/products\/mri-4003-s-sounder-base\/","name":"MRI-4003-S Base du sondeur - Secutron","isPartOf":{"@id":"https:\/\/secutron.com\/#website"},"primaryImageOfPage":{"@id":"https:\/\/secutron.com\/products\/mri-4003-s-sounder-base\/#primaryimage"},"image":{"@id":"https:\/\/secutron.com\/products\/mri-4003-s-sounder-base\/#primaryimage"},"thumbnailUrl":"https:\/\/secutron.com\/wp-content\/uploads\/products\/mix-4003-r-scaled.jpg","datePublished":"2022-04-21T19:03:04+00:00","dateModified":"2024-08-01T14:32:34+00:00","description":"Cette solution \u00e9conomique permet de d\u00e9clencher des alarmes localis\u00e9es, de faciliter le c\u00e2blage gr\u00e2ce \u00e0 des socles de montage ouverts et d'assurer la compatibilit\u00e9 avec tous les d\u00e9tecteurs IRM-4000.","breadcrumb":{"@id":"https:\/\/secutron.com\/products\/mri-4003-s-sounder-base\/#breadcrumb"},"inLanguage":"fr-CA","potentialAction":[{"@type":"ReadAction","target":["https:\/\/secutron.com\/products\/mri-4003-s-sounder-base\/"]}]},{"@type":"ImageObject","inLanguage":"fr-CA","@id":"https:\/\/secutron.com\/products\/mri-4003-s-sounder-base\/#primaryimage","url":"https:\/\/secutron.com\/wp-content\/uploads\/products\/mix-4003-r-scaled.jpg","contentUrl":"https:\/\/secutron.com\/wp-content\/uploads\/products\/mix-4003-r-scaled.jpg","width":2560,"height":1920,"caption":"MIX-4003-S sounder base"},{"@type":"BreadcrumbList","@id":"https:\/\/secutron.com\/products\/mri-4003-s-sounder-base\/#breadcrumb","itemListElement":[{"@type":"ListItem","position":1,"name":"Home","item":"https:\/\/secutron.com\/"},{"@type":"ListItem","position":2,"name":"Shop","item":"https:\/\/secutron.com\/shop\/"},{"@type":"ListItem","position":3,"name":"MRI-4003-S Sounder Base"}]},{"@type":"WebSite","@id":"https:\/\/secutron.com\/#website","url":"https:\/\/secutron.com\/","name":"Secutron","description":"","potentialAction":[{"@type":"SearchAction","target":{"@type":"EntryPoint","urlTemplate":"https:\/\/secutron.com\/?s={search_term_string}"},"query-input":{"@type":"PropertyValueSpecification","valueRequired":true,"valueName":"search_term_string"}}],"inLanguage":"fr-CA"}]}},"_links":{"self":[{"href":"https:\/\/secutron.com\/fr\/wp-json\/wp\/v2\/product\/1478","targetHints":{"allow":["GET"]}}],"collection":[{"href":"https:\/\/secutron.com\/fr\/wp-json\/wp\/v2\/product"}],"about":[{"href":"https:\/\/secutron.com\/fr\/wp-json\/wp\/v2\/types\/product"}],"version-history":[{"count":5,"href":"https:\/\/secutron.com\/fr\/wp-json\/wp\/v2\/product\/1478\/revisions"}],"predecessor-version":[{"id":2883,"href":"https:\/\/secutron.com\/fr\/wp-json\/wp\/v2\/product\/1478\/revisions\/2883"}],"wp:featuredmedia":[{"embeddable":true,"href":"https:\/\/secutron.com\/fr\/wp-json\/wp\/v2\/media\/1482"}],"wp:attachment":[{"href":"https:\/\/secutron.com\/fr\/wp-json\/wp\/v2\/media?parent=1478"}],"wp:term":[{"taxonomy":"product_brand","embeddable":true,"href":"https:\/\/secutron.com\/fr\/wp-json\/wp\/v2\/product_brand?post=1478"},{"taxonomy":"product_cat","embeddable":true,"href":"https:\/\/secutron.com\/fr\/wp-json\/wp\/v2\/product_cat?post=1478"},{"taxonomy":"product_tag","embeddable":true,"href":"https:\/\/secutron.com\/fr\/wp-json\/wp\/v2\/product_tag?post=1478"}],"curies":[{"name":"wp","href":"https:\/\/api.w.org\/{rel}","templated":true}]}}