{"id":1440,"date":"2021-06-04T12:08:37","date_gmt":"2021-06-04T16:08:37","guid":{"rendered":"https:\/\/secutron.com\/?post_type=product&#038;p=1440"},"modified":"2024-07-17T12:42:33","modified_gmt":"2024-07-17T16:42:33","slug":"select-series-mounting-bases-and-accessories","status":"publish","type":"product","link":"https:\/\/secutron.com\/fr\/products\/select-series-mounting-bases-and-accessories\/","title":{"rendered":"S\u00c9RIE SELECT BASES DE MONTAGE ET ACCESSOIRES"},"content":{"rendered":"<p>Pour r\u00e9pondre aux exigences des codes locaux et des applications, Secutron propose des socles standard de 4\" et 6\", ainsi que des socles sp\u00e9cialis\u00e9s comprenant des options de relais, d'isolateur, de sonde et de sonde \u00e0 basse fr\u00e9quence pour les d\u00e9tecteurs de la s\u00e9rie Select.<br \/>\nLes socles standard de 4 et 6 pouces offrent une base de d\u00e9tecteur enfichable destin\u00e9e \u00e0 \u00eatre utilis\u00e9e dans des syst\u00e8mes intelligents. Le socle de 4\" est compact, tandis que le socle de 6\" est compatible avec un plus grand nombre de bo\u00eetes de jonction.<\/p>\n<p>Les bases sp\u00e9cialis\u00e9es de la s\u00e9rie Select r\u00e9pondent aux exigences des applications.<br \/>\n<strong>Bases de relais<\/strong> (B224RB-WH\/B224RB-IV) fournissent un relais de contact de forme C pour la commande de fonctions auxiliaires, telles que la fermeture de portes et le rappel d'ascenseurs. Le relais peut fonctionner selon deux modes diff\u00e9rents (d\u00e9lai court et d\u00e9lai long). Le d\u00e9lai d'activation pour le d\u00e9lai court est de 60 ms \u00e0 100 ms, tandis que le d\u00e9lai d'activation pour le d\u00e9lai long est de 6 sec \u00e0 10 sec.<br \/>\n<strong>Socles d'isolation<\/strong> (B224BI-WH\/B224BI-IV) permettent \u00e0 la boucle du circuit de ligne de signalisation (SLC) de fonctionner dans des conditions de d\u00e9faut cr\u00e9\u00e9es par un court-circuit emp\u00eachant la d\u00e9sactivation d'une boucle de communication enti\u00e8re. La base isole la section de la boucle contenant le court-circuit du reste du circuit et se r\u00e9tablit automatiquement lorsque le d\u00e9faut est corrig\u00e9.<\/p>\n<p>La s\u00e9rie Select\u00a0<strong>les bases du sondeur et du sondeur basse fr\u00e9quence<\/strong> sont con\u00e7us pour des applications dans des logements neufs ou existants. Ils offrent une flexibilit\u00e9 maximale en mati\u00e8re d'installation, de configuration et de fonctionnement afin de satisfaire ou de d\u00e9passer les exigences des normes UL 268 et UL 464. Les bases des sir\u00e8nes basse fr\u00e9quence de la s\u00e9rie Select sont con\u00e7ues pour r\u00e9pondre \u00e0 l'exigence de la norme NFPA 72 relative aux locaux \u00e0 usage d'habitation et produire une fr\u00e9quence fondamentale de 520 Hz +\/- 10% \u00e0 l'aide d'une onde carr\u00e9e ou de son \u00e9quivalent. Les bases des sir\u00e8nes B200SR et LF (B200SR-WH\/B200SR-IV\/B200SR-LF-WH\/B200SR-LF-IV) sont enti\u00e8rement compatibles avec les installations de bases de sir\u00e8nes existantes.<\/p>\n<p>Les bases des sir\u00e8nes adoptent la m\u00eame adresse que le d\u00e9tecteur, mais utilisent un type de dispositif unique sur la boucle. La centrale d'alarme incendie (FACP) peut utiliser cette adresse pour commander l'activation d'un sonneur individuel ou d'un groupe de sonneurs. L'ensemble des commandes du FACP peut \u00eatre adapt\u00e9 \u00e0 plusieurs sorties de tonalit\u00e9 pilot\u00e9es par \u00e9v\u00e9nement, ce qui permet de s\u00e9lectionner le volume, la tonalit\u00e9 et le groupe.<\/p>\n<p>Les bases de la sir\u00e8ne reconnaissent le protocole de synchronisation de System Sensor. Cela leur permet d'\u00eatre utilis\u00e9es comme composant du signal d'\u00e9vacuation g\u00e9n\u00e9ral - avec d'autres appareils AV \u00e0 capteur de syst\u00e8me - lorsqu'elles sont connect\u00e9es \u00e0 une alimentation \u00e9lectrique ou \u00e0 une sortie FACP capable de g\u00e9n\u00e9rer les impulsions de synchronisation du capteur de syst\u00e8me.<\/p>\n<h4>CARACT\u00c9RISTIQUES<\/h4>\n<ul>\n<li>Les bases permettent un branchement rapide et s\u00fbr des d\u00e9tecteurs<\/li>\n<li>Les vis SEMS facilitent la connexion du c\u00e2blage<\/li>\n<li>La prise en charge de 12-24 AWG offre une grande souplesse d'installation<\/li>\n<li>Plusieurs formats de base pour r\u00e9pondre aux exigences des applications<\/li>\n<li>Couleur blanche standard avec options ivoire<\/li>\n<li>Conforme \u00e0 la norme UL 268<\/li>\n<li>Le dispositif de verrouillage m\u00e9canique emp\u00eache le retrait de la t\u00eate de capteur fix\u00e9e.<\/li>\n<\/ul>\n<h4>CARACT\u00c9RISTIQUES DE LA BASE DE SP\u00c9CIALIT\u00c9S<\/h4>\n<ul>\n<li>La plaque de montage pr\u00e9c\u00e2bl\u00e9e simplifie l'installation<\/li>\n<li>Fonctionnalit\u00e9s ax\u00e9es sur l'application<\/li>\n<li>Les bases des sondeurs sont conformes aux normes UL 268 et UL 464.<\/li>\n<li>Des connexions suppl\u00e9mentaires sur les mod\u00e8les canadiens permettent d'activer la fonction de silence<\/li>\n<\/ul>\n<h4>INFORMATIONS SUR LES COMMANDES<\/h4>\n<table style=\"height: 540px;\" width=\"686\">\n<tbody>\n<tr>\n<td width=\"144\">B501-WHITE<\/td>\n<td width=\"429\">4\u2033 Base de montage sans bride - UL\/ ULC<\/td>\n<td width=\"113\">Blanc<\/td>\n<\/tr>\n<tr>\n<td>B501-IV<\/td>\n<td>4\u2033 Base de montage sans bride - UL\/ ULC<\/td>\n<td>Ivoire<\/td>\n<\/tr>\n<tr>\n<td>B300-6<\/td>\n<td>6\u2033 Base de montage \u00e0 bride - UL<\/td>\n<td>Blanc<\/td>\n<\/tr>\n<tr>\n<td>B300-6-IV<\/td>\n<td>6\u2033 Base de montage \u00e0 bride - UL<\/td>\n<td>Ivoire<\/td>\n<\/tr>\n<tr>\n<td>B200SR-WH<\/td>\n<td>Socle de sondeur standard - UL<\/td>\n<td>Blanc<\/td>\n<\/tr>\n<tr>\n<td>B200SR-IV<\/td>\n<td>Socle de sondeur standard - UL<\/td>\n<td>Ivoire<\/td>\n<\/tr>\n<tr>\n<td>B200SR-LF-WH<\/td>\n<td>Base de sonde basse fr\u00e9quence - UL<\/td>\n<td>Blanc<\/td>\n<\/tr>\n<tr>\n<td>B200SR-LF-IV<\/td>\n<td>Base de sonde basse fr\u00e9quence - UL<\/td>\n<td>Ivoire<\/td>\n<\/tr>\n<tr>\n<td>APB200-WH<\/td>\n<td>Base intelligente de la sonde - UL<\/td>\n<td>Blanc<\/td>\n<\/tr>\n<tr>\n<td>APB200-IV<\/td>\n<td>Base intelligente de la sonde - UL<\/td>\n<td>Ivoire<\/td>\n<\/tr>\n<tr>\n<td>APB200-LF-WH<\/td>\n<td>Base intelligente pour sondeur basse fr\u00e9quence - UL<\/td>\n<td>Blanc<\/td>\n<\/tr>\n<tr>\n<td>APB200-LF-IV<\/td>\n<td>Base intelligente pour sondeur basse fr\u00e9quence - UL<\/td>\n<td>Ivoire<\/td>\n<\/tr>\n<tr>\n<td>B224BI-WH<\/td>\n<td>Base d'isolation - UL<\/td>\n<td>Blanc<\/td>\n<\/tr>\n<tr>\n<td>B224BI-IV<\/td>\n<td>Base d'isolation - UL<\/td>\n<td>Ivoire<\/td>\n<\/tr>\n<tr>\n<td width=\"144\">B224RB-WH<\/td>\n<td>Base de relais - UL<\/td>\n<td>Blanc<\/td>\n<\/tr>\n<tr>\n<td>B224RB-IV<\/td>\n<td>Base de relais - UL<\/td>\n<td>Ivoire<\/td>\n<\/tr>\n<tr>\n<td colspan=\"3\" width=\"686\"><strong>Accessoires<\/strong><\/td>\n<\/tr>\n<tr>\n<td>CK300<\/td>\n<td>Kit de couleur (comprend le couvercle et l'anneau de garniture) - Paquet de 10<\/td>\n<td>Blanc<\/td>\n<\/tr>\n<tr>\n<td>CK300-IV<\/td>\n<td>Kit de couleur (comprend le couvercle et l'anneau de garniture) - Paquet de 10<\/td>\n<td>Ivoire<\/td>\n<\/tr>\n<tr>\n<td>CK300-BL<\/td>\n<td>Kit de couleur (comprend le couvercle et l'anneau de garniture) - Paquet de 10<\/td>\n<td>Noir<\/td>\n<\/tr>\n<tr>\n<td>CK300-IR<\/td>\n<td>Kit de couleur PTIR (comprend le couvercle et l'anneau de garniture) - Paquet de 10<\/td>\n<td>Blanc<\/td>\n<\/tr>\n<tr>\n<td>CK300-IR-IV<\/td>\n<td>Kit de couleur PTIR (comprend le couvercle et l'anneau de garniture) - Paquet de 10<\/td>\n<td>Ivoire<\/td>\n<\/tr>\n<tr>\n<td>CK300-IR-BL<\/td>\n<td>Kit de couleur PTIR (comprend le couvercle et l'anneau de garniture) - Paquet de 10<\/td>\n<td>Noir<\/td>\n<\/tr>\n<tr>\n<td>TR300<\/td>\n<td>Anneau de garniture<\/td>\n<td>Blanc<\/td>\n<\/tr>\n<tr>\n<td>TR300-IR<\/td>\n<td>Anneau de garniture<\/td>\n<td>Ivoire<\/td>\n<\/tr>\n<tr>\n<td>RA100Z<\/td>\n<td>Annonciateur LED \u00e0 distance - UL<\/td>\n<td>Ivoire<\/td>\n<\/tr>\n<\/tbody>\n<\/table>\n<p>&nbsp;<\/p>\n<p>LISTES D'AGENCES<\/p>\n<h4><img decoding=\"async\" src=\"https:\/\/mircom.com\/wp-content\/uploads\/products\/ul.jpg\" \/> <a href=\"https:\/\/mircom.com\/wp-content\/uploads\/csfm-1.jpg\"><img decoding=\"async\" class=\"wp-image-12557\" src=\"https:\/\/mircom.com\/wp-content\/uploads\/csfm-1.jpg\" alt=\"csfm\" width=\"133\" height=\"100\" \/><\/a><a href=\"https:\/\/mircom.com\/wp-content\/uploads\/fm.jpg\"><img decoding=\"async\" class=\"size-full wp-image-12553\" src=\"https:\/\/mircom.com\/wp-content\/uploads\/fm.jpg\" alt=\"fm\" width=\"120\" height=\"90\" \/><\/a><\/h4>\n<p>*Veuillez contacter le repr\u00e9sentant local de Secutron pour conna\u00eetre les disponibilit\u00e9s r\u00e9gionales.<\/p>","protected":false},"excerpt":{"rendered":"<p>Pour r\u00e9pondre aux exigences des codes locaux et des applications, Mircom propose des socles standard de 4 et 6 pouces, ainsi que des socles sp\u00e9cialis\u00e9s comprenant des options de relais, d'isolateur, de sonde et de sonde \u00e0 basse fr\u00e9quence pour les d\u00e9tecteurs de la s\u00e9rie Select.<\/p>\n<p>Les socles standard de 4 et 6 pouces offrent une base de d\u00e9tecteur enfichable destin\u00e9e \u00e0 \u00eatre utilis\u00e9e dans des syst\u00e8mes intelligents. Le socle de 4\" est compact, tandis que le socle de 6\" est compatible avec un plus grand nombre de bo\u00eetes de jonction.<\/p>\n<p>Les bases sp\u00e9cialis\u00e9es de la s\u00e9rie Select r\u00e9pondent aux exigences des applications.<\/p>","protected":false},"featured_media":1441,"template":"","meta":{"_acf_changed":false,"om_disable_all_campaigns":false,"_monsterinsights_skip_tracking":false,"_monsterinsights_sitenote_active":false,"_monsterinsights_sitenote_note":"","_monsterinsights_sitenote_category":0,"footnotes":""},"product_brand":[],"product_cat":[78],"product_tag":[],"class_list":{"0":"post-1440","1":"product","2":"type-product","3":"status-publish","4":"has-post-thumbnail","6":"product_cat-select-series-devices","8":"first","9":"instock","10":"shipping-taxable","11":"product-type-simple"},"acf":[],"yoast_head":"<!-- This site is optimized with the Yoast SEO plugin v27.4 - https:\/\/yoast.com\/product\/yoast-seo-wordpress\/ -->\n<title>SELECT SERIES MOUNTING BASES AND ACCESSORIES - Secutron<\/title>\n<meta name=\"description\" content=\"Explore Secutron&#039;s standard 4\u201d and 6\u201d bases, along with specialty base designs for Select Series detectors. Meet local code and application requirements\" \/>\n<meta name=\"robots\" content=\"index, follow, max-snippet:-1, max-image-preview:large, max-video-preview:-1\" \/>\n<link rel=\"canonical\" href=\"https:\/\/secutron.com\/fr\/products\/select-series-mounting-bases-and-accessories\/\" \/>\n<meta property=\"og:locale\" content=\"fr_CA\" \/>\n<meta property=\"og:type\" content=\"article\" \/>\n<meta property=\"og:title\" content=\"SELECT SERIES MOUNTING BASES AND ACCESSORIES - Secutron\" \/>\n<meta property=\"og:description\" content=\"Explore Secutron&#039;s standard 4\u201d and 6\u201d bases, along with specialty base designs for Select Series detectors. Meet local code and application requirements\" \/>\n<meta property=\"og:url\" content=\"https:\/\/secutron.com\/fr\/products\/select-series-mounting-bases-and-accessories\/\" \/>\n<meta property=\"og:site_name\" content=\"Secutron\" \/>\n<meta property=\"article:modified_time\" content=\"2024-07-17T16:42:33+00:00\" \/>\n<meta property=\"og:image\" content=\"https:\/\/secutron.com\/wp-content\/uploads\/products\/B300-6_White_Straight_HiRes.jpg\" \/>\n\t<meta property=\"og:image:width\" content=\"900\" \/>\n\t<meta property=\"og:image:height\" content=\"900\" \/>\n\t<meta property=\"og:image:type\" content=\"image\/jpeg\" \/>\n<meta name=\"twitter:card\" content=\"summary_large_image\" \/>\n<meta name=\"twitter:label1\" content=\"Estimation du temps de lecture\" \/>\n\t<meta name=\"twitter:data1\" content=\"4 minutes\" \/>\n<script type=\"application\/ld+json\" class=\"yoast-schema-graph\">{\"@context\":\"https:\\\/\\\/schema.org\",\"@graph\":[{\"@type\":\"WebPage\",\"@id\":\"https:\\\/\\\/secutron.com\\\/products\\\/select-series-mounting-bases-and-accessories\\\/\",\"url\":\"https:\\\/\\\/secutron.com\\\/products\\\/select-series-mounting-bases-and-accessories\\\/\",\"name\":\"SELECT SERIES MOUNTING BASES AND ACCESSORIES - Secutron\",\"isPartOf\":{\"@id\":\"https:\\\/\\\/secutron.com\\\/#website\"},\"primaryImageOfPage\":{\"@id\":\"https:\\\/\\\/secutron.com\\\/products\\\/select-series-mounting-bases-and-accessories\\\/#primaryimage\"},\"image\":{\"@id\":\"https:\\\/\\\/secutron.com\\\/products\\\/select-series-mounting-bases-and-accessories\\\/#primaryimage\"},\"thumbnailUrl\":\"https:\\\/\\\/secutron.com\\\/wp-content\\\/uploads\\\/products\\\/B300-6_White_Straight_HiRes.jpg\",\"datePublished\":\"2021-06-04T16:08:37+00:00\",\"dateModified\":\"2024-07-17T16:42:33+00:00\",\"description\":\"Explore Secutron's standard 4\u201d and 6\u201d bases, along with specialty base designs for Select Series detectors. Meet local code and application requirements\",\"breadcrumb\":{\"@id\":\"https:\\\/\\\/secutron.com\\\/products\\\/select-series-mounting-bases-and-accessories\\\/#breadcrumb\"},\"inLanguage\":\"fr-CA\",\"potentialAction\":[{\"@type\":\"ReadAction\",\"target\":[\"https:\\\/\\\/secutron.com\\\/products\\\/select-series-mounting-bases-and-accessories\\\/\"]}]},{\"@type\":\"ImageObject\",\"inLanguage\":\"fr-CA\",\"@id\":\"https:\\\/\\\/secutron.com\\\/products\\\/select-series-mounting-bases-and-accessories\\\/#primaryimage\",\"url\":\"https:\\\/\\\/secutron.com\\\/wp-content\\\/uploads\\\/products\\\/B300-6_White_Straight_HiRes.jpg\",\"contentUrl\":\"https:\\\/\\\/secutron.com\\\/wp-content\\\/uploads\\\/products\\\/B300-6_White_Straight_HiRes.jpg\",\"width\":900,\"height\":900,\"caption\":\"B300-6_White_Straight_HiRes\"},{\"@type\":\"BreadcrumbList\",\"@id\":\"https:\\\/\\\/secutron.com\\\/products\\\/select-series-mounting-bases-and-accessories\\\/#breadcrumb\",\"itemListElement\":[{\"@type\":\"ListItem\",\"position\":1,\"name\":\"Home\",\"item\":\"https:\\\/\\\/secutron.com\\\/\"},{\"@type\":\"ListItem\",\"position\":2,\"name\":\"Shop\",\"item\":\"https:\\\/\\\/secutron.com\\\/shop\\\/\"},{\"@type\":\"ListItem\",\"position\":3,\"name\":\"SELECT SERIES MOUNTING BASES AND ACCESSORIES\"}]},{\"@type\":\"WebSite\",\"@id\":\"https:\\\/\\\/secutron.com\\\/#website\",\"url\":\"https:\\\/\\\/secutron.com\\\/\",\"name\":\"Secutron\",\"description\":\"\",\"potentialAction\":[{\"@type\":\"SearchAction\",\"target\":{\"@type\":\"EntryPoint\",\"urlTemplate\":\"https:\\\/\\\/secutron.com\\\/?s={search_term_string}\"},\"query-input\":{\"@type\":\"PropertyValueSpecification\",\"valueRequired\":true,\"valueName\":\"search_term_string\"}}],\"inLanguage\":\"fr-CA\"}]}<\/script>\n<!-- \/ Yoast SEO plugin. -->","yoast_head_json":{"title":"S\u00c9RIE S\u00c9LECT BASES DE MONTAGE ET ACCESSOIRES - Secutron","description":"D\u00e9couvrez les socles standard de 4 et 6 pouces de Secutron, ainsi que les socles sp\u00e9ciaux pour les d\u00e9tecteurs de la s\u00e9rie Select. R\u00e9pondre aux exigences locales en mati\u00e8re de code et d'application","robots":{"index":"index","follow":"follow","max-snippet":"max-snippet:-1","max-image-preview":"max-image-preview:large","max-video-preview":"max-video-preview:-1"},"canonical":"https:\/\/secutron.com\/fr\/products\/select-series-mounting-bases-and-accessories\/","og_locale":"fr_CA","og_type":"article","og_title":"SELECT SERIES MOUNTING BASES AND ACCESSORIES - Secutron","og_description":"Explore Secutron's standard 4\u201d and 6\u201d bases, along with specialty base designs for Select Series detectors. Meet local code and application requirements","og_url":"https:\/\/secutron.com\/fr\/products\/select-series-mounting-bases-and-accessories\/","og_site_name":"Secutron","article_modified_time":"2024-07-17T16:42:33+00:00","og_image":[{"width":900,"height":900,"url":"https:\/\/secutron.com\/wp-content\/uploads\/products\/B300-6_White_Straight_HiRes.jpg","type":"image\/jpeg"}],"twitter_card":"summary_large_image","twitter_misc":{"Estimation du temps de lecture":"4 minutes"},"schema":{"@context":"https:\/\/schema.org","@graph":[{"@type":"WebPage","@id":"https:\/\/secutron.com\/products\/select-series-mounting-bases-and-accessories\/","url":"https:\/\/secutron.com\/products\/select-series-mounting-bases-and-accessories\/","name":"S\u00c9RIE S\u00c9LECT BASES DE MONTAGE ET ACCESSOIRES - Secutron","isPartOf":{"@id":"https:\/\/secutron.com\/#website"},"primaryImageOfPage":{"@id":"https:\/\/secutron.com\/products\/select-series-mounting-bases-and-accessories\/#primaryimage"},"image":{"@id":"https:\/\/secutron.com\/products\/select-series-mounting-bases-and-accessories\/#primaryimage"},"thumbnailUrl":"https:\/\/secutron.com\/wp-content\/uploads\/products\/B300-6_White_Straight_HiRes.jpg","datePublished":"2021-06-04T16:08:37+00:00","dateModified":"2024-07-17T16:42:33+00:00","description":"D\u00e9couvrez les socles standard de 4 et 6 pouces de Secutron, ainsi que les socles sp\u00e9ciaux pour les d\u00e9tecteurs de la s\u00e9rie Select. R\u00e9pondre aux exigences locales en mati\u00e8re de code et d'application","breadcrumb":{"@id":"https:\/\/secutron.com\/products\/select-series-mounting-bases-and-accessories\/#breadcrumb"},"inLanguage":"fr-CA","potentialAction":[{"@type":"ReadAction","target":["https:\/\/secutron.com\/products\/select-series-mounting-bases-and-accessories\/"]}]},{"@type":"ImageObject","inLanguage":"fr-CA","@id":"https:\/\/secutron.com\/products\/select-series-mounting-bases-and-accessories\/#primaryimage","url":"https:\/\/secutron.com\/wp-content\/uploads\/products\/B300-6_White_Straight_HiRes.jpg","contentUrl":"https:\/\/secutron.com\/wp-content\/uploads\/products\/B300-6_White_Straight_HiRes.jpg","width":900,"height":900,"caption":"B300-6_White_Straight_HiRes"},{"@type":"BreadcrumbList","@id":"https:\/\/secutron.com\/products\/select-series-mounting-bases-and-accessories\/#breadcrumb","itemListElement":[{"@type":"ListItem","position":1,"name":"Home","item":"https:\/\/secutron.com\/"},{"@type":"ListItem","position":2,"name":"Shop","item":"https:\/\/secutron.com\/shop\/"},{"@type":"ListItem","position":3,"name":"SELECT SERIES MOUNTING BASES AND ACCESSORIES"}]},{"@type":"WebSite","@id":"https:\/\/secutron.com\/#website","url":"https:\/\/secutron.com\/","name":"Secutron","description":"","potentialAction":[{"@type":"SearchAction","target":{"@type":"EntryPoint","urlTemplate":"https:\/\/secutron.com\/?s={search_term_string}"},"query-input":{"@type":"PropertyValueSpecification","valueRequired":true,"valueName":"search_term_string"}}],"inLanguage":"fr-CA"}]}},"_links":{"self":[{"href":"https:\/\/secutron.com\/fr\/wp-json\/wp\/v2\/product\/1440","targetHints":{"allow":["GET"]}}],"collection":[{"href":"https:\/\/secutron.com\/fr\/wp-json\/wp\/v2\/product"}],"about":[{"href":"https:\/\/secutron.com\/fr\/wp-json\/wp\/v2\/types\/product"}],"version-history":[{"count":1,"href":"https:\/\/secutron.com\/fr\/wp-json\/wp\/v2\/product\/1440\/revisions"}],"predecessor-version":[{"id":3496,"href":"https:\/\/secutron.com\/fr\/wp-json\/wp\/v2\/product\/1440\/revisions\/3496"}],"wp:featuredmedia":[{"embeddable":true,"href":"https:\/\/secutron.com\/fr\/wp-json\/wp\/v2\/media\/1441"}],"wp:attachment":[{"href":"https:\/\/secutron.com\/fr\/wp-json\/wp\/v2\/media?parent=1440"}],"wp:term":[{"taxonomy":"product_brand","embeddable":true,"href":"https:\/\/secutron.com\/fr\/wp-json\/wp\/v2\/product_brand?post=1440"},{"taxonomy":"product_cat","embeddable":true,"href":"https:\/\/secutron.com\/fr\/wp-json\/wp\/v2\/product_cat?post=1440"},{"taxonomy":"product_tag","embeddable":true,"href":"https:\/\/secutron.com\/fr\/wp-json\/wp\/v2\/product_tag?post=1440"}],"curies":[{"name":"wp","href":"https:\/\/api.w.org\/{rel}","templated":true}]}}