{"id":1436,"date":"2021-06-03T18:55:02","date_gmt":"2021-06-03T22:55:02","guid":{"rendered":"https:\/\/secutron.com\/?post_type=product&#038;p=1436"},"modified":"2024-07-17T12:44:12","modified_gmt":"2024-07-17T16:44:12","slug":"mri-5351ap-rap-hap-select-series-intelligent-thermal-sensors","status":"publish","type":"product","link":"https:\/\/secutron.com\/fr\/products\/mri-5351ap-rap-hap-select-series-intelligent-thermal-sensors\/","title":{"rendered":"MRI-5351AP \/ RAP \/ HAP SELECT SERIES INTELLIGENT THERMAL SENSORS"},"content":{"rendered":"<p>Les d\u00e9tecteurs de fum\u00e9e surbaiss\u00e9s de la s\u00e9rie Select sont des d\u00e9tecteurs intelligents adressables et enfichables, dot\u00e9s d'une fonction d'identification des points qui permet de r\u00e9gler l'adresse de chaque d\u00e9tecteur \u00e0 l'aide de commutateurs d'adresse rotatifs, ce qui permet de localiser exactement l'appareil.<\/p>\n<p>La sensibilit\u00e9 du d\u00e9tecteur est surveill\u00e9e en permanence et communiqu\u00e9e au panneau de contr\u00f4le de l'alarme incendie. Ces d\u00e9tecteurs intelligents utilisent un circuit de d\u00e9tection \u00e0 thermistance de pointe pour une r\u00e9ponse rapide.<br \/>\nLe protocole avanc\u00e9 utilise un protocole de communication \u00e0 grande vitesse qui augmente consid\u00e9rablement la vitesse de communication entre les dispositifs intelligents. Les appareils de la s\u00e9rie Select sont r\u00e9trocompatibles et peuvent fonctionner en mode CLIP pour les applications des syst\u00e8mes existants.<\/p>\n<p>Le design moderne et les options de couleurs \u00e9tendues r\u00e9pondent aux exigences esth\u00e9tiques contemporaines. En outre, chaque d\u00e9tecteur est con\u00e7u pour une installation et une maintenance exceptionnelles.<br \/>\nLes d\u00e9tecteurs thermiques de la s\u00e9rie Select offrent une protection intelligente et rentable des biens, avec une homologation UL 521.<\/p>\n<p>Le d\u00e9tecteur de chaleur intelligent MIX-5351AP offre une d\u00e9tection thermique fixe de 57\u00b0C (135\u00b0F).<br \/>\nLe d\u00e9tecteur de chaleur intelligent MIX-5351RAP offre une d\u00e9tection thermique fixe et \u00e0 taux d'augmentation de 135\u00b0F (57\u00b0C).<br \/>\nLe d\u00e9tecteur de chaleur intelligent \u00e0 haute temp\u00e9rature MIX-5351HAP offre une d\u00e9tection thermique \u00e0 haute temp\u00e9rature fixe de 88\u00b0C (190\u00b0F).<\/p>\n<h4>CARACT\u00c9RISTIQUES<\/h4>\n<ul>\n<li>Nouveau profil moderne blanc brillant<\/li>\n<li>Disponible en temp\u00e9rature fixe de 57\u00b0C (135\u00b0F), en temp\u00e9rature fixe de 57\u00b0C (135\u00b0F) avec d\u00e9tection du taux d'augmentation et en temp\u00e9rature fixe de 88\u00b0C (190\u00b0F).<\/li>\n<li>Deux LED pour une visibilit\u00e9 \u00e0 360\u00b0.<\/li>\n<li>La base \u00e0 profil bas facilite l'interchangeabilit\u00e9<\/li>\n<li>Faible courant de veille<\/li>\n<li>Commutateurs rotatifs d'adresse<\/li>\n<li>Options \u00e9largies de kits de couleurs.<\/li>\n<\/ul>\n<h4>INFORMATIONS SUR LES COMMANDES<\/h4>\n<p>&nbsp;<\/p>\n<table style=\"height: 598px;\" width=\"732\">\n<tbody>\n<tr>\n<td colspan=\"3\" width=\"733\">D\u00e9tecteurs de chaleur intelligents<\/td>\n<\/tr>\n<tr>\n<td>MIX-5351AP<\/td>\n<td width=\"501\">D\u00e9tecteur de chaleur intelligent, temp\u00e9rature fixe - UL<\/td>\n<td>Blanc<\/td>\n<\/tr>\n<tr>\n<td>MIX-5351RAP<\/td>\n<td width=\"501\">D\u00e9tecteur de chaleur intelligent, temp\u00e9rature fixe avec d\u00e9tection de la vitesse d'\u00e9l\u00e9vation - UL<\/td>\n<td>Blanc<\/td>\n<\/tr>\n<tr>\n<td>MIX-5351HAP<\/td>\n<td width=\"501\">D\u00e9tecteur de chaleur haute temp\u00e9rature intelligent, temp\u00e9rature fixe - UL<\/td>\n<td>Blanc<\/td>\n<\/tr>\n<tr>\n<td colspan=\"3\" width=\"733\">Bases<\/td>\n<\/tr>\n<tr>\n<td>B501-WHITE<\/td>\n<td>4\u2033 Base de montage sans bride - UL\/ ULC<\/td>\n<td>Blanc<\/td>\n<\/tr>\n<tr>\n<td>B501-IV<\/td>\n<td>4\u2033 Base de montage sans bride - UL\/ ULC<\/td>\n<td>Ivoire<\/td>\n<\/tr>\n<tr>\n<td>B300-6<\/td>\n<td>6\u2033 Base de montage \u00e0 bride - UL<\/td>\n<td>Blanc<\/td>\n<\/tr>\n<tr>\n<td>B300-6-IV<\/td>\n<td>6\u2033 Base de montage \u00e0 bride - UL<\/td>\n<td>Ivoire<\/td>\n<\/tr>\n<tr>\n<td>B200SR-WH<\/td>\n<td>Socle de sondeur standard - UL<\/td>\n<td>Blanc<\/td>\n<\/tr>\n<tr>\n<td>B200SR-IV<\/td>\n<td>Socle de sondeur standard - UL<\/td>\n<td>Ivoire<\/td>\n<\/tr>\n<tr>\n<td>B200SR-LF-WH<\/td>\n<td>Base de sonde basse fr\u00e9quence - UL<\/td>\n<td>Blanc<\/td>\n<\/tr>\n<tr>\n<td>B200SR-LF-IV<\/td>\n<td>Base de sonde basse fr\u00e9quence - UL<\/td>\n<td>Ivoire<\/td>\n<\/tr>\n<tr>\n<td>B224BI-WH<\/td>\n<td>Base d'isolation - UL<\/td>\n<td>Blanc<\/td>\n<\/tr>\n<tr>\n<td>B224BI-IV<\/td>\n<td>Base d'isolation - UL<\/td>\n<td>Ivoire<\/td>\n<\/tr>\n<tr>\n<td width=\"119\">B224RB-WH<\/td>\n<td>Base de relais - UL<\/td>\n<td>Blanc<\/td>\n<\/tr>\n<tr>\n<td>B224RB-IV<\/td>\n<td>Base de relais - UL<\/td>\n<td>Ivoire<\/td>\n<\/tr>\n<tr>\n<td colspan=\"3\" width=\"733\">Accessoires<\/td>\n<\/tr>\n<tr>\n<td>CK300<\/td>\n<td>Kit de couleur (comprend le couvercle et l'anneau de garniture) - Paquet de 10<\/td>\n<td>Blanc<\/td>\n<\/tr>\n<tr>\n<td>CK300-IV<\/td>\n<td>Kit de couleur (comprend le couvercle et l'anneau de garniture) - Paquet de 10<\/td>\n<td>Ivoire<\/td>\n<\/tr>\n<tr>\n<td>CK300-BL<\/td>\n<td>Kit de couleur (comprend le couvercle et l'anneau de garniture) - Paquet de 10<\/td>\n<td>Noir<\/td>\n<\/tr>\n<tr>\n<td>CK300-IR<\/td>\n<td>Kit de couleur PTIR (comprend le couvercle et l'anneau de garniture) - Paquet de 10<\/td>\n<td>Blanc<\/td>\n<\/tr>\n<tr>\n<td>CK300-IR-IV<\/td>\n<td>Kit de couleur PTIR (comprend le couvercle et l'anneau de garniture) - Paquet de 10<\/td>\n<td>Ivoire<\/td>\n<\/tr>\n<tr>\n<td>CK300-IR-BL<\/td>\n<td>Kit de couleur PTIR (comprend le couvercle et l'anneau de garniture) - Paquet de 10<\/td>\n<td>Noir<\/td>\n<\/tr>\n<tr>\n<td>TR300<\/td>\n<td>Anneau de garniture<\/td>\n<td>Blanc<\/td>\n<\/tr>\n<tr>\n<td>TR300-IR<\/td>\n<td>Anneau de garniture<\/td>\n<td>Ivoire<\/td>\n<\/tr>\n<tr>\n<td>RA100Z<\/td>\n<td>Annonciateur LED \u00e0 distance - UL<\/td>\n<td>Ivoire<\/td>\n<\/tr>\n<\/tbody>\n<\/table>\n<p>&nbsp;<\/p>\n<p>LISTES D'AGENCES<\/p>\n<h4><img decoding=\"async\" src=\"https:\/\/mircom.com\/wp-content\/uploads\/products\/ul.jpg\" \/> <a href=\"https:\/\/mircom.com\/wp-content\/uploads\/csfm-1.jpg\"><img decoding=\"async\" class=\"wp-image-12557\" src=\"https:\/\/mircom.com\/wp-content\/uploads\/csfm-1.jpg\" alt=\"csfm\" width=\"133\" height=\"100\" \/><\/a><a href=\"https:\/\/mircom.com\/wp-content\/uploads\/fm.jpg\"><img decoding=\"async\" class=\"size-full wp-image-12553\" src=\"https:\/\/mircom.com\/wp-content\/uploads\/fm.jpg\" alt=\"fm\" width=\"120\" height=\"90\" \/><\/a><\/h4>\n<p>*Veuillez contacter le repr\u00e9sentant local de Secutron pour conna\u00eetre les disponibilit\u00e9s r\u00e9gionales.<\/p>","protected":false},"excerpt":{"rendered":"<p>Les d\u00e9tecteurs de fum\u00e9e surbaiss\u00e9s de la s\u00e9rie Select sont des d\u00e9tecteurs intelligents adressables et enfichables, dot\u00e9s d'une fonction d'identification des points qui permet de r\u00e9gler l'adresse de chaque d\u00e9tecteur \u00e0 l'aide de commutateurs d'adresse rotatifs, ce qui permet de localiser exactement l'appareil.<\/p>\n<p>Le d\u00e9tecteur de chaleur intelligent MIX-5351AP offre une d\u00e9tection thermique fixe de 57\u00b0C (135\u00b0F).<br \/>\nLe d\u00e9tecteur de chaleur intelligent MIX-5351RAP offre une d\u00e9tection thermique fixe et \u00e0 taux d'augmentation de 135\u00b0F (57\u00b0C).<br \/>\nLe d\u00e9tecteur de chaleur intelligent \u00e0 haute temp\u00e9rature MIX-5351HAP offre une d\u00e9tection thermique \u00e0 haute temp\u00e9rature fixe de 88\u00b0C (190\u00b0F).<\/p>","protected":false},"featured_media":1438,"template":"","meta":{"_acf_changed":false,"om_disable_all_campaigns":false,"_monsterinsights_skip_tracking":false,"_monsterinsights_sitenote_active":false,"_monsterinsights_sitenote_note":"","_monsterinsights_sitenote_category":0,"footnotes":""},"product_brand":[],"product_cat":[78],"product_tag":[],"class_list":{"0":"post-1436","1":"product","2":"type-product","3":"status-publish","4":"has-post-thumbnail","6":"product_cat-select-series-devices","8":"first","9":"instock","10":"shipping-taxable","11":"product-type-simple"},"acf":[],"yoast_head":"<!-- This site is optimized with the Yoast SEO plugin v27.4 - https:\/\/yoast.com\/product\/yoast-seo-wordpress\/ -->\n<title>MRI-5351AP \/ RAP \/ HAP SELECT SERIES INTELLIGENT THERMAL SENSORS - Secutron<\/title>\n<meta name=\"description\" content=\"Select Series low profile smoke detectors offer intelligent addressable plug-in detectors with point ID capability, advanced protocol and a modern design\" \/>\n<meta name=\"robots\" content=\"index, follow, max-snippet:-1, max-image-preview:large, max-video-preview:-1\" \/>\n<link rel=\"canonical\" href=\"https:\/\/secutron.com\/fr\/products\/mri-5351ap-rap-hap-select-series-intelligent-thermal-sensors\/\" \/>\n<meta property=\"og:locale\" content=\"fr_CA\" \/>\n<meta property=\"og:type\" content=\"article\" \/>\n<meta property=\"og:title\" content=\"MRI-5351AP \/ RAP \/ HAP SELECT SERIES INTELLIGENT THERMAL SENSORS - Secutron\" \/>\n<meta property=\"og:description\" content=\"Select Series low profile smoke detectors offer intelligent addressable plug-in detectors with point ID capability, advanced protocol and a modern design\" \/>\n<meta property=\"og:url\" content=\"https:\/\/secutron.com\/fr\/products\/mri-5351ap-rap-hap-select-series-intelligent-thermal-sensors\/\" \/>\n<meta property=\"og:site_name\" content=\"Secutron\" \/>\n<meta property=\"article:modified_time\" content=\"2024-07-17T16:44:12+00:00\" \/>\n<meta property=\"og:image\" content=\"https:\/\/secutron.com\/wp-content\/uploads\/products\/MIX-5351APA_wB300A-B_base.jpg\" \/>\n\t<meta property=\"og:image:width\" content=\"900\" \/>\n\t<meta property=\"og:image:height\" content=\"900\" \/>\n\t<meta property=\"og:image:type\" content=\"image\/jpeg\" \/>\n<meta name=\"twitter:card\" content=\"summary_large_image\" \/>\n<meta name=\"twitter:label1\" content=\"Estimation du temps de lecture\" \/>\n\t<meta name=\"twitter:data1\" content=\"3 minutes\" \/>\n<script type=\"application\/ld+json\" class=\"yoast-schema-graph\">{\"@context\":\"https:\\\/\\\/schema.org\",\"@graph\":[{\"@type\":\"WebPage\",\"@id\":\"https:\\\/\\\/secutron.com\\\/products\\\/mri-5351ap-rap-hap-select-series-intelligent-thermal-sensors\\\/\",\"url\":\"https:\\\/\\\/secutron.com\\\/products\\\/mri-5351ap-rap-hap-select-series-intelligent-thermal-sensors\\\/\",\"name\":\"MRI-5351AP \\\/ RAP \\\/ HAP SELECT SERIES INTELLIGENT THERMAL SENSORS - Secutron\",\"isPartOf\":{\"@id\":\"https:\\\/\\\/secutron.com\\\/#website\"},\"primaryImageOfPage\":{\"@id\":\"https:\\\/\\\/secutron.com\\\/products\\\/mri-5351ap-rap-hap-select-series-intelligent-thermal-sensors\\\/#primaryimage\"},\"image\":{\"@id\":\"https:\\\/\\\/secutron.com\\\/products\\\/mri-5351ap-rap-hap-select-series-intelligent-thermal-sensors\\\/#primaryimage\"},\"thumbnailUrl\":\"https:\\\/\\\/secutron.com\\\/wp-content\\\/uploads\\\/products\\\/MIX-5351APA_wB300A-B_base.jpg\",\"datePublished\":\"2021-06-03T22:55:02+00:00\",\"dateModified\":\"2024-07-17T16:44:12+00:00\",\"description\":\"Select Series low profile smoke detectors offer intelligent addressable plug-in detectors with point ID capability, advanced protocol and a modern design\",\"breadcrumb\":{\"@id\":\"https:\\\/\\\/secutron.com\\\/products\\\/mri-5351ap-rap-hap-select-series-intelligent-thermal-sensors\\\/#breadcrumb\"},\"inLanguage\":\"fr-CA\",\"potentialAction\":[{\"@type\":\"ReadAction\",\"target\":[\"https:\\\/\\\/secutron.com\\\/products\\\/mri-5351ap-rap-hap-select-series-intelligent-thermal-sensors\\\/\"]}]},{\"@type\":\"ImageObject\",\"inLanguage\":\"fr-CA\",\"@id\":\"https:\\\/\\\/secutron.com\\\/products\\\/mri-5351ap-rap-hap-select-series-intelligent-thermal-sensors\\\/#primaryimage\",\"url\":\"https:\\\/\\\/secutron.com\\\/wp-content\\\/uploads\\\/products\\\/MIX-5351APA_wB300A-B_base.jpg\",\"contentUrl\":\"https:\\\/\\\/secutron.com\\\/wp-content\\\/uploads\\\/products\\\/MIX-5351APA_wB300A-B_base.jpg\",\"width\":900,\"height\":900,\"caption\":\"MRI-5351AP\"},{\"@type\":\"BreadcrumbList\",\"@id\":\"https:\\\/\\\/secutron.com\\\/products\\\/mri-5351ap-rap-hap-select-series-intelligent-thermal-sensors\\\/#breadcrumb\",\"itemListElement\":[{\"@type\":\"ListItem\",\"position\":1,\"name\":\"Home\",\"item\":\"https:\\\/\\\/secutron.com\\\/\"},{\"@type\":\"ListItem\",\"position\":2,\"name\":\"Shop\",\"item\":\"https:\\\/\\\/secutron.com\\\/shop\\\/\"},{\"@type\":\"ListItem\",\"position\":3,\"name\":\"MRI-5351AP \\\/ RAP \\\/ HAP SELECT SERIES INTELLIGENT THERMAL SENSORS\"}]},{\"@type\":\"WebSite\",\"@id\":\"https:\\\/\\\/secutron.com\\\/#website\",\"url\":\"https:\\\/\\\/secutron.com\\\/\",\"name\":\"Secutron\",\"description\":\"\",\"potentialAction\":[{\"@type\":\"SearchAction\",\"target\":{\"@type\":\"EntryPoint\",\"urlTemplate\":\"https:\\\/\\\/secutron.com\\\/?s={search_term_string}\"},\"query-input\":{\"@type\":\"PropertyValueSpecification\",\"valueRequired\":true,\"valueName\":\"search_term_string\"}}],\"inLanguage\":\"fr-CA\"}]}<\/script>\n<!-- \/ Yoast SEO plugin. -->","yoast_head_json":{"title":"MRI-5351AP \/ RAP \/ HAP S\u00c9RIE SELECT CAPTEURS THERMIQUES INTELLIGENTS - Secutron","description":"Les d\u00e9tecteurs de fum\u00e9e surbaiss\u00e9s de la s\u00e9rie Select sont des d\u00e9tecteurs intelligents adressables et enfichables, dot\u00e9s d'une fonction d'identification des points, d'un protocole avanc\u00e9 et d'un design moderne.","robots":{"index":"index","follow":"follow","max-snippet":"max-snippet:-1","max-image-preview":"max-image-preview:large","max-video-preview":"max-video-preview:-1"},"canonical":"https:\/\/secutron.com\/fr\/products\/mri-5351ap-rap-hap-select-series-intelligent-thermal-sensors\/","og_locale":"fr_CA","og_type":"article","og_title":"MRI-5351AP \/ RAP \/ HAP SELECT SERIES INTELLIGENT THERMAL SENSORS - Secutron","og_description":"Select Series low profile smoke detectors offer intelligent addressable plug-in detectors with point ID capability, advanced protocol and a modern design","og_url":"https:\/\/secutron.com\/fr\/products\/mri-5351ap-rap-hap-select-series-intelligent-thermal-sensors\/","og_site_name":"Secutron","article_modified_time":"2024-07-17T16:44:12+00:00","og_image":[{"width":900,"height":900,"url":"https:\/\/secutron.com\/wp-content\/uploads\/products\/MIX-5351APA_wB300A-B_base.jpg","type":"image\/jpeg"}],"twitter_card":"summary_large_image","twitter_misc":{"Estimation du temps de lecture":"3 minutes"},"schema":{"@context":"https:\/\/schema.org","@graph":[{"@type":"WebPage","@id":"https:\/\/secutron.com\/products\/mri-5351ap-rap-hap-select-series-intelligent-thermal-sensors\/","url":"https:\/\/secutron.com\/products\/mri-5351ap-rap-hap-select-series-intelligent-thermal-sensors\/","name":"MRI-5351AP \/ RAP \/ HAP S\u00c9RIE SELECT CAPTEURS THERMIQUES INTELLIGENTS - Secutron","isPartOf":{"@id":"https:\/\/secutron.com\/#website"},"primaryImageOfPage":{"@id":"https:\/\/secutron.com\/products\/mri-5351ap-rap-hap-select-series-intelligent-thermal-sensors\/#primaryimage"},"image":{"@id":"https:\/\/secutron.com\/products\/mri-5351ap-rap-hap-select-series-intelligent-thermal-sensors\/#primaryimage"},"thumbnailUrl":"https:\/\/secutron.com\/wp-content\/uploads\/products\/MIX-5351APA_wB300A-B_base.jpg","datePublished":"2021-06-03T22:55:02+00:00","dateModified":"2024-07-17T16:44:12+00:00","description":"Les d\u00e9tecteurs de fum\u00e9e surbaiss\u00e9s de la s\u00e9rie Select sont des d\u00e9tecteurs intelligents adressables et enfichables, dot\u00e9s d'une fonction d'identification des points, d'un protocole avanc\u00e9 et d'un design moderne.","breadcrumb":{"@id":"https:\/\/secutron.com\/products\/mri-5351ap-rap-hap-select-series-intelligent-thermal-sensors\/#breadcrumb"},"inLanguage":"fr-CA","potentialAction":[{"@type":"ReadAction","target":["https:\/\/secutron.com\/products\/mri-5351ap-rap-hap-select-series-intelligent-thermal-sensors\/"]}]},{"@type":"ImageObject","inLanguage":"fr-CA","@id":"https:\/\/secutron.com\/products\/mri-5351ap-rap-hap-select-series-intelligent-thermal-sensors\/#primaryimage","url":"https:\/\/secutron.com\/wp-content\/uploads\/products\/MIX-5351APA_wB300A-B_base.jpg","contentUrl":"https:\/\/secutron.com\/wp-content\/uploads\/products\/MIX-5351APA_wB300A-B_base.jpg","width":900,"height":900,"caption":"MRI-5351AP"},{"@type":"BreadcrumbList","@id":"https:\/\/secutron.com\/products\/mri-5351ap-rap-hap-select-series-intelligent-thermal-sensors\/#breadcrumb","itemListElement":[{"@type":"ListItem","position":1,"name":"Home","item":"https:\/\/secutron.com\/"},{"@type":"ListItem","position":2,"name":"Shop","item":"https:\/\/secutron.com\/shop\/"},{"@type":"ListItem","position":3,"name":"MRI-5351AP \/ RAP \/ HAP SELECT SERIES INTELLIGENT THERMAL SENSORS"}]},{"@type":"WebSite","@id":"https:\/\/secutron.com\/#website","url":"https:\/\/secutron.com\/","name":"Secutron","description":"","potentialAction":[{"@type":"SearchAction","target":{"@type":"EntryPoint","urlTemplate":"https:\/\/secutron.com\/?s={search_term_string}"},"query-input":{"@type":"PropertyValueSpecification","valueRequired":true,"valueName":"search_term_string"}}],"inLanguage":"fr-CA"}]}},"_links":{"self":[{"href":"https:\/\/secutron.com\/fr\/wp-json\/wp\/v2\/product\/1436","targetHints":{"allow":["GET"]}}],"collection":[{"href":"https:\/\/secutron.com\/fr\/wp-json\/wp\/v2\/product"}],"about":[{"href":"https:\/\/secutron.com\/fr\/wp-json\/wp\/v2\/types\/product"}],"version-history":[{"count":1,"href":"https:\/\/secutron.com\/fr\/wp-json\/wp\/v2\/product\/1436\/revisions"}],"predecessor-version":[{"id":3305,"href":"https:\/\/secutron.com\/fr\/wp-json\/wp\/v2\/product\/1436\/revisions\/3305"}],"wp:featuredmedia":[{"embeddable":true,"href":"https:\/\/secutron.com\/fr\/wp-json\/wp\/v2\/media\/1438"}],"wp:attachment":[{"href":"https:\/\/secutron.com\/fr\/wp-json\/wp\/v2\/media?parent=1436"}],"wp:term":[{"taxonomy":"product_brand","embeddable":true,"href":"https:\/\/secutron.com\/fr\/wp-json\/wp\/v2\/product_brand?post=1436"},{"taxonomy":"product_cat","embeddable":true,"href":"https:\/\/secutron.com\/fr\/wp-json\/wp\/v2\/product_cat?post=1436"},{"taxonomy":"product_tag","embeddable":true,"href":"https:\/\/secutron.com\/fr\/wp-json\/wp\/v2\/product_tag?post=1436"}],"curies":[{"name":"wp","href":"https:\/\/api.w.org\/{rel}","templated":true}]}}