{"id":1433,"date":"2021-06-03T18:34:26","date_gmt":"2021-06-03T22:34:26","guid":{"rendered":"https:\/\/secutron.com\/?post_type=product&#038;p=1433"},"modified":"2024-07-17T12:45:35","modified_gmt":"2024-07-17T16:45:35","slug":"mri-2351tirap-select-series-ptir-intelligent-smoke-detector","status":"publish","type":"product","link":"https:\/\/secutron.com\/fr\/products\/mri-2351tirap-select-series-ptir-intelligent-smoke-detector\/","title":{"rendered":"MRI-2351TIRAP SELECT SERIES PTIR INTELLIGENT SMOKE DETECTOR"},"content":{"rendered":"<p>Les d\u00e9tecteurs de fum\u00e9e surbaiss\u00e9s de la s\u00e9rie Select sont des d\u00e9tecteurs intelligents adressables et enfichables, dot\u00e9s d'une fonction d'identification des points qui permet de r\u00e9gler l'adresse de chaque d\u00e9tecteur \u00e0 l'aide de commutateurs d'adresse rotatifs, ce qui permet de localiser exactement l'appareil.<\/p>\n<p>La sensibilit\u00e9 du d\u00e9tecteur est surveill\u00e9e en permanence et communiqu\u00e9e au panneau de contr\u00f4le de l'alarme incendie. Ces d\u00e9tecteurs intelligents utilisent un circuit de d\u00e9tection \u00e0 thermistance de pointe pour une r\u00e9ponse rapide.<br \/>\nLe protocole avanc\u00e9 utilise un protocole de communication \u00e0 grande vitesse qui augmente consid\u00e9rablement la vitesse de communication entre les dispositifs intelligents. Le design moderne et les options de couleurs \u00e9tendues r\u00e9pondent aux exigences esth\u00e9tiques contemporaines. En outre, chaque d\u00e9tecteur est con\u00e7u pour une efficacit\u00e9 exceptionnelle en mati\u00e8re d'installation et de maintenance.<br \/>\nLe MIX-2351TIRAP de la s\u00e9rie Select est un d\u00e9tecteur multicrit\u00e8re intelligent qui int\u00e8gre les principes de d\u00e9tection photo\u00e9lectrique, thermique et infrarouge (PTIR). Des algorithmes avanc\u00e9s maximisent les avantages de chaque type de capteur, cr\u00e9ant une strat\u00e9gie de d\u00e9tection plus robuste qui rejette les sources de nuisance, tout en r\u00e9pondant rapidement aux incendies r\u00e9els.<\/p>\n<p>L'utilisation de capteurs multiples et la communication entre les \u00e9l\u00e9ments de d\u00e9tection permettent de r\u00e9duire consid\u00e9rablement les alarmes intempestives par rapport aux m\u00e9thodes \u00e0 capteur unique.<br \/>\n- Les capteurs photo\u00e9lectriques d\u00e9tectent les particules dans l'air associ\u00e9es \u00e0 la fum\u00e9e.<br \/>\n- Les capteurs thermiques d\u00e9tectent la chaleur, y compris sa vitesse d'\u00e9l\u00e9vation, avec un seuil de temp\u00e9rature fixe de 57\u00b0C (135\u00b0F).<br \/>\n- Le capteur infrarouge d\u00e9tecte les formes de lumi\u00e8re dans l'environnement comme un point de donn\u00e9es suppl\u00e9mentaire pour la d\u00e9termination de l'alarme.<br \/>\nParce qu'il rejette certains d\u00e9clenchements d'alarme intempestifs, le d\u00e9tecteur PTIR est id\u00e9al pour les applications o\u00f9 il existe des conditions d'intemp\u00e9ries mod\u00e9r\u00e9es. Par exemple, les d\u00e9tecteurs \u00e0 simple d\u00e9tection peuvent d\u00e9clencher une fausse alarme en cas de fum\u00e9e de cigarette passag\u00e8re ou de jet de vapeur rapide.<\/p>\n<p>Le d\u00e9tecteur PTIR r\u00e9pond \u00e0 la fois aux exigences de la 7e \u00e9dition de la norme UL 268 et \u00e0 celles de la norme UL 521 et peut indiquer des alarmes de fum\u00e9e et de chaleur distinctes. Cette double nature permet un r\u00e9glage d'alarme locale pour la d\u00e9tection photo\u00e9lectrique et un r\u00e9glage d'\u00e9vacuation g\u00e9n\u00e9rale bas\u00e9 sur la d\u00e9tection thermique. Cela permet de minimiser les interruptions de travail dans les b\u00e2timents \u00e0 plusieurs niveaux.<\/p>\n<h4>CARACT\u00c9RISTIQUES<\/h4>\n<ul>\n<li>D\u00e9tection multicrit\u00e8res<\/li>\n<li>UL 268 7\u00e8me \u00e9dition et UL 521.<\/li>\n<li>Nouveau profil moderne<\/li>\n<li>Communications analogiques<\/li>\n<li>Faible courant de veille<\/li>\n<li>Commutateurs rotatifs d'adresse<\/li>\n<li>Double LED pour une visibilit\u00e9 \u00e0 360<\/li>\n<li>Options \u00e9largies de kits de couleurs<\/li>\n<\/ul>\n<h4>INFORMATIONS SUR LES COMMANDES<\/h4>\n<p>&nbsp;<\/p>\n<table style=\"height: 364px;\" width=\"731\">\n<tbody>\n<tr>\n<td colspan=\"3\" width=\"733\">D\u00e9tecteurs PTIR intelligents<\/td>\n<\/tr>\n<tr>\n<td>MRI-2351TIRAP<\/td>\n<td width=\"501\">D\u00e9tecteur de fum\u00e9e intelligent photo\u00e9lectrique, thermique et infrarouge - UL<\/td>\n<td>Blanc<\/td>\n<\/tr>\n<tr>\n<td colspan=\"3\" width=\"733\">Bases<\/td>\n<\/tr>\n<tr>\n<td>B501-WHITE<\/td>\n<td>4\u2033 Base de montage sans bride - UL\/ ULC<\/td>\n<td>Blanc<\/td>\n<\/tr>\n<tr>\n<td>B501-IV<\/td>\n<td>4\u2033 Base de montage sans bride - UL\/ ULC<\/td>\n<td>Ivoire<\/td>\n<\/tr>\n<tr>\n<td>B300-6<\/td>\n<td>6\u2033 Base de montage \u00e0 bride - UL<\/td>\n<td>Blanc<\/td>\n<\/tr>\n<tr>\n<td>B300-6-IV<\/td>\n<td>6\u2033 Base de montage \u00e0 bride - UL<\/td>\n<td>Ivoire<\/td>\n<\/tr>\n<tr>\n<td>B200SR-WH<\/td>\n<td>Socle de sondeur standard - UL<\/td>\n<td>Blanc<\/td>\n<\/tr>\n<tr>\n<td>B200SR-IV<\/td>\n<td>Socle de sondeur standard - UL<\/td>\n<td>Ivoire<\/td>\n<\/tr>\n<tr>\n<td>B200SR-LF-WH<\/td>\n<td>Base de sonde basse fr\u00e9quence - UL<\/td>\n<td>Blanc<\/td>\n<\/tr>\n<tr>\n<td>B200SR-LF-IV<\/td>\n<td>Base de sonde basse fr\u00e9quence - UL<\/td>\n<td>Ivoire<\/td>\n<\/tr>\n<tr>\n<td>B224BI-WH<\/td>\n<td>Base d'isolation - UL<\/td>\n<td>Blanc<\/td>\n<\/tr>\n<tr>\n<td>B224BI-IV<\/td>\n<td>Base d'isolation - UL<\/td>\n<td>Ivoire<\/td>\n<\/tr>\n<tr>\n<td width=\"119\">B224RB-WH<\/td>\n<td>Base de relais - UL<\/td>\n<td>Blanc<\/td>\n<\/tr>\n<tr>\n<td>B224RB-IV<\/td>\n<td>Base de relais - UL<\/td>\n<td>Ivoire<\/td>\n<\/tr>\n<tr>\n<td colspan=\"3\" width=\"733\">Accessoires<\/td>\n<\/tr>\n<tr>\n<td>CK300-IR<\/td>\n<td>Kit de couleur PTIR (comprend le couvercle et l'anneau de garniture) - Paquet de 10<\/td>\n<td>Blanc<\/td>\n<\/tr>\n<tr>\n<td>CK300-IR-IV<\/td>\n<td>Kit de couleur PTIR (comprend le couvercle et l'anneau de garniture) - Paquet de 10<\/td>\n<td>Ivoire<\/td>\n<\/tr>\n<tr>\n<td>CK300-IR-BL<\/td>\n<td>Kit de couleur PTIR (comprend le couvercle et l'anneau de garniture) - Paquet de 10<\/td>\n<td>Noir<\/td>\n<\/tr>\n<tr>\n<td>TR300<\/td>\n<td>Anneau de garniture<\/td>\n<td>Blanc<\/td>\n<\/tr>\n<tr>\n<td>TR300-IR<\/td>\n<td>Anneau de garniture<\/td>\n<td>Ivoire<\/td>\n<\/tr>\n<tr>\n<td>RA100Z<\/td>\n<td>Annonciateur LED \u00e0 distance - UL<\/td>\n<td>Ivoire<\/td>\n<\/tr>\n<\/tbody>\n<\/table>\n<p>&nbsp;<\/p>\n<p>LISTES D'AGENCES<\/p>\n<h4><img decoding=\"async\" src=\"https:\/\/mircom.com\/wp-content\/uploads\/products\/ul.jpg\" \/> <a href=\"https:\/\/mircom.com\/wp-content\/uploads\/csfm-1.jpg\"><img decoding=\"async\" class=\"wp-image-12557\" src=\"https:\/\/mircom.com\/wp-content\/uploads\/csfm-1.jpg\" alt=\"csfm\" width=\"133\" height=\"100\" \/><\/a><a href=\"https:\/\/mircom.com\/wp-content\/uploads\/fm.jpg\"><img decoding=\"async\" class=\"size-full wp-image-12553\" src=\"https:\/\/mircom.com\/wp-content\/uploads\/fm.jpg\" alt=\"fm\" width=\"120\" height=\"90\" \/><\/a><\/h4>\n<p>*Veuillez contacter le repr\u00e9sentant local de Secutron pour conna\u00eetre les disponibilit\u00e9s r\u00e9gionales.<\/p>","protected":false},"excerpt":{"rendered":"<p>Les d\u00e9tecteurs de fum\u00e9e surbaiss\u00e9s de la s\u00e9rie Select sont des d\u00e9tecteurs intelligents adressables et enfichables, dot\u00e9s d'une fonction d'identification des points qui permet de r\u00e9gler l'adresse de chaque d\u00e9tecteur \u00e0 l'aide de commutateurs d'adresse rotatifs, ce qui permet de localiser exactement l'appareil.<\/p>\n<p>Le d\u00e9tecteur PTIR r\u00e9pond \u00e0 la fois aux exigences de la 7e \u00e9dition de la norme UL 268 et \u00e0 celles de la norme UL 521 et peut indiquer des alarmes de fum\u00e9e et de chaleur distinctes. Cette double nature permet un r\u00e9glage d'alarme locale pour la d\u00e9tection photo\u00e9lectrique et un r\u00e9glage d'\u00e9vacuation g\u00e9n\u00e9rale bas\u00e9 sur la d\u00e9tection thermique. Cela permet de minimiser les interruptions de travail dans les b\u00e2timents \u00e0 plusieurs niveaux.<\/p>","protected":false},"featured_media":1435,"template":"","meta":{"_acf_changed":false,"om_disable_all_campaigns":false,"_monsterinsights_skip_tracking":false,"_monsterinsights_sitenote_active":false,"_monsterinsights_sitenote_note":"","_monsterinsights_sitenote_category":0,"footnotes":""},"product_brand":[],"product_cat":[78],"product_tag":[],"class_list":{"0":"post-1433","1":"product","2":"type-product","3":"status-publish","4":"has-post-thumbnail","6":"product_cat-select-series-devices","8":"first","9":"instock","10":"shipping-taxable","11":"product-type-simple"},"acf":[],"yoast_head":"<!-- This site is optimized with the Yoast SEO plugin v27.4 - https:\/\/yoast.com\/product\/yoast-seo-wordpress\/ -->\n<title>MRI-2351TIRAP SELECT SERIES PTIR INTELLIGENT SMOKE DETECTOR - Secutron<\/title>\n<meta name=\"description\" content=\"Select Series low profile smoke detectors feature intelligent sensors with advanced communication protocol and reducing nuisance alarms.\" \/>\n<meta name=\"robots\" content=\"index, follow, max-snippet:-1, max-image-preview:large, max-video-preview:-1\" \/>\n<link rel=\"canonical\" href=\"https:\/\/secutron.com\/fr\/products\/mri-2351tirap-select-series-ptir-intelligent-smoke-detector\/\" \/>\n<meta property=\"og:locale\" content=\"fr_CA\" \/>\n<meta property=\"og:type\" content=\"article\" \/>\n<meta property=\"og:title\" content=\"MRI-2351TIRAP SELECT SERIES PTIR INTELLIGENT SMOKE DETECTOR - Secutron\" \/>\n<meta property=\"og:description\" content=\"Select Series low profile smoke detectors feature intelligent sensors with advanced communication protocol and reducing nuisance alarms.\" \/>\n<meta property=\"og:url\" content=\"https:\/\/secutron.com\/fr\/products\/mri-2351tirap-select-series-ptir-intelligent-smoke-detector\/\" \/>\n<meta property=\"og:site_name\" content=\"Secutron\" \/>\n<meta property=\"article:modified_time\" content=\"2024-07-17T16:45:35+00:00\" \/>\n<meta property=\"og:image\" content=\"https:\/\/secutron.com\/wp-content\/uploads\/products\/MIX-2351TIRAPA-PTIR-B300-6_ceiling_sm.jpg\" \/>\n\t<meta property=\"og:image:width\" content=\"900\" \/>\n\t<meta property=\"og:image:height\" content=\"900\" \/>\n\t<meta property=\"og:image:type\" content=\"image\/jpeg\" \/>\n<meta name=\"twitter:card\" content=\"summary_large_image\" \/>\n<meta name=\"twitter:label1\" content=\"Estimation du temps de lecture\" \/>\n\t<meta name=\"twitter:data1\" content=\"3 minutes\" \/>\n<script type=\"application\/ld+json\" class=\"yoast-schema-graph\">{\"@context\":\"https:\\\/\\\/schema.org\",\"@graph\":[{\"@type\":\"WebPage\",\"@id\":\"https:\\\/\\\/secutron.com\\\/products\\\/mri-2351tirap-select-series-ptir-intelligent-smoke-detector\\\/\",\"url\":\"https:\\\/\\\/secutron.com\\\/products\\\/mri-2351tirap-select-series-ptir-intelligent-smoke-detector\\\/\",\"name\":\"MRI-2351TIRAP SELECT SERIES PTIR INTELLIGENT SMOKE DETECTOR - Secutron\",\"isPartOf\":{\"@id\":\"https:\\\/\\\/secutron.com\\\/#website\"},\"primaryImageOfPage\":{\"@id\":\"https:\\\/\\\/secutron.com\\\/products\\\/mri-2351tirap-select-series-ptir-intelligent-smoke-detector\\\/#primaryimage\"},\"image\":{\"@id\":\"https:\\\/\\\/secutron.com\\\/products\\\/mri-2351tirap-select-series-ptir-intelligent-smoke-detector\\\/#primaryimage\"},\"thumbnailUrl\":\"https:\\\/\\\/secutron.com\\\/wp-content\\\/uploads\\\/products\\\/MIX-2351TIRAPA-PTIR-B300-6_ceiling_sm.jpg\",\"datePublished\":\"2021-06-03T22:34:26+00:00\",\"dateModified\":\"2024-07-17T16:45:35+00:00\",\"description\":\"Select Series low profile smoke detectors feature intelligent sensors with advanced communication protocol and reducing nuisance alarms.\",\"breadcrumb\":{\"@id\":\"https:\\\/\\\/secutron.com\\\/products\\\/mri-2351tirap-select-series-ptir-intelligent-smoke-detector\\\/#breadcrumb\"},\"inLanguage\":\"fr-CA\",\"potentialAction\":[{\"@type\":\"ReadAction\",\"target\":[\"https:\\\/\\\/secutron.com\\\/products\\\/mri-2351tirap-select-series-ptir-intelligent-smoke-detector\\\/\"]}]},{\"@type\":\"ImageObject\",\"inLanguage\":\"fr-CA\",\"@id\":\"https:\\\/\\\/secutron.com\\\/products\\\/mri-2351tirap-select-series-ptir-intelligent-smoke-detector\\\/#primaryimage\",\"url\":\"https:\\\/\\\/secutron.com\\\/wp-content\\\/uploads\\\/products\\\/MIX-2351TIRAPA-PTIR-B300-6_ceiling_sm.jpg\",\"contentUrl\":\"https:\\\/\\\/secutron.com\\\/wp-content\\\/uploads\\\/products\\\/MIX-2351TIRAPA-PTIR-B300-6_ceiling_sm.jpg\",\"width\":900,\"height\":900,\"caption\":\"MRI-2351TIRAP PTIR\"},{\"@type\":\"BreadcrumbList\",\"@id\":\"https:\\\/\\\/secutron.com\\\/products\\\/mri-2351tirap-select-series-ptir-intelligent-smoke-detector\\\/#breadcrumb\",\"itemListElement\":[{\"@type\":\"ListItem\",\"position\":1,\"name\":\"Home\",\"item\":\"https:\\\/\\\/secutron.com\\\/\"},{\"@type\":\"ListItem\",\"position\":2,\"name\":\"Shop\",\"item\":\"https:\\\/\\\/secutron.com\\\/shop\\\/\"},{\"@type\":\"ListItem\",\"position\":3,\"name\":\"MRI-2351TIRAP SELECT SERIES PTIR INTELLIGENT SMOKE DETECTOR\"}]},{\"@type\":\"WebSite\",\"@id\":\"https:\\\/\\\/secutron.com\\\/#website\",\"url\":\"https:\\\/\\\/secutron.com\\\/\",\"name\":\"Secutron\",\"description\":\"\",\"potentialAction\":[{\"@type\":\"SearchAction\",\"target\":{\"@type\":\"EntryPoint\",\"urlTemplate\":\"https:\\\/\\\/secutron.com\\\/?s={search_term_string}\"},\"query-input\":{\"@type\":\"PropertyValueSpecification\",\"valueRequired\":true,\"valueName\":\"search_term_string\"}}],\"inLanguage\":\"fr-CA\"}]}<\/script>\n<!-- \/ Yoast SEO plugin. -->","yoast_head_json":{"title":"MRI-2351TIRAP SELECT SERIES PTIR INTELLIGENT SMOKE DETECTOR - Secutron","description":"Les d\u00e9tecteurs de fum\u00e9e surbaiss\u00e9s de la s\u00e9rie Select sont dot\u00e9s de capteurs intelligents avec un protocole de communication avanc\u00e9 et r\u00e9duisent les alarmes intempestives.","robots":{"index":"index","follow":"follow","max-snippet":"max-snippet:-1","max-image-preview":"max-image-preview:large","max-video-preview":"max-video-preview:-1"},"canonical":"https:\/\/secutron.com\/fr\/products\/mri-2351tirap-select-series-ptir-intelligent-smoke-detector\/","og_locale":"fr_CA","og_type":"article","og_title":"MRI-2351TIRAP SELECT SERIES PTIR INTELLIGENT SMOKE DETECTOR - Secutron","og_description":"Select Series low profile smoke detectors feature intelligent sensors with advanced communication protocol and reducing nuisance alarms.","og_url":"https:\/\/secutron.com\/fr\/products\/mri-2351tirap-select-series-ptir-intelligent-smoke-detector\/","og_site_name":"Secutron","article_modified_time":"2024-07-17T16:45:35+00:00","og_image":[{"width":900,"height":900,"url":"https:\/\/secutron.com\/wp-content\/uploads\/products\/MIX-2351TIRAPA-PTIR-B300-6_ceiling_sm.jpg","type":"image\/jpeg"}],"twitter_card":"summary_large_image","twitter_misc":{"Estimation du temps de lecture":"3 minutes"},"schema":{"@context":"https:\/\/schema.org","@graph":[{"@type":"WebPage","@id":"https:\/\/secutron.com\/products\/mri-2351tirap-select-series-ptir-intelligent-smoke-detector\/","url":"https:\/\/secutron.com\/products\/mri-2351tirap-select-series-ptir-intelligent-smoke-detector\/","name":"MRI-2351TIRAP SELECT SERIES PTIR INTELLIGENT SMOKE DETECTOR - Secutron","isPartOf":{"@id":"https:\/\/secutron.com\/#website"},"primaryImageOfPage":{"@id":"https:\/\/secutron.com\/products\/mri-2351tirap-select-series-ptir-intelligent-smoke-detector\/#primaryimage"},"image":{"@id":"https:\/\/secutron.com\/products\/mri-2351tirap-select-series-ptir-intelligent-smoke-detector\/#primaryimage"},"thumbnailUrl":"https:\/\/secutron.com\/wp-content\/uploads\/products\/MIX-2351TIRAPA-PTIR-B300-6_ceiling_sm.jpg","datePublished":"2021-06-03T22:34:26+00:00","dateModified":"2024-07-17T16:45:35+00:00","description":"Les d\u00e9tecteurs de fum\u00e9e surbaiss\u00e9s de la s\u00e9rie Select sont dot\u00e9s de capteurs intelligents avec un protocole de communication avanc\u00e9 et r\u00e9duisent les alarmes intempestives.","breadcrumb":{"@id":"https:\/\/secutron.com\/products\/mri-2351tirap-select-series-ptir-intelligent-smoke-detector\/#breadcrumb"},"inLanguage":"fr-CA","potentialAction":[{"@type":"ReadAction","target":["https:\/\/secutron.com\/products\/mri-2351tirap-select-series-ptir-intelligent-smoke-detector\/"]}]},{"@type":"ImageObject","inLanguage":"fr-CA","@id":"https:\/\/secutron.com\/products\/mri-2351tirap-select-series-ptir-intelligent-smoke-detector\/#primaryimage","url":"https:\/\/secutron.com\/wp-content\/uploads\/products\/MIX-2351TIRAPA-PTIR-B300-6_ceiling_sm.jpg","contentUrl":"https:\/\/secutron.com\/wp-content\/uploads\/products\/MIX-2351TIRAPA-PTIR-B300-6_ceiling_sm.jpg","width":900,"height":900,"caption":"MRI-2351TIRAP PTIR"},{"@type":"BreadcrumbList","@id":"https:\/\/secutron.com\/products\/mri-2351tirap-select-series-ptir-intelligent-smoke-detector\/#breadcrumb","itemListElement":[{"@type":"ListItem","position":1,"name":"Home","item":"https:\/\/secutron.com\/"},{"@type":"ListItem","position":2,"name":"Shop","item":"https:\/\/secutron.com\/shop\/"},{"@type":"ListItem","position":3,"name":"MRI-2351TIRAP SELECT SERIES PTIR INTELLIGENT SMOKE DETECTOR"}]},{"@type":"WebSite","@id":"https:\/\/secutron.com\/#website","url":"https:\/\/secutron.com\/","name":"Secutron","description":"","potentialAction":[{"@type":"SearchAction","target":{"@type":"EntryPoint","urlTemplate":"https:\/\/secutron.com\/?s={search_term_string}"},"query-input":{"@type":"PropertyValueSpecification","valueRequired":true,"valueName":"search_term_string"}}],"inLanguage":"fr-CA"}]}},"_links":{"self":[{"href":"https:\/\/secutron.com\/fr\/wp-json\/wp\/v2\/product\/1433","targetHints":{"allow":["GET"]}}],"collection":[{"href":"https:\/\/secutron.com\/fr\/wp-json\/wp\/v2\/product"}],"about":[{"href":"https:\/\/secutron.com\/fr\/wp-json\/wp\/v2\/types\/product"}],"version-history":[{"count":1,"href":"https:\/\/secutron.com\/fr\/wp-json\/wp\/v2\/product\/1433\/revisions"}],"predecessor-version":[{"id":3497,"href":"https:\/\/secutron.com\/fr\/wp-json\/wp\/v2\/product\/1433\/revisions\/3497"}],"wp:featuredmedia":[{"embeddable":true,"href":"https:\/\/secutron.com\/fr\/wp-json\/wp\/v2\/media\/1435"}],"wp:attachment":[{"href":"https:\/\/secutron.com\/fr\/wp-json\/wp\/v2\/media?parent=1433"}],"wp:term":[{"taxonomy":"product_brand","embeddable":true,"href":"https:\/\/secutron.com\/fr\/wp-json\/wp\/v2\/product_brand?post=1433"},{"taxonomy":"product_cat","embeddable":true,"href":"https:\/\/secutron.com\/fr\/wp-json\/wp\/v2\/product_cat?post=1433"},{"taxonomy":"product_tag","embeddable":true,"href":"https:\/\/secutron.com\/fr\/wp-json\/wp\/v2\/product_tag?post=1433"}],"curies":[{"name":"wp","href":"https:\/\/api.w.org\/{rel}","templated":true}]}}