{"id":1428,"date":"2021-06-02T14:19:45","date_gmt":"2021-06-02T18:19:45","guid":{"rendered":"https:\/\/secutron.com\/?post_type=product&#038;p=1428"},"modified":"2024-07-17T12:47:29","modified_gmt":"2024-07-17T16:47:29","slug":"mri-2351ap-rap-tap-select-series-intelligent-smoke-detectors","status":"publish","type":"product","link":"https:\/\/secutron.com\/fr\/products\/mri-2351ap-rap-tap-select-series-intelligent-smoke-detectors\/","title":{"rendered":"D\u00c9TECTEURS DE FUM\u00c9E INTELLIGENTS S\u00c9RIE MRI-2351AP\/RAP\/TAP SELECT"},"content":{"rendered":"<p>Les d\u00e9tecteurs de fum\u00e9e surbaiss\u00e9s de la s\u00e9rie Select sont des d\u00e9tecteurs intelligents adressables et enfichables, dot\u00e9s d'une fonction d'identification des points qui permet de r\u00e9gler l'adresse de chaque d\u00e9tecteur \u00e0 l'aide de commutateurs d'adresse rotatifs, ce qui permet de localiser exactement l'appareil.<\/p>\n<p>La sensibilit\u00e9 du d\u00e9tecteur est surveill\u00e9e en permanence et communiqu\u00e9e au panneau de contr\u00f4le de l'alarme incendie. Ces d\u00e9tecteurs intelligents utilisent un circuit de d\u00e9tection \u00e0 thermistance de pointe pour une r\u00e9ponse rapide.<br \/>\nLe protocole avanc\u00e9 utilise un protocole de communication \u00e0 grande vitesse qui augmente consid\u00e9rablement la vitesse de communication entre les dispositifs intelligents.<br \/>\nLe design moderne et les options de couleurs \u00e9tendues r\u00e9pondent aux exigences esth\u00e9tiques contemporaines. En outre, chaque d\u00e9tecteur est con\u00e7u pour une installation et une maintenance exceptionnelles.<\/p>\n<p>La s\u00e9rie Select\u00a0<strong>MRI-2351AP<\/strong>\u00a0La chambre de d\u00e9tection optique redessin\u00e9e du d\u00e9tecteur photo\u00e9lectrique Select Series est con\u00e7ue pour d\u00e9tecter les fum\u00e9es produites par une large gamme de sources de combustion, conform\u00e9ment \u00e0 des normes plus strictes. La sensibilit\u00e9 des d\u00e9tecteurs de la s\u00e9rie Select peut \u00eatre programm\u00e9e \u00e0 l'aide du logiciel du panneau de contr\u00f4le pour s'adapter \u00e0 l'environnement.<br \/>\nLe\u00a0<strong>MRI-2351RAP<\/strong>\u00a0est \u00e9galement capable d'\u00eatre test\u00e9 \u00e0 distance pour \u00eatre utilis\u00e9 avec un d\u00e9tecteur de fum\u00e9e de conduit.<br \/>\nLe\u00a0<strong>MRI-2351TAP<\/strong>\u00a0Le d\u00e9tecteur multi-capteurs offre une d\u00e9tection photo\u00e9lectrique ou une d\u00e9tection thermique par l'interm\u00e9diaire de deux thermistances \u00e9lectroniques \u00e0 une temp\u00e9rature fixe de 135\u00b0F (57\u00b0C).<\/p>\n<h4>CARACT\u00c9RISTIQUES<\/h4>\n<ul>\n<li>D\u00e9tection multicrit\u00e8res<\/li>\n<li>Con\u00e7u pour r\u00e9pondre aux normes UL 268 7\u00e8me \u00e9dition et UL 521.<\/li>\n<li>Nouveau profil moderne<\/li>\n<li>Communications analogiques<\/li>\n<li>Faible courant de veille<\/li>\n<li>Commutateurs rotatifs d'adresse<\/li>\n<li>Double LED pour une visibilit\u00e9 \u00e0 360<\/li>\n<li>Options \u00e9largies de kits de couleurs<\/li>\n<\/ul>\n<h4>INFORMATIONS SUR LES COMMANDES<\/h4>\n<table style=\"height: 750px;\" width=\"717\">\n<tbody>\n<tr>\n<td colspan=\"3\" width=\"733\"><strong>D\u00e9tecteurs intelligents<\/strong><\/td>\n<\/tr>\n<tr>\n<td>MRI-2351AP<\/td>\n<td width=\"501\">D\u00e9tecteur de fum\u00e9e photo\u00e9lectrique intelligent - UL<\/td>\n<td>Blanc<\/td>\n<\/tr>\n<tr>\n<td>MRI-2351RAP<\/td>\n<td width=\"501\">D\u00e9tecteur de fum\u00e9e photo\u00e9lectrique intelligent, testable \u00e0 distance, \u00e0 utiliser avec des d\u00e9tecteurs de fum\u00e9e pour conduits - UL<\/td>\n<td>Blanc<\/td>\n<\/tr>\n<tr>\n<td>MRI-2351TAP<\/td>\n<td width=\"501\">D\u00e9tecteur de fum\u00e9e photo\u00e9lectrique intelligent avec thermique - UL<\/td>\n<td>Blanc<\/td>\n<\/tr>\n<tr>\n<td colspan=\"3\" width=\"733\"><strong>Bases<\/strong><\/td>\n<\/tr>\n<tr>\n<td>B501-WHITE<\/td>\n<td>4\u2033 Base de montage sans bride - UL\/ ULC<\/td>\n<td>Blanc<\/td>\n<\/tr>\n<tr>\n<td>B501-IV<\/td>\n<td>4\u2033 Base de montage sans bride - UL\/ ULC<\/td>\n<td>Ivoire<\/td>\n<\/tr>\n<tr>\n<td>B300-6<\/td>\n<td>6\u2033 Base de montage \u00e0 bride - UL<\/td>\n<td>Blanc<\/td>\n<\/tr>\n<tr>\n<td>B300-6-IV<\/td>\n<td>6\u2033 Base de montage \u00e0 bride - UL<\/td>\n<td>Ivoire<\/td>\n<\/tr>\n<tr>\n<td>B200SR-WH<\/td>\n<td>Socle de sondeur standard - UL<\/td>\n<td>Blanc<\/td>\n<\/tr>\n<tr>\n<td>B200SR-IV<\/td>\n<td>Socle de sondeur standard - UL<\/td>\n<td>Ivoire<\/td>\n<\/tr>\n<tr>\n<td>B200SR-LF-WH<\/td>\n<td>Base de sonde basse fr\u00e9quence - UL<\/td>\n<td>Blanc<\/td>\n<\/tr>\n<tr>\n<td>B200SR-LF-IV<\/td>\n<td>Base de sonde basse fr\u00e9quence - UL<\/td>\n<td>Ivoire<\/td>\n<\/tr>\n<tr>\n<td>B224BI-WH<\/td>\n<td>Base d'isolation - UL<\/td>\n<td>Blanc<\/td>\n<\/tr>\n<tr>\n<td>B224BI-IV<\/td>\n<td>Base d'isolation - UL<\/td>\n<td>Ivoire<\/td>\n<\/tr>\n<tr>\n<td width=\"119\">B224RB-WH<\/td>\n<td>Base de relais - UL<\/td>\n<td>Blanc<\/td>\n<\/tr>\n<tr>\n<td>B224RB-IV<\/td>\n<td>Base de relais - UL<\/td>\n<td>Ivoire<\/td>\n<\/tr>\n<tr>\n<td colspan=\"3\" width=\"733\"><strong>Accessoires<\/strong><\/td>\n<\/tr>\n<tr>\n<td>CK300<\/td>\n<td>Kit de couleur (comprend le couvercle et l'anneau de garniture) - Paquet de 10<\/td>\n<td>Blanc<\/td>\n<\/tr>\n<tr>\n<td>CK300-IV<\/td>\n<td>Kit de couleur (comprend le couvercle et l'anneau de garniture) - Paquet de 10<\/td>\n<td>Ivoire<\/td>\n<\/tr>\n<tr>\n<td>CK300-BL<\/td>\n<td>Kit de couleur (comprend le couvercle et l'anneau de garniture) - Paquet de 10<\/td>\n<td>Noir<\/td>\n<\/tr>\n<tr>\n<td>TR300<\/td>\n<td>Anneau de garniture<\/td>\n<td>Blanc<\/td>\n<\/tr>\n<tr>\n<td>TR300-IR<\/td>\n<td>Anneau de garniture<\/td>\n<td>Ivoire<\/td>\n<\/tr>\n<tr>\n<td>RA100Z<\/td>\n<td>Annonciateur LED \u00e0 distance - UL<\/td>\n<td>Ivoire<\/td>\n<\/tr>\n<\/tbody>\n<\/table>\n<p>&nbsp;<\/p>\n<h4>LISTES D'AGENCES<\/h4>\n<h4><img decoding=\"async\" src=\"https:\/\/mircom.com\/wp-content\/uploads\/products\/ul.jpg\" \/> <a href=\"https:\/\/mircom.com\/wp-content\/uploads\/csfm-1.jpg\"><img decoding=\"async\" class=\"wp-image-12557\" src=\"https:\/\/mircom.com\/wp-content\/uploads\/csfm-1.jpg\" alt=\"csfm\" width=\"133\" height=\"100\" \/><\/a><a href=\"https:\/\/mircom.com\/wp-content\/uploads\/fm.jpg\"><img decoding=\"async\" class=\"size-full wp-image-12553\" src=\"https:\/\/mircom.com\/wp-content\/uploads\/fm.jpg\" alt=\"fm\" width=\"120\" height=\"90\" \/><\/a><\/h4>\n<p>*Veuillez contacter le repr\u00e9sentant local de Secutron pour conna\u00eetre les disponibilit\u00e9s r\u00e9gionales.<\/p>","protected":false},"excerpt":{"rendered":"<p>Les d\u00e9tecteurs de fum\u00e9e surbaiss\u00e9s de la s\u00e9rie Select sont des d\u00e9tecteurs intelligents adressables et enfichables, dot\u00e9s d'une fonction d'identification des points qui permet de r\u00e9gler l'adresse de chaque d\u00e9tecteur \u00e0 l'aide de commutateurs d'adresse rotatifs, ce qui permet de localiser exactement l'appareil.<\/p>\n<p>La s\u00e9rie Select\u00a0<strong>MRI-2351AP<\/strong>\u00a0La chambre de d\u00e9tection optique redessin\u00e9e du d\u00e9tecteur photo\u00e9lectrique Select Series est con\u00e7ue pour d\u00e9tecter les fum\u00e9es produites par une large gamme de sources de combustion, conform\u00e9ment \u00e0 des normes plus strictes. La sensibilit\u00e9 des d\u00e9tecteurs de la s\u00e9rie Select peut \u00eatre programm\u00e9e \u00e0 l'aide du logiciel du panneau de contr\u00f4le pour s'adapter \u00e0 l'environnement.<br \/>\nLe\u00a0<strong>MRI-2351RAP<\/strong>\u00a0est \u00e9galement capable d'\u00eatre test\u00e9 \u00e0 distance pour \u00eatre utilis\u00e9 avec un d\u00e9tecteur de fum\u00e9e de conduit.<br \/>\nLe\u00a0<strong>MRI-2351TAP<\/strong>\u00a0Le d\u00e9tecteur multi-capteurs offre une d\u00e9tection photo\u00e9lectrique ou une d\u00e9tection thermique par l'interm\u00e9diaire de deux thermistances \u00e9lectroniques \u00e0 une temp\u00e9rature fixe de 135\u00b0F (57\u00b0C).<\/p>","protected":false},"featured_media":1432,"template":"","meta":{"_acf_changed":false,"om_disable_all_campaigns":false,"_monsterinsights_skip_tracking":false,"_monsterinsights_sitenote_active":false,"_monsterinsights_sitenote_note":"","_monsterinsights_sitenote_category":0,"footnotes":""},"product_brand":[],"product_cat":[78],"product_tag":[],"class_list":{"0":"post-1428","1":"product","2":"type-product","3":"status-publish","4":"has-post-thumbnail","6":"product_cat-select-series-devices","8":"first","9":"instock","10":"shipping-taxable","11":"product-type-simple"},"acf":[],"yoast_head":"<!-- This site is optimized with the Yoast SEO plugin v27.4 - https:\/\/yoast.com\/product\/yoast-seo-wordpress\/ -->\n<title>MRI-2351AP\/RAP\/TAP SELECT SERIES INTELLIGENT SMOKE DETECTORS - Secutron<\/title>\n<meta name=\"description\" content=\"Secutron&#039;s Select Series detectors with re-designed optical sensing chambers for smoke detection. Program sensitivity, enjoy remote testing capabilities.\" \/>\n<meta name=\"robots\" content=\"index, follow, max-snippet:-1, max-image-preview:large, max-video-preview:-1\" \/>\n<link rel=\"canonical\" href=\"https:\/\/secutron.com\/fr\/products\/mri-2351ap-rap-tap-select-series-intelligent-smoke-detectors\/\" \/>\n<meta property=\"og:locale\" content=\"fr_CA\" \/>\n<meta property=\"og:type\" content=\"article\" \/>\n<meta property=\"og:title\" content=\"MRI-2351AP\/RAP\/TAP SELECT SERIES INTELLIGENT SMOKE DETECTORS - Secutron\" \/>\n<meta property=\"og:description\" content=\"Secutron&#039;s Select Series detectors with re-designed optical sensing chambers for smoke detection. Program sensitivity, enjoy remote testing capabilities.\" \/>\n<meta property=\"og:url\" content=\"https:\/\/secutron.com\/fr\/products\/mri-2351ap-rap-tap-select-series-intelligent-smoke-detectors\/\" \/>\n<meta property=\"og:site_name\" content=\"Secutron\" \/>\n<meta property=\"article:modified_time\" content=\"2024-07-17T16:47:29+00:00\" \/>\n<meta property=\"og:image\" content=\"https:\/\/secutron.com\/wp-content\/uploads\/products\/MIX-2351APARAPATAPA-B300-6-ceiling_sm.jpg\" \/>\n\t<meta property=\"og:image:width\" content=\"900\" \/>\n\t<meta property=\"og:image:height\" content=\"900\" \/>\n\t<meta property=\"og:image:type\" content=\"image\/jpeg\" \/>\n<meta name=\"twitter:card\" content=\"summary_large_image\" \/>\n<meta name=\"twitter:label1\" content=\"Estimation du temps de lecture\" \/>\n\t<meta name=\"twitter:data1\" content=\"3 minutes\" \/>\n<script type=\"application\/ld+json\" class=\"yoast-schema-graph\">{\"@context\":\"https:\\\/\\\/schema.org\",\"@graph\":[{\"@type\":\"WebPage\",\"@id\":\"https:\\\/\\\/secutron.com\\\/products\\\/mri-2351ap-rap-tap-select-series-intelligent-smoke-detectors\\\/\",\"url\":\"https:\\\/\\\/secutron.com\\\/products\\\/mri-2351ap-rap-tap-select-series-intelligent-smoke-detectors\\\/\",\"name\":\"MRI-2351AP\\\/RAP\\\/TAP SELECT SERIES INTELLIGENT SMOKE DETECTORS - Secutron\",\"isPartOf\":{\"@id\":\"https:\\\/\\\/secutron.com\\\/#website\"},\"primaryImageOfPage\":{\"@id\":\"https:\\\/\\\/secutron.com\\\/products\\\/mri-2351ap-rap-tap-select-series-intelligent-smoke-detectors\\\/#primaryimage\"},\"image\":{\"@id\":\"https:\\\/\\\/secutron.com\\\/products\\\/mri-2351ap-rap-tap-select-series-intelligent-smoke-detectors\\\/#primaryimage\"},\"thumbnailUrl\":\"https:\\\/\\\/secutron.com\\\/wp-content\\\/uploads\\\/products\\\/MIX-2351APA^RAPA^TAPA-B300-6-ceiling_sm.jpg\",\"datePublished\":\"2021-06-02T18:19:45+00:00\",\"dateModified\":\"2024-07-17T16:47:29+00:00\",\"description\":\"Secutron's Select Series detectors with re-designed optical sensing chambers for smoke detection. Program sensitivity, enjoy remote testing capabilities.\",\"breadcrumb\":{\"@id\":\"https:\\\/\\\/secutron.com\\\/products\\\/mri-2351ap-rap-tap-select-series-intelligent-smoke-detectors\\\/#breadcrumb\"},\"inLanguage\":\"fr-CA\",\"potentialAction\":[{\"@type\":\"ReadAction\",\"target\":[\"https:\\\/\\\/secutron.com\\\/products\\\/mri-2351ap-rap-tap-select-series-intelligent-smoke-detectors\\\/\"]}]},{\"@type\":\"ImageObject\",\"inLanguage\":\"fr-CA\",\"@id\":\"https:\\\/\\\/secutron.com\\\/products\\\/mri-2351ap-rap-tap-select-series-intelligent-smoke-detectors\\\/#primaryimage\",\"url\":\"https:\\\/\\\/secutron.com\\\/wp-content\\\/uploads\\\/products\\\/MIX-2351APA^RAPA^TAPA-B300-6-ceiling_sm.jpg\",\"contentUrl\":\"https:\\\/\\\/secutron.com\\\/wp-content\\\/uploads\\\/products\\\/MIX-2351APA^RAPA^TAPA-B300-6-ceiling_sm.jpg\",\"width\":900,\"height\":900,\"caption\":\"MRI-2351AP^RAP^TAP\"},{\"@type\":\"BreadcrumbList\",\"@id\":\"https:\\\/\\\/secutron.com\\\/products\\\/mri-2351ap-rap-tap-select-series-intelligent-smoke-detectors\\\/#breadcrumb\",\"itemListElement\":[{\"@type\":\"ListItem\",\"position\":1,\"name\":\"Home\",\"item\":\"https:\\\/\\\/secutron.com\\\/\"},{\"@type\":\"ListItem\",\"position\":2,\"name\":\"Shop\",\"item\":\"https:\\\/\\\/secutron.com\\\/shop\\\/\"},{\"@type\":\"ListItem\",\"position\":3,\"name\":\"MRI-2351AP\\\/RAP\\\/TAP SELECT SERIES INTELLIGENT SMOKE DETECTORS\"}]},{\"@type\":\"WebSite\",\"@id\":\"https:\\\/\\\/secutron.com\\\/#website\",\"url\":\"https:\\\/\\\/secutron.com\\\/\",\"name\":\"Secutron\",\"description\":\"\",\"potentialAction\":[{\"@type\":\"SearchAction\",\"target\":{\"@type\":\"EntryPoint\",\"urlTemplate\":\"https:\\\/\\\/secutron.com\\\/?s={search_term_string}\"},\"query-input\":{\"@type\":\"PropertyValueSpecification\",\"valueRequired\":true,\"valueName\":\"search_term_string\"}}],\"inLanguage\":\"fr-CA\"}]}<\/script>\n<!-- \/ Yoast SEO plugin. -->","yoast_head_json":{"title":"MRI-2351AP\/RAP\/TAP S\u00c9RIE S\u00c9LECT D\u00c9TECTEURS DE FUM\u00c9E INTELLIGENTS - Secutron","description":"Les d\u00e9tecteurs de la s\u00e9rie Select de Secutron sont dot\u00e9s de chambres de d\u00e9tection optique redessin\u00e9es pour la d\u00e9tection de la fum\u00e9e. Programmation de la sensibilit\u00e9, possibilit\u00e9 de test \u00e0 distance.","robots":{"index":"index","follow":"follow","max-snippet":"max-snippet:-1","max-image-preview":"max-image-preview:large","max-video-preview":"max-video-preview:-1"},"canonical":"https:\/\/secutron.com\/fr\/products\/mri-2351ap-rap-tap-select-series-intelligent-smoke-detectors\/","og_locale":"fr_CA","og_type":"article","og_title":"MRI-2351AP\/RAP\/TAP SELECT SERIES INTELLIGENT SMOKE DETECTORS - Secutron","og_description":"Secutron's Select Series detectors with re-designed optical sensing chambers for smoke detection. Program sensitivity, enjoy remote testing capabilities.","og_url":"https:\/\/secutron.com\/fr\/products\/mri-2351ap-rap-tap-select-series-intelligent-smoke-detectors\/","og_site_name":"Secutron","article_modified_time":"2024-07-17T16:47:29+00:00","og_image":[{"width":900,"height":900,"url":"https:\/\/secutron.com\/wp-content\/uploads\/products\/MIX-2351APA^RAPA^TAPA-B300-6-ceiling_sm.jpg","type":"image\/jpeg"}],"twitter_card":"summary_large_image","twitter_misc":{"Estimation du temps de lecture":"3 minutes"},"schema":{"@context":"https:\/\/schema.org","@graph":[{"@type":"WebPage","@id":"https:\/\/secutron.com\/products\/mri-2351ap-rap-tap-select-series-intelligent-smoke-detectors\/","url":"https:\/\/secutron.com\/products\/mri-2351ap-rap-tap-select-series-intelligent-smoke-detectors\/","name":"MRI-2351AP\/RAP\/TAP S\u00c9RIE S\u00c9LECT D\u00c9TECTEURS DE FUM\u00c9E INTELLIGENTS - Secutron","isPartOf":{"@id":"https:\/\/secutron.com\/#website"},"primaryImageOfPage":{"@id":"https:\/\/secutron.com\/products\/mri-2351ap-rap-tap-select-series-intelligent-smoke-detectors\/#primaryimage"},"image":{"@id":"https:\/\/secutron.com\/products\/mri-2351ap-rap-tap-select-series-intelligent-smoke-detectors\/#primaryimage"},"thumbnailUrl":"https:\/\/secutron.com\/wp-content\/uploads\/products\/MIX-2351APA^RAPA^TAPA-B300-6-ceiling_sm.jpg","datePublished":"2021-06-02T18:19:45+00:00","dateModified":"2024-07-17T16:47:29+00:00","description":"Les d\u00e9tecteurs de la s\u00e9rie Select de Secutron sont dot\u00e9s de chambres de d\u00e9tection optique redessin\u00e9es pour la d\u00e9tection de la fum\u00e9e. Programmation de la sensibilit\u00e9, possibilit\u00e9 de test \u00e0 distance.","breadcrumb":{"@id":"https:\/\/secutron.com\/products\/mri-2351ap-rap-tap-select-series-intelligent-smoke-detectors\/#breadcrumb"},"inLanguage":"fr-CA","potentialAction":[{"@type":"ReadAction","target":["https:\/\/secutron.com\/products\/mri-2351ap-rap-tap-select-series-intelligent-smoke-detectors\/"]}]},{"@type":"ImageObject","inLanguage":"fr-CA","@id":"https:\/\/secutron.com\/products\/mri-2351ap-rap-tap-select-series-intelligent-smoke-detectors\/#primaryimage","url":"https:\/\/secutron.com\/wp-content\/uploads\/products\/MIX-2351APA^RAPA^TAPA-B300-6-ceiling_sm.jpg","contentUrl":"https:\/\/secutron.com\/wp-content\/uploads\/products\/MIX-2351APA^RAPA^TAPA-B300-6-ceiling_sm.jpg","width":900,"height":900,"caption":"MRI-2351AP^RAP^TAP"},{"@type":"BreadcrumbList","@id":"https:\/\/secutron.com\/products\/mri-2351ap-rap-tap-select-series-intelligent-smoke-detectors\/#breadcrumb","itemListElement":[{"@type":"ListItem","position":1,"name":"Home","item":"https:\/\/secutron.com\/"},{"@type":"ListItem","position":2,"name":"Shop","item":"https:\/\/secutron.com\/shop\/"},{"@type":"ListItem","position":3,"name":"MRI-2351AP\/RAP\/TAP SELECT SERIES INTELLIGENT SMOKE DETECTORS"}]},{"@type":"WebSite","@id":"https:\/\/secutron.com\/#website","url":"https:\/\/secutron.com\/","name":"Secutron","description":"","potentialAction":[{"@type":"SearchAction","target":{"@type":"EntryPoint","urlTemplate":"https:\/\/secutron.com\/?s={search_term_string}"},"query-input":{"@type":"PropertyValueSpecification","valueRequired":true,"valueName":"search_term_string"}}],"inLanguage":"fr-CA"}]}},"_links":{"self":[{"href":"https:\/\/secutron.com\/fr\/wp-json\/wp\/v2\/product\/1428","targetHints":{"allow":["GET"]}}],"collection":[{"href":"https:\/\/secutron.com\/fr\/wp-json\/wp\/v2\/product"}],"about":[{"href":"https:\/\/secutron.com\/fr\/wp-json\/wp\/v2\/types\/product"}],"version-history":[{"count":1,"href":"https:\/\/secutron.com\/fr\/wp-json\/wp\/v2\/product\/1428\/revisions"}],"predecessor-version":[{"id":3498,"href":"https:\/\/secutron.com\/fr\/wp-json\/wp\/v2\/product\/1428\/revisions\/3498"}],"wp:featuredmedia":[{"embeddable":true,"href":"https:\/\/secutron.com\/fr\/wp-json\/wp\/v2\/media\/1432"}],"wp:attachment":[{"href":"https:\/\/secutron.com\/fr\/wp-json\/wp\/v2\/media?parent=1428"}],"wp:term":[{"taxonomy":"product_brand","embeddable":true,"href":"https:\/\/secutron.com\/fr\/wp-json\/wp\/v2\/product_brand?post=1428"},{"taxonomy":"product_cat","embeddable":true,"href":"https:\/\/secutron.com\/fr\/wp-json\/wp\/v2\/product_cat?post=1428"},{"taxonomy":"product_tag","embeddable":true,"href":"https:\/\/secutron.com\/fr\/wp-json\/wp\/v2\/product_tag?post=1428"}],"curies":[{"name":"wp","href":"https:\/\/api.w.org\/{rel}","templated":true}]}}