{"id":1406,"date":"2020-12-02T19:16:21","date_gmt":"2020-12-03T00:16:21","guid":{"rendered":"https:\/\/secutron.com\/?post_type=product&#038;p=1406"},"modified":"2024-07-17T14:46:35","modified_gmt":"2024-07-17T18:46:35","slug":"mix-4090-addressable-device-programmer","status":"publish","type":"product","link":"https:\/\/secutron.com\/fr\/products\/mix-4090-addressable-device-programmer\/","title":{"rendered":"MIX-4090 Programmateur de dispositifs adressables"},"content":{"rendered":"<p>Le programmateur MIX-4090 est un outil petit et l\u00e9ger utilis\u00e9 pour d\u00e9finir ou lire les adresses des appareils. Il peut \u00e9galement lire les param\u00e8tres de l'appareil tels que le type d'appareil et la version du micrologiciel.<\/p>\n<h4>CARACT\u00c9RISTIQUES<\/h4>\n<ul>\n<li>Le programmateur MIX-4090 fonctionne avec les appareils de la s\u00e9rie MGC MIX-4000<\/li>\n<li>Programmes Adresses<\/li>\n<li>Lecture des adresses<\/li>\n<li>Lecture du type d'appareil<\/li>\n<li>Lecture de la date de fabrication et de la version du micrologiciel<\/li>\n<li>Livr\u00e9 avec un c\u00e2ble enfichable permettant de programmer un appareil c\u00e2bl\u00e9<\/li>\n<li>Possibilit\u00e9 de modifier les adresses des modules m\u00eame sur le terrain (sans alimentation)<\/li>\n<li>2 x \u00e9cran LCD \u00e0 8 caract\u00e8res<\/li>\n<li>Fonctionne avec une batterie 9v<\/li>\n<\/ul>\n<h4>B\u00c9N\u00c9FICES<\/h4>\n<ul>\n<li>Fonctionne sur piles et s'\u00e9teint automatiquement lorsqu'il n'est pas utilis\u00e9 pendant plus de 30 secondes.<\/li>\n<li>En plus d'\u00eatre l\u00e9ger, robuste et facile \u00e0 utiliser, le MIX-4090 permet une reprogrammation simple de l'appareil en quelques secondes.<\/li>\n<\/ul>\n<h4>INFORMATIONS POUR LA COMMANDE*<\/h4>\n<p><strong>MIX-4090 <\/strong><\/p>\n<p>Programmateur de dispositifs adressables<\/p>\n<h4>LISTES D'AGENCES<\/h4>\n<p>&nbsp;<\/p>\n<p><img decoding=\"async\" src=\"https:\/\/mircom.com\/wp-content\/uploads\/products\/ul.jpg\" \/> <img decoding=\"async\" src=\"https:\/\/mircom.com\/wp-content\/uploads\/products\/ulc.jpg\" \/><\/p>\n<p>*Veuillez contacter le repr\u00e9sentant local de Secutron pour conna\u00eetre les disponibilit\u00e9s r\u00e9gionales.<\/p>","protected":false},"excerpt":{"rendered":"<p>Le programmateur MIX-4090 est un outil petit et l\u00e9ger utilis\u00e9 pour d\u00e9finir ou lire les adresses de l'appareil et les param\u00e8tres de l'appareil tels que le type d'appareil et la version du micrologiciel.<\/p>","protected":false},"featured_media":2467,"template":"","meta":{"_acf_changed":false,"om_disable_all_campaigns":false,"_monsterinsights_skip_tracking":false,"_monsterinsights_sitenote_active":false,"_monsterinsights_sitenote_note":"","_monsterinsights_sitenote_category":0,"footnotes":""},"product_brand":[],"product_cat":[77],"product_tag":[],"class_list":{"0":"post-1406","1":"product","2":"type-product","3":"status-publish","4":"has-post-thumbnail","6":"product_cat-4000-series-devices","8":"first","9":"instock","10":"shipping-taxable","11":"product-type-simple"},"acf":[],"yoast_head":"<!-- This site is optimized with the Yoast SEO plugin v27.6 - https:\/\/yoast.com\/product\/yoast-seo-wordpress\/ -->\n<title>MIX-4090 Addressable Device Programmer - Secutron<\/title>\n<meta name=\"description\" content=\"MIX-4090 programmer, a compact and efficient tool for device programming. Set or read device addresses, type, and firmware version effortlessly.\" \/>\n<meta name=\"robots\" content=\"index, follow, max-snippet:-1, max-image-preview:large, max-video-preview:-1\" \/>\n<link rel=\"canonical\" href=\"https:\/\/secutron.com\/fr\/products\/mix-4090-addressable-device-programmer\/\" \/>\n<meta property=\"og:locale\" content=\"fr_CA\" \/>\n<meta property=\"og:type\" content=\"article\" \/>\n<meta property=\"og:title\" content=\"MIX-4090 Addressable Device Programmer - Secutron\" \/>\n<meta property=\"og:description\" content=\"MIX-4090 programmer, a compact and efficient tool for device programming. Set or read device addresses, type, and firmware version effortlessly.\" \/>\n<meta property=\"og:url\" content=\"https:\/\/secutron.com\/fr\/products\/mix-4090-addressable-device-programmer\/\" \/>\n<meta property=\"og:site_name\" content=\"Secutron\" \/>\n<meta property=\"article:modified_time\" content=\"2024-07-17T18:46:35+00:00\" \/>\n<meta property=\"og:image\" content=\"https:\/\/secutron.com\/wp-content\/uploads\/products\/MIX-4090.png\" \/>\n\t<meta property=\"og:image:width\" content=\"516\" \/>\n\t<meta property=\"og:image:height\" content=\"454\" \/>\n\t<meta property=\"og:image:type\" content=\"image\/png\" \/>\n<meta name=\"twitter:card\" content=\"summary_large_image\" \/>\n<meta name=\"twitter:label1\" content=\"Estimation du temps de lecture\" \/>\n\t<meta name=\"twitter:data1\" content=\"2 minutes\" \/>\n<script type=\"application\/ld+json\" class=\"yoast-schema-graph\">{\"@context\":\"https:\\\/\\\/schema.org\",\"@graph\":[{\"@type\":\"WebPage\",\"@id\":\"https:\\\/\\\/secutron.com\\\/products\\\/mix-4090-addressable-device-programmer\\\/\",\"url\":\"https:\\\/\\\/secutron.com\\\/products\\\/mix-4090-addressable-device-programmer\\\/\",\"name\":\"MIX-4090 Addressable Device Programmer - Secutron\",\"isPartOf\":{\"@id\":\"https:\\\/\\\/secutron.com\\\/#website\"},\"primaryImageOfPage\":{\"@id\":\"https:\\\/\\\/secutron.com\\\/products\\\/mix-4090-addressable-device-programmer\\\/#primaryimage\"},\"image\":{\"@id\":\"https:\\\/\\\/secutron.com\\\/products\\\/mix-4090-addressable-device-programmer\\\/#primaryimage\"},\"thumbnailUrl\":\"https:\\\/\\\/secutron.com\\\/wp-content\\\/uploads\\\/products\\\/MIX-4090.png\",\"datePublished\":\"2020-12-03T00:16:21+00:00\",\"dateModified\":\"2024-07-17T18:46:35+00:00\",\"description\":\"MIX-4090 programmer, a compact and efficient tool for device programming. Set or read device addresses, type, and firmware version effortlessly.\",\"breadcrumb\":{\"@id\":\"https:\\\/\\\/secutron.com\\\/products\\\/mix-4090-addressable-device-programmer\\\/#breadcrumb\"},\"inLanguage\":\"fr-CA\",\"potentialAction\":[{\"@type\":\"ReadAction\",\"target\":[\"https:\\\/\\\/secutron.com\\\/products\\\/mix-4090-addressable-device-programmer\\\/\"]}]},{\"@type\":\"ImageObject\",\"inLanguage\":\"fr-CA\",\"@id\":\"https:\\\/\\\/secutron.com\\\/products\\\/mix-4090-addressable-device-programmer\\\/#primaryimage\",\"url\":\"https:\\\/\\\/secutron.com\\\/wp-content\\\/uploads\\\/products\\\/MIX-4090.png\",\"contentUrl\":\"https:\\\/\\\/secutron.com\\\/wp-content\\\/uploads\\\/products\\\/MIX-4090.png\",\"width\":516,\"height\":454},{\"@type\":\"BreadcrumbList\",\"@id\":\"https:\\\/\\\/secutron.com\\\/products\\\/mix-4090-addressable-device-programmer\\\/#breadcrumb\",\"itemListElement\":[{\"@type\":\"ListItem\",\"position\":1,\"name\":\"Home\",\"item\":\"https:\\\/\\\/secutron.com\\\/\"},{\"@type\":\"ListItem\",\"position\":2,\"name\":\"Shop\",\"item\":\"https:\\\/\\\/secutron.com\\\/shop\\\/\"},{\"@type\":\"ListItem\",\"position\":3,\"name\":\"MIX-4090 Addressable Device Programmer\"}]},{\"@type\":\"WebSite\",\"@id\":\"https:\\\/\\\/secutron.com\\\/#website\",\"url\":\"https:\\\/\\\/secutron.com\\\/\",\"name\":\"Secutron\",\"description\":\"\",\"potentialAction\":[{\"@type\":\"SearchAction\",\"target\":{\"@type\":\"EntryPoint\",\"urlTemplate\":\"https:\\\/\\\/secutron.com\\\/?s={search_term_string}\"},\"query-input\":{\"@type\":\"PropertyValueSpecification\",\"valueRequired\":true,\"valueName\":\"search_term_string\"}}],\"inLanguage\":\"fr-CA\"}]}<\/script>\n<!-- \/ Yoast SEO plugin. -->","yoast_head_json":{"title":"MIX-4090 Programmateur d'appareils adressables - Secutron","description":"Le programmateur MIX-4090 est un outil compact et efficace pour la programmation des appareils. D\u00e9finissez ou lisez les adresses, le type et la version du micrologiciel de l'appareil sans effort.","robots":{"index":"index","follow":"follow","max-snippet":"max-snippet:-1","max-image-preview":"max-image-preview:large","max-video-preview":"max-video-preview:-1"},"canonical":"https:\/\/secutron.com\/fr\/products\/mix-4090-addressable-device-programmer\/","og_locale":"fr_CA","og_type":"article","og_title":"MIX-4090 Addressable Device Programmer - Secutron","og_description":"MIX-4090 programmer, a compact and efficient tool for device programming. Set or read device addresses, type, and firmware version effortlessly.","og_url":"https:\/\/secutron.com\/fr\/products\/mix-4090-addressable-device-programmer\/","og_site_name":"Secutron","article_modified_time":"2024-07-17T18:46:35+00:00","og_image":[{"width":516,"height":454,"url":"https:\/\/secutron.com\/wp-content\/uploads\/products\/MIX-4090.png","type":"image\/png"}],"twitter_card":"summary_large_image","twitter_misc":{"Estimation du temps de lecture":"2 minutes"},"schema":{"@context":"https:\/\/schema.org","@graph":[{"@type":"WebPage","@id":"https:\/\/secutron.com\/products\/mix-4090-addressable-device-programmer\/","url":"https:\/\/secutron.com\/products\/mix-4090-addressable-device-programmer\/","name":"MIX-4090 Programmateur d'appareils adressables - Secutron","isPartOf":{"@id":"https:\/\/secutron.com\/#website"},"primaryImageOfPage":{"@id":"https:\/\/secutron.com\/products\/mix-4090-addressable-device-programmer\/#primaryimage"},"image":{"@id":"https:\/\/secutron.com\/products\/mix-4090-addressable-device-programmer\/#primaryimage"},"thumbnailUrl":"https:\/\/secutron.com\/wp-content\/uploads\/products\/MIX-4090.png","datePublished":"2020-12-03T00:16:21+00:00","dateModified":"2024-07-17T18:46:35+00:00","description":"Le programmateur MIX-4090 est un outil compact et efficace pour la programmation des appareils. D\u00e9finissez ou lisez les adresses, le type et la version du micrologiciel de l'appareil sans effort.","breadcrumb":{"@id":"https:\/\/secutron.com\/products\/mix-4090-addressable-device-programmer\/#breadcrumb"},"inLanguage":"fr-CA","potentialAction":[{"@type":"ReadAction","target":["https:\/\/secutron.com\/products\/mix-4090-addressable-device-programmer\/"]}]},{"@type":"ImageObject","inLanguage":"fr-CA","@id":"https:\/\/secutron.com\/products\/mix-4090-addressable-device-programmer\/#primaryimage","url":"https:\/\/secutron.com\/wp-content\/uploads\/products\/MIX-4090.png","contentUrl":"https:\/\/secutron.com\/wp-content\/uploads\/products\/MIX-4090.png","width":516,"height":454},{"@type":"BreadcrumbList","@id":"https:\/\/secutron.com\/products\/mix-4090-addressable-device-programmer\/#breadcrumb","itemListElement":[{"@type":"ListItem","position":1,"name":"Home","item":"https:\/\/secutron.com\/"},{"@type":"ListItem","position":2,"name":"Shop","item":"https:\/\/secutron.com\/shop\/"},{"@type":"ListItem","position":3,"name":"MIX-4090 Addressable Device Programmer"}]},{"@type":"WebSite","@id":"https:\/\/secutron.com\/#website","url":"https:\/\/secutron.com\/","name":"Secutron","description":"","potentialAction":[{"@type":"SearchAction","target":{"@type":"EntryPoint","urlTemplate":"https:\/\/secutron.com\/?s={search_term_string}"},"query-input":{"@type":"PropertyValueSpecification","valueRequired":true,"valueName":"search_term_string"}}],"inLanguage":"fr-CA"}]}},"_links":{"self":[{"href":"https:\/\/secutron.com\/fr\/wp-json\/wp\/v2\/product\/1406","targetHints":{"allow":["GET"]}}],"collection":[{"href":"https:\/\/secutron.com\/fr\/wp-json\/wp\/v2\/product"}],"about":[{"href":"https:\/\/secutron.com\/fr\/wp-json\/wp\/v2\/types\/product"}],"version-history":[{"count":2,"href":"https:\/\/secutron.com\/fr\/wp-json\/wp\/v2\/product\/1406\/revisions"}],"predecessor-version":[{"id":3499,"href":"https:\/\/secutron.com\/fr\/wp-json\/wp\/v2\/product\/1406\/revisions\/3499"}],"wp:featuredmedia":[{"embeddable":true,"href":"https:\/\/secutron.com\/fr\/wp-json\/wp\/v2\/media\/2467"}],"wp:attachment":[{"href":"https:\/\/secutron.com\/fr\/wp-json\/wp\/v2\/media?parent=1406"}],"wp:term":[{"taxonomy":"product_brand","embeddable":true,"href":"https:\/\/secutron.com\/fr\/wp-json\/wp\/v2\/product_brand?post=1406"},{"taxonomy":"product_cat","embeddable":true,"href":"https:\/\/secutron.com\/fr\/wp-json\/wp\/v2\/product_cat?post=1406"},{"taxonomy":"product_tag","embeddable":true,"href":"https:\/\/secutron.com\/fr\/wp-json\/wp\/v2\/product_tag?post=1406"}],"curies":[{"name":"wp","href":"https:\/\/api.w.org\/{rel}","templated":true}]}}