{"id":1398,"date":"2020-12-02T18:59:04","date_gmt":"2020-12-02T23:59:04","guid":{"rendered":"https:\/\/secutron.com\/?post_type=product&#038;p=1398"},"modified":"2024-07-17T14:49:48","modified_gmt":"2024-07-17T18:49:48","slug":"mri-4050-sync-module","status":"publish","type":"product","link":"https:\/\/secutron.com\/fr\/products\/mri-4050-sync-module\/","title":{"rendered":"MODULE DE SYNCHRONISATION MRI-4050"},"content":{"rendered":"<p>Le module de synchronisation NEW MRI-4050 est utilis\u00e9 pour synchroniser les flashs stroboscopiques avec le mod\u00e8le de signal audio. Le m\u00eame protocole est utilis\u00e9 pour faire taire l'avertisseur sonore tout en maintenant les flashs stroboscopiques.<\/p>\n<h4>CARACT\u00c9RISTIQUES<\/h4>\n<ul>\n<li>Le module de synchronisation MRI-4050 est con\u00e7u pour \u00eatre utilis\u00e9 avec le MGC <a href=\"https:\/\/mircom.com\/product-category\/fire-alarm-detection\/07-notification-appliances\/audible-visual-devices\/400-series-horns-strobes-horn-strobes\/\">Dispositifs NAC<\/a><\/li>\n<li>Le module peut synchroniser une (1) ligne NAC de classe A ou deux (2) lignes NAC de classe B sans n\u00e9cessiter de programmation.<\/li>\n<li>Ce module de synchronisation est \u00e0 s\u00e9curit\u00e9 int\u00e9gr\u00e9e et alimente par d\u00e9faut la ligne NAC par l'interm\u00e9diaire d'un relais.<\/li>\n<li>Le module dispose d'une entr\u00e9e silence isol\u00e9e<\/li>\n<li>Le MRI-4050 dispose d'une entr\u00e9e\/sortie synchro isol\u00e9e qui permet de relier jusqu'\u00e0 20 modules entre eux.<\/li>\n<li>Se monte dans un bo\u00eetier \u00e9lectrique standard de 4\" carr\u00e9 ou double.<\/li>\n<li>Plage de temp\u00e9rature de 32\u00baF \u00e0 120\u00baF (0\u00baC \u00e0 49\u00baC)<\/li>\n<li data-charcodes=\"252\" data-font=\"Wingdings,Sans-Serif\" data-buautonum=\"8\" data-margin=\"450\" data-aria-posinset=\"11\" data-aria-level=\"1\">Respecter toutes les exigences de l'agence, y compris la<a href=\"https:\/\/catalog.nfpa.org\/NFPA-72-National-Fire-Alarm-and-Signaling-Code-2016-Edition-P17361.aspx\">\u00a02016 <\/a><span data-usefontface=\"false\" data-contrast=\"none\">\u00e9dition<\/span><\/li>\n<\/ul>\n<h4>B\u00c9N\u00c9FICES<\/h4>\n<ul>\n<li>Le module Sync ne consomme pas d'\u00e9nergie en veille.<\/li>\n<li>Ne n\u00e9cessite pas d'adressage<\/li>\n<li>Une LED int\u00e9gr\u00e9e indique l'activation du module<\/li>\n<li>Le module Sync est compatible avec tous les panneaux et alimentations homologu\u00e9s UL\/ULC capables de fournir une tension r\u00e9gul\u00e9e de 24VDC ou FWR pour les CNA.<\/li>\n<li>Les appareils MRI-4050 interconnect\u00e9s se synchronisent sans n\u00e9cessiter de programmation.<\/li>\n<\/ul>\n<h4>APPAREILS COMPATIBLES<\/h4>\n<ul>\n<li>S\u00e9rie MGC FH-400<br \/>\n- Cornes<br \/>\n- Stroboscopes<\/li>\n<li>Stroboscopes \u00e0 cornes de la s\u00e9rie FHS-400 de MGC<\/li>\n<li><a href=\"https:\/\/mircom.com\/?s=spps\">S\u00e9rie MGC SPPS<\/a><br \/>\n- Intervenants<br \/>\n- Stroboscopes \u00e0 haut-parleur<\/li>\n<\/ul>\n<h4>LISTES D'AGENCES<\/h4>\n<p>&nbsp;<\/p>\n<p><img decoding=\"async\" src=\"https:\/\/mircom.com\/wp-content\/uploads\/products\/ul.jpg\" \/> <img decoding=\"async\" src=\"https:\/\/mircom.com\/wp-content\/uploads\/products\/ulc.jpg\" \/><a href=\"https:\/\/secutron.com\/wp-content\/uploads\/csfm.jpg\"><img decoding=\"async\" class=\"alignnone size-full wp-image-1632\" src=\"https:\/\/secutron.com\/wp-content\/uploads\/csfm.jpg\" alt=\"\" width=\"120\" height=\"90\" \/><\/a><\/p>","protected":false},"excerpt":{"rendered":"<p>Le module de synchronisation MRI-4050 est con\u00e7u pour synchroniser les dispositifs de notification du MGC. Le module peut \u00eatre utilis\u00e9 pour synchroniser les flashs stroboscopiques avec le mod\u00e8le de signal audio. Le m\u00eame protocole est utilis\u00e9 pour faire taire l'avertisseur sonore tout en maintenant les flashs stroboscopiques.<\/p>","protected":false},"featured_media":2582,"template":"","meta":{"_acf_changed":false,"om_disable_all_campaigns":false,"_monsterinsights_skip_tracking":false,"_monsterinsights_sitenote_active":false,"_monsterinsights_sitenote_note":"","_monsterinsights_sitenote_category":0,"footnotes":""},"product_brand":[],"product_cat":[77],"product_tag":[],"class_list":{"0":"post-1398","1":"product","2":"type-product","3":"status-publish","4":"has-post-thumbnail","6":"product_cat-4000-series-devices","8":"first","9":"instock","10":"shipping-taxable","11":"product-type-simple"},"acf":[],"yoast_head":"<!-- This site is optimized with the Yoast SEO plugin v27.6 - https:\/\/yoast.com\/product\/yoast-seo-wordpress\/ -->\n<title>MRI-4050 SYNC MODULE - Secutron<\/title>\n<meta name=\"description\" content=\"Discover the features and benefits of the MRI-4050 Sync Module, designed to synchronize NAC devices without programming. Enhance safety and compliance.\" \/>\n<meta name=\"robots\" content=\"index, follow, max-snippet:-1, max-image-preview:large, max-video-preview:-1\" \/>\n<link rel=\"canonical\" href=\"https:\/\/secutron.com\/fr\/products\/mri-4050-sync-module\/\" \/>\n<meta property=\"og:locale\" content=\"fr_CA\" \/>\n<meta property=\"og:type\" content=\"article\" \/>\n<meta property=\"og:title\" content=\"MRI-4050 SYNC MODULE - Secutron\" \/>\n<meta property=\"og:description\" content=\"Discover the features and benefits of the MRI-4050 Sync Module, designed to synchronize NAC devices without programming. Enhance safety and compliance.\" \/>\n<meta property=\"og:url\" content=\"https:\/\/secutron.com\/fr\/products\/mri-4050-sync-module\/\" \/>\n<meta property=\"og:site_name\" content=\"Secutron\" \/>\n<meta property=\"article:modified_time\" content=\"2024-07-17T18:49:48+00:00\" \/>\n<meta property=\"og:image\" content=\"https:\/\/secutron.com\/wp-content\/uploads\/products\/MRI-4050-front_sm.jpg\" \/>\n\t<meta property=\"og:image:width\" content=\"897\" \/>\n\t<meta property=\"og:image:height\" content=\"853\" \/>\n\t<meta property=\"og:image:type\" content=\"image\/jpeg\" \/>\n<meta name=\"twitter:card\" content=\"summary_large_image\" \/>\n<meta name=\"twitter:label1\" content=\"Estimation du temps de lecture\" \/>\n\t<meta name=\"twitter:data1\" content=\"2 minutes\" \/>\n<script type=\"application\/ld+json\" class=\"yoast-schema-graph\">{\"@context\":\"https:\\\/\\\/schema.org\",\"@graph\":[{\"@type\":\"WebPage\",\"@id\":\"https:\\\/\\\/secutron.com\\\/products\\\/mri-4050-sync-module\\\/\",\"url\":\"https:\\\/\\\/secutron.com\\\/products\\\/mri-4050-sync-module\\\/\",\"name\":\"MRI-4050 SYNC MODULE - Secutron\",\"isPartOf\":{\"@id\":\"https:\\\/\\\/secutron.com\\\/#website\"},\"primaryImageOfPage\":{\"@id\":\"https:\\\/\\\/secutron.com\\\/products\\\/mri-4050-sync-module\\\/#primaryimage\"},\"image\":{\"@id\":\"https:\\\/\\\/secutron.com\\\/products\\\/mri-4050-sync-module\\\/#primaryimage\"},\"thumbnailUrl\":\"https:\\\/\\\/secutron.com\\\/wp-content\\\/uploads\\\/products\\\/MRI-4050-front_sm.jpg\",\"datePublished\":\"2020-12-02T23:59:04+00:00\",\"dateModified\":\"2024-07-17T18:49:48+00:00\",\"description\":\"Discover the features and benefits of the MRI-4050 Sync Module, designed to synchronize NAC devices without programming. Enhance safety and compliance.\",\"breadcrumb\":{\"@id\":\"https:\\\/\\\/secutron.com\\\/products\\\/mri-4050-sync-module\\\/#breadcrumb\"},\"inLanguage\":\"fr-CA\",\"potentialAction\":[{\"@type\":\"ReadAction\",\"target\":[\"https:\\\/\\\/secutron.com\\\/products\\\/mri-4050-sync-module\\\/\"]}]},{\"@type\":\"ImageObject\",\"inLanguage\":\"fr-CA\",\"@id\":\"https:\\\/\\\/secutron.com\\\/products\\\/mri-4050-sync-module\\\/#primaryimage\",\"url\":\"https:\\\/\\\/secutron.com\\\/wp-content\\\/uploads\\\/products\\\/MRI-4050-front_sm.jpg\",\"contentUrl\":\"https:\\\/\\\/secutron.com\\\/wp-content\\\/uploads\\\/products\\\/MRI-4050-front_sm.jpg\",\"width\":897,\"height\":853},{\"@type\":\"BreadcrumbList\",\"@id\":\"https:\\\/\\\/secutron.com\\\/products\\\/mri-4050-sync-module\\\/#breadcrumb\",\"itemListElement\":[{\"@type\":\"ListItem\",\"position\":1,\"name\":\"Home\",\"item\":\"https:\\\/\\\/secutron.com\\\/\"},{\"@type\":\"ListItem\",\"position\":2,\"name\":\"Shop\",\"item\":\"https:\\\/\\\/secutron.com\\\/shop\\\/\"},{\"@type\":\"ListItem\",\"position\":3,\"name\":\"MRI-4050 SYNC MODULE\"}]},{\"@type\":\"WebSite\",\"@id\":\"https:\\\/\\\/secutron.com\\\/#website\",\"url\":\"https:\\\/\\\/secutron.com\\\/\",\"name\":\"Secutron\",\"description\":\"\",\"potentialAction\":[{\"@type\":\"SearchAction\",\"target\":{\"@type\":\"EntryPoint\",\"urlTemplate\":\"https:\\\/\\\/secutron.com\\\/?s={search_term_string}\"},\"query-input\":{\"@type\":\"PropertyValueSpecification\",\"valueRequired\":true,\"valueName\":\"search_term_string\"}}],\"inLanguage\":\"fr-CA\"}]}<\/script>\n<!-- \/ Yoast SEO plugin. -->","yoast_head_json":{"title":"MODULE SYNC MRI-4050 - Secutron","description":"D\u00e9couvrez les caract\u00e9ristiques et les avantages du module de synchronisation MRI-4050, con\u00e7u pour synchroniser les appareils NAC sans programmation. Am\u00e9liorez la s\u00e9curit\u00e9 et la conformit\u00e9.","robots":{"index":"index","follow":"follow","max-snippet":"max-snippet:-1","max-image-preview":"max-image-preview:large","max-video-preview":"max-video-preview:-1"},"canonical":"https:\/\/secutron.com\/fr\/products\/mri-4050-sync-module\/","og_locale":"fr_CA","og_type":"article","og_title":"MRI-4050 SYNC MODULE - Secutron","og_description":"Discover the features and benefits of the MRI-4050 Sync Module, designed to synchronize NAC devices without programming. Enhance safety and compliance.","og_url":"https:\/\/secutron.com\/fr\/products\/mri-4050-sync-module\/","og_site_name":"Secutron","article_modified_time":"2024-07-17T18:49:48+00:00","og_image":[{"width":897,"height":853,"url":"https:\/\/secutron.com\/wp-content\/uploads\/products\/MRI-4050-front_sm.jpg","type":"image\/jpeg"}],"twitter_card":"summary_large_image","twitter_misc":{"Estimation du temps de lecture":"2 minutes"},"schema":{"@context":"https:\/\/schema.org","@graph":[{"@type":"WebPage","@id":"https:\/\/secutron.com\/products\/mri-4050-sync-module\/","url":"https:\/\/secutron.com\/products\/mri-4050-sync-module\/","name":"MODULE SYNC MRI-4050 - Secutron","isPartOf":{"@id":"https:\/\/secutron.com\/#website"},"primaryImageOfPage":{"@id":"https:\/\/secutron.com\/products\/mri-4050-sync-module\/#primaryimage"},"image":{"@id":"https:\/\/secutron.com\/products\/mri-4050-sync-module\/#primaryimage"},"thumbnailUrl":"https:\/\/secutron.com\/wp-content\/uploads\/products\/MRI-4050-front_sm.jpg","datePublished":"2020-12-02T23:59:04+00:00","dateModified":"2024-07-17T18:49:48+00:00","description":"D\u00e9couvrez les caract\u00e9ristiques et les avantages du module de synchronisation MRI-4050, con\u00e7u pour synchroniser les appareils NAC sans programmation. Am\u00e9liorez la s\u00e9curit\u00e9 et la conformit\u00e9.","breadcrumb":{"@id":"https:\/\/secutron.com\/products\/mri-4050-sync-module\/#breadcrumb"},"inLanguage":"fr-CA","potentialAction":[{"@type":"ReadAction","target":["https:\/\/secutron.com\/products\/mri-4050-sync-module\/"]}]},{"@type":"ImageObject","inLanguage":"fr-CA","@id":"https:\/\/secutron.com\/products\/mri-4050-sync-module\/#primaryimage","url":"https:\/\/secutron.com\/wp-content\/uploads\/products\/MRI-4050-front_sm.jpg","contentUrl":"https:\/\/secutron.com\/wp-content\/uploads\/products\/MRI-4050-front_sm.jpg","width":897,"height":853},{"@type":"BreadcrumbList","@id":"https:\/\/secutron.com\/products\/mri-4050-sync-module\/#breadcrumb","itemListElement":[{"@type":"ListItem","position":1,"name":"Home","item":"https:\/\/secutron.com\/"},{"@type":"ListItem","position":2,"name":"Shop","item":"https:\/\/secutron.com\/shop\/"},{"@type":"ListItem","position":3,"name":"MRI-4050 SYNC MODULE"}]},{"@type":"WebSite","@id":"https:\/\/secutron.com\/#website","url":"https:\/\/secutron.com\/","name":"Secutron","description":"","potentialAction":[{"@type":"SearchAction","target":{"@type":"EntryPoint","urlTemplate":"https:\/\/secutron.com\/?s={search_term_string}"},"query-input":{"@type":"PropertyValueSpecification","valueRequired":true,"valueName":"search_term_string"}}],"inLanguage":"fr-CA"}]}},"_links":{"self":[{"href":"https:\/\/secutron.com\/fr\/wp-json\/wp\/v2\/product\/1398","targetHints":{"allow":["GET"]}}],"collection":[{"href":"https:\/\/secutron.com\/fr\/wp-json\/wp\/v2\/product"}],"about":[{"href":"https:\/\/secutron.com\/fr\/wp-json\/wp\/v2\/types\/product"}],"version-history":[{"count":3,"href":"https:\/\/secutron.com\/fr\/wp-json\/wp\/v2\/product\/1398\/revisions"}],"predecessor-version":[{"id":2885,"href":"https:\/\/secutron.com\/fr\/wp-json\/wp\/v2\/product\/1398\/revisions\/2885"}],"wp:featuredmedia":[{"embeddable":true,"href":"https:\/\/secutron.com\/fr\/wp-json\/wp\/v2\/media\/2582"}],"wp:attachment":[{"href":"https:\/\/secutron.com\/fr\/wp-json\/wp\/v2\/media?parent=1398"}],"wp:term":[{"taxonomy":"product_brand","embeddable":true,"href":"https:\/\/secutron.com\/fr\/wp-json\/wp\/v2\/product_brand?post=1398"},{"taxonomy":"product_cat","embeddable":true,"href":"https:\/\/secutron.com\/fr\/wp-json\/wp\/v2\/product_cat?post=1398"},{"taxonomy":"product_tag","embeddable":true,"href":"https:\/\/secutron.com\/fr\/wp-json\/wp\/v2\/product_tag?post=1398"}],"curies":[{"name":"wp","href":"https:\/\/api.w.org\/{rel}","templated":true}]}}