{"id":1393,"date":"2020-12-02T18:52:41","date_gmt":"2020-12-02T23:52:41","guid":{"rendered":"https:\/\/secutron.com\/?post_type=product&#038;p=1393"},"modified":"2025-12-08T15:55:54","modified_gmt":"2025-12-08T20:55:54","slug":"mri-4046-supervised-output-module","status":"publish","type":"product","link":"https:\/\/secutron.com\/fr\/products\/mri-4046-supervised-output-module\/","title":{"rendered":"MODULE DE SORTIE SUPERVIS\u00c9E MRI-4046"},"content":{"rendered":"<p>Le nouveau module de sortie supervis\u00e9e MRI-4046 est un module intelligent adressable qui peut \u00eatre utilis\u00e9 pour trois applications : les appareils de notification, les haut-parleurs et les t\u00e9l\u00e9phones d'incendie.<\/p>\n<h4>CARACT\u00c9RISTIQUES<\/h4>\n<ul>\n<li>Le module de sortie supervis\u00e9e MRI-4046 est con\u00e7u pour \u00eatre utilis\u00e9 avec des centrales d'alarme incendie compatibles.<\/li>\n<li>Toute combinaison d'appareils de la s\u00e9rie IRM-4000, jusqu'\u00e0 240, peut \u00eatre connect\u00e9e sur un seul SLC.<\/li>\n<li>Se monte dans un bo\u00eetier \u00e9lectrique standard de 4\" carr\u00e9 ou double.<\/li>\n<li>Le voyant lumineux indique l'\u00e9tat du module<\/li>\n<li>Le m\u00eame appareil peut g\u00e9rer les applications NAC, haut-parleurs et t\u00e9l\u00e9phones anti-incendie.<\/li>\n<li>Plage de temp\u00e9rature de 32\u00baF \u00e0 120\u00baF (0\u00baC \u00e0 49\u00baC)<\/li>\n<\/ul>\n<h4>B\u00c9N\u00c9FICES<\/h4>\n<ul>\n<li>Un seul type de dispositif stock\u00e9 couvre trois applications :<br \/>\n- Sortie aliment\u00e9e supervis\u00e9e<br \/>\n- Haut-parleur 25V\/70V<br \/>\n- T\u00e9l\u00e9phone anti-incendie<\/li>\n<li>Capacit\u00e9 d'activation de groupe pour un temps de r\u00e9action rapide.<\/li>\n<li>Pas de cavaliers ou de r\u00e9glages mat\u00e9riels sp\u00e9ciaux pour des applications sp\u00e9cifiques.<\/li>\n<li>Peut prendre en charge le c\u00e2blage des appareils de classe A ou de classe B. Aucune EOL externe n'est n\u00e9cessaire pour un fonctionnement en classe A.<\/li>\n<li>L'appareil s\u00e9lectionne automatiquement l'application (mode) en fonction de la configuration du panneau au moment du d\u00e9marrage.<\/li>\n<\/ul>\n<p><strong>INFORMATIONS POUR LA COMMANDE*<\/strong><\/p>\n<p><strong>MRI-4046<\/strong> - Module de sortie supervis\u00e9e<\/p>\n<p><b>MIX-4090 - <\/b>Outil de programmation de dispositifs adressables<\/p>\n<h4>LISTES D'AGENCES<\/h4>\n<p><img decoding=\"async\" src=\"https:\/\/mircom.com\/wp-content\/uploads\/products\/ul.jpg\" \/> <img decoding=\"async\" src=\"https:\/\/mircom.com\/wp-content\/uploads\/products\/ulc.jpg\" \/><a href=\"https:\/\/secutron.com\/wp-content\/uploads\/csfm.jpg\"><img decoding=\"async\" class=\"alignnone size-full wp-image-1632\" src=\"https:\/\/secutron.com\/wp-content\/uploads\/csfm.jpg\" alt=\"\" width=\"120\" height=\"90\" \/><\/a><a href=\"https:\/\/secutron.com\/wp-content\/uploads\/products\/fm.jpg\"><img decoding=\"async\" class=\"alignnone size-full wp-image-3084\" src=\"https:\/\/secutron.com\/wp-content\/uploads\/products\/fm.jpg\" alt=\"\" width=\"120\" height=\"90\" \/><\/a><\/p>\n<p>*Veuillez contacter le repr\u00e9sentant local de Secutron pour conna\u00eetre les disponibilit\u00e9s r\u00e9gionales.<\/p>\n<p><strong>ATTENTION :<\/strong> Pour r\u00e9gler l'adresse de ce dispositif, il faut le d\u00e9connecter de la boucle ou s'assurer que la boucle \u00e0 laquelle il est connect\u00e9 est \u00e0 la fois d\u00e9connect\u00e9e du panneau et court-circuit\u00e9e entre les entr\u00e9es SLC+ et SLC- du dispositif. Si l'une de ces \u00e9tapes n'est pas respect\u00e9e, la programmation de l'adresse des capteurs pr\u00e9c\u00e9demment configur\u00e9s sur la m\u00eame boucle risque d'\u00eatre modifi\u00e9e.<\/p>","protected":false},"excerpt":{"rendered":"<p>Le nouveau module de sortie supervis\u00e9e MRI-4046 est un module intelligent adressable qui peut \u00eatre utilis\u00e9 pour trois applications : les appareils de notification, les haut-parleurs et les t\u00e9l\u00e9phones d'incendie.<\/p>","protected":false},"featured_media":2581,"template":"","meta":{"_acf_changed":false,"om_disable_all_campaigns":false,"_monsterinsights_skip_tracking":false,"_monsterinsights_sitenote_active":false,"_monsterinsights_sitenote_note":"","_monsterinsights_sitenote_category":0,"footnotes":""},"product_brand":[],"product_cat":[77],"product_tag":[],"class_list":{"0":"post-1393","1":"product","2":"type-product","3":"status-publish","4":"has-post-thumbnail","6":"product_cat-4000-series-devices","8":"first","9":"instock","10":"shipping-taxable","11":"product-type-simple"},"acf":[],"yoast_head":"<!-- This site is optimized with the Yoast SEO plugin v27.4 - https:\/\/yoast.com\/product\/yoast-seo-wordpress\/ -->\n<title>MRI-4046 SUPERVISED OUTPUT MODULE - Secutron<\/title>\n<meta name=\"description\" content=\"MRI-4046 is compatible with fire alarm control units and can be used for notification appliances, speakers, and fire phones. Group Activation Capability.\" \/>\n<meta name=\"robots\" content=\"index, follow, max-snippet:-1, max-image-preview:large, max-video-preview:-1\" \/>\n<link rel=\"canonical\" href=\"https:\/\/secutron.com\/fr\/products\/mri-4046-supervised-output-module\/\" \/>\n<meta property=\"og:locale\" content=\"fr_CA\" \/>\n<meta property=\"og:type\" content=\"article\" \/>\n<meta property=\"og:title\" content=\"MRI-4046 SUPERVISED OUTPUT MODULE - Secutron\" \/>\n<meta property=\"og:description\" content=\"MRI-4046 is compatible with fire alarm control units and can be used for notification appliances, speakers, and fire phones. Group Activation Capability.\" \/>\n<meta property=\"og:url\" content=\"https:\/\/secutron.com\/fr\/products\/mri-4046-supervised-output-module\/\" \/>\n<meta property=\"og:site_name\" content=\"Secutron\" \/>\n<meta property=\"article:modified_time\" content=\"2025-12-08T20:55:54+00:00\" \/>\n<meta property=\"og:image\" content=\"https:\/\/secutron.com\/wp-content\/uploads\/products\/MRI-4046-front_sm.jpg\" \/>\n\t<meta property=\"og:image:width\" content=\"900\" \/>\n\t<meta property=\"og:image:height\" content=\"900\" \/>\n\t<meta property=\"og:image:type\" content=\"image\/jpeg\" \/>\n<meta name=\"twitter:card\" content=\"summary_large_image\" \/>\n<meta name=\"twitter:label1\" content=\"Estimation du temps de lecture\" \/>\n\t<meta name=\"twitter:data1\" content=\"3 minutes\" \/>\n<script type=\"application\/ld+json\" class=\"yoast-schema-graph\">{\"@context\":\"https:\\\/\\\/schema.org\",\"@graph\":[{\"@type\":\"WebPage\",\"@id\":\"https:\\\/\\\/secutron.com\\\/products\\\/mri-4046-supervised-output-module\\\/\",\"url\":\"https:\\\/\\\/secutron.com\\\/products\\\/mri-4046-supervised-output-module\\\/\",\"name\":\"MRI-4046 SUPERVISED OUTPUT MODULE - Secutron\",\"isPartOf\":{\"@id\":\"https:\\\/\\\/secutron.com\\\/#website\"},\"primaryImageOfPage\":{\"@id\":\"https:\\\/\\\/secutron.com\\\/products\\\/mri-4046-supervised-output-module\\\/#primaryimage\"},\"image\":{\"@id\":\"https:\\\/\\\/secutron.com\\\/products\\\/mri-4046-supervised-output-module\\\/#primaryimage\"},\"thumbnailUrl\":\"https:\\\/\\\/secutron.com\\\/wp-content\\\/uploads\\\/products\\\/MRI-4046-front_sm.jpg\",\"datePublished\":\"2020-12-02T23:52:41+00:00\",\"dateModified\":\"2025-12-08T20:55:54+00:00\",\"description\":\"MRI-4046 is compatible with fire alarm control units and can be used for notification appliances, speakers, and fire phones. Group Activation Capability.\",\"breadcrumb\":{\"@id\":\"https:\\\/\\\/secutron.com\\\/products\\\/mri-4046-supervised-output-module\\\/#breadcrumb\"},\"inLanguage\":\"fr-CA\",\"potentialAction\":[{\"@type\":\"ReadAction\",\"target\":[\"https:\\\/\\\/secutron.com\\\/products\\\/mri-4046-supervised-output-module\\\/\"]}]},{\"@type\":\"ImageObject\",\"inLanguage\":\"fr-CA\",\"@id\":\"https:\\\/\\\/secutron.com\\\/products\\\/mri-4046-supervised-output-module\\\/#primaryimage\",\"url\":\"https:\\\/\\\/secutron.com\\\/wp-content\\\/uploads\\\/products\\\/MRI-4046-front_sm.jpg\",\"contentUrl\":\"https:\\\/\\\/secutron.com\\\/wp-content\\\/uploads\\\/products\\\/MRI-4046-front_sm.jpg\",\"width\":900,\"height\":900},{\"@type\":\"BreadcrumbList\",\"@id\":\"https:\\\/\\\/secutron.com\\\/products\\\/mri-4046-supervised-output-module\\\/#breadcrumb\",\"itemListElement\":[{\"@type\":\"ListItem\",\"position\":1,\"name\":\"Home\",\"item\":\"https:\\\/\\\/secutron.com\\\/\"},{\"@type\":\"ListItem\",\"position\":2,\"name\":\"Shop\",\"item\":\"https:\\\/\\\/secutron.com\\\/shop\\\/\"},{\"@type\":\"ListItem\",\"position\":3,\"name\":\"MRI-4046 SUPERVISED OUTPUT MODULE\"}]},{\"@type\":\"WebSite\",\"@id\":\"https:\\\/\\\/secutron.com\\\/#website\",\"url\":\"https:\\\/\\\/secutron.com\\\/\",\"name\":\"Secutron\",\"description\":\"\",\"potentialAction\":[{\"@type\":\"SearchAction\",\"target\":{\"@type\":\"EntryPoint\",\"urlTemplate\":\"https:\\\/\\\/secutron.com\\\/?s={search_term_string}\"},\"query-input\":{\"@type\":\"PropertyValueSpecification\",\"valueRequired\":true,\"valueName\":\"search_term_string\"}}],\"inLanguage\":\"fr-CA\"}]}<\/script>\n<!-- \/ Yoast SEO plugin. -->","yoast_head_json":{"title":"MRI-4046 MODULE DE SORTIE SUPERVISEE - Secutron","description":"MRI-4046 est compatible avec les centrales d'alarme incendie et peut \u00eatre utilis\u00e9 pour les appareils de notification, les haut-parleurs et les t\u00e9l\u00e9phones d'incendie. Capacit\u00e9 d'activation de groupe.","robots":{"index":"index","follow":"follow","max-snippet":"max-snippet:-1","max-image-preview":"max-image-preview:large","max-video-preview":"max-video-preview:-1"},"canonical":"https:\/\/secutron.com\/fr\/products\/mri-4046-supervised-output-module\/","og_locale":"fr_CA","og_type":"article","og_title":"MRI-4046 SUPERVISED OUTPUT MODULE - Secutron","og_description":"MRI-4046 is compatible with fire alarm control units and can be used for notification appliances, speakers, and fire phones. Group Activation Capability.","og_url":"https:\/\/secutron.com\/fr\/products\/mri-4046-supervised-output-module\/","og_site_name":"Secutron","article_modified_time":"2025-12-08T20:55:54+00:00","og_image":[{"width":900,"height":900,"url":"https:\/\/secutron.com\/wp-content\/uploads\/products\/MRI-4046-front_sm.jpg","type":"image\/jpeg"}],"twitter_card":"summary_large_image","twitter_misc":{"Estimation du temps de lecture":"3 minutes"},"schema":{"@context":"https:\/\/schema.org","@graph":[{"@type":"WebPage","@id":"https:\/\/secutron.com\/products\/mri-4046-supervised-output-module\/","url":"https:\/\/secutron.com\/products\/mri-4046-supervised-output-module\/","name":"MRI-4046 MODULE DE SORTIE SUPERVISEE - Secutron","isPartOf":{"@id":"https:\/\/secutron.com\/#website"},"primaryImageOfPage":{"@id":"https:\/\/secutron.com\/products\/mri-4046-supervised-output-module\/#primaryimage"},"image":{"@id":"https:\/\/secutron.com\/products\/mri-4046-supervised-output-module\/#primaryimage"},"thumbnailUrl":"https:\/\/secutron.com\/wp-content\/uploads\/products\/MRI-4046-front_sm.jpg","datePublished":"2020-12-02T23:52:41+00:00","dateModified":"2025-12-08T20:55:54+00:00","description":"MRI-4046 est compatible avec les centrales d'alarme incendie et peut \u00eatre utilis\u00e9 pour les appareils de notification, les haut-parleurs et les t\u00e9l\u00e9phones d'incendie. Capacit\u00e9 d'activation de groupe.","breadcrumb":{"@id":"https:\/\/secutron.com\/products\/mri-4046-supervised-output-module\/#breadcrumb"},"inLanguage":"fr-CA","potentialAction":[{"@type":"ReadAction","target":["https:\/\/secutron.com\/products\/mri-4046-supervised-output-module\/"]}]},{"@type":"ImageObject","inLanguage":"fr-CA","@id":"https:\/\/secutron.com\/products\/mri-4046-supervised-output-module\/#primaryimage","url":"https:\/\/secutron.com\/wp-content\/uploads\/products\/MRI-4046-front_sm.jpg","contentUrl":"https:\/\/secutron.com\/wp-content\/uploads\/products\/MRI-4046-front_sm.jpg","width":900,"height":900},{"@type":"BreadcrumbList","@id":"https:\/\/secutron.com\/products\/mri-4046-supervised-output-module\/#breadcrumb","itemListElement":[{"@type":"ListItem","position":1,"name":"Home","item":"https:\/\/secutron.com\/"},{"@type":"ListItem","position":2,"name":"Shop","item":"https:\/\/secutron.com\/shop\/"},{"@type":"ListItem","position":3,"name":"MRI-4046 SUPERVISED OUTPUT MODULE"}]},{"@type":"WebSite","@id":"https:\/\/secutron.com\/#website","url":"https:\/\/secutron.com\/","name":"Secutron","description":"","potentialAction":[{"@type":"SearchAction","target":{"@type":"EntryPoint","urlTemplate":"https:\/\/secutron.com\/?s={search_term_string}"},"query-input":{"@type":"PropertyValueSpecification","valueRequired":true,"valueName":"search_term_string"}}],"inLanguage":"fr-CA"}]}},"_links":{"self":[{"href":"https:\/\/secutron.com\/fr\/wp-json\/wp\/v2\/product\/1393","targetHints":{"allow":["GET"]}}],"collection":[{"href":"https:\/\/secutron.com\/fr\/wp-json\/wp\/v2\/product"}],"about":[{"href":"https:\/\/secutron.com\/fr\/wp-json\/wp\/v2\/types\/product"}],"version-history":[{"count":5,"href":"https:\/\/secutron.com\/fr\/wp-json\/wp\/v2\/product\/1393\/revisions"}],"predecessor-version":[{"id":4159,"href":"https:\/\/secutron.com\/fr\/wp-json\/wp\/v2\/product\/1393\/revisions\/4159"}],"wp:featuredmedia":[{"embeddable":true,"href":"https:\/\/secutron.com\/fr\/wp-json\/wp\/v2\/media\/2581"}],"wp:attachment":[{"href":"https:\/\/secutron.com\/fr\/wp-json\/wp\/v2\/media?parent=1393"}],"wp:term":[{"taxonomy":"product_brand","embeddable":true,"href":"https:\/\/secutron.com\/fr\/wp-json\/wp\/v2\/product_brand?post=1393"},{"taxonomy":"product_cat","embeddable":true,"href":"https:\/\/secutron.com\/fr\/wp-json\/wp\/v2\/product_cat?post=1393"},{"taxonomy":"product_tag","embeddable":true,"href":"https:\/\/secutron.com\/fr\/wp-json\/wp\/v2\/product_tag?post=1393"}],"curies":[{"name":"wp","href":"https:\/\/api.w.org\/{rel}","templated":true}]}}