{"id":1389,"date":"2020-12-02T18:47:23","date_gmt":"2020-12-02T23:47:23","guid":{"rendered":"https:\/\/secutron.com\/?post_type=product&#038;p=1389"},"modified":"2024-08-01T10:33:58","modified_gmt":"2024-08-01T14:33:58","slug":"mri-4045-dual-relay-module","status":"publish","type":"product","link":"https:\/\/secutron.com\/fr\/products\/mri-4045-dual-relay-module\/","title":{"rendered":"MODULE DE RELAIS DOUBLE MRI-4045"},"content":{"rendered":"<p>Le NOUVEAU module relais double MRI-4045 fournit une sortie relais adressable qui peut \u00eatre programm\u00e9e pour r\u00e9pondre \u00e0 n'importe quelle alarme ou \u00e0 n'importe quelle combinaison d'entr\u00e9es.<\/p>\n<h4>CARACT\u00c9RISTIQUES<\/h4>\n<ul>\n<li>Le module \u00e0 double relais MRI-4045 est con\u00e7u pour \u00eatre utilis\u00e9 avec des centrales d'alarme incendie compatibles.<\/li>\n<li>Toute combinaison d'appareils de la s\u00e9rie IRM-4000, jusqu'\u00e0 240, peut \u00eatre connect\u00e9e sur un seul SLC.<\/li>\n<li>Se monte dans un bo\u00eetier \u00e9lectrique standard de 4\" carr\u00e9 ou double.<\/li>\n<li>Le voyant lumineux indique l'\u00e9tat du module<\/li>\n<li>Deux contacts contr\u00f4lables individuellement par module.<\/li>\n<li>Chaque contact donne acc\u00e8s aux c\u00f4t\u00e9s normalement ferm\u00e9s et normalement ouverts.<\/li>\n<li>La position des contacts est v\u00e9rifi\u00e9e par le module. Les contacts bloqu\u00e9s ou inop\u00e9rants sont signal\u00e9s comme une anomalie.<\/li>\n<li>Plage de temp\u00e9rature de 32\u00baF \u00e0 120\u00baF (0\u00baC \u00e0 49\u00baC)<\/li>\n<\/ul>\n<h4>B\u00c9N\u00c9FICES<\/h4>\n<ul>\n<li>Capacit\u00e9 d'activation de groupe pour un temps de r\u00e9action rapide.<\/li>\n<li>Fournit deux (2) sorties en utilisant seulement une (1) adresse de module.<\/li>\n<li>Les connexions SLC et d'alimentation externe sont situ\u00e9es sur les c\u00f4t\u00e9s oppos\u00e9s de l'appareil pour faciliter l'installation (pas besoin d'installer une barri\u00e8re suppl\u00e9mentaire).<\/li>\n<\/ul>\n<p><strong>INFORMATIONS POUR LA COMMANDE*<\/strong><\/p>\n<p><strong>MRI-4045<\/strong> - Module \u00e0 double relais<\/p>\n<p><b>MIX-4090 <\/b>- Outil de programmation de dispositifs adressables<\/p>\n<h4>LISTES D'AGENCES<\/h4>\n<p><img decoding=\"async\" src=\"https:\/\/mircom.com\/wp-content\/uploads\/products\/ul.jpg\" \/> <img decoding=\"async\" src=\"https:\/\/mircom.com\/wp-content\/uploads\/products\/ulc.jpg\" \/><a href=\"https:\/\/secutron.com\/wp-content\/uploads\/csfm.jpg\"><img decoding=\"async\" class=\"alignnone size-full wp-image-1632\" src=\"https:\/\/secutron.com\/wp-content\/uploads\/csfm.jpg\" alt=\"\" width=\"120\" height=\"90\" \/><\/a><a href=\"https:\/\/secutron.com\/wp-content\/uploads\/products\/fm.jpg\"><img decoding=\"async\" class=\"alignnone size-full wp-image-3084\" src=\"https:\/\/secutron.com\/wp-content\/uploads\/products\/fm.jpg\" alt=\"\" width=\"120\" height=\"90\" \/><\/a><\/p>\n<p>*Veuillez contacter le repr\u00e9sentant local de Secutron pour conna\u00eetre les disponibilit\u00e9s r\u00e9gionales.<\/p>\n<p><strong>ATTENTION :<\/strong> Pour r\u00e9gler l'adresse de ce dispositif, il faut le d\u00e9connecter de la boucle ou s'assurer que la boucle \u00e0 laquelle il est connect\u00e9 est \u00e0 la fois d\u00e9connect\u00e9e du panneau et court-circuit\u00e9e entre les entr\u00e9es SLC+ et SLC- du dispositif. Si l'une de ces \u00e9tapes n'est pas respect\u00e9e, la programmation de l'adresse des capteurs pr\u00e9c\u00e9demment configur\u00e9s sur la m\u00eame boucle risque d'\u00eatre modifi\u00e9e.<\/p>","protected":false},"excerpt":{"rendered":"<p>Le NOUVEAU module relais double MRI-4045 fournit une sortie relais adressable qui peut \u00eatre programm\u00e9e pour r\u00e9pondre \u00e0 n'importe quelle alarme ou \u00e0 n'importe quelle combinaison d'entr\u00e9es.<\/p>","protected":false},"featured_media":2580,"template":"","meta":{"_acf_changed":false,"om_disable_all_campaigns":false,"_monsterinsights_skip_tracking":false,"_monsterinsights_sitenote_active":false,"_monsterinsights_sitenote_note":"","_monsterinsights_sitenote_category":0,"footnotes":""},"product_brand":[],"product_cat":[77],"product_tag":[],"class_list":{"0":"post-1389","1":"product","2":"type-product","3":"status-publish","4":"has-post-thumbnail","6":"product_cat-4000-series-devices","8":"first","9":"instock","10":"shipping-taxable","11":"product-type-simple"},"acf":[],"yoast_head":"<!-- This site is optimized with the Yoast SEO plugin v27.6 - https:\/\/yoast.com\/product\/yoast-seo-wordpress\/ -->\n<title>MRI-4045 DUAL RELAY MODULE - Secutron<\/title>\n<meta name=\"description\" content=\"MRI-4045 offers addressable relay output, programmable to respond to alarms or inputs. Features indicating LED for module status. UL-ULC listed.\" \/>\n<meta name=\"robots\" content=\"index, follow, max-snippet:-1, max-image-preview:large, max-video-preview:-1\" \/>\n<link rel=\"canonical\" href=\"https:\/\/secutron.com\/fr\/products\/mri-4045-dual-relay-module\/\" \/>\n<meta property=\"og:locale\" content=\"fr_CA\" \/>\n<meta property=\"og:type\" content=\"article\" \/>\n<meta property=\"og:title\" content=\"MRI-4045 DUAL RELAY MODULE - Secutron\" \/>\n<meta property=\"og:description\" content=\"MRI-4045 offers addressable relay output, programmable to respond to alarms or inputs. Features indicating LED for module status. UL-ULC listed.\" \/>\n<meta property=\"og:url\" content=\"https:\/\/secutron.com\/fr\/products\/mri-4045-dual-relay-module\/\" \/>\n<meta property=\"og:site_name\" content=\"Secutron\" \/>\n<meta property=\"article:modified_time\" content=\"2024-08-01T14:33:58+00:00\" \/>\n<meta property=\"og:image\" content=\"https:\/\/secutron.com\/wp-content\/uploads\/products\/MRI-4045-front_sm.jpg\" \/>\n\t<meta property=\"og:image:width\" content=\"897\" \/>\n\t<meta property=\"og:image:height\" content=\"853\" \/>\n\t<meta property=\"og:image:type\" content=\"image\/jpeg\" \/>\n<meta name=\"twitter:card\" content=\"summary_large_image\" \/>\n<meta name=\"twitter:label1\" content=\"Estimation du temps de lecture\" \/>\n\t<meta name=\"twitter:data1\" content=\"3 minutes\" \/>\n<script type=\"application\/ld+json\" class=\"yoast-schema-graph\">{\"@context\":\"https:\\\/\\\/schema.org\",\"@graph\":[{\"@type\":\"WebPage\",\"@id\":\"https:\\\/\\\/secutron.com\\\/products\\\/mri-4045-dual-relay-module\\\/\",\"url\":\"https:\\\/\\\/secutron.com\\\/products\\\/mri-4045-dual-relay-module\\\/\",\"name\":\"MRI-4045 DUAL RELAY MODULE - Secutron\",\"isPartOf\":{\"@id\":\"https:\\\/\\\/secutron.com\\\/#website\"},\"primaryImageOfPage\":{\"@id\":\"https:\\\/\\\/secutron.com\\\/products\\\/mri-4045-dual-relay-module\\\/#primaryimage\"},\"image\":{\"@id\":\"https:\\\/\\\/secutron.com\\\/products\\\/mri-4045-dual-relay-module\\\/#primaryimage\"},\"thumbnailUrl\":\"https:\\\/\\\/secutron.com\\\/wp-content\\\/uploads\\\/products\\\/MRI-4045-front_sm.jpg\",\"datePublished\":\"2020-12-02T23:47:23+00:00\",\"dateModified\":\"2024-08-01T14:33:58+00:00\",\"description\":\"MRI-4045 offers addressable relay output, programmable to respond to alarms or inputs. Features indicating LED for module status. UL-ULC listed.\",\"breadcrumb\":{\"@id\":\"https:\\\/\\\/secutron.com\\\/products\\\/mri-4045-dual-relay-module\\\/#breadcrumb\"},\"inLanguage\":\"fr-CA\",\"potentialAction\":[{\"@type\":\"ReadAction\",\"target\":[\"https:\\\/\\\/secutron.com\\\/products\\\/mri-4045-dual-relay-module\\\/\"]}]},{\"@type\":\"ImageObject\",\"inLanguage\":\"fr-CA\",\"@id\":\"https:\\\/\\\/secutron.com\\\/products\\\/mri-4045-dual-relay-module\\\/#primaryimage\",\"url\":\"https:\\\/\\\/secutron.com\\\/wp-content\\\/uploads\\\/products\\\/MRI-4045-front_sm.jpg\",\"contentUrl\":\"https:\\\/\\\/secutron.com\\\/wp-content\\\/uploads\\\/products\\\/MRI-4045-front_sm.jpg\",\"width\":897,\"height\":853},{\"@type\":\"BreadcrumbList\",\"@id\":\"https:\\\/\\\/secutron.com\\\/products\\\/mri-4045-dual-relay-module\\\/#breadcrumb\",\"itemListElement\":[{\"@type\":\"ListItem\",\"position\":1,\"name\":\"Home\",\"item\":\"https:\\\/\\\/secutron.com\\\/\"},{\"@type\":\"ListItem\",\"position\":2,\"name\":\"Shop\",\"item\":\"https:\\\/\\\/secutron.com\\\/shop\\\/\"},{\"@type\":\"ListItem\",\"position\":3,\"name\":\"MRI-4045 DUAL RELAY MODULE\"}]},{\"@type\":\"WebSite\",\"@id\":\"https:\\\/\\\/secutron.com\\\/#website\",\"url\":\"https:\\\/\\\/secutron.com\\\/\",\"name\":\"Secutron\",\"description\":\"\",\"potentialAction\":[{\"@type\":\"SearchAction\",\"target\":{\"@type\":\"EntryPoint\",\"urlTemplate\":\"https:\\\/\\\/secutron.com\\\/?s={search_term_string}\"},\"query-input\":{\"@type\":\"PropertyValueSpecification\",\"valueRequired\":true,\"valueName\":\"search_term_string\"}}],\"inLanguage\":\"fr-CA\"}]}<\/script>\n<!-- \/ Yoast SEO plugin. -->","yoast_head_json":{"title":"MRI-4045 MODULE DE RELAIS DOUBLE - Secutron","description":"Le MRI-4045 offre une sortie relais adressable, programmable pour r\u00e9pondre aux alarmes ou aux entr\u00e9es. Il est \u00e9quip\u00e9 d'une LED indiquant l'\u00e9tat du module. Homologu\u00e9 UL-ULC.","robots":{"index":"index","follow":"follow","max-snippet":"max-snippet:-1","max-image-preview":"max-image-preview:large","max-video-preview":"max-video-preview:-1"},"canonical":"https:\/\/secutron.com\/fr\/products\/mri-4045-dual-relay-module\/","og_locale":"fr_CA","og_type":"article","og_title":"MRI-4045 DUAL RELAY MODULE - Secutron","og_description":"MRI-4045 offers addressable relay output, programmable to respond to alarms or inputs. Features indicating LED for module status. UL-ULC listed.","og_url":"https:\/\/secutron.com\/fr\/products\/mri-4045-dual-relay-module\/","og_site_name":"Secutron","article_modified_time":"2024-08-01T14:33:58+00:00","og_image":[{"width":897,"height":853,"url":"https:\/\/secutron.com\/wp-content\/uploads\/products\/MRI-4045-front_sm.jpg","type":"image\/jpeg"}],"twitter_card":"summary_large_image","twitter_misc":{"Estimation du temps de lecture":"3 minutes"},"schema":{"@context":"https:\/\/schema.org","@graph":[{"@type":"WebPage","@id":"https:\/\/secutron.com\/products\/mri-4045-dual-relay-module\/","url":"https:\/\/secutron.com\/products\/mri-4045-dual-relay-module\/","name":"MRI-4045 MODULE DE RELAIS DOUBLE - Secutron","isPartOf":{"@id":"https:\/\/secutron.com\/#website"},"primaryImageOfPage":{"@id":"https:\/\/secutron.com\/products\/mri-4045-dual-relay-module\/#primaryimage"},"image":{"@id":"https:\/\/secutron.com\/products\/mri-4045-dual-relay-module\/#primaryimage"},"thumbnailUrl":"https:\/\/secutron.com\/wp-content\/uploads\/products\/MRI-4045-front_sm.jpg","datePublished":"2020-12-02T23:47:23+00:00","dateModified":"2024-08-01T14:33:58+00:00","description":"Le MRI-4045 offre une sortie relais adressable, programmable pour r\u00e9pondre aux alarmes ou aux entr\u00e9es. Il est \u00e9quip\u00e9 d'une LED indiquant l'\u00e9tat du module. Homologu\u00e9 UL-ULC.","breadcrumb":{"@id":"https:\/\/secutron.com\/products\/mri-4045-dual-relay-module\/#breadcrumb"},"inLanguage":"fr-CA","potentialAction":[{"@type":"ReadAction","target":["https:\/\/secutron.com\/products\/mri-4045-dual-relay-module\/"]}]},{"@type":"ImageObject","inLanguage":"fr-CA","@id":"https:\/\/secutron.com\/products\/mri-4045-dual-relay-module\/#primaryimage","url":"https:\/\/secutron.com\/wp-content\/uploads\/products\/MRI-4045-front_sm.jpg","contentUrl":"https:\/\/secutron.com\/wp-content\/uploads\/products\/MRI-4045-front_sm.jpg","width":897,"height":853},{"@type":"BreadcrumbList","@id":"https:\/\/secutron.com\/products\/mri-4045-dual-relay-module\/#breadcrumb","itemListElement":[{"@type":"ListItem","position":1,"name":"Home","item":"https:\/\/secutron.com\/"},{"@type":"ListItem","position":2,"name":"Shop","item":"https:\/\/secutron.com\/shop\/"},{"@type":"ListItem","position":3,"name":"MRI-4045 DUAL RELAY MODULE"}]},{"@type":"WebSite","@id":"https:\/\/secutron.com\/#website","url":"https:\/\/secutron.com\/","name":"Secutron","description":"","potentialAction":[{"@type":"SearchAction","target":{"@type":"EntryPoint","urlTemplate":"https:\/\/secutron.com\/?s={search_term_string}"},"query-input":{"@type":"PropertyValueSpecification","valueRequired":true,"valueName":"search_term_string"}}],"inLanguage":"fr-CA"}]}},"_links":{"self":[{"href":"https:\/\/secutron.com\/fr\/wp-json\/wp\/v2\/product\/1389","targetHints":{"allow":["GET"]}}],"collection":[{"href":"https:\/\/secutron.com\/fr\/wp-json\/wp\/v2\/product"}],"about":[{"href":"https:\/\/secutron.com\/fr\/wp-json\/wp\/v2\/types\/product"}],"version-history":[{"count":4,"href":"https:\/\/secutron.com\/fr\/wp-json\/wp\/v2\/product\/1389\/revisions"}],"predecessor-version":[{"id":3125,"href":"https:\/\/secutron.com\/fr\/wp-json\/wp\/v2\/product\/1389\/revisions\/3125"}],"wp:featuredmedia":[{"embeddable":true,"href":"https:\/\/secutron.com\/fr\/wp-json\/wp\/v2\/media\/2580"}],"wp:attachment":[{"href":"https:\/\/secutron.com\/fr\/wp-json\/wp\/v2\/media?parent=1389"}],"wp:term":[{"taxonomy":"product_brand","embeddable":true,"href":"https:\/\/secutron.com\/fr\/wp-json\/wp\/v2\/product_brand?post=1389"},{"taxonomy":"product_cat","embeddable":true,"href":"https:\/\/secutron.com\/fr\/wp-json\/wp\/v2\/product_cat?post=1389"},{"taxonomy":"product_tag","embeddable":true,"href":"https:\/\/secutron.com\/fr\/wp-json\/wp\/v2\/product_tag?post=1389"}],"curies":[{"name":"wp","href":"https:\/\/api.w.org\/{rel}","templated":true}]}}