{"id":1373,"date":"2020-11-30T20:34:07","date_gmt":"2020-12-01T01:34:07","guid":{"rendered":"https:\/\/secutron.com\/?post_type=product&#038;p=1373"},"modified":"2024-08-01T10:35:26","modified_gmt":"2024-08-01T14:35:26","slug":"mri-4001-mri-4002-detector-bases","status":"publish","type":"product","link":"https:\/\/secutron.com\/fr\/products\/mri-4001-mri-4002-detector-bases\/","title":{"rendered":"BASES DES D\u00c9TECTEURS MRI-4001\/MRI-4002"},"content":{"rendered":"<p>Les NOUVEAUX socles de montage MRI-4001 et MRI-4002 sont utilis\u00e9s pour interfacer les d\u00e9tecteurs de la s\u00e9rie 4000 avec la ligne SLC et les dispositifs \u00e0 distance.<\/p>\n<h4>CARACT\u00c9RISTIQUES<\/h4>\n<ul>\n<li>Conception \u00e9l\u00e9gante et discr\u00e8te<\/li>\n<li>Montage au plafond ou au mur<\/li>\n<li>Options 4\u2033 ou 6\u2033.<\/li>\n<li>La base est dot\u00e9e d'une fonction anti-sabotage.<\/li>\n<\/ul>\n<h4>B\u00c9N\u00c9FICES<\/h4>\n<ul>\n<li>Les bases de montage ouvertes facilitent le c\u00e2blage et l'arrimage \u00e0 basse pression.<\/li>\n<li>Gagnez du temps gr\u00e2ce aux multiples options de montage<\/li>\n<li>Une languette plate cassable au centre de la base peut \u00eatre coup\u00e9e et ins\u00e9r\u00e9e dans le bord ext\u00e9rieur de la base, puis une \u00e9tiquette peut \u00eatre utilis\u00e9e pour identifier le dispositif.<\/li>\n<\/ul>\n<h4>INFORMATIONS POUR LA COMMANDE*<\/h4>\n<table style=\"height: 90px;\" width=\"565\">\n<tbody>\n<tr>\n<td width=\"109\">MRI-4001<\/td>\n<td width=\"329\">6\u2033 BASE DU D\u00c9TECTEUR<\/td>\n<\/tr>\n<tr>\n<td>MRI-4002<\/td>\n<td>4\u2033 BASE DU D\u00c9TECTEUR<\/td>\n<\/tr>\n<\/tbody>\n<\/table>\n<h4>LISTES D'AGENCES<\/h4>\n<p>&nbsp;<\/p>\n<p><img decoding=\"async\" src=\"https:\/\/mircom.com\/wp-content\/uploads\/products\/ul.jpg\" \/> <img decoding=\"async\" src=\"https:\/\/mircom.com\/wp-content\/uploads\/products\/ulc.jpg\" \/><a href=\"https:\/\/secutron.com\/wp-content\/uploads\/csfm.jpg\"><img decoding=\"async\" class=\"alignnone size-full wp-image-1632\" src=\"https:\/\/secutron.com\/wp-content\/uploads\/csfm.jpg\" alt=\"\" width=\"120\" height=\"90\" \/><\/a><a href=\"https:\/\/secutron.com\/wp-content\/uploads\/products\/fm.jpg\"><img decoding=\"async\" class=\"alignnone size-full wp-image-3084\" src=\"https:\/\/secutron.com\/wp-content\/uploads\/products\/fm.jpg\" alt=\"\" width=\"120\" height=\"90\" \/><\/a><\/p>\n<p>*Veuillez contacter le repr\u00e9sentant local de Secutron pour conna\u00eetre les disponibilit\u00e9s r\u00e9gionales.<\/p>","protected":false},"excerpt":{"rendered":"<p>Les NOUVEAUX socles de montage MRI-4001 et MRI-4002 sont utilis\u00e9s pour interfacer les d\u00e9tecteurs de la s\u00e9rie 4000 avec la ligne SLC et les dispositifs \u00e0 distance.<\/p>","protected":false},"featured_media":2598,"template":"","meta":{"_acf_changed":false,"om_disable_all_campaigns":false,"_monsterinsights_skip_tracking":false,"_monsterinsights_sitenote_active":false,"_monsterinsights_sitenote_note":"","_monsterinsights_sitenote_category":0,"footnotes":""},"product_brand":[],"product_cat":[77],"product_tag":[],"class_list":{"0":"post-1373","1":"product","2":"type-product","3":"status-publish","4":"has-post-thumbnail","6":"product_cat-4000-series-devices","8":"first","9":"instock","10":"shipping-taxable","11":"product-type-simple"},"acf":[],"yoast_head":"<!-- This site is optimized with the Yoast SEO plugin v27.5 - https:\/\/yoast.com\/product\/yoast-seo-wordpress\/ -->\n<title>MRI-4001\/MRI-4002 DETECTOR BASES - Secutron<\/title>\n<meta name=\"description\" content=\"MRI-4001 and MRI-4002 mounting bases for series 4000 detectors. Enjoy the convenience of ceiling or wall mounting, Anti-Tamper feature. UL-ULC Listed.\" \/>\n<meta name=\"robots\" content=\"index, follow, max-snippet:-1, max-image-preview:large, max-video-preview:-1\" \/>\n<link rel=\"canonical\" href=\"https:\/\/secutron.com\/fr\/products\/mri-4001-mri-4002-detector-bases\/\" \/>\n<meta property=\"og:locale\" content=\"fr_CA\" \/>\n<meta property=\"og:type\" content=\"article\" \/>\n<meta property=\"og:title\" content=\"MRI-4001\/MRI-4002 DETECTOR BASES - Secutron\" \/>\n<meta property=\"og:description\" content=\"MRI-4001 and MRI-4002 mounting bases for series 4000 detectors. Enjoy the convenience of ceiling or wall mounting, Anti-Tamper feature. UL-ULC Listed.\" \/>\n<meta property=\"og:url\" content=\"https:\/\/secutron.com\/fr\/products\/mri-4001-mri-4002-detector-bases\/\" \/>\n<meta property=\"og:site_name\" content=\"Secutron\" \/>\n<meta property=\"article:modified_time\" content=\"2024-08-01T14:35:26+00:00\" \/>\n<meta property=\"og:image\" content=\"https:\/\/secutron.com\/wp-content\/uploads\/products\/MRI-40014002-group_sm.jpg\" \/>\n\t<meta property=\"og:image:width\" content=\"798\" \/>\n\t<meta property=\"og:image:height\" content=\"798\" \/>\n\t<meta property=\"og:image:type\" content=\"image\/jpeg\" \/>\n<meta name=\"twitter:card\" content=\"summary_large_image\" \/>\n<meta name=\"twitter:label1\" content=\"Estimation du temps de lecture\" \/>\n\t<meta name=\"twitter:data1\" content=\"2 minutes\" \/>\n<script type=\"application\/ld+json\" class=\"yoast-schema-graph\">{\"@context\":\"https:\\\/\\\/schema.org\",\"@graph\":[{\"@type\":\"WebPage\",\"@id\":\"https:\\\/\\\/secutron.com\\\/products\\\/mri-4001-mri-4002-detector-bases\\\/\",\"url\":\"https:\\\/\\\/secutron.com\\\/products\\\/mri-4001-mri-4002-detector-bases\\\/\",\"name\":\"MRI-4001\\\/MRI-4002 DETECTOR BASES - Secutron\",\"isPartOf\":{\"@id\":\"https:\\\/\\\/secutron.com\\\/#website\"},\"primaryImageOfPage\":{\"@id\":\"https:\\\/\\\/secutron.com\\\/products\\\/mri-4001-mri-4002-detector-bases\\\/#primaryimage\"},\"image\":{\"@id\":\"https:\\\/\\\/secutron.com\\\/products\\\/mri-4001-mri-4002-detector-bases\\\/#primaryimage\"},\"thumbnailUrl\":\"https:\\\/\\\/secutron.com\\\/wp-content\\\/uploads\\\/products\\\/MRI-4001^4002-group_sm.jpg\",\"datePublished\":\"2020-12-01T01:34:07+00:00\",\"dateModified\":\"2024-08-01T14:35:26+00:00\",\"description\":\"MRI-4001 and MRI-4002 mounting bases for series 4000 detectors. Enjoy the convenience of ceiling or wall mounting, Anti-Tamper feature. UL-ULC Listed.\",\"breadcrumb\":{\"@id\":\"https:\\\/\\\/secutron.com\\\/products\\\/mri-4001-mri-4002-detector-bases\\\/#breadcrumb\"},\"inLanguage\":\"fr-CA\",\"potentialAction\":[{\"@type\":\"ReadAction\",\"target\":[\"https:\\\/\\\/secutron.com\\\/products\\\/mri-4001-mri-4002-detector-bases\\\/\"]}]},{\"@type\":\"ImageObject\",\"inLanguage\":\"fr-CA\",\"@id\":\"https:\\\/\\\/secutron.com\\\/products\\\/mri-4001-mri-4002-detector-bases\\\/#primaryimage\",\"url\":\"https:\\\/\\\/secutron.com\\\/wp-content\\\/uploads\\\/products\\\/MRI-4001^4002-group_sm.jpg\",\"contentUrl\":\"https:\\\/\\\/secutron.com\\\/wp-content\\\/uploads\\\/products\\\/MRI-4001^4002-group_sm.jpg\",\"width\":798,\"height\":798},{\"@type\":\"BreadcrumbList\",\"@id\":\"https:\\\/\\\/secutron.com\\\/products\\\/mri-4001-mri-4002-detector-bases\\\/#breadcrumb\",\"itemListElement\":[{\"@type\":\"ListItem\",\"position\":1,\"name\":\"Home\",\"item\":\"https:\\\/\\\/secutron.com\\\/\"},{\"@type\":\"ListItem\",\"position\":2,\"name\":\"Shop\",\"item\":\"https:\\\/\\\/secutron.com\\\/shop\\\/\"},{\"@type\":\"ListItem\",\"position\":3,\"name\":\"MRI-4001\\\/MRI-4002 DETECTOR BASES\"}]},{\"@type\":\"WebSite\",\"@id\":\"https:\\\/\\\/secutron.com\\\/#website\",\"url\":\"https:\\\/\\\/secutron.com\\\/\",\"name\":\"Secutron\",\"description\":\"\",\"potentialAction\":[{\"@type\":\"SearchAction\",\"target\":{\"@type\":\"EntryPoint\",\"urlTemplate\":\"https:\\\/\\\/secutron.com\\\/?s={search_term_string}\"},\"query-input\":{\"@type\":\"PropertyValueSpecification\",\"valueRequired\":true,\"valueName\":\"search_term_string\"}}],\"inLanguage\":\"fr-CA\"}]}<\/script>\n<!-- \/ Yoast SEO plugin. -->","yoast_head_json":{"title":"BASE DE D\u00c9TECTEURS MRI-4001\/MRI-4002 - Secutron","description":"Embases de montage MRI-4001 et MRI-4002 pour les d\u00e9tecteurs de la s\u00e9rie 4000. Profitez de la commodit\u00e9 d'un montage au plafond ou au mur, de la fonction anti-sabotage. Homologu\u00e9 UL-ULC.","robots":{"index":"index","follow":"follow","max-snippet":"max-snippet:-1","max-image-preview":"max-image-preview:large","max-video-preview":"max-video-preview:-1"},"canonical":"https:\/\/secutron.com\/fr\/products\/mri-4001-mri-4002-detector-bases\/","og_locale":"fr_CA","og_type":"article","og_title":"MRI-4001\/MRI-4002 DETECTOR BASES - Secutron","og_description":"MRI-4001 and MRI-4002 mounting bases for series 4000 detectors. Enjoy the convenience of ceiling or wall mounting, Anti-Tamper feature. UL-ULC Listed.","og_url":"https:\/\/secutron.com\/fr\/products\/mri-4001-mri-4002-detector-bases\/","og_site_name":"Secutron","article_modified_time":"2024-08-01T14:35:26+00:00","og_image":[{"width":798,"height":798,"url":"https:\/\/secutron.com\/wp-content\/uploads\/products\/MRI-4001^4002-group_sm.jpg","type":"image\/jpeg"}],"twitter_card":"summary_large_image","twitter_misc":{"Estimation du temps de lecture":"2 minutes"},"schema":{"@context":"https:\/\/schema.org","@graph":[{"@type":"WebPage","@id":"https:\/\/secutron.com\/products\/mri-4001-mri-4002-detector-bases\/","url":"https:\/\/secutron.com\/products\/mri-4001-mri-4002-detector-bases\/","name":"BASE DE D\u00c9TECTEURS MRI-4001\/MRI-4002 - Secutron","isPartOf":{"@id":"https:\/\/secutron.com\/#website"},"primaryImageOfPage":{"@id":"https:\/\/secutron.com\/products\/mri-4001-mri-4002-detector-bases\/#primaryimage"},"image":{"@id":"https:\/\/secutron.com\/products\/mri-4001-mri-4002-detector-bases\/#primaryimage"},"thumbnailUrl":"https:\/\/secutron.com\/wp-content\/uploads\/products\/MRI-4001^4002-group_sm.jpg","datePublished":"2020-12-01T01:34:07+00:00","dateModified":"2024-08-01T14:35:26+00:00","description":"Embases de montage MRI-4001 et MRI-4002 pour les d\u00e9tecteurs de la s\u00e9rie 4000. Profitez de la commodit\u00e9 d'un montage au plafond ou au mur, de la fonction anti-sabotage. Homologu\u00e9 UL-ULC.","breadcrumb":{"@id":"https:\/\/secutron.com\/products\/mri-4001-mri-4002-detector-bases\/#breadcrumb"},"inLanguage":"fr-CA","potentialAction":[{"@type":"ReadAction","target":["https:\/\/secutron.com\/products\/mri-4001-mri-4002-detector-bases\/"]}]},{"@type":"ImageObject","inLanguage":"fr-CA","@id":"https:\/\/secutron.com\/products\/mri-4001-mri-4002-detector-bases\/#primaryimage","url":"https:\/\/secutron.com\/wp-content\/uploads\/products\/MRI-4001^4002-group_sm.jpg","contentUrl":"https:\/\/secutron.com\/wp-content\/uploads\/products\/MRI-4001^4002-group_sm.jpg","width":798,"height":798},{"@type":"BreadcrumbList","@id":"https:\/\/secutron.com\/products\/mri-4001-mri-4002-detector-bases\/#breadcrumb","itemListElement":[{"@type":"ListItem","position":1,"name":"Home","item":"https:\/\/secutron.com\/"},{"@type":"ListItem","position":2,"name":"Shop","item":"https:\/\/secutron.com\/shop\/"},{"@type":"ListItem","position":3,"name":"MRI-4001\/MRI-4002 DETECTOR BASES"}]},{"@type":"WebSite","@id":"https:\/\/secutron.com\/#website","url":"https:\/\/secutron.com\/","name":"Secutron","description":"","potentialAction":[{"@type":"SearchAction","target":{"@type":"EntryPoint","urlTemplate":"https:\/\/secutron.com\/?s={search_term_string}"},"query-input":{"@type":"PropertyValueSpecification","valueRequired":true,"valueName":"search_term_string"}}],"inLanguage":"fr-CA"}]}},"_links":{"self":[{"href":"https:\/\/secutron.com\/fr\/wp-json\/wp\/v2\/product\/1373","targetHints":{"allow":["GET"]}}],"collection":[{"href":"https:\/\/secutron.com\/fr\/wp-json\/wp\/v2\/product"}],"about":[{"href":"https:\/\/secutron.com\/fr\/wp-json\/wp\/v2\/types\/product"}],"version-history":[{"count":7,"href":"https:\/\/secutron.com\/fr\/wp-json\/wp\/v2\/product\/1373\/revisions"}],"predecessor-version":[{"id":3120,"href":"https:\/\/secutron.com\/fr\/wp-json\/wp\/v2\/product\/1373\/revisions\/3120"}],"wp:featuredmedia":[{"embeddable":true,"href":"https:\/\/secutron.com\/fr\/wp-json\/wp\/v2\/media\/2598"}],"wp:attachment":[{"href":"https:\/\/secutron.com\/fr\/wp-json\/wp\/v2\/media?parent=1373"}],"wp:term":[{"taxonomy":"product_brand","embeddable":true,"href":"https:\/\/secutron.com\/fr\/wp-json\/wp\/v2\/product_brand?post=1373"},{"taxonomy":"product_cat","embeddable":true,"href":"https:\/\/secutron.com\/fr\/wp-json\/wp\/v2\/product_cat?post=1373"},{"taxonomy":"product_tag","embeddable":true,"href":"https:\/\/secutron.com\/fr\/wp-json\/wp\/v2\/product_tag?post=1373"}],"curies":[{"name":"wp","href":"https:\/\/api.w.org\/{rel}","templated":true}]}}