{"id":1357,"date":"2020-11-30T20:16:24","date_gmt":"2020-12-01T01:16:24","guid":{"rendered":"https:\/\/secutron.com\/?post_type=product&#038;p=1357"},"modified":"2024-08-01T10:37:51","modified_gmt":"2024-08-01T14:37:51","slug":"mri-4010-photoelectric-smoke-sensor","status":"publish","type":"product","link":"https:\/\/secutron.com\/fr\/products\/mri-4010-photoelectric-smoke-sensor\/","title":{"rendered":"MRI-4010 \/ MRI-4010-ISO D\u00c9TECTEURS PHOTO\u00c9LECTRIQUES DE FUM\u00c9E"},"content":{"rendered":"<p>Les d\u00e9tecteurs de fum\u00e9e MRI-4010 \/ MRI-4010-ISO sont des d\u00e9tecteurs de fum\u00e9e photo\u00e9lectriques qui surveillent en permanence l'environnement afin de fournir une alerte pr\u00e9coce en cas d'incendie. Tous les d\u00e9tecteurs de fum\u00e9e de la s\u00e9rie MRI-4000 communiquent avec les panneaux \u00e0 l'aide d'un protocole enti\u00e8rement num\u00e9rique.<\/p>\n<h4>CARACT\u00c9RISTIQUES<\/h4>\n<ul>\n<li>Les MRI-4010 \/ MRI-4010-ISO fonctionnent avec des centrales d'alarme incendie compatibles.<\/li>\n<li>Possibilit\u00e9 d'ajouter jusqu'\u00e0 240 appareils de la s\u00e9rie MRI-4000 sur un seul SLC<\/li>\n<li>Diff\u00e9rentes couleurs de LED pour les alarmes et les probl\u00e8mes<\/li>\n<li>Utiliser des algorithmes logiciels avanc\u00e9s pour la d\u00e9tection des fum\u00e9es<\/li>\n<li>Protection contre les alarmes intempestives caus\u00e9es par la poussi\u00e8re, les insectes ou d'autres d\u00e9bris<\/li>\n<li>R\u00e9glages multiples de la sensibilit\u00e9<\/li>\n<li>Compatible avec toute la s\u00e9rie de modules d'entr\u00e9e et de contr\u00f4le MRI-4000<\/li>\n<li>Une fonction anti-sabotage unique offre une s\u00e9curit\u00e9 suppl\u00e9mentaire \u00e0 tous les appareils.<\/li>\n<li>Configuration facile des adresses avec le programmateur portatif MIX-4090<\/li>\n<\/ul>\n<h4>B\u00c9N\u00c9FICES<\/h4>\n<ul>\n<li>Les bases de montage ouvertes permettent un c\u00e2blage facile et un verrouillage \u00e0 basse pression.<\/li>\n<li>Les bases sont disponibles en 4\" ou 6\".<\/li>\n<li>En outre, tous les socles sont dot\u00e9s d'une languette d\u00e9tachable qui facilite l'\u00e9tiquetage de l'adresse de l'appareil.<\/li>\n<li>Le MRI-4010-ISO est \u00e9quip\u00e9 d'un isolateur de court-circuit bidirectionnel afin de le prot\u00e9ger contre les d\u00e9fauts de c\u00e2blage et les d\u00e9faillances de la boucle.<\/li>\n<li>Faible courant de veille<\/li>\n<li>L'option de test magn\u00e9tique facilite la mise en service et la maintenance<\/li>\n<\/ul>\n<h4>INFORMATIONS SUR LES COMMANDES<\/h4>\n<table width=\"565\">\n<tbody>\n<tr>\n<td width=\"109\">MRI-4010<\/td>\n<td width=\"329\">D\u00c9TECTEUR PHOTO\u00c9LECTRIQUE SANS ISOLATION<\/td>\n<\/tr>\n<tr>\n<td>MRI-4010-ISO<\/td>\n<td>D\u00c9TECTEUR PHOTO\u00c9LECTRIQUE AVEC ISOLATION<\/td>\n<\/tr>\n<\/tbody>\n<\/table>\n<h4>LISTES D'AGENCES<\/h4>\n<p>&nbsp;<\/p>\n<p><img decoding=\"async\" src=\"https:\/\/mircom.com\/wp-content\/uploads\/products\/ul.jpg\" \/>\u00a0<img decoding=\"async\" src=\"https:\/\/mircom.com\/wp-content\/uploads\/products\/ulc.jpg\" \/><a href=\"https:\/\/secutron.com\/wp-content\/uploads\/csfm.jpg\"><img decoding=\"async\" class=\"alignnone size-full wp-image-1632\" src=\"https:\/\/secutron.com\/wp-content\/uploads\/csfm.jpg\" alt=\"\" width=\"120\" height=\"90\" \/><\/a><a href=\"https:\/\/secutron.com\/wp-content\/uploads\/products\/fm.jpg\"><img decoding=\"async\" class=\"alignnone size-full wp-image-3084\" src=\"https:\/\/secutron.com\/wp-content\/uploads\/products\/fm.jpg\" alt=\"\" width=\"120\" height=\"90\" \/><\/a><\/p>\n<p>*Veuillez contacter le repr\u00e9sentant local de Secutron pour conna\u00eetre les disponibilit\u00e9s r\u00e9gionales.<\/p>","protected":false},"excerpt":{"rendered":"<p>Les MRI-4010 \/ MRI-4010-ISO sont des capteurs de fum\u00e9e photo\u00e9lectriques qui surveillent en permanence l'environnement afin de fournir une alerte pr\u00e9coce en cas d'incendie.<\/p>","protected":false},"featured_media":1362,"template":"","meta":{"_acf_changed":false,"om_disable_all_campaigns":false,"_monsterinsights_skip_tracking":false,"_monsterinsights_sitenote_active":false,"_monsterinsights_sitenote_note":"","_monsterinsights_sitenote_category":0,"footnotes":""},"product_brand":[],"product_cat":[77],"product_tag":[],"class_list":{"0":"post-1357","1":"product","2":"type-product","3":"status-publish","4":"has-post-thumbnail","6":"product_cat-4000-series-devices","8":"first","9":"instock","10":"shipping-taxable","11":"product-type-simple"},"acf":[],"yoast_head":"<!-- This site is optimized with the Yoast SEO plugin v27.4 - https:\/\/yoast.com\/product\/yoast-seo-wordpress\/ -->\n<title>MRI-4010 \/ MRI-4010-ISO PHOTOELECTRIC SMOKE SENSORS - Secutron<\/title>\n<meta name=\"description\" content=\"Enhance safety MRI-4010 \/ MRI-4010-ISO photoelectric smoke sensors we offer multiple sensitivity settings, anti-tamper features, and a magnet test option.\" \/>\n<meta name=\"robots\" content=\"index, follow, max-snippet:-1, max-image-preview:large, max-video-preview:-1\" \/>\n<link rel=\"canonical\" href=\"https:\/\/secutron.com\/fr\/products\/mri-4010-photoelectric-smoke-sensor\/\" \/>\n<meta property=\"og:locale\" content=\"fr_CA\" \/>\n<meta property=\"og:type\" content=\"article\" \/>\n<meta property=\"og:title\" content=\"MRI-4010 \/ MRI-4010-ISO PHOTOELECTRIC SMOKE SENSORS - Secutron\" \/>\n<meta property=\"og:description\" content=\"Enhance safety MRI-4010 \/ MRI-4010-ISO photoelectric smoke sensors we offer multiple sensitivity settings, anti-tamper features, and a magnet test option.\" \/>\n<meta property=\"og:url\" content=\"https:\/\/secutron.com\/fr\/products\/mri-4010-photoelectric-smoke-sensor\/\" \/>\n<meta property=\"og:site_name\" content=\"Secutron\" \/>\n<meta property=\"article:modified_time\" content=\"2024-08-01T14:37:51+00:00\" \/>\n<meta property=\"og:image\" content=\"https:\/\/secutron.com\/wp-content\/uploads\/products\/MIX-4010MIX-4020-tilt_lg.jpg\" \/>\n\t<meta property=\"og:image:width\" content=\"1356\" \/>\n\t<meta property=\"og:image:height\" content=\"1356\" \/>\n\t<meta property=\"og:image:type\" content=\"image\/jpeg\" \/>\n<meta name=\"twitter:card\" content=\"summary_large_image\" \/>\n<meta name=\"twitter:label1\" content=\"Estimation du temps de lecture\" \/>\n\t<meta name=\"twitter:data1\" content=\"2 minutes\" \/>\n<script type=\"application\/ld+json\" class=\"yoast-schema-graph\">{\"@context\":\"https:\\\/\\\/schema.org\",\"@graph\":[{\"@type\":\"WebPage\",\"@id\":\"https:\\\/\\\/secutron.com\\\/products\\\/mri-4010-photoelectric-smoke-sensor\\\/\",\"url\":\"https:\\\/\\\/secutron.com\\\/products\\\/mri-4010-photoelectric-smoke-sensor\\\/\",\"name\":\"MRI-4010 \\\/ MRI-4010-ISO PHOTOELECTRIC SMOKE SENSORS - Secutron\",\"isPartOf\":{\"@id\":\"https:\\\/\\\/secutron.com\\\/#website\"},\"primaryImageOfPage\":{\"@id\":\"https:\\\/\\\/secutron.com\\\/products\\\/mri-4010-photoelectric-smoke-sensor\\\/#primaryimage\"},\"image\":{\"@id\":\"https:\\\/\\\/secutron.com\\\/products\\\/mri-4010-photoelectric-smoke-sensor\\\/#primaryimage\"},\"thumbnailUrl\":\"https:\\\/\\\/secutron.com\\\/wp-content\\\/uploads\\\/products\\\/MIX-4010^MIX-4020-tilt_lg.jpg\",\"datePublished\":\"2020-12-01T01:16:24+00:00\",\"dateModified\":\"2024-08-01T14:37:51+00:00\",\"description\":\"Enhance safety MRI-4010 \\\/ MRI-4010-ISO photoelectric smoke sensors we offer multiple sensitivity settings, anti-tamper features, and a magnet test option.\",\"breadcrumb\":{\"@id\":\"https:\\\/\\\/secutron.com\\\/products\\\/mri-4010-photoelectric-smoke-sensor\\\/#breadcrumb\"},\"inLanguage\":\"fr-CA\",\"potentialAction\":[{\"@type\":\"ReadAction\",\"target\":[\"https:\\\/\\\/secutron.com\\\/products\\\/mri-4010-photoelectric-smoke-sensor\\\/\"]}]},{\"@type\":\"ImageObject\",\"inLanguage\":\"fr-CA\",\"@id\":\"https:\\\/\\\/secutron.com\\\/products\\\/mri-4010-photoelectric-smoke-sensor\\\/#primaryimage\",\"url\":\"https:\\\/\\\/secutron.com\\\/wp-content\\\/uploads\\\/products\\\/MIX-4010^MIX-4020-tilt_lg.jpg\",\"contentUrl\":\"https:\\\/\\\/secutron.com\\\/wp-content\\\/uploads\\\/products\\\/MIX-4010^MIX-4020-tilt_lg.jpg\",\"width\":1356,\"height\":1356},{\"@type\":\"BreadcrumbList\",\"@id\":\"https:\\\/\\\/secutron.com\\\/products\\\/mri-4010-photoelectric-smoke-sensor\\\/#breadcrumb\",\"itemListElement\":[{\"@type\":\"ListItem\",\"position\":1,\"name\":\"Home\",\"item\":\"https:\\\/\\\/secutron.com\\\/\"},{\"@type\":\"ListItem\",\"position\":2,\"name\":\"Shop\",\"item\":\"https:\\\/\\\/secutron.com\\\/shop\\\/\"},{\"@type\":\"ListItem\",\"position\":3,\"name\":\"MRI-4010 \\\/ MRI-4010-ISO PHOTOELECTRIC SMOKE SENSORS\"}]},{\"@type\":\"WebSite\",\"@id\":\"https:\\\/\\\/secutron.com\\\/#website\",\"url\":\"https:\\\/\\\/secutron.com\\\/\",\"name\":\"Secutron\",\"description\":\"\",\"potentialAction\":[{\"@type\":\"SearchAction\",\"target\":{\"@type\":\"EntryPoint\",\"urlTemplate\":\"https:\\\/\\\/secutron.com\\\/?s={search_term_string}\"},\"query-input\":{\"@type\":\"PropertyValueSpecification\",\"valueRequired\":true,\"valueName\":\"search_term_string\"}}],\"inLanguage\":\"fr-CA\"}]}<\/script>\n<!-- \/ Yoast SEO plugin. -->","yoast_head_json":{"title":"MRI-4010 \/ MRI-4010-ISO SENSORS PHOTOELECTRIQUES DE FUM\u00c9E - Secutron","description":"Pour am\u00e9liorer la s\u00e9curit\u00e9 des d\u00e9tecteurs photo\u00e9lectriques de fum\u00e9e MRI-4010 \/ MRI-4010-ISO, nous proposons plusieurs r\u00e9glages de sensibilit\u00e9, des fonctions anti-sabotage et une option de test \u00e0 l'aimant.","robots":{"index":"index","follow":"follow","max-snippet":"max-snippet:-1","max-image-preview":"max-image-preview:large","max-video-preview":"max-video-preview:-1"},"canonical":"https:\/\/secutron.com\/fr\/products\/mri-4010-photoelectric-smoke-sensor\/","og_locale":"fr_CA","og_type":"article","og_title":"MRI-4010 \/ MRI-4010-ISO PHOTOELECTRIC SMOKE SENSORS - Secutron","og_description":"Enhance safety MRI-4010 \/ MRI-4010-ISO photoelectric smoke sensors we offer multiple sensitivity settings, anti-tamper features, and a magnet test option.","og_url":"https:\/\/secutron.com\/fr\/products\/mri-4010-photoelectric-smoke-sensor\/","og_site_name":"Secutron","article_modified_time":"2024-08-01T14:37:51+00:00","og_image":[{"width":1356,"height":1356,"url":"https:\/\/secutron.com\/wp-content\/uploads\/products\/MIX-4010^MIX-4020-tilt_lg.jpg","type":"image\/jpeg"}],"twitter_card":"summary_large_image","twitter_misc":{"Estimation du temps de lecture":"2 minutes"},"schema":{"@context":"https:\/\/schema.org","@graph":[{"@type":"WebPage","@id":"https:\/\/secutron.com\/products\/mri-4010-photoelectric-smoke-sensor\/","url":"https:\/\/secutron.com\/products\/mri-4010-photoelectric-smoke-sensor\/","name":"MRI-4010 \/ MRI-4010-ISO SENSORS PHOTOELECTRIQUES DE FUM\u00c9E - Secutron","isPartOf":{"@id":"https:\/\/secutron.com\/#website"},"primaryImageOfPage":{"@id":"https:\/\/secutron.com\/products\/mri-4010-photoelectric-smoke-sensor\/#primaryimage"},"image":{"@id":"https:\/\/secutron.com\/products\/mri-4010-photoelectric-smoke-sensor\/#primaryimage"},"thumbnailUrl":"https:\/\/secutron.com\/wp-content\/uploads\/products\/MIX-4010^MIX-4020-tilt_lg.jpg","datePublished":"2020-12-01T01:16:24+00:00","dateModified":"2024-08-01T14:37:51+00:00","description":"Pour am\u00e9liorer la s\u00e9curit\u00e9 des d\u00e9tecteurs photo\u00e9lectriques de fum\u00e9e MRI-4010 \/ MRI-4010-ISO, nous proposons plusieurs r\u00e9glages de sensibilit\u00e9, des fonctions anti-sabotage et une option de test \u00e0 l'aimant.","breadcrumb":{"@id":"https:\/\/secutron.com\/products\/mri-4010-photoelectric-smoke-sensor\/#breadcrumb"},"inLanguage":"fr-CA","potentialAction":[{"@type":"ReadAction","target":["https:\/\/secutron.com\/products\/mri-4010-photoelectric-smoke-sensor\/"]}]},{"@type":"ImageObject","inLanguage":"fr-CA","@id":"https:\/\/secutron.com\/products\/mri-4010-photoelectric-smoke-sensor\/#primaryimage","url":"https:\/\/secutron.com\/wp-content\/uploads\/products\/MIX-4010^MIX-4020-tilt_lg.jpg","contentUrl":"https:\/\/secutron.com\/wp-content\/uploads\/products\/MIX-4010^MIX-4020-tilt_lg.jpg","width":1356,"height":1356},{"@type":"BreadcrumbList","@id":"https:\/\/secutron.com\/products\/mri-4010-photoelectric-smoke-sensor\/#breadcrumb","itemListElement":[{"@type":"ListItem","position":1,"name":"Home","item":"https:\/\/secutron.com\/"},{"@type":"ListItem","position":2,"name":"Shop","item":"https:\/\/secutron.com\/shop\/"},{"@type":"ListItem","position":3,"name":"MRI-4010 \/ MRI-4010-ISO PHOTOELECTRIC SMOKE SENSORS"}]},{"@type":"WebSite","@id":"https:\/\/secutron.com\/#website","url":"https:\/\/secutron.com\/","name":"Secutron","description":"","potentialAction":[{"@type":"SearchAction","target":{"@type":"EntryPoint","urlTemplate":"https:\/\/secutron.com\/?s={search_term_string}"},"query-input":{"@type":"PropertyValueSpecification","valueRequired":true,"valueName":"search_term_string"}}],"inLanguage":"fr-CA"}]}},"_links":{"self":[{"href":"https:\/\/secutron.com\/fr\/wp-json\/wp\/v2\/product\/1357","targetHints":{"allow":["GET"]}}],"collection":[{"href":"https:\/\/secutron.com\/fr\/wp-json\/wp\/v2\/product"}],"about":[{"href":"https:\/\/secutron.com\/fr\/wp-json\/wp\/v2\/types\/product"}],"version-history":[{"count":6,"href":"https:\/\/secutron.com\/fr\/wp-json\/wp\/v2\/product\/1357\/revisions"}],"predecessor-version":[{"id":3628,"href":"https:\/\/secutron.com\/fr\/wp-json\/wp\/v2\/product\/1357\/revisions\/3628"}],"wp:featuredmedia":[{"embeddable":true,"href":"https:\/\/secutron.com\/fr\/wp-json\/wp\/v2\/media\/1362"}],"wp:attachment":[{"href":"https:\/\/secutron.com\/fr\/wp-json\/wp\/v2\/media?parent=1357"}],"wp:term":[{"taxonomy":"product_brand","embeddable":true,"href":"https:\/\/secutron.com\/fr\/wp-json\/wp\/v2\/product_brand?post=1357"},{"taxonomy":"product_cat","embeddable":true,"href":"https:\/\/secutron.com\/fr\/wp-json\/wp\/v2\/product_cat?post=1357"},{"taxonomy":"product_tag","embeddable":true,"href":"https:\/\/secutron.com\/fr\/wp-json\/wp\/v2\/product_tag?post=1357"}],"curies":[{"name":"wp","href":"https:\/\/api.w.org\/{rel}","templated":true}]}}