{"id":1351,"date":"2020-09-22T11:01:08","date_gmt":"2020-09-22T15:01:08","guid":{"rendered":"https:\/\/secutron.com\/?post_type=product&#038;p=1351"},"modified":"2024-07-17T15:31:00","modified_gmt":"2024-07-17T19:31:00","slug":"mrm-400mpu-intelligent-single-stage-manual-pull-station-mp-protocol","status":"publish","type":"product","link":"https:\/\/secutron.com\/fr\/products\/mrm-400mpu-intelligent-single-stage-manual-pull-station-mp-protocol\/","title":{"rendered":"S\u00e9rie MRM-400MP(U) Station de traction manuelle intelligente \u00e0 un \u00e9tage - Protocole MP"},"content":{"rendered":"<p>Les stations manuelles d'alarme incendie de la s\u00e9rie MRM-400MP(U) de Secutron permettent l'activation manuelle de l'alarme incendie. Elles sont fabriqu\u00e9es en aluminium extrud\u00e9 de haute qualit\u00e9 et sont de couleur rouge.<\/p>\n<p>Une \u00e9tiquette r\u00e9sistante \u00e0 l'abrasion avec de grandes lettres en relief fournit des instructions claires et lisibles.<\/p>\n<h4>Fonctionnement<\/h4>\n<p>En tirant sur la poign\u00e9e de la station, on lib\u00e8re l'interrupteur interne qui d\u00e9clenche le module intelligent adressable.<\/p>\n<p>Le r\u00e9armement s'effectue en ins\u00e9rant un tournevis de 1\/8\" par l'avant. La poign\u00e9e, une fois tir\u00e9e, reste ouverte et ne peut \u00eatre remise en place sans l'utilisation du tournevis.<\/p>\n<h4>Sp\u00e9cifications<\/h4>\n<p>Le poste manuel \u00e0 simple action doit \u00eatre de la s\u00e9rie MRM-400MPU de Secutron. Les instructions d'utilisation doivent \u00eatre \u00e9crites en lettres anglaises en relief et l'unit\u00e9 doit \u00eatre construite en aluminium extrud\u00e9, avec une finition en peinture \u00e9maill\u00e9e rouge pour permettre une identification rapide. Le fait de tirer la poign\u00e9e d\u00e9clenche imm\u00e9diatement le circuit de d\u00e9tection d'alarme. Toutes les centrales d'alarme incendie manuelles doivent \u00eatre install\u00e9es conform\u00e9ment aux exigences sp\u00e9cifiques \u00e9nonc\u00e9es dans les codes UL\/ULC, ainsi que dans tous les autres codes nationaux ou locaux applicables.<\/p>\n<p><strong>ATTENTION :<\/strong> Pour r\u00e9gler l'adresse de ce dispositif, il faut le d\u00e9connecter de la boucle ou s'assurer que la boucle \u00e0 laquelle il est connect\u00e9 est \u00e0 la fois d\u00e9connect\u00e9e du panneau et court-circuit\u00e9e entre les entr\u00e9es SLC+ et SLC- du dispositif. Si l'une de ces \u00e9tapes n'est pas respect\u00e9e, la programmation de l'adresse des capteurs pr\u00e9c\u00e9demment configur\u00e9s sur la m\u00eame boucle risque d'\u00eatre modifi\u00e9e.<\/p>\n<h4>LISTES D'AGENCES<\/h4>\n<p><img decoding=\"async\" src=\"https:\/\/mircom.com\/wp-content\/uploads\/products\/ul.jpg\" \/><img decoding=\"async\" src=\"https:\/\/mircom.com\/wp-content\/uploads\/products\/ulc.jpg\" \/><\/p>","protected":false},"excerpt":{"rendered":"<p>Attrayantes et durables, les stations manuelles d'alarme incendie de la s\u00e9rie MRM-400MP(U) de Secutron permettent d'activer manuellement l'alarme incendie. Elles sont fabriqu\u00e9es en aluminium extrud\u00e9 de haute qualit\u00e9 et sont de couleur rouge. Une \u00e9tiquette r\u00e9sistante \u00e0 l'abrasion avec de grandes lettres en relief fournit des instructions claires et lisibles.<\/p>\n<div id=\"productSalesCTA\">\n<div class=\"row\"><\/div>\n<\/div>","protected":false},"featured_media":626,"template":"","meta":{"_acf_changed":false,"om_disable_all_campaigns":false,"_monsterinsights_skip_tracking":false,"_monsterinsights_sitenote_active":false,"_monsterinsights_sitenote_note":"","_monsterinsights_sitenote_category":0,"footnotes":""},"product_brand":[],"product_cat":[77],"product_tag":[],"class_list":{"0":"post-1351","1":"product","2":"type-product","3":"status-publish","4":"has-post-thumbnail","6":"product_cat-4000-series-devices","8":"first","9":"instock","10":"shipping-taxable","11":"product-type-simple"},"acf":[],"yoast_head":"<!-- This site is optimized with the Yoast SEO plugin v27.4 - https:\/\/yoast.com\/product\/yoast-seo-wordpress\/ -->\n<title>MRM-400MP(U) Series Intelligent Single Stage Manual Pull Station - MP Protocol -<\/title>\n<meta name=\"description\" content=\"Secutron\u2019s MRM-400MP(U) Series Fire Alarm Manual Stations are made of extruded aluminum, finished in red for easy identification\" \/>\n<meta name=\"robots\" content=\"index, follow, max-snippet:-1, max-image-preview:large, max-video-preview:-1\" \/>\n<link rel=\"canonical\" href=\"https:\/\/secutron.com\/fr\/products\/mrm-400mpu-intelligent-single-stage-manual-pull-station-mp-protocol\/\" \/>\n<meta property=\"og:locale\" content=\"fr_CA\" \/>\n<meta property=\"og:type\" content=\"article\" \/>\n<meta property=\"og:title\" content=\"MRM-400MP(U) Series Intelligent Single Stage Manual Pull Station - MP Protocol -\" \/>\n<meta property=\"og:description\" content=\"Secutron\u2019s MRM-400MP(U) Series Fire Alarm Manual Stations are made of extruded aluminum, finished in red for easy identification\" \/>\n<meta property=\"og:url\" content=\"https:\/\/secutron.com\/fr\/products\/mrm-400mpu-intelligent-single-stage-manual-pull-station-mp-protocol\/\" \/>\n<meta property=\"og:site_name\" content=\"Secutron\" \/>\n<meta property=\"article:modified_time\" content=\"2024-07-17T19:31:00+00:00\" \/>\n<meta property=\"og:image\" content=\"https:\/\/secutron.com\/wp-content\/uploads\/products\/MRM-MPG1U.jpg\" \/>\n\t<meta property=\"og:image:width\" content=\"900\" \/>\n\t<meta property=\"og:image:height\" content=\"900\" \/>\n\t<meta property=\"og:image:type\" content=\"image\/jpeg\" \/>\n<meta name=\"twitter:card\" content=\"summary_large_image\" \/>\n<meta name=\"twitter:label1\" content=\"Estimation du temps de lecture\" \/>\n\t<meta name=\"twitter:data1\" content=\"2 minutes\" \/>\n<script type=\"application\/ld+json\" class=\"yoast-schema-graph\">{\"@context\":\"https:\\\/\\\/schema.org\",\"@graph\":[{\"@type\":\"WebPage\",\"@id\":\"https:\\\/\\\/secutron.com\\\/products\\\/mrm-400mpu-intelligent-single-stage-manual-pull-station-mp-protocol\\\/\",\"url\":\"https:\\\/\\\/secutron.com\\\/products\\\/mrm-400mpu-intelligent-single-stage-manual-pull-station-mp-protocol\\\/\",\"name\":\"MRM-400MP(U) Series Intelligent Single Stage Manual Pull Station - MP Protocol -\",\"isPartOf\":{\"@id\":\"https:\\\/\\\/secutron.com\\\/#website\"},\"primaryImageOfPage\":{\"@id\":\"https:\\\/\\\/secutron.com\\\/products\\\/mrm-400mpu-intelligent-single-stage-manual-pull-station-mp-protocol\\\/#primaryimage\"},\"image\":{\"@id\":\"https:\\\/\\\/secutron.com\\\/products\\\/mrm-400mpu-intelligent-single-stage-manual-pull-station-mp-protocol\\\/#primaryimage\"},\"thumbnailUrl\":\"https:\\\/\\\/secutron.com\\\/wp-content\\\/uploads\\\/products\\\/MRM-MPG1U.jpg\",\"datePublished\":\"2020-09-22T15:01:08+00:00\",\"dateModified\":\"2024-07-17T19:31:00+00:00\",\"description\":\"Secutron\u2019s MRM-400MP(U) Series Fire Alarm Manual Stations are made of extruded aluminum, finished in red for easy identification\",\"breadcrumb\":{\"@id\":\"https:\\\/\\\/secutron.com\\\/products\\\/mrm-400mpu-intelligent-single-stage-manual-pull-station-mp-protocol\\\/#breadcrumb\"},\"inLanguage\":\"fr-CA\",\"potentialAction\":[{\"@type\":\"ReadAction\",\"target\":[\"https:\\\/\\\/secutron.com\\\/products\\\/mrm-400mpu-intelligent-single-stage-manual-pull-station-mp-protocol\\\/\"]}]},{\"@type\":\"ImageObject\",\"inLanguage\":\"fr-CA\",\"@id\":\"https:\\\/\\\/secutron.com\\\/products\\\/mrm-400mpu-intelligent-single-stage-manual-pull-station-mp-protocol\\\/#primaryimage\",\"url\":\"https:\\\/\\\/secutron.com\\\/wp-content\\\/uploads\\\/products\\\/MRM-MPG1U.jpg\",\"contentUrl\":\"https:\\\/\\\/secutron.com\\\/wp-content\\\/uploads\\\/products\\\/MRM-MPG1U.jpg\",\"width\":900,\"height\":900,\"caption\":\"MRM-MPG1U-manual-pull-station-secutron\"},{\"@type\":\"BreadcrumbList\",\"@id\":\"https:\\\/\\\/secutron.com\\\/products\\\/mrm-400mpu-intelligent-single-stage-manual-pull-station-mp-protocol\\\/#breadcrumb\",\"itemListElement\":[{\"@type\":\"ListItem\",\"position\":1,\"name\":\"Home\",\"item\":\"https:\\\/\\\/secutron.com\\\/\"},{\"@type\":\"ListItem\",\"position\":2,\"name\":\"Shop\",\"item\":\"https:\\\/\\\/secutron.com\\\/shop\\\/\"},{\"@type\":\"ListItem\",\"position\":3,\"name\":\"MRM-400MP(U) Series Intelligent Single Stage Manual Pull Station &#8211; MP Protocol\"}]},{\"@type\":\"WebSite\",\"@id\":\"https:\\\/\\\/secutron.com\\\/#website\",\"url\":\"https:\\\/\\\/secutron.com\\\/\",\"name\":\"Secutron\",\"description\":\"\",\"potentialAction\":[{\"@type\":\"SearchAction\",\"target\":{\"@type\":\"EntryPoint\",\"urlTemplate\":\"https:\\\/\\\/secutron.com\\\/?s={search_term_string}\"},\"query-input\":{\"@type\":\"PropertyValueSpecification\",\"valueRequired\":true,\"valueName\":\"search_term_string\"}}],\"inLanguage\":\"fr-CA\"}]}<\/script>\n<!-- \/ Yoast SEO plugin. -->","yoast_head_json":{"title":"S\u00e9rie MRM-400MP(U) Station de traction manuelle intelligente \u00e0 un \u00e9tage - Protocole MP -","description":"Les stations manuelles d'alarme incendie de la s\u00e9rie MRM-400MP(U) de Secutron sont fabriqu\u00e9es en aluminium extrud\u00e9 et finies en rouge pour une identification facile.","robots":{"index":"index","follow":"follow","max-snippet":"max-snippet:-1","max-image-preview":"max-image-preview:large","max-video-preview":"max-video-preview:-1"},"canonical":"https:\/\/secutron.com\/fr\/products\/mrm-400mpu-intelligent-single-stage-manual-pull-station-mp-protocol\/","og_locale":"fr_CA","og_type":"article","og_title":"MRM-400MP(U) Series Intelligent Single Stage Manual Pull Station - MP Protocol -","og_description":"Secutron\u2019s MRM-400MP(U) Series Fire Alarm Manual Stations are made of extruded aluminum, finished in red for easy identification","og_url":"https:\/\/secutron.com\/fr\/products\/mrm-400mpu-intelligent-single-stage-manual-pull-station-mp-protocol\/","og_site_name":"Secutron","article_modified_time":"2024-07-17T19:31:00+00:00","og_image":[{"width":900,"height":900,"url":"https:\/\/secutron.com\/wp-content\/uploads\/products\/MRM-MPG1U.jpg","type":"image\/jpeg"}],"twitter_card":"summary_large_image","twitter_misc":{"Estimation du temps de lecture":"2 minutes"},"schema":{"@context":"https:\/\/schema.org","@graph":[{"@type":"WebPage","@id":"https:\/\/secutron.com\/products\/mrm-400mpu-intelligent-single-stage-manual-pull-station-mp-protocol\/","url":"https:\/\/secutron.com\/products\/mrm-400mpu-intelligent-single-stage-manual-pull-station-mp-protocol\/","name":"S\u00e9rie MRM-400MP(U) Station de traction manuelle intelligente \u00e0 un \u00e9tage - Protocole MP -","isPartOf":{"@id":"https:\/\/secutron.com\/#website"},"primaryImageOfPage":{"@id":"https:\/\/secutron.com\/products\/mrm-400mpu-intelligent-single-stage-manual-pull-station-mp-protocol\/#primaryimage"},"image":{"@id":"https:\/\/secutron.com\/products\/mrm-400mpu-intelligent-single-stage-manual-pull-station-mp-protocol\/#primaryimage"},"thumbnailUrl":"https:\/\/secutron.com\/wp-content\/uploads\/products\/MRM-MPG1U.jpg","datePublished":"2020-09-22T15:01:08+00:00","dateModified":"2024-07-17T19:31:00+00:00","description":"Les stations manuelles d'alarme incendie de la s\u00e9rie MRM-400MP(U) de Secutron sont fabriqu\u00e9es en aluminium extrud\u00e9 et finies en rouge pour une identification facile.","breadcrumb":{"@id":"https:\/\/secutron.com\/products\/mrm-400mpu-intelligent-single-stage-manual-pull-station-mp-protocol\/#breadcrumb"},"inLanguage":"fr-CA","potentialAction":[{"@type":"ReadAction","target":["https:\/\/secutron.com\/products\/mrm-400mpu-intelligent-single-stage-manual-pull-station-mp-protocol\/"]}]},{"@type":"ImageObject","inLanguage":"fr-CA","@id":"https:\/\/secutron.com\/products\/mrm-400mpu-intelligent-single-stage-manual-pull-station-mp-protocol\/#primaryimage","url":"https:\/\/secutron.com\/wp-content\/uploads\/products\/MRM-MPG1U.jpg","contentUrl":"https:\/\/secutron.com\/wp-content\/uploads\/products\/MRM-MPG1U.jpg","width":900,"height":900,"caption":"MRM-MPG1U-manual-pull-station-secutron"},{"@type":"BreadcrumbList","@id":"https:\/\/secutron.com\/products\/mrm-400mpu-intelligent-single-stage-manual-pull-station-mp-protocol\/#breadcrumb","itemListElement":[{"@type":"ListItem","position":1,"name":"Home","item":"https:\/\/secutron.com\/"},{"@type":"ListItem","position":2,"name":"Shop","item":"https:\/\/secutron.com\/shop\/"},{"@type":"ListItem","position":3,"name":"MRM-400MP(U) Series Intelligent Single Stage Manual Pull Station &#8211; MP Protocol"}]},{"@type":"WebSite","@id":"https:\/\/secutron.com\/#website","url":"https:\/\/secutron.com\/","name":"Secutron","description":"","potentialAction":[{"@type":"SearchAction","target":{"@type":"EntryPoint","urlTemplate":"https:\/\/secutron.com\/?s={search_term_string}"},"query-input":{"@type":"PropertyValueSpecification","valueRequired":true,"valueName":"search_term_string"}}],"inLanguage":"fr-CA"}]}},"_links":{"self":[{"href":"https:\/\/secutron.com\/fr\/wp-json\/wp\/v2\/product\/1351","targetHints":{"allow":["GET"]}}],"collection":[{"href":"https:\/\/secutron.com\/fr\/wp-json\/wp\/v2\/product"}],"about":[{"href":"https:\/\/secutron.com\/fr\/wp-json\/wp\/v2\/types\/product"}],"version-history":[{"count":3,"href":"https:\/\/secutron.com\/fr\/wp-json\/wp\/v2\/product\/1351\/revisions"}],"predecessor-version":[{"id":3501,"href":"https:\/\/secutron.com\/fr\/wp-json\/wp\/v2\/product\/1351\/revisions\/3501"}],"wp:featuredmedia":[{"embeddable":true,"href":"https:\/\/secutron.com\/fr\/wp-json\/wp\/v2\/media\/626"}],"wp:attachment":[{"href":"https:\/\/secutron.com\/fr\/wp-json\/wp\/v2\/media?parent=1351"}],"wp:term":[{"taxonomy":"product_brand","embeddable":true,"href":"https:\/\/secutron.com\/fr\/wp-json\/wp\/v2\/product_brand?post=1351"},{"taxonomy":"product_cat","embeddable":true,"href":"https:\/\/secutron.com\/fr\/wp-json\/wp\/v2\/product_cat?post=1351"},{"taxonomy":"product_tag","embeddable":true,"href":"https:\/\/secutron.com\/fr\/wp-json\/wp\/v2\/product_tag?post=1351"}],"curies":[{"name":"wp","href":"https:\/\/api.w.org\/{rel}","templated":true}]}}