{"id":1349,"date":"2020-09-22T10:34:48","date_gmt":"2020-09-22T14:34:48","guid":{"rendered":"https:\/\/secutron.com\/?post_type=product&#038;p=1349"},"modified":"2024-07-17T15:32:18","modified_gmt":"2024-07-17T19:32:18","slug":"mrm-710mpu-intelligent-double-action-pull-station-mp-protocol","status":"publish","type":"product","link":"https:\/\/secutron.com\/fr\/products\/mrm-710mpu-intelligent-double-action-pull-station-mp-protocol\/","title":{"rendered":"S\u00e9rie MRM-710MP(U) Station de traction intelligente \u00e0 double action - Protocole MP"},"content":{"rendered":"<p>Le poste manuel intelligent de la s\u00e9rie MRM-710MP(U) de Secutron est fabriqu\u00e9 en m\u00e9tal moul\u00e9 sous pression de haute qualit\u00e9 et est disponible en tant que dispositif \u00e0 double action avec r\u00e9initialisation par cl\u00e9 et module intelligent fix\u00e9 de mani\u00e8re permanente.<\/p>\n<p>Le fait de tirer la poign\u00e9e d\u00e9clenche le fonctionnement du module intelligent.<\/p>\n<p>La s\u00e9rie MRM-710MP(U) est disponible avec des cl\u00e9s CAT-30 et se monte sur une bo\u00eete d'encastrement simple standard, la bo\u00eete d'encastrement m\u00e9tallique \u00e0 surface int\u00e9rieure Secutron mod\u00e8le MRM-700.<\/p>\n<h4>FONCTIONNEMENT :<\/h4>\n<p>La station manuelle intelligente \u00e0 double action de la s\u00e9rie MRM-710MP(U) est actionn\u00e9e en poussant la barre marqu\u00e9e \"PUSH BAR\" et en tirant vers le bas la poign\u00e9e marqu\u00e9e \"PULL HANDLE\".<\/p>\n<p>Le MRM-710MP(U) est r\u00e9initialis\u00e9 en ouvrant la station \u00e0 l'aide de la cl\u00e9, en pla\u00e7ant la poign\u00e9e en position verticale normale et en verrouillant \u00e0 nouveau la station.<\/p>\n<h4>SPECIFICATION :<\/h4>\n<p>La station manuelle doit \u00eatre de la s\u00e9rie MRM-710MP(U) de Secutron. Les instructions d'utilisation doivent \u00eatre en lettres anglaises en relief et l'unit\u00e9 doit \u00eatre construite en m\u00e9tal moul\u00e9 sous pression de haute qualit\u00e9 et peinte en \u00e9mail rouge pour permettre une identification rapide. L'actionnement de la poign\u00e9e doit d\u00e9clencher le fonctionnement imm\u00e9diat du module intelligent adressable. Toutes les centrales d'alarme incendie manuelles doivent \u00eatre install\u00e9es conform\u00e9ment aux exigences sp\u00e9cifiques \u00e9nonc\u00e9es dans les codes UL, ainsi que dans tous les autres codes nationaux ou locaux applicables. L'acceptation finale est soumise \u00e0 l'autorit\u00e9 locale comp\u00e9tente.<\/p>\n<p><strong>ATTENTION :<\/strong><\/p>\n<p>Pour r\u00e9gler l'adresse de ce dispositif, il faut le d\u00e9connecter de la boucle ou s'assurer que la boucle \u00e0 laquelle il est connect\u00e9 est \u00e0 la fois d\u00e9connect\u00e9e du panneau et court-circuit\u00e9e entre les entr\u00e9es SLC+ et SLC- du dispositif. Si l'une de ces \u00e9tapes n'est pas respect\u00e9e, la programmation de l'adresse des capteurs pr\u00e9c\u00e9demment configur\u00e9s sur la m\u00eame boucle risque d'\u00eatre modifi\u00e9e.<\/p>\n<h4>LISTES D'AGENCES<\/h4>\n<p><img decoding=\"async\" src=\"https:\/\/mircom.com\/wp-content\/uploads\/products\/ul.jpg\" \/><img decoding=\"async\" src=\"https:\/\/mircom.com\/wp-content\/uploads\/products\/ulc.jpg\" \/><a href=\"https:\/\/secutron.com\/wp-content\/uploads\/products\/fm.jpg\"><img decoding=\"async\" class=\"alignnone size-full wp-image-3084\" src=\"https:\/\/secutron.com\/wp-content\/uploads\/products\/fm.jpg\" alt=\"\" width=\"120\" height=\"90\" \/><\/a><\/p>","protected":false},"excerpt":{"rendered":"<p>Cette station manuelle d'alarme incendie intelligente en m\u00e9tal moul\u00e9 de haute qualit\u00e9 est une unit\u00e9 \u00e0 double action avec un module adressable fix\u00e9 en permanence.<\/p>\n<div id=\"productSalesCTA\">\n<div class=\"row\"><\/div>\n<\/div>","protected":false},"featured_media":2514,"template":"","meta":{"_acf_changed":false,"om_disable_all_campaigns":false,"_monsterinsights_skip_tracking":false,"_monsterinsights_sitenote_active":false,"_monsterinsights_sitenote_note":"","_monsterinsights_sitenote_category":0,"footnotes":""},"product_brand":[],"product_cat":[77],"product_tag":[],"class_list":{"0":"post-1349","1":"product","2":"type-product","3":"status-publish","4":"has-post-thumbnail","6":"product_cat-4000-series-devices","8":"first","9":"instock","10":"shipping-taxable","11":"product-type-simple"},"acf":[],"yoast_head":"<!-- This site is optimized with the Yoast SEO plugin v27.4 - https:\/\/yoast.com\/product\/yoast-seo-wordpress\/ -->\n<title>MRM-710MP(U) Series Intelligent Double Action Pull Station - MP protocol - Secutron<\/title>\n<meta name=\"description\" content=\"Discover Secutron&#039;s MRM-700(U) Series Emergency Manual Stations. These high-quality, die-cast metal stations are designed to meet special use requirements.\" \/>\n<meta name=\"robots\" content=\"index, follow, max-snippet:-1, max-image-preview:large, max-video-preview:-1\" \/>\n<link rel=\"canonical\" href=\"https:\/\/secutron.com\/fr\/products\/mrm-710mpu-intelligent-double-action-pull-station-mp-protocol\/\" \/>\n<meta property=\"og:locale\" content=\"fr_CA\" \/>\n<meta property=\"og:type\" content=\"article\" \/>\n<meta property=\"og:title\" content=\"MRM-710MP(U) Series Intelligent Double Action Pull Station - MP protocol - Secutron\" \/>\n<meta property=\"og:description\" content=\"Discover Secutron&#039;s MRM-700(U) Series Emergency Manual Stations. These high-quality, die-cast metal stations are designed to meet special use requirements.\" \/>\n<meta property=\"og:url\" content=\"https:\/\/secutron.com\/fr\/products\/mrm-710mpu-intelligent-double-action-pull-station-mp-protocol\/\" \/>\n<meta property=\"og:site_name\" content=\"Secutron\" \/>\n<meta property=\"article:modified_time\" content=\"2024-07-17T19:32:18+00:00\" \/>\n<meta property=\"og:image\" content=\"https:\/\/secutron.com\/wp-content\/uploads\/products\/MRM-710U-Series.jpg\" \/>\n\t<meta property=\"og:image:width\" content=\"900\" \/>\n\t<meta property=\"og:image:height\" content=\"900\" \/>\n\t<meta property=\"og:image:type\" content=\"image\/jpeg\" \/>\n<meta name=\"twitter:card\" content=\"summary_large_image\" \/>\n<meta name=\"twitter:label1\" content=\"Estimation du temps de lecture\" \/>\n\t<meta name=\"twitter:data1\" content=\"2 minutes\" \/>\n<script type=\"application\/ld+json\" class=\"yoast-schema-graph\">{\"@context\":\"https:\\\/\\\/schema.org\",\"@graph\":[{\"@type\":\"WebPage\",\"@id\":\"https:\\\/\\\/secutron.com\\\/products\\\/mrm-710mpu-intelligent-double-action-pull-station-mp-protocol\\\/\",\"url\":\"https:\\\/\\\/secutron.com\\\/products\\\/mrm-710mpu-intelligent-double-action-pull-station-mp-protocol\\\/\",\"name\":\"MRM-710MP(U) Series Intelligent Double Action Pull Station - MP protocol - Secutron\",\"isPartOf\":{\"@id\":\"https:\\\/\\\/secutron.com\\\/#website\"},\"primaryImageOfPage\":{\"@id\":\"https:\\\/\\\/secutron.com\\\/products\\\/mrm-710mpu-intelligent-double-action-pull-station-mp-protocol\\\/#primaryimage\"},\"image\":{\"@id\":\"https:\\\/\\\/secutron.com\\\/products\\\/mrm-710mpu-intelligent-double-action-pull-station-mp-protocol\\\/#primaryimage\"},\"thumbnailUrl\":\"https:\\\/\\\/secutron.com\\\/wp-content\\\/uploads\\\/products\\\/MRM-710U-Series.jpg\",\"datePublished\":\"2020-09-22T14:34:48+00:00\",\"dateModified\":\"2024-07-17T19:32:18+00:00\",\"description\":\"Discover Secutron's MRM-700(U) Series Emergency Manual Stations. These high-quality, die-cast metal stations are designed to meet special use requirements.\",\"breadcrumb\":{\"@id\":\"https:\\\/\\\/secutron.com\\\/products\\\/mrm-710mpu-intelligent-double-action-pull-station-mp-protocol\\\/#breadcrumb\"},\"inLanguage\":\"fr-CA\",\"potentialAction\":[{\"@type\":\"ReadAction\",\"target\":[\"https:\\\/\\\/secutron.com\\\/products\\\/mrm-710mpu-intelligent-double-action-pull-station-mp-protocol\\\/\"]}]},{\"@type\":\"ImageObject\",\"inLanguage\":\"fr-CA\",\"@id\":\"https:\\\/\\\/secutron.com\\\/products\\\/mrm-710mpu-intelligent-double-action-pull-station-mp-protocol\\\/#primaryimage\",\"url\":\"https:\\\/\\\/secutron.com\\\/wp-content\\\/uploads\\\/products\\\/MRM-710U-Series.jpg\",\"contentUrl\":\"https:\\\/\\\/secutron.com\\\/wp-content\\\/uploads\\\/products\\\/MRM-710U-Series.jpg\",\"width\":900,\"height\":900},{\"@type\":\"BreadcrumbList\",\"@id\":\"https:\\\/\\\/secutron.com\\\/products\\\/mrm-710mpu-intelligent-double-action-pull-station-mp-protocol\\\/#breadcrumb\",\"itemListElement\":[{\"@type\":\"ListItem\",\"position\":1,\"name\":\"Home\",\"item\":\"https:\\\/\\\/secutron.com\\\/\"},{\"@type\":\"ListItem\",\"position\":2,\"name\":\"Shop\",\"item\":\"https:\\\/\\\/secutron.com\\\/shop\\\/\"},{\"@type\":\"ListItem\",\"position\":3,\"name\":\"MRM-710MP(U) Series Intelligent Double Action Pull Station &#8211; MP protocol\"}]},{\"@type\":\"WebSite\",\"@id\":\"https:\\\/\\\/secutron.com\\\/#website\",\"url\":\"https:\\\/\\\/secutron.com\\\/\",\"name\":\"Secutron\",\"description\":\"\",\"potentialAction\":[{\"@type\":\"SearchAction\",\"target\":{\"@type\":\"EntryPoint\",\"urlTemplate\":\"https:\\\/\\\/secutron.com\\\/?s={search_term_string}\"},\"query-input\":{\"@type\":\"PropertyValueSpecification\",\"valueRequired\":true,\"valueName\":\"search_term_string\"}}],\"inLanguage\":\"fr-CA\"}]}<\/script>\n<!-- \/ Yoast SEO plugin. -->","yoast_head_json":{"title":"S\u00e9rie MRM-710MP(U) Station de traction intelligente \u00e0 double action - Protocole MP - Secutron","description":"D\u00e9couvrez les postes manuels d'urgence de la s\u00e9rie MRM-700(U) de Secutron. Ces postes de haute qualit\u00e9, en m\u00e9tal moul\u00e9 sous pression, sont con\u00e7us pour r\u00e9pondre \u00e0 des exigences d'utilisation particuli\u00e8res.","robots":{"index":"index","follow":"follow","max-snippet":"max-snippet:-1","max-image-preview":"max-image-preview:large","max-video-preview":"max-video-preview:-1"},"canonical":"https:\/\/secutron.com\/fr\/products\/mrm-710mpu-intelligent-double-action-pull-station-mp-protocol\/","og_locale":"fr_CA","og_type":"article","og_title":"MRM-710MP(U) Series Intelligent Double Action Pull Station - MP protocol - Secutron","og_description":"Discover Secutron's MRM-700(U) Series Emergency Manual Stations. These high-quality, die-cast metal stations are designed to meet special use requirements.","og_url":"https:\/\/secutron.com\/fr\/products\/mrm-710mpu-intelligent-double-action-pull-station-mp-protocol\/","og_site_name":"Secutron","article_modified_time":"2024-07-17T19:32:18+00:00","og_image":[{"width":900,"height":900,"url":"https:\/\/secutron.com\/wp-content\/uploads\/products\/MRM-710U-Series.jpg","type":"image\/jpeg"}],"twitter_card":"summary_large_image","twitter_misc":{"Estimation du temps de lecture":"2 minutes"},"schema":{"@context":"https:\/\/schema.org","@graph":[{"@type":"WebPage","@id":"https:\/\/secutron.com\/products\/mrm-710mpu-intelligent-double-action-pull-station-mp-protocol\/","url":"https:\/\/secutron.com\/products\/mrm-710mpu-intelligent-double-action-pull-station-mp-protocol\/","name":"S\u00e9rie MRM-710MP(U) Station de traction intelligente \u00e0 double action - Protocole MP - Secutron","isPartOf":{"@id":"https:\/\/secutron.com\/#website"},"primaryImageOfPage":{"@id":"https:\/\/secutron.com\/products\/mrm-710mpu-intelligent-double-action-pull-station-mp-protocol\/#primaryimage"},"image":{"@id":"https:\/\/secutron.com\/products\/mrm-710mpu-intelligent-double-action-pull-station-mp-protocol\/#primaryimage"},"thumbnailUrl":"https:\/\/secutron.com\/wp-content\/uploads\/products\/MRM-710U-Series.jpg","datePublished":"2020-09-22T14:34:48+00:00","dateModified":"2024-07-17T19:32:18+00:00","description":"D\u00e9couvrez les postes manuels d'urgence de la s\u00e9rie MRM-700(U) de Secutron. Ces postes de haute qualit\u00e9, en m\u00e9tal moul\u00e9 sous pression, sont con\u00e7us pour r\u00e9pondre \u00e0 des exigences d'utilisation particuli\u00e8res.","breadcrumb":{"@id":"https:\/\/secutron.com\/products\/mrm-710mpu-intelligent-double-action-pull-station-mp-protocol\/#breadcrumb"},"inLanguage":"fr-CA","potentialAction":[{"@type":"ReadAction","target":["https:\/\/secutron.com\/products\/mrm-710mpu-intelligent-double-action-pull-station-mp-protocol\/"]}]},{"@type":"ImageObject","inLanguage":"fr-CA","@id":"https:\/\/secutron.com\/products\/mrm-710mpu-intelligent-double-action-pull-station-mp-protocol\/#primaryimage","url":"https:\/\/secutron.com\/wp-content\/uploads\/products\/MRM-710U-Series.jpg","contentUrl":"https:\/\/secutron.com\/wp-content\/uploads\/products\/MRM-710U-Series.jpg","width":900,"height":900},{"@type":"BreadcrumbList","@id":"https:\/\/secutron.com\/products\/mrm-710mpu-intelligent-double-action-pull-station-mp-protocol\/#breadcrumb","itemListElement":[{"@type":"ListItem","position":1,"name":"Home","item":"https:\/\/secutron.com\/"},{"@type":"ListItem","position":2,"name":"Shop","item":"https:\/\/secutron.com\/shop\/"},{"@type":"ListItem","position":3,"name":"MRM-710MP(U) Series Intelligent Double Action Pull Station &#8211; MP protocol"}]},{"@type":"WebSite","@id":"https:\/\/secutron.com\/#website","url":"https:\/\/secutron.com\/","name":"Secutron","description":"","potentialAction":[{"@type":"SearchAction","target":{"@type":"EntryPoint","urlTemplate":"https:\/\/secutron.com\/?s={search_term_string}"},"query-input":{"@type":"PropertyValueSpecification","valueRequired":true,"valueName":"search_term_string"}}],"inLanguage":"fr-CA"}]}},"_links":{"self":[{"href":"https:\/\/secutron.com\/fr\/wp-json\/wp\/v2\/product\/1349","targetHints":{"allow":["GET"]}}],"collection":[{"href":"https:\/\/secutron.com\/fr\/wp-json\/wp\/v2\/product"}],"about":[{"href":"https:\/\/secutron.com\/fr\/wp-json\/wp\/v2\/types\/product"}],"version-history":[{"count":6,"href":"https:\/\/secutron.com\/fr\/wp-json\/wp\/v2\/product\/1349\/revisions"}],"predecessor-version":[{"id":3090,"href":"https:\/\/secutron.com\/fr\/wp-json\/wp\/v2\/product\/1349\/revisions\/3090"}],"wp:featuredmedia":[{"embeddable":true,"href":"https:\/\/secutron.com\/fr\/wp-json\/wp\/v2\/media\/2514"}],"wp:attachment":[{"href":"https:\/\/secutron.com\/fr\/wp-json\/wp\/v2\/media?parent=1349"}],"wp:term":[{"taxonomy":"product_brand","embeddable":true,"href":"https:\/\/secutron.com\/fr\/wp-json\/wp\/v2\/product_brand?post=1349"},{"taxonomy":"product_cat","embeddable":true,"href":"https:\/\/secutron.com\/fr\/wp-json\/wp\/v2\/product_cat?post=1349"},{"taxonomy":"product_tag","embeddable":true,"href":"https:\/\/secutron.com\/fr\/wp-json\/wp\/v2\/product_tag?post=1349"}],"curies":[{"name":"wp","href":"https:\/\/api.w.org\/{rel}","templated":true}]}}