{"id":1320,"date":"2020-05-18T18:19:58","date_gmt":"2020-05-18T22:19:58","guid":{"rendered":"https:\/\/secutron.com\/?post_type=product&#038;p=1320"},"modified":"2026-01-08T09:50:26","modified_gmt":"2026-01-08T14:50:26","slug":"sp-series-speakers","status":"publish","type":"product","link":"https:\/\/secutron.com\/fr\/products\/sp-series-speakers\/","title":{"rendered":"ENCEINTES DE LA S\u00c9RIE SP"},"content":{"rendered":"<p>Les haut-parleurs de la s\u00e9rie SP sont con\u00e7us pour diffuser des signaux sonores de haute qualit\u00e9 et sont id\u00e9aux pour la signalisation d'alarme dans les h\u00f4tels, les centres commerciaux, les appartements et autres lieux o\u00f9 l'esth\u00e9tique et la fiabilit\u00e9 des performances sont des pr\u00e9occupations majeures.<\/p>\n<p>Ils se composent d'un haut-parleur, d'un aimant de 6 oz, d'un transformateur d'adaptation de ligne \u00e0 tension constante \u00e0 profil bas, d'un condensateur de blocage \u00e0 courant continu et d'un baffle de haut-parleur enti\u00e8rement en acier de couleur blanc cass\u00e9. Les transformateurs de 25 et 70 volts sont de type adapt\u00e9 et comprennent des prises de puissance de sortie de \u00bc, \u00bd, 1 et 2 watt(s). La s\u00e9lection de la prise se fait par le c\u00e2blage dans la fente appropri\u00e9e du bornier de l'enceinte. Les enceintes de la s\u00e9rie SP s'installent facilement \u00e0 l'aide de bo\u00eetes d'encastrement en surface ou encastr\u00e9es.<\/p>","protected":false},"excerpt":{"rendered":"<p>Id\u00e9al pour la signalisation d'alarme dans les h\u00f4tels, les centres commerciaux, les appartements et autres lieux o\u00f9 l'esth\u00e9tique et la fiabilit\u00e9 des performances sont primordiales.<\/p>","protected":false},"featured_media":1323,"template":"","meta":{"_acf_changed":false,"om_disable_all_campaigns":false,"_monsterinsights_skip_tracking":false,"_monsterinsights_sitenote_active":false,"_monsterinsights_sitenote_note":"","_monsterinsights_sitenote_category":0,"footnotes":""},"product_brand":[],"product_cat":[44],"product_tag":[],"class_list":{"0":"post-1320","1":"product","2":"type-product","3":"status-publish","4":"has-post-thumbnail","6":"product_cat-notification-appliances","8":"first","9":"instock","10":"shipping-taxable","11":"product-type-simple"},"acf":[],"yoast_head":"<!-- This site is optimized with the Yoast SEO plugin v27.4 - https:\/\/yoast.com\/product\/yoast-seo-wordpress\/ -->\n<title>SP SERIES SPEAKERS - Secutron<\/title>\n<meta name=\"description\" content=\"Secutron&#039;s SP-Series Speakers, perfect for broadcasting high quality tone signals and alarm signaling in any setting. Easy to install and custom outputs.\" \/>\n<meta name=\"robots\" content=\"index, follow, max-snippet:-1, max-image-preview:large, max-video-preview:-1\" \/>\n<link rel=\"canonical\" href=\"https:\/\/secutron.com\/fr\/products\/sp-series-speakers\/\" \/>\n<meta property=\"og:locale\" content=\"fr_CA\" \/>\n<meta property=\"og:type\" content=\"article\" \/>\n<meta property=\"og:title\" content=\"SP SERIES SPEAKERS - Secutron\" \/>\n<meta property=\"og:description\" content=\"Secutron&#039;s SP-Series Speakers, perfect for broadcasting high quality tone signals and alarm signaling in any setting. Easy to install and custom outputs.\" \/>\n<meta property=\"og:url\" content=\"https:\/\/secutron.com\/fr\/products\/sp-series-speakers\/\" \/>\n<meta property=\"og:site_name\" content=\"Secutron\" \/>\n<meta property=\"article:modified_time\" content=\"2026-01-08T14:50:26+00:00\" \/>\n<meta property=\"og:image\" content=\"https:\/\/secutron.com\/wp-content\/uploads\/products\/SP-Series-images.jpg\" \/>\n\t<meta property=\"og:image:width\" content=\"213\" \/>\n\t<meta property=\"og:image:height\" content=\"188\" \/>\n\t<meta property=\"og:image:type\" content=\"image\/jpeg\" \/>\n<meta name=\"twitter:card\" content=\"summary_large_image\" \/>\n<meta name=\"twitter:label1\" content=\"Estimation du temps de lecture\" \/>\n\t<meta name=\"twitter:data1\" content=\"1 minute\" \/>\n<script type=\"application\/ld+json\" class=\"yoast-schema-graph\">{\"@context\":\"https:\\\/\\\/schema.org\",\"@graph\":[{\"@type\":\"WebPage\",\"@id\":\"https:\\\/\\\/secutron.com\\\/products\\\/sp-series-speakers\\\/\",\"url\":\"https:\\\/\\\/secutron.com\\\/products\\\/sp-series-speakers\\\/\",\"name\":\"SP SERIES SPEAKERS - Secutron\",\"isPartOf\":{\"@id\":\"https:\\\/\\\/secutron.com\\\/#website\"},\"primaryImageOfPage\":{\"@id\":\"https:\\\/\\\/secutron.com\\\/products\\\/sp-series-speakers\\\/#primaryimage\"},\"image\":{\"@id\":\"https:\\\/\\\/secutron.com\\\/products\\\/sp-series-speakers\\\/#primaryimage\"},\"thumbnailUrl\":\"https:\\\/\\\/secutron.com\\\/wp-content\\\/uploads\\\/products\\\/SP-Series-images.jpg\",\"datePublished\":\"2020-05-18T22:19:58+00:00\",\"dateModified\":\"2026-01-08T14:50:26+00:00\",\"description\":\"Secutron's SP-Series Speakers, perfect for broadcasting high quality tone signals and alarm signaling in any setting. Easy to install and custom outputs.\",\"breadcrumb\":{\"@id\":\"https:\\\/\\\/secutron.com\\\/products\\\/sp-series-speakers\\\/#breadcrumb\"},\"inLanguage\":\"fr-CA\",\"potentialAction\":[{\"@type\":\"ReadAction\",\"target\":[\"https:\\\/\\\/secutron.com\\\/products\\\/sp-series-speakers\\\/\"]}]},{\"@type\":\"ImageObject\",\"inLanguage\":\"fr-CA\",\"@id\":\"https:\\\/\\\/secutron.com\\\/products\\\/sp-series-speakers\\\/#primaryimage\",\"url\":\"https:\\\/\\\/secutron.com\\\/wp-content\\\/uploads\\\/products\\\/SP-Series-images.jpg\",\"contentUrl\":\"https:\\\/\\\/secutron.com\\\/wp-content\\\/uploads\\\/products\\\/SP-Series-images.jpg\",\"width\":213,\"height\":188},{\"@type\":\"BreadcrumbList\",\"@id\":\"https:\\\/\\\/secutron.com\\\/products\\\/sp-series-speakers\\\/#breadcrumb\",\"itemListElement\":[{\"@type\":\"ListItem\",\"position\":1,\"name\":\"Home\",\"item\":\"https:\\\/\\\/secutron.com\\\/\"},{\"@type\":\"ListItem\",\"position\":2,\"name\":\"Shop\",\"item\":\"https:\\\/\\\/secutron.com\\\/shop\\\/\"},{\"@type\":\"ListItem\",\"position\":3,\"name\":\"SP SERIES SPEAKERS\"}]},{\"@type\":\"WebSite\",\"@id\":\"https:\\\/\\\/secutron.com\\\/#website\",\"url\":\"https:\\\/\\\/secutron.com\\\/\",\"name\":\"Secutron\",\"description\":\"\",\"potentialAction\":[{\"@type\":\"SearchAction\",\"target\":{\"@type\":\"EntryPoint\",\"urlTemplate\":\"https:\\\/\\\/secutron.com\\\/?s={search_term_string}\"},\"query-input\":{\"@type\":\"PropertyValueSpecification\",\"valueRequired\":true,\"valueName\":\"search_term_string\"}}],\"inLanguage\":\"fr-CA\"}]}<\/script>\n<!-- \/ Yoast SEO plugin. -->","yoast_head_json":{"title":"Haut-parleurs de la s\u00e9rie SP - Secutron","description":"Les haut-parleurs de la s\u00e9rie SP de Secutron sont parfaits pour diffuser des signaux sonores de haute qualit\u00e9 et des signaux d'alarme dans n'importe quel environnement. Facile \u00e0 installer et sorties personnalis\u00e9es.","robots":{"index":"index","follow":"follow","max-snippet":"max-snippet:-1","max-image-preview":"max-image-preview:large","max-video-preview":"max-video-preview:-1"},"canonical":"https:\/\/secutron.com\/fr\/products\/sp-series-speakers\/","og_locale":"fr_CA","og_type":"article","og_title":"SP SERIES SPEAKERS - Secutron","og_description":"Secutron's SP-Series Speakers, perfect for broadcasting high quality tone signals and alarm signaling in any setting. Easy to install and custom outputs.","og_url":"https:\/\/secutron.com\/fr\/products\/sp-series-speakers\/","og_site_name":"Secutron","article_modified_time":"2026-01-08T14:50:26+00:00","og_image":[{"width":213,"height":188,"url":"https:\/\/secutron.com\/wp-content\/uploads\/products\/SP-Series-images.jpg","type":"image\/jpeg"}],"twitter_card":"summary_large_image","twitter_misc":{"Estimation du temps de lecture":"1 minute"},"schema":{"@context":"https:\/\/schema.org","@graph":[{"@type":"WebPage","@id":"https:\/\/secutron.com\/products\/sp-series-speakers\/","url":"https:\/\/secutron.com\/products\/sp-series-speakers\/","name":"Haut-parleurs de la s\u00e9rie SP - Secutron","isPartOf":{"@id":"https:\/\/secutron.com\/#website"},"primaryImageOfPage":{"@id":"https:\/\/secutron.com\/products\/sp-series-speakers\/#primaryimage"},"image":{"@id":"https:\/\/secutron.com\/products\/sp-series-speakers\/#primaryimage"},"thumbnailUrl":"https:\/\/secutron.com\/wp-content\/uploads\/products\/SP-Series-images.jpg","datePublished":"2020-05-18T22:19:58+00:00","dateModified":"2026-01-08T14:50:26+00:00","description":"Les haut-parleurs de la s\u00e9rie SP de Secutron sont parfaits pour diffuser des signaux sonores de haute qualit\u00e9 et des signaux d'alarme dans n'importe quel environnement. Facile \u00e0 installer et sorties personnalis\u00e9es.","breadcrumb":{"@id":"https:\/\/secutron.com\/products\/sp-series-speakers\/#breadcrumb"},"inLanguage":"fr-CA","potentialAction":[{"@type":"ReadAction","target":["https:\/\/secutron.com\/products\/sp-series-speakers\/"]}]},{"@type":"ImageObject","inLanguage":"fr-CA","@id":"https:\/\/secutron.com\/products\/sp-series-speakers\/#primaryimage","url":"https:\/\/secutron.com\/wp-content\/uploads\/products\/SP-Series-images.jpg","contentUrl":"https:\/\/secutron.com\/wp-content\/uploads\/products\/SP-Series-images.jpg","width":213,"height":188},{"@type":"BreadcrumbList","@id":"https:\/\/secutron.com\/products\/sp-series-speakers\/#breadcrumb","itemListElement":[{"@type":"ListItem","position":1,"name":"Home","item":"https:\/\/secutron.com\/"},{"@type":"ListItem","position":2,"name":"Shop","item":"https:\/\/secutron.com\/shop\/"},{"@type":"ListItem","position":3,"name":"SP SERIES SPEAKERS"}]},{"@type":"WebSite","@id":"https:\/\/secutron.com\/#website","url":"https:\/\/secutron.com\/","name":"Secutron","description":"","potentialAction":[{"@type":"SearchAction","target":{"@type":"EntryPoint","urlTemplate":"https:\/\/secutron.com\/?s={search_term_string}"},"query-input":{"@type":"PropertyValueSpecification","valueRequired":true,"valueName":"search_term_string"}}],"inLanguage":"fr-CA"}]}},"_links":{"self":[{"href":"https:\/\/secutron.com\/fr\/wp-json\/wp\/v2\/product\/1320","targetHints":{"allow":["GET"]}}],"collection":[{"href":"https:\/\/secutron.com\/fr\/wp-json\/wp\/v2\/product"}],"about":[{"href":"https:\/\/secutron.com\/fr\/wp-json\/wp\/v2\/types\/product"}],"version-history":[{"count":1,"href":"https:\/\/secutron.com\/fr\/wp-json\/wp\/v2\/product\/1320\/revisions"}],"predecessor-version":[{"id":3503,"href":"https:\/\/secutron.com\/fr\/wp-json\/wp\/v2\/product\/1320\/revisions\/3503"}],"wp:featuredmedia":[{"embeddable":true,"href":"https:\/\/secutron.com\/fr\/wp-json\/wp\/v2\/media\/1323"}],"wp:attachment":[{"href":"https:\/\/secutron.com\/fr\/wp-json\/wp\/v2\/media?parent=1320"}],"wp:term":[{"taxonomy":"product_brand","embeddable":true,"href":"https:\/\/secutron.com\/fr\/wp-json\/wp\/v2\/product_brand?post=1320"},{"taxonomy":"product_cat","embeddable":true,"href":"https:\/\/secutron.com\/fr\/wp-json\/wp\/v2\/product_cat?post=1320"},{"taxonomy":"product_tag","embeddable":true,"href":"https:\/\/secutron.com\/fr\/wp-json\/wp\/v2\/product_tag?post=1320"}],"curies":[{"name":"wp","href":"https:\/\/api.w.org\/{rel}","templated":true}]}}