{"id":1316,"date":"2020-05-15T13:37:17","date_gmt":"2020-05-15T17:37:17","guid":{"rendered":"https:\/\/secutron.com\/?post_type=product&#038;p=1316"},"modified":"2025-02-12T21:08:42","modified_gmt":"2025-02-13T02:08:42","slug":"fhs-400-wall-mounted-led-horn-strobes","status":"publish","type":"product","link":"https:\/\/secutron.com\/fr\/products\/fhs-400-wall-mounted-led-horn-strobes\/","title":{"rendered":"FHS-400 WALL MOUNT LED HORN\/STROBES"},"content":{"rendered":"<p>Utilisant une technologie LED avanc\u00e9e, les klaxons\/stroboscopes FHS-400 consomment moins de courant, ce qui permet d'utiliser plus d'appareils sur un circuit NAC tout en r\u00e9duisant le nombre d'alimentations externes n\u00e9cessaires.<\/p>\n<h2><strong>Caract\u00e9ristiques :<\/strong><\/h2>\n<ul>\n<li>Conception compacte<\/li>\n<li>La technologie LED avanc\u00e9e permet une consommation de courant sup\u00e9rieure<\/li>\n<li>R\u00e9glages standard et \u00e9lev\u00e9 de la candela dans un seul appareil pour r\u00e9pondre \u00e0 pratiquement toutes les applications\n<ul>\n<li>15, 15\/75, 30, 75, 110, 185 cd<\/li>\n<\/ul>\n<\/li>\n<li>Plusieurs param\u00e8tres sonores s\u00e9lectionnables sur le terrain\n<ul>\n<li>Temporel, continu, temps de marche et 20 BPM<\/li>\n<li>Volume \u00e9lev\u00e9 et faible<\/li>\n<\/ul>\n<\/li>\n<li>Les r\u00e9glages de l'appareil sont situ\u00e9s \u00e0 l'arri\u00e8re de l'appareil afin d'\u00e9viter toute manipulation.<\/li>\n<li>Am\u00e9liorez la communication en cas d'urgence avec les mod\u00e8les blancs comportant des \u00e9tiquettes \"Alert\".<\/li>\n<li>Peut \u00eatre synchronis\u00e9 \u00e0 l'aide d'un FACP avec le protocole MGC ou le module de synchronisation MIX-4050.<\/li>\n<li>Montage mural uniquement<\/li>\n<li>Comprend un clip de court-circuitage qui permet aux installateurs de tester le c\u00e2blage avant l'installation du dispositif.<\/li>\n<li>Se monte sur les bo\u00eetes d'encastrement de surface MGC BB-400, les bo\u00eetes de jonction simples, carr\u00e9es de 4 pouces, doubles, octogonales et de 4 pouces.<\/li>\n<li>Toutes les unit\u00e9s comprennent une plaque de montage universelle.<\/li>\n<li>Finition rouge ou blanche<\/li>\n<li>Prend en charge les c\u00e2bles de 12 \u00e0 22 AWG<\/li>\n<li>Pour les applications int\u00e9rieures<\/li>\n<\/ul>\n<h4>Informations sur les commandes :<\/h4>\n<ul>\n<li><strong>FHS-400-RR :<\/strong> Klaxon\/stroboscope mural, rouge<\/li>\n<li><strong>FHS-400-WW : <\/strong>Klaxon\/stroboscope mural, blanc<\/li>\n<li><strong>MRI-4050 :<\/strong> Module de synchronisation<\/li>\n<\/ul>\n<h4>Liste des agences<\/h4>\n<ul>\n<li>UL 1971<\/li>\n<li>UL 1638<\/li>\n<li>UL 464<\/li>\n<li>ULC S525<\/li>\n<li>ULC S526<\/li>\n<li>NFPA 72<\/li>\n<\/ul>\n<h4><img decoding=\"async\" src=\"https:\/\/mircom.com\/wp-content\/uploads\/products\/ul.jpg\" \/> <img decoding=\"async\" src=\"https:\/\/mircom.com\/wp-content\/uploads\/products\/ulc.jpg\" \/><img decoding=\"async\" class=\"alignnone wp-image-12557\" src=\"https:\/\/mircom.com\/wp-content\/uploads\/csfm-1.jpg\" alt=\"\" width=\"128\" height=\"96\" \/><img decoding=\"async\" class=\"size-full wp-image-12553\" src=\"https:\/\/mircom.com\/wp-content\/uploads\/fm.jpg\" alt=\"fm\" width=\"120\" height=\"90\" \/><\/h4>","protected":false},"excerpt":{"rendered":"<p>Les klaxons\/stroboscopes muraux FHS-400 de MGC offrent une solution sonore\/visuelle d'une efficacit\u00e9 \u00e9nerg\u00e9tique exceptionnelle dans un design compact.<\/p>","protected":false},"featured_media":1318,"template":"","meta":{"_acf_changed":false,"om_disable_all_campaigns":false,"_monsterinsights_skip_tracking":false,"_monsterinsights_sitenote_active":false,"_monsterinsights_sitenote_note":"","_monsterinsights_sitenote_category":0,"footnotes":""},"product_brand":[],"product_cat":[74],"product_tag":[],"class_list":{"0":"post-1316","1":"product","2":"type-product","3":"status-publish","4":"has-post-thumbnail","6":"product_cat-400-series","8":"first","9":"instock","10":"downloadable","11":"shipping-taxable","12":"product-type-simple"},"acf":[],"yoast_head":"<!-- This site is optimized with the Yoast SEO plugin v27.5 - https:\/\/yoast.com\/product\/yoast-seo-wordpress\/ -->\n<title>FHS-400 WALL MOUNT LED HORN\/STROBES - Secutron<\/title>\n<meta name=\"description\" content=\"Experience energy efficiency with the FHS-400 wall mount LED horn\/strobes . Customize audible\/visual settings and synchronize effortlessly for safety.\" \/>\n<meta name=\"robots\" content=\"index, follow, max-snippet:-1, max-image-preview:large, max-video-preview:-1\" \/>\n<link rel=\"canonical\" href=\"https:\/\/secutron.com\/fr\/products\/fhs-400-wall-mounted-led-horn-strobes\/\" \/>\n<meta property=\"og:locale\" content=\"fr_CA\" \/>\n<meta property=\"og:type\" content=\"article\" \/>\n<meta property=\"og:title\" content=\"FHS-400 WALL MOUNT LED HORN\/STROBES - Secutron\" \/>\n<meta property=\"og:description\" content=\"Experience energy efficiency with the FHS-400 wall mount LED horn\/strobes . Customize audible\/visual settings and synchronize effortlessly for safety.\" \/>\n<meta property=\"og:url\" content=\"https:\/\/secutron.com\/fr\/products\/fhs-400-wall-mounted-led-horn-strobes\/\" \/>\n<meta property=\"og:site_name\" content=\"Secutron\" \/>\n<meta property=\"article:modified_time\" content=\"2025-02-13T02:08:42+00:00\" \/>\n<meta property=\"og:image\" content=\"https:\/\/secutron.com\/wp-content\/uploads\/FHS-400-image.jpg\" \/>\n\t<meta property=\"og:image:width\" content=\"554\" \/>\n\t<meta property=\"og:image:height\" content=\"488\" \/>\n\t<meta property=\"og:image:type\" content=\"image\/jpeg\" \/>\n<meta name=\"twitter:card\" content=\"summary_large_image\" \/>\n<meta name=\"twitter:label1\" content=\"Estimation du temps de lecture\" \/>\n\t<meta name=\"twitter:data1\" content=\"2 minutes\" \/>\n<script type=\"application\/ld+json\" class=\"yoast-schema-graph\">{\"@context\":\"https:\\\/\\\/schema.org\",\"@graph\":[{\"@type\":\"WebPage\",\"@id\":\"https:\\\/\\\/secutron.com\\\/products\\\/fhs-400-wall-mounted-led-horn-strobes\\\/\",\"url\":\"https:\\\/\\\/secutron.com\\\/products\\\/fhs-400-wall-mounted-led-horn-strobes\\\/\",\"name\":\"FHS-400 WALL MOUNT LED HORN\\\/STROBES - Secutron\",\"isPartOf\":{\"@id\":\"https:\\\/\\\/secutron.com\\\/#website\"},\"primaryImageOfPage\":{\"@id\":\"https:\\\/\\\/secutron.com\\\/products\\\/fhs-400-wall-mounted-led-horn-strobes\\\/#primaryimage\"},\"image\":{\"@id\":\"https:\\\/\\\/secutron.com\\\/products\\\/fhs-400-wall-mounted-led-horn-strobes\\\/#primaryimage\"},\"thumbnailUrl\":\"https:\\\/\\\/secutron.com\\\/wp-content\\\/uploads\\\/FHS-400-image.jpg\",\"datePublished\":\"2020-05-15T17:37:17+00:00\",\"dateModified\":\"2025-02-13T02:08:42+00:00\",\"description\":\"Experience energy efficiency with the FHS-400 wall mount LED horn\\\/strobes . Customize audible\\\/visual settings and synchronize effortlessly for safety.\",\"breadcrumb\":{\"@id\":\"https:\\\/\\\/secutron.com\\\/products\\\/fhs-400-wall-mounted-led-horn-strobes\\\/#breadcrumb\"},\"inLanguage\":\"fr-CA\",\"potentialAction\":[{\"@type\":\"ReadAction\",\"target\":[\"https:\\\/\\\/secutron.com\\\/products\\\/fhs-400-wall-mounted-led-horn-strobes\\\/\"]}]},{\"@type\":\"ImageObject\",\"inLanguage\":\"fr-CA\",\"@id\":\"https:\\\/\\\/secutron.com\\\/products\\\/fhs-400-wall-mounted-led-horn-strobes\\\/#primaryimage\",\"url\":\"https:\\\/\\\/secutron.com\\\/wp-content\\\/uploads\\\/FHS-400-image.jpg\",\"contentUrl\":\"https:\\\/\\\/secutron.com\\\/wp-content\\\/uploads\\\/FHS-400-image.jpg\",\"width\":554,\"height\":488},{\"@type\":\"BreadcrumbList\",\"@id\":\"https:\\\/\\\/secutron.com\\\/products\\\/fhs-400-wall-mounted-led-horn-strobes\\\/#breadcrumb\",\"itemListElement\":[{\"@type\":\"ListItem\",\"position\":1,\"name\":\"Home\",\"item\":\"https:\\\/\\\/secutron.com\\\/\"},{\"@type\":\"ListItem\",\"position\":2,\"name\":\"Shop\",\"item\":\"https:\\\/\\\/secutron.com\\\/shop\\\/\"},{\"@type\":\"ListItem\",\"position\":3,\"name\":\"FHS-400 WALL MOUNT LED HORN\\\/STROBES\"}]},{\"@type\":\"WebSite\",\"@id\":\"https:\\\/\\\/secutron.com\\\/#website\",\"url\":\"https:\\\/\\\/secutron.com\\\/\",\"name\":\"Secutron\",\"description\":\"\",\"potentialAction\":[{\"@type\":\"SearchAction\",\"target\":{\"@type\":\"EntryPoint\",\"urlTemplate\":\"https:\\\/\\\/secutron.com\\\/?s={search_term_string}\"},\"query-input\":{\"@type\":\"PropertyValueSpecification\",\"valueRequired\":true,\"valueName\":\"search_term_string\"}}],\"inLanguage\":\"fr-CA\"}]}<\/script>\n<!-- \/ Yoast SEO plugin. -->","yoast_head_json":{"title":"FHS-400 CORNE\/STROBE LED MURAL - Secutron","description":"Faites l'exp\u00e9rience de l'efficacit\u00e9 \u00e9nerg\u00e9tique avec les klaxons\/stroboscopes LED FHS-400 \u00e0 montage mural. Personnalisez les r\u00e9glages sonores\/visuels et synchronisez-les sans effort pour plus de s\u00e9curit\u00e9.","robots":{"index":"index","follow":"follow","max-snippet":"max-snippet:-1","max-image-preview":"max-image-preview:large","max-video-preview":"max-video-preview:-1"},"canonical":"https:\/\/secutron.com\/fr\/products\/fhs-400-wall-mounted-led-horn-strobes\/","og_locale":"fr_CA","og_type":"article","og_title":"FHS-400 WALL MOUNT LED HORN\/STROBES - Secutron","og_description":"Experience energy efficiency with the FHS-400 wall mount LED horn\/strobes . Customize audible\/visual settings and synchronize effortlessly for safety.","og_url":"https:\/\/secutron.com\/fr\/products\/fhs-400-wall-mounted-led-horn-strobes\/","og_site_name":"Secutron","article_modified_time":"2025-02-13T02:08:42+00:00","og_image":[{"width":554,"height":488,"url":"https:\/\/secutron.com\/wp-content\/uploads\/FHS-400-image.jpg","type":"image\/jpeg"}],"twitter_card":"summary_large_image","twitter_misc":{"Estimation du temps de lecture":"2 minutes"},"schema":{"@context":"https:\/\/schema.org","@graph":[{"@type":"WebPage","@id":"https:\/\/secutron.com\/products\/fhs-400-wall-mounted-led-horn-strobes\/","url":"https:\/\/secutron.com\/products\/fhs-400-wall-mounted-led-horn-strobes\/","name":"FHS-400 CORNE\/STROBE LED MURAL - Secutron","isPartOf":{"@id":"https:\/\/secutron.com\/#website"},"primaryImageOfPage":{"@id":"https:\/\/secutron.com\/products\/fhs-400-wall-mounted-led-horn-strobes\/#primaryimage"},"image":{"@id":"https:\/\/secutron.com\/products\/fhs-400-wall-mounted-led-horn-strobes\/#primaryimage"},"thumbnailUrl":"https:\/\/secutron.com\/wp-content\/uploads\/FHS-400-image.jpg","datePublished":"2020-05-15T17:37:17+00:00","dateModified":"2025-02-13T02:08:42+00:00","description":"Faites l'exp\u00e9rience de l'efficacit\u00e9 \u00e9nerg\u00e9tique avec les klaxons\/stroboscopes LED FHS-400 \u00e0 montage mural. Personnalisez les r\u00e9glages sonores\/visuels et synchronisez-les sans effort pour plus de s\u00e9curit\u00e9.","breadcrumb":{"@id":"https:\/\/secutron.com\/products\/fhs-400-wall-mounted-led-horn-strobes\/#breadcrumb"},"inLanguage":"fr-CA","potentialAction":[{"@type":"ReadAction","target":["https:\/\/secutron.com\/products\/fhs-400-wall-mounted-led-horn-strobes\/"]}]},{"@type":"ImageObject","inLanguage":"fr-CA","@id":"https:\/\/secutron.com\/products\/fhs-400-wall-mounted-led-horn-strobes\/#primaryimage","url":"https:\/\/secutron.com\/wp-content\/uploads\/FHS-400-image.jpg","contentUrl":"https:\/\/secutron.com\/wp-content\/uploads\/FHS-400-image.jpg","width":554,"height":488},{"@type":"BreadcrumbList","@id":"https:\/\/secutron.com\/products\/fhs-400-wall-mounted-led-horn-strobes\/#breadcrumb","itemListElement":[{"@type":"ListItem","position":1,"name":"Home","item":"https:\/\/secutron.com\/"},{"@type":"ListItem","position":2,"name":"Shop","item":"https:\/\/secutron.com\/shop\/"},{"@type":"ListItem","position":3,"name":"FHS-400 WALL MOUNT LED HORN\/STROBES"}]},{"@type":"WebSite","@id":"https:\/\/secutron.com\/#website","url":"https:\/\/secutron.com\/","name":"Secutron","description":"","potentialAction":[{"@type":"SearchAction","target":{"@type":"EntryPoint","urlTemplate":"https:\/\/secutron.com\/?s={search_term_string}"},"query-input":{"@type":"PropertyValueSpecification","valueRequired":true,"valueName":"search_term_string"}}],"inLanguage":"fr-CA"}]}},"_links":{"self":[{"href":"https:\/\/secutron.com\/fr\/wp-json\/wp\/v2\/product\/1316","targetHints":{"allow":["GET"]}}],"collection":[{"href":"https:\/\/secutron.com\/fr\/wp-json\/wp\/v2\/product"}],"about":[{"href":"https:\/\/secutron.com\/fr\/wp-json\/wp\/v2\/types\/product"}],"version-history":[{"count":6,"href":"https:\/\/secutron.com\/fr\/wp-json\/wp\/v2\/product\/1316\/revisions"}],"predecessor-version":[{"id":3893,"href":"https:\/\/secutron.com\/fr\/wp-json\/wp\/v2\/product\/1316\/revisions\/3893"}],"wp:featuredmedia":[{"embeddable":true,"href":"https:\/\/secutron.com\/fr\/wp-json\/wp\/v2\/media\/1318"}],"wp:attachment":[{"href":"https:\/\/secutron.com\/fr\/wp-json\/wp\/v2\/media?parent=1316"}],"wp:term":[{"taxonomy":"product_brand","embeddable":true,"href":"https:\/\/secutron.com\/fr\/wp-json\/wp\/v2\/product_brand?post=1316"},{"taxonomy":"product_cat","embeddable":true,"href":"https:\/\/secutron.com\/fr\/wp-json\/wp\/v2\/product_cat?post=1316"},{"taxonomy":"product_tag","embeddable":true,"href":"https:\/\/secutron.com\/fr\/wp-json\/wp\/v2\/product_tag?post=1316"}],"curies":[{"name":"wp","href":"https:\/\/api.w.org\/{rel}","templated":true}]}}