{"id":1314,"date":"2020-05-15T12:41:21","date_gmt":"2020-05-15T16:41:21","guid":{"rendered":"https:\/\/secutron.com\/?post_type=product&#038;p=1314"},"modified":"2024-07-17T15:40:30","modified_gmt":"2024-07-17T19:40:30","slug":"sd-2-sd-4-series-conventional-photoelectric-smoke-detector","status":"publish","type":"product","link":"https:\/\/secutron.com\/fr\/products\/sd-2-sd-4-series-conventional-photoelectric-smoke-detector\/","title":{"rendered":"S\u00c9RIE SD-2 \/ SD-4 - D\u00c9TECTEURS DE FUM\u00c9E CONVENTIONNELS"},"content":{"rendered":"<p>Les d\u00e9tecteurs de fum\u00e9e de la s\u00e9rie SD peuvent \u00eatre utilis\u00e9s dans les locaux commerciaux, industriels, institutionnels et r\u00e9sidentiels. La conception \u00e9l\u00e9gante et discr\u00e8te des d\u00e9tecteurs met l'accent sur la facilit\u00e9 d'installation et de maintenance sur le terrain.<\/p>\n<p>La s\u00e9rie SD se compose de quatre mod\u00e8les :<\/p>\n<h4>SW-2WP-LED \/ SD-2WT-LED<\/h4>\n<p>Le SD-2WP-LED est un d\u00e9tecteur de fum\u00e9e photo\u00e9lectrique \u00e0 deux fils destin\u00e9 \u00e0 \u00eatre utilis\u00e9 avec des centrales d'alarme incendie compatibles \u00e9lectriquement. Le SD-2WT-LED est un d\u00e9tecteur de fum\u00e9e \u00e0 deux fils qui utilise la technologie photo\u00e9lectrique en conjonction avec un capteur de chaleur \u00e0 temp\u00e9rature fixe pour \u00e9tendre ses capacit\u00e9s de d\u00e9tection. Les SD-2WP-LED et SD-2WT-LED sont disponibles avec une sortie LED \u00e0 distance.<\/p>\n<h4>SD-4WP \/ SD-4WT<\/h4>\n<p>Le SD-4WP est un d\u00e9tecteur de fum\u00e9e photo\u00e9lectrique \u00e0 quatre fils. Le SD-4WT est un d\u00e9tecteur de fum\u00e9e photo\u00e9lectrique \u00e0 quatre fils avec un capteur de chaleur \u00e0 temp\u00e9rature fixe.<\/p>\n<p>Tous les d\u00e9tecteurs de fum\u00e9e de la s\u00e9rie SD sont dot\u00e9s d'un profil bas \u00e9l\u00e9gant et d'une t\u00eate de capteur durable. Utilisant des algorithmes de d\u00e9tection et de discrimination avanc\u00e9s, les d\u00e9tecteurs de fum\u00e9e de la s\u00e9rie SD offrent qualit\u00e9 et fiabilit\u00e9.<\/p>","protected":false},"excerpt":{"rendered":"<p>Les d\u00e9tecteurs de fum\u00e9e photo\u00e9lectriques de la s\u00e9rie SD-2 \/ SD-4 sont con\u00e7us pour r\u00e9pondre aux codes de s\u00e9curit\u00e9 incendie UL stricts et r\u00e9agir efficacement \u00e0 un large \u00e9ventail d'incendies.<\/p>","protected":false},"featured_media":1315,"template":"","meta":{"_acf_changed":false,"om_disable_all_campaigns":false,"_monsterinsights_skip_tracking":false,"_monsterinsights_sitenote_active":false,"_monsterinsights_sitenote_note":"","_monsterinsights_sitenote_category":0,"footnotes":""},"product_brand":[],"product_cat":[73],"product_tag":[],"class_list":{"0":"post-1314","1":"product","2":"type-product","3":"status-publish","4":"has-post-thumbnail","6":"product_cat-smoke-detectors","8":"first","9":"instock","10":"shipping-taxable","11":"product-type-simple"},"acf":[],"yoast_head":"<!-- This site is optimized with the Yoast SEO plugin v27.4 - https:\/\/yoast.com\/product\/yoast-seo-wordpress\/ -->\n<title>SD-2 \/ SD-4 SERIES - CONVENTIONAL SMOKE DETECTORS - Secutron<\/title>\n<meta name=\"description\" content=\"Discover our SD-2 \/ SD-4 Series photoelectric smoke detectors designed to meet UL fire safety codes. Ideal for commercial, industrial, and residential use.\" \/>\n<meta name=\"robots\" content=\"index, follow, max-snippet:-1, max-image-preview:large, max-video-preview:-1\" \/>\n<link rel=\"canonical\" href=\"https:\/\/secutron.com\/fr\/products\/sd-2-sd-4-series-conventional-photoelectric-smoke-detector\/\" \/>\n<meta property=\"og:locale\" content=\"fr_CA\" \/>\n<meta property=\"og:type\" content=\"article\" \/>\n<meta property=\"og:title\" content=\"SD-2 \/ SD-4 SERIES - CONVENTIONAL SMOKE DETECTORS - Secutron\" \/>\n<meta property=\"og:description\" content=\"Discover our SD-2 \/ SD-4 Series photoelectric smoke detectors designed to meet UL fire safety codes. Ideal for commercial, industrial, and residential use.\" \/>\n<meta property=\"og:url\" content=\"https:\/\/secutron.com\/fr\/products\/sd-2-sd-4-series-conventional-photoelectric-smoke-detector\/\" \/>\n<meta property=\"og:site_name\" content=\"Secutron\" \/>\n<meta property=\"article:modified_time\" content=\"2024-07-17T19:40:30+00:00\" \/>\n<meta property=\"og:image\" content=\"https:\/\/secutron.com\/wp-content\/uploads\/products\/SD_Series_Photoelectric_Smoke_Detectors.jpg\" \/>\n\t<meta property=\"og:image:width\" content=\"439\" \/>\n\t<meta property=\"og:image:height\" content=\"532\" \/>\n\t<meta property=\"og:image:type\" content=\"image\/jpeg\" \/>\n<meta name=\"twitter:card\" content=\"summary_large_image\" \/>\n<meta name=\"twitter:label1\" content=\"Estimation du temps de lecture\" \/>\n\t<meta name=\"twitter:data1\" content=\"1 minute\" \/>\n<script type=\"application\/ld+json\" class=\"yoast-schema-graph\">{\"@context\":\"https:\\\/\\\/schema.org\",\"@graph\":[{\"@type\":\"WebPage\",\"@id\":\"https:\\\/\\\/secutron.com\\\/products\\\/sd-2-sd-4-series-conventional-photoelectric-smoke-detector\\\/\",\"url\":\"https:\\\/\\\/secutron.com\\\/products\\\/sd-2-sd-4-series-conventional-photoelectric-smoke-detector\\\/\",\"name\":\"SD-2 \\\/ SD-4 SERIES - CONVENTIONAL SMOKE DETECTORS - Secutron\",\"isPartOf\":{\"@id\":\"https:\\\/\\\/secutron.com\\\/#website\"},\"primaryImageOfPage\":{\"@id\":\"https:\\\/\\\/secutron.com\\\/products\\\/sd-2-sd-4-series-conventional-photoelectric-smoke-detector\\\/#primaryimage\"},\"image\":{\"@id\":\"https:\\\/\\\/secutron.com\\\/products\\\/sd-2-sd-4-series-conventional-photoelectric-smoke-detector\\\/#primaryimage\"},\"thumbnailUrl\":\"https:\\\/\\\/secutron.com\\\/wp-content\\\/uploads\\\/products\\\/SD_Series_Photoelectric_Smoke_Detectors.jpg\",\"datePublished\":\"2020-05-15T16:41:21+00:00\",\"dateModified\":\"2024-07-17T19:40:30+00:00\",\"description\":\"Discover our SD-2 \\\/ SD-4 Series photoelectric smoke detectors designed to meet UL fire safety codes. Ideal for commercial, industrial, and residential use.\",\"breadcrumb\":{\"@id\":\"https:\\\/\\\/secutron.com\\\/products\\\/sd-2-sd-4-series-conventional-photoelectric-smoke-detector\\\/#breadcrumb\"},\"inLanguage\":\"fr-CA\",\"potentialAction\":[{\"@type\":\"ReadAction\",\"target\":[\"https:\\\/\\\/secutron.com\\\/products\\\/sd-2-sd-4-series-conventional-photoelectric-smoke-detector\\\/\"]}]},{\"@type\":\"ImageObject\",\"inLanguage\":\"fr-CA\",\"@id\":\"https:\\\/\\\/secutron.com\\\/products\\\/sd-2-sd-4-series-conventional-photoelectric-smoke-detector\\\/#primaryimage\",\"url\":\"https:\\\/\\\/secutron.com\\\/wp-content\\\/uploads\\\/products\\\/SD_Series_Photoelectric_Smoke_Detectors.jpg\",\"contentUrl\":\"https:\\\/\\\/secutron.com\\\/wp-content\\\/uploads\\\/products\\\/SD_Series_Photoelectric_Smoke_Detectors.jpg\",\"width\":439,\"height\":532},{\"@type\":\"BreadcrumbList\",\"@id\":\"https:\\\/\\\/secutron.com\\\/products\\\/sd-2-sd-4-series-conventional-photoelectric-smoke-detector\\\/#breadcrumb\",\"itemListElement\":[{\"@type\":\"ListItem\",\"position\":1,\"name\":\"Home\",\"item\":\"https:\\\/\\\/secutron.com\\\/\"},{\"@type\":\"ListItem\",\"position\":2,\"name\":\"Shop\",\"item\":\"https:\\\/\\\/secutron.com\\\/shop\\\/\"},{\"@type\":\"ListItem\",\"position\":3,\"name\":\"SD-2 \\\/ SD-4 SERIES &#8211; CONVENTIONAL SMOKE DETECTORS\"}]},{\"@type\":\"WebSite\",\"@id\":\"https:\\\/\\\/secutron.com\\\/#website\",\"url\":\"https:\\\/\\\/secutron.com\\\/\",\"name\":\"Secutron\",\"description\":\"\",\"potentialAction\":[{\"@type\":\"SearchAction\",\"target\":{\"@type\":\"EntryPoint\",\"urlTemplate\":\"https:\\\/\\\/secutron.com\\\/?s={search_term_string}\"},\"query-input\":{\"@type\":\"PropertyValueSpecification\",\"valueRequired\":true,\"valueName\":\"search_term_string\"}}],\"inLanguage\":\"fr-CA\"}]}<\/script>\n<!-- \/ Yoast SEO plugin. -->","yoast_head_json":{"title":"S\u00c9RIE SD-2 \/ SD-4 - D\u00c9TECTEURS DE FUM\u00c9E CONVENTIONNELS - Secutron","description":"D\u00e9couvrez nos d\u00e9tecteurs de fum\u00e9e photo\u00e9lectriques des s\u00e9ries SD-2 \/ SD-4, con\u00e7us pour r\u00e9pondre aux codes de s\u00e9curit\u00e9 incendie UL. Id\u00e9al pour une utilisation commerciale, industrielle et r\u00e9sidentielle.","robots":{"index":"index","follow":"follow","max-snippet":"max-snippet:-1","max-image-preview":"max-image-preview:large","max-video-preview":"max-video-preview:-1"},"canonical":"https:\/\/secutron.com\/fr\/products\/sd-2-sd-4-series-conventional-photoelectric-smoke-detector\/","og_locale":"fr_CA","og_type":"article","og_title":"SD-2 \/ SD-4 SERIES - CONVENTIONAL SMOKE DETECTORS - Secutron","og_description":"Discover our SD-2 \/ SD-4 Series photoelectric smoke detectors designed to meet UL fire safety codes. Ideal for commercial, industrial, and residential use.","og_url":"https:\/\/secutron.com\/fr\/products\/sd-2-sd-4-series-conventional-photoelectric-smoke-detector\/","og_site_name":"Secutron","article_modified_time":"2024-07-17T19:40:30+00:00","og_image":[{"width":439,"height":532,"url":"https:\/\/secutron.com\/wp-content\/uploads\/products\/SD_Series_Photoelectric_Smoke_Detectors.jpg","type":"image\/jpeg"}],"twitter_card":"summary_large_image","twitter_misc":{"Estimation du temps de lecture":"1 minute"},"schema":{"@context":"https:\/\/schema.org","@graph":[{"@type":"WebPage","@id":"https:\/\/secutron.com\/products\/sd-2-sd-4-series-conventional-photoelectric-smoke-detector\/","url":"https:\/\/secutron.com\/products\/sd-2-sd-4-series-conventional-photoelectric-smoke-detector\/","name":"S\u00c9RIE SD-2 \/ SD-4 - D\u00c9TECTEURS DE FUM\u00c9E CONVENTIONNELS - Secutron","isPartOf":{"@id":"https:\/\/secutron.com\/#website"},"primaryImageOfPage":{"@id":"https:\/\/secutron.com\/products\/sd-2-sd-4-series-conventional-photoelectric-smoke-detector\/#primaryimage"},"image":{"@id":"https:\/\/secutron.com\/products\/sd-2-sd-4-series-conventional-photoelectric-smoke-detector\/#primaryimage"},"thumbnailUrl":"https:\/\/secutron.com\/wp-content\/uploads\/products\/SD_Series_Photoelectric_Smoke_Detectors.jpg","datePublished":"2020-05-15T16:41:21+00:00","dateModified":"2024-07-17T19:40:30+00:00","description":"D\u00e9couvrez nos d\u00e9tecteurs de fum\u00e9e photo\u00e9lectriques des s\u00e9ries SD-2 \/ SD-4, con\u00e7us pour r\u00e9pondre aux codes de s\u00e9curit\u00e9 incendie UL. Id\u00e9al pour une utilisation commerciale, industrielle et r\u00e9sidentielle.","breadcrumb":{"@id":"https:\/\/secutron.com\/products\/sd-2-sd-4-series-conventional-photoelectric-smoke-detector\/#breadcrumb"},"inLanguage":"fr-CA","potentialAction":[{"@type":"ReadAction","target":["https:\/\/secutron.com\/products\/sd-2-sd-4-series-conventional-photoelectric-smoke-detector\/"]}]},{"@type":"ImageObject","inLanguage":"fr-CA","@id":"https:\/\/secutron.com\/products\/sd-2-sd-4-series-conventional-photoelectric-smoke-detector\/#primaryimage","url":"https:\/\/secutron.com\/wp-content\/uploads\/products\/SD_Series_Photoelectric_Smoke_Detectors.jpg","contentUrl":"https:\/\/secutron.com\/wp-content\/uploads\/products\/SD_Series_Photoelectric_Smoke_Detectors.jpg","width":439,"height":532},{"@type":"BreadcrumbList","@id":"https:\/\/secutron.com\/products\/sd-2-sd-4-series-conventional-photoelectric-smoke-detector\/#breadcrumb","itemListElement":[{"@type":"ListItem","position":1,"name":"Home","item":"https:\/\/secutron.com\/"},{"@type":"ListItem","position":2,"name":"Shop","item":"https:\/\/secutron.com\/shop\/"},{"@type":"ListItem","position":3,"name":"SD-2 \/ SD-4 SERIES &#8211; CONVENTIONAL SMOKE DETECTORS"}]},{"@type":"WebSite","@id":"https:\/\/secutron.com\/#website","url":"https:\/\/secutron.com\/","name":"Secutron","description":"","potentialAction":[{"@type":"SearchAction","target":{"@type":"EntryPoint","urlTemplate":"https:\/\/secutron.com\/?s={search_term_string}"},"query-input":{"@type":"PropertyValueSpecification","valueRequired":true,"valueName":"search_term_string"}}],"inLanguage":"fr-CA"}]}},"_links":{"self":[{"href":"https:\/\/secutron.com\/fr\/wp-json\/wp\/v2\/product\/1314","targetHints":{"allow":["GET"]}}],"collection":[{"href":"https:\/\/secutron.com\/fr\/wp-json\/wp\/v2\/product"}],"about":[{"href":"https:\/\/secutron.com\/fr\/wp-json\/wp\/v2\/types\/product"}],"version-history":[{"count":1,"href":"https:\/\/secutron.com\/fr\/wp-json\/wp\/v2\/product\/1314\/revisions"}],"predecessor-version":[{"id":3504,"href":"https:\/\/secutron.com\/fr\/wp-json\/wp\/v2\/product\/1314\/revisions\/3504"}],"wp:featuredmedia":[{"embeddable":true,"href":"https:\/\/secutron.com\/fr\/wp-json\/wp\/v2\/media\/1315"}],"wp:attachment":[{"href":"https:\/\/secutron.com\/fr\/wp-json\/wp\/v2\/media?parent=1314"}],"wp:term":[{"taxonomy":"product_brand","embeddable":true,"href":"https:\/\/secutron.com\/fr\/wp-json\/wp\/v2\/product_brand?post=1314"},{"taxonomy":"product_cat","embeddable":true,"href":"https:\/\/secutron.com\/fr\/wp-json\/wp\/v2\/product_cat?post=1314"},{"taxonomy":"product_tag","embeddable":true,"href":"https:\/\/secutron.com\/fr\/wp-json\/wp\/v2\/product_tag?post=1314"}],"curies":[{"name":"wp","href":"https:\/\/api.w.org\/{rel}","templated":true}]}}