{"id":1304,"date":"2020-05-12T21:08:07","date_gmt":"2020-05-13T01:08:07","guid":{"rendered":"https:\/\/secutron.com\/?post_type=product&#038;p=1304"},"modified":"2024-07-17T15:43:21","modified_gmt":"2024-07-17T19:43:21","slug":"raxn-lcd-network-remote-annunciator","status":"publish","type":"product","link":"https:\/\/secutron.com\/fr\/products\/raxn-lcd-network-remote-annunciator\/","title":{"rendered":"RAXN-LCD - ANNONCIATEUR \u00c0 DISTANCE DU R\u00c9SEAU"},"content":{"rendered":"<p>L'annonciateur \u00e0 distance RAXN-LCD fournit une r\u00e9plique de l'affichage principal du panneau d'alarme incendie sur un site distant. Il est \u00e9quip\u00e9 d'un grand \u00e9cran LCD alphanum\u00e9rique r\u00e9tro\u00e9clair\u00e9 de 4 lignes x 20 caract\u00e8res qui utilise un syst\u00e8me de menu simple avec un clavier directionnel et des interrupteurs pour Enter (entrer), Menu (menu), Cancel (annuler) et Info (informations).<\/p>\n<p>L'affichage s'\u00e9tend jusqu'\u00e0 un total de 41 cadres compos\u00e9s de modules d'addition d'affichage et jusqu'\u00e0 7 RAXN-LCD par n\u0153ud, voir la figure ci-dessous. Le RAXN-LCD peut \u00eatre mont\u00e9 dans les bo\u00eetes d'encastrement de la s\u00e9rie MMX-BB-1000, les bo\u00eetiers BB-5008, BB-5014, MMX-BBX-FXMNS et MMX-LOC.<\/p>\n<p>Tout voir <a href=\"https:\/\/secutron.com\/product-category\/remote-annunciators\/\">Annonciateurs\u00a0<\/a><\/p>","protected":false},"excerpt":{"rendered":"<p>L'annonciateur \u00e0 distance du r\u00e9seau RAXN-LCD fournit une r\u00e9plique de l'affichage principal du panneau d'alarme incendie \u00e0 un emplacement distant.<\/p>","protected":false},"featured_media":1293,"template":"","meta":{"_acf_changed":false,"om_disable_all_campaigns":false,"_monsterinsights_skip_tracking":false,"_monsterinsights_sitenote_active":false,"_monsterinsights_sitenote_note":"","_monsterinsights_sitenote_category":0,"footnotes":""},"product_brand":[],"product_cat":[45],"product_tag":[],"class_list":{"0":"post-1304","1":"product","2":"type-product","3":"status-publish","4":"has-post-thumbnail","6":"product_cat-remote-annunciators","8":"first","9":"instock","10":"shipping-taxable","11":"product-type-simple"},"acf":[],"yoast_head":"<!-- This site is optimized with the Yoast SEO plugin v27.5 - https:\/\/yoast.com\/product\/yoast-seo-wordpress\/ -->\n<title>RAXN-LCD - NETWORK REMOTE ANNUNCIATOR - Secutron<\/title>\n<meta name=\"description\" content=\"Enhance your fire alarm system with RAXN-LCD Network Remote Annunciator, featuring a 4-line x 20-character backlit LCD display and easy navigation controls.\" \/>\n<meta name=\"robots\" content=\"index, follow, max-snippet:-1, max-image-preview:large, max-video-preview:-1\" \/>\n<link rel=\"canonical\" href=\"https:\/\/secutron.com\/fr\/products\/raxn-lcd-network-remote-annunciator\/\" \/>\n<meta property=\"og:locale\" content=\"fr_CA\" \/>\n<meta property=\"og:type\" content=\"article\" \/>\n<meta property=\"og:title\" content=\"RAXN-LCD - NETWORK REMOTE ANNUNCIATOR - Secutron\" \/>\n<meta property=\"og:description\" content=\"Enhance your fire alarm system with RAXN-LCD Network Remote Annunciator, featuring a 4-line x 20-character backlit LCD display and easy navigation controls.\" \/>\n<meta property=\"og:url\" content=\"https:\/\/secutron.com\/fr\/products\/raxn-lcd-network-remote-annunciator\/\" \/>\n<meta property=\"og:site_name\" content=\"Secutron\" \/>\n<meta property=\"article:modified_time\" content=\"2024-07-17T19:43:21+00:00\" \/>\n<meta property=\"og:image\" content=\"https:\/\/secutron.com\/wp-content\/uploads\/products\/RAX-LCD.png\" \/>\n\t<meta property=\"og:image:width\" content=\"1414\" \/>\n\t<meta property=\"og:image:height\" content=\"1414\" \/>\n\t<meta property=\"og:image:type\" content=\"image\/png\" \/>\n<meta name=\"twitter:card\" content=\"summary_large_image\" \/>\n<meta name=\"twitter:label1\" content=\"Estimation du temps de lecture\" \/>\n\t<meta name=\"twitter:data1\" content=\"1 minute\" \/>\n<script type=\"application\/ld+json\" class=\"yoast-schema-graph\">{\"@context\":\"https:\\\/\\\/schema.org\",\"@graph\":[{\"@type\":\"WebPage\",\"@id\":\"https:\\\/\\\/secutron.com\\\/products\\\/raxn-lcd-network-remote-annunciator\\\/\",\"url\":\"https:\\\/\\\/secutron.com\\\/products\\\/raxn-lcd-network-remote-annunciator\\\/\",\"name\":\"RAXN-LCD - NETWORK REMOTE ANNUNCIATOR - Secutron\",\"isPartOf\":{\"@id\":\"https:\\\/\\\/secutron.com\\\/#website\"},\"primaryImageOfPage\":{\"@id\":\"https:\\\/\\\/secutron.com\\\/products\\\/raxn-lcd-network-remote-annunciator\\\/#primaryimage\"},\"image\":{\"@id\":\"https:\\\/\\\/secutron.com\\\/products\\\/raxn-lcd-network-remote-annunciator\\\/#primaryimage\"},\"thumbnailUrl\":\"https:\\\/\\\/secutron.com\\\/wp-content\\\/uploads\\\/products\\\/RAX-LCD.png\",\"datePublished\":\"2020-05-13T01:08:07+00:00\",\"dateModified\":\"2024-07-17T19:43:21+00:00\",\"description\":\"Enhance your fire alarm system with RAXN-LCD Network Remote Annunciator, featuring a 4-line x 20-character backlit LCD display and easy navigation controls.\",\"breadcrumb\":{\"@id\":\"https:\\\/\\\/secutron.com\\\/products\\\/raxn-lcd-network-remote-annunciator\\\/#breadcrumb\"},\"inLanguage\":\"fr-CA\",\"potentialAction\":[{\"@type\":\"ReadAction\",\"target\":[\"https:\\\/\\\/secutron.com\\\/products\\\/raxn-lcd-network-remote-annunciator\\\/\"]}]},{\"@type\":\"ImageObject\",\"inLanguage\":\"fr-CA\",\"@id\":\"https:\\\/\\\/secutron.com\\\/products\\\/raxn-lcd-network-remote-annunciator\\\/#primaryimage\",\"url\":\"https:\\\/\\\/secutron.com\\\/wp-content\\\/uploads\\\/products\\\/RAX-LCD.png\",\"contentUrl\":\"https:\\\/\\\/secutron.com\\\/wp-content\\\/uploads\\\/products\\\/RAX-LCD.png\",\"width\":1414,\"height\":1414,\"caption\":\"RAX-LCD Remote Shared Display\"},{\"@type\":\"BreadcrumbList\",\"@id\":\"https:\\\/\\\/secutron.com\\\/products\\\/raxn-lcd-network-remote-annunciator\\\/#breadcrumb\",\"itemListElement\":[{\"@type\":\"ListItem\",\"position\":1,\"name\":\"Home\",\"item\":\"https:\\\/\\\/secutron.com\\\/\"},{\"@type\":\"ListItem\",\"position\":2,\"name\":\"Shop\",\"item\":\"https:\\\/\\\/secutron.com\\\/shop\\\/\"},{\"@type\":\"ListItem\",\"position\":3,\"name\":\"RAXN-LCD &#8211; NETWORK REMOTE ANNUNCIATOR\"}]},{\"@type\":\"WebSite\",\"@id\":\"https:\\\/\\\/secutron.com\\\/#website\",\"url\":\"https:\\\/\\\/secutron.com\\\/\",\"name\":\"Secutron\",\"description\":\"\",\"potentialAction\":[{\"@type\":\"SearchAction\",\"target\":{\"@type\":\"EntryPoint\",\"urlTemplate\":\"https:\\\/\\\/secutron.com\\\/?s={search_term_string}\"},\"query-input\":{\"@type\":\"PropertyValueSpecification\",\"valueRequired\":true,\"valueName\":\"search_term_string\"}}],\"inLanguage\":\"fr-CA\"}]}<\/script>\n<!-- \/ Yoast SEO plugin. -->","yoast_head_json":{"title":"RAXN-LCD - ANNONCEUR \u00c0 DISTANCE R\u00c9SEAU - Secutron","description":"Am\u00e9liorez votre syst\u00e8me d'alarme incendie avec l'annonciateur \u00e0 distance RAXN-LCD Network, dot\u00e9 d'un \u00e9cran LCD r\u00e9tro\u00e9clair\u00e9 de 4 lignes x 20 caract\u00e8res et de commandes de navigation faciles \u00e0 utiliser.","robots":{"index":"index","follow":"follow","max-snippet":"max-snippet:-1","max-image-preview":"max-image-preview:large","max-video-preview":"max-video-preview:-1"},"canonical":"https:\/\/secutron.com\/fr\/products\/raxn-lcd-network-remote-annunciator\/","og_locale":"fr_CA","og_type":"article","og_title":"RAXN-LCD - NETWORK REMOTE ANNUNCIATOR - Secutron","og_description":"Enhance your fire alarm system with RAXN-LCD Network Remote Annunciator, featuring a 4-line x 20-character backlit LCD display and easy navigation controls.","og_url":"https:\/\/secutron.com\/fr\/products\/raxn-lcd-network-remote-annunciator\/","og_site_name":"Secutron","article_modified_time":"2024-07-17T19:43:21+00:00","og_image":[{"width":1414,"height":1414,"url":"https:\/\/secutron.com\/wp-content\/uploads\/products\/RAX-LCD.png","type":"image\/png"}],"twitter_card":"summary_large_image","twitter_misc":{"Estimation du temps de lecture":"1 minute"},"schema":{"@context":"https:\/\/schema.org","@graph":[{"@type":"WebPage","@id":"https:\/\/secutron.com\/products\/raxn-lcd-network-remote-annunciator\/","url":"https:\/\/secutron.com\/products\/raxn-lcd-network-remote-annunciator\/","name":"RAXN-LCD - ANNONCEUR \u00c0 DISTANCE R\u00c9SEAU - Secutron","isPartOf":{"@id":"https:\/\/secutron.com\/#website"},"primaryImageOfPage":{"@id":"https:\/\/secutron.com\/products\/raxn-lcd-network-remote-annunciator\/#primaryimage"},"image":{"@id":"https:\/\/secutron.com\/products\/raxn-lcd-network-remote-annunciator\/#primaryimage"},"thumbnailUrl":"https:\/\/secutron.com\/wp-content\/uploads\/products\/RAX-LCD.png","datePublished":"2020-05-13T01:08:07+00:00","dateModified":"2024-07-17T19:43:21+00:00","description":"Am\u00e9liorez votre syst\u00e8me d'alarme incendie avec l'annonciateur \u00e0 distance RAXN-LCD Network, dot\u00e9 d'un \u00e9cran LCD r\u00e9tro\u00e9clair\u00e9 de 4 lignes x 20 caract\u00e8res et de commandes de navigation faciles \u00e0 utiliser.","breadcrumb":{"@id":"https:\/\/secutron.com\/products\/raxn-lcd-network-remote-annunciator\/#breadcrumb"},"inLanguage":"fr-CA","potentialAction":[{"@type":"ReadAction","target":["https:\/\/secutron.com\/products\/raxn-lcd-network-remote-annunciator\/"]}]},{"@type":"ImageObject","inLanguage":"fr-CA","@id":"https:\/\/secutron.com\/products\/raxn-lcd-network-remote-annunciator\/#primaryimage","url":"https:\/\/secutron.com\/wp-content\/uploads\/products\/RAX-LCD.png","contentUrl":"https:\/\/secutron.com\/wp-content\/uploads\/products\/RAX-LCD.png","width":1414,"height":1414,"caption":"RAX-LCD Remote Shared Display"},{"@type":"BreadcrumbList","@id":"https:\/\/secutron.com\/products\/raxn-lcd-network-remote-annunciator\/#breadcrumb","itemListElement":[{"@type":"ListItem","position":1,"name":"Home","item":"https:\/\/secutron.com\/"},{"@type":"ListItem","position":2,"name":"Shop","item":"https:\/\/secutron.com\/shop\/"},{"@type":"ListItem","position":3,"name":"RAXN-LCD &#8211; NETWORK REMOTE ANNUNCIATOR"}]},{"@type":"WebSite","@id":"https:\/\/secutron.com\/#website","url":"https:\/\/secutron.com\/","name":"Secutron","description":"","potentialAction":[{"@type":"SearchAction","target":{"@type":"EntryPoint","urlTemplate":"https:\/\/secutron.com\/?s={search_term_string}"},"query-input":{"@type":"PropertyValueSpecification","valueRequired":true,"valueName":"search_term_string"}}],"inLanguage":"fr-CA"}]}},"_links":{"self":[{"href":"https:\/\/secutron.com\/fr\/wp-json\/wp\/v2\/product\/1304","targetHints":{"allow":["GET"]}}],"collection":[{"href":"https:\/\/secutron.com\/fr\/wp-json\/wp\/v2\/product"}],"about":[{"href":"https:\/\/secutron.com\/fr\/wp-json\/wp\/v2\/types\/product"}],"version-history":[{"count":3,"href":"https:\/\/secutron.com\/fr\/wp-json\/wp\/v2\/product\/1304\/revisions"}],"predecessor-version":[{"id":3506,"href":"https:\/\/secutron.com\/fr\/wp-json\/wp\/v2\/product\/1304\/revisions\/3506"}],"wp:featuredmedia":[{"embeddable":true,"href":"https:\/\/secutron.com\/fr\/wp-json\/wp\/v2\/media\/1293"}],"wp:attachment":[{"href":"https:\/\/secutron.com\/fr\/wp-json\/wp\/v2\/media?parent=1304"}],"wp:term":[{"taxonomy":"product_brand","embeddable":true,"href":"https:\/\/secutron.com\/fr\/wp-json\/wp\/v2\/product_brand?post=1304"},{"taxonomy":"product_cat","embeddable":true,"href":"https:\/\/secutron.com\/fr\/wp-json\/wp\/v2\/product_cat?post=1304"},{"taxonomy":"product_tag","embeddable":true,"href":"https:\/\/secutron.com\/fr\/wp-json\/wp\/v2\/product_tag?post=1304"}],"curies":[{"name":"wp","href":"https:\/\/api.w.org\/{rel}","templated":true}]}}