{"id":1294,"date":"2020-05-12T20:28:18","date_gmt":"2020-05-13T00:28:18","guid":{"rendered":"https:\/\/secutron.com\/?post_type=product&#038;p=1294"},"modified":"2024-07-17T16:28:26","modified_gmt":"2024-07-17T20:28:26","slug":"raxn-lcdg-remote-network-annunciator","status":"publish","type":"product","link":"https:\/\/secutron.com\/fr\/products\/raxn-lcdg-remote-network-annunciator\/","title":{"rendered":"RAXN-LCDG ANNONCIATEUR DE R\u00c9SEAU \u00c0 DISTANCE"},"content":{"rendered":"<p>L'annonciateur de r\u00e9seau \u00e0 distance RAXN-LCDG dispose d'un \u00e9cran graphique LCD r\u00e9tro-\u00e9clair\u00e9 de 24 lignes et 40 caract\u00e8res qui affiche 9 \u00e9v\u00e9nements par page et plus de 2 lignes avec 40 caract\u00e8res.<br \/>\ncaract\u00e8res par ligne, ce qui permet d'afficher des informations d'urgence dans un format facile \u00e0 lire. En outre, le RAXN-LCDG est un afficheur multilingue, compatible avec l'anglais, le fran\u00e7ais, l'arabe et l'h\u00e9breu.<\/p>\n<p>L'annonciateur de r\u00e9seau \u00e0 distance RAXN-LCDG occupe une position d'affichage dans les bo\u00eetiers BB-1000 ou BB-5000.<\/p>\n<p>Pour des informations techniques compl\u00e8tes et pr\u00e9cises concernant les performances, l'installation, les essais et la certification, se r\u00e9f\u00e9rer \u00e0 la documentation technique.<\/p>\n<p>&nbsp;<\/p>\n<p>Tout voir <a href=\"https:\/\/secutron.com\/product-category\/remote-annunciators\/\">Annonciateurs\u00a0<\/a><\/p>","protected":false},"excerpt":{"rendered":"<p>L'annonciateur graphique de r\u00e9seau \u00e0 distance RAXN-LCDG est \u00e9quip\u00e9 d'un \u00e9cran graphique LCD r\u00e9tro-\u00e9clair\u00e9 de 24 lignes x 40 caract\u00e8res qui permet d'afficher 9 \u00e9v\u00e9nements par page.<\/p>","protected":false},"featured_media":1295,"template":"","meta":{"_acf_changed":false,"om_disable_all_campaigns":false,"_monsterinsights_skip_tracking":false,"_monsterinsights_sitenote_active":false,"_monsterinsights_sitenote_note":"","_monsterinsights_sitenote_category":0,"footnotes":""},"product_brand":[],"product_cat":[45],"product_tag":[],"class_list":{"0":"post-1294","1":"product","2":"type-product","3":"status-publish","4":"has-post-thumbnail","6":"product_cat-remote-annunciators","8":"first","9":"instock","10":"shipping-taxable","11":"product-type-simple"},"acf":[],"yoast_head":"<!-- This site is optimized with the Yoast SEO plugin v27.5 - https:\/\/yoast.com\/product\/yoast-seo-wordpress\/ -->\n<title>RAXN-LCDG REMOTE NETWORK ANNUNCIATOR - Secutron<\/title>\n<meta name=\"description\" content=\"Improve readability and response time with the RAXN-LCDG Remote Network Annunciator&#039;s 24 line x 40 character back-lit graphical LCD display.\" \/>\n<meta name=\"robots\" content=\"index, follow, max-snippet:-1, max-image-preview:large, max-video-preview:-1\" \/>\n<link rel=\"canonical\" href=\"https:\/\/secutron.com\/fr\/products\/raxn-lcdg-remote-network-annunciator\/\" \/>\n<meta property=\"og:locale\" content=\"fr_CA\" \/>\n<meta property=\"og:type\" content=\"article\" \/>\n<meta property=\"og:title\" content=\"RAXN-LCDG REMOTE NETWORK ANNUNCIATOR - Secutron\" \/>\n<meta property=\"og:description\" content=\"Improve readability and response time with the RAXN-LCDG Remote Network Annunciator&#039;s 24 line x 40 character back-lit graphical LCD display.\" \/>\n<meta property=\"og:url\" content=\"https:\/\/secutron.com\/fr\/products\/raxn-lcdg-remote-network-annunciator\/\" \/>\n<meta property=\"og:site_name\" content=\"Secutron\" \/>\n<meta property=\"article:modified_time\" content=\"2024-07-17T20:28:26+00:00\" \/>\n<meta property=\"og:image\" content=\"https:\/\/secutron.com\/wp-content\/uploads\/products\/RAXN-LCDG_SMALL.png\" \/>\n\t<meta property=\"og:image:width\" content=\"483\" \/>\n\t<meta property=\"og:image:height\" content=\"483\" \/>\n\t<meta property=\"og:image:type\" content=\"image\/png\" \/>\n<meta name=\"twitter:card\" content=\"summary_large_image\" \/>\n<meta name=\"twitter:label1\" content=\"Estimation du temps de lecture\" \/>\n\t<meta name=\"twitter:data1\" content=\"1 minute\" \/>\n<script type=\"application\/ld+json\" class=\"yoast-schema-graph\">{\"@context\":\"https:\\\/\\\/schema.org\",\"@graph\":[{\"@type\":\"WebPage\",\"@id\":\"https:\\\/\\\/secutron.com\\\/products\\\/raxn-lcdg-remote-network-annunciator\\\/\",\"url\":\"https:\\\/\\\/secutron.com\\\/products\\\/raxn-lcdg-remote-network-annunciator\\\/\",\"name\":\"RAXN-LCDG REMOTE NETWORK ANNUNCIATOR - Secutron\",\"isPartOf\":{\"@id\":\"https:\\\/\\\/secutron.com\\\/#website\"},\"primaryImageOfPage\":{\"@id\":\"https:\\\/\\\/secutron.com\\\/products\\\/raxn-lcdg-remote-network-annunciator\\\/#primaryimage\"},\"image\":{\"@id\":\"https:\\\/\\\/secutron.com\\\/products\\\/raxn-lcdg-remote-network-annunciator\\\/#primaryimage\"},\"thumbnailUrl\":\"https:\\\/\\\/secutron.com\\\/wp-content\\\/uploads\\\/products\\\/RAXN-LCDG_SMALL.png\",\"datePublished\":\"2020-05-13T00:28:18+00:00\",\"dateModified\":\"2024-07-17T20:28:26+00:00\",\"description\":\"Improve readability and response time with the RAXN-LCDG Remote Network Annunciator's 24 line x 40 character back-lit graphical LCD display.\",\"breadcrumb\":{\"@id\":\"https:\\\/\\\/secutron.com\\\/products\\\/raxn-lcdg-remote-network-annunciator\\\/#breadcrumb\"},\"inLanguage\":\"fr-CA\",\"potentialAction\":[{\"@type\":\"ReadAction\",\"target\":[\"https:\\\/\\\/secutron.com\\\/products\\\/raxn-lcdg-remote-network-annunciator\\\/\"]}]},{\"@type\":\"ImageObject\",\"inLanguage\":\"fr-CA\",\"@id\":\"https:\\\/\\\/secutron.com\\\/products\\\/raxn-lcdg-remote-network-annunciator\\\/#primaryimage\",\"url\":\"https:\\\/\\\/secutron.com\\\/wp-content\\\/uploads\\\/products\\\/RAXN-LCDG_SMALL.png\",\"contentUrl\":\"https:\\\/\\\/secutron.com\\\/wp-content\\\/uploads\\\/products\\\/RAXN-LCDG_SMALL.png\",\"width\":483,\"height\":483},{\"@type\":\"BreadcrumbList\",\"@id\":\"https:\\\/\\\/secutron.com\\\/products\\\/raxn-lcdg-remote-network-annunciator\\\/#breadcrumb\",\"itemListElement\":[{\"@type\":\"ListItem\",\"position\":1,\"name\":\"Home\",\"item\":\"https:\\\/\\\/secutron.com\\\/\"},{\"@type\":\"ListItem\",\"position\":2,\"name\":\"Shop\",\"item\":\"https:\\\/\\\/secutron.com\\\/shop\\\/\"},{\"@type\":\"ListItem\",\"position\":3,\"name\":\"RAXN-LCDG REMOTE NETWORK ANNUNCIATOR\"}]},{\"@type\":\"WebSite\",\"@id\":\"https:\\\/\\\/secutron.com\\\/#website\",\"url\":\"https:\\\/\\\/secutron.com\\\/\",\"name\":\"Secutron\",\"description\":\"\",\"potentialAction\":[{\"@type\":\"SearchAction\",\"target\":{\"@type\":\"EntryPoint\",\"urlTemplate\":\"https:\\\/\\\/secutron.com\\\/?s={search_term_string}\"},\"query-input\":{\"@type\":\"PropertyValueSpecification\",\"valueRequired\":true,\"valueName\":\"search_term_string\"}}],\"inLanguage\":\"fr-CA\"}]}<\/script>\n<!-- \/ Yoast SEO plugin. -->","yoast_head_json":{"title":"ANNONCEUR DE R\u00c9SEAU \u00c0 DISTANCE RAXN-LCDG - Secutron","description":"Am\u00e9liorez la lisibilit\u00e9 et le temps de r\u00e9ponse gr\u00e2ce \u00e0 l'\u00e9cran graphique LCD r\u00e9tro\u00e9clair\u00e9 de 24 lignes x 40 caract\u00e8res de l'annonciateur de r\u00e9seau \u00e0 distance RAXN-LCDG.","robots":{"index":"index","follow":"follow","max-snippet":"max-snippet:-1","max-image-preview":"max-image-preview:large","max-video-preview":"max-video-preview:-1"},"canonical":"https:\/\/secutron.com\/fr\/products\/raxn-lcdg-remote-network-annunciator\/","og_locale":"fr_CA","og_type":"article","og_title":"RAXN-LCDG REMOTE NETWORK ANNUNCIATOR - Secutron","og_description":"Improve readability and response time with the RAXN-LCDG Remote Network Annunciator's 24 line x 40 character back-lit graphical LCD display.","og_url":"https:\/\/secutron.com\/fr\/products\/raxn-lcdg-remote-network-annunciator\/","og_site_name":"Secutron","article_modified_time":"2024-07-17T20:28:26+00:00","og_image":[{"width":483,"height":483,"url":"https:\/\/secutron.com\/wp-content\/uploads\/products\/RAXN-LCDG_SMALL.png","type":"image\/png"}],"twitter_card":"summary_large_image","twitter_misc":{"Estimation du temps de lecture":"1 minute"},"schema":{"@context":"https:\/\/schema.org","@graph":[{"@type":"WebPage","@id":"https:\/\/secutron.com\/products\/raxn-lcdg-remote-network-annunciator\/","url":"https:\/\/secutron.com\/products\/raxn-lcdg-remote-network-annunciator\/","name":"ANNONCEUR DE R\u00c9SEAU \u00c0 DISTANCE RAXN-LCDG - Secutron","isPartOf":{"@id":"https:\/\/secutron.com\/#website"},"primaryImageOfPage":{"@id":"https:\/\/secutron.com\/products\/raxn-lcdg-remote-network-annunciator\/#primaryimage"},"image":{"@id":"https:\/\/secutron.com\/products\/raxn-lcdg-remote-network-annunciator\/#primaryimage"},"thumbnailUrl":"https:\/\/secutron.com\/wp-content\/uploads\/products\/RAXN-LCDG_SMALL.png","datePublished":"2020-05-13T00:28:18+00:00","dateModified":"2024-07-17T20:28:26+00:00","description":"Am\u00e9liorez la lisibilit\u00e9 et le temps de r\u00e9ponse gr\u00e2ce \u00e0 l'\u00e9cran graphique LCD r\u00e9tro\u00e9clair\u00e9 de 24 lignes x 40 caract\u00e8res de l'annonciateur de r\u00e9seau \u00e0 distance RAXN-LCDG.","breadcrumb":{"@id":"https:\/\/secutron.com\/products\/raxn-lcdg-remote-network-annunciator\/#breadcrumb"},"inLanguage":"fr-CA","potentialAction":[{"@type":"ReadAction","target":["https:\/\/secutron.com\/products\/raxn-lcdg-remote-network-annunciator\/"]}]},{"@type":"ImageObject","inLanguage":"fr-CA","@id":"https:\/\/secutron.com\/products\/raxn-lcdg-remote-network-annunciator\/#primaryimage","url":"https:\/\/secutron.com\/wp-content\/uploads\/products\/RAXN-LCDG_SMALL.png","contentUrl":"https:\/\/secutron.com\/wp-content\/uploads\/products\/RAXN-LCDG_SMALL.png","width":483,"height":483},{"@type":"BreadcrumbList","@id":"https:\/\/secutron.com\/products\/raxn-lcdg-remote-network-annunciator\/#breadcrumb","itemListElement":[{"@type":"ListItem","position":1,"name":"Home","item":"https:\/\/secutron.com\/"},{"@type":"ListItem","position":2,"name":"Shop","item":"https:\/\/secutron.com\/shop\/"},{"@type":"ListItem","position":3,"name":"RAXN-LCDG REMOTE NETWORK ANNUNCIATOR"}]},{"@type":"WebSite","@id":"https:\/\/secutron.com\/#website","url":"https:\/\/secutron.com\/","name":"Secutron","description":"","potentialAction":[{"@type":"SearchAction","target":{"@type":"EntryPoint","urlTemplate":"https:\/\/secutron.com\/?s={search_term_string}"},"query-input":{"@type":"PropertyValueSpecification","valueRequired":true,"valueName":"search_term_string"}}],"inLanguage":"fr-CA"}]}},"_links":{"self":[{"href":"https:\/\/secutron.com\/fr\/wp-json\/wp\/v2\/product\/1294","targetHints":{"allow":["GET"]}}],"collection":[{"href":"https:\/\/secutron.com\/fr\/wp-json\/wp\/v2\/product"}],"about":[{"href":"https:\/\/secutron.com\/fr\/wp-json\/wp\/v2\/types\/product"}],"version-history":[{"count":1,"href":"https:\/\/secutron.com\/fr\/wp-json\/wp\/v2\/product\/1294\/revisions"}],"predecessor-version":[{"id":3512,"href":"https:\/\/secutron.com\/fr\/wp-json\/wp\/v2\/product\/1294\/revisions\/3512"}],"wp:featuredmedia":[{"embeddable":true,"href":"https:\/\/secutron.com\/fr\/wp-json\/wp\/v2\/media\/1295"}],"wp:attachment":[{"href":"https:\/\/secutron.com\/fr\/wp-json\/wp\/v2\/media?parent=1294"}],"wp:term":[{"taxonomy":"product_brand","embeddable":true,"href":"https:\/\/secutron.com\/fr\/wp-json\/wp\/v2\/product_brand?post=1294"},{"taxonomy":"product_cat","embeddable":true,"href":"https:\/\/secutron.com\/fr\/wp-json\/wp\/v2\/product_cat?post=1294"},{"taxonomy":"product_tag","embeddable":true,"href":"https:\/\/secutron.com\/fr\/wp-json\/wp\/v2\/product_tag?post=1294"}],"curies":[{"name":"wp","href":"https:\/\/api.w.org\/{rel}","templated":true}]}}